{"id":15957,"date":"2023-07-02T07:57:13","date_gmt":"2023-07-02T07:57:13","guid":{"rendered":"https:\/\/tajkertesz.com\/?post_type=product&#038;p=15957"},"modified":"2024-07-16T14:35:12","modified_gmt":"2024-07-16T14:35:12","slug":"coffea-arabica-kavecserje","status":"publish","type":"product","link":"https:\/\/tajkertesz.com\/en_US\/product\/coffea-arabica-kavecserje\/","title":{"rendered":"Coffea arabica &#8211; K\u00e1v\u00e9cserje"},"content":{"rendered":"<p>A k\u00e1v\u00e9cserje, latinul Coffea arabica egy szubtr\u00f3pusi ter\u00fcleteken \u0151shonos n\u00f6v\u00e9ny,<\/p>\n<p>amelyet manaps\u00e1g gyakran tartanak mutat\u00f3s szoban\u00f6v\u00e9nyk\u00e9nt.<\/p>\n<p>A leveleinek a sz\u00e9le hull\u00e1mos ,ov\u00e1lis alak\u00fa, az erezete\u00a0 rendk\u00edv\u00fcl m\u00e9ly.<br \/>\nGondoz\u00e1sa nem bonyolult, ha odafigyel\u00fcnk az ig\u00e9nyeire.<\/p>\n<p>A vil\u00e1gos helyeket kedveli, de ne tegy\u00fck t\u0171z\u0151 napra, mert az elpusztul\u00e1s\u00e1t okozhatja,<\/p>\n<p>valamint t\u00fal s\u00f6t\u00e9t helyre sem, mert levelei lehullhatnak.<br \/>\nNy\u00e1ron ak\u00e1r a szabadba is kitehetj\u00fck, nem napos, f\u00e9l\u00e1rny\u00e9kos helyre, p\u00e9ld\u00e1ul erk\u00e9lyre.<\/p>\n<p>&nbsp;<\/p>\n<p><b>K\u00e9szlet\u00fcnk napi szinten v\u00e1ltozik, ez\u00e9rt k\u00e9rj\u00fck, \u00e9rdekl\u0151dj\u00f6n szem\u00e9lyesen, telefonon vagy email-en.<br \/>\nA v\u00e1ltoztat\u00e1s jog\u00e1t fenntartjuk!\u00a0<\/b><\/p>\n<p>&nbsp;<\/p>\n<p>&nbsp;<\/p>\n<p><a href=\"https:\/\/www.facebook.com\/tajkertesz\">https:\/\/www.facebook.com\/tajkertesz<\/a><\/p>\n<p><a href=\"https:\/\/tajkertesz.com\/\">https:\/\/tajkertesz.com\/<\/a><\/p>\n<p>&nbsp;<\/p>","protected":false},"excerpt":{"rendered":"<p>A k\u00e1v\u00e9cserje, latinul Coffea arabica egy szubtr\u00f3pusi ter\u00fcleteken \u0151shonos n\u00f6v\u00e9ny, amelyet manaps\u00e1g gyakran tartanak mutat\u00f3s szoban\u00f6v\u00e9nyk\u00e9nt. A leveleinek a sz\u00e9le hull\u00e1mos ,ov\u00e1lis alak\u00fa, az erezete\u00a0 rendk\u00edv\u00fcl m\u00e9ly. Gondoz\u00e1sa nem bonyolult, ha odafigyel\u00fcnk az ig\u00e9nyeire. A vil\u00e1gos helyeket kedveli, de ne tegy\u00fck t\u0171z\u0151 napra, mert az elpusztul\u00e1s\u00e1t okozhatja, valamint t\u00fal s\u00f6t\u00e9t helyre sem, mert levelei lehullhatnak. [&hellip;]<\/p>\n","protected":false},"featured_media":15958,"template":"","meta":{"_et_pb_use_builder":"","_et_pb_old_content":"","_et_gb_content_width":""},"product_brand":[],"product_cat":[2523],"product_tag":[4218,2532],"class_list":{"0":"post-15957","1":"product","2":"type-product","3":"status-publish","4":"has-post-thumbnail","6":"product_cat-szobanovenyek","7":"product_tag-coffearabica","8":"product_tag-kavecserje-nagy-keramia-bogreben","10":"first","11":"outofstock","12":"shipping-taxable","13":"product-type-simple"},"yoast_head":"<!-- This site is optimized with the Yoast SEO plugin v27.3 - https:\/\/yoast.com\/product\/yoast-seo-wordpress\/ -->\n<title>Coffea arabica - K\u00e1v\u00e9cserje - T\u00e1jkert\u00e9sz<\/title>\n<meta name=\"robots\" content=\"index, follow, max-snippet:-1, max-image-preview:large, max-video-preview:-1\" \/>\n<link rel=\"canonical\" href=\"https:\/\/tajkertesz.com\/en_US\/product\/coffea-arabica-kavecserje\/\" \/>\n<meta property=\"og:locale\" content=\"en_US\" \/>\n<meta property=\"og:type\" content=\"article\" \/>\n<meta property=\"og:title\" content=\"Coffea arabica - K\u00e1v\u00e9cserje - T\u00e1jkert\u00e9sz\" \/>\n<meta property=\"og:description\" content=\"A k\u00e1v\u00e9cserje, latinul Coffea arabica egy szubtr\u00f3pusi ter\u00fcleteken \u0151shonos n\u00f6v\u00e9ny, amelyet manaps\u00e1g gyakran tartanak mutat\u00f3s szoban\u00f6v\u00e9nyk\u00e9nt. A leveleinek a sz\u00e9le hull\u00e1mos ,ov\u00e1lis alak\u00fa, az erezete\u00a0 rendk\u00edv\u00fcl m\u00e9ly. Gondoz\u00e1sa nem bonyolult, ha odafigyel\u00fcnk az ig\u00e9nyeire. A vil\u00e1gos helyeket kedveli, de ne tegy\u00fck t\u0171z\u0151 napra, mert az elpusztul\u00e1s\u00e1t okozhatja, valamint t\u00fal s\u00f6t\u00e9t helyre sem, mert levelei lehullhatnak. [&hellip;]\" \/>\n<meta property=\"og:url\" content=\"https:\/\/tajkertesz.com\/en_US\/product\/coffea-arabica-kavecserje\/\" \/>\n<meta property=\"og:site_name\" content=\"T\u00e1jkert\u00e9sz\" \/>\n<meta property=\"article:publisher\" content=\"https:\/\/www.facebook.com\/Tajkertesz\/\" \/>\n<meta property=\"article:modified_time\" content=\"2024-07-16T14:35:12+00:00\" \/>\n<meta property=\"og:image\" content=\"https:\/\/tajkertesz.com\/wp-content\/uploads\/2023\/07\/354094924_3522022001417043_2639689685371560641_n.jpg\" \/>\n\t<meta property=\"og:image:width\" content=\"327\" \/>\n\t<meta property=\"og:image:height\" content=\"280\" \/>\n\t<meta property=\"og:image:type\" content=\"image\/jpeg\" \/>\n<meta name=\"twitter:card\" content=\"summary_large_image\" \/>\n<meta name=\"twitter:label1\" content=\"Est. reading time\" \/>\n\t<meta name=\"twitter:data1\" content=\"1 minute\" \/>\n<script type=\"application\/ld+json\" class=\"yoast-schema-graph\">{\"@context\":\"https:\\\/\\\/schema.org\",\"@graph\":[{\"@type\":\"WebPage\",\"@id\":\"https:\\\/\\\/tajkertesz.com\\\/termek\\\/coffea-arabica-kavecserje\\\/\",\"url\":\"https:\\\/\\\/tajkertesz.com\\\/termek\\\/coffea-arabica-kavecserje\\\/\",\"name\":\"Coffea arabica - K\u00e1v\u00e9cserje - T\u00e1jkert\u00e9sz\",\"isPartOf\":{\"@id\":\"https:\\\/\\\/tajkertesz.com\\\/#website\"},\"primaryImageOfPage\":{\"@id\":\"https:\\\/\\\/tajkertesz.com\\\/termek\\\/coffea-arabica-kavecserje\\\/#primaryimage\"},\"image\":{\"@id\":\"https:\\\/\\\/tajkertesz.com\\\/termek\\\/coffea-arabica-kavecserje\\\/#primaryimage\"},\"thumbnailUrl\":\"https:\\\/\\\/tajkertesz.com\\\/wp-content\\\/uploads\\\/2023\\\/07\\\/354094924_3522022001417043_2639689685371560641_n.jpg\",\"datePublished\":\"2023-07-02T07:57:13+00:00\",\"dateModified\":\"2024-07-16T14:35:12+00:00\",\"breadcrumb\":{\"@id\":\"https:\\\/\\\/tajkertesz.com\\\/termek\\\/coffea-arabica-kavecserje\\\/#breadcrumb\"},\"inLanguage\":\"en-US\",\"potentialAction\":[{\"@type\":\"ReadAction\",\"target\":[\"https:\\\/\\\/tajkertesz.com\\\/termek\\\/coffea-arabica-kavecserje\\\/\"]}]},{\"@type\":\"ImageObject\",\"inLanguage\":\"en-US\",\"@id\":\"https:\\\/\\\/tajkertesz.com\\\/termek\\\/coffea-arabica-kavecserje\\\/#primaryimage\",\"url\":\"https:\\\/\\\/tajkertesz.com\\\/wp-content\\\/uploads\\\/2023\\\/07\\\/354094924_3522022001417043_2639689685371560641_n.jpg\",\"contentUrl\":\"https:\\\/\\\/tajkertesz.com\\\/wp-content\\\/uploads\\\/2023\\\/07\\\/354094924_3522022001417043_2639689685371560641_n.jpg\",\"width\":327,\"height\":280},{\"@type\":\"BreadcrumbList\",\"@id\":\"https:\\\/\\\/tajkertesz.com\\\/termek\\\/coffea-arabica-kavecserje\\\/#breadcrumb\",\"itemListElement\":[{\"@type\":\"ListItem\",\"position\":1,\"name\":\"Home\",\"item\":\"https:\\\/\\\/tajkertesz.com\\\/\"},{\"@type\":\"ListItem\",\"position\":2,\"name\":\"Kezd\u0151lap\",\"item\":\"https:\\\/\\\/tajkertesz.com\\\/\"},{\"@type\":\"ListItem\",\"position\":3,\"name\":\"Coffea arabica &#8211; K\u00e1v\u00e9cserje\"}]},{\"@type\":\"WebSite\",\"@id\":\"https:\\\/\\\/tajkertesz.com\\\/#website\",\"url\":\"https:\\\/\\\/tajkertesz.com\\\/\",\"name\":\"T\u00e1j-Kert\u00e9sz 84 Kft.\",\"description\":\"Kert\u00e9szeti kis- \u00e9s nagykeresked\u00e9s, D\u00edszn\u00f6v\u00e9ny web\u00e1ruh\u00e1z orsz\u00e1gos h\u00e1zhozsz\u00e1ll\u00edt\u00e1ssal!\",\"publisher\":{\"@id\":\"https:\\\/\\\/tajkertesz.com\\\/#organization\"},\"potentialAction\":[{\"@type\":\"SearchAction\",\"target\":{\"@type\":\"EntryPoint\",\"urlTemplate\":\"https:\\\/\\\/tajkertesz.com\\\/?s={search_term_string}\"},\"query-input\":{\"@type\":\"PropertyValueSpecification\",\"valueRequired\":true,\"valueName\":\"search_term_string\"}}],\"inLanguage\":\"en-US\"},{\"@type\":\"Organization\",\"@id\":\"https:\\\/\\\/tajkertesz.com\\\/#organization\",\"name\":\"T\u00e1j-Kert\u00e9sz 84 Kft.\",\"url\":\"https:\\\/\\\/tajkertesz.com\\\/\",\"logo\":{\"@type\":\"ImageObject\",\"inLanguage\":\"en-US\",\"@id\":\"https:\\\/\\\/tajkertesz.com\\\/#\\\/schema\\\/logo\\\/image\\\/\",\"url\":\"https:\\\/\\\/tajkertesz.com\\\/wp-content\\\/uploads\\\/2018\\\/02\\\/logo-2-e1518678052539.png\",\"contentUrl\":\"https:\\\/\\\/tajkertesz.com\\\/wp-content\\\/uploads\\\/2018\\\/02\\\/logo-2-e1518678052539.png\",\"width\":81,\"height\":140,\"caption\":\"T\u00e1j-Kert\u00e9sz 84 Kft.\"},\"image\":{\"@id\":\"https:\\\/\\\/tajkertesz.com\\\/#\\\/schema\\\/logo\\\/image\\\/\"},\"sameAs\":[\"https:\\\/\\\/www.facebook.com\\\/Tajkertesz\\\/\"]}]}<\/script>\n<!-- \/ Yoast SEO plugin. -->","yoast_head_json":{"title":"Coffea arabica - K\u00e1v\u00e9cserje - T\u00e1jkert\u00e9sz","robots":{"index":"index","follow":"follow","max-snippet":"max-snippet:-1","max-image-preview":"max-image-preview:large","max-video-preview":"max-video-preview:-1"},"canonical":"https:\/\/tajkertesz.com\/en_US\/product\/coffea-arabica-kavecserje\/","og_locale":"en_US","og_type":"article","og_title":"Coffea arabica - K\u00e1v\u00e9cserje - T\u00e1jkert\u00e9sz","og_description":"A k\u00e1v\u00e9cserje, latinul Coffea arabica egy szubtr\u00f3pusi ter\u00fcleteken \u0151shonos n\u00f6v\u00e9ny, amelyet manaps\u00e1g gyakran tartanak mutat\u00f3s szoban\u00f6v\u00e9nyk\u00e9nt. A leveleinek a sz\u00e9le hull\u00e1mos ,ov\u00e1lis alak\u00fa, az erezete\u00a0 rendk\u00edv\u00fcl m\u00e9ly. Gondoz\u00e1sa nem bonyolult, ha odafigyel\u00fcnk az ig\u00e9nyeire. A vil\u00e1gos helyeket kedveli, de ne tegy\u00fck t\u0171z\u0151 napra, mert az elpusztul\u00e1s\u00e1t okozhatja, valamint t\u00fal s\u00f6t\u00e9t helyre sem, mert levelei lehullhatnak. [&hellip;]","og_url":"https:\/\/tajkertesz.com\/en_US\/product\/coffea-arabica-kavecserje\/","og_site_name":"T\u00e1jkert\u00e9sz","article_publisher":"https:\/\/www.facebook.com\/Tajkertesz\/","article_modified_time":"2024-07-16T14:35:12+00:00","og_image":[{"width":327,"height":280,"url":"https:\/\/tajkertesz.com\/wp-content\/uploads\/2023\/07\/354094924_3522022001417043_2639689685371560641_n.jpg","type":"image\/jpeg"}],"twitter_card":"summary_large_image","twitter_misc":{"Est. reading time":"1 minute"},"schema":{"@context":"https:\/\/schema.org","@graph":[{"@type":"WebPage","@id":"https:\/\/tajkertesz.com\/termek\/coffea-arabica-kavecserje\/","url":"https:\/\/tajkertesz.com\/termek\/coffea-arabica-kavecserje\/","name":"Coffea arabica - K\u00e1v\u00e9cserje - T\u00e1jkert\u00e9sz","isPartOf":{"@id":"https:\/\/tajkertesz.com\/#website"},"primaryImageOfPage":{"@id":"https:\/\/tajkertesz.com\/termek\/coffea-arabica-kavecserje\/#primaryimage"},"image":{"@id":"https:\/\/tajkertesz.com\/termek\/coffea-arabica-kavecserje\/#primaryimage"},"thumbnailUrl":"https:\/\/tajkertesz.com\/wp-content\/uploads\/2023\/07\/354094924_3522022001417043_2639689685371560641_n.jpg","datePublished":"2023-07-02T07:57:13+00:00","dateModified":"2024-07-16T14:35:12+00:00","breadcrumb":{"@id":"https:\/\/tajkertesz.com\/termek\/coffea-arabica-kavecserje\/#breadcrumb"},"inLanguage":"en-US","potentialAction":[{"@type":"ReadAction","target":["https:\/\/tajkertesz.com\/termek\/coffea-arabica-kavecserje\/"]}]},{"@type":"ImageObject","inLanguage":"en-US","@id":"https:\/\/tajkertesz.com\/termek\/coffea-arabica-kavecserje\/#primaryimage","url":"https:\/\/tajkertesz.com\/wp-content\/uploads\/2023\/07\/354094924_3522022001417043_2639689685371560641_n.jpg","contentUrl":"https:\/\/tajkertesz.com\/wp-content\/uploads\/2023\/07\/354094924_3522022001417043_2639689685371560641_n.jpg","width":327,"height":280},{"@type":"BreadcrumbList","@id":"https:\/\/tajkertesz.com\/termek\/coffea-arabica-kavecserje\/#breadcrumb","itemListElement":[{"@type":"ListItem","position":1,"name":"Home","item":"https:\/\/tajkertesz.com\/"},{"@type":"ListItem","position":2,"name":"Kezd\u0151lap","item":"https:\/\/tajkertesz.com\/"},{"@type":"ListItem","position":3,"name":"Coffea arabica &#8211; K\u00e1v\u00e9cserje"}]},{"@type":"WebSite","@id":"https:\/\/tajkertesz.com\/#website","url":"https:\/\/tajkertesz.com\/","name":"T\u00e1j-Kert\u00e9sz 84 Kft.","description":"Kert\u00e9szeti kis- \u00e9s nagykeresked\u00e9s, D\u00edszn\u00f6v\u00e9ny web\u00e1ruh\u00e1z orsz\u00e1gos h\u00e1zhozsz\u00e1ll\u00edt\u00e1ssal!","publisher":{"@id":"https:\/\/tajkertesz.com\/#organization"},"potentialAction":[{"@type":"SearchAction","target":{"@type":"EntryPoint","urlTemplate":"https:\/\/tajkertesz.com\/?s={search_term_string}"},"query-input":{"@type":"PropertyValueSpecification","valueRequired":true,"valueName":"search_term_string"}}],"inLanguage":"en-US"},{"@type":"Organization","@id":"https:\/\/tajkertesz.com\/#organization","name":"T\u00e1j-Kert\u00e9sz 84 Kft.","url":"https:\/\/tajkertesz.com\/","logo":{"@type":"ImageObject","inLanguage":"en-US","@id":"https:\/\/tajkertesz.com\/#\/schema\/logo\/image\/","url":"https:\/\/tajkertesz.com\/wp-content\/uploads\/2018\/02\/logo-2-e1518678052539.png","contentUrl":"https:\/\/tajkertesz.com\/wp-content\/uploads\/2018\/02\/logo-2-e1518678052539.png","width":81,"height":140,"caption":"T\u00e1j-Kert\u00e9sz 84 Kft."},"image":{"@id":"https:\/\/tajkertesz.com\/#\/schema\/logo\/image\/"},"sameAs":["https:\/\/www.facebook.com\/Tajkertesz\/"]}]}},"_links":{"self":[{"href":"https:\/\/tajkertesz.com\/en_US\/wp-json\/wp\/v2\/product\/15957","targetHints":{"allow":["GET"]}}],"collection":[{"href":"https:\/\/tajkertesz.com\/en_US\/wp-json\/wp\/v2\/product"}],"about":[{"href":"https:\/\/tajkertesz.com\/en_US\/wp-json\/wp\/v2\/types\/product"}],"wp:featuredmedia":[{"embeddable":true,"href":"https:\/\/tajkertesz.com\/en_US\/wp-json\/wp\/v2\/media\/15958"}],"wp:attachment":[{"href":"https:\/\/tajkertesz.com\/en_US\/wp-json\/wp\/v2\/media?parent=15957"}],"wp:term":[{"taxonomy":"product_brand","embeddable":true,"href":"https:\/\/tajkertesz.com\/en_US\/wp-json\/wp\/v2\/product_brand?post=15957"},{"taxonomy":"product_cat","embeddable":true,"href":"https:\/\/tajkertesz.com\/en_US\/wp-json\/wp\/v2\/product_cat?post=15957"},{"taxonomy":"product_tag","embeddable":true,"href":"https:\/\/tajkertesz.com\/en_US\/wp-json\/wp\/v2\/product_tag?post=15957"}],"curies":[{"name":"wp","href":"https:\/\/api.w.org\/{rel}","templated":true}]}}