{"id":15965,"date":"2023-07-04T09:08:49","date_gmt":"2023-07-04T09:08:49","guid":{"rendered":"https:\/\/tajkertesz.com\/?post_type=product&#038;p=15965"},"modified":"2024-04-10T13:08:27","modified_gmt":"2024-04-10T13:08:27","slug":"pennisetum-setaceum-rubrum-bordo-levelu-tollborzfu","status":"publish","type":"product","link":"https:\/\/tajkertesz.com\/en_US\/product\/pennisetum-setaceum-rubrum-bordo-levelu-tollborzfu\/","title":{"rendered":"Pennisetum setaceum &#8216;Rubrum&#8217; &#8211; Bord\u00f3 level\u0171 tollborzf\u0171"},"content":{"rendered":"<p>A Pennisetum setaceum &#8216;Rubrum&#8217; \u2013\u00a0<b>bord\u00f3 level\u0171 tollborzf\u0171<\/b>\u00a060 cm magas,<\/p>\n<p>csom\u00f3s n\u00f6veked\u00e9s\u0171, sz\u00e9thajl\u00f3, keskeny l\u00e1ndzs\u00e1s\u00a0<b>bord\u00f3<\/b>\u00a0sz\u00edn\u0171 levelekkel.<\/p>\n<p>Lev\u00e9l: Keskeny l\u00e1ndzs\u00e1s\u00a0<b>bord\u00f3<\/b>\u00a0sz\u00edn\u0171 levelei vannak.<\/p>\n<p>Vir\u00e1g: J\u00faliust\u00f3l okt\u00f3beig ny\u00edlnak kef\u00e9re eml\u00e9keztet\u0151, drapp vir\u00e1gai, melyek id\u0151vel bord\u00f3ra sz\u00ednez\u0151dnek.<\/p>\n<p><b>K\u00e9szlet\u00fcnk napi szinten v\u00e1ltozik, ez\u00e9rt k\u00e9rj\u00fck, \u00e9rdekl\u0151dj\u00f6n szem\u00e9lyesen, telefonon vagy email-en.<br \/>\nA v\u00e1ltoztat\u00e1s jog\u00e1t fenntartjuk!\u00a0<\/b><\/p>\n<p><a href=\"https:\/\/tajkertesz.com\/\">https:\/\/tajkertesz.com\/<\/a><\/p>\n<p><a href=\"https:\/\/www.facebook.com\/tajkertesz\">https:\/\/www.facebook.com\/tajkertesz<\/a><\/p>","protected":false},"excerpt":{"rendered":"<p>A Pennisetum setaceum &#8216;Rubrum&#8217; \u2013\u00a0bord\u00f3 level\u0171 tollborzf\u0171\u00a060 cm magas, csom\u00f3s n\u00f6veked\u00e9s\u0171, sz\u00e9thajl\u00f3, keskeny l\u00e1ndzs\u00e1s\u00a0bord\u00f3\u00a0sz\u00edn\u0171 levelekkel. Lev\u00e9l: Keskeny l\u00e1ndzs\u00e1s\u00a0bord\u00f3\u00a0sz\u00edn\u0171 levelei vannak. Vir\u00e1g: J\u00faliust\u00f3l okt\u00f3beig ny\u00edlnak kef\u00e9re eml\u00e9keztet\u0151, drapp vir\u00e1gai, melyek id\u0151vel bord\u00f3ra sz\u00ednez\u0151dnek. K\u00e9szlet\u00fcnk napi szinten v\u00e1ltozik, ez\u00e9rt k\u00e9rj\u00fck, \u00e9rdekl\u0151dj\u00f6n szem\u00e9lyesen, telefonon vagy email-en. A v\u00e1ltoztat\u00e1s jog\u00e1t fenntartjuk!\u00a0 https:\/\/tajkertesz.com\/ https:\/\/www.facebook.com\/tajkertesz<\/p>","protected":false},"featured_media":15966,"template":"","meta":{"_et_pb_use_builder":"","_et_pb_old_content":"","_et_gb_content_width":""},"product_brand":[],"product_cat":[1519],"product_tag":[4224,4225,2598],"class_list":{"0":"post-15965","1":"product","2":"type-product","3":"status-publish","4":"has-post-thumbnail","6":"product_cat-ontozestechnika-slagok-idomok-rain-bird-hunter","7":"product_tag-bordo-levelu-tollborzfu","8":"product_tag-pennisetum","9":"product_tag-tollborzfu-pennisetum","11":"first","12":"outofstock","13":"shipping-taxable","14":"product-type-simple"},"yoast_head":"<!-- This site is optimized with the Yoast SEO plugin v27.3 - https:\/\/yoast.com\/product\/yoast-seo-wordpress\/ -->\n<title>Pennisetum setaceum &#039;Rubrum&#039; - Bord\u00f3 level\u0171 tollborzf\u0171 - T\u00e1jkert\u00e9sz<\/title>\n<meta name=\"robots\" content=\"index, follow, max-snippet:-1, max-image-preview:large, max-video-preview:-1\" \/>\n<link rel=\"canonical\" href=\"https:\/\/tajkertesz.com\/en_US\/product\/pennisetum-setaceum-rubrum-bordo-levelu-tollborzfu\/\" \/>\n<meta property=\"og:locale\" content=\"en_US\" \/>\n<meta property=\"og:type\" content=\"article\" \/>\n<meta property=\"og:title\" content=\"Pennisetum setaceum &#039;Rubrum&#039; - Bord\u00f3 level\u0171 tollborzf\u0171 - T\u00e1jkert\u00e9sz\" \/>\n<meta property=\"og:description\" content=\"A Pennisetum setaceum &#8216;Rubrum&#8217; \u2013\u00a0bord\u00f3 level\u0171 tollborzf\u0171\u00a060 cm magas, csom\u00f3s n\u00f6veked\u00e9s\u0171, sz\u00e9thajl\u00f3, keskeny l\u00e1ndzs\u00e1s\u00a0bord\u00f3\u00a0sz\u00edn\u0171 levelekkel. Lev\u00e9l: Keskeny l\u00e1ndzs\u00e1s\u00a0bord\u00f3\u00a0sz\u00edn\u0171 levelei vannak. Vir\u00e1g: J\u00faliust\u00f3l okt\u00f3beig ny\u00edlnak kef\u00e9re eml\u00e9keztet\u0151, drapp vir\u00e1gai, melyek id\u0151vel bord\u00f3ra sz\u00ednez\u0151dnek. K\u00e9szlet\u00fcnk napi szinten v\u00e1ltozik, ez\u00e9rt k\u00e9rj\u00fck, \u00e9rdekl\u0151dj\u00f6n szem\u00e9lyesen, telefonon vagy email-en. A v\u00e1ltoztat\u00e1s jog\u00e1t fenntartjuk!\u00a0 https:\/\/tajkertesz.com\/ https:\/\/www.facebook.com\/tajkertesz\" \/>\n<meta property=\"og:url\" content=\"https:\/\/tajkertesz.com\/en_US\/product\/pennisetum-setaceum-rubrum-bordo-levelu-tollborzfu\/\" \/>\n<meta property=\"og:site_name\" content=\"T\u00e1jkert\u00e9sz\" \/>\n<meta property=\"article:publisher\" content=\"https:\/\/www.facebook.com\/Tajkertesz\/\" \/>\n<meta property=\"article:modified_time\" content=\"2024-04-10T13:08:27+00:00\" \/>\n<meta property=\"og:image\" content=\"https:\/\/tajkertesz.com\/wp-content\/uploads\/2023\/07\/347596586_667300342079710_635949479277751037_n.jpg\" \/>\n\t<meta property=\"og:image:width\" content=\"1807\" \/>\n\t<meta property=\"og:image:height\" content=\"2048\" \/>\n\t<meta property=\"og:image:type\" content=\"image\/jpeg\" \/>\n<meta name=\"twitter:card\" content=\"summary_large_image\" \/>\n<meta name=\"twitter:label1\" content=\"Est. reading time\" \/>\n\t<meta name=\"twitter:data1\" content=\"1 minute\" \/>\n<script type=\"application\/ld+json\" class=\"yoast-schema-graph\">{\"@context\":\"https:\\\/\\\/schema.org\",\"@graph\":[{\"@type\":\"WebPage\",\"@id\":\"https:\\\/\\\/tajkertesz.com\\\/termek\\\/pennisetum-setaceum-rubrum-bordo-levelu-tollborzfu\\\/\",\"url\":\"https:\\\/\\\/tajkertesz.com\\\/termek\\\/pennisetum-setaceum-rubrum-bordo-levelu-tollborzfu\\\/\",\"name\":\"Pennisetum setaceum 'Rubrum' - Bord\u00f3 level\u0171 tollborzf\u0171 - T\u00e1jkert\u00e9sz\",\"isPartOf\":{\"@id\":\"https:\\\/\\\/tajkertesz.com\\\/#website\"},\"primaryImageOfPage\":{\"@id\":\"https:\\\/\\\/tajkertesz.com\\\/termek\\\/pennisetum-setaceum-rubrum-bordo-levelu-tollborzfu\\\/#primaryimage\"},\"image\":{\"@id\":\"https:\\\/\\\/tajkertesz.com\\\/termek\\\/pennisetum-setaceum-rubrum-bordo-levelu-tollborzfu\\\/#primaryimage\"},\"thumbnailUrl\":\"https:\\\/\\\/tajkertesz.com\\\/wp-content\\\/uploads\\\/2023\\\/07\\\/347596586_667300342079710_635949479277751037_n.jpg\",\"datePublished\":\"2023-07-04T09:08:49+00:00\",\"dateModified\":\"2024-04-10T13:08:27+00:00\",\"breadcrumb\":{\"@id\":\"https:\\\/\\\/tajkertesz.com\\\/termek\\\/pennisetum-setaceum-rubrum-bordo-levelu-tollborzfu\\\/#breadcrumb\"},\"inLanguage\":\"en-US\",\"potentialAction\":[{\"@type\":\"ReadAction\",\"target\":[\"https:\\\/\\\/tajkertesz.com\\\/termek\\\/pennisetum-setaceum-rubrum-bordo-levelu-tollborzfu\\\/\"]}]},{\"@type\":\"ImageObject\",\"inLanguage\":\"en-US\",\"@id\":\"https:\\\/\\\/tajkertesz.com\\\/termek\\\/pennisetum-setaceum-rubrum-bordo-levelu-tollborzfu\\\/#primaryimage\",\"url\":\"https:\\\/\\\/tajkertesz.com\\\/wp-content\\\/uploads\\\/2023\\\/07\\\/347596586_667300342079710_635949479277751037_n.jpg\",\"contentUrl\":\"https:\\\/\\\/tajkertesz.com\\\/wp-content\\\/uploads\\\/2023\\\/07\\\/347596586_667300342079710_635949479277751037_n.jpg\",\"width\":1807,\"height\":2048},{\"@type\":\"BreadcrumbList\",\"@id\":\"https:\\\/\\\/tajkertesz.com\\\/termek\\\/pennisetum-setaceum-rubrum-bordo-levelu-tollborzfu\\\/#breadcrumb\",\"itemListElement\":[{\"@type\":\"ListItem\",\"position\":1,\"name\":\"Home\",\"item\":\"https:\\\/\\\/tajkertesz.com\\\/\"},{\"@type\":\"ListItem\",\"position\":2,\"name\":\"Kezd\u0151lap\",\"item\":\"https:\\\/\\\/tajkertesz.com\\\/\"},{\"@type\":\"ListItem\",\"position\":3,\"name\":\"Pennisetum setaceum &#8216;Rubrum&#8217; &#8211; Bord\u00f3 level\u0171 tollborzf\u0171\"}]},{\"@type\":\"WebSite\",\"@id\":\"https:\\\/\\\/tajkertesz.com\\\/#website\",\"url\":\"https:\\\/\\\/tajkertesz.com\\\/\",\"name\":\"T\u00e1j-Kert\u00e9sz 84 Kft.\",\"description\":\"Kert\u00e9szeti kis- \u00e9s nagykeresked\u00e9s, D\u00edszn\u00f6v\u00e9ny web\u00e1ruh\u00e1z orsz\u00e1gos h\u00e1zhozsz\u00e1ll\u00edt\u00e1ssal!\",\"publisher\":{\"@id\":\"https:\\\/\\\/tajkertesz.com\\\/#organization\"},\"potentialAction\":[{\"@type\":\"SearchAction\",\"target\":{\"@type\":\"EntryPoint\",\"urlTemplate\":\"https:\\\/\\\/tajkertesz.com\\\/?s={search_term_string}\"},\"query-input\":{\"@type\":\"PropertyValueSpecification\",\"valueRequired\":true,\"valueName\":\"search_term_string\"}}],\"inLanguage\":\"en-US\"},{\"@type\":\"Organization\",\"@id\":\"https:\\\/\\\/tajkertesz.com\\\/#organization\",\"name\":\"T\u00e1j-Kert\u00e9sz 84 Kft.\",\"url\":\"https:\\\/\\\/tajkertesz.com\\\/\",\"logo\":{\"@type\":\"ImageObject\",\"inLanguage\":\"en-US\",\"@id\":\"https:\\\/\\\/tajkertesz.com\\\/#\\\/schema\\\/logo\\\/image\\\/\",\"url\":\"https:\\\/\\\/tajkertesz.com\\\/wp-content\\\/uploads\\\/2018\\\/02\\\/logo-2-e1518678052539.png\",\"contentUrl\":\"https:\\\/\\\/tajkertesz.com\\\/wp-content\\\/uploads\\\/2018\\\/02\\\/logo-2-e1518678052539.png\",\"width\":81,\"height\":140,\"caption\":\"T\u00e1j-Kert\u00e9sz 84 Kft.\"},\"image\":{\"@id\":\"https:\\\/\\\/tajkertesz.com\\\/#\\\/schema\\\/logo\\\/image\\\/\"},\"sameAs\":[\"https:\\\/\\\/www.facebook.com\\\/Tajkertesz\\\/\"]}]}<\/script>\n<!-- \/ Yoast SEO plugin. -->","yoast_head_json":{"title":"Pennisetum setaceum 'Rubrum' - Bord\u00f3 level\u0171 tollborzf\u0171 - T\u00e1jkert\u00e9sz","robots":{"index":"index","follow":"follow","max-snippet":"max-snippet:-1","max-image-preview":"max-image-preview:large","max-video-preview":"max-video-preview:-1"},"canonical":"https:\/\/tajkertesz.com\/en_US\/product\/pennisetum-setaceum-rubrum-bordo-levelu-tollborzfu\/","og_locale":"en_US","og_type":"article","og_title":"Pennisetum setaceum 'Rubrum' - Bord\u00f3 level\u0171 tollborzf\u0171 - T\u00e1jkert\u00e9sz","og_description":"A Pennisetum setaceum &#8216;Rubrum&#8217; \u2013\u00a0bord\u00f3 level\u0171 tollborzf\u0171\u00a060 cm magas, csom\u00f3s n\u00f6veked\u00e9s\u0171, sz\u00e9thajl\u00f3, keskeny l\u00e1ndzs\u00e1s\u00a0bord\u00f3\u00a0sz\u00edn\u0171 levelekkel. Lev\u00e9l: Keskeny l\u00e1ndzs\u00e1s\u00a0bord\u00f3\u00a0sz\u00edn\u0171 levelei vannak. Vir\u00e1g: J\u00faliust\u00f3l okt\u00f3beig ny\u00edlnak kef\u00e9re eml\u00e9keztet\u0151, drapp vir\u00e1gai, melyek id\u0151vel bord\u00f3ra sz\u00ednez\u0151dnek. K\u00e9szlet\u00fcnk napi szinten v\u00e1ltozik, ez\u00e9rt k\u00e9rj\u00fck, \u00e9rdekl\u0151dj\u00f6n szem\u00e9lyesen, telefonon vagy email-en. A v\u00e1ltoztat\u00e1s jog\u00e1t fenntartjuk!\u00a0 https:\/\/tajkertesz.com\/ https:\/\/www.facebook.com\/tajkertesz","og_url":"https:\/\/tajkertesz.com\/en_US\/product\/pennisetum-setaceum-rubrum-bordo-levelu-tollborzfu\/","og_site_name":"T\u00e1jkert\u00e9sz","article_publisher":"https:\/\/www.facebook.com\/Tajkertesz\/","article_modified_time":"2024-04-10T13:08:27+00:00","og_image":[{"width":1807,"height":2048,"url":"https:\/\/tajkertesz.com\/wp-content\/uploads\/2023\/07\/347596586_667300342079710_635949479277751037_n.jpg","type":"image\/jpeg"}],"twitter_card":"summary_large_image","twitter_misc":{"Est. reading time":"1 minute"},"schema":{"@context":"https:\/\/schema.org","@graph":[{"@type":"WebPage","@id":"https:\/\/tajkertesz.com\/termek\/pennisetum-setaceum-rubrum-bordo-levelu-tollborzfu\/","url":"https:\/\/tajkertesz.com\/termek\/pennisetum-setaceum-rubrum-bordo-levelu-tollborzfu\/","name":"Pennisetum setaceum 'Rubrum' - Bord\u00f3 level\u0171 tollborzf\u0171 - T\u00e1jkert\u00e9sz","isPartOf":{"@id":"https:\/\/tajkertesz.com\/#website"},"primaryImageOfPage":{"@id":"https:\/\/tajkertesz.com\/termek\/pennisetum-setaceum-rubrum-bordo-levelu-tollborzfu\/#primaryimage"},"image":{"@id":"https:\/\/tajkertesz.com\/termek\/pennisetum-setaceum-rubrum-bordo-levelu-tollborzfu\/#primaryimage"},"thumbnailUrl":"https:\/\/tajkertesz.com\/wp-content\/uploads\/2023\/07\/347596586_667300342079710_635949479277751037_n.jpg","datePublished":"2023-07-04T09:08:49+00:00","dateModified":"2024-04-10T13:08:27+00:00","breadcrumb":{"@id":"https:\/\/tajkertesz.com\/termek\/pennisetum-setaceum-rubrum-bordo-levelu-tollborzfu\/#breadcrumb"},"inLanguage":"en-US","potentialAction":[{"@type":"ReadAction","target":["https:\/\/tajkertesz.com\/termek\/pennisetum-setaceum-rubrum-bordo-levelu-tollborzfu\/"]}]},{"@type":"ImageObject","inLanguage":"en-US","@id":"https:\/\/tajkertesz.com\/termek\/pennisetum-setaceum-rubrum-bordo-levelu-tollborzfu\/#primaryimage","url":"https:\/\/tajkertesz.com\/wp-content\/uploads\/2023\/07\/347596586_667300342079710_635949479277751037_n.jpg","contentUrl":"https:\/\/tajkertesz.com\/wp-content\/uploads\/2023\/07\/347596586_667300342079710_635949479277751037_n.jpg","width":1807,"height":2048},{"@type":"BreadcrumbList","@id":"https:\/\/tajkertesz.com\/termek\/pennisetum-setaceum-rubrum-bordo-levelu-tollborzfu\/#breadcrumb","itemListElement":[{"@type":"ListItem","position":1,"name":"Home","item":"https:\/\/tajkertesz.com\/"},{"@type":"ListItem","position":2,"name":"Kezd\u0151lap","item":"https:\/\/tajkertesz.com\/"},{"@type":"ListItem","position":3,"name":"Pennisetum setaceum &#8216;Rubrum&#8217; &#8211; Bord\u00f3 level\u0171 tollborzf\u0171"}]},{"@type":"WebSite","@id":"https:\/\/tajkertesz.com\/#website","url":"https:\/\/tajkertesz.com\/","name":"T\u00e1j-Kert\u00e9sz 84 Kft.","description":"Kert\u00e9szeti kis- \u00e9s nagykeresked\u00e9s, D\u00edszn\u00f6v\u00e9ny web\u00e1ruh\u00e1z orsz\u00e1gos h\u00e1zhozsz\u00e1ll\u00edt\u00e1ssal!","publisher":{"@id":"https:\/\/tajkertesz.com\/#organization"},"potentialAction":[{"@type":"SearchAction","target":{"@type":"EntryPoint","urlTemplate":"https:\/\/tajkertesz.com\/?s={search_term_string}"},"query-input":{"@type":"PropertyValueSpecification","valueRequired":true,"valueName":"search_term_string"}}],"inLanguage":"en-US"},{"@type":"Organization","@id":"https:\/\/tajkertesz.com\/#organization","name":"T\u00e1j-Kert\u00e9sz 84 Kft.","url":"https:\/\/tajkertesz.com\/","logo":{"@type":"ImageObject","inLanguage":"en-US","@id":"https:\/\/tajkertesz.com\/#\/schema\/logo\/image\/","url":"https:\/\/tajkertesz.com\/wp-content\/uploads\/2018\/02\/logo-2-e1518678052539.png","contentUrl":"https:\/\/tajkertesz.com\/wp-content\/uploads\/2018\/02\/logo-2-e1518678052539.png","width":81,"height":140,"caption":"T\u00e1j-Kert\u00e9sz 84 Kft."},"image":{"@id":"https:\/\/tajkertesz.com\/#\/schema\/logo\/image\/"},"sameAs":["https:\/\/www.facebook.com\/Tajkertesz\/"]}]}},"_links":{"self":[{"href":"https:\/\/tajkertesz.com\/en_US\/wp-json\/wp\/v2\/product\/15965","targetHints":{"allow":["GET"]}}],"collection":[{"href":"https:\/\/tajkertesz.com\/en_US\/wp-json\/wp\/v2\/product"}],"about":[{"href":"https:\/\/tajkertesz.com\/en_US\/wp-json\/wp\/v2\/types\/product"}],"wp:featuredmedia":[{"embeddable":true,"href":"https:\/\/tajkertesz.com\/en_US\/wp-json\/wp\/v2\/media\/15966"}],"wp:attachment":[{"href":"https:\/\/tajkertesz.com\/en_US\/wp-json\/wp\/v2\/media?parent=15965"}],"wp:term":[{"taxonomy":"product_brand","embeddable":true,"href":"https:\/\/tajkertesz.com\/en_US\/wp-json\/wp\/v2\/product_brand?post=15965"},{"taxonomy":"product_cat","embeddable":true,"href":"https:\/\/tajkertesz.com\/en_US\/wp-json\/wp\/v2\/product_cat?post=15965"},{"taxonomy":"product_tag","embeddable":true,"href":"https:\/\/tajkertesz.com\/en_US\/wp-json\/wp\/v2\/product_tag?post=15965"}],"curies":[{"name":"wp","href":"https:\/\/api.w.org\/{rel}","templated":true}]}}