{"id":15968,"date":"2023-07-04T09:34:24","date_gmt":"2023-07-04T09:34:24","guid":{"rendered":"https:\/\/tajkertesz.com\/?post_type=product&#038;p=15968"},"modified":"2023-09-04T09:18:03","modified_gmt":"2023-09-04T09:18:03","slug":"asclepias-curassavica-kinai-leander","status":"publish","type":"product","link":"https:\/\/tajkertesz.com\/en_US\/product\/asclepias-curassavica-kinai-leander\/","title":{"rendered":"Asclepias curassavica &#8211; K\u00ednai  leander"},"content":{"rendered":"<p>Skarl\u00e1t selyemk\u00f3r\u00f3 vagy selyembokor D\u00e9l-Amerik\u00e1ban \u0151shonos f\u00e9lcserje. Haz\u00e1nkban d\u00e9zs\u00e1s d\u00edszn\u00f6v\u00e9nyk\u00e9nt tartjuk.<\/p>\n<p>D\u00edsz\u00edt\u0151\u00e9rt\u00e9k\u00e9t els\u0151sorban vir\u00e1gzata adja, levelei a leander\u00e9hez hasonl\u00f3ak.<\/p>\n<p>Ezzel a k\u00fcl\u00f6nlegesen sz\u00e9p n\u00f6v\u00e9nnyel, mediterr\u00e1n hangulatot csemp\u00e9szhet\u00fcnk a kertbe.<\/p>\n<p>Vir\u00e1gai apr\u00f3k, \u00e9l\u00e9nks\u00e1rga \u00e9s piros sz\u00edn\u0171ek, bogerny\u0151t alkotnak a hajt\u00e1sok v\u00e9g\u00e9n.<\/p>\n<p>Vir\u00e1gait eg\u00e9sz ny\u00e1ron hozza.<\/p>\n<p>A k\u00ednai leander m\u00e9rgez\u0151 n\u00f6v\u00e9ny, gondoz\u00e1sa<\/p>\n<p>sor\u00e1n j\u00e1rjunk el k\u00f6r\u00fcltekint\u0151en, vegy\u00fcnk fel keszty\u0171t.<\/p>\n<p>Szereti a napot \u00e9s a meleget, ez\u00e9rt t\u0171z\u0151 napos helyen is nevelhetj\u00fck.<\/p>\n<p>A megfelel\u0151 fejl\u0151d\u00e9shez, \u00fcltess\u00fck j\u00f3 v\u00edzelvezet\u00e9s\u0171, semleges vagy enyh\u00e9n savas k\u00e9mhat\u00e1s\u00fa talajba.<\/p>\n<p>Rendszeresen, de m\u00e9rt\u00e9kkel \u00f6nt\u00f6zz\u00fck.<\/p>\n<p>A t\u00fal\u00f6nt\u00f6z\u00e9s k\u00f6vetkezt\u00e9ben levelei s\u00e1rgulni \u00e9s hullani kezdenek, ez\u00e9rt semmik\u00e9pp se \u00f6nt\u00f6zz\u00fck t\u00fal!<\/p>\n<p>Teleltet\u00e9se vil\u00e1gos, h\u0171v\u00f6s helyen t\u00f6rt\u00e9njen. Ebben az id\u0151szakban minim\u00e1lis \u00f6nt\u00f6z\u00e9st ig\u00e9nyel.<\/p>","protected":false},"excerpt":{"rendered":"<p>Skarl\u00e1t selyemk\u00f3r\u00f3 vagy selyembokor D\u00e9l-Amerik\u00e1ban \u0151shonos f\u00e9lcserje. Haz\u00e1nkban d\u00e9zs\u00e1s d\u00edszn\u00f6v\u00e9nyk\u00e9nt tartjuk. D\u00edsz\u00edt\u0151\u00e9rt\u00e9k\u00e9t els\u0151sorban vir\u00e1gzata adja, levelei a leander\u00e9hez hasonl\u00f3ak. Ezzel a k\u00fcl\u00f6nlegesen sz\u00e9p n\u00f6v\u00e9nnyel, mediterr\u00e1n hangulatot csemp\u00e9szhet\u00fcnk a kertbe. Vir\u00e1gai apr\u00f3k, \u00e9l\u00e9nks\u00e1rga \u00e9s piros sz\u00edn\u0171ek, bogerny\u0151t alkotnak a hajt\u00e1sok v\u00e9g\u00e9n. Vir\u00e1gait eg\u00e9sz ny\u00e1ron hozza. A k\u00ednai leander m\u00e9rgez\u0151 n\u00f6v\u00e9ny, gondoz\u00e1sa sor\u00e1n j\u00e1rjunk el k\u00f6r\u00fcltekint\u0151en, vegy\u00fcnk [&hellip;]<\/p>\n","protected":false},"featured_media":15971,"template":"","meta":{"_et_pb_use_builder":"","_et_pb_old_content":"","_et_gb_content_width":""},"product_brand":[],"product_cat":[3785],"product_tag":[4227,4226],"class_list":{"0":"post-15968","1":"product","2":"type-product","3":"status-publish","4":"has-post-thumbnail","6":"product_cat-uj-termekek","7":"product_tag-asclepias-curassavica","8":"product_tag-kinai-leander","10":"first","11":"outofstock","12":"shipping-taxable","13":"product-type-simple"},"yoast_head":"<!-- This site is optimized with the Yoast SEO plugin v27.5 - https:\/\/yoast.com\/product\/yoast-seo-wordpress\/ -->\n<title>Asclepias curassavica - K\u00ednai leander - T\u00e1jkert\u00e9sz<\/title>\n<meta name=\"robots\" content=\"index, follow, max-snippet:-1, max-image-preview:large, max-video-preview:-1\" \/>\n<link rel=\"canonical\" href=\"https:\/\/tajkertesz.com\/en_US\/product\/asclepias-curassavica-kinai-leander\/\" \/>\n<meta property=\"og:locale\" content=\"en_US\" \/>\n<meta property=\"og:type\" content=\"article\" \/>\n<meta property=\"og:title\" content=\"Asclepias curassavica - K\u00ednai leander - T\u00e1jkert\u00e9sz\" \/>\n<meta property=\"og:description\" content=\"Skarl\u00e1t selyemk\u00f3r\u00f3 vagy selyembokor D\u00e9l-Amerik\u00e1ban \u0151shonos f\u00e9lcserje. Haz\u00e1nkban d\u00e9zs\u00e1s d\u00edszn\u00f6v\u00e9nyk\u00e9nt tartjuk. D\u00edsz\u00edt\u0151\u00e9rt\u00e9k\u00e9t els\u0151sorban vir\u00e1gzata adja, levelei a leander\u00e9hez hasonl\u00f3ak. Ezzel a k\u00fcl\u00f6nlegesen sz\u00e9p n\u00f6v\u00e9nnyel, mediterr\u00e1n hangulatot csemp\u00e9szhet\u00fcnk a kertbe. Vir\u00e1gai apr\u00f3k, \u00e9l\u00e9nks\u00e1rga \u00e9s piros sz\u00edn\u0171ek, bogerny\u0151t alkotnak a hajt\u00e1sok v\u00e9g\u00e9n. Vir\u00e1gait eg\u00e9sz ny\u00e1ron hozza. A k\u00ednai leander m\u00e9rgez\u0151 n\u00f6v\u00e9ny, gondoz\u00e1sa sor\u00e1n j\u00e1rjunk el k\u00f6r\u00fcltekint\u0151en, vegy\u00fcnk [&hellip;]\" \/>\n<meta property=\"og:url\" content=\"https:\/\/tajkertesz.com\/en_US\/product\/asclepias-curassavica-kinai-leander\/\" \/>\n<meta property=\"og:site_name\" content=\"T\u00e1jkert\u00e9sz\" \/>\n<meta property=\"article:publisher\" content=\"https:\/\/www.facebook.com\/Tajkertesz\/\" \/>\n<meta property=\"article:modified_time\" content=\"2023-09-04T09:18:03+00:00\" \/>\n<meta property=\"og:image\" content=\"https:\/\/tajkertesz.com\/wp-content\/uploads\/2023\/07\/347558985_666800448796366_1459623685872185242_n.jpg\" \/>\n\t<meta property=\"og:image:width\" content=\"1360\" \/>\n\t<meta property=\"og:image:height\" content=\"2048\" \/>\n\t<meta property=\"og:image:type\" content=\"image\/jpeg\" \/>\n<meta name=\"twitter:card\" content=\"summary_large_image\" \/>\n<meta name=\"twitter:label1\" content=\"Est. reading time\" \/>\n\t<meta name=\"twitter:data1\" content=\"1 minute\" \/>\n<script type=\"application\/ld+json\" class=\"yoast-schema-graph\">{\"@context\":\"https:\\\/\\\/schema.org\",\"@graph\":[{\"@type\":\"WebPage\",\"@id\":\"https:\\\/\\\/tajkertesz.com\\\/termek\\\/asclepias-curassavica-kinai-leander\\\/\",\"url\":\"https:\\\/\\\/tajkertesz.com\\\/termek\\\/asclepias-curassavica-kinai-leander\\\/\",\"name\":\"Asclepias curassavica - K\u00ednai leander - T\u00e1jkert\u00e9sz\",\"isPartOf\":{\"@id\":\"https:\\\/\\\/tajkertesz.com\\\/#website\"},\"primaryImageOfPage\":{\"@id\":\"https:\\\/\\\/tajkertesz.com\\\/termek\\\/asclepias-curassavica-kinai-leander\\\/#primaryimage\"},\"image\":{\"@id\":\"https:\\\/\\\/tajkertesz.com\\\/termek\\\/asclepias-curassavica-kinai-leander\\\/#primaryimage\"},\"thumbnailUrl\":\"https:\\\/\\\/tajkertesz.com\\\/wp-content\\\/uploads\\\/2023\\\/07\\\/347558985_666800448796366_1459623685872185242_n.jpg\",\"datePublished\":\"2023-07-04T09:34:24+00:00\",\"dateModified\":\"2023-09-04T09:18:03+00:00\",\"breadcrumb\":{\"@id\":\"https:\\\/\\\/tajkertesz.com\\\/termek\\\/asclepias-curassavica-kinai-leander\\\/#breadcrumb\"},\"inLanguage\":\"en-US\",\"potentialAction\":[{\"@type\":\"ReadAction\",\"target\":[\"https:\\\/\\\/tajkertesz.com\\\/termek\\\/asclepias-curassavica-kinai-leander\\\/\"]}]},{\"@type\":\"ImageObject\",\"inLanguage\":\"en-US\",\"@id\":\"https:\\\/\\\/tajkertesz.com\\\/termek\\\/asclepias-curassavica-kinai-leander\\\/#primaryimage\",\"url\":\"https:\\\/\\\/tajkertesz.com\\\/wp-content\\\/uploads\\\/2023\\\/07\\\/347558985_666800448796366_1459623685872185242_n.jpg\",\"contentUrl\":\"https:\\\/\\\/tajkertesz.com\\\/wp-content\\\/uploads\\\/2023\\\/07\\\/347558985_666800448796366_1459623685872185242_n.jpg\",\"width\":1360,\"height\":2048},{\"@type\":\"BreadcrumbList\",\"@id\":\"https:\\\/\\\/tajkertesz.com\\\/termek\\\/asclepias-curassavica-kinai-leander\\\/#breadcrumb\",\"itemListElement\":[{\"@type\":\"ListItem\",\"position\":1,\"name\":\"Home\",\"item\":\"https:\\\/\\\/tajkertesz.com\\\/\"},{\"@type\":\"ListItem\",\"position\":2,\"name\":\"Kezd\u0151lap\",\"item\":\"https:\\\/\\\/tajkertesz.com\\\/\"},{\"@type\":\"ListItem\",\"position\":3,\"name\":\"Asclepias curassavica &#8211; K\u00ednai leander\"}]},{\"@type\":\"WebSite\",\"@id\":\"https:\\\/\\\/tajkertesz.com\\\/#website\",\"url\":\"https:\\\/\\\/tajkertesz.com\\\/\",\"name\":\"T\u00e1j-Kert\u00e9sz 84 Kft.\",\"description\":\"Kert\u00e9szeti kis- \u00e9s nagykeresked\u00e9s, D\u00edszn\u00f6v\u00e9ny web\u00e1ruh\u00e1z orsz\u00e1gos h\u00e1zhozsz\u00e1ll\u00edt\u00e1ssal!\",\"publisher\":{\"@id\":\"https:\\\/\\\/tajkertesz.com\\\/#organization\"},\"potentialAction\":[{\"@type\":\"SearchAction\",\"target\":{\"@type\":\"EntryPoint\",\"urlTemplate\":\"https:\\\/\\\/tajkertesz.com\\\/?s={search_term_string}\"},\"query-input\":{\"@type\":\"PropertyValueSpecification\",\"valueRequired\":true,\"valueName\":\"search_term_string\"}}],\"inLanguage\":\"en-US\"},{\"@type\":\"Organization\",\"@id\":\"https:\\\/\\\/tajkertesz.com\\\/#organization\",\"name\":\"T\u00e1j-Kert\u00e9sz 84 Kft.\",\"url\":\"https:\\\/\\\/tajkertesz.com\\\/\",\"logo\":{\"@type\":\"ImageObject\",\"inLanguage\":\"en-US\",\"@id\":\"https:\\\/\\\/tajkertesz.com\\\/#\\\/schema\\\/logo\\\/image\\\/\",\"url\":\"https:\\\/\\\/tajkertesz.com\\\/wp-content\\\/uploads\\\/2018\\\/02\\\/logo-2-e1518678052539.png\",\"contentUrl\":\"https:\\\/\\\/tajkertesz.com\\\/wp-content\\\/uploads\\\/2018\\\/02\\\/logo-2-e1518678052539.png\",\"width\":81,\"height\":140,\"caption\":\"T\u00e1j-Kert\u00e9sz 84 Kft.\"},\"image\":{\"@id\":\"https:\\\/\\\/tajkertesz.com\\\/#\\\/schema\\\/logo\\\/image\\\/\"},\"sameAs\":[\"https:\\\/\\\/www.facebook.com\\\/Tajkertesz\\\/\"]}]}<\/script>\n<!-- \/ Yoast SEO plugin. -->","yoast_head_json":{"title":"Asclepias curassavica - K\u00ednai leander - T\u00e1jkert\u00e9sz","robots":{"index":"index","follow":"follow","max-snippet":"max-snippet:-1","max-image-preview":"max-image-preview:large","max-video-preview":"max-video-preview:-1"},"canonical":"https:\/\/tajkertesz.com\/en_US\/product\/asclepias-curassavica-kinai-leander\/","og_locale":"en_US","og_type":"article","og_title":"Asclepias curassavica - K\u00ednai leander - T\u00e1jkert\u00e9sz","og_description":"Skarl\u00e1t selyemk\u00f3r\u00f3 vagy selyembokor D\u00e9l-Amerik\u00e1ban \u0151shonos f\u00e9lcserje. Haz\u00e1nkban d\u00e9zs\u00e1s d\u00edszn\u00f6v\u00e9nyk\u00e9nt tartjuk. D\u00edsz\u00edt\u0151\u00e9rt\u00e9k\u00e9t els\u0151sorban vir\u00e1gzata adja, levelei a leander\u00e9hez hasonl\u00f3ak. Ezzel a k\u00fcl\u00f6nlegesen sz\u00e9p n\u00f6v\u00e9nnyel, mediterr\u00e1n hangulatot csemp\u00e9szhet\u00fcnk a kertbe. Vir\u00e1gai apr\u00f3k, \u00e9l\u00e9nks\u00e1rga \u00e9s piros sz\u00edn\u0171ek, bogerny\u0151t alkotnak a hajt\u00e1sok v\u00e9g\u00e9n. Vir\u00e1gait eg\u00e9sz ny\u00e1ron hozza. A k\u00ednai leander m\u00e9rgez\u0151 n\u00f6v\u00e9ny, gondoz\u00e1sa sor\u00e1n j\u00e1rjunk el k\u00f6r\u00fcltekint\u0151en, vegy\u00fcnk [&hellip;]","og_url":"https:\/\/tajkertesz.com\/en_US\/product\/asclepias-curassavica-kinai-leander\/","og_site_name":"T\u00e1jkert\u00e9sz","article_publisher":"https:\/\/www.facebook.com\/Tajkertesz\/","article_modified_time":"2023-09-04T09:18:03+00:00","og_image":[{"width":1360,"height":2048,"url":"https:\/\/tajkertesz.com\/wp-content\/uploads\/2023\/07\/347558985_666800448796366_1459623685872185242_n.jpg","type":"image\/jpeg"}],"twitter_card":"summary_large_image","twitter_misc":{"Est. reading time":"1 minute"},"schema":{"@context":"https:\/\/schema.org","@graph":[{"@type":"WebPage","@id":"https:\/\/tajkertesz.com\/termek\/asclepias-curassavica-kinai-leander\/","url":"https:\/\/tajkertesz.com\/termek\/asclepias-curassavica-kinai-leander\/","name":"Asclepias curassavica - K\u00ednai leander - T\u00e1jkert\u00e9sz","isPartOf":{"@id":"https:\/\/tajkertesz.com\/#website"},"primaryImageOfPage":{"@id":"https:\/\/tajkertesz.com\/termek\/asclepias-curassavica-kinai-leander\/#primaryimage"},"image":{"@id":"https:\/\/tajkertesz.com\/termek\/asclepias-curassavica-kinai-leander\/#primaryimage"},"thumbnailUrl":"https:\/\/tajkertesz.com\/wp-content\/uploads\/2023\/07\/347558985_666800448796366_1459623685872185242_n.jpg","datePublished":"2023-07-04T09:34:24+00:00","dateModified":"2023-09-04T09:18:03+00:00","breadcrumb":{"@id":"https:\/\/tajkertesz.com\/termek\/asclepias-curassavica-kinai-leander\/#breadcrumb"},"inLanguage":"en-US","potentialAction":[{"@type":"ReadAction","target":["https:\/\/tajkertesz.com\/termek\/asclepias-curassavica-kinai-leander\/"]}]},{"@type":"ImageObject","inLanguage":"en-US","@id":"https:\/\/tajkertesz.com\/termek\/asclepias-curassavica-kinai-leander\/#primaryimage","url":"https:\/\/tajkertesz.com\/wp-content\/uploads\/2023\/07\/347558985_666800448796366_1459623685872185242_n.jpg","contentUrl":"https:\/\/tajkertesz.com\/wp-content\/uploads\/2023\/07\/347558985_666800448796366_1459623685872185242_n.jpg","width":1360,"height":2048},{"@type":"BreadcrumbList","@id":"https:\/\/tajkertesz.com\/termek\/asclepias-curassavica-kinai-leander\/#breadcrumb","itemListElement":[{"@type":"ListItem","position":1,"name":"Home","item":"https:\/\/tajkertesz.com\/"},{"@type":"ListItem","position":2,"name":"Kezd\u0151lap","item":"https:\/\/tajkertesz.com\/"},{"@type":"ListItem","position":3,"name":"Asclepias curassavica &#8211; K\u00ednai leander"}]},{"@type":"WebSite","@id":"https:\/\/tajkertesz.com\/#website","url":"https:\/\/tajkertesz.com\/","name":"T\u00e1j-Kert\u00e9sz 84 Kft.","description":"Kert\u00e9szeti kis- \u00e9s nagykeresked\u00e9s, D\u00edszn\u00f6v\u00e9ny web\u00e1ruh\u00e1z orsz\u00e1gos h\u00e1zhozsz\u00e1ll\u00edt\u00e1ssal!","publisher":{"@id":"https:\/\/tajkertesz.com\/#organization"},"potentialAction":[{"@type":"SearchAction","target":{"@type":"EntryPoint","urlTemplate":"https:\/\/tajkertesz.com\/?s={search_term_string}"},"query-input":{"@type":"PropertyValueSpecification","valueRequired":true,"valueName":"search_term_string"}}],"inLanguage":"en-US"},{"@type":"Organization","@id":"https:\/\/tajkertesz.com\/#organization","name":"T\u00e1j-Kert\u00e9sz 84 Kft.","url":"https:\/\/tajkertesz.com\/","logo":{"@type":"ImageObject","inLanguage":"en-US","@id":"https:\/\/tajkertesz.com\/#\/schema\/logo\/image\/","url":"https:\/\/tajkertesz.com\/wp-content\/uploads\/2018\/02\/logo-2-e1518678052539.png","contentUrl":"https:\/\/tajkertesz.com\/wp-content\/uploads\/2018\/02\/logo-2-e1518678052539.png","width":81,"height":140,"caption":"T\u00e1j-Kert\u00e9sz 84 Kft."},"image":{"@id":"https:\/\/tajkertesz.com\/#\/schema\/logo\/image\/"},"sameAs":["https:\/\/www.facebook.com\/Tajkertesz\/"]}]}},"_links":{"self":[{"href":"https:\/\/tajkertesz.com\/en_US\/wp-json\/wp\/v2\/product\/15968","targetHints":{"allow":["GET"]}}],"collection":[{"href":"https:\/\/tajkertesz.com\/en_US\/wp-json\/wp\/v2\/product"}],"about":[{"href":"https:\/\/tajkertesz.com\/en_US\/wp-json\/wp\/v2\/types\/product"}],"wp:featuredmedia":[{"embeddable":true,"href":"https:\/\/tajkertesz.com\/en_US\/wp-json\/wp\/v2\/media\/15971"}],"wp:attachment":[{"href":"https:\/\/tajkertesz.com\/en_US\/wp-json\/wp\/v2\/media?parent=15968"}],"wp:term":[{"taxonomy":"product_brand","embeddable":true,"href":"https:\/\/tajkertesz.com\/en_US\/wp-json\/wp\/v2\/product_brand?post=15968"},{"taxonomy":"product_cat","embeddable":true,"href":"https:\/\/tajkertesz.com\/en_US\/wp-json\/wp\/v2\/product_cat?post=15968"},{"taxonomy":"product_tag","embeddable":true,"href":"https:\/\/tajkertesz.com\/en_US\/wp-json\/wp\/v2\/product_tag?post=15968"}],"curies":[{"name":"wp","href":"https:\/\/api.w.org\/{rel}","templated":true}]}}