{"id":15989,"date":"2023-07-08T12:10:50","date_gmt":"2023-07-08T12:10:50","guid":{"rendered":"https:\/\/tajkertesz.com\/?post_type=product&#038;p=15989"},"modified":"2024-03-26T15:37:59","modified_gmt":"2024-03-26T15:37:59","slug":"jovan-innova-familia-szalonnasuto-grillezo-2db-paddal","status":"publish","type":"product","link":"https:\/\/tajkertesz.com\/en_US\/product\/jovan-innova-familia-szalonnasuto-grillezo-2db-paddal\/","title":{"rendered":"Jov\u00e1n INNOVA Fam\u00edlia szalonnas\u00fct\u0151\/grillez\u0151 \u2013 2db paddal"},"content":{"rendered":"<h1 class=\"product_title entry-title\">Jov\u00e1n INNOVA Fam\u00edlia szalonnas\u00fct\u0151\/grillez\u0151 \u2013 2db paddal<\/h1>\n<p>Jov\u00e1n INNOVA Fam\u00edlia szalonnas\u00fct\u0151\/grillez\u0151 \u2013 2db paddal<\/p>\n<div class=\"elementor-element elementor-element-bb06ba7 elementor-widget elementor-widget-heading\" data-id=\"bb06ba7\" data-element_type=\"widget\" data-widget_type=\"heading.default\">\n<div class=\"elementor-widget-container\">\n<div class=\"elementor-heading-title elementor-size-default\">Term\u00e9kinform\u00e1ci\u00f3<\/div>\n<\/div>\n<\/div>\n<div class=\"elementor-element elementor-element-8332d52 elementor-widget__width-initial elementor-widget elementor-widget-text-editor\" data-id=\"8332d52\" data-element_type=\"widget\" data-widget_type=\"text-editor.default\">\n<div class=\"elementor-widget-container\">\n<p>A beton alapanyagnak, illetve a speci\u00e1lis ut\u00f3lagos sz\u00ednez\u00e9si elj\u00e1r\u00e1snak k\u00f6sz\u00f6nhet\u0151en gondoz\u00e1smentes, id\u0151j\u00e1r\u00e1s- \u00e9s fagy\u00e1ll\u00f3 term\u00e9k.<br \/>\nA speci\u00e1lis sz\u00ednez\u00e9si elj\u00e1r\u00e1s miatt a k\u00e9sz term\u00e9keink sz\u00edne a val\u00f3s\u00e1gban elt\u00e9rhet a k\u00e9pen l\u00e1that\u00f3 sz\u00ednekt\u0151l.<br \/>\nMagasnyom\u00e1s\u00fa k\u00e9sz\u00fcl\u00e9kkel t\u00f6rt\u00e9n\u0151 tiszt\u00edt\u00e1s k\u00e1rt tehet a sz\u00ednez\u00e9sben, k\u00e9rj\u00fck ker\u00fclje alkalmaz\u00e1s\u00e1t.<\/p>\n<h6 class=\"product-attribute-name\">Grill m\u0171k\u00f6d\u00e9si elve: <span class=\"product-attribute-value\">Fat\u00fczel\u00e9s\u0171<\/span><\/h6>\n<p><strong><u>Jov\u00e1n term\u00e9kekr\u0151l r\u00f6viden<\/u><\/strong><br \/>\nA manufaktur\u00e1lis m\u00f3dszereken alap\u00fal\u00f3 v\u00e1llalkoz\u00e1s jelenleg\u00a0egyedi formatervez\u00e9s\u0171, saj\u00e1t gy\u00e1rt\u00e1s\u00fa term\u00e9keinkkel van\u00a0jelen a hazai piacon, portf\u00f3li\u00f3jik\u00a0meghat\u00e1roz\u00f3 elemei a kerti k\u0151d\u00edszt\u00e1rgyak, n\u00f6v\u00e9nytart\u00f3k, fali \u00e9s \u00e1ll\u00f3 d\u00edszkutak, sz\u00f6k\u0151kutak, grillek, grill szettek. Term\u00e9keik\u00a0mindegyike az aktu\u00e1lis trendekhez igaz\u00edtott saj\u00e1t elk\u00e9pzel\u00e9sek szerint k\u00e9sz\u00fcl a szakma gy\u00f6kereihez t\u00f6rt\u00e9n\u0151 visszat\u00e9r\u00e9ssel \u2013szabad k\u00e9zi farag\u00e1ssal. Egyed\u00fcl\u00e1ll\u00f3 k\u00edn\u00e1lattal\u00a0rendelkeznek,\u00a0pr\u00e9mium min\u0151s\u00e9g\u0171\u00a0term\u00e9keket \u00e1ll\u00edtanak el\u0151 hazai er\u0151forr\u00e1sok ig\u00e9nybev\u00e9tel\u00e9vel.<\/p>\n<p><strong>Figyelem!<\/strong><\/p>\n<p>Az asztallap k\u00e9t r\u00e9szb\u0151l \u00e1ll.<br \/>\nT\u00fczet rakni kiz\u00e1r\u00f3lag a grillez\u0151 erre kialak\u00edtott f\u00e9m t\u0171zter\u00e9ben szabad!<br \/>\nA t\u0171zt\u00e9r \u00e9s a bogr\u00e1cstart\u00f3 a term\u00e9k tartoz\u00e9ka.<\/p>\n<p>A nem rendeltet\u00e9sszer\u0171 haszn\u00e1latb\u00f3l ered\u0151 k\u00e1rok\u00e9rt nem v\u00e1llalunk felel\u0151ss\u00e9get!<br \/>\nA beton r\u00e9szben rakott t\u0171z miatti k\u00e1rok eset\u00e9n a s\u00e9r\u00fclt elemeket nem \u00e1ll m\u00f3dunkban garancia keret\u00e9ben kicser\u00e9lni!<\/p>\n<p><strong>A term\u00e9k \u00f6sszeszerel\u00e9se s\u00edk, stabil burkolaton t\u00f6rt\u00e9njen, az els\u0151 haszn\u00e1lat el\u0151tt impregn\u00e1lja a fel\u00fcletet!\u00a0<\/strong><\/p>\n<\/div>\n<\/div>\n<section class=\"elementor-section elementor-inner-section elementor-element elementor-element-b844f42 elementor-section-boxed elementor-section-height-default elementor-section-height-default\" data-id=\"b844f42\" data-element_type=\"section\">\n<div class=\"elementor-container elementor-column-gap-no\">\n<div class=\"elementor-column elementor-col-100 elementor-inner-column elementor-element elementor-element-1047819\" data-id=\"1047819\" data-element_type=\"column\">\n<div class=\"elementor-widget-wrap elementor-element-populated\">\n<div class=\"elementor-element elementor-element-06ec5d2 elementor-widget elementor-widget-heading\" data-id=\"06ec5d2\" data-element_type=\"widget\" data-widget_type=\"heading.default\">\n<div class=\"elementor-widget-container\">\n<div class=\"elementor-heading-title elementor-size-default\">Tulajdons\u00e1gok<\/div>\n<\/div>\n<\/div>\n<div class=\"elementor-element elementor-element-656c875 elementor-widget__width-initial elementor-icon-list--layout-traditional elementor-list-item-link-full_width elementor-widget elementor-widget-icon-list\" data-id=\"656c875\" data-element_type=\"widget\" data-widget_type=\"icon-list.default\">\n<div class=\"elementor-widget-container\">\n<ul class=\"elementor-icon-list-items\">\n<li class=\"elementor-icon-list-item\"><i class=\"far fa-snowflake\" aria-hidden=\"true\"><\/i><span class=\"elementor-icon-list-text\">Fagy\u00e1ll\u00f3, k\u00fclt\u00e9ri kivitel<\/span><\/li>\n<li class=\"elementor-icon-list-item\"><i class=\"fas fa-dice-d6\" aria-hidden=\"true\"><\/i><span class=\"elementor-icon-list-text\">Alapanyag: beton<\/span><\/li>\n<li class=\"elementor-icon-list-item\"><i class=\"far fa-hand-paper\" aria-hidden=\"true\"><\/i><span class=\"elementor-icon-list-text\">Manufakt\u00far\u00e1lis m\u00f3dszerekkel k\u00e9sz\u00fclt<\/span><\/li>\n<li class=\"elementor-icon-list-item\"><i class=\"far fa-registered\" aria-hidden=\"true\"><\/i><span class=\"elementor-icon-list-text\">Egyedi formaterv<\/span><\/li>\n<\/ul>\n<\/div>\n<\/div>\n<div class=\"elementor-widget-container\">\n<p>El\u00e9rhet\u0151 t\u00f6bbf\u00e9le m\u00e9retben \u00e9s \u00e1rban.<\/p>\n<p><strong>K\u00e9szlet\u00fcnk napi szinten v\u00e1ltozik, ez\u00e9rt k\u00e9rj\u00fck, \u00e9rdekl\u0151dj\u00f6n szem\u00e9lyesen, telefonon vagy email-en.<br \/>\nA v\u00e1ltoztat\u00e1s jog\u00e1t fenntartjuk!\u00a0<\/strong><\/p>\n<p><a href=\"https:\/\/tajkertesz.com\/\">https:\/\/tajkertesz.com\/<\/a><\/p>\n<p><a href=\"https:\/\/www.facebook.com\/tajkertesz\/\">https:\/\/www.facebook.com\/tajkertesz\/<\/a><\/p>\n<p>Kisz\u00e1ll\u00edt\u00e1s: 200cm-ig \u00a0\u00e9s 40 kg-ig a sz\u00e1ll\u00edt\u00e1s fut\u00e1rszolg\u00e1lattal \u00a0t\u00f6rt\u00e9nik.<\/p>\n<p>Szem\u00e9lyes \u00e1tv\u00e9tel nyitvatart\u00e1si id\u0151ben a 17. ker\u00fclet Bakancsos utca 7. sz\u00e1m alatti Kert\u00e9szeti \u00e1rud\u00e1nkban.<\/p>\n<h2><span style=\"color: #ff0000;\"><strong>Enn\u00e9l a term\u00e9kn\u00e9l a sz\u00e1ll\u00edt\u00e1s csak egyedi \u00e1rszab\u00e1s alapj\u00e1n, illetve szem\u00e9lyes \u00e1tv\u00e9tellel lehets\u00e9ges.<\/strong><\/span><\/h2>\n<h1>Figyelem!<\/h1>\n<p>A sz\u00e1ll\u00edt\u00e1si k\u00f6lts\u00e9g\u00a0<strong>NEM tartalmazza az \u00f6sszeszerel\u00e9st\u00a0<\/strong>(szalonnas\u00fct\u0151\/kerti k\u0151 grillez\u0151\/k\u00fclt\u00e9ri b\u00fator v\u00e1s\u00e1rl\u00e1sa eset\u00e9n),<b>\u00a0illetve a term\u00e9k v\u00e9gs\u0151 rendeltet\u00e9si hely\u00e9re t\u00f6rt\u00e9n\u0151 behord\u00e1s\u00e1t \u00e9s elhelyez\u00e9s\u00e9t!<\/b><br \/>\nA raklap a sz\u00e1ll\u00edt\u00e1st v\u00e9gz\u0151 aut\u00f3t\u00f3l legfeljebb 5 m\u00e9teren bel\u00fcl ker\u00fcl elhelyez\u00e9sre.<\/p>\n<p>A logisztikai c\u00e9ggel t\u00f6rt\u00e9n\u0151 sz\u00e1ll\u00edt\u00e1s eset\u00e9n a partnereink\u00a0esetleges a\u00a0cs\u00fasz\u00e1sai\u00e9rt nem v\u00e1llalunk felel\u0151ss\u00e9get!<\/p>\n<\/div>\n<\/div>\n<\/div>\n<\/div>\n<\/section>","protected":false},"excerpt":{"rendered":"<h1 class=\"product_title entry-title\">Jov\u00e1n INNOVA Fam\u00edlia szalonnas\u00fct\u0151\/grillez\u0151 \u2013 2db paddal<\/h1>\n<p>Egyedi gy\u00e1rt\u00e1s\u00fa k\u00e9zm\u0171ves term\u00e9k.<br \/>\nK\u00fclt\u00e9ri, fagy\u00e1ll\u00f3 kivitel\u0171.<br \/>\nAlkalmas szalonnas\u00fct\u00e9sre, grillez\u00e9sre \u00e9s bogr\u00e1csoz\u00e1shoz is.<br \/>\nMagyar csal\u00e1di manufakt\u00fara term\u00e9ke!<\/p>\n<h2><span style=\"color: #0000ff;\"><strong>K\u00e9rj\u00fck a megjegyz\u00e9sbe \u00edrja le hogy milyen sz\u00ednben szeretn\u00e9 megrendelni a term\u00e9ket!<\/strong><\/span><\/h2>","protected":false},"featured_media":15988,"template":"","meta":{"_et_pb_use_builder":"","_et_pb_old_content":"","_et_gb_content_width":""},"product_brand":[],"product_cat":[4274,4229],"product_tag":[5037,5036,3463,3534,1535],"class_list":{"0":"post-15989","1":"product","2":"type-product","3":"status-publish","4":"has-post-thumbnail","6":"product_cat-akcios-termekek","7":"product_cat-jovan-grillezo-szettek","8":"product_tag-grill-szett","9":"product_tag-grillezo","10":"product_tag-innova","11":"product_tag-innova-familia","12":"product_tag-jovan","14":"first","15":"instock","16":"shipping-taxable","17":"purchasable","18":"product-type-simple"},"yoast_head":"<!-- This site is optimized with the Yoast SEO plugin v27.5 - https:\/\/yoast.com\/product\/yoast-seo-wordpress\/ -->\n<title>Jov\u00e1n INNOVA Fam\u00edlia szalonnas\u00fct\u0151\/grillez\u0151 \u2013 2db paddal - T\u00e1jkert\u00e9sz<\/title>\n<meta name=\"description\" content=\"Jov\u00e1n INNOVA Fam\u00edlia szalonnas\u00fct\u0151\/grillez\u0151 \u2013 2db paddalEgyedi gy\u00e1rt\u00e1s\u00fa k\u00e9zm\u0171ves term\u00e9k.K\u00fclt\u00e9ri, fagy\u00e1ll\u00f3 kivitel\u0171.Alkalmas szalonnas\u00fct\u00e9sre, grillez...\" \/>\n<meta name=\"robots\" content=\"index, follow, max-snippet:-1, max-image-preview:large, max-video-preview:-1\" \/>\n<link rel=\"canonical\" href=\"https:\/\/tajkertesz.com\/en_US\/product\/jovan-innova-familia-szalonnasuto-grillezo-2db-paddal\/\" \/>\n<meta property=\"og:locale\" content=\"en_US\" \/>\n<meta property=\"og:type\" content=\"article\" \/>\n<meta property=\"og:title\" content=\"https:\/\/www.facebook.com\/tajkertesz\" \/>\n<meta property=\"og:description\" content=\"A beton alapanyagnak, illetve a speci\u00e1lis ut\u00f3lagos sz\u00ednez\u00e9si elj\u00e1r\u00e1snak k\u00f6sz\u00f6nhet\u0151en gondoz\u00e1smentes, id\u0151j\u00e1r\u00e1s- \u00e9s fagy\u00e1ll\u00f3 term\u00e9k.A speci\u00e1lis sz\u00ednez\u00e9si elj\u00e1r\u00e1s miatt a k\u00e9sz term\u00e9keink sz\u00edne a val\u00f3s\u00e1gban elt\u00e9rhet a k\u00e9pen l\u00e1that\u00f3 sz\u00ednekt\u0151l.Magasnyom\u00e1s\u00fa k\u00e9sz\u00fcl\u00e9kkel t\u00f6rt\u00e9n\u0151 tiszt\u00edt\u00e1s k\u00e1rt tehet a sz\u00ednez\u00e9sben, k\u00e9rj\u00fck ker\u00fclje alkalmaz\u00e1s\u00e1t.\" \/>\n<meta property=\"og:url\" content=\"https:\/\/tajkertesz.com\/en_US\/product\/jovan-innova-familia-szalonnasuto-grillezo-2db-paddal\/\" \/>\n<meta property=\"og:site_name\" content=\"T\u00e1jkert\u00e9sz\" \/>\n<meta property=\"article:publisher\" content=\"https:\/\/www.facebook.com\/Tajkertesz\/\" \/>\n<meta property=\"article:modified_time\" content=\"2024-03-26T15:37:59+00:00\" \/>\n<meta property=\"og:image\" content=\"https:\/\/tajkertesz.com\/wp-content\/uploads\/2023\/07\/innova_familia_szett_c.webp\" \/>\n\t<meta property=\"og:image:width\" content=\"512\" \/>\n\t<meta property=\"og:image:height\" content=\"644\" \/>\n\t<meta property=\"og:image:type\" content=\"image\/webp\" \/>\n<meta name=\"twitter:card\" content=\"summary_large_image\" \/>\n<meta name=\"twitter:label1\" content=\"Est. reading time\" \/>\n\t<meta name=\"twitter:data1\" content=\"2 minutes\" \/>\n<script type=\"application\/ld+json\" class=\"yoast-schema-graph\">{\"@context\":\"https:\\\/\\\/schema.org\",\"@graph\":[{\"@type\":\"WebPage\",\"@id\":\"https:\\\/\\\/tajkertesz.com\\\/termek\\\/jovan-innova-familia-szalonnasuto-grillezo-2db-paddal\\\/\",\"url\":\"https:\\\/\\\/tajkertesz.com\\\/termek\\\/jovan-innova-familia-szalonnasuto-grillezo-2db-paddal\\\/\",\"name\":\"Jov\u00e1n INNOVA Fam\u00edlia szalonnas\u00fct\u0151\\\/grillez\u0151 \u2013 2db paddal - T\u00e1jkert\u00e9sz\",\"isPartOf\":{\"@id\":\"https:\\\/\\\/tajkertesz.com\\\/#website\"},\"primaryImageOfPage\":{\"@id\":\"https:\\\/\\\/tajkertesz.com\\\/termek\\\/jovan-innova-familia-szalonnasuto-grillezo-2db-paddal\\\/#primaryimage\"},\"image\":{\"@id\":\"https:\\\/\\\/tajkertesz.com\\\/termek\\\/jovan-innova-familia-szalonnasuto-grillezo-2db-paddal\\\/#primaryimage\"},\"thumbnailUrl\":\"https:\\\/\\\/tajkertesz.com\\\/wp-content\\\/uploads\\\/2023\\\/07\\\/innova_familia_szett_c.webp\",\"datePublished\":\"2023-07-08T12:10:50+00:00\",\"dateModified\":\"2024-03-26T15:37:59+00:00\",\"description\":\"Jov\u00e1n INNOVA Fam\u00edlia szalonnas\u00fct\u0151\\\/grillez\u0151 \u2013 2db paddalEgyedi gy\u00e1rt\u00e1s\u00fa k\u00e9zm\u0171ves term\u00e9k.K\u00fclt\u00e9ri, fagy\u00e1ll\u00f3 kivitel\u0171.Alkalmas szalonnas\u00fct\u00e9sre, grillez...\",\"breadcrumb\":{\"@id\":\"https:\\\/\\\/tajkertesz.com\\\/termek\\\/jovan-innova-familia-szalonnasuto-grillezo-2db-paddal\\\/#breadcrumb\"},\"inLanguage\":\"en-US\",\"potentialAction\":[{\"@type\":\"ReadAction\",\"target\":[\"https:\\\/\\\/tajkertesz.com\\\/termek\\\/jovan-innova-familia-szalonnasuto-grillezo-2db-paddal\\\/\"]}]},{\"@type\":\"ImageObject\",\"inLanguage\":\"en-US\",\"@id\":\"https:\\\/\\\/tajkertesz.com\\\/termek\\\/jovan-innova-familia-szalonnasuto-grillezo-2db-paddal\\\/#primaryimage\",\"url\":\"https:\\\/\\\/tajkertesz.com\\\/wp-content\\\/uploads\\\/2023\\\/07\\\/innova_familia_szett_c.webp\",\"contentUrl\":\"https:\\\/\\\/tajkertesz.com\\\/wp-content\\\/uploads\\\/2023\\\/07\\\/innova_familia_szett_c.webp\",\"width\":512,\"height\":644},{\"@type\":\"BreadcrumbList\",\"@id\":\"https:\\\/\\\/tajkertesz.com\\\/termek\\\/jovan-innova-familia-szalonnasuto-grillezo-2db-paddal\\\/#breadcrumb\",\"itemListElement\":[{\"@type\":\"ListItem\",\"position\":1,\"name\":\"Home\",\"item\":\"https:\\\/\\\/tajkertesz.com\\\/\"},{\"@type\":\"ListItem\",\"position\":2,\"name\":\"Kezd\u0151lap\",\"item\":\"https:\\\/\\\/tajkertesz.com\\\/\"},{\"@type\":\"ListItem\",\"position\":3,\"name\":\"Jov\u00e1n INNOVA Fam\u00edlia szalonnas\u00fct\u0151\\\/grillez\u0151 \u2013 2db paddal\"}]},{\"@type\":\"WebSite\",\"@id\":\"https:\\\/\\\/tajkertesz.com\\\/#website\",\"url\":\"https:\\\/\\\/tajkertesz.com\\\/\",\"name\":\"T\u00e1j-Kert\u00e9sz 84 Kft.\",\"description\":\"Kert\u00e9szeti kis- \u00e9s nagykeresked\u00e9s, D\u00edszn\u00f6v\u00e9ny web\u00e1ruh\u00e1z orsz\u00e1gos h\u00e1zhozsz\u00e1ll\u00edt\u00e1ssal!\",\"publisher\":{\"@id\":\"https:\\\/\\\/tajkertesz.com\\\/#organization\"},\"potentialAction\":[{\"@type\":\"SearchAction\",\"target\":{\"@type\":\"EntryPoint\",\"urlTemplate\":\"https:\\\/\\\/tajkertesz.com\\\/?s={search_term_string}\"},\"query-input\":{\"@type\":\"PropertyValueSpecification\",\"valueRequired\":true,\"valueName\":\"search_term_string\"}}],\"inLanguage\":\"en-US\"},{\"@type\":\"Organization\",\"@id\":\"https:\\\/\\\/tajkertesz.com\\\/#organization\",\"name\":\"T\u00e1j-Kert\u00e9sz 84 Kft.\",\"url\":\"https:\\\/\\\/tajkertesz.com\\\/\",\"logo\":{\"@type\":\"ImageObject\",\"inLanguage\":\"en-US\",\"@id\":\"https:\\\/\\\/tajkertesz.com\\\/#\\\/schema\\\/logo\\\/image\\\/\",\"url\":\"https:\\\/\\\/tajkertesz.com\\\/wp-content\\\/uploads\\\/2018\\\/02\\\/logo-2-e1518678052539.png\",\"contentUrl\":\"https:\\\/\\\/tajkertesz.com\\\/wp-content\\\/uploads\\\/2018\\\/02\\\/logo-2-e1518678052539.png\",\"width\":81,\"height\":140,\"caption\":\"T\u00e1j-Kert\u00e9sz 84 Kft.\"},\"image\":{\"@id\":\"https:\\\/\\\/tajkertesz.com\\\/#\\\/schema\\\/logo\\\/image\\\/\"},\"sameAs\":[\"https:\\\/\\\/www.facebook.com\\\/Tajkertesz\\\/\"]}]}<\/script>\n<!-- \/ Yoast SEO plugin. -->","yoast_head_json":{"title":"Jov\u00e1n INNOVA Fam\u00edlia szalonnas\u00fct\u0151\/grillez\u0151 \u2013 2db paddal - T\u00e1jkert\u00e9sz","description":"Jov\u00e1n INNOVA Fam\u00edlia szalonnas\u00fct\u0151\/grillez\u0151 \u2013 2db paddalEgyedi gy\u00e1rt\u00e1s\u00fa k\u00e9zm\u0171ves term\u00e9k.K\u00fclt\u00e9ri, fagy\u00e1ll\u00f3 kivitel\u0171.Alkalmas szalonnas\u00fct\u00e9sre, grillez...","robots":{"index":"index","follow":"follow","max-snippet":"max-snippet:-1","max-image-preview":"max-image-preview:large","max-video-preview":"max-video-preview:-1"},"canonical":"https:\/\/tajkertesz.com\/en_US\/product\/jovan-innova-familia-szalonnasuto-grillezo-2db-paddal\/","og_locale":"en_US","og_type":"article","og_title":"https:\/\/www.facebook.com\/tajkertesz","og_description":"A beton alapanyagnak, illetve a speci\u00e1lis ut\u00f3lagos sz\u00ednez\u00e9si elj\u00e1r\u00e1snak k\u00f6sz\u00f6nhet\u0151en gondoz\u00e1smentes, id\u0151j\u00e1r\u00e1s- \u00e9s fagy\u00e1ll\u00f3 term\u00e9k.A speci\u00e1lis sz\u00ednez\u00e9si elj\u00e1r\u00e1s miatt a k\u00e9sz term\u00e9keink sz\u00edne a val\u00f3s\u00e1gban elt\u00e9rhet a k\u00e9pen l\u00e1that\u00f3 sz\u00ednekt\u0151l.Magasnyom\u00e1s\u00fa k\u00e9sz\u00fcl\u00e9kkel t\u00f6rt\u00e9n\u0151 tiszt\u00edt\u00e1s k\u00e1rt tehet a sz\u00ednez\u00e9sben, k\u00e9rj\u00fck ker\u00fclje alkalmaz\u00e1s\u00e1t.","og_url":"https:\/\/tajkertesz.com\/en_US\/product\/jovan-innova-familia-szalonnasuto-grillezo-2db-paddal\/","og_site_name":"T\u00e1jkert\u00e9sz","article_publisher":"https:\/\/www.facebook.com\/Tajkertesz\/","article_modified_time":"2024-03-26T15:37:59+00:00","og_image":[{"width":512,"height":644,"url":"https:\/\/tajkertesz.com\/wp-content\/uploads\/2023\/07\/innova_familia_szett_c.webp","type":"image\/webp"}],"twitter_card":"summary_large_image","twitter_misc":{"Est. reading time":"2 minutes"},"schema":{"@context":"https:\/\/schema.org","@graph":[{"@type":"WebPage","@id":"https:\/\/tajkertesz.com\/termek\/jovan-innova-familia-szalonnasuto-grillezo-2db-paddal\/","url":"https:\/\/tajkertesz.com\/termek\/jovan-innova-familia-szalonnasuto-grillezo-2db-paddal\/","name":"Jov\u00e1n INNOVA Fam\u00edlia szalonnas\u00fct\u0151\/grillez\u0151 \u2013 2db paddal - T\u00e1jkert\u00e9sz","isPartOf":{"@id":"https:\/\/tajkertesz.com\/#website"},"primaryImageOfPage":{"@id":"https:\/\/tajkertesz.com\/termek\/jovan-innova-familia-szalonnasuto-grillezo-2db-paddal\/#primaryimage"},"image":{"@id":"https:\/\/tajkertesz.com\/termek\/jovan-innova-familia-szalonnasuto-grillezo-2db-paddal\/#primaryimage"},"thumbnailUrl":"https:\/\/tajkertesz.com\/wp-content\/uploads\/2023\/07\/innova_familia_szett_c.webp","datePublished":"2023-07-08T12:10:50+00:00","dateModified":"2024-03-26T15:37:59+00:00","description":"Jov\u00e1n INNOVA Fam\u00edlia szalonnas\u00fct\u0151\/grillez\u0151 \u2013 2db paddalEgyedi gy\u00e1rt\u00e1s\u00fa k\u00e9zm\u0171ves term\u00e9k.K\u00fclt\u00e9ri, fagy\u00e1ll\u00f3 kivitel\u0171.Alkalmas szalonnas\u00fct\u00e9sre, grillez...","breadcrumb":{"@id":"https:\/\/tajkertesz.com\/termek\/jovan-innova-familia-szalonnasuto-grillezo-2db-paddal\/#breadcrumb"},"inLanguage":"en-US","potentialAction":[{"@type":"ReadAction","target":["https:\/\/tajkertesz.com\/termek\/jovan-innova-familia-szalonnasuto-grillezo-2db-paddal\/"]}]},{"@type":"ImageObject","inLanguage":"en-US","@id":"https:\/\/tajkertesz.com\/termek\/jovan-innova-familia-szalonnasuto-grillezo-2db-paddal\/#primaryimage","url":"https:\/\/tajkertesz.com\/wp-content\/uploads\/2023\/07\/innova_familia_szett_c.webp","contentUrl":"https:\/\/tajkertesz.com\/wp-content\/uploads\/2023\/07\/innova_familia_szett_c.webp","width":512,"height":644},{"@type":"BreadcrumbList","@id":"https:\/\/tajkertesz.com\/termek\/jovan-innova-familia-szalonnasuto-grillezo-2db-paddal\/#breadcrumb","itemListElement":[{"@type":"ListItem","position":1,"name":"Home","item":"https:\/\/tajkertesz.com\/"},{"@type":"ListItem","position":2,"name":"Kezd\u0151lap","item":"https:\/\/tajkertesz.com\/"},{"@type":"ListItem","position":3,"name":"Jov\u00e1n INNOVA Fam\u00edlia szalonnas\u00fct\u0151\/grillez\u0151 \u2013 2db paddal"}]},{"@type":"WebSite","@id":"https:\/\/tajkertesz.com\/#website","url":"https:\/\/tajkertesz.com\/","name":"T\u00e1j-Kert\u00e9sz 84 Kft.","description":"Kert\u00e9szeti kis- \u00e9s nagykeresked\u00e9s, D\u00edszn\u00f6v\u00e9ny web\u00e1ruh\u00e1z orsz\u00e1gos h\u00e1zhozsz\u00e1ll\u00edt\u00e1ssal!","publisher":{"@id":"https:\/\/tajkertesz.com\/#organization"},"potentialAction":[{"@type":"SearchAction","target":{"@type":"EntryPoint","urlTemplate":"https:\/\/tajkertesz.com\/?s={search_term_string}"},"query-input":{"@type":"PropertyValueSpecification","valueRequired":true,"valueName":"search_term_string"}}],"inLanguage":"en-US"},{"@type":"Organization","@id":"https:\/\/tajkertesz.com\/#organization","name":"T\u00e1j-Kert\u00e9sz 84 Kft.","url":"https:\/\/tajkertesz.com\/","logo":{"@type":"ImageObject","inLanguage":"en-US","@id":"https:\/\/tajkertesz.com\/#\/schema\/logo\/image\/","url":"https:\/\/tajkertesz.com\/wp-content\/uploads\/2018\/02\/logo-2-e1518678052539.png","contentUrl":"https:\/\/tajkertesz.com\/wp-content\/uploads\/2018\/02\/logo-2-e1518678052539.png","width":81,"height":140,"caption":"T\u00e1j-Kert\u00e9sz 84 Kft."},"image":{"@id":"https:\/\/tajkertesz.com\/#\/schema\/logo\/image\/"},"sameAs":["https:\/\/www.facebook.com\/Tajkertesz\/"]}]}},"_links":{"self":[{"href":"https:\/\/tajkertesz.com\/en_US\/wp-json\/wp\/v2\/product\/15989","targetHints":{"allow":["GET"]}}],"collection":[{"href":"https:\/\/tajkertesz.com\/en_US\/wp-json\/wp\/v2\/product"}],"about":[{"href":"https:\/\/tajkertesz.com\/en_US\/wp-json\/wp\/v2\/types\/product"}],"wp:featuredmedia":[{"embeddable":true,"href":"https:\/\/tajkertesz.com\/en_US\/wp-json\/wp\/v2\/media\/15988"}],"wp:attachment":[{"href":"https:\/\/tajkertesz.com\/en_US\/wp-json\/wp\/v2\/media?parent=15989"}],"wp:term":[{"taxonomy":"product_brand","embeddable":true,"href":"https:\/\/tajkertesz.com\/en_US\/wp-json\/wp\/v2\/product_brand?post=15989"},{"taxonomy":"product_cat","embeddable":true,"href":"https:\/\/tajkertesz.com\/en_US\/wp-json\/wp\/v2\/product_cat?post=15989"},{"taxonomy":"product_tag","embeddable":true,"href":"https:\/\/tajkertesz.com\/en_US\/wp-json\/wp\/v2\/product_tag?post=15989"}],"curies":[{"name":"wp","href":"https:\/\/api.w.org\/{rel}","templated":true}]}}