{"id":15990,"date":"2023-07-08T12:41:52","date_gmt":"2023-07-08T12:41:52","guid":{"rendered":"https:\/\/tajkertesz.com\/?post_type=product&#038;p=15990"},"modified":"2024-03-26T15:44:44","modified_gmt":"2024-03-26T15:44:44","slug":"jovan-party-100-szalonnasuto-kogrill-ko-bogracsozo-3-paddal","status":"publish","type":"product","link":"https:\/\/tajkertesz.com\/en_US\/product\/jovan-party-100-szalonnasuto-kogrill-ko-bogracsozo-3-paddal\/","title":{"rendered":"Jov\u00e1n PARTY 100 szalonnas\u00fct\u0151\/k\u0151grill\/k\u0151 bogr\u00e1csoz\u00f3 \u2013 3 paddal"},"content":{"rendered":"<h1 class=\"product_title entry-title\">Jov\u00e1n PARTY 100 szalonnas\u00fct\u0151\/k\u0151grill\/k\u0151 bogr\u00e1csoz\u00f3 \u2013 3 paddal<\/h1>\n<p>Jov\u00e1n PARTY 100 szalonnas\u00fct\u0151\/k\u0151grill\/k\u0151 bogr\u00e1csoz\u00f3 \u2013 3 paddal<\/p>\n<div class=\"elementor-element elementor-element-a3d7314 elementor-widget elementor-widget-jet-single-content\" data-id=\"a3d7314\" data-element_type=\"widget\" data-widget_type=\"jet-single-content.default\">\n<div class=\"elementor-widget-container\">\n<div class=\"elementor-jet-single-content jet-woo-builder\">\n<div class=\"jet-single-content\">\n<div class=\"elementor elementor-12688\" data-elementor-type=\"wp-post\" data-elementor-id=\"12688\" data-elementor-post-type=\"product\">\n<section class=\"elementor-section elementor-top-section elementor-element elementor-element-eaff891 elementor-section-boxed elementor-section-height-default elementor-section-height-default\" data-id=\"eaff891\" data-element_type=\"section\">\n<div class=\"elementor-container elementor-column-gap-no\">\n<div class=\"elementor-column elementor-col-100 elementor-top-column elementor-element elementor-element-746aa27\" data-id=\"746aa27\" data-element_type=\"column\">\n<div class=\"elementor-widget-wrap elementor-element-populated\">\n<div class=\"elementor-element elementor-element-bb06ba7 elementor-widget elementor-widget-heading\" data-id=\"bb06ba7\" data-element_type=\"widget\" data-widget_type=\"heading.default\">\n<div class=\"elementor-widget-container\">\n<p>Egyedi gy\u00e1rt\u00e1s\u00fa k\u00e9zm\u0171ves term\u00e9k.<br \/>\nK\u00fclt\u00e9ri, fagy\u00e1ll\u00f3 kivitel\u0171.<br \/>\nAlkalmas szalonnas\u00fct\u00e9sre, grillez\u00e9sre \u00e9s bogr\u00e1csoz\u00e1shoz is.<br \/>\nMagyar csal\u00e1di manufakt\u00fara term\u00e9ke!<\/p>\n<p>Kompozit-beton alapanyag\u00e1nak \u00e9s a speci\u00e1lis ut\u00f3lagos sz\u00ednez\u00e9si elj\u00e1r\u00e1snak k\u00f6sz\u00f6nhet\u0151en gondoz\u00e1smentes, id\u0151j\u00e1r\u00e1s- \u00e9s fagy\u00e1ll\u00f3 term\u00e9k.<br \/>\nA speci\u00e1lis sz\u00ednez\u00e9si elj\u00e1r\u00e1s miatt a k\u00e9sz term\u00e9keink sz\u00edne a val\u00f3s\u00e1gban elt\u00e9rhet a k\u00e9pen l\u00e1that\u00f3 sz\u00ednekt\u0151l. Magasnyom\u00e1s\u00fa k\u00e9sz\u00fcl\u00e9kkel t\u00f6rt\u00e9n\u0151 tiszt\u00edt\u00e1s k\u00e1rt tehet a sz\u00ednez\u00e9sben, k\u00e9rj\u00fck ker\u00fclje alkalmaz\u00e1s\u00e1t.<br \/>\nA maxim\u00e1lis tart\u00f3ss\u00e1g el\u00e9r\u00e9se \u00e9rdek\u00e9ben impregn\u00e1l\u00f3 folyad\u00e9k haszn\u00e1lat\u00e1t javasoljuk!<\/p>\n<p>K\u00e9rj\u00fck figyeljen az al\u00e1bbiakra:<\/p>\n<p>Az asztallapok \u00f6sszeilleszt\u00e9s\u00e9hez \u00e9s r\u00f6gz\u00edt\u00e9s\u00e9hez alum\u00ednium \u00f6sszek\u00f6t\u0151 elemet \u00e9s csavarokat biztos\u00edtunk. Az \u00f6sszeszerel\u00e9s kiz\u00e1r\u00f3lag k\u00e9zi szersz\u00e1mmal t\u00f6rt\u00e9nhet! G\u00e9pi csavaroz\u00e1s eset\u00e9n keletkez\u0151 s\u00e9r\u00fcl\u00e9sek illetve a csavart\u00f6r\u00e9s miatti k\u00e1r nem \u00e9rv\u00e9nyes\u00edthet\u0151 j\u00f3t\u00e1ll\u00e1s keret\u00e9ben!<br \/>\nT\u00fczet rakni kiz\u00e1r\u00f3lag a grillez\u0151 erre kialak\u00edtott f\u00e9m t\u0171zter\u00e9ben szabad!<br \/>\nA t\u0171zt\u00e9r a term\u00e9k tartoz\u00e9ka.<br \/>\nA nem rendeltet\u00e9sszer\u0171 haszn\u00e1latb\u00f3l ered\u0151 k\u00e1rok\u00e9rt nem v\u00e1llalunk felel\u0151ss\u00e9get!<br \/>\nA beton r\u00e9szben rakott t\u0171z miatti k\u00e1rok eset\u00e9n a s\u00e9r\u00fclt elemeket nem \u00e1ll m\u00f3dunkban j\u00f3t\u00e1ll\u00e1s (garancia) keret\u00e9ben kicser\u00e9lni!<br \/>\nA term\u00e9k \u00f6sszeszerel\u00e9se s\u00edk, stabil burkolaton t\u00f6rt\u00e9njen!<\/p>\n<\/div>\n<\/div>\n<\/div>\n<\/div>\n<\/div>\n<\/section>\n<\/div>\n<\/div>\n<\/div>\n<\/div>\n<\/div>\n<div class=\"elementor-element elementor-element-3afc5e2 elementor-widget elementor-widget-jet-single-attributes\" data-id=\"3afc5e2\" data-element_type=\"widget\" data-widget_type=\"jet-single-attributes.default\">\n<div class=\"elementor-widget-container\">\n<div class=\"elementor-jet-single-attributes jet-woo-builder\">\n<p>El\u00e9rhet\u0151 t\u00f6bbf\u00e9le m\u00e9retben \u00e9s \u00e1rban.<\/p>\n<p><strong>K\u00e9szlet\u00fcnk napi szinten v\u00e1ltozik, ez\u00e9rt k\u00e9rj\u00fck, \u00e9rdekl\u0151dj\u00f6n szem\u00e9lyesen, telefonon vagy email-en.<br \/>\nA v\u00e1ltoztat\u00e1s jog\u00e1t fenntartjuk!\u00a0<\/strong><\/p>\n<p><a href=\"https:\/\/tajkertesz.com\/\">https:\/\/tajkertesz.com\/<\/a><\/p>\n<p><a href=\"https:\/\/www.facebook.com\/tajkertesz\/\">https:\/\/www.facebook.com\/tajkertesz\/<\/a><\/p>\n<p>Kisz\u00e1ll\u00edt\u00e1s: 200cm-ig \u00a0\u00e9s 40 kg-ig a sz\u00e1ll\u00edt\u00e1s fut\u00e1rszolg\u00e1lattal \u00a0t\u00f6rt\u00e9nik.<\/p>\n<p>Szem\u00e9lyes \u00e1tv\u00e9tel nyitvatart\u00e1si id\u0151ben a 17. ker\u00fclet Bakancsos utca 7. sz\u00e1m alatti Kert\u00e9szeti \u00e1rud\u00e1nkban.<\/p>\n<h2><span style=\"color: #ff0000;\"><strong>Enn\u00e9l a term\u00e9kn\u00e9l a sz\u00e1ll\u00edt\u00e1s csak egyedi \u00e1rszab\u00e1s alapj\u00e1n, illetve szem\u00e9lyes \u00e1tv\u00e9tellel lehets\u00e9ges.<\/strong><\/span><\/h2>\n<h1>Figyelem!<\/h1>\n<p>A sz\u00e1ll\u00edt\u00e1si k\u00f6lts\u00e9g\u00a0<strong>NEM tartalmazza az \u00f6sszeszerel\u00e9st\u00a0<\/strong>(szalonnas\u00fct\u0151\/kerti k\u0151 grillez\u0151\/k\u00fclt\u00e9ri b\u00fator v\u00e1s\u00e1rl\u00e1sa eset\u00e9n),<b>\u00a0illetve a term\u00e9k v\u00e9gs\u0151 rendeltet\u00e9si hely\u00e9re t\u00f6rt\u00e9n\u0151 behord\u00e1s\u00e1t \u00e9s elhelyez\u00e9s\u00e9t!<\/b><br \/>\nA raklap a sz\u00e1ll\u00edt\u00e1st v\u00e9gz\u0151 aut\u00f3t\u00f3l legfeljebb 5 m\u00e9teren bel\u00fcl ker\u00fcl elhelyez\u00e9sre.<\/p>\n<p>A logisztikai c\u00e9ggel t\u00f6rt\u00e9n\u0151 sz\u00e1ll\u00edt\u00e1s eset\u00e9n a partnereink\u00a0esetleges a\u00a0cs\u00fasz\u00e1sai\u00e9rt nem v\u00e1llalunk felel\u0151ss\u00e9get!<\/p>\n<\/div>\n<\/div>\n<\/div>","protected":false},"excerpt":{"rendered":"<h1 class=\"product_title entry-title\">Jov\u00e1n PARTY 100 szalonnas\u00fct\u0151\/k\u0151grill\/k\u0151 bogr\u00e1csoz\u00f3 \u2013 3 paddal<\/h1>\n<p>Egyedi gy\u00e1rt\u00e1s\u00fa k\u00e9zm\u0171ves term\u00e9k.<br \/>\nK\u00fclt\u00e9ri, fagy\u00e1ll\u00f3 kivitel\u0171.<br \/>\nAlkalmas szalonnas\u00fct\u00e9sre, grillez\u00e9sre \u00e9s bogr\u00e1csoz\u00e1shoz is.<\/p>\n<p>A k\u00e9pen l\u00e1that\u00f3 zom\u00e1ncozott f\u00e9m t\u0171zt\u00e9r tartoz\u00e9k! Kiz\u00e1r\u00f3lag abban szabad t\u00fczet rakni!<\/p>\n<p>Magyar csal\u00e1di manufakt\u00fara term\u00e9ke!<\/p>\n<p>Az asztallap \u00e1tm\u00e9r\u0151je 100 cm.<\/p>\n<div class=\"woocommerce-product-details__short-description\">\n<h3><span style=\"color: #0000ff;\"><strong>Enn\u00e9l a term\u00e9kn\u00e9l a sz\u00e1ll\u00edt\u00e1s csak egyedi megbesz\u00e9l\u00e9s alapj\u00e1n, illetve szem\u00e9lyes \u00e1tv\u00e9tellel lehets\u00e9ges!<\/strong><\/span><\/h3>\n<\/div>","protected":false},"featured_media":15991,"template":"","meta":{"_et_pb_use_builder":"","_et_pb_old_content":"","_et_gb_content_width":""},"product_brand":[],"product_cat":[4274,4229],"product_tag":[5036,1535,5038,5039],"class_list":{"0":"post-15990","1":"product","2":"type-product","3":"status-publish","4":"has-post-thumbnail","6":"product_cat-akcios-termekek","7":"product_cat-jovan-grillezo-szettek","8":"product_tag-grillezo","9":"product_tag-jovan","10":"product_tag-party-100","11":"product_tag-szalonnasuto","13":"first","14":"instock","15":"shipping-taxable","16":"purchasable","17":"product-type-simple"},"yoast_head":"<!-- This site is optimized with the Yoast SEO plugin v27.5 - https:\/\/yoast.com\/product\/yoast-seo-wordpress\/ -->\n<title>Jov\u00e1n PARTY 100 szalonnas\u00fct\u0151\/k\u0151grill\/k\u0151 bogr\u00e1csoz\u00f3 \u2013 3 paddal - T\u00e1jkert\u00e9sz<\/title>\n<meta name=\"description\" content=\"Jov\u00e1n PARTY 100 szalonnas\u00fct\u0151\/k\u0151grill\/k\u0151 bogr\u00e1csoz\u00f3 \u2013 3 paddal Gondoz\u00e1smentes, id\u0151j\u00e1r\u00e1s- \u00e9s fagy\u00e1ll\u00f3 term\u00e9k. Kert\u00e9szeti Kis-\u00e9s nagykeresked\u00e9s\" \/>\n<meta name=\"robots\" content=\"index, follow, max-snippet:-1, max-image-preview:large, max-video-preview:-1\" \/>\n<link rel=\"canonical\" href=\"https:\/\/tajkertesz.com\/en_US\/product\/jovan-party-100-szalonnasuto-kogrill-ko-bogracsozo-3-paddal\/\" \/>\n<meta property=\"og:locale\" content=\"en_US\" \/>\n<meta property=\"og:type\" content=\"article\" \/>\n<meta property=\"og:title\" content=\"https:\/\/www.facebook.com\/tajkertesz\" \/>\n<meta property=\"og:description\" content=\"Egyedi gy\u00e1rt\u00e1s\u00fa k\u00e9zm\u0171ves term\u00e9k. K\u00fclt\u00e9ri, fagy\u00e1ll\u00f3 kivitel\u0171. Alkalmas szalonnas\u00fct\u00e9sre, grillez\u00e9sre \u00e9s bogr\u00e1csoz\u00e1shoz is.\" \/>\n<meta property=\"og:url\" content=\"https:\/\/tajkertesz.com\/en_US\/product\/jovan-party-100-szalonnasuto-kogrill-ko-bogracsozo-3-paddal\/\" \/>\n<meta property=\"og:site_name\" content=\"T\u00e1jkert\u00e9sz\" \/>\n<meta property=\"article:publisher\" content=\"https:\/\/www.facebook.com\/Tajkertesz\/\" \/>\n<meta property=\"article:modified_time\" content=\"2024-03-26T15:44:44+00:00\" \/>\n<meta property=\"og:image\" content=\"https:\/\/tajkertesz.com\/wp-content\/uploads\/2023\/07\/party-100_.jpg\" \/>\n\t<meta property=\"og:image:width\" content=\"512\" \/>\n\t<meta property=\"og:image:height\" content=\"644\" \/>\n\t<meta property=\"og:image:type\" content=\"image\/jpeg\" \/>\n<meta name=\"twitter:card\" content=\"summary_large_image\" \/>\n<meta name=\"twitter:label1\" content=\"Est. reading time\" \/>\n\t<meta name=\"twitter:data1\" content=\"2 minutes\" \/>\n<script type=\"application\/ld+json\" class=\"yoast-schema-graph\">{\"@context\":\"https:\\\/\\\/schema.org\",\"@graph\":[{\"@type\":\"WebPage\",\"@id\":\"https:\\\/\\\/tajkertesz.com\\\/termek\\\/jovan-party-100-szalonnasuto-kogrill-ko-bogracsozo-3-paddal\\\/\",\"url\":\"https:\\\/\\\/tajkertesz.com\\\/termek\\\/jovan-party-100-szalonnasuto-kogrill-ko-bogracsozo-3-paddal\\\/\",\"name\":\"Jov\u00e1n PARTY 100 szalonnas\u00fct\u0151\\\/k\u0151grill\\\/k\u0151 bogr\u00e1csoz\u00f3 \u2013 3 paddal - T\u00e1jkert\u00e9sz\",\"isPartOf\":{\"@id\":\"https:\\\/\\\/tajkertesz.com\\\/#website\"},\"primaryImageOfPage\":{\"@id\":\"https:\\\/\\\/tajkertesz.com\\\/termek\\\/jovan-party-100-szalonnasuto-kogrill-ko-bogracsozo-3-paddal\\\/#primaryimage\"},\"image\":{\"@id\":\"https:\\\/\\\/tajkertesz.com\\\/termek\\\/jovan-party-100-szalonnasuto-kogrill-ko-bogracsozo-3-paddal\\\/#primaryimage\"},\"thumbnailUrl\":\"https:\\\/\\\/tajkertesz.com\\\/wp-content\\\/uploads\\\/2023\\\/07\\\/party-100_.jpg\",\"datePublished\":\"2023-07-08T12:41:52+00:00\",\"dateModified\":\"2024-03-26T15:44:44+00:00\",\"description\":\"Jov\u00e1n PARTY 100 szalonnas\u00fct\u0151\\\/k\u0151grill\\\/k\u0151 bogr\u00e1csoz\u00f3 \u2013 3 paddal Gondoz\u00e1smentes, id\u0151j\u00e1r\u00e1s- \u00e9s fagy\u00e1ll\u00f3 term\u00e9k. Kert\u00e9szeti Kis-\u00e9s nagykeresked\u00e9s\",\"breadcrumb\":{\"@id\":\"https:\\\/\\\/tajkertesz.com\\\/termek\\\/jovan-party-100-szalonnasuto-kogrill-ko-bogracsozo-3-paddal\\\/#breadcrumb\"},\"inLanguage\":\"en-US\",\"potentialAction\":[{\"@type\":\"ReadAction\",\"target\":[\"https:\\\/\\\/tajkertesz.com\\\/termek\\\/jovan-party-100-szalonnasuto-kogrill-ko-bogracsozo-3-paddal\\\/\"]}]},{\"@type\":\"ImageObject\",\"inLanguage\":\"en-US\",\"@id\":\"https:\\\/\\\/tajkertesz.com\\\/termek\\\/jovan-party-100-szalonnasuto-kogrill-ko-bogracsozo-3-paddal\\\/#primaryimage\",\"url\":\"https:\\\/\\\/tajkertesz.com\\\/wp-content\\\/uploads\\\/2023\\\/07\\\/party-100_.jpg\",\"contentUrl\":\"https:\\\/\\\/tajkertesz.com\\\/wp-content\\\/uploads\\\/2023\\\/07\\\/party-100_.jpg\",\"width\":512,\"height\":644},{\"@type\":\"BreadcrumbList\",\"@id\":\"https:\\\/\\\/tajkertesz.com\\\/termek\\\/jovan-party-100-szalonnasuto-kogrill-ko-bogracsozo-3-paddal\\\/#breadcrumb\",\"itemListElement\":[{\"@type\":\"ListItem\",\"position\":1,\"name\":\"Home\",\"item\":\"https:\\\/\\\/tajkertesz.com\\\/\"},{\"@type\":\"ListItem\",\"position\":2,\"name\":\"Kezd\u0151lap\",\"item\":\"https:\\\/\\\/tajkertesz.com\\\/\"},{\"@type\":\"ListItem\",\"position\":3,\"name\":\"Jov\u00e1n PARTY 100 szalonnas\u00fct\u0151\\\/k\u0151grill\\\/k\u0151 bogr\u00e1csoz\u00f3 \u2013 3 paddal\"}]},{\"@type\":\"WebSite\",\"@id\":\"https:\\\/\\\/tajkertesz.com\\\/#website\",\"url\":\"https:\\\/\\\/tajkertesz.com\\\/\",\"name\":\"T\u00e1j-Kert\u00e9sz 84 Kft.\",\"description\":\"Kert\u00e9szeti kis- \u00e9s nagykeresked\u00e9s, D\u00edszn\u00f6v\u00e9ny web\u00e1ruh\u00e1z orsz\u00e1gos h\u00e1zhozsz\u00e1ll\u00edt\u00e1ssal!\",\"publisher\":{\"@id\":\"https:\\\/\\\/tajkertesz.com\\\/#organization\"},\"potentialAction\":[{\"@type\":\"SearchAction\",\"target\":{\"@type\":\"EntryPoint\",\"urlTemplate\":\"https:\\\/\\\/tajkertesz.com\\\/?s={search_term_string}\"},\"query-input\":{\"@type\":\"PropertyValueSpecification\",\"valueRequired\":true,\"valueName\":\"search_term_string\"}}],\"inLanguage\":\"en-US\"},{\"@type\":\"Organization\",\"@id\":\"https:\\\/\\\/tajkertesz.com\\\/#organization\",\"name\":\"T\u00e1j-Kert\u00e9sz 84 Kft.\",\"url\":\"https:\\\/\\\/tajkertesz.com\\\/\",\"logo\":{\"@type\":\"ImageObject\",\"inLanguage\":\"en-US\",\"@id\":\"https:\\\/\\\/tajkertesz.com\\\/#\\\/schema\\\/logo\\\/image\\\/\",\"url\":\"https:\\\/\\\/tajkertesz.com\\\/wp-content\\\/uploads\\\/2018\\\/02\\\/logo-2-e1518678052539.png\",\"contentUrl\":\"https:\\\/\\\/tajkertesz.com\\\/wp-content\\\/uploads\\\/2018\\\/02\\\/logo-2-e1518678052539.png\",\"width\":81,\"height\":140,\"caption\":\"T\u00e1j-Kert\u00e9sz 84 Kft.\"},\"image\":{\"@id\":\"https:\\\/\\\/tajkertesz.com\\\/#\\\/schema\\\/logo\\\/image\\\/\"},\"sameAs\":[\"https:\\\/\\\/www.facebook.com\\\/Tajkertesz\\\/\"]}]}<\/script>\n<!-- \/ Yoast SEO plugin. -->","yoast_head_json":{"title":"Jov\u00e1n PARTY 100 szalonnas\u00fct\u0151\/k\u0151grill\/k\u0151 bogr\u00e1csoz\u00f3 \u2013 3 paddal - T\u00e1jkert\u00e9sz","description":"Jov\u00e1n PARTY 100 szalonnas\u00fct\u0151\/k\u0151grill\/k\u0151 bogr\u00e1csoz\u00f3 \u2013 3 paddal Gondoz\u00e1smentes, id\u0151j\u00e1r\u00e1s- \u00e9s fagy\u00e1ll\u00f3 term\u00e9k. Kert\u00e9szeti Kis-\u00e9s nagykeresked\u00e9s","robots":{"index":"index","follow":"follow","max-snippet":"max-snippet:-1","max-image-preview":"max-image-preview:large","max-video-preview":"max-video-preview:-1"},"canonical":"https:\/\/tajkertesz.com\/en_US\/product\/jovan-party-100-szalonnasuto-kogrill-ko-bogracsozo-3-paddal\/","og_locale":"en_US","og_type":"article","og_title":"https:\/\/www.facebook.com\/tajkertesz","og_description":"Egyedi gy\u00e1rt\u00e1s\u00fa k\u00e9zm\u0171ves term\u00e9k. K\u00fclt\u00e9ri, fagy\u00e1ll\u00f3 kivitel\u0171. Alkalmas szalonnas\u00fct\u00e9sre, grillez\u00e9sre \u00e9s bogr\u00e1csoz\u00e1shoz is.","og_url":"https:\/\/tajkertesz.com\/en_US\/product\/jovan-party-100-szalonnasuto-kogrill-ko-bogracsozo-3-paddal\/","og_site_name":"T\u00e1jkert\u00e9sz","article_publisher":"https:\/\/www.facebook.com\/Tajkertesz\/","article_modified_time":"2024-03-26T15:44:44+00:00","og_image":[{"width":512,"height":644,"url":"https:\/\/tajkertesz.com\/wp-content\/uploads\/2023\/07\/party-100_.jpg","type":"image\/jpeg"}],"twitter_card":"summary_large_image","twitter_misc":{"Est. reading time":"2 minutes"},"schema":{"@context":"https:\/\/schema.org","@graph":[{"@type":"WebPage","@id":"https:\/\/tajkertesz.com\/termek\/jovan-party-100-szalonnasuto-kogrill-ko-bogracsozo-3-paddal\/","url":"https:\/\/tajkertesz.com\/termek\/jovan-party-100-szalonnasuto-kogrill-ko-bogracsozo-3-paddal\/","name":"Jov\u00e1n PARTY 100 szalonnas\u00fct\u0151\/k\u0151grill\/k\u0151 bogr\u00e1csoz\u00f3 \u2013 3 paddal - T\u00e1jkert\u00e9sz","isPartOf":{"@id":"https:\/\/tajkertesz.com\/#website"},"primaryImageOfPage":{"@id":"https:\/\/tajkertesz.com\/termek\/jovan-party-100-szalonnasuto-kogrill-ko-bogracsozo-3-paddal\/#primaryimage"},"image":{"@id":"https:\/\/tajkertesz.com\/termek\/jovan-party-100-szalonnasuto-kogrill-ko-bogracsozo-3-paddal\/#primaryimage"},"thumbnailUrl":"https:\/\/tajkertesz.com\/wp-content\/uploads\/2023\/07\/party-100_.jpg","datePublished":"2023-07-08T12:41:52+00:00","dateModified":"2024-03-26T15:44:44+00:00","description":"Jov\u00e1n PARTY 100 szalonnas\u00fct\u0151\/k\u0151grill\/k\u0151 bogr\u00e1csoz\u00f3 \u2013 3 paddal Gondoz\u00e1smentes, id\u0151j\u00e1r\u00e1s- \u00e9s fagy\u00e1ll\u00f3 term\u00e9k. Kert\u00e9szeti Kis-\u00e9s nagykeresked\u00e9s","breadcrumb":{"@id":"https:\/\/tajkertesz.com\/termek\/jovan-party-100-szalonnasuto-kogrill-ko-bogracsozo-3-paddal\/#breadcrumb"},"inLanguage":"en-US","potentialAction":[{"@type":"ReadAction","target":["https:\/\/tajkertesz.com\/termek\/jovan-party-100-szalonnasuto-kogrill-ko-bogracsozo-3-paddal\/"]}]},{"@type":"ImageObject","inLanguage":"en-US","@id":"https:\/\/tajkertesz.com\/termek\/jovan-party-100-szalonnasuto-kogrill-ko-bogracsozo-3-paddal\/#primaryimage","url":"https:\/\/tajkertesz.com\/wp-content\/uploads\/2023\/07\/party-100_.jpg","contentUrl":"https:\/\/tajkertesz.com\/wp-content\/uploads\/2023\/07\/party-100_.jpg","width":512,"height":644},{"@type":"BreadcrumbList","@id":"https:\/\/tajkertesz.com\/termek\/jovan-party-100-szalonnasuto-kogrill-ko-bogracsozo-3-paddal\/#breadcrumb","itemListElement":[{"@type":"ListItem","position":1,"name":"Home","item":"https:\/\/tajkertesz.com\/"},{"@type":"ListItem","position":2,"name":"Kezd\u0151lap","item":"https:\/\/tajkertesz.com\/"},{"@type":"ListItem","position":3,"name":"Jov\u00e1n PARTY 100 szalonnas\u00fct\u0151\/k\u0151grill\/k\u0151 bogr\u00e1csoz\u00f3 \u2013 3 paddal"}]},{"@type":"WebSite","@id":"https:\/\/tajkertesz.com\/#website","url":"https:\/\/tajkertesz.com\/","name":"T\u00e1j-Kert\u00e9sz 84 Kft.","description":"Kert\u00e9szeti kis- \u00e9s nagykeresked\u00e9s, D\u00edszn\u00f6v\u00e9ny web\u00e1ruh\u00e1z orsz\u00e1gos h\u00e1zhozsz\u00e1ll\u00edt\u00e1ssal!","publisher":{"@id":"https:\/\/tajkertesz.com\/#organization"},"potentialAction":[{"@type":"SearchAction","target":{"@type":"EntryPoint","urlTemplate":"https:\/\/tajkertesz.com\/?s={search_term_string}"},"query-input":{"@type":"PropertyValueSpecification","valueRequired":true,"valueName":"search_term_string"}}],"inLanguage":"en-US"},{"@type":"Organization","@id":"https:\/\/tajkertesz.com\/#organization","name":"T\u00e1j-Kert\u00e9sz 84 Kft.","url":"https:\/\/tajkertesz.com\/","logo":{"@type":"ImageObject","inLanguage":"en-US","@id":"https:\/\/tajkertesz.com\/#\/schema\/logo\/image\/","url":"https:\/\/tajkertesz.com\/wp-content\/uploads\/2018\/02\/logo-2-e1518678052539.png","contentUrl":"https:\/\/tajkertesz.com\/wp-content\/uploads\/2018\/02\/logo-2-e1518678052539.png","width":81,"height":140,"caption":"T\u00e1j-Kert\u00e9sz 84 Kft."},"image":{"@id":"https:\/\/tajkertesz.com\/#\/schema\/logo\/image\/"},"sameAs":["https:\/\/www.facebook.com\/Tajkertesz\/"]}]}},"_links":{"self":[{"href":"https:\/\/tajkertesz.com\/en_US\/wp-json\/wp\/v2\/product\/15990","targetHints":{"allow":["GET"]}}],"collection":[{"href":"https:\/\/tajkertesz.com\/en_US\/wp-json\/wp\/v2\/product"}],"about":[{"href":"https:\/\/tajkertesz.com\/en_US\/wp-json\/wp\/v2\/types\/product"}],"wp:featuredmedia":[{"embeddable":true,"href":"https:\/\/tajkertesz.com\/en_US\/wp-json\/wp\/v2\/media\/15991"}],"wp:attachment":[{"href":"https:\/\/tajkertesz.com\/en_US\/wp-json\/wp\/v2\/media?parent=15990"}],"wp:term":[{"taxonomy":"product_brand","embeddable":true,"href":"https:\/\/tajkertesz.com\/en_US\/wp-json\/wp\/v2\/product_brand?post=15990"},{"taxonomy":"product_cat","embeddable":true,"href":"https:\/\/tajkertesz.com\/en_US\/wp-json\/wp\/v2\/product_cat?post=15990"},{"taxonomy":"product_tag","embeddable":true,"href":"https:\/\/tajkertesz.com\/en_US\/wp-json\/wp\/v2\/product_tag?post=15990"}],"curies":[{"name":"wp","href":"https:\/\/api.w.org\/{rel}","templated":true}]}}