{"id":15996,"date":"2023-07-08T13:20:27","date_gmt":"2023-07-08T13:20:27","guid":{"rendered":"https:\/\/tajkertesz.com\/?post_type=product&#038;p=15996"},"modified":"2025-09-09T08:30:48","modified_gmt":"2025-09-09T08:30:48","slug":"romantika-ives-kerti-kopad","status":"publish","type":"product","link":"https:\/\/tajkertesz.com\/en_US\/product\/romantika-ives-kerti-kopad\/","title":{"rendered":"ROMANTIKA \u00edves kerti k\u0151pad"},"content":{"rendered":"<h1 class=\"product_title entry-title\">ROMANTIKA \u00edves kerti k\u0151pad<\/h1>\n<div class=\"elementor-element elementor-element-a3d7314 elementor-widget elementor-widget-jet-single-content\" data-id=\"a3d7314\" data-element_type=\"widget\" data-widget_type=\"jet-single-content.default\">\n<div class=\"elementor-widget-container\">\n<div class=\"elementor-jet-single-content jet-woo-builder\">\n<div class=\"jet-single-content\">\n<div class=\"elementor elementor-13212\" data-elementor-type=\"wp-post\" data-elementor-id=\"13212\" data-elementor-post-type=\"product\">\n<section class=\"elementor-section elementor-top-section elementor-element elementor-element-eaff891 elementor-section-boxed elementor-section-height-default elementor-section-height-default\" data-id=\"eaff891\" data-element_type=\"section\">\n<div class=\"elementor-container elementor-column-gap-no\">\n<div class=\"elementor-column elementor-col-100 elementor-top-column elementor-element elementor-element-746aa27\" data-id=\"746aa27\" data-element_type=\"column\">\n<div class=\"elementor-widget-wrap elementor-element-populated\">\n<div class=\"elementor-element elementor-element-bb06ba7 elementor-widget elementor-widget-heading\" data-id=\"bb06ba7\" data-element_type=\"widget\" data-widget_type=\"heading.default\">\n<div class=\"elementor-widget-container\">\n<div class=\"elementor-heading-title elementor-size-default\">Term\u00e9kinform\u00e1ci\u00f3<\/div>\n<\/div>\n<\/div>\n<div class=\"elementor-element elementor-element-8332d52 elementor-widget__width-initial elementor-widget elementor-widget-text-editor\" data-id=\"8332d52\" data-element_type=\"widget\" data-widget_type=\"text-editor.default\">\n<div class=\"elementor-widget-container\">\n<p>A feh\u00e9rcement \u00e9s beton alapanyagoknak, illetve a speci\u00e1lis ut\u00f3lagos sz\u00ednez\u00e9si elj\u00e1r\u00e1snak k\u00f6sz\u00f6nhet\u0151en gondoz\u00e1smentes, id\u0151j\u00e1r\u00e1s- \u00e9s fagy\u00e1ll\u00f3 term\u00e9k.<br \/>\nA speci\u00e1lis sz\u00ednez\u00e9si elj\u00e1r\u00e1s miatt a k\u00e9sz term\u00e9keink sz\u00edne a val\u00f3s\u00e1gban elt\u00e9rhet a k\u00e9pen l\u00e1that\u00f3 sz\u00ednekt\u0151l.<br \/>\nMagasnyom\u00e1s\u00fa k\u00e9sz\u00fcl\u00e9kkel t\u00f6rt\u00e9n\u0151 tiszt\u00edt\u00e1s k\u00e1rt tehet a sz\u00ednez\u00e9sben, k\u00e9rj\u00fck ker\u00fclje alkalmaz\u00e1s\u00e1t.<\/p>\n<p><strong>Figyelem!<\/strong><\/p>\n<p><strong>A term\u00e9k \u00f6sszeszerel\u00e9se s\u00edk, stabil burkolaton t\u00f6rt\u00e9njen, az els\u0151 haszn\u00e1lat el\u0151tt impregn\u00e1lja a fel\u00fcletet!\u00a0<\/strong><\/p>\n<\/div>\n<\/div>\n<section class=\"elementor-section elementor-inner-section elementor-element elementor-element-b844f42 elementor-section-boxed elementor-section-height-default elementor-section-height-default\" data-id=\"b844f42\" data-element_type=\"section\">\n<div class=\"elementor-container elementor-column-gap-no\">\n<div class=\"elementor-column elementor-col-100 elementor-inner-column elementor-element elementor-element-1047819\" data-id=\"1047819\" data-element_type=\"column\">\n<div class=\"elementor-widget-wrap elementor-element-populated\">\n<div class=\"elementor-element elementor-element-06ec5d2 elementor-widget elementor-widget-heading\" data-id=\"06ec5d2\" data-element_type=\"widget\" data-widget_type=\"heading.default\">\n<div class=\"elementor-widget-container\">\n<div class=\"elementor-heading-title elementor-size-default\">Tulajdons\u00e1gok<\/div>\n<\/div>\n<\/div>\n<div class=\"elementor-element elementor-element-656c875 elementor-widget__width-initial elementor-icon-list--layout-traditional elementor-list-item-link-full_width elementor-widget elementor-widget-icon-list\" data-id=\"656c875\" data-element_type=\"widget\" data-widget_type=\"icon-list.default\">\n<div class=\"elementor-widget-container\">\n<ul class=\"elementor-icon-list-items\">\n<li class=\"elementor-icon-list-item\"><i class=\"far fa-snowflake\" aria-hidden=\"true\"><\/i><span class=\"elementor-icon-list-text\">Fagy\u00e1ll\u00f3, k\u00fclt\u00e9ri kivitel<\/span><\/li>\n<li class=\"elementor-icon-list-item\"><i class=\"fas fa-dice-d6\" aria-hidden=\"true\"><\/i><span class=\"elementor-icon-list-text\">Alapanyag: beton<\/span><\/li>\n<li class=\"elementor-icon-list-item\"><i class=\"far fa-hand-paper\" aria-hidden=\"true\"><\/i><span class=\"elementor-icon-list-text\">Manufakt\u00far\u00e1lis m\u00f3dszerekkel k\u00e9sz\u00fclt<\/span><\/li>\n<li class=\"elementor-icon-list-item\"><i class=\"far fa-registered\" aria-hidden=\"true\"><\/i><span class=\"elementor-icon-list-text\">Egyedi formaterv<\/span><\/li>\n<\/ul>\n<\/div>\n<\/div>\n<div class=\"elementor-element elementor-element-bec905a elementor-widget elementor-widget-image\" data-id=\"bec905a\" data-element_type=\"widget\" data-widget_type=\"image.default\">\n<div class=\"elementor-widget-container\"><img loading=\"lazy\" decoding=\"async\" class=\"attachment-large size-large wp-image-18353\" src=\"https:\/\/gardenstore.hu\/wp-content\/webp-express\/webp-images\/uploads\/2021\/11\/jovan_logo_green_png-1.png.webp\" alt=\"\" width=\"160\" height=\"80\" \/><\/div>\n<\/div>\n<\/div>\n<\/div>\n<\/div>\n<\/section>\n<\/div>\n<\/div>\n<\/div>\n<\/section>\n<\/div>\n<\/div>\n<\/div>\n<\/div>\n<\/div>\n<div class=\"elementor-element elementor-element-3afc5e2 elementor-widget elementor-widget-jet-single-attributes\" data-id=\"3afc5e2\" data-element_type=\"widget\" data-widget_type=\"jet-single-attributes.default\">\n<div class=\"elementor-widget-container\">\n<div class=\"elementor-jet-single-attributes jet-woo-builder\">\n<table class=\"woocommerce-product-attributes shop_attributes\">\n<tbody>\n<tr class=\"woocommerce-product-attributes-item woocommerce-product-attributes-item--weight\">\n<th class=\"woocommerce-product-attributes-item__label\">T\u00f6meg<\/th>\n<td class=\"woocommerce-product-attributes-item__value\" data-o_content=\"75 kg\">83 kg<\/td>\n<\/tr>\n<tr class=\"woocommerce-product-attributes-item woocommerce-product-attributes-item--dimensions\">\n<th class=\"woocommerce-product-attributes-item__label\">M\u00e9retek<\/th>\n<td class=\"woocommerce-product-attributes-item__value\" data-o_content=\"Sz\u00e9les: 35cm \u00d7 M\u00e9ly: 107cm \u00d7 Magas: 45cm \">Sz\u00e9les: 35cm \u00d7 M\u00e9ly: 107cm \u00d7 Magas: 45cm<\/td>\n<\/tr>\n<tr class=\"woocommerce-product-attributes-item woocommerce-product-attributes-item--attribute_pa_szinek\">\n<th class=\"woocommerce-product-attributes-item__label\">Sz\u00ednek<\/th>\n<td class=\"woocommerce-product-attributes-item__value\">Antracit, Barna, B\u00e9zs, Feh\u00e9r<\/td>\n<\/tr>\n<\/tbody>\n<\/table>\n<p><b>K\u00e9szlet\u00fcnk napi szinten v\u00e1ltozik, ez\u00e9rt k\u00e9rj\u00fck, \u00e9rdekl\u0151dj\u00f6n szem\u00e9lyesen, telefonon vagy email-en.<br \/>\nA v\u00e1ltoztat\u00e1s jog\u00e1t fenntartjuk!\u00a0<\/b><\/p>\n<p><strong>El\u00e9rhet\u0151 sz\u00ednekr\u0151l k\u00e9rem \u00e9rdekl\u0151djenek!<\/strong><\/p>\n<h3><span style=\"color: #ff0000;\"><strong>Enn\u00e9l a term\u00e9kn\u00e9l a sz\u00e1ll\u00edt\u00e1s csak egyedi megbesz\u00e9l\u00e9s alapj\u00e1n, illetve szem\u00e9lyes \u00e1tv\u00e9tellel lehets\u00e9ges!<\/strong>\u00a0<\/span><\/h3>\n<\/div>\n<\/div>\n<\/div>","protected":false},"excerpt":{"rendered":"<h1 class=\"product_title entry-title\">ROMANTIKA \u00edves kerti k\u0151pad<\/h1>\n<p>Egyedi gy\u00e1rt\u00e1s\u00fa k\u00e9zm\u0171ves term\u00e9k.<br \/>\nK\u00fclt\u00e9ri, fagy\u00e1ll\u00f3 kivitel\u0171 kerti b\u00fator.<br \/>\nMagyar csal\u00e1di manufakt\u00fara term\u00e9ke!<\/p>\n<h3><span style=\"color: #ff0000;\"><strong>Enn\u00e9l a term\u00e9kn\u00e9l a sz\u00e1ll\u00edt\u00e1s csak egyedi megbesz\u00e9l\u00e9s alapj\u00e1n, illetve szem\u00e9lyes \u00e1tv\u00e9tellel lehets\u00e9ges!<\/strong><\/span><\/h3>","protected":false},"featured_media":15997,"template":"","meta":{"_et_pb_use_builder":"","_et_pb_old_content":"","_et_gb_content_width":""},"product_brand":[],"product_cat":[4229],"product_tag":[],"class_list":{"0":"post-15996","1":"product","2":"type-product","3":"status-publish","4":"has-post-thumbnail","6":"product_cat-jovan-grillezo-szettek","8":"first","9":"instock","10":"shipping-taxable","11":"purchasable","12":"product-type-simple"},"yoast_head":"<!-- This site is optimized with the Yoast SEO plugin v27.5 - https:\/\/yoast.com\/product\/yoast-seo-wordpress\/ -->\n<title>ROMANTIKA \u00edves kerti k\u0151pad - T\u00e1jkert\u00e9sz<\/title>\n<meta name=\"description\" content=\"ROMANTIKA \u00edves kerti k\u0151pad. Egyedi gy\u00e1rt\u00e1s\u00fa k\u00e9zm\u0171ves term\u00e9k.K\u00fclt\u00e9ri, fagy\u00e1ll\u00f3 kivitel\u0171 kerti b\u00fator.Magyar csal\u00e1di manufakt\u00fara term\u00e9ke!\" \/>\n<meta name=\"robots\" content=\"index, follow, max-snippet:-1, max-image-preview:large, max-video-preview:-1\" \/>\n<link rel=\"canonical\" href=\"https:\/\/tajkertesz.com\/en_US\/product\/romantika-ives-kerti-kopad\/\" \/>\n<meta property=\"og:locale\" content=\"en_US\" \/>\n<meta property=\"og:type\" content=\"article\" \/>\n<meta property=\"og:title\" content=\"ROMANTIKA \u00edves kerti k\u0151pad - T\u00e1jkert\u00e9sz\" \/>\n<meta property=\"og:description\" content=\"ROMANTIKA \u00edves kerti k\u0151pad. Egyedi gy\u00e1rt\u00e1s\u00fa k\u00e9zm\u0171ves term\u00e9k.K\u00fclt\u00e9ri, fagy\u00e1ll\u00f3 kivitel\u0171 kerti b\u00fator.Magyar csal\u00e1di manufakt\u00fara term\u00e9ke!\" \/>\n<meta property=\"og:url\" content=\"https:\/\/tajkertesz.com\/en_US\/product\/romantika-ives-kerti-kopad\/\" \/>\n<meta property=\"og:site_name\" content=\"T\u00e1jkert\u00e9sz\" \/>\n<meta property=\"article:publisher\" content=\"https:\/\/www.facebook.com\/Tajkertesz\/\" \/>\n<meta property=\"article:modified_time\" content=\"2025-09-09T08:30:48+00:00\" \/>\n<meta property=\"og:image\" content=\"https:\/\/tajkertesz.com\/wp-content\/uploads\/2023\/07\/romantika-ives.jpg\" \/>\n\t<meta property=\"og:image:width\" content=\"512\" \/>\n\t<meta property=\"og:image:height\" content=\"644\" \/>\n\t<meta property=\"og:image:type\" content=\"image\/jpeg\" \/>\n<meta name=\"twitter:card\" content=\"summary_large_image\" \/>\n<meta name=\"twitter:label1\" content=\"Est. reading time\" \/>\n\t<meta name=\"twitter:data1\" content=\"2 minutes\" \/>\n<script type=\"application\/ld+json\" class=\"yoast-schema-graph\">{\"@context\":\"https:\\\/\\\/schema.org\",\"@graph\":[{\"@type\":\"WebPage\",\"@id\":\"https:\\\/\\\/tajkertesz.com\\\/termek\\\/romantika-ives-kerti-kopad\\\/\",\"url\":\"https:\\\/\\\/tajkertesz.com\\\/termek\\\/romantika-ives-kerti-kopad\\\/\",\"name\":\"ROMANTIKA \u00edves kerti k\u0151pad - T\u00e1jkert\u00e9sz\",\"isPartOf\":{\"@id\":\"https:\\\/\\\/tajkertesz.com\\\/#website\"},\"primaryImageOfPage\":{\"@id\":\"https:\\\/\\\/tajkertesz.com\\\/termek\\\/romantika-ives-kerti-kopad\\\/#primaryimage\"},\"image\":{\"@id\":\"https:\\\/\\\/tajkertesz.com\\\/termek\\\/romantika-ives-kerti-kopad\\\/#primaryimage\"},\"thumbnailUrl\":\"https:\\\/\\\/tajkertesz.com\\\/wp-content\\\/uploads\\\/2023\\\/07\\\/romantika-ives.jpg\",\"datePublished\":\"2023-07-08T13:20:27+00:00\",\"dateModified\":\"2025-09-09T08:30:48+00:00\",\"description\":\"ROMANTIKA \u00edves kerti k\u0151pad. Egyedi gy\u00e1rt\u00e1s\u00fa k\u00e9zm\u0171ves term\u00e9k.K\u00fclt\u00e9ri, fagy\u00e1ll\u00f3 kivitel\u0171 kerti b\u00fator.Magyar csal\u00e1di manufakt\u00fara term\u00e9ke!\",\"breadcrumb\":{\"@id\":\"https:\\\/\\\/tajkertesz.com\\\/termek\\\/romantika-ives-kerti-kopad\\\/#breadcrumb\"},\"inLanguage\":\"en-US\",\"potentialAction\":[{\"@type\":\"ReadAction\",\"target\":[\"https:\\\/\\\/tajkertesz.com\\\/termek\\\/romantika-ives-kerti-kopad\\\/\"]}]},{\"@type\":\"ImageObject\",\"inLanguage\":\"en-US\",\"@id\":\"https:\\\/\\\/tajkertesz.com\\\/termek\\\/romantika-ives-kerti-kopad\\\/#primaryimage\",\"url\":\"https:\\\/\\\/tajkertesz.com\\\/wp-content\\\/uploads\\\/2023\\\/07\\\/romantika-ives.jpg\",\"contentUrl\":\"https:\\\/\\\/tajkertesz.com\\\/wp-content\\\/uploads\\\/2023\\\/07\\\/romantika-ives.jpg\",\"width\":512,\"height\":644},{\"@type\":\"BreadcrumbList\",\"@id\":\"https:\\\/\\\/tajkertesz.com\\\/termek\\\/romantika-ives-kerti-kopad\\\/#breadcrumb\",\"itemListElement\":[{\"@type\":\"ListItem\",\"position\":1,\"name\":\"Home\",\"item\":\"https:\\\/\\\/tajkertesz.com\\\/\"},{\"@type\":\"ListItem\",\"position\":2,\"name\":\"Kezd\u0151lap\",\"item\":\"https:\\\/\\\/tajkertesz.com\\\/\"},{\"@type\":\"ListItem\",\"position\":3,\"name\":\"ROMANTIKA \u00edves kerti k\u0151pad\"}]},{\"@type\":\"WebSite\",\"@id\":\"https:\\\/\\\/tajkertesz.com\\\/#website\",\"url\":\"https:\\\/\\\/tajkertesz.com\\\/\",\"name\":\"T\u00e1j-Kert\u00e9sz 84 Kft.\",\"description\":\"Kert\u00e9szeti kis- \u00e9s nagykeresked\u00e9s, D\u00edszn\u00f6v\u00e9ny web\u00e1ruh\u00e1z orsz\u00e1gos h\u00e1zhozsz\u00e1ll\u00edt\u00e1ssal!\",\"publisher\":{\"@id\":\"https:\\\/\\\/tajkertesz.com\\\/#organization\"},\"potentialAction\":[{\"@type\":\"SearchAction\",\"target\":{\"@type\":\"EntryPoint\",\"urlTemplate\":\"https:\\\/\\\/tajkertesz.com\\\/?s={search_term_string}\"},\"query-input\":{\"@type\":\"PropertyValueSpecification\",\"valueRequired\":true,\"valueName\":\"search_term_string\"}}],\"inLanguage\":\"en-US\"},{\"@type\":\"Organization\",\"@id\":\"https:\\\/\\\/tajkertesz.com\\\/#organization\",\"name\":\"T\u00e1j-Kert\u00e9sz 84 Kft.\",\"url\":\"https:\\\/\\\/tajkertesz.com\\\/\",\"logo\":{\"@type\":\"ImageObject\",\"inLanguage\":\"en-US\",\"@id\":\"https:\\\/\\\/tajkertesz.com\\\/#\\\/schema\\\/logo\\\/image\\\/\",\"url\":\"https:\\\/\\\/tajkertesz.com\\\/wp-content\\\/uploads\\\/2018\\\/02\\\/logo-2-e1518678052539.png\",\"contentUrl\":\"https:\\\/\\\/tajkertesz.com\\\/wp-content\\\/uploads\\\/2018\\\/02\\\/logo-2-e1518678052539.png\",\"width\":81,\"height\":140,\"caption\":\"T\u00e1j-Kert\u00e9sz 84 Kft.\"},\"image\":{\"@id\":\"https:\\\/\\\/tajkertesz.com\\\/#\\\/schema\\\/logo\\\/image\\\/\"},\"sameAs\":[\"https:\\\/\\\/www.facebook.com\\\/Tajkertesz\\\/\"]}]}<\/script>\n<!-- \/ Yoast SEO plugin. -->","yoast_head_json":{"title":"ROMANTIKA \u00edves kerti k\u0151pad - T\u00e1jkert\u00e9sz","description":"ROMANTIKA \u00edves kerti k\u0151pad. Egyedi gy\u00e1rt\u00e1s\u00fa k\u00e9zm\u0171ves term\u00e9k.K\u00fclt\u00e9ri, fagy\u00e1ll\u00f3 kivitel\u0171 kerti b\u00fator.Magyar csal\u00e1di manufakt\u00fara term\u00e9ke!","robots":{"index":"index","follow":"follow","max-snippet":"max-snippet:-1","max-image-preview":"max-image-preview:large","max-video-preview":"max-video-preview:-1"},"canonical":"https:\/\/tajkertesz.com\/en_US\/product\/romantika-ives-kerti-kopad\/","og_locale":"en_US","og_type":"article","og_title":"ROMANTIKA \u00edves kerti k\u0151pad - T\u00e1jkert\u00e9sz","og_description":"ROMANTIKA \u00edves kerti k\u0151pad. Egyedi gy\u00e1rt\u00e1s\u00fa k\u00e9zm\u0171ves term\u00e9k.K\u00fclt\u00e9ri, fagy\u00e1ll\u00f3 kivitel\u0171 kerti b\u00fator.Magyar csal\u00e1di manufakt\u00fara term\u00e9ke!","og_url":"https:\/\/tajkertesz.com\/en_US\/product\/romantika-ives-kerti-kopad\/","og_site_name":"T\u00e1jkert\u00e9sz","article_publisher":"https:\/\/www.facebook.com\/Tajkertesz\/","article_modified_time":"2025-09-09T08:30:48+00:00","og_image":[{"width":512,"height":644,"url":"https:\/\/tajkertesz.com\/wp-content\/uploads\/2023\/07\/romantika-ives.jpg","type":"image\/jpeg"}],"twitter_card":"summary_large_image","twitter_misc":{"Est. reading time":"2 minutes"},"schema":{"@context":"https:\/\/schema.org","@graph":[{"@type":"WebPage","@id":"https:\/\/tajkertesz.com\/termek\/romantika-ives-kerti-kopad\/","url":"https:\/\/tajkertesz.com\/termek\/romantika-ives-kerti-kopad\/","name":"ROMANTIKA \u00edves kerti k\u0151pad - T\u00e1jkert\u00e9sz","isPartOf":{"@id":"https:\/\/tajkertesz.com\/#website"},"primaryImageOfPage":{"@id":"https:\/\/tajkertesz.com\/termek\/romantika-ives-kerti-kopad\/#primaryimage"},"image":{"@id":"https:\/\/tajkertesz.com\/termek\/romantika-ives-kerti-kopad\/#primaryimage"},"thumbnailUrl":"https:\/\/tajkertesz.com\/wp-content\/uploads\/2023\/07\/romantika-ives.jpg","datePublished":"2023-07-08T13:20:27+00:00","dateModified":"2025-09-09T08:30:48+00:00","description":"ROMANTIKA \u00edves kerti k\u0151pad. Egyedi gy\u00e1rt\u00e1s\u00fa k\u00e9zm\u0171ves term\u00e9k.K\u00fclt\u00e9ri, fagy\u00e1ll\u00f3 kivitel\u0171 kerti b\u00fator.Magyar csal\u00e1di manufakt\u00fara term\u00e9ke!","breadcrumb":{"@id":"https:\/\/tajkertesz.com\/termek\/romantika-ives-kerti-kopad\/#breadcrumb"},"inLanguage":"en-US","potentialAction":[{"@type":"ReadAction","target":["https:\/\/tajkertesz.com\/termek\/romantika-ives-kerti-kopad\/"]}]},{"@type":"ImageObject","inLanguage":"en-US","@id":"https:\/\/tajkertesz.com\/termek\/romantika-ives-kerti-kopad\/#primaryimage","url":"https:\/\/tajkertesz.com\/wp-content\/uploads\/2023\/07\/romantika-ives.jpg","contentUrl":"https:\/\/tajkertesz.com\/wp-content\/uploads\/2023\/07\/romantika-ives.jpg","width":512,"height":644},{"@type":"BreadcrumbList","@id":"https:\/\/tajkertesz.com\/termek\/romantika-ives-kerti-kopad\/#breadcrumb","itemListElement":[{"@type":"ListItem","position":1,"name":"Home","item":"https:\/\/tajkertesz.com\/"},{"@type":"ListItem","position":2,"name":"Kezd\u0151lap","item":"https:\/\/tajkertesz.com\/"},{"@type":"ListItem","position":3,"name":"ROMANTIKA \u00edves kerti k\u0151pad"}]},{"@type":"WebSite","@id":"https:\/\/tajkertesz.com\/#website","url":"https:\/\/tajkertesz.com\/","name":"T\u00e1j-Kert\u00e9sz 84 Kft.","description":"Kert\u00e9szeti kis- \u00e9s nagykeresked\u00e9s, D\u00edszn\u00f6v\u00e9ny web\u00e1ruh\u00e1z orsz\u00e1gos h\u00e1zhozsz\u00e1ll\u00edt\u00e1ssal!","publisher":{"@id":"https:\/\/tajkertesz.com\/#organization"},"potentialAction":[{"@type":"SearchAction","target":{"@type":"EntryPoint","urlTemplate":"https:\/\/tajkertesz.com\/?s={search_term_string}"},"query-input":{"@type":"PropertyValueSpecification","valueRequired":true,"valueName":"search_term_string"}}],"inLanguage":"en-US"},{"@type":"Organization","@id":"https:\/\/tajkertesz.com\/#organization","name":"T\u00e1j-Kert\u00e9sz 84 Kft.","url":"https:\/\/tajkertesz.com\/","logo":{"@type":"ImageObject","inLanguage":"en-US","@id":"https:\/\/tajkertesz.com\/#\/schema\/logo\/image\/","url":"https:\/\/tajkertesz.com\/wp-content\/uploads\/2018\/02\/logo-2-e1518678052539.png","contentUrl":"https:\/\/tajkertesz.com\/wp-content\/uploads\/2018\/02\/logo-2-e1518678052539.png","width":81,"height":140,"caption":"T\u00e1j-Kert\u00e9sz 84 Kft."},"image":{"@id":"https:\/\/tajkertesz.com\/#\/schema\/logo\/image\/"},"sameAs":["https:\/\/www.facebook.com\/Tajkertesz\/"]}]}},"_links":{"self":[{"href":"https:\/\/tajkertesz.com\/en_US\/wp-json\/wp\/v2\/product\/15996","targetHints":{"allow":["GET"]}}],"collection":[{"href":"https:\/\/tajkertesz.com\/en_US\/wp-json\/wp\/v2\/product"}],"about":[{"href":"https:\/\/tajkertesz.com\/en_US\/wp-json\/wp\/v2\/types\/product"}],"wp:featuredmedia":[{"embeddable":true,"href":"https:\/\/tajkertesz.com\/en_US\/wp-json\/wp\/v2\/media\/15997"}],"wp:attachment":[{"href":"https:\/\/tajkertesz.com\/en_US\/wp-json\/wp\/v2\/media?parent=15996"}],"wp:term":[{"taxonomy":"product_brand","embeddable":true,"href":"https:\/\/tajkertesz.com\/en_US\/wp-json\/wp\/v2\/product_brand?post=15996"},{"taxonomy":"product_cat","embeddable":true,"href":"https:\/\/tajkertesz.com\/en_US\/wp-json\/wp\/v2\/product_cat?post=15996"},{"taxonomy":"product_tag","embeddable":true,"href":"https:\/\/tajkertesz.com\/en_US\/wp-json\/wp\/v2\/product_tag?post=15996"}],"curies":[{"name":"wp","href":"https:\/\/api.w.org\/{rel}","templated":true}]}}