{"id":16027,"date":"2023-07-12T12:04:07","date_gmt":"2023-07-12T12:04:07","guid":{"rendered":"https:\/\/tajkertesz.com\/?post_type=product&#038;p=16027"},"modified":"2023-07-12T12:04:11","modified_gmt":"2023-07-12T12:04:11","slug":"rain-bird-3500-rotoros-szorofej-10-cm-kiemelkedes","status":"publish","type":"product","link":"https:\/\/tajkertesz.com\/en_US\/product\/rain-bird-3500-rotoros-szorofej-10-cm-kiemelkedes\/","title":{"rendered":"RAIN BIRD 3500 ROTOROS SZ\u00d3R\u00d3FEJ, 10 CM KIEMELKED\u00c9S"},"content":{"rendered":"<h2>RAIN BIRD 3500 ROTOROS SZ\u00d3R\u00d3FEJ, 10 CM KIEMELKED\u00c9S<\/h2>\n<p>&#8211; 3504-PC \u2013 16,8 cm (+10,2 cm-es f\u00fav\u00f3ka kiemelked\u00e9s a locsol\u00e1skor)<\/p>\n<p>&#8211; 1\/2\u201d-os bels\u0151 menetes csatlakoz\u00e1s<\/p>\n<p>&#8211; A be\u00e9p\u00edt\u00e9s ut\u00e1n l\u00e1that\u00f3 fel\u00fclet\u00a0\u00e1tm\u00e9r\u0151je: 2,9 cm<\/p>\n<p>&#8211; V\u00edzfogyaszt\u00e1s: 0,12\u20131,04 m3\/\u00f3ra<\/p>\n<p>&#8211; \u00d6nt\u00f6z\u00e9si t\u00e1vols\u00e1g: 4,6 m\u201310,7 m (3 m-ig cs\u00f6kkenthet\u0151)<\/p>\n<p>&#8211; Optim\u00e1lis \u00fczemi nyom\u00e1s: 1,7\u20133,8 bar<\/p>\n<div id=\"bodyContent\" class=\"mw-body-content\">\n<div id=\"mw-content-text\" class=\"mw-content-ltr\" dir=\"ltr\" lang=\"hu\">\n<div id=\"bodyContent\" class=\"mw-body-content\">\n<div id=\"mw-content-text\" class=\"mw-content-ltr\" dir=\"ltr\" lang=\"hu\">\n<p><b>K\u00e9szlet\u00fcnk napi szinten v\u00e1ltozik, ez\u00e9rt k\u00e9rj\u00fck, \u00e9rdekl\u0151dj\u00f6n szem\u00e9lyesen, telefonon vagy email-en.<\/b><\/p>\n<p>Term\u00e9keinket szem\u00e9lyesen is \u00e1tveheti a h\u00e9t minden napj\u00e1n nyitvatart\u00e1si id\u0151ben!<\/p>\n<p>Kisz\u00e1ll\u00edt\u00e1s: 200 cm \u00e9s 40 kg is a sz\u00e1ll\u00edt\u00e1s fut\u00e1rszolg\u00e1lattal t\u00f6rt\u00e9nik.<\/p>\n<\/div>\n<\/div>\n<\/div>\n<\/div>\n<p><b>A v\u00e1ltoztat\u00e1s jog\u00e1t fenntartjuk!\u00a0<\/b><\/p>","protected":false},"excerpt":{"rendered":"<h2>RAIN BIRD 3500 ROTOROS SZ\u00d3R\u00d3FEJ, 10 CM KIEMELKED\u00c9S<\/h2>\n<p>Le\u00edr\u00e1s:<\/p>\n<p>Rain Bird 3500-as rotoros sz\u00f3r\u00f3fej 10 cm-es kiemelked\u00e9ssel.<\/p>\n<p>Kijuttatott v\u00edzmennyis\u00e9g: 3-17,3 l\/perc, \u00f6nt\u00f6z\u00e9si sugara: 4,6-10,7 m.<\/p>\n<div id=\"bodyContent\" class=\"mw-body-content\">\n<div id=\"mw-content-text\" class=\"mw-content-ltr\" dir=\"ltr\" lang=\"hu\">\n<div id=\"bodyContent\" class=\"mw-body-content\">\n<div id=\"mw-content-text\" class=\"mw-content-ltr\" dir=\"ltr\" lang=\"hu\">\n<p><b>K\u00e9szlet\u00fcnk napi szinten v\u00e1ltozik, ez\u00e9rt k\u00e9rj\u00fck, \u00e9rdekl\u0151dj\u00f6n szem\u00e9lyesen, telefonon vagy email-en.<\/b><\/p>\n<p>Term\u00e9keinket szem\u00e9lyesen is \u00e1tveheti a h\u00e9t minden napj\u00e1n nyitvatart\u00e1si id\u0151ben!<\/p>\n<p>Kisz\u00e1ll\u00edt\u00e1s: 200 cm \u00e9s 40 kg is a sz\u00e1ll\u00edt\u00e1s fut\u00e1rszolg\u00e1lattal t\u00f6rt\u00e9nik.<\/p>\n<\/div>\n<\/div>\n<\/div>\n<\/div>\n<p><b>A v\u00e1ltoztat\u00e1s jog\u00e1t fenntartjuk!\u00a0<\/b><\/p>","protected":false},"featured_media":16028,"template":"","meta":{"_et_pb_use_builder":"","_et_pb_old_content":"","_et_gb_content_width":""},"product_brand":[],"product_cat":[2617],"product_tag":[],"class_list":{"0":"post-16027","1":"product","2":"type-product","3":"status-publish","4":"has-post-thumbnail","6":"product_cat-szorofejek","8":"first","9":"instock","10":"shipping-taxable","11":"purchasable","12":"product-type-simple"},"yoast_head":"<!-- This site is optimized with the Yoast SEO plugin v27.4 - https:\/\/yoast.com\/product\/yoast-seo-wordpress\/ -->\n<title>RAIN BIRD 3500 ROTOROS SZ\u00d3R\u00d3FEJ, 10 CM KIEMELKED\u00c9S - T\u00e1jkert\u00e9sz<\/title>\n<meta name=\"description\" content=\"RAIN BIRD 3500 ROTOROS SZ\u00d3R\u00d3FEJ, 10 CM KIEMELKED\u00c9S\" \/>\n<meta name=\"robots\" content=\"index, follow, max-snippet:-1, max-image-preview:large, max-video-preview:-1\" \/>\n<link rel=\"canonical\" href=\"https:\/\/tajkertesz.com\/en_US\/product\/rain-bird-3500-rotoros-szorofej-10-cm-kiemelkedes\/\" \/>\n<meta property=\"og:locale\" content=\"en_US\" \/>\n<meta property=\"og:type\" content=\"article\" \/>\n<meta property=\"og:title\" content=\"RAIN BIRD 3500 ROTOROS SZ\u00d3R\u00d3FEJ, 10 CM KIEMELKED\u00c9S - T\u00e1jkert\u00e9sz\" \/>\n<meta property=\"og:description\" content=\"RAIN BIRD 3500 ROTOROS SZ\u00d3R\u00d3FEJ, 10 CM KIEMELKED\u00c9S\" \/>\n<meta property=\"og:url\" content=\"https:\/\/tajkertesz.com\/en_US\/product\/rain-bird-3500-rotoros-szorofej-10-cm-kiemelkedes\/\" \/>\n<meta property=\"og:site_name\" content=\"T\u00e1jkert\u00e9sz\" \/>\n<meta property=\"article:publisher\" content=\"https:\/\/www.facebook.com\/Tajkertesz\/\" \/>\n<meta property=\"article:modified_time\" content=\"2023-07-12T12:04:11+00:00\" \/>\n<meta property=\"og:image\" content=\"https:\/\/tajkertesz.com\/wp-content\/uploads\/2023\/07\/rain-bird-3500-rotoros-szorofej-10cm-kiemrain-bird-3500-rotoros-szorofej-10cm-kiemelkedeselkedes.jpg\" \/>\n\t<meta property=\"og:image:width\" content=\"458\" \/>\n\t<meta property=\"og:image:height\" content=\"458\" \/>\n\t<meta property=\"og:image:type\" content=\"image\/jpeg\" \/>\n<meta name=\"twitter:card\" content=\"summary_large_image\" \/>\n<meta name=\"twitter:label1\" content=\"Est. reading time\" \/>\n\t<meta name=\"twitter:data1\" content=\"1 minute\" \/>\n<script type=\"application\/ld+json\" class=\"yoast-schema-graph\">{\"@context\":\"https:\\\/\\\/schema.org\",\"@graph\":[{\"@type\":\"WebPage\",\"@id\":\"https:\\\/\\\/tajkertesz.com\\\/termek\\\/rain-bird-3500-rotoros-szorofej-10-cm-kiemelkedes\\\/\",\"url\":\"https:\\\/\\\/tajkertesz.com\\\/termek\\\/rain-bird-3500-rotoros-szorofej-10-cm-kiemelkedes\\\/\",\"name\":\"RAIN BIRD 3500 ROTOROS SZ\u00d3R\u00d3FEJ, 10 CM KIEMELKED\u00c9S - T\u00e1jkert\u00e9sz\",\"isPartOf\":{\"@id\":\"https:\\\/\\\/tajkertesz.com\\\/#website\"},\"primaryImageOfPage\":{\"@id\":\"https:\\\/\\\/tajkertesz.com\\\/termek\\\/rain-bird-3500-rotoros-szorofej-10-cm-kiemelkedes\\\/#primaryimage\"},\"image\":{\"@id\":\"https:\\\/\\\/tajkertesz.com\\\/termek\\\/rain-bird-3500-rotoros-szorofej-10-cm-kiemelkedes\\\/#primaryimage\"},\"thumbnailUrl\":\"https:\\\/\\\/tajkertesz.com\\\/wp-content\\\/uploads\\\/2023\\\/07\\\/rain-bird-3500-rotoros-szorofej-10cm-kiemrain-bird-3500-rotoros-szorofej-10cm-kiemelkedeselkedes.jpg\",\"datePublished\":\"2023-07-12T12:04:07+00:00\",\"dateModified\":\"2023-07-12T12:04:11+00:00\",\"description\":\"RAIN BIRD 3500 ROTOROS SZ\u00d3R\u00d3FEJ, 10 CM KIEMELKED\u00c9S\",\"breadcrumb\":{\"@id\":\"https:\\\/\\\/tajkertesz.com\\\/termek\\\/rain-bird-3500-rotoros-szorofej-10-cm-kiemelkedes\\\/#breadcrumb\"},\"inLanguage\":\"en-US\",\"potentialAction\":[{\"@type\":\"ReadAction\",\"target\":[\"https:\\\/\\\/tajkertesz.com\\\/termek\\\/rain-bird-3500-rotoros-szorofej-10-cm-kiemelkedes\\\/\"]}]},{\"@type\":\"ImageObject\",\"inLanguage\":\"en-US\",\"@id\":\"https:\\\/\\\/tajkertesz.com\\\/termek\\\/rain-bird-3500-rotoros-szorofej-10-cm-kiemelkedes\\\/#primaryimage\",\"url\":\"https:\\\/\\\/tajkertesz.com\\\/wp-content\\\/uploads\\\/2023\\\/07\\\/rain-bird-3500-rotoros-szorofej-10cm-kiemrain-bird-3500-rotoros-szorofej-10cm-kiemelkedeselkedes.jpg\",\"contentUrl\":\"https:\\\/\\\/tajkertesz.com\\\/wp-content\\\/uploads\\\/2023\\\/07\\\/rain-bird-3500-rotoros-szorofej-10cm-kiemrain-bird-3500-rotoros-szorofej-10cm-kiemelkedeselkedes.jpg\",\"width\":458,\"height\":458},{\"@type\":\"BreadcrumbList\",\"@id\":\"https:\\\/\\\/tajkertesz.com\\\/termek\\\/rain-bird-3500-rotoros-szorofej-10-cm-kiemelkedes\\\/#breadcrumb\",\"itemListElement\":[{\"@type\":\"ListItem\",\"position\":1,\"name\":\"Home\",\"item\":\"https:\\\/\\\/tajkertesz.com\\\/\"},{\"@type\":\"ListItem\",\"position\":2,\"name\":\"Kezd\u0151lap\",\"item\":\"https:\\\/\\\/tajkertesz.com\\\/\"},{\"@type\":\"ListItem\",\"position\":3,\"name\":\"RAIN BIRD 3500 ROTOROS SZ\u00d3R\u00d3FEJ, 10 CM KIEMELKED\u00c9S\"}]},{\"@type\":\"WebSite\",\"@id\":\"https:\\\/\\\/tajkertesz.com\\\/#website\",\"url\":\"https:\\\/\\\/tajkertesz.com\\\/\",\"name\":\"T\u00e1j-Kert\u00e9sz 84 Kft.\",\"description\":\"Kert\u00e9szeti kis- \u00e9s nagykeresked\u00e9s, D\u00edszn\u00f6v\u00e9ny web\u00e1ruh\u00e1z orsz\u00e1gos h\u00e1zhozsz\u00e1ll\u00edt\u00e1ssal!\",\"publisher\":{\"@id\":\"https:\\\/\\\/tajkertesz.com\\\/#organization\"},\"potentialAction\":[{\"@type\":\"SearchAction\",\"target\":{\"@type\":\"EntryPoint\",\"urlTemplate\":\"https:\\\/\\\/tajkertesz.com\\\/?s={search_term_string}\"},\"query-input\":{\"@type\":\"PropertyValueSpecification\",\"valueRequired\":true,\"valueName\":\"search_term_string\"}}],\"inLanguage\":\"en-US\"},{\"@type\":\"Organization\",\"@id\":\"https:\\\/\\\/tajkertesz.com\\\/#organization\",\"name\":\"T\u00e1j-Kert\u00e9sz 84 Kft.\",\"url\":\"https:\\\/\\\/tajkertesz.com\\\/\",\"logo\":{\"@type\":\"ImageObject\",\"inLanguage\":\"en-US\",\"@id\":\"https:\\\/\\\/tajkertesz.com\\\/#\\\/schema\\\/logo\\\/image\\\/\",\"url\":\"https:\\\/\\\/tajkertesz.com\\\/wp-content\\\/uploads\\\/2018\\\/02\\\/logo-2-e1518678052539.png\",\"contentUrl\":\"https:\\\/\\\/tajkertesz.com\\\/wp-content\\\/uploads\\\/2018\\\/02\\\/logo-2-e1518678052539.png\",\"width\":81,\"height\":140,\"caption\":\"T\u00e1j-Kert\u00e9sz 84 Kft.\"},\"image\":{\"@id\":\"https:\\\/\\\/tajkertesz.com\\\/#\\\/schema\\\/logo\\\/image\\\/\"},\"sameAs\":[\"https:\\\/\\\/www.facebook.com\\\/Tajkertesz\\\/\"]}]}<\/script>\n<!-- \/ Yoast SEO plugin. -->","yoast_head_json":{"title":"RAIN BIRD 3500 ROTOROS SZ\u00d3R\u00d3FEJ, 10 CM KIEMELKED\u00c9S - T\u00e1jkert\u00e9sz","description":"RAIN BIRD 3500 ROTOROS SZ\u00d3R\u00d3FEJ, 10 CM KIEMELKED\u00c9S","robots":{"index":"index","follow":"follow","max-snippet":"max-snippet:-1","max-image-preview":"max-image-preview:large","max-video-preview":"max-video-preview:-1"},"canonical":"https:\/\/tajkertesz.com\/en_US\/product\/rain-bird-3500-rotoros-szorofej-10-cm-kiemelkedes\/","og_locale":"en_US","og_type":"article","og_title":"RAIN BIRD 3500 ROTOROS SZ\u00d3R\u00d3FEJ, 10 CM KIEMELKED\u00c9S - T\u00e1jkert\u00e9sz","og_description":"RAIN BIRD 3500 ROTOROS SZ\u00d3R\u00d3FEJ, 10 CM KIEMELKED\u00c9S","og_url":"https:\/\/tajkertesz.com\/en_US\/product\/rain-bird-3500-rotoros-szorofej-10-cm-kiemelkedes\/","og_site_name":"T\u00e1jkert\u00e9sz","article_publisher":"https:\/\/www.facebook.com\/Tajkertesz\/","article_modified_time":"2023-07-12T12:04:11+00:00","og_image":[{"width":458,"height":458,"url":"https:\/\/tajkertesz.com\/wp-content\/uploads\/2023\/07\/rain-bird-3500-rotoros-szorofej-10cm-kiemrain-bird-3500-rotoros-szorofej-10cm-kiemelkedeselkedes.jpg","type":"image\/jpeg"}],"twitter_card":"summary_large_image","twitter_misc":{"Est. reading time":"1 minute"},"schema":{"@context":"https:\/\/schema.org","@graph":[{"@type":"WebPage","@id":"https:\/\/tajkertesz.com\/termek\/rain-bird-3500-rotoros-szorofej-10-cm-kiemelkedes\/","url":"https:\/\/tajkertesz.com\/termek\/rain-bird-3500-rotoros-szorofej-10-cm-kiemelkedes\/","name":"RAIN BIRD 3500 ROTOROS SZ\u00d3R\u00d3FEJ, 10 CM KIEMELKED\u00c9S - T\u00e1jkert\u00e9sz","isPartOf":{"@id":"https:\/\/tajkertesz.com\/#website"},"primaryImageOfPage":{"@id":"https:\/\/tajkertesz.com\/termek\/rain-bird-3500-rotoros-szorofej-10-cm-kiemelkedes\/#primaryimage"},"image":{"@id":"https:\/\/tajkertesz.com\/termek\/rain-bird-3500-rotoros-szorofej-10-cm-kiemelkedes\/#primaryimage"},"thumbnailUrl":"https:\/\/tajkertesz.com\/wp-content\/uploads\/2023\/07\/rain-bird-3500-rotoros-szorofej-10cm-kiemrain-bird-3500-rotoros-szorofej-10cm-kiemelkedeselkedes.jpg","datePublished":"2023-07-12T12:04:07+00:00","dateModified":"2023-07-12T12:04:11+00:00","description":"RAIN BIRD 3500 ROTOROS SZ\u00d3R\u00d3FEJ, 10 CM KIEMELKED\u00c9S","breadcrumb":{"@id":"https:\/\/tajkertesz.com\/termek\/rain-bird-3500-rotoros-szorofej-10-cm-kiemelkedes\/#breadcrumb"},"inLanguage":"en-US","potentialAction":[{"@type":"ReadAction","target":["https:\/\/tajkertesz.com\/termek\/rain-bird-3500-rotoros-szorofej-10-cm-kiemelkedes\/"]}]},{"@type":"ImageObject","inLanguage":"en-US","@id":"https:\/\/tajkertesz.com\/termek\/rain-bird-3500-rotoros-szorofej-10-cm-kiemelkedes\/#primaryimage","url":"https:\/\/tajkertesz.com\/wp-content\/uploads\/2023\/07\/rain-bird-3500-rotoros-szorofej-10cm-kiemrain-bird-3500-rotoros-szorofej-10cm-kiemelkedeselkedes.jpg","contentUrl":"https:\/\/tajkertesz.com\/wp-content\/uploads\/2023\/07\/rain-bird-3500-rotoros-szorofej-10cm-kiemrain-bird-3500-rotoros-szorofej-10cm-kiemelkedeselkedes.jpg","width":458,"height":458},{"@type":"BreadcrumbList","@id":"https:\/\/tajkertesz.com\/termek\/rain-bird-3500-rotoros-szorofej-10-cm-kiemelkedes\/#breadcrumb","itemListElement":[{"@type":"ListItem","position":1,"name":"Home","item":"https:\/\/tajkertesz.com\/"},{"@type":"ListItem","position":2,"name":"Kezd\u0151lap","item":"https:\/\/tajkertesz.com\/"},{"@type":"ListItem","position":3,"name":"RAIN BIRD 3500 ROTOROS SZ\u00d3R\u00d3FEJ, 10 CM KIEMELKED\u00c9S"}]},{"@type":"WebSite","@id":"https:\/\/tajkertesz.com\/#website","url":"https:\/\/tajkertesz.com\/","name":"T\u00e1j-Kert\u00e9sz 84 Kft.","description":"Kert\u00e9szeti kis- \u00e9s nagykeresked\u00e9s, D\u00edszn\u00f6v\u00e9ny web\u00e1ruh\u00e1z orsz\u00e1gos h\u00e1zhozsz\u00e1ll\u00edt\u00e1ssal!","publisher":{"@id":"https:\/\/tajkertesz.com\/#organization"},"potentialAction":[{"@type":"SearchAction","target":{"@type":"EntryPoint","urlTemplate":"https:\/\/tajkertesz.com\/?s={search_term_string}"},"query-input":{"@type":"PropertyValueSpecification","valueRequired":true,"valueName":"search_term_string"}}],"inLanguage":"en-US"},{"@type":"Organization","@id":"https:\/\/tajkertesz.com\/#organization","name":"T\u00e1j-Kert\u00e9sz 84 Kft.","url":"https:\/\/tajkertesz.com\/","logo":{"@type":"ImageObject","inLanguage":"en-US","@id":"https:\/\/tajkertesz.com\/#\/schema\/logo\/image\/","url":"https:\/\/tajkertesz.com\/wp-content\/uploads\/2018\/02\/logo-2-e1518678052539.png","contentUrl":"https:\/\/tajkertesz.com\/wp-content\/uploads\/2018\/02\/logo-2-e1518678052539.png","width":81,"height":140,"caption":"T\u00e1j-Kert\u00e9sz 84 Kft."},"image":{"@id":"https:\/\/tajkertesz.com\/#\/schema\/logo\/image\/"},"sameAs":["https:\/\/www.facebook.com\/Tajkertesz\/"]}]}},"_links":{"self":[{"href":"https:\/\/tajkertesz.com\/en_US\/wp-json\/wp\/v2\/product\/16027","targetHints":{"allow":["GET"]}}],"collection":[{"href":"https:\/\/tajkertesz.com\/en_US\/wp-json\/wp\/v2\/product"}],"about":[{"href":"https:\/\/tajkertesz.com\/en_US\/wp-json\/wp\/v2\/types\/product"}],"wp:featuredmedia":[{"embeddable":true,"href":"https:\/\/tajkertesz.com\/en_US\/wp-json\/wp\/v2\/media\/16028"}],"wp:attachment":[{"href":"https:\/\/tajkertesz.com\/en_US\/wp-json\/wp\/v2\/media?parent=16027"}],"wp:term":[{"taxonomy":"product_brand","embeddable":true,"href":"https:\/\/tajkertesz.com\/en_US\/wp-json\/wp\/v2\/product_brand?post=16027"},{"taxonomy":"product_cat","embeddable":true,"href":"https:\/\/tajkertesz.com\/en_US\/wp-json\/wp\/v2\/product_cat?post=16027"},{"taxonomy":"product_tag","embeddable":true,"href":"https:\/\/tajkertesz.com\/en_US\/wp-json\/wp\/v2\/product_tag?post=16027"}],"curies":[{"name":"wp","href":"https:\/\/api.w.org\/{rel}","templated":true}]}}