{"id":16081,"date":"2023-07-14T11:56:15","date_gmt":"2023-07-14T11:56:15","guid":{"rendered":"https:\/\/tajkertesz.com\/?post_type=product&#038;p=16081"},"modified":"2024-11-28T07:40:56","modified_gmt":"2024-11-28T07:40:56","slug":"szelephaz-fedel-teglalap-alaku-jumbo-aknahoz-pa","status":"publish","type":"product","link":"https:\/\/tajkertesz.com\/en_US\/product\/szelephaz-fedel-teglalap-alaku-jumbo-aknahoz-pa\/","title":{"rendered":"SZELEPH\u00c1Z FED\u00c9L T\u00c9GLALAP ALAK\u00da JUMBO AKN\u00c1HOZ (PA)"},"content":{"rendered":"<h1 class=\"h1 product-detail-name\">SZELEPH\u00c1Z FED\u00c9L T\u00c9GLALAP ALAK\u00da JUMBO AKN\u00c1HOZ (PA)<\/h1>\n<p>SZELEPH\u00c1Z FED\u00c9L T\u00c9GLALAP ALAK\u00da JUMBO AKN\u00c1HOZ (PA)<\/p>\n<div id=\"bodyContent\" class=\"mw-body-content\">\n<div id=\"mw-content-text\" class=\"mw-content-ltr\" dir=\"ltr\" lang=\"hu\">\n<div id=\"bodyContent\" class=\"mw-body-content\">\n<div id=\"mw-content-text\" class=\"mw-content-ltr\" dir=\"ltr\" lang=\"hu\">\n<p>Hasznos lehet, ha a r\u00e9gi szelepakna fed\u00e9l elt\u00f6rt vagy megs\u00e9r\u00fclt. Nem kell feleslegesen az eg\u00e9sz szeleph\u00e1zat ki\u00e1sni \u00e9s kicser\u00e9lni. Csup\u00e1n csak ki kell a szelepakna fedelet cser\u00e9lni az \u00fajra.<\/p>\n<p>A szelepakn\u00e1k (szeleph\u00e1z, szelepdoboz) a m\u00e1gnesszelepeket hivatottak v\u00e9deni \u00e9s egyben eltakarni. Z\u00f6ld sz\u00edn\u0171 tetej\u00fck egy szintben van a f\u00f6lddel, \u00edgy beleolvadnak k\u00f6rnyezet\u00fckbe.<\/p>\n<\/div>\n<\/div>\n<\/div>\n<\/div>\n<p>&#8211; Szelepdoboz fed\u00e9l Plastica Alfa m\u00e1rk\u00e1j\u00fa JUMBO csapszekr\u00e9nyhez<\/p>\n<p>&#8211; Szelepakna fed\u00e9l m\u00e9retek: 37 x 51 cm (sz\u00e9les x hossz\u00fa)<\/p>\n<p>&#8211; Sz\u00f6gletes, t\u00e9glalap alak\u00fa<\/p>\n<p>&#8211; Szelepakna fed\u00e9l teteje cs\u00fasz\u00e1smentes mint\u00e1zat\u00fa<\/p>\n<p>&#8211; Szeleph\u00e1z fed\u00e9l alja bord\u00e1s merev\u00edt\u00e9s\u0171<\/p>\n<p>&#8211; Fed\u00e9l nyit\u00e1s &#8211; z\u00e1r\u00e1s: 10-es hatlapfej\u0171 csavarral<\/p>\n<p>&#8211; Csavar a fed\u00e9lbe s\u00fcllyesztett<\/p>\n<p>&#8211; Fed\u00e9l sz\u00edne: z\u00f6ld<\/p>\n<p>&#8211; M\u0171anyag<\/p>\n<p>&#8211; L\u00e9p\u00e9s\u00e1ll\u00f3<\/p>\n<p>&#8211; UV \u00e1ll\u00f3<\/p>\n<p><b>K\u00e9szlet\u00fcnk napi szinten v\u00e1ltozik, ez\u00e9rt k\u00e9rj\u00fck, \u00e9rdekl\u0151dj\u00f6n szem\u00e9lyesen, telefonon vagy email-en.<br \/>\nA v\u00e1ltoztat\u00e1s jog\u00e1t fenntartjuk!\u00a0<\/b><\/p>\n<p><a href=\"https:\/\/tajkertesz.com\/\">https:\/\/tajkertesz.com\/<\/a><\/p>\n<p><a href=\"https:\/\/www.facebook.com\/tajkertesz\/\">https:\/\/www.facebook.com\/tajkertesz\/<\/a><\/p>\n<p>Kisz\u00e1ll\u00edt\u00e1s: 200cm-ig \u00e9s 40 kg-ig a sz\u00e1ll\u00edt\u00e1s fut\u00e1rszolg\u00e1lattal t\u00f6rt\u00e9nik.<\/p>\n<p>Szem\u00e9lyes \u00e1tv\u00e9tel nyitvatart\u00e1si id\u0151ben a 17. ker\u00fclet Bakancsos utca 7. sz\u00e1m alatti Kert\u00e9szeti \u00e1rud\u00e1nkban.<\/p>\n<p>Kert\u00e9p\u00edt\u0151k \u00e9s viszontelad\u00f3k regisztr\u00e1l\u00e1s ut\u00e1n egyedi kedvezm\u00e9nnyel v\u00e1s\u00e1rolhatnak kert\u00e9szeti kis-\u00e9s nagykeresked\u00e9s\u00fcnkben.<\/p>\n<p>A logisztikai c\u00e9ggel t\u00f6rt\u00e9n\u0151 sz\u00e1ll\u00edt\u00e1s eset\u00e9n a partnereink\u00a0esetleges a\u00a0cs\u00fasz\u00e1sai\u00e9rt nem v\u00e1llalunk felel\u0151ss\u00e9get!<\/p>\n<p>&nbsp;<\/p>\n<p><strong>Az \u00e1rak egy darab term\u00e9kre vonatkoznak.<\/strong><\/p>","protected":false},"excerpt":{"rendered":"<h1 class=\"h1 product-detail-name\">SZELEPH\u00c1Z FED\u00c9L T\u00c9GLALAP ALAK\u00da JUMBO AKN\u00c1HOZ (PA)<\/h1>\n<div id=\"bodyContent\" class=\"mw-body-content\">\n<div id=\"mw-content-text\" class=\"mw-content-ltr\" dir=\"ltr\" lang=\"hu\">\n<div id=\"bodyContent\" class=\"mw-body-content\">\n<div id=\"mw-content-text\" class=\"mw-content-ltr\" dir=\"ltr\" lang=\"hu\">\n<p><b>K\u00e9szlet\u00fcnk napi szinten v\u00e1ltozik, ez\u00e9rt k\u00e9rj\u00fck, \u00e9rdekl\u0151dj\u00f6n szem\u00e9lyesen, telefonon vagy email-en.<\/b><\/p>\n<p>Term\u00e9keinket szem\u00e9lyesen is \u00e1tveheti a h\u00e9t minden napj\u00e1n nyitvatart\u00e1si id\u0151ben!<\/p>\n<p>Kisz\u00e1ll\u00edt\u00e1s: 200 cm \u00e9s 40 kg is a sz\u00e1ll\u00edt\u00e1s fut\u00e1rszolg\u00e1lattal t\u00f6rt\u00e9nik.<\/p>\n<\/div>\n<\/div>\n<\/div>\n<\/div>\n<p><b>A v\u00e1ltoztat\u00e1s jog\u00e1t fenntartjuk!\u00a0<\/b><\/p>","protected":false},"featured_media":16082,"template":"","meta":{"_et_pb_use_builder":"","_et_pb_old_content":"","_et_gb_content_width":""},"product_brand":[],"product_cat":[4234],"product_tag":[5490,5488,5489,5485],"class_list":{"0":"post-16081","1":"product","2":"type-product","3":"status-publish","4":"has-post-thumbnail","6":"product_cat-egyeb-szerelvenyek","7":"product_tag-aknafedal","8":"product_tag-fedel","9":"product_tag-jumbo","10":"product_tag-szelepakna","12":"first","13":"instock","14":"shipping-taxable","15":"purchasable","16":"product-type-simple"},"yoast_head":"<!-- This site is optimized with the Yoast SEO plugin v27.5 - https:\/\/yoast.com\/product\/yoast-seo-wordpress\/ -->\n<title>SZELEPH\u00c1Z FED\u00c9L T\u00c9GLALAP ALAK\u00da JUMBO AKN\u00c1HOZ (PA) - T\u00e1jkert\u00e9sz<\/title>\n<meta name=\"description\" content=\"SZELEPH\u00c1Z FED\u00c9L T\u00c9GLALAP ALAK\u00da JUMBO AKN\u00c1HOZ (PA). V\u00e1s\u00e1roljon kert\u00e9szet\u00fcnkb\u0151l szem\u00e9lyesen, vagy rendeljen web\u00e1ruh\u00e1zunkb\u00f3l\" \/>\n<meta name=\"robots\" content=\"index, follow, max-snippet:-1, max-image-preview:large, max-video-preview:-1\" \/>\n<link rel=\"canonical\" href=\"https:\/\/tajkertesz.com\/en_US\/product\/szelephaz-fedel-teglalap-alaku-jumbo-aknahoz-pa\/\" \/>\n<meta property=\"og:locale\" content=\"en_US\" \/>\n<meta property=\"og:type\" content=\"article\" \/>\n<meta property=\"og:title\" content=\"SZELEPH\u00c1Z FED\u00c9L T\u00c9GLALAP ALAK\u00da JUMBO AKN\u00c1HOZ (PA) - T\u00e1jkert\u00e9sz\" \/>\n<meta property=\"og:description\" content=\"SZELEPH\u00c1Z FED\u00c9L T\u00c9GLALAP ALAK\u00da JUMBO AKN\u00c1HOZ (PA). V\u00e1s\u00e1roljon kert\u00e9szet\u00fcnkb\u0151l szem\u00e9lyesen, vagy rendeljen web\u00e1ruh\u00e1zunkb\u00f3l\" \/>\n<meta property=\"og:url\" content=\"https:\/\/tajkertesz.com\/en_US\/product\/szelephaz-fedel-teglalap-alaku-jumbo-aknahoz-pa\/\" \/>\n<meta property=\"og:site_name\" content=\"T\u00e1jkert\u00e9sz\" \/>\n<meta property=\"article:publisher\" content=\"https:\/\/www.facebook.com\/Tajkertesz\/\" \/>\n<meta property=\"article:modified_time\" content=\"2024-11-28T07:40:56+00:00\" \/>\n<meta property=\"og:image\" content=\"https:\/\/tajkertesz.com\/wp-content\/uploads\/2023\/07\/irritec-szelephaz-fedel-jumbo-aknahoz.jpg\" \/>\n\t<meta property=\"og:image:width\" content=\"458\" \/>\n\t<meta property=\"og:image:height\" content=\"458\" \/>\n\t<meta property=\"og:image:type\" content=\"image\/jpeg\" \/>\n<meta name=\"twitter:card\" content=\"summary_large_image\" \/>\n<meta name=\"twitter:label1\" content=\"Est. reading time\" \/>\n\t<meta name=\"twitter:data1\" content=\"2 minutes\" \/>\n<script type=\"application\/ld+json\" class=\"yoast-schema-graph\">{\"@context\":\"https:\\\/\\\/schema.org\",\"@graph\":[{\"@type\":\"WebPage\",\"@id\":\"https:\\\/\\\/tajkertesz.com\\\/termek\\\/szelephaz-fedel-teglalap-alaku-jumbo-aknahoz-pa\\\/\",\"url\":\"https:\\\/\\\/tajkertesz.com\\\/termek\\\/szelephaz-fedel-teglalap-alaku-jumbo-aknahoz-pa\\\/\",\"name\":\"SZELEPH\u00c1Z FED\u00c9L T\u00c9GLALAP ALAK\u00da JUMBO AKN\u00c1HOZ (PA) - T\u00e1jkert\u00e9sz\",\"isPartOf\":{\"@id\":\"https:\\\/\\\/tajkertesz.com\\\/#website\"},\"primaryImageOfPage\":{\"@id\":\"https:\\\/\\\/tajkertesz.com\\\/termek\\\/szelephaz-fedel-teglalap-alaku-jumbo-aknahoz-pa\\\/#primaryimage\"},\"image\":{\"@id\":\"https:\\\/\\\/tajkertesz.com\\\/termek\\\/szelephaz-fedel-teglalap-alaku-jumbo-aknahoz-pa\\\/#primaryimage\"},\"thumbnailUrl\":\"https:\\\/\\\/tajkertesz.com\\\/wp-content\\\/uploads\\\/2023\\\/07\\\/irritec-szelephaz-fedel-jumbo-aknahoz.jpg\",\"datePublished\":\"2023-07-14T11:56:15+00:00\",\"dateModified\":\"2024-11-28T07:40:56+00:00\",\"description\":\"SZELEPH\u00c1Z FED\u00c9L T\u00c9GLALAP ALAK\u00da JUMBO AKN\u00c1HOZ (PA). V\u00e1s\u00e1roljon kert\u00e9szet\u00fcnkb\u0151l szem\u00e9lyesen, vagy rendeljen web\u00e1ruh\u00e1zunkb\u00f3l\",\"breadcrumb\":{\"@id\":\"https:\\\/\\\/tajkertesz.com\\\/termek\\\/szelephaz-fedel-teglalap-alaku-jumbo-aknahoz-pa\\\/#breadcrumb\"},\"inLanguage\":\"en-US\",\"potentialAction\":[{\"@type\":\"ReadAction\",\"target\":[\"https:\\\/\\\/tajkertesz.com\\\/termek\\\/szelephaz-fedel-teglalap-alaku-jumbo-aknahoz-pa\\\/\"]}]},{\"@type\":\"ImageObject\",\"inLanguage\":\"en-US\",\"@id\":\"https:\\\/\\\/tajkertesz.com\\\/termek\\\/szelephaz-fedel-teglalap-alaku-jumbo-aknahoz-pa\\\/#primaryimage\",\"url\":\"https:\\\/\\\/tajkertesz.com\\\/wp-content\\\/uploads\\\/2023\\\/07\\\/irritec-szelephaz-fedel-jumbo-aknahoz.jpg\",\"contentUrl\":\"https:\\\/\\\/tajkertesz.com\\\/wp-content\\\/uploads\\\/2023\\\/07\\\/irritec-szelephaz-fedel-jumbo-aknahoz.jpg\",\"width\":458,\"height\":458,\"caption\":\"SZELEPH\u00c1Z FED\u00c9L T\u00c9GLALAP ALAK\u00da JUMBO AKN\u00c1HOZ (PA)\"},{\"@type\":\"BreadcrumbList\",\"@id\":\"https:\\\/\\\/tajkertesz.com\\\/termek\\\/szelephaz-fedel-teglalap-alaku-jumbo-aknahoz-pa\\\/#breadcrumb\",\"itemListElement\":[{\"@type\":\"ListItem\",\"position\":1,\"name\":\"Home\",\"item\":\"https:\\\/\\\/tajkertesz.com\\\/\"},{\"@type\":\"ListItem\",\"position\":2,\"name\":\"Kezd\u0151lap\",\"item\":\"https:\\\/\\\/tajkertesz.com\\\/\"},{\"@type\":\"ListItem\",\"position\":3,\"name\":\"SZELEPH\u00c1Z FED\u00c9L T\u00c9GLALAP ALAK\u00da JUMBO AKN\u00c1HOZ (PA)\"}]},{\"@type\":\"WebSite\",\"@id\":\"https:\\\/\\\/tajkertesz.com\\\/#website\",\"url\":\"https:\\\/\\\/tajkertesz.com\\\/\",\"name\":\"T\u00e1j-Kert\u00e9sz 84 Kft.\",\"description\":\"Kert\u00e9szeti kis- \u00e9s nagykeresked\u00e9s, D\u00edszn\u00f6v\u00e9ny web\u00e1ruh\u00e1z orsz\u00e1gos h\u00e1zhozsz\u00e1ll\u00edt\u00e1ssal!\",\"publisher\":{\"@id\":\"https:\\\/\\\/tajkertesz.com\\\/#organization\"},\"potentialAction\":[{\"@type\":\"SearchAction\",\"target\":{\"@type\":\"EntryPoint\",\"urlTemplate\":\"https:\\\/\\\/tajkertesz.com\\\/?s={search_term_string}\"},\"query-input\":{\"@type\":\"PropertyValueSpecification\",\"valueRequired\":true,\"valueName\":\"search_term_string\"}}],\"inLanguage\":\"en-US\"},{\"@type\":\"Organization\",\"@id\":\"https:\\\/\\\/tajkertesz.com\\\/#organization\",\"name\":\"T\u00e1j-Kert\u00e9sz 84 Kft.\",\"url\":\"https:\\\/\\\/tajkertesz.com\\\/\",\"logo\":{\"@type\":\"ImageObject\",\"inLanguage\":\"en-US\",\"@id\":\"https:\\\/\\\/tajkertesz.com\\\/#\\\/schema\\\/logo\\\/image\\\/\",\"url\":\"https:\\\/\\\/tajkertesz.com\\\/wp-content\\\/uploads\\\/2018\\\/02\\\/logo-2-e1518678052539.png\",\"contentUrl\":\"https:\\\/\\\/tajkertesz.com\\\/wp-content\\\/uploads\\\/2018\\\/02\\\/logo-2-e1518678052539.png\",\"width\":81,\"height\":140,\"caption\":\"T\u00e1j-Kert\u00e9sz 84 Kft.\"},\"image\":{\"@id\":\"https:\\\/\\\/tajkertesz.com\\\/#\\\/schema\\\/logo\\\/image\\\/\"},\"sameAs\":[\"https:\\\/\\\/www.facebook.com\\\/Tajkertesz\\\/\"]}]}<\/script>\n<!-- \/ Yoast SEO plugin. -->","yoast_head_json":{"title":"SZELEPH\u00c1Z FED\u00c9L T\u00c9GLALAP ALAK\u00da JUMBO AKN\u00c1HOZ (PA) - T\u00e1jkert\u00e9sz","description":"SZELEPH\u00c1Z FED\u00c9L T\u00c9GLALAP ALAK\u00da JUMBO AKN\u00c1HOZ (PA). V\u00e1s\u00e1roljon kert\u00e9szet\u00fcnkb\u0151l szem\u00e9lyesen, vagy rendeljen web\u00e1ruh\u00e1zunkb\u00f3l","robots":{"index":"index","follow":"follow","max-snippet":"max-snippet:-1","max-image-preview":"max-image-preview:large","max-video-preview":"max-video-preview:-1"},"canonical":"https:\/\/tajkertesz.com\/en_US\/product\/szelephaz-fedel-teglalap-alaku-jumbo-aknahoz-pa\/","og_locale":"en_US","og_type":"article","og_title":"SZELEPH\u00c1Z FED\u00c9L T\u00c9GLALAP ALAK\u00da JUMBO AKN\u00c1HOZ (PA) - T\u00e1jkert\u00e9sz","og_description":"SZELEPH\u00c1Z FED\u00c9L T\u00c9GLALAP ALAK\u00da JUMBO AKN\u00c1HOZ (PA). V\u00e1s\u00e1roljon kert\u00e9szet\u00fcnkb\u0151l szem\u00e9lyesen, vagy rendeljen web\u00e1ruh\u00e1zunkb\u00f3l","og_url":"https:\/\/tajkertesz.com\/en_US\/product\/szelephaz-fedel-teglalap-alaku-jumbo-aknahoz-pa\/","og_site_name":"T\u00e1jkert\u00e9sz","article_publisher":"https:\/\/www.facebook.com\/Tajkertesz\/","article_modified_time":"2024-11-28T07:40:56+00:00","og_image":[{"width":458,"height":458,"url":"https:\/\/tajkertesz.com\/wp-content\/uploads\/2023\/07\/irritec-szelephaz-fedel-jumbo-aknahoz.jpg","type":"image\/jpeg"}],"twitter_card":"summary_large_image","twitter_misc":{"Est. reading time":"2 minutes"},"schema":{"@context":"https:\/\/schema.org","@graph":[{"@type":"WebPage","@id":"https:\/\/tajkertesz.com\/termek\/szelephaz-fedel-teglalap-alaku-jumbo-aknahoz-pa\/","url":"https:\/\/tajkertesz.com\/termek\/szelephaz-fedel-teglalap-alaku-jumbo-aknahoz-pa\/","name":"SZELEPH\u00c1Z FED\u00c9L T\u00c9GLALAP ALAK\u00da JUMBO AKN\u00c1HOZ (PA) - T\u00e1jkert\u00e9sz","isPartOf":{"@id":"https:\/\/tajkertesz.com\/#website"},"primaryImageOfPage":{"@id":"https:\/\/tajkertesz.com\/termek\/szelephaz-fedel-teglalap-alaku-jumbo-aknahoz-pa\/#primaryimage"},"image":{"@id":"https:\/\/tajkertesz.com\/termek\/szelephaz-fedel-teglalap-alaku-jumbo-aknahoz-pa\/#primaryimage"},"thumbnailUrl":"https:\/\/tajkertesz.com\/wp-content\/uploads\/2023\/07\/irritec-szelephaz-fedel-jumbo-aknahoz.jpg","datePublished":"2023-07-14T11:56:15+00:00","dateModified":"2024-11-28T07:40:56+00:00","description":"SZELEPH\u00c1Z FED\u00c9L T\u00c9GLALAP ALAK\u00da JUMBO AKN\u00c1HOZ (PA). V\u00e1s\u00e1roljon kert\u00e9szet\u00fcnkb\u0151l szem\u00e9lyesen, vagy rendeljen web\u00e1ruh\u00e1zunkb\u00f3l","breadcrumb":{"@id":"https:\/\/tajkertesz.com\/termek\/szelephaz-fedel-teglalap-alaku-jumbo-aknahoz-pa\/#breadcrumb"},"inLanguage":"en-US","potentialAction":[{"@type":"ReadAction","target":["https:\/\/tajkertesz.com\/termek\/szelephaz-fedel-teglalap-alaku-jumbo-aknahoz-pa\/"]}]},{"@type":"ImageObject","inLanguage":"en-US","@id":"https:\/\/tajkertesz.com\/termek\/szelephaz-fedel-teglalap-alaku-jumbo-aknahoz-pa\/#primaryimage","url":"https:\/\/tajkertesz.com\/wp-content\/uploads\/2023\/07\/irritec-szelephaz-fedel-jumbo-aknahoz.jpg","contentUrl":"https:\/\/tajkertesz.com\/wp-content\/uploads\/2023\/07\/irritec-szelephaz-fedel-jumbo-aknahoz.jpg","width":458,"height":458,"caption":"SZELEPH\u00c1Z FED\u00c9L T\u00c9GLALAP ALAK\u00da JUMBO AKN\u00c1HOZ (PA)"},{"@type":"BreadcrumbList","@id":"https:\/\/tajkertesz.com\/termek\/szelephaz-fedel-teglalap-alaku-jumbo-aknahoz-pa\/#breadcrumb","itemListElement":[{"@type":"ListItem","position":1,"name":"Home","item":"https:\/\/tajkertesz.com\/"},{"@type":"ListItem","position":2,"name":"Kezd\u0151lap","item":"https:\/\/tajkertesz.com\/"},{"@type":"ListItem","position":3,"name":"SZELEPH\u00c1Z FED\u00c9L T\u00c9GLALAP ALAK\u00da JUMBO AKN\u00c1HOZ (PA)"}]},{"@type":"WebSite","@id":"https:\/\/tajkertesz.com\/#website","url":"https:\/\/tajkertesz.com\/","name":"T\u00e1j-Kert\u00e9sz 84 Kft.","description":"Kert\u00e9szeti kis- \u00e9s nagykeresked\u00e9s, D\u00edszn\u00f6v\u00e9ny web\u00e1ruh\u00e1z orsz\u00e1gos h\u00e1zhozsz\u00e1ll\u00edt\u00e1ssal!","publisher":{"@id":"https:\/\/tajkertesz.com\/#organization"},"potentialAction":[{"@type":"SearchAction","target":{"@type":"EntryPoint","urlTemplate":"https:\/\/tajkertesz.com\/?s={search_term_string}"},"query-input":{"@type":"PropertyValueSpecification","valueRequired":true,"valueName":"search_term_string"}}],"inLanguage":"en-US"},{"@type":"Organization","@id":"https:\/\/tajkertesz.com\/#organization","name":"T\u00e1j-Kert\u00e9sz 84 Kft.","url":"https:\/\/tajkertesz.com\/","logo":{"@type":"ImageObject","inLanguage":"en-US","@id":"https:\/\/tajkertesz.com\/#\/schema\/logo\/image\/","url":"https:\/\/tajkertesz.com\/wp-content\/uploads\/2018\/02\/logo-2-e1518678052539.png","contentUrl":"https:\/\/tajkertesz.com\/wp-content\/uploads\/2018\/02\/logo-2-e1518678052539.png","width":81,"height":140,"caption":"T\u00e1j-Kert\u00e9sz 84 Kft."},"image":{"@id":"https:\/\/tajkertesz.com\/#\/schema\/logo\/image\/"},"sameAs":["https:\/\/www.facebook.com\/Tajkertesz\/"]}]}},"_links":{"self":[{"href":"https:\/\/tajkertesz.com\/en_US\/wp-json\/wp\/v2\/product\/16081","targetHints":{"allow":["GET"]}}],"collection":[{"href":"https:\/\/tajkertesz.com\/en_US\/wp-json\/wp\/v2\/product"}],"about":[{"href":"https:\/\/tajkertesz.com\/en_US\/wp-json\/wp\/v2\/types\/product"}],"wp:featuredmedia":[{"embeddable":true,"href":"https:\/\/tajkertesz.com\/en_US\/wp-json\/wp\/v2\/media\/16082"}],"wp:attachment":[{"href":"https:\/\/tajkertesz.com\/en_US\/wp-json\/wp\/v2\/media?parent=16081"}],"wp:term":[{"taxonomy":"product_brand","embeddable":true,"href":"https:\/\/tajkertesz.com\/en_US\/wp-json\/wp\/v2\/product_brand?post=16081"},{"taxonomy":"product_cat","embeddable":true,"href":"https:\/\/tajkertesz.com\/en_US\/wp-json\/wp\/v2\/product_cat?post=16081"},{"taxonomy":"product_tag","embeddable":true,"href":"https:\/\/tajkertesz.com\/en_US\/wp-json\/wp\/v2\/product_tag?post=16081"}],"curies":[{"name":"wp","href":"https:\/\/api.w.org\/{rel}","templated":true}]}}