{"id":16084,"date":"2023-07-14T12:40:34","date_gmt":"2023-07-14T12:40:34","guid":{"rendered":"https:\/\/tajkertesz.com\/?post_type=product&#038;p=16084"},"modified":"2023-07-14T12:40:36","modified_gmt":"2023-07-14T12:40:36","slug":"vezerlo-kabel-ysly-jz-7x05-mm2-vezerlohoz","status":"publish","type":"product","link":"https:\/\/tajkertesz.com\/en_US\/product\/vezerlo-kabel-ysly-jz-7x05-mm2-vezerlohoz\/","title":{"rendered":"Vez\u00e9rl\u0151 k\u00e1bel YSLY-JZ  7&#215;0,5 mm2 vez\u00e9rl\u0151h\u00f6z"},"content":{"rendered":"<h2>Vez\u00e9rl\u0151 k\u00e1bel YSLY-JZ 7&#215;0,5 mm2 vez\u00e9rl\u0151h\u00f6z<\/h2>\n<p>YSLY-JZ 7&#215;0,5mm2 300\/500V PVC vez\u00e9rl\u0151k\u00e1bel<\/p>\n<p>Z\u00f6ld\/s\u00e1rga \u00e9rrel<\/p>\n<p>K\u00fcls\u0151 \u00e1tm\u00e9r\u0151: 7,0mm<\/p>\n<p>T\u00f6meg:77kg\/km<\/p>\n<p>Fel\u00e9p\u00edt\u00e9se:<\/p>\n<p>-sodrott Cu-vezet\u0151<\/p>\n<p>-PVC-\u00e9rszigetel\u00e9ssel<\/p>\n<p>-az \u00e9rsodrat k\u00f6r\u00fcl m\u0171anyag f\u00f3lia<\/p>\n<p>-m\u00e9rs\u00e9kelten olaj\u00e1ll\u00f3 PVC k\u00fcls\u0151 k\u00f6peny.<\/p>\n<p>Felhaszn\u00e1l\u00e1si ter\u00fclet:<\/p>\n<p>&#8211; jelz\u0151- \u00e9s impulzusk\u00e1belk\u00e9nt m\u00e9r\u00e9s- \u00e9s vez\u00e9rl\u00e9stechnik\u00e1ban<\/p>\n<p>K\u00f6rnyezeti h\u0151m\u00e9rs\u00e9klet:<\/p>\n<p>-fix elhelyez\u00e9sn\u00e9l -40\u00b0C-t\u00f3l +70\u00b0C-ig<\/p>\n<p>-mozg\u00f3 elhelyez\u00e9sn\u00e9l -5\u00b0C-t\u00f3l +70\u00b0C-ig<\/p>\n<p>Szabv\u00e1ny: VDE 0250-5<\/p>\n<p>&nbsp;<\/p>","protected":false},"excerpt":{"rendered":"<h2>Vez\u00e9rl\u0151 k\u00e1bel YSLY-JZ 7&#215;0,5 mm2 vez\u00e9rl\u0151h\u00f6z<\/h2>\n<p><strong>A felt\u00fcntetett \u00e1r 1m-re \u00e9rtend\u0151!<\/strong><\/p>\n<div id=\"bodyContent\" class=\"mw-body-content\">\n<div id=\"mw-content-text\" class=\"mw-content-ltr\" dir=\"ltr\" lang=\"hu\">\n<div id=\"bodyContent\" class=\"mw-body-content\">\n<div id=\"mw-content-text\" class=\"mw-content-ltr\" dir=\"ltr\" lang=\"hu\">\n<p><b>K\u00e9szlet\u00fcnk napi szinten v\u00e1ltozik, ez\u00e9rt k\u00e9rj\u00fck, \u00e9rdekl\u0151dj\u00f6n szem\u00e9lyesen, telefonon vagy email-en.<\/b><\/p>\n<p>Term\u00e9keinket szem\u00e9lyesen is \u00e1tveheti a h\u00e9t minden napj\u00e1n nyitvatart\u00e1si id\u0151ben!<\/p>\n<p>Kisz\u00e1ll\u00edt\u00e1s: 200 cm \u00e9s 40 kg is a sz\u00e1ll\u00edt\u00e1s fut\u00e1rszolg\u00e1lattal t\u00f6rt\u00e9nik.<\/p>\n<\/div>\n<\/div>\n<\/div>\n<\/div>\n<p><b>A v\u00e1ltoztat\u00e1s jog\u00e1t fenntartjuk!\u00a0<\/b><\/p>","protected":false},"featured_media":16085,"template":"","meta":{"_et_pb_use_builder":"","_et_pb_old_content":"","_et_gb_content_width":""},"product_brand":[],"product_cat":[4234],"product_tag":[],"class_list":{"0":"post-16084","1":"product","2":"type-product","3":"status-publish","4":"has-post-thumbnail","6":"product_cat-egyeb-szerelvenyek","8":"first","9":"instock","10":"shipping-taxable","11":"purchasable","12":"product-type-simple"},"yoast_head":"<!-- This site is optimized with the Yoast SEO plugin v27.5 - https:\/\/yoast.com\/product\/yoast-seo-wordpress\/ -->\n<title>Vez\u00e9rl\u0151 k\u00e1bel YSLY-JZ 7x0,5 mm2 vez\u00e9rl\u0151h\u00f6z - T\u00e1jkert\u00e9sz<\/title>\n<meta name=\"description\" content=\"Vez\u00e9rl\u0151 k\u00e1bel YSLY-JZ 7x0,5 mm2 vez\u00e9rl\u0151h\u00f6z\" \/>\n<meta name=\"robots\" content=\"index, follow, max-snippet:-1, max-image-preview:large, max-video-preview:-1\" \/>\n<link rel=\"canonical\" href=\"https:\/\/tajkertesz.com\/en_US\/product\/vezerlo-kabel-ysly-jz-7x05-mm2-vezerlohoz\/\" \/>\n<meta property=\"og:locale\" content=\"en_US\" \/>\n<meta property=\"og:type\" content=\"article\" \/>\n<meta property=\"og:title\" content=\"Vez\u00e9rl\u0151 k\u00e1bel YSLY-JZ 7x0,5 mm2 vez\u00e9rl\u0151h\u00f6z - T\u00e1jkert\u00e9sz\" \/>\n<meta property=\"og:description\" content=\"Vez\u00e9rl\u0151 k\u00e1bel YSLY-JZ 7x0,5 mm2 vez\u00e9rl\u0151h\u00f6z\" \/>\n<meta property=\"og:url\" content=\"https:\/\/tajkertesz.com\/en_US\/product\/vezerlo-kabel-ysly-jz-7x05-mm2-vezerlohoz\/\" \/>\n<meta property=\"og:site_name\" content=\"T\u00e1jkert\u00e9sz\" \/>\n<meta property=\"article:publisher\" content=\"https:\/\/www.facebook.com\/Tajkertesz\/\" \/>\n<meta property=\"article:modified_time\" content=\"2023-07-14T12:40:36+00:00\" \/>\n<meta property=\"og:image\" content=\"https:\/\/tajkertesz.com\/wp-content\/uploads\/2023\/07\/Elektromos-vezetek-7x15-7eres-scaled-1.webp\" \/>\n\t<meta property=\"og:image:width\" content=\"2560\" \/>\n\t<meta property=\"og:image:height\" content=\"1209\" \/>\n\t<meta property=\"og:image:type\" content=\"image\/webp\" \/>\n<meta name=\"twitter:card\" content=\"summary_large_image\" \/>\n<meta name=\"twitter:label1\" content=\"Est. reading time\" \/>\n\t<meta name=\"twitter:data1\" content=\"1 minute\" \/>\n<script type=\"application\/ld+json\" class=\"yoast-schema-graph\">{\"@context\":\"https:\\\/\\\/schema.org\",\"@graph\":[{\"@type\":\"WebPage\",\"@id\":\"https:\\\/\\\/tajkertesz.com\\\/termek\\\/vezerlo-kabel-ysly-jz-7x05-mm2-vezerlohoz\\\/\",\"url\":\"https:\\\/\\\/tajkertesz.com\\\/termek\\\/vezerlo-kabel-ysly-jz-7x05-mm2-vezerlohoz\\\/\",\"name\":\"Vez\u00e9rl\u0151 k\u00e1bel YSLY-JZ 7x0,5 mm2 vez\u00e9rl\u0151h\u00f6z - T\u00e1jkert\u00e9sz\",\"isPartOf\":{\"@id\":\"https:\\\/\\\/tajkertesz.com\\\/#website\"},\"primaryImageOfPage\":{\"@id\":\"https:\\\/\\\/tajkertesz.com\\\/termek\\\/vezerlo-kabel-ysly-jz-7x05-mm2-vezerlohoz\\\/#primaryimage\"},\"image\":{\"@id\":\"https:\\\/\\\/tajkertesz.com\\\/termek\\\/vezerlo-kabel-ysly-jz-7x05-mm2-vezerlohoz\\\/#primaryimage\"},\"thumbnailUrl\":\"https:\\\/\\\/tajkertesz.com\\\/wp-content\\\/uploads\\\/2023\\\/07\\\/Elektromos-vezetek-7x15-7eres-scaled-1.webp\",\"datePublished\":\"2023-07-14T12:40:34+00:00\",\"dateModified\":\"2023-07-14T12:40:36+00:00\",\"description\":\"Vez\u00e9rl\u0151 k\u00e1bel YSLY-JZ 7x0,5 mm2 vez\u00e9rl\u0151h\u00f6z\",\"breadcrumb\":{\"@id\":\"https:\\\/\\\/tajkertesz.com\\\/termek\\\/vezerlo-kabel-ysly-jz-7x05-mm2-vezerlohoz\\\/#breadcrumb\"},\"inLanguage\":\"en-US\",\"potentialAction\":[{\"@type\":\"ReadAction\",\"target\":[\"https:\\\/\\\/tajkertesz.com\\\/termek\\\/vezerlo-kabel-ysly-jz-7x05-mm2-vezerlohoz\\\/\"]}]},{\"@type\":\"ImageObject\",\"inLanguage\":\"en-US\",\"@id\":\"https:\\\/\\\/tajkertesz.com\\\/termek\\\/vezerlo-kabel-ysly-jz-7x05-mm2-vezerlohoz\\\/#primaryimage\",\"url\":\"https:\\\/\\\/tajkertesz.com\\\/wp-content\\\/uploads\\\/2023\\\/07\\\/Elektromos-vezetek-7x15-7eres-scaled-1.webp\",\"contentUrl\":\"https:\\\/\\\/tajkertesz.com\\\/wp-content\\\/uploads\\\/2023\\\/07\\\/Elektromos-vezetek-7x15-7eres-scaled-1.webp\",\"width\":2560,\"height\":1209},{\"@type\":\"BreadcrumbList\",\"@id\":\"https:\\\/\\\/tajkertesz.com\\\/termek\\\/vezerlo-kabel-ysly-jz-7x05-mm2-vezerlohoz\\\/#breadcrumb\",\"itemListElement\":[{\"@type\":\"ListItem\",\"position\":1,\"name\":\"Home\",\"item\":\"https:\\\/\\\/tajkertesz.com\\\/\"},{\"@type\":\"ListItem\",\"position\":2,\"name\":\"Kezd\u0151lap\",\"item\":\"https:\\\/\\\/tajkertesz.com\\\/\"},{\"@type\":\"ListItem\",\"position\":3,\"name\":\"Vez\u00e9rl\u0151 k\u00e1bel YSLY-JZ 7&#215;0,5 mm2 vez\u00e9rl\u0151h\u00f6z\"}]},{\"@type\":\"WebSite\",\"@id\":\"https:\\\/\\\/tajkertesz.com\\\/#website\",\"url\":\"https:\\\/\\\/tajkertesz.com\\\/\",\"name\":\"T\u00e1j-Kert\u00e9sz 84 Kft.\",\"description\":\"Kert\u00e9szeti kis- \u00e9s nagykeresked\u00e9s, D\u00edszn\u00f6v\u00e9ny web\u00e1ruh\u00e1z orsz\u00e1gos h\u00e1zhozsz\u00e1ll\u00edt\u00e1ssal!\",\"publisher\":{\"@id\":\"https:\\\/\\\/tajkertesz.com\\\/#organization\"},\"potentialAction\":[{\"@type\":\"SearchAction\",\"target\":{\"@type\":\"EntryPoint\",\"urlTemplate\":\"https:\\\/\\\/tajkertesz.com\\\/?s={search_term_string}\"},\"query-input\":{\"@type\":\"PropertyValueSpecification\",\"valueRequired\":true,\"valueName\":\"search_term_string\"}}],\"inLanguage\":\"en-US\"},{\"@type\":\"Organization\",\"@id\":\"https:\\\/\\\/tajkertesz.com\\\/#organization\",\"name\":\"T\u00e1j-Kert\u00e9sz 84 Kft.\",\"url\":\"https:\\\/\\\/tajkertesz.com\\\/\",\"logo\":{\"@type\":\"ImageObject\",\"inLanguage\":\"en-US\",\"@id\":\"https:\\\/\\\/tajkertesz.com\\\/#\\\/schema\\\/logo\\\/image\\\/\",\"url\":\"https:\\\/\\\/tajkertesz.com\\\/wp-content\\\/uploads\\\/2018\\\/02\\\/logo-2-e1518678052539.png\",\"contentUrl\":\"https:\\\/\\\/tajkertesz.com\\\/wp-content\\\/uploads\\\/2018\\\/02\\\/logo-2-e1518678052539.png\",\"width\":81,\"height\":140,\"caption\":\"T\u00e1j-Kert\u00e9sz 84 Kft.\"},\"image\":{\"@id\":\"https:\\\/\\\/tajkertesz.com\\\/#\\\/schema\\\/logo\\\/image\\\/\"},\"sameAs\":[\"https:\\\/\\\/www.facebook.com\\\/Tajkertesz\\\/\"]}]}<\/script>\n<!-- \/ Yoast SEO plugin. -->","yoast_head_json":{"title":"Vez\u00e9rl\u0151 k\u00e1bel YSLY-JZ 7x0,5 mm2 vez\u00e9rl\u0151h\u00f6z - T\u00e1jkert\u00e9sz","description":"Vez\u00e9rl\u0151 k\u00e1bel YSLY-JZ 7x0,5 mm2 vez\u00e9rl\u0151h\u00f6z","robots":{"index":"index","follow":"follow","max-snippet":"max-snippet:-1","max-image-preview":"max-image-preview:large","max-video-preview":"max-video-preview:-1"},"canonical":"https:\/\/tajkertesz.com\/en_US\/product\/vezerlo-kabel-ysly-jz-7x05-mm2-vezerlohoz\/","og_locale":"en_US","og_type":"article","og_title":"Vez\u00e9rl\u0151 k\u00e1bel YSLY-JZ 7x0,5 mm2 vez\u00e9rl\u0151h\u00f6z - T\u00e1jkert\u00e9sz","og_description":"Vez\u00e9rl\u0151 k\u00e1bel YSLY-JZ 7x0,5 mm2 vez\u00e9rl\u0151h\u00f6z","og_url":"https:\/\/tajkertesz.com\/en_US\/product\/vezerlo-kabel-ysly-jz-7x05-mm2-vezerlohoz\/","og_site_name":"T\u00e1jkert\u00e9sz","article_publisher":"https:\/\/www.facebook.com\/Tajkertesz\/","article_modified_time":"2023-07-14T12:40:36+00:00","og_image":[{"width":2560,"height":1209,"url":"https:\/\/tajkertesz.com\/wp-content\/uploads\/2023\/07\/Elektromos-vezetek-7x15-7eres-scaled-1.webp","type":"image\/webp"}],"twitter_card":"summary_large_image","twitter_misc":{"Est. reading time":"1 minute"},"schema":{"@context":"https:\/\/schema.org","@graph":[{"@type":"WebPage","@id":"https:\/\/tajkertesz.com\/termek\/vezerlo-kabel-ysly-jz-7x05-mm2-vezerlohoz\/","url":"https:\/\/tajkertesz.com\/termek\/vezerlo-kabel-ysly-jz-7x05-mm2-vezerlohoz\/","name":"Vez\u00e9rl\u0151 k\u00e1bel YSLY-JZ 7x0,5 mm2 vez\u00e9rl\u0151h\u00f6z - T\u00e1jkert\u00e9sz","isPartOf":{"@id":"https:\/\/tajkertesz.com\/#website"},"primaryImageOfPage":{"@id":"https:\/\/tajkertesz.com\/termek\/vezerlo-kabel-ysly-jz-7x05-mm2-vezerlohoz\/#primaryimage"},"image":{"@id":"https:\/\/tajkertesz.com\/termek\/vezerlo-kabel-ysly-jz-7x05-mm2-vezerlohoz\/#primaryimage"},"thumbnailUrl":"https:\/\/tajkertesz.com\/wp-content\/uploads\/2023\/07\/Elektromos-vezetek-7x15-7eres-scaled-1.webp","datePublished":"2023-07-14T12:40:34+00:00","dateModified":"2023-07-14T12:40:36+00:00","description":"Vez\u00e9rl\u0151 k\u00e1bel YSLY-JZ 7x0,5 mm2 vez\u00e9rl\u0151h\u00f6z","breadcrumb":{"@id":"https:\/\/tajkertesz.com\/termek\/vezerlo-kabel-ysly-jz-7x05-mm2-vezerlohoz\/#breadcrumb"},"inLanguage":"en-US","potentialAction":[{"@type":"ReadAction","target":["https:\/\/tajkertesz.com\/termek\/vezerlo-kabel-ysly-jz-7x05-mm2-vezerlohoz\/"]}]},{"@type":"ImageObject","inLanguage":"en-US","@id":"https:\/\/tajkertesz.com\/termek\/vezerlo-kabel-ysly-jz-7x05-mm2-vezerlohoz\/#primaryimage","url":"https:\/\/tajkertesz.com\/wp-content\/uploads\/2023\/07\/Elektromos-vezetek-7x15-7eres-scaled-1.webp","contentUrl":"https:\/\/tajkertesz.com\/wp-content\/uploads\/2023\/07\/Elektromos-vezetek-7x15-7eres-scaled-1.webp","width":2560,"height":1209},{"@type":"BreadcrumbList","@id":"https:\/\/tajkertesz.com\/termek\/vezerlo-kabel-ysly-jz-7x05-mm2-vezerlohoz\/#breadcrumb","itemListElement":[{"@type":"ListItem","position":1,"name":"Home","item":"https:\/\/tajkertesz.com\/"},{"@type":"ListItem","position":2,"name":"Kezd\u0151lap","item":"https:\/\/tajkertesz.com\/"},{"@type":"ListItem","position":3,"name":"Vez\u00e9rl\u0151 k\u00e1bel YSLY-JZ 7&#215;0,5 mm2 vez\u00e9rl\u0151h\u00f6z"}]},{"@type":"WebSite","@id":"https:\/\/tajkertesz.com\/#website","url":"https:\/\/tajkertesz.com\/","name":"T\u00e1j-Kert\u00e9sz 84 Kft.","description":"Kert\u00e9szeti kis- \u00e9s nagykeresked\u00e9s, D\u00edszn\u00f6v\u00e9ny web\u00e1ruh\u00e1z orsz\u00e1gos h\u00e1zhozsz\u00e1ll\u00edt\u00e1ssal!","publisher":{"@id":"https:\/\/tajkertesz.com\/#organization"},"potentialAction":[{"@type":"SearchAction","target":{"@type":"EntryPoint","urlTemplate":"https:\/\/tajkertesz.com\/?s={search_term_string}"},"query-input":{"@type":"PropertyValueSpecification","valueRequired":true,"valueName":"search_term_string"}}],"inLanguage":"en-US"},{"@type":"Organization","@id":"https:\/\/tajkertesz.com\/#organization","name":"T\u00e1j-Kert\u00e9sz 84 Kft.","url":"https:\/\/tajkertesz.com\/","logo":{"@type":"ImageObject","inLanguage":"en-US","@id":"https:\/\/tajkertesz.com\/#\/schema\/logo\/image\/","url":"https:\/\/tajkertesz.com\/wp-content\/uploads\/2018\/02\/logo-2-e1518678052539.png","contentUrl":"https:\/\/tajkertesz.com\/wp-content\/uploads\/2018\/02\/logo-2-e1518678052539.png","width":81,"height":140,"caption":"T\u00e1j-Kert\u00e9sz 84 Kft."},"image":{"@id":"https:\/\/tajkertesz.com\/#\/schema\/logo\/image\/"},"sameAs":["https:\/\/www.facebook.com\/Tajkertesz\/"]}]}},"_links":{"self":[{"href":"https:\/\/tajkertesz.com\/en_US\/wp-json\/wp\/v2\/product\/16084","targetHints":{"allow":["GET"]}}],"collection":[{"href":"https:\/\/tajkertesz.com\/en_US\/wp-json\/wp\/v2\/product"}],"about":[{"href":"https:\/\/tajkertesz.com\/en_US\/wp-json\/wp\/v2\/types\/product"}],"wp:featuredmedia":[{"embeddable":true,"href":"https:\/\/tajkertesz.com\/en_US\/wp-json\/wp\/v2\/media\/16085"}],"wp:attachment":[{"href":"https:\/\/tajkertesz.com\/en_US\/wp-json\/wp\/v2\/media?parent=16084"}],"wp:term":[{"taxonomy":"product_brand","embeddable":true,"href":"https:\/\/tajkertesz.com\/en_US\/wp-json\/wp\/v2\/product_brand?post=16084"},{"taxonomy":"product_cat","embeddable":true,"href":"https:\/\/tajkertesz.com\/en_US\/wp-json\/wp\/v2\/product_cat?post=16084"},{"taxonomy":"product_tag","embeddable":true,"href":"https:\/\/tajkertesz.com\/en_US\/wp-json\/wp\/v2\/product_tag?post=16084"}],"curies":[{"name":"wp","href":"https:\/\/api.w.org\/{rel}","templated":true}]}}