{"id":16097,"date":"2023-07-14T14:56:40","date_gmt":"2023-07-14T14:56:40","guid":{"rendered":"https:\/\/tajkertesz.com\/?post_type=product&#038;p=16097"},"modified":"2025-10-23T07:33:17","modified_gmt":"2025-10-23T07:33:17","slug":"fiskars-idokapcsolo-dupla-kimenet","status":"publish","type":"product","link":"https:\/\/tajkertesz.com\/en_US\/product\/fiskars-idokapcsolo-dupla-kimenet\/","title":{"rendered":"Fiskars Id\u0151kapcsol\u00f3, dupla kimenet"},"content":{"rendered":"<h2>Fiskars Id\u0151kapcsol\u00f3, dupla kimenet<\/h2>\n<p>Programozd az id\u0151z\u00edt\u0151t a k\u00e9t t\u00f6ml\u0151 \u00f6n\u00e1ll\u00f3 vagy ak\u00e1r egyidej\u0171 futtat\u00e1s\u00e1ra!<\/p>\n<p>Az id\u0151kapcsol\u00f3val k\u00f6nnyed\u00e9n beprogramozhatod a locsol\u00e1s-ind\u00edt\u00e1si \u00e9s befejez\u00e9si id\u0151t, annak gyakoris\u00e1g\u00e1t gyakoris\u00e1g \u00e9s id\u0151tartam\u00e1t. A Multi csaptelep csatlakoz\u00f3 h\u00e1rom menettel is rendelkezik, hogy a legt\u00f6bb elterjedt csaphoz tudd csatlakoztatni. , \u00d8 21 mm (G 1\/2&#8243;), \u00d8 26.5 mm (G 3\/4&#8243;) \u00e9s \u00d8 33.3 mm (G 1&#8243;).<\/p>\n<p>A be\u00e9p\u00edtett \u00f6nt\u00f6z\u0151gomb lehet\u0151v\u00e9 teszi az \u00f6nt\u00f6z\u00e9s bekapcsol\u00e1s\u00e1t a be\u00e1ll\u00edtott ciklus megszak\u00edt\u00e1sa n\u00e9lk\u00fcl. Alacsony t\u00f6lt\u00f6tts\u00e9g eset\u00e9n meg\u00e1ll\u00edtja a locsol\u00e1s folyamat\u00e1t. M\u0171k\u00f6dtet\u00e9s 2xAA elemmel (nem r\u00e9sze a term\u00e9knek).<\/p>\n<p>&#8211;<\/p>\n<p>Az \u00f6nt\u00f6z\u0151fejek univerz\u00e1lis csatlakoz\u00f3val rendelkeznek, amivel nem csak a Fiskars t\u00f6ml\u0151kh\u00f6z, hanem m\u00e1s gy\u00e1rt\u00f3k term\u00e9keihez is egyszer\u0171en csatlakoztathatod<\/p>\n<ul>\n<li aria-level=\"1\">T\u00f6bbf\u00e9le locsol\u00e1si mint\u00e1zat, amik k\u00f6zt kedved szerint v\u00e1ltogathatsz<\/li>\n<li aria-level=\"1\">K\u00e9zre\u00e1ll\u00f3 form\u00e1j\u00e1nak k\u00f6sz\u00f6nhet\u0151en a haszn\u00e1lat m\u00e9g hosszabb id\u0151 ut\u00e1n sem v\u00e1lik k\u00e9nyelmetlenn\u00e9<\/li>\n<li aria-level=\"1\">K\u00f6nnyen csatlakoztathatod \u00e9s elt\u00e1vol\u00edthatod<\/li>\n<li aria-level=\"1\">Strapab\u00edr\u00f3 anyagb\u00f3l k\u00e9sz\u00fclt, az id\u0151t\u00e1ll\u00f3 konstrukci\u00f3nak k\u00f6sz\u00f6nhet\u0151en hossz\u00fa \u00e9vekig megel\u00e9ged\u00e9ssel haszn\u00e1lhatja<\/li>\n<li aria-level=\"1\">A v\u00edz \u00e1raml\u00e1s\u00e1nak er\u0151ss\u00e9ge egy szimpla h\u00fcvelykujjmozdulattal szab\u00e1lyozhat\u00f3<\/li>\n<li aria-level=\"1\">Egyenletesen oszlathat\u00f3 el a v\u00edz, \u00edgy az \u00f6nt\u00f6z\u00e9st sokkal v\u00edztakar\u00e9kosabb\u00e1 teszi<\/li>\n<li aria-level=\"1\">B\u00e1rmely \u00f6nt\u00f6z\u0151rendszernek praktikus kieg\u00e9sz\u00edt\u0151je lehet<\/li>\n<li aria-level=\"1\">K\u00f6nny\u0171 s\u00faly\u00e1val megkad\u00e1lyozza a kez\u00e9nek \u00e9s a karj\u00e1nak az elf\u00e1rad\u00e1s\u00e1t<\/li>\n<li aria-level=\"1\">Minden eddigin\u00e9l egyszer\u0171bb\u00e9 \u00e9s hat\u00e9konyabb\u00e1 teszi a kert meglocsol\u00e1s\u00e1t \u00e9s a k\u00fclt\u00e9ri t\u00e1rgyak tiszt\u00edt\u00e1s\u00e1t&nbsp;\n<p>\ud83d\udd04 K\u00e9szletinform\u00e1ci\u00f3<br \/>\nK\u00e9szlet\u00fcnk napi szinten v\u00e1ltozik, \u00edgy a webshopban szerepl\u0151 term\u00e9kek el\u00e9rhet\u0151s\u00e9ge nem garant\u00e1lt.<br \/>\n\ud83d\udcde A megrendel\u00e9s el\u0151tt k\u00e9rj\u00fck, \u00e9rdekl\u0151dj\u00f6n szem\u00e9lyesen, telefonon vagy e-mailben!<\/p>\n<p>\u27a1\ufe0f Kapcsolat:<br \/>\nWeboldal: tajkertesz.com<br \/>\nFacebook: facebook.com\/tajkertesz<br \/>\nTelefonsz\u00e1m, e-mail: +36\/20-319-3770 tajkerteszaruda@gmail.com<br \/>\n\ud83d\ude9a Sz\u00e1ll\u00edt\u00e1si inform\u00e1ci\u00f3k<br \/>\nA megrendelt n\u00f6v\u00e9nyek kisz\u00e1ll\u00edt\u00e1sa az al\u00e1bbi felt\u00e9telek mellett t\u00f6rt\u00e9nik:<\/p>\n<p>\ud83d\udce6 Fut\u00e1rszolg\u00e1latos sz\u00e1ll\u00edt\u00e1s<br \/>\nMaxim\u00e1lis m\u00e9ret: 200 cm (hossz\u00fas\u00e1g)<br \/>\nMaxim\u00e1lis s\u00faly: 40 kg<br \/>\nAz enn\u00e9l kisebb \u00e9s k\u00f6nnyebb csomagokat fut\u00e1rszolg\u00e1lattal k\u00e9zbes\u00edtj\u00fck a lehet\u0151 legbiztons\u00e1gosabb csomagol\u00e1sban.<br \/>\n\ud83d\udefb Szem\u00e9lyes \u00e1tv\u00e9tel<br \/>\n1173 Budapest, Bakancsos utca 7. sz\u00e1m alatt nyitvatart\u00e1si id\u0151ben szem\u00e9lyesen \u00e1tvehet\u0151 kert\u00e9szeti \u00e1rud\u00e1nkban.<br \/>\nK\u00f6lts\u00e9ghat\u00e9kony megold\u00e1s nagyobb, t\u00f6r\u00e9kenyebb vagy t\u00falm\u00e9retes n\u00f6v\u00e9nyek eset\u00e9n.<br \/>\n\ud83d\udcde Nagy m\u00e9ret\u0171 vagy s\u00faly\u00fa n\u00f6v\u00e9nyek eset\u00e9n<br \/>\nHa a term\u00e9k:<\/p>\n<p>meghaladja a 200 cm hossz\u00fas\u00e1got vagy<br \/>\nmeghaladja a 40 kg s\u00falyt,<br \/>\nakkor szem\u00e9lyes \u00e1tv\u00e9tellel vagy egyedi, el\u0151re egyeztetett sz\u00e1ll\u00edt\u00e1si felt\u00e9telek mellett t\u00f6rt\u00e9nik.<br \/>\nK\u00e9rj\u00fck, ilyen esetben rendel\u00e9s el\u0151tt vegye fel vel\u00fcnk a kapcsolatot, hogy a lehet\u0151 legmegfelel\u0151bb sz\u00e1ll\u00edt\u00e1si megold\u00e1st k\u00edn\u00e1lhassuk.<\/p>\n<p>\ud83d\udd14 Fontos: A n\u00f6v\u00e9nyeket minden esetben igyeksz\u00fcnk gondosan, egyes\u00e9vel csomagolni, azonban a sz\u00e1ll\u00edt\u00e1s sor\u00e1n kisebb eszt\u00e9tikai s\u00e9r\u00fcl\u00e9sek el\u0151fordulhatnak (pl. lev\u00e9lhull\u00e1s). Ez nem min\u0151s\u00fcl hib\u00e1s teljes\u00edt\u00e9snek.<\/p>\n<p>\ud83d\udcf7 Fontos tudni a k\u00e9pekr\u0151l<br \/>\nA webshopban szerepl\u0151 k\u00e9pek illusztr\u00e1ci\u00f3k, a n\u00f6v\u00e9nyek term\u00e9szet\u00fckn\u00e9l fogva egyediek, \u00edgy m\u00e9retben, alakban \u00e9s sz\u00ednben minim\u00e1lis elt\u00e9r\u00e9sek el\u0151fordulhatnak a k\u00e9pen l\u00e1that\u00f3 \u00e9s a val\u00f3s p\u00e9ld\u00e1nyok k\u00f6z\u00f6tt.<\/p>\n<p>\ud83e\uddfe \u00c1rak \u00e9s el\u00e1ll\u00e1si jog<br \/>\nAz \u00e1rak egy darab n\u00f6v\u00e9nyre vonatkoznak.<br \/>\n\u00c9l\u0151 n\u00f6v\u00e9nyek rendel\u00e9se eset\u00e9n a 14 napos el\u00e1ll\u00e1s joga nem \u00e9rv\u00e9nyes\u00edthet\u0151, mivel azok romland\u00f3, biol\u00f3giailag \u00e9l\u0151 term\u00e9keknek min\u0151s\u00fclnek.<br \/>\n\ud83d\udd12 (17\/1999. (II. 5.) Korm. rendelet 5. \u00a7 c) pontja alapj\u00e1n)<br \/>\n\ud83d\udce6 K\u00e9zbes\u00edt\u00e9s ut\u00e1ni teend\u0151k<br \/>\nA k\u00e9zbes\u00edt\u00e9st k\u00f6vet\u0151en a csomagot azonnal bontsuk ki, \u00e9s a n\u00f6v\u00e9nyt helyezz\u00fck el megfelel\u0151 k\u00f6rnyezetben.<br \/>\nFontos: ha a n\u00f6v\u00e9ny nem r\u00e9szes\u00fcl megfelel\u0151 gondoz\u00e1sban \u00e9s ennek k\u00f6vetkezt\u00e9ben k\u00e1rosodik vagy elpusztul, felel\u0151ss\u00e9get nem tudunk v\u00e1llalni.<\/li>\n<\/ul>","protected":false},"excerpt":{"rendered":"<h2>Fiskars Id\u0151kapcsol\u00f3, dupla kimenet<\/h2>\n<div id=\"bodyContent\" class=\"mw-body-content\">\n<div id=\"mw-content-text\" class=\"mw-content-ltr\" dir=\"ltr\" lang=\"hu\">\n<div id=\"bodyContent\" class=\"mw-body-content\">\n<div id=\"mw-content-text\" class=\"mw-content-ltr\" dir=\"ltr\" lang=\"hu\">\n<p><b>K\u00e9szlet\u00fcnk napi szinten v\u00e1ltozik, ez\u00e9rt k\u00e9rj\u00fck, \u00e9rdekl\u0151dj\u00f6n szem\u00e9lyesen, telefonon vagy email-en.<\/b><\/p>\n<p>Term\u00e9keinket szem\u00e9lyesen is \u00e1tveheti a h\u00e9t minden napj\u00e1n nyitvatart\u00e1si id\u0151ben!<\/p>\n<p>Kisz\u00e1ll\u00edt\u00e1s: 200 cm \u00e9s 40 kg is a sz\u00e1ll\u00edt\u00e1s fut\u00e1rszolg\u00e1lattal t\u00f6rt\u00e9nik.<\/p>\n<\/div>\n<\/div>\n<\/div>\n<\/div>\n<p><b>A v\u00e1ltoztat\u00e1s jog\u00e1t fenntartjuk!\u00a0<\/b><\/p>","protected":false},"featured_media":16022,"template":"","meta":{"_et_pb_use_builder":"","_et_pb_old_content":"","_et_gb_content_width":""},"product_brand":[],"product_cat":[4231],"product_tag":[],"class_list":{"0":"post-16097","1":"product","2":"type-product","3":"status-publish","4":"has-post-thumbnail","6":"product_cat-csapra-szerelheto-ontozesvezerlok","8":"first","9":"instock","10":"shipping-taxable","11":"purchasable","12":"product-type-simple"},"yoast_head":"<!-- This site is optimized with the Yoast SEO plugin v27.5 - https:\/\/yoast.com\/product\/yoast-seo-wordpress\/ -->\n<title>Fiskars Id\u0151kapcsol\u00f3, dupla kimenet - T\u00e1jkert\u00e9sz<\/title>\n<meta name=\"description\" content=\"Fiskars Id\u0151kapcsol\u00f3, dupla kimenet\" \/>\n<meta name=\"robots\" content=\"index, follow, max-snippet:-1, max-image-preview:large, max-video-preview:-1\" \/>\n<link rel=\"canonical\" href=\"https:\/\/tajkertesz.com\/en_US\/product\/fiskars-idokapcsolo-dupla-kimenet\/\" \/>\n<meta property=\"og:locale\" content=\"en_US\" \/>\n<meta property=\"og:type\" content=\"article\" \/>\n<meta property=\"og:title\" content=\"Fiskars Id\u0151kapcsol\u00f3, dupla kimenet - T\u00e1jkert\u00e9sz\" \/>\n<meta property=\"og:description\" content=\"Fiskars Id\u0151kapcsol\u00f3, dupla kimenet\" \/>\n<meta property=\"og:url\" content=\"https:\/\/tajkertesz.com\/en_US\/product\/fiskars-idokapcsolo-dupla-kimenet\/\" \/>\n<meta property=\"og:site_name\" content=\"T\u00e1jkert\u00e9sz\" \/>\n<meta property=\"article:publisher\" content=\"https:\/\/www.facebook.com\/Tajkertesz\/\" \/>\n<meta property=\"article:modified_time\" content=\"2025-10-23T07:33:17+00:00\" \/>\n<meta property=\"og:image\" content=\"https:\/\/tajkertesz.com\/wp-content\/uploads\/2023\/07\/timer-dual-outlet-1054792_productimage.jpg\" \/>\n\t<meta property=\"og:image:width\" content=\"555\" \/>\n\t<meta property=\"og:image:height\" content=\"555\" \/>\n\t<meta property=\"og:image:type\" content=\"image\/jpeg\" \/>\n<meta name=\"twitter:card\" content=\"summary_large_image\" \/>\n<meta name=\"twitter:label1\" content=\"Est. reading time\" \/>\n\t<meta name=\"twitter:data1\" content=\"3 minutes\" \/>\n<script type=\"application\/ld+json\" class=\"yoast-schema-graph\">{\"@context\":\"https:\\\/\\\/schema.org\",\"@graph\":[{\"@type\":\"WebPage\",\"@id\":\"https:\\\/\\\/tajkertesz.com\\\/termek\\\/fiskars-idokapcsolo-dupla-kimenet\\\/\",\"url\":\"https:\\\/\\\/tajkertesz.com\\\/termek\\\/fiskars-idokapcsolo-dupla-kimenet\\\/\",\"name\":\"Fiskars Id\u0151kapcsol\u00f3, dupla kimenet - T\u00e1jkert\u00e9sz\",\"isPartOf\":{\"@id\":\"https:\\\/\\\/tajkertesz.com\\\/#website\"},\"primaryImageOfPage\":{\"@id\":\"https:\\\/\\\/tajkertesz.com\\\/termek\\\/fiskars-idokapcsolo-dupla-kimenet\\\/#primaryimage\"},\"image\":{\"@id\":\"https:\\\/\\\/tajkertesz.com\\\/termek\\\/fiskars-idokapcsolo-dupla-kimenet\\\/#primaryimage\"},\"thumbnailUrl\":\"https:\\\/\\\/tajkertesz.com\\\/wp-content\\\/uploads\\\/2023\\\/07\\\/timer-dual-outlet-1054792_productimage.jpg\",\"datePublished\":\"2023-07-14T14:56:40+00:00\",\"dateModified\":\"2025-10-23T07:33:17+00:00\",\"description\":\"Fiskars Id\u0151kapcsol\u00f3, dupla kimenet\",\"breadcrumb\":{\"@id\":\"https:\\\/\\\/tajkertesz.com\\\/termek\\\/fiskars-idokapcsolo-dupla-kimenet\\\/#breadcrumb\"},\"inLanguage\":\"en-US\",\"potentialAction\":[{\"@type\":\"ReadAction\",\"target\":[\"https:\\\/\\\/tajkertesz.com\\\/termek\\\/fiskars-idokapcsolo-dupla-kimenet\\\/\"]}]},{\"@type\":\"ImageObject\",\"inLanguage\":\"en-US\",\"@id\":\"https:\\\/\\\/tajkertesz.com\\\/termek\\\/fiskars-idokapcsolo-dupla-kimenet\\\/#primaryimage\",\"url\":\"https:\\\/\\\/tajkertesz.com\\\/wp-content\\\/uploads\\\/2023\\\/07\\\/timer-dual-outlet-1054792_productimage.jpg\",\"contentUrl\":\"https:\\\/\\\/tajkertesz.com\\\/wp-content\\\/uploads\\\/2023\\\/07\\\/timer-dual-outlet-1054792_productimage.jpg\",\"width\":555,\"height\":555},{\"@type\":\"BreadcrumbList\",\"@id\":\"https:\\\/\\\/tajkertesz.com\\\/termek\\\/fiskars-idokapcsolo-dupla-kimenet\\\/#breadcrumb\",\"itemListElement\":[{\"@type\":\"ListItem\",\"position\":1,\"name\":\"Home\",\"item\":\"https:\\\/\\\/tajkertesz.com\\\/\"},{\"@type\":\"ListItem\",\"position\":2,\"name\":\"Kezd\u0151lap\",\"item\":\"https:\\\/\\\/tajkertesz.com\\\/\"},{\"@type\":\"ListItem\",\"position\":3,\"name\":\"Fiskars Id\u0151kapcsol\u00f3, dupla kimenet\"}]},{\"@type\":\"WebSite\",\"@id\":\"https:\\\/\\\/tajkertesz.com\\\/#website\",\"url\":\"https:\\\/\\\/tajkertesz.com\\\/\",\"name\":\"T\u00e1j-Kert\u00e9sz 84 Kft.\",\"description\":\"Kert\u00e9szeti kis- \u00e9s nagykeresked\u00e9s, D\u00edszn\u00f6v\u00e9ny web\u00e1ruh\u00e1z orsz\u00e1gos h\u00e1zhozsz\u00e1ll\u00edt\u00e1ssal!\",\"publisher\":{\"@id\":\"https:\\\/\\\/tajkertesz.com\\\/#organization\"},\"potentialAction\":[{\"@type\":\"SearchAction\",\"target\":{\"@type\":\"EntryPoint\",\"urlTemplate\":\"https:\\\/\\\/tajkertesz.com\\\/?s={search_term_string}\"},\"query-input\":{\"@type\":\"PropertyValueSpecification\",\"valueRequired\":true,\"valueName\":\"search_term_string\"}}],\"inLanguage\":\"en-US\"},{\"@type\":\"Organization\",\"@id\":\"https:\\\/\\\/tajkertesz.com\\\/#organization\",\"name\":\"T\u00e1j-Kert\u00e9sz 84 Kft.\",\"url\":\"https:\\\/\\\/tajkertesz.com\\\/\",\"logo\":{\"@type\":\"ImageObject\",\"inLanguage\":\"en-US\",\"@id\":\"https:\\\/\\\/tajkertesz.com\\\/#\\\/schema\\\/logo\\\/image\\\/\",\"url\":\"https:\\\/\\\/tajkertesz.com\\\/wp-content\\\/uploads\\\/2018\\\/02\\\/logo-2-e1518678052539.png\",\"contentUrl\":\"https:\\\/\\\/tajkertesz.com\\\/wp-content\\\/uploads\\\/2018\\\/02\\\/logo-2-e1518678052539.png\",\"width\":81,\"height\":140,\"caption\":\"T\u00e1j-Kert\u00e9sz 84 Kft.\"},\"image\":{\"@id\":\"https:\\\/\\\/tajkertesz.com\\\/#\\\/schema\\\/logo\\\/image\\\/\"},\"sameAs\":[\"https:\\\/\\\/www.facebook.com\\\/Tajkertesz\\\/\"]}]}<\/script>\n<!-- \/ Yoast SEO plugin. -->","yoast_head_json":{"title":"Fiskars Id\u0151kapcsol\u00f3, dupla kimenet - T\u00e1jkert\u00e9sz","description":"Fiskars Id\u0151kapcsol\u00f3, dupla kimenet","robots":{"index":"index","follow":"follow","max-snippet":"max-snippet:-1","max-image-preview":"max-image-preview:large","max-video-preview":"max-video-preview:-1"},"canonical":"https:\/\/tajkertesz.com\/en_US\/product\/fiskars-idokapcsolo-dupla-kimenet\/","og_locale":"en_US","og_type":"article","og_title":"Fiskars Id\u0151kapcsol\u00f3, dupla kimenet - T\u00e1jkert\u00e9sz","og_description":"Fiskars Id\u0151kapcsol\u00f3, dupla kimenet","og_url":"https:\/\/tajkertesz.com\/en_US\/product\/fiskars-idokapcsolo-dupla-kimenet\/","og_site_name":"T\u00e1jkert\u00e9sz","article_publisher":"https:\/\/www.facebook.com\/Tajkertesz\/","article_modified_time":"2025-10-23T07:33:17+00:00","og_image":[{"width":555,"height":555,"url":"https:\/\/tajkertesz.com\/wp-content\/uploads\/2023\/07\/timer-dual-outlet-1054792_productimage.jpg","type":"image\/jpeg"}],"twitter_card":"summary_large_image","twitter_misc":{"Est. reading time":"3 minutes"},"schema":{"@context":"https:\/\/schema.org","@graph":[{"@type":"WebPage","@id":"https:\/\/tajkertesz.com\/termek\/fiskars-idokapcsolo-dupla-kimenet\/","url":"https:\/\/tajkertesz.com\/termek\/fiskars-idokapcsolo-dupla-kimenet\/","name":"Fiskars Id\u0151kapcsol\u00f3, dupla kimenet - T\u00e1jkert\u00e9sz","isPartOf":{"@id":"https:\/\/tajkertesz.com\/#website"},"primaryImageOfPage":{"@id":"https:\/\/tajkertesz.com\/termek\/fiskars-idokapcsolo-dupla-kimenet\/#primaryimage"},"image":{"@id":"https:\/\/tajkertesz.com\/termek\/fiskars-idokapcsolo-dupla-kimenet\/#primaryimage"},"thumbnailUrl":"https:\/\/tajkertesz.com\/wp-content\/uploads\/2023\/07\/timer-dual-outlet-1054792_productimage.jpg","datePublished":"2023-07-14T14:56:40+00:00","dateModified":"2025-10-23T07:33:17+00:00","description":"Fiskars Id\u0151kapcsol\u00f3, dupla kimenet","breadcrumb":{"@id":"https:\/\/tajkertesz.com\/termek\/fiskars-idokapcsolo-dupla-kimenet\/#breadcrumb"},"inLanguage":"en-US","potentialAction":[{"@type":"ReadAction","target":["https:\/\/tajkertesz.com\/termek\/fiskars-idokapcsolo-dupla-kimenet\/"]}]},{"@type":"ImageObject","inLanguage":"en-US","@id":"https:\/\/tajkertesz.com\/termek\/fiskars-idokapcsolo-dupla-kimenet\/#primaryimage","url":"https:\/\/tajkertesz.com\/wp-content\/uploads\/2023\/07\/timer-dual-outlet-1054792_productimage.jpg","contentUrl":"https:\/\/tajkertesz.com\/wp-content\/uploads\/2023\/07\/timer-dual-outlet-1054792_productimage.jpg","width":555,"height":555},{"@type":"BreadcrumbList","@id":"https:\/\/tajkertesz.com\/termek\/fiskars-idokapcsolo-dupla-kimenet\/#breadcrumb","itemListElement":[{"@type":"ListItem","position":1,"name":"Home","item":"https:\/\/tajkertesz.com\/"},{"@type":"ListItem","position":2,"name":"Kezd\u0151lap","item":"https:\/\/tajkertesz.com\/"},{"@type":"ListItem","position":3,"name":"Fiskars Id\u0151kapcsol\u00f3, dupla kimenet"}]},{"@type":"WebSite","@id":"https:\/\/tajkertesz.com\/#website","url":"https:\/\/tajkertesz.com\/","name":"T\u00e1j-Kert\u00e9sz 84 Kft.","description":"Kert\u00e9szeti kis- \u00e9s nagykeresked\u00e9s, D\u00edszn\u00f6v\u00e9ny web\u00e1ruh\u00e1z orsz\u00e1gos h\u00e1zhozsz\u00e1ll\u00edt\u00e1ssal!","publisher":{"@id":"https:\/\/tajkertesz.com\/#organization"},"potentialAction":[{"@type":"SearchAction","target":{"@type":"EntryPoint","urlTemplate":"https:\/\/tajkertesz.com\/?s={search_term_string}"},"query-input":{"@type":"PropertyValueSpecification","valueRequired":true,"valueName":"search_term_string"}}],"inLanguage":"en-US"},{"@type":"Organization","@id":"https:\/\/tajkertesz.com\/#organization","name":"T\u00e1j-Kert\u00e9sz 84 Kft.","url":"https:\/\/tajkertesz.com\/","logo":{"@type":"ImageObject","inLanguage":"en-US","@id":"https:\/\/tajkertesz.com\/#\/schema\/logo\/image\/","url":"https:\/\/tajkertesz.com\/wp-content\/uploads\/2018\/02\/logo-2-e1518678052539.png","contentUrl":"https:\/\/tajkertesz.com\/wp-content\/uploads\/2018\/02\/logo-2-e1518678052539.png","width":81,"height":140,"caption":"T\u00e1j-Kert\u00e9sz 84 Kft."},"image":{"@id":"https:\/\/tajkertesz.com\/#\/schema\/logo\/image\/"},"sameAs":["https:\/\/www.facebook.com\/Tajkertesz\/"]}]}},"_links":{"self":[{"href":"https:\/\/tajkertesz.com\/en_US\/wp-json\/wp\/v2\/product\/16097","targetHints":{"allow":["GET"]}}],"collection":[{"href":"https:\/\/tajkertesz.com\/en_US\/wp-json\/wp\/v2\/product"}],"about":[{"href":"https:\/\/tajkertesz.com\/en_US\/wp-json\/wp\/v2\/types\/product"}],"wp:featuredmedia":[{"embeddable":true,"href":"https:\/\/tajkertesz.com\/en_US\/wp-json\/wp\/v2\/media\/16022"}],"wp:attachment":[{"href":"https:\/\/tajkertesz.com\/en_US\/wp-json\/wp\/v2\/media?parent=16097"}],"wp:term":[{"taxonomy":"product_brand","embeddable":true,"href":"https:\/\/tajkertesz.com\/en_US\/wp-json\/wp\/v2\/product_brand?post=16097"},{"taxonomy":"product_cat","embeddable":true,"href":"https:\/\/tajkertesz.com\/en_US\/wp-json\/wp\/v2\/product_cat?post=16097"},{"taxonomy":"product_tag","embeddable":true,"href":"https:\/\/tajkertesz.com\/en_US\/wp-json\/wp\/v2\/product_tag?post=16097"}],"curies":[{"name":"wp","href":"https:\/\/api.w.org\/{rel}","templated":true}]}}