{"id":16129,"date":"2023-07-24T08:48:26","date_gmt":"2023-07-24T08:48:26","guid":{"rendered":"https:\/\/tajkertesz.com\/?post_type=product&#038;p=16129"},"modified":"2023-07-24T08:53:33","modified_gmt":"2023-07-24T08:53:33","slug":"nortene-selfix-bordura-ujrahasznositott-gumi-agyasszegely-013-x-10m","status":"publish","type":"product","link":"https:\/\/tajkertesz.com\/en_US\/product\/nortene-selfix-bordura-ujrahasznositott-gumi-agyasszegely-013-x-10m\/","title":{"rendered":"Nortene Selfix Bordura \u00fajrahasznos\u00edtott gumi \u00e1gy\u00e1sszeg\u00e9ly 0,13 x10m"},"content":{"rendered":"<h1 class=\"page-head-title product-page-head-title position-relative\">Nortene Selfix Bordura \u00fajrahasznos\u00edtott gumi \u00e1gy\u00e1sszeg\u00e9ly 0,13 x 10 m<\/h1>\n<p>Nortene Selfix Bordura \u00fajrahasznos\u00edtott gumi \u00e1gy\u00e1sszeg\u00e9ly 0,13 x 10 m \u00dajrahasznos\u00edtott gumi \u00e1gy\u00e1sszeg\u00e9ly. Nagyon er\u0151s \u00e9s tart\u00f3s. F\u0151 el\u0151nye a rugalmass\u00e1ga. Alkalmazza azokon a helyeken, ahol kord\u00e1ban akarja tartani a f\u0171 alterjed\u00e9s\u00e9t.<\/p>\n<p>El\u00e9rhet\u0151 t\u00f6bbf\u00e9le m\u00e9retben \u00e9s \u00e1rban.<\/p>\n<p><strong>K\u00e9szlet\u00fcnk napi szinten v\u00e1ltozik, ez\u00e9rt k\u00e9rj\u00fck, \u00e9rdekl\u0151dj\u00f6n szem\u00e9lyesen, telefonon vagy email-en.<br \/>\nA v\u00e1ltoztat\u00e1s jog\u00e1t fenntartjuk!\u00a0<\/strong><\/p>\n<p>&nbsp;<\/p>\n<p><a href=\"https:\/\/tajkertesz.com\/\">https:\/\/tajkertesz.com\/<\/a><\/p>\n<p><a href=\"https:\/\/www.facebook.com\/tajkertesz\/\">https:\/\/www.facebook.com\/tajkertesz\/<\/a><\/p>\n<p>Kisz\u00e1ll\u00edt\u00e1s: 200cm-ig \u00a0\u00e9s 40 kg-ig a sz\u00e1ll\u00edt\u00e1s fut\u00e1rszolg\u00e1lattal \u00a0t\u00f6rt\u00e9nik.<\/p>\n<p><span style=\"color: #ffffff;\">\u00a0va<\/span><\/p>","protected":false},"excerpt":{"rendered":"<h1 class=\"page-head-title product-page-head-title position-relative\">Nortene Selfix Bordura \u00fajrahasznos\u00edtott gumi \u00e1gy\u00e1sszeg\u00e9ly 0,13 x 10 m<\/h1>\n<p>&nbsp;<\/p>\n<p>Nortene Selfix Bordura \u00fajrahasznos\u00edtott gumi \u00e1gy\u00e1sszeg\u00e9ly 0,13 x 10 m \u00dajrahasznos\u00edtott gumi \u00e1gy\u00e1sszeg\u00e9ly. Nagyon er\u0151s \u00e9s tart\u00f3s. F\u0151 el\u0151nye a rugalmass\u00e1ga. Alkalmazza azokon a helyeken, ahol kord\u00e1ban akarja tartani a f\u0171 alterjed\u00e9s\u00e9t.<\/p>","protected":false},"featured_media":5506,"template":"","meta":{"_et_pb_use_builder":"","_et_pb_old_content":"","_et_gb_content_width":""},"product_brand":[],"product_cat":[1098,3785],"product_tag":[4242,4243,4244,1696,1159],"class_list":{"0":"post-16129","1":"product","2":"type-product","3":"status-publish","4":"has-post-thumbnail","6":"product_cat-agyasszegelyek-gyepracsok","7":"product_cat-uj-termekek","8":"product_tag-4242","9":"product_tag-gumi-agyasszegely","10":"product_tag-gumi-szegely","11":"product_tag-nortene-selfix-bordura-ujrahasznositott-gumi-agyasszegely-0","12":"product_tag-ujrahasznositott","14":"first","15":"instock","16":"shipping-taxable","17":"purchasable","18":"product-type-simple"},"yoast_head":"<!-- This site is optimized with the Yoast SEO plugin v27.4 - https:\/\/yoast.com\/product\/yoast-seo-wordpress\/ -->\n<title>Nortene Selfix Bordura \u00fajrahasznos\u00edtott gumi \u00e1gy\u00e1sszeg\u00e9ly 0,13 x10m - T\u00e1jkert\u00e9sz<\/title>\n<meta name=\"description\" content=\"Nortene Selfix Bordura \u00fajrahasznos\u00edtott gumi \u00e1gy\u00e1sszeg\u00e9ly 13cm x 10 m hossz\u00fa. Vir\u00e1g\u00e1gy\u00e1sok , kerti utak, gyalogos j\u00e1rd\u00e1k szeg\u00e9lyz\u00e9s\u00e9re.\" \/>\n<meta name=\"robots\" content=\"index, follow, max-snippet:-1, max-image-preview:large, max-video-preview:-1\" \/>\n<link rel=\"canonical\" href=\"https:\/\/tajkertesz.com\/en_US\/product\/nortene-selfix-bordura-ujrahasznositott-gumi-agyasszegely-013-x-10m\/\" \/>\n<meta property=\"og:locale\" content=\"en_US\" \/>\n<meta property=\"og:type\" content=\"article\" \/>\n<meta property=\"og:title\" content=\"Nortene Selfix Bordura \u00fajrahasznos\u00edtott gumi \u00e1gy\u00e1sszeg\u00e9ly 0,13 x10m - T\u00e1jkert\u00e9sz\" \/>\n<meta property=\"og:description\" content=\"Nortene Selfix Bordura \u00fajrahasznos\u00edtott gumi \u00e1gy\u00e1sszeg\u00e9ly 13cm x 10 m hossz\u00fa. Vir\u00e1g\u00e1gy\u00e1sok , kerti utak, gyalogos j\u00e1rd\u00e1k szeg\u00e9lyz\u00e9s\u00e9re.\" \/>\n<meta property=\"og:url\" content=\"https:\/\/tajkertesz.com\/en_US\/product\/nortene-selfix-bordura-ujrahasznositott-gumi-agyasszegely-013-x-10m\/\" \/>\n<meta property=\"og:site_name\" content=\"T\u00e1jkert\u00e9sz\" \/>\n<meta property=\"article:publisher\" content=\"https:\/\/www.facebook.com\/Tajkertesz\/\" \/>\n<meta property=\"article:modified_time\" content=\"2023-07-24T08:53:33+00:00\" \/>\n<meta property=\"og:image\" content=\"https:\/\/tajkertesz.com\/wp-content\/uploads\/2021\/05\/170027.jpg\" \/>\n\t<meta property=\"og:image:width\" content=\"550\" \/>\n\t<meta property=\"og:image:height\" content=\"550\" \/>\n\t<meta property=\"og:image:type\" content=\"image\/jpeg\" \/>\n<meta name=\"twitter:card\" content=\"summary_large_image\" \/>\n<meta name=\"twitter:label1\" content=\"Est. reading time\" \/>\n\t<meta name=\"twitter:data1\" content=\"1 minute\" \/>\n<script type=\"application\/ld+json\" class=\"yoast-schema-graph\">{\"@context\":\"https:\\\/\\\/schema.org\",\"@graph\":[{\"@type\":\"WebPage\",\"@id\":\"https:\\\/\\\/tajkertesz.com\\\/termek\\\/nortene-selfix-bordura-ujrahasznositott-gumi-agyasszegely-013-x-10m\\\/\",\"url\":\"https:\\\/\\\/tajkertesz.com\\\/termek\\\/nortene-selfix-bordura-ujrahasznositott-gumi-agyasszegely-013-x-10m\\\/\",\"name\":\"Nortene Selfix Bordura \u00fajrahasznos\u00edtott gumi \u00e1gy\u00e1sszeg\u00e9ly 0,13 x10m - T\u00e1jkert\u00e9sz\",\"isPartOf\":{\"@id\":\"https:\\\/\\\/tajkertesz.com\\\/#website\"},\"primaryImageOfPage\":{\"@id\":\"https:\\\/\\\/tajkertesz.com\\\/termek\\\/nortene-selfix-bordura-ujrahasznositott-gumi-agyasszegely-013-x-10m\\\/#primaryimage\"},\"image\":{\"@id\":\"https:\\\/\\\/tajkertesz.com\\\/termek\\\/nortene-selfix-bordura-ujrahasznositott-gumi-agyasszegely-013-x-10m\\\/#primaryimage\"},\"thumbnailUrl\":\"https:\\\/\\\/tajkertesz.com\\\/wp-content\\\/uploads\\\/2021\\\/05\\\/170027.jpg\",\"datePublished\":\"2023-07-24T08:48:26+00:00\",\"dateModified\":\"2023-07-24T08:53:33+00:00\",\"description\":\"Nortene Selfix Bordura \u00fajrahasznos\u00edtott gumi \u00e1gy\u00e1sszeg\u00e9ly 13cm x 10 m hossz\u00fa. Vir\u00e1g\u00e1gy\u00e1sok , kerti utak, gyalogos j\u00e1rd\u00e1k szeg\u00e9lyz\u00e9s\u00e9re.\",\"breadcrumb\":{\"@id\":\"https:\\\/\\\/tajkertesz.com\\\/termek\\\/nortene-selfix-bordura-ujrahasznositott-gumi-agyasszegely-013-x-10m\\\/#breadcrumb\"},\"inLanguage\":\"en-US\",\"potentialAction\":[{\"@type\":\"ReadAction\",\"target\":[\"https:\\\/\\\/tajkertesz.com\\\/termek\\\/nortene-selfix-bordura-ujrahasznositott-gumi-agyasszegely-013-x-10m\\\/\"]}]},{\"@type\":\"ImageObject\",\"inLanguage\":\"en-US\",\"@id\":\"https:\\\/\\\/tajkertesz.com\\\/termek\\\/nortene-selfix-bordura-ujrahasznositott-gumi-agyasszegely-013-x-10m\\\/#primaryimage\",\"url\":\"https:\\\/\\\/tajkertesz.com\\\/wp-content\\\/uploads\\\/2021\\\/05\\\/170027.jpg\",\"contentUrl\":\"https:\\\/\\\/tajkertesz.com\\\/wp-content\\\/uploads\\\/2021\\\/05\\\/170027.jpg\",\"width\":550,\"height\":550},{\"@type\":\"BreadcrumbList\",\"@id\":\"https:\\\/\\\/tajkertesz.com\\\/termek\\\/nortene-selfix-bordura-ujrahasznositott-gumi-agyasszegely-013-x-10m\\\/#breadcrumb\",\"itemListElement\":[{\"@type\":\"ListItem\",\"position\":1,\"name\":\"Home\",\"item\":\"https:\\\/\\\/tajkertesz.com\\\/\"},{\"@type\":\"ListItem\",\"position\":2,\"name\":\"Kezd\u0151lap\",\"item\":\"https:\\\/\\\/tajkertesz.com\\\/\"},{\"@type\":\"ListItem\",\"position\":3,\"name\":\"Nortene Selfix Bordura \u00fajrahasznos\u00edtott gumi \u00e1gy\u00e1sszeg\u00e9ly 0,13 x10m\"}]},{\"@type\":\"WebSite\",\"@id\":\"https:\\\/\\\/tajkertesz.com\\\/#website\",\"url\":\"https:\\\/\\\/tajkertesz.com\\\/\",\"name\":\"T\u00e1j-Kert\u00e9sz 84 Kft.\",\"description\":\"Kert\u00e9szeti kis- \u00e9s nagykeresked\u00e9s, D\u00edszn\u00f6v\u00e9ny web\u00e1ruh\u00e1z orsz\u00e1gos h\u00e1zhozsz\u00e1ll\u00edt\u00e1ssal!\",\"publisher\":{\"@id\":\"https:\\\/\\\/tajkertesz.com\\\/#organization\"},\"potentialAction\":[{\"@type\":\"SearchAction\",\"target\":{\"@type\":\"EntryPoint\",\"urlTemplate\":\"https:\\\/\\\/tajkertesz.com\\\/?s={search_term_string}\"},\"query-input\":{\"@type\":\"PropertyValueSpecification\",\"valueRequired\":true,\"valueName\":\"search_term_string\"}}],\"inLanguage\":\"en-US\"},{\"@type\":\"Organization\",\"@id\":\"https:\\\/\\\/tajkertesz.com\\\/#organization\",\"name\":\"T\u00e1j-Kert\u00e9sz 84 Kft.\",\"url\":\"https:\\\/\\\/tajkertesz.com\\\/\",\"logo\":{\"@type\":\"ImageObject\",\"inLanguage\":\"en-US\",\"@id\":\"https:\\\/\\\/tajkertesz.com\\\/#\\\/schema\\\/logo\\\/image\\\/\",\"url\":\"https:\\\/\\\/tajkertesz.com\\\/wp-content\\\/uploads\\\/2018\\\/02\\\/logo-2-e1518678052539.png\",\"contentUrl\":\"https:\\\/\\\/tajkertesz.com\\\/wp-content\\\/uploads\\\/2018\\\/02\\\/logo-2-e1518678052539.png\",\"width\":81,\"height\":140,\"caption\":\"T\u00e1j-Kert\u00e9sz 84 Kft.\"},\"image\":{\"@id\":\"https:\\\/\\\/tajkertesz.com\\\/#\\\/schema\\\/logo\\\/image\\\/\"},\"sameAs\":[\"https:\\\/\\\/www.facebook.com\\\/Tajkertesz\\\/\"]}]}<\/script>\n<!-- \/ Yoast SEO plugin. -->","yoast_head_json":{"title":"Nortene Selfix Bordura \u00fajrahasznos\u00edtott gumi \u00e1gy\u00e1sszeg\u00e9ly 0,13 x10m - T\u00e1jkert\u00e9sz","description":"Nortene Selfix Bordura \u00fajrahasznos\u00edtott gumi \u00e1gy\u00e1sszeg\u00e9ly 13cm x 10 m hossz\u00fa. Vir\u00e1g\u00e1gy\u00e1sok , kerti utak, gyalogos j\u00e1rd\u00e1k szeg\u00e9lyz\u00e9s\u00e9re.","robots":{"index":"index","follow":"follow","max-snippet":"max-snippet:-1","max-image-preview":"max-image-preview:large","max-video-preview":"max-video-preview:-1"},"canonical":"https:\/\/tajkertesz.com\/en_US\/product\/nortene-selfix-bordura-ujrahasznositott-gumi-agyasszegely-013-x-10m\/","og_locale":"en_US","og_type":"article","og_title":"Nortene Selfix Bordura \u00fajrahasznos\u00edtott gumi \u00e1gy\u00e1sszeg\u00e9ly 0,13 x10m - T\u00e1jkert\u00e9sz","og_description":"Nortene Selfix Bordura \u00fajrahasznos\u00edtott gumi \u00e1gy\u00e1sszeg\u00e9ly 13cm x 10 m hossz\u00fa. Vir\u00e1g\u00e1gy\u00e1sok , kerti utak, gyalogos j\u00e1rd\u00e1k szeg\u00e9lyz\u00e9s\u00e9re.","og_url":"https:\/\/tajkertesz.com\/en_US\/product\/nortene-selfix-bordura-ujrahasznositott-gumi-agyasszegely-013-x-10m\/","og_site_name":"T\u00e1jkert\u00e9sz","article_publisher":"https:\/\/www.facebook.com\/Tajkertesz\/","article_modified_time":"2023-07-24T08:53:33+00:00","og_image":[{"width":550,"height":550,"url":"https:\/\/tajkertesz.com\/wp-content\/uploads\/2021\/05\/170027.jpg","type":"image\/jpeg"}],"twitter_card":"summary_large_image","twitter_misc":{"Est. reading time":"1 minute"},"schema":{"@context":"https:\/\/schema.org","@graph":[{"@type":"WebPage","@id":"https:\/\/tajkertesz.com\/termek\/nortene-selfix-bordura-ujrahasznositott-gumi-agyasszegely-013-x-10m\/","url":"https:\/\/tajkertesz.com\/termek\/nortene-selfix-bordura-ujrahasznositott-gumi-agyasszegely-013-x-10m\/","name":"Nortene Selfix Bordura \u00fajrahasznos\u00edtott gumi \u00e1gy\u00e1sszeg\u00e9ly 0,13 x10m - T\u00e1jkert\u00e9sz","isPartOf":{"@id":"https:\/\/tajkertesz.com\/#website"},"primaryImageOfPage":{"@id":"https:\/\/tajkertesz.com\/termek\/nortene-selfix-bordura-ujrahasznositott-gumi-agyasszegely-013-x-10m\/#primaryimage"},"image":{"@id":"https:\/\/tajkertesz.com\/termek\/nortene-selfix-bordura-ujrahasznositott-gumi-agyasszegely-013-x-10m\/#primaryimage"},"thumbnailUrl":"https:\/\/tajkertesz.com\/wp-content\/uploads\/2021\/05\/170027.jpg","datePublished":"2023-07-24T08:48:26+00:00","dateModified":"2023-07-24T08:53:33+00:00","description":"Nortene Selfix Bordura \u00fajrahasznos\u00edtott gumi \u00e1gy\u00e1sszeg\u00e9ly 13cm x 10 m hossz\u00fa. Vir\u00e1g\u00e1gy\u00e1sok , kerti utak, gyalogos j\u00e1rd\u00e1k szeg\u00e9lyz\u00e9s\u00e9re.","breadcrumb":{"@id":"https:\/\/tajkertesz.com\/termek\/nortene-selfix-bordura-ujrahasznositott-gumi-agyasszegely-013-x-10m\/#breadcrumb"},"inLanguage":"en-US","potentialAction":[{"@type":"ReadAction","target":["https:\/\/tajkertesz.com\/termek\/nortene-selfix-bordura-ujrahasznositott-gumi-agyasszegely-013-x-10m\/"]}]},{"@type":"ImageObject","inLanguage":"en-US","@id":"https:\/\/tajkertesz.com\/termek\/nortene-selfix-bordura-ujrahasznositott-gumi-agyasszegely-013-x-10m\/#primaryimage","url":"https:\/\/tajkertesz.com\/wp-content\/uploads\/2021\/05\/170027.jpg","contentUrl":"https:\/\/tajkertesz.com\/wp-content\/uploads\/2021\/05\/170027.jpg","width":550,"height":550},{"@type":"BreadcrumbList","@id":"https:\/\/tajkertesz.com\/termek\/nortene-selfix-bordura-ujrahasznositott-gumi-agyasszegely-013-x-10m\/#breadcrumb","itemListElement":[{"@type":"ListItem","position":1,"name":"Home","item":"https:\/\/tajkertesz.com\/"},{"@type":"ListItem","position":2,"name":"Kezd\u0151lap","item":"https:\/\/tajkertesz.com\/"},{"@type":"ListItem","position":3,"name":"Nortene Selfix Bordura \u00fajrahasznos\u00edtott gumi \u00e1gy\u00e1sszeg\u00e9ly 0,13 x10m"}]},{"@type":"WebSite","@id":"https:\/\/tajkertesz.com\/#website","url":"https:\/\/tajkertesz.com\/","name":"T\u00e1j-Kert\u00e9sz 84 Kft.","description":"Kert\u00e9szeti kis- \u00e9s nagykeresked\u00e9s, D\u00edszn\u00f6v\u00e9ny web\u00e1ruh\u00e1z orsz\u00e1gos h\u00e1zhozsz\u00e1ll\u00edt\u00e1ssal!","publisher":{"@id":"https:\/\/tajkertesz.com\/#organization"},"potentialAction":[{"@type":"SearchAction","target":{"@type":"EntryPoint","urlTemplate":"https:\/\/tajkertesz.com\/?s={search_term_string}"},"query-input":{"@type":"PropertyValueSpecification","valueRequired":true,"valueName":"search_term_string"}}],"inLanguage":"en-US"},{"@type":"Organization","@id":"https:\/\/tajkertesz.com\/#organization","name":"T\u00e1j-Kert\u00e9sz 84 Kft.","url":"https:\/\/tajkertesz.com\/","logo":{"@type":"ImageObject","inLanguage":"en-US","@id":"https:\/\/tajkertesz.com\/#\/schema\/logo\/image\/","url":"https:\/\/tajkertesz.com\/wp-content\/uploads\/2018\/02\/logo-2-e1518678052539.png","contentUrl":"https:\/\/tajkertesz.com\/wp-content\/uploads\/2018\/02\/logo-2-e1518678052539.png","width":81,"height":140,"caption":"T\u00e1j-Kert\u00e9sz 84 Kft."},"image":{"@id":"https:\/\/tajkertesz.com\/#\/schema\/logo\/image\/"},"sameAs":["https:\/\/www.facebook.com\/Tajkertesz\/"]}]}},"_links":{"self":[{"href":"https:\/\/tajkertesz.com\/en_US\/wp-json\/wp\/v2\/product\/16129","targetHints":{"allow":["GET"]}}],"collection":[{"href":"https:\/\/tajkertesz.com\/en_US\/wp-json\/wp\/v2\/product"}],"about":[{"href":"https:\/\/tajkertesz.com\/en_US\/wp-json\/wp\/v2\/types\/product"}],"wp:featuredmedia":[{"embeddable":true,"href":"https:\/\/tajkertesz.com\/en_US\/wp-json\/wp\/v2\/media\/5506"}],"wp:attachment":[{"href":"https:\/\/tajkertesz.com\/en_US\/wp-json\/wp\/v2\/media?parent=16129"}],"wp:term":[{"taxonomy":"product_brand","embeddable":true,"href":"https:\/\/tajkertesz.com\/en_US\/wp-json\/wp\/v2\/product_brand?post=16129"},{"taxonomy":"product_cat","embeddable":true,"href":"https:\/\/tajkertesz.com\/en_US\/wp-json\/wp\/v2\/product_cat?post=16129"},{"taxonomy":"product_tag","embeddable":true,"href":"https:\/\/tajkertesz.com\/en_US\/wp-json\/wp\/v2\/product_tag?post=16129"}],"curies":[{"name":"wp","href":"https:\/\/api.w.org\/{rel}","templated":true}]}}