{"id":16133,"date":"2023-07-24T13:12:51","date_gmt":"2023-07-24T13:12:51","guid":{"rendered":"https:\/\/tajkertesz.com\/?post_type=product&#038;p=16133"},"modified":"2026-02-24T14:45:58","modified_gmt":"2026-02-24T14:45:58","slug":"biocontrol-rovarhalo-kornyezettudatos-termeleshez-2-meter-szeles-folyometerre-vasarolhato","status":"publish","type":"product","link":"https:\/\/tajkertesz.com\/en_US\/product\/biocontrol-rovarhalo-kornyezettudatos-termeleshez-2-meter-szeles-folyometerre-vasarolhato\/","title":{"rendered":"Biocontrol Rovarh\u00e1l\u00f3 k\u00f6rnyezettudatos termel\u00e9shez 2 m\u00e9ter sz\u00e9les foly\u00f3m\u00e9terre v\u00e1s\u00e1rolhat\u00f3"},"content":{"rendered":"<h1 class=\"justtellmewhat color-green-2 mt-4 text-2xl leading-none\">Rovarh\u00e1l\u00f3 k\u00f6rnyezettudatos termel\u00e9shez<\/h1>\n<p>Biocontrol Rovarh\u00e1l\u00f3 k\u00f6rnyezettudatos termel\u00e9shez 2 m\u00e9ter sz\u00e9les foly\u00f3m\u00e9terre v\u00e1s\u00e1rolhat\u00f3<\/p>\n<div class=\"mt-2 color-brown text-lg\">Ha \u00d6n k\u00f6rnyezettudatos kert\u00e9sz \u00e9s vegyi anyagok haszn\u00e1lata n\u00e9lk\u00fcl szeretn\u00e9 megv\u00e9deni a n\u00f6v\u00e9nyeit a rovarok behatol\u00e1s\u00e1t\u00f3l, pr\u00f3b\u00e1lja ki a Biocontrolt! A h\u00e1l\u00f3 m\u00e9rete alapj\u00e1n kiskerti \u00e1gy\u00e1sokra v\u00e9delm\u00e9re kifejezetten aj\u00e1nlott.<\/div>\n<div>\n<h2 class=\"justtellmewhat uppercase color-green-2 text-3xl mt-10\">EL\u0150NY\u00d6K<\/h2>\n<div class=\"mt-2 color-brown text-lg\">\n<h2>&#8211; Olyan, mint egy f\u00e1tyol, egy rovar sem jut \u00e1t rajta!<br \/>\n&#8211; Nagyon k\u00f6nnyen r\u00f6gz\u00edthet\u0151 tart\u00f3szerkezetre (pl. f\u00f3lias\u00e1tor rudakra) vagy egyszer\u0171en fektesse a kifejl\u0151d\u00f6tt z\u00f6lds\u00e9g\u00e1gy\u00e1sra.<br \/>\n&#8211; Nagy ter\u00fcletet tudunk lefedni \u00e9s v\u00e9deni vele nemcsak rovarok, de a\u00a0 j\u00e9g \u00e9s a madarak ellen is.<br \/>\n&#8211; A r\u00f6gz\u00edt\u00e9shez \u00e9s a lez\u00e1r\u00e1shoz a legjobb, ha egy kev\u00e9s f\u00f6ldet h\u00fazunk a v\u00e9geire. Ez lehet\u0151v\u00e9 teszi sz\u00e1munkra, hogy sz\u00fcks\u00e9g eset\u00e9n k\u00f6nnyen ki tudjuk nyitni, \u00e9s garant\u00e1lja, hogy a rovarok ne jussanak be.<br \/>\n&#8211; <strong><span style=\"color: #ff0000;\">V\u00e9dekezhet\u00fcnk vele csig\u00e1k, darazsak, polosk\u00e1k vagy herny\u00f3k ellen.<\/span><\/strong><br \/>\n&#8211; L\u00e9g\u00e1tereszt\u0151, ez\u00e1ltal hagyja l\u00e9legezni a n\u00f6v\u00e9nyt.<\/h2>\n<h2 class=\"justtellmewhat uppercase color-green-2 text-3xl mt-10\">JELLEMZ\u0150K<\/h2>\n<div class=\"mt-2 color-brown text-lg\">\n<p>&#8211; Anyaga PES<br \/>\n&#8211; Sz\u00edne: feh\u00e9r<br \/>\n&#8211; Szemm\u00e9rete: 1&#215;1 mm<br \/>\n&#8211; UV \u00e1ll\u00f3: igen<br \/>\n&#8211; S\u00falya: 18 g\/m\u00b2<br \/>\n&#8211; Eur\u00f3pai gy\u00e1rt\u00e1s\u00fa term\u00e9k.<\/p>\n<\/div>\n<\/div>\n<\/div>\n<div>\n<p>El\u00e9rhet\u0151 t\u00f6bbf\u00e9le m\u00e9retben \u00e9s \u00e1rban.<\/p>\n<p><strong>K\u00e9szlet\u00fcnk napi szinten v\u00e1ltozik, ez\u00e9rt k\u00e9rj\u00fck, \u00e9rdekl\u0151dj\u00f6n szem\u00e9lyesen, telefonon vagy email-en.<br \/>\nA v\u00e1ltoztat\u00e1s jog\u00e1t fenntartjuk!\u00a0<\/strong><\/p>\n<p>&nbsp;<\/p>\n<p><a href=\"https:\/\/tajkertesz.com\/\">https:\/\/tajkertesz.com\/<\/a><\/p>\n<p><a href=\"https:\/\/www.facebook.com\/tajkertesz\/\">https:\/\/www.facebook.com\/tajkertesz\/<\/a><\/p>\n<p>Kisz\u00e1ll\u00edt\u00e1s: 200cm-ig \u00a0\u00e9s 40 kg-ig a sz\u00e1ll\u00edt\u00e1s fut\u00e1rszolg\u00e1lattal \u00a0t\u00f6rt\u00e9nik.<\/p>\n<\/div>\n<h6><span style=\"color: #ffffff;\">Biocontrol Rovarh\u00e1l\u00f3 k\u00f6rnyezettudatos termel\u00e9shez 2 m\u00e9ter sz\u00e9les foly\u00f3m\u00e9terre v\u00e1s\u00e1rolhat\u00f3 Ha \u00d6n k\u00f6rnyezettudatos kert\u00e9sz \u00e9s vegyi anyagok haszn\u00e1lata n\u00e9lk\u00fcl szeretn\u00e9 megv\u00e9deni a n\u00f6v\u00e9nyeit a rovarok behatol\u00e1s\u00e1t\u00f3l, pr\u00f3b\u00e1lja ki a Biocontrolt! A h\u00e1l\u00f3 m\u00e9rete alapj\u00e1n kiskerti \u00e1gy\u00e1sokra v\u00e9delm\u00e9re kifejezetten aj\u00e1nlott. EL\u0150NY\u00d6K &#8211; Olyan, mint egy f\u00e1tyol, egy rovar sem jut \u00e1t rajta! &#8211; Nagyon k\u00f6nnyen r\u00f6gz\u00edthet\u0151 tart\u00f3szerkezetre (pl. f\u00f3lias\u00e1tor rudakra) vagy egyszer\u0171en fektesse a kifejl\u0151d\u00f6tt z\u00f6lds\u00e9g\u00e1gy\u00e1sra. &#8211; Nagy ter\u00fcletet tudunk lefedni \u00e9s v\u00e9deni vele nemcsak rovarok, de a\u00a0 j\u00e9g \u00e9s a madarak ellen is. &#8211; A r\u00f6gz\u00edt\u00e9shez \u00e9s a lez\u00e1r\u00e1shoz a legjobb, ha egy kev\u00e9s f\u00f6ldet h\u00fazunk a v\u00e9geire. Ez lehet\u0151v\u00e9 teszi sz\u00e1munkra, hogy sz\u00fcks\u00e9g eset\u00e9n k\u00f6nnyen ki tudjuk nyitni, \u00e9s garant\u00e1lja, hogy a rovarok ne jussanak be. &#8211; <strong style=\"font-size: 16px;\">V\u00e9dekezhet\u00fcnk vele csig\u00e1k, darazsak, polosk\u00e1k vagy herny\u00f3k ellen. <\/strong>&#8211; L\u00e9g\u00e1tereszt\u0151, ez\u00e1ltal hagyja l\u00e9legezni a n\u00f6v\u00e9nyt.<\/span><\/h6>\n<div>\n<div class=\"mt-2 color-brown text-lg\">\n<h6 class=\"justtellmewhat uppercase color-green-2 text-3xl mt-10\"><\/h6>\n<\/div>\n<\/div>","protected":false},"excerpt":{"rendered":"<p>Biocontrol Rovarh\u00e1l\u00f3 k\u00f6rnyezettudatos termel\u00e9shez 2 m\u00e9ter sz\u00e9les foly\u00f3m\u00e9terre v\u00e1s\u00e1rolhat\u00f3<\/p>\n<div class=\"mt-2 color-brown text-lg\">Ha \u00d6n k\u00f6rnyezettudatos kert\u00e9sz \u00e9s vegyi anyagok haszn\u00e1lata n\u00e9lk\u00fcl szeretn\u00e9 megv\u00e9deni a n\u00f6v\u00e9nyeit a rovarok behatol\u00e1s\u00e1t\u00f3l, pr\u00f3b\u00e1lja ki a Biocontrolt! A h\u00e1l\u00f3 m\u00e9rete alapj\u00e1n kiskerti \u00e1gy\u00e1sokra v\u00e9delm\u00e9re kifejezetten aj\u00e1nlott.<\/div>\n<div>\n<h2>&#8211; <strong><span style=\"color: #ff0000;\">V\u00e9dekezhet\u00fcnk vele csig\u00e1k, darazsak, polosk\u00e1k vagy herny\u00f3k ellen.<\/span><\/strong><\/h2>\n<p>V\u00e1s\u00e1rl\u00e1skor k\u00e9rj\u00fck a mennyis\u00e9g megad\u00e1s\u00e1n\u00e1l vegye figyelembe hogy a term\u00e9ket a k\u00edv\u00e1nt m\u00e9retre v\u00e1gjuk \u00f6nnek.<\/p>\n<p>2 m\u00e9ter sz\u00e9les a term\u00e9k!!!<\/p>\n<\/div>","protected":false},"featured_media":16134,"template":"","meta":{"_et_pb_use_builder":"","_et_pb_old_content":"","_et_gb_content_width":""},"product_brand":[],"product_cat":[3785],"product_tag":[4245,4246,875],"class_list":{"0":"post-16133","1":"product","2":"type-product","3":"status-publish","4":"has-post-thumbnail","6":"product_cat-uj-termekek","7":"product_tag-biocontrol","8":"product_tag-rovarhalo","9":"product_tag-uv-allo","11":"first","12":"instock","13":"shipping-taxable","14":"purchasable","15":"product-type-simple"},"yoast_head":"<!-- This site is optimized with the Yoast SEO plugin v27.4 - https:\/\/yoast.com\/product\/yoast-seo-wordpress\/ -->\n<title>Biocontrol Rovarh\u00e1l\u00f3 k\u00f6rnyezettudatos termel\u00e9shez 2 m\u00e9ter sz\u00e9les foly\u00f3m\u00e9terre v\u00e1s\u00e1rolhat\u00f3 - T\u00e1jkert\u00e9sz<\/title>\n<meta name=\"description\" content=\"Biocontrol Rovarh\u00e1l\u00f3 k\u00f6rnyezettudatos termel\u00e9shez 2 m\u00e9ter sz\u00e9les foly\u00f3m\u00e9terre v\u00e1s\u00e1rolhat\u00f3. V\u00e9dekezhet\u00fcnk vele csig\u00e1k, darazsak, polosk\u00e1k vagy herny\u00f3k ellen.\" \/>\n<meta name=\"robots\" content=\"index, follow, max-snippet:-1, max-image-preview:large, max-video-preview:-1\" \/>\n<link rel=\"canonical\" href=\"https:\/\/tajkertesz.com\/en_US\/product\/biocontrol-rovarhalo-kornyezettudatos-termeleshez-2-meter-szeles-folyometerre-vasarolhato\/\" \/>\n<meta property=\"og:locale\" content=\"en_US\" \/>\n<meta property=\"og:type\" content=\"article\" \/>\n<meta property=\"og:title\" content=\"Biocontrol Rovarh\u00e1l\u00f3 k\u00f6rnyezettudatos termel\u00e9shez 2 m\u00e9ter sz\u00e9les foly\u00f3m\u00e9terre v\u00e1s\u00e1rolhat\u00f3 - T\u00e1jkert\u00e9sz\" \/>\n<meta property=\"og:description\" content=\"Biocontrol Rovarh\u00e1l\u00f3 k\u00f6rnyezettudatos termel\u00e9shez 2 m\u00e9ter sz\u00e9les foly\u00f3m\u00e9terre v\u00e1s\u00e1rolhat\u00f3. V\u00e9dekezhet\u00fcnk vele csig\u00e1k, darazsak, polosk\u00e1k vagy herny\u00f3k ellen.\" \/>\n<meta property=\"og:url\" content=\"https:\/\/tajkertesz.com\/en_US\/product\/biocontrol-rovarhalo-kornyezettudatos-termeleshez-2-meter-szeles-folyometerre-vasarolhato\/\" \/>\n<meta property=\"og:site_name\" content=\"T\u00e1jkert\u00e9sz\" \/>\n<meta property=\"article:publisher\" content=\"https:\/\/www.facebook.com\/Tajkertesz\/\" \/>\n<meta property=\"article:modified_time\" content=\"2026-02-24T14:45:58+00:00\" \/>\n<meta property=\"og:image\" content=\"https:\/\/tajkertesz.com\/wp-content\/uploads\/2023\/07\/biocontrol-4.jpg\" \/>\n\t<meta property=\"og:image:width\" content=\"1024\" \/>\n\t<meta property=\"og:image:height\" content=\"683\" \/>\n\t<meta property=\"og:image:type\" content=\"image\/jpeg\" \/>\n<meta name=\"twitter:card\" content=\"summary_large_image\" \/>\n<meta name=\"twitter:label1\" content=\"Est. reading time\" \/>\n\t<meta name=\"twitter:data1\" content=\"2 minutes\" \/>\n<script type=\"application\/ld+json\" class=\"yoast-schema-graph\">{\"@context\":\"https:\\\/\\\/schema.org\",\"@graph\":[{\"@type\":\"WebPage\",\"@id\":\"https:\\\/\\\/tajkertesz.com\\\/termek\\\/biocontrol-rovarhalo-kornyezettudatos-termeleshez-2-meter-szeles-folyometerre-vasarolhato\\\/\",\"url\":\"https:\\\/\\\/tajkertesz.com\\\/termek\\\/biocontrol-rovarhalo-kornyezettudatos-termeleshez-2-meter-szeles-folyometerre-vasarolhato\\\/\",\"name\":\"Biocontrol Rovarh\u00e1l\u00f3 k\u00f6rnyezettudatos termel\u00e9shez 2 m\u00e9ter sz\u00e9les foly\u00f3m\u00e9terre v\u00e1s\u00e1rolhat\u00f3 - T\u00e1jkert\u00e9sz\",\"isPartOf\":{\"@id\":\"https:\\\/\\\/tajkertesz.com\\\/#website\"},\"primaryImageOfPage\":{\"@id\":\"https:\\\/\\\/tajkertesz.com\\\/termek\\\/biocontrol-rovarhalo-kornyezettudatos-termeleshez-2-meter-szeles-folyometerre-vasarolhato\\\/#primaryimage\"},\"image\":{\"@id\":\"https:\\\/\\\/tajkertesz.com\\\/termek\\\/biocontrol-rovarhalo-kornyezettudatos-termeleshez-2-meter-szeles-folyometerre-vasarolhato\\\/#primaryimage\"},\"thumbnailUrl\":\"https:\\\/\\\/tajkertesz.com\\\/wp-content\\\/uploads\\\/2023\\\/07\\\/biocontrol-4.jpg\",\"datePublished\":\"2023-07-24T13:12:51+00:00\",\"dateModified\":\"2026-02-24T14:45:58+00:00\",\"description\":\"Biocontrol Rovarh\u00e1l\u00f3 k\u00f6rnyezettudatos termel\u00e9shez 2 m\u00e9ter sz\u00e9les foly\u00f3m\u00e9terre v\u00e1s\u00e1rolhat\u00f3. V\u00e9dekezhet\u00fcnk vele csig\u00e1k, darazsak, polosk\u00e1k vagy herny\u00f3k ellen.\",\"breadcrumb\":{\"@id\":\"https:\\\/\\\/tajkertesz.com\\\/termek\\\/biocontrol-rovarhalo-kornyezettudatos-termeleshez-2-meter-szeles-folyometerre-vasarolhato\\\/#breadcrumb\"},\"inLanguage\":\"en-US\",\"potentialAction\":[{\"@type\":\"ReadAction\",\"target\":[\"https:\\\/\\\/tajkertesz.com\\\/termek\\\/biocontrol-rovarhalo-kornyezettudatos-termeleshez-2-meter-szeles-folyometerre-vasarolhato\\\/\"]}]},{\"@type\":\"ImageObject\",\"inLanguage\":\"en-US\",\"@id\":\"https:\\\/\\\/tajkertesz.com\\\/termek\\\/biocontrol-rovarhalo-kornyezettudatos-termeleshez-2-meter-szeles-folyometerre-vasarolhato\\\/#primaryimage\",\"url\":\"https:\\\/\\\/tajkertesz.com\\\/wp-content\\\/uploads\\\/2023\\\/07\\\/biocontrol-4.jpg\",\"contentUrl\":\"https:\\\/\\\/tajkertesz.com\\\/wp-content\\\/uploads\\\/2023\\\/07\\\/biocontrol-4.jpg\",\"width\":1024,\"height\":683},{\"@type\":\"BreadcrumbList\",\"@id\":\"https:\\\/\\\/tajkertesz.com\\\/termek\\\/biocontrol-rovarhalo-kornyezettudatos-termeleshez-2-meter-szeles-folyometerre-vasarolhato\\\/#breadcrumb\",\"itemListElement\":[{\"@type\":\"ListItem\",\"position\":1,\"name\":\"Home\",\"item\":\"https:\\\/\\\/tajkertesz.com\\\/\"},{\"@type\":\"ListItem\",\"position\":2,\"name\":\"Kezd\u0151lap\",\"item\":\"https:\\\/\\\/tajkertesz.com\\\/\"},{\"@type\":\"ListItem\",\"position\":3,\"name\":\"Biocontrol Rovarh\u00e1l\u00f3 k\u00f6rnyezettudatos termel\u00e9shez 2 m\u00e9ter sz\u00e9les foly\u00f3m\u00e9terre v\u00e1s\u00e1rolhat\u00f3\"}]},{\"@type\":\"WebSite\",\"@id\":\"https:\\\/\\\/tajkertesz.com\\\/#website\",\"url\":\"https:\\\/\\\/tajkertesz.com\\\/\",\"name\":\"T\u00e1j-Kert\u00e9sz 84 Kft.\",\"description\":\"Kert\u00e9szeti kis- \u00e9s nagykeresked\u00e9s, D\u00edszn\u00f6v\u00e9ny web\u00e1ruh\u00e1z orsz\u00e1gos h\u00e1zhozsz\u00e1ll\u00edt\u00e1ssal!\",\"publisher\":{\"@id\":\"https:\\\/\\\/tajkertesz.com\\\/#organization\"},\"potentialAction\":[{\"@type\":\"SearchAction\",\"target\":{\"@type\":\"EntryPoint\",\"urlTemplate\":\"https:\\\/\\\/tajkertesz.com\\\/?s={search_term_string}\"},\"query-input\":{\"@type\":\"PropertyValueSpecification\",\"valueRequired\":true,\"valueName\":\"search_term_string\"}}],\"inLanguage\":\"en-US\"},{\"@type\":\"Organization\",\"@id\":\"https:\\\/\\\/tajkertesz.com\\\/#organization\",\"name\":\"T\u00e1j-Kert\u00e9sz 84 Kft.\",\"url\":\"https:\\\/\\\/tajkertesz.com\\\/\",\"logo\":{\"@type\":\"ImageObject\",\"inLanguage\":\"en-US\",\"@id\":\"https:\\\/\\\/tajkertesz.com\\\/#\\\/schema\\\/logo\\\/image\\\/\",\"url\":\"https:\\\/\\\/tajkertesz.com\\\/wp-content\\\/uploads\\\/2018\\\/02\\\/logo-2-e1518678052539.png\",\"contentUrl\":\"https:\\\/\\\/tajkertesz.com\\\/wp-content\\\/uploads\\\/2018\\\/02\\\/logo-2-e1518678052539.png\",\"width\":81,\"height\":140,\"caption\":\"T\u00e1j-Kert\u00e9sz 84 Kft.\"},\"image\":{\"@id\":\"https:\\\/\\\/tajkertesz.com\\\/#\\\/schema\\\/logo\\\/image\\\/\"},\"sameAs\":[\"https:\\\/\\\/www.facebook.com\\\/Tajkertesz\\\/\"]}]}<\/script>\n<!-- \/ Yoast SEO plugin. -->","yoast_head_json":{"title":"Biocontrol Rovarh\u00e1l\u00f3 k\u00f6rnyezettudatos termel\u00e9shez 2 m\u00e9ter sz\u00e9les foly\u00f3m\u00e9terre v\u00e1s\u00e1rolhat\u00f3 - T\u00e1jkert\u00e9sz","description":"Biocontrol Rovarh\u00e1l\u00f3 k\u00f6rnyezettudatos termel\u00e9shez 2 m\u00e9ter sz\u00e9les foly\u00f3m\u00e9terre v\u00e1s\u00e1rolhat\u00f3. V\u00e9dekezhet\u00fcnk vele csig\u00e1k, darazsak, polosk\u00e1k vagy herny\u00f3k ellen.","robots":{"index":"index","follow":"follow","max-snippet":"max-snippet:-1","max-image-preview":"max-image-preview:large","max-video-preview":"max-video-preview:-1"},"canonical":"https:\/\/tajkertesz.com\/en_US\/product\/biocontrol-rovarhalo-kornyezettudatos-termeleshez-2-meter-szeles-folyometerre-vasarolhato\/","og_locale":"en_US","og_type":"article","og_title":"Biocontrol Rovarh\u00e1l\u00f3 k\u00f6rnyezettudatos termel\u00e9shez 2 m\u00e9ter sz\u00e9les foly\u00f3m\u00e9terre v\u00e1s\u00e1rolhat\u00f3 - T\u00e1jkert\u00e9sz","og_description":"Biocontrol Rovarh\u00e1l\u00f3 k\u00f6rnyezettudatos termel\u00e9shez 2 m\u00e9ter sz\u00e9les foly\u00f3m\u00e9terre v\u00e1s\u00e1rolhat\u00f3. V\u00e9dekezhet\u00fcnk vele csig\u00e1k, darazsak, polosk\u00e1k vagy herny\u00f3k ellen.","og_url":"https:\/\/tajkertesz.com\/en_US\/product\/biocontrol-rovarhalo-kornyezettudatos-termeleshez-2-meter-szeles-folyometerre-vasarolhato\/","og_site_name":"T\u00e1jkert\u00e9sz","article_publisher":"https:\/\/www.facebook.com\/Tajkertesz\/","article_modified_time":"2026-02-24T14:45:58+00:00","og_image":[{"width":1024,"height":683,"url":"https:\/\/tajkertesz.com\/wp-content\/uploads\/2023\/07\/biocontrol-4.jpg","type":"image\/jpeg"}],"twitter_card":"summary_large_image","twitter_misc":{"Est. reading time":"2 minutes"},"schema":{"@context":"https:\/\/schema.org","@graph":[{"@type":"WebPage","@id":"https:\/\/tajkertesz.com\/termek\/biocontrol-rovarhalo-kornyezettudatos-termeleshez-2-meter-szeles-folyometerre-vasarolhato\/","url":"https:\/\/tajkertesz.com\/termek\/biocontrol-rovarhalo-kornyezettudatos-termeleshez-2-meter-szeles-folyometerre-vasarolhato\/","name":"Biocontrol Rovarh\u00e1l\u00f3 k\u00f6rnyezettudatos termel\u00e9shez 2 m\u00e9ter sz\u00e9les foly\u00f3m\u00e9terre v\u00e1s\u00e1rolhat\u00f3 - T\u00e1jkert\u00e9sz","isPartOf":{"@id":"https:\/\/tajkertesz.com\/#website"},"primaryImageOfPage":{"@id":"https:\/\/tajkertesz.com\/termek\/biocontrol-rovarhalo-kornyezettudatos-termeleshez-2-meter-szeles-folyometerre-vasarolhato\/#primaryimage"},"image":{"@id":"https:\/\/tajkertesz.com\/termek\/biocontrol-rovarhalo-kornyezettudatos-termeleshez-2-meter-szeles-folyometerre-vasarolhato\/#primaryimage"},"thumbnailUrl":"https:\/\/tajkertesz.com\/wp-content\/uploads\/2023\/07\/biocontrol-4.jpg","datePublished":"2023-07-24T13:12:51+00:00","dateModified":"2026-02-24T14:45:58+00:00","description":"Biocontrol Rovarh\u00e1l\u00f3 k\u00f6rnyezettudatos termel\u00e9shez 2 m\u00e9ter sz\u00e9les foly\u00f3m\u00e9terre v\u00e1s\u00e1rolhat\u00f3. V\u00e9dekezhet\u00fcnk vele csig\u00e1k, darazsak, polosk\u00e1k vagy herny\u00f3k ellen.","breadcrumb":{"@id":"https:\/\/tajkertesz.com\/termek\/biocontrol-rovarhalo-kornyezettudatos-termeleshez-2-meter-szeles-folyometerre-vasarolhato\/#breadcrumb"},"inLanguage":"en-US","potentialAction":[{"@type":"ReadAction","target":["https:\/\/tajkertesz.com\/termek\/biocontrol-rovarhalo-kornyezettudatos-termeleshez-2-meter-szeles-folyometerre-vasarolhato\/"]}]},{"@type":"ImageObject","inLanguage":"en-US","@id":"https:\/\/tajkertesz.com\/termek\/biocontrol-rovarhalo-kornyezettudatos-termeleshez-2-meter-szeles-folyometerre-vasarolhato\/#primaryimage","url":"https:\/\/tajkertesz.com\/wp-content\/uploads\/2023\/07\/biocontrol-4.jpg","contentUrl":"https:\/\/tajkertesz.com\/wp-content\/uploads\/2023\/07\/biocontrol-4.jpg","width":1024,"height":683},{"@type":"BreadcrumbList","@id":"https:\/\/tajkertesz.com\/termek\/biocontrol-rovarhalo-kornyezettudatos-termeleshez-2-meter-szeles-folyometerre-vasarolhato\/#breadcrumb","itemListElement":[{"@type":"ListItem","position":1,"name":"Home","item":"https:\/\/tajkertesz.com\/"},{"@type":"ListItem","position":2,"name":"Kezd\u0151lap","item":"https:\/\/tajkertesz.com\/"},{"@type":"ListItem","position":3,"name":"Biocontrol Rovarh\u00e1l\u00f3 k\u00f6rnyezettudatos termel\u00e9shez 2 m\u00e9ter sz\u00e9les foly\u00f3m\u00e9terre v\u00e1s\u00e1rolhat\u00f3"}]},{"@type":"WebSite","@id":"https:\/\/tajkertesz.com\/#website","url":"https:\/\/tajkertesz.com\/","name":"T\u00e1j-Kert\u00e9sz 84 Kft.","description":"Kert\u00e9szeti kis- \u00e9s nagykeresked\u00e9s, D\u00edszn\u00f6v\u00e9ny web\u00e1ruh\u00e1z orsz\u00e1gos h\u00e1zhozsz\u00e1ll\u00edt\u00e1ssal!","publisher":{"@id":"https:\/\/tajkertesz.com\/#organization"},"potentialAction":[{"@type":"SearchAction","target":{"@type":"EntryPoint","urlTemplate":"https:\/\/tajkertesz.com\/?s={search_term_string}"},"query-input":{"@type":"PropertyValueSpecification","valueRequired":true,"valueName":"search_term_string"}}],"inLanguage":"en-US"},{"@type":"Organization","@id":"https:\/\/tajkertesz.com\/#organization","name":"T\u00e1j-Kert\u00e9sz 84 Kft.","url":"https:\/\/tajkertesz.com\/","logo":{"@type":"ImageObject","inLanguage":"en-US","@id":"https:\/\/tajkertesz.com\/#\/schema\/logo\/image\/","url":"https:\/\/tajkertesz.com\/wp-content\/uploads\/2018\/02\/logo-2-e1518678052539.png","contentUrl":"https:\/\/tajkertesz.com\/wp-content\/uploads\/2018\/02\/logo-2-e1518678052539.png","width":81,"height":140,"caption":"T\u00e1j-Kert\u00e9sz 84 Kft."},"image":{"@id":"https:\/\/tajkertesz.com\/#\/schema\/logo\/image\/"},"sameAs":["https:\/\/www.facebook.com\/Tajkertesz\/"]}]}},"_links":{"self":[{"href":"https:\/\/tajkertesz.com\/en_US\/wp-json\/wp\/v2\/product\/16133","targetHints":{"allow":["GET"]}}],"collection":[{"href":"https:\/\/tajkertesz.com\/en_US\/wp-json\/wp\/v2\/product"}],"about":[{"href":"https:\/\/tajkertesz.com\/en_US\/wp-json\/wp\/v2\/types\/product"}],"wp:featuredmedia":[{"embeddable":true,"href":"https:\/\/tajkertesz.com\/en_US\/wp-json\/wp\/v2\/media\/16134"}],"wp:attachment":[{"href":"https:\/\/tajkertesz.com\/en_US\/wp-json\/wp\/v2\/media?parent=16133"}],"wp:term":[{"taxonomy":"product_brand","embeddable":true,"href":"https:\/\/tajkertesz.com\/en_US\/wp-json\/wp\/v2\/product_brand?post=16133"},{"taxonomy":"product_cat","embeddable":true,"href":"https:\/\/tajkertesz.com\/en_US\/wp-json\/wp\/v2\/product_cat?post=16133"},{"taxonomy":"product_tag","embeddable":true,"href":"https:\/\/tajkertesz.com\/en_US\/wp-json\/wp\/v2\/product_tag?post=16133"}],"curies":[{"name":"wp","href":"https:\/\/api.w.org\/{rel}","templated":true}]}}