{"id":16142,"date":"2023-07-25T10:25:13","date_gmt":"2023-07-25T10:25:13","guid":{"rendered":"https:\/\/tajkertesz.com\/?post_type=product&#038;p=16142"},"modified":"2025-12-15T15:44:26","modified_gmt":"2025-12-15T15:44:26","slug":"euonymus-japonicus-japan-kecskerago-spalier-12070-cm-meretu","status":"publish","type":"product","link":"https:\/\/tajkertesz.com\/en_US\/product\/euonymus-japonicus-japan-kecskerago-spalier-12070-cm-meretu\/","title":{"rendered":"Euonymus japonicus \u2013 Jap\u00e1n kecsker\u00e1g\u00f3, spalier (120\u00d770 cm)"},"content":{"rendered":"<h1>Euonymus japonicus \u2013 Jap\u00e1n kecsker\u00e1g\u00f3, spalier (120\u00d770 cm)<\/h1>\n<p>Euonymus japonicus \u2013 Jap\u00e1n kecsker\u00e1g\u00f3, spalier (120\u00d770 cm)\u00a0 egy <strong data-start=\"685\" data-end=\"741\">r\u00e1csra futtatott, form\u00e1ra nevelt \u00f6r\u00f6kz\u00f6ld d\u00edszcserje<\/strong>, amely kiv\u00e1l\u00f3 v\u00e1laszt\u00e1s modern \u00e9s klasszikus kertekbe egyar\u00e1nt. A <strong data-start=\"808\" data-end=\"830\">120\u00d770 cm-es m\u00e9ret<\/strong> lehet\u0151v\u00e9 teszi, hogy m\u00e1r \u00fcltet\u00e9skor k\u00e9sz, struktur\u00e1lt z\u00f6ld fel\u00fcletet kapjunk.<\/p>\n<p data-start=\"910\" data-end=\"1175\">F\u00e9nyes, b\u0151rnem\u0171 z\u00f6ld levelei eg\u00e9sz \u00e9vben d\u00edsz\u00edtenek, \u00edgy ide\u00e1lis <strong data-start=\"975\" data-end=\"1055\">bel\u00e1t\u00e1sv\u00e9delemhez, t\u00e9rhat\u00e1rol\u00e1shoz, falak, ker\u00edt\u00e9sek \u00e9s teraszok z\u00f6ld\u00edt\u00e9s\u00e9re<\/strong>. J\u00f3l t\u0171ri a metsz\u00e9st, ez\u00e9rt form\u00e1ja hossz\u00fa t\u00e1von is k\u00f6nnyen fenntarthat\u00f3. D\u00e9zs\u00e1ban \u00e9s szabadf\u00f6ldben egyar\u00e1nt nevelhet\u0151.<\/p>\n<h2 data-start=\"1177\" data-end=\"1199\">\ud83c\udf3fEuonymus japonicus \u2013 Jap\u00e1n kecsker\u00e1g\u00f3 jellemz\u0151i:<\/h2>\n<ul data-start=\"1200\" data-end=\"1341\">\n<li data-start=\"1200\" data-end=\"1233\">\n<p data-start=\"1202\" data-end=\"1233\">Spalier (r\u00e1csos) nevel\u00e9si forma<\/p>\n<\/li>\n<li data-start=\"1234\" data-end=\"1257\">\n<p data-start=\"1236\" data-end=\"1257\">\u00d6r\u00f6kz\u00f6ld, f\u00e9nyes lomb<\/p>\n<\/li>\n<li data-start=\"1258\" data-end=\"1280\">\n<p data-start=\"1260\" data-end=\"1280\">Azonnali takar\u00f3hat\u00e1s<\/p>\n<\/li>\n<li data-start=\"1281\" data-end=\"1308\">\n<p data-start=\"1283\" data-end=\"1308\">J\u00f3l metszhet\u0151, form\u00e1zhat\u00f3<\/p>\n<\/li>\n<li data-start=\"1309\" data-end=\"1341\">\n<p data-start=\"1311\" data-end=\"1341\">Modern kert\u00e9p\u00edt\u00e9szeti megold\u00e1s<\/p>\n<\/li>\n<\/ul>\n<h5><strong>\ud83d\udd04 K\u00e9szletinform\u00e1ci\u00f3<\/strong><\/h5>\n<p><strong>K\u00e9szlet\u00fcnk napi szinten v\u00e1ltozik, \u00edgy a webshopban szerepl<\/strong><strong>\u0151<\/strong><strong>\u00a0term\u00e9kek el\u00e9rhet<\/strong><strong>\u0151<\/strong><strong>s\u00e9ge nem garant\u00e1lt.<br \/>\n\ud83d\udcde A megrendel\u00e9s el<\/strong><strong>\u0151<\/strong><strong>tt k\u00e9rj\u00fck, \u00e9rdekl<\/strong><strong>\u0151<\/strong><strong>dj\u00f6n szem\u00e9lyesen, telefonon vagy e-mailben!<\/strong><\/p>\n<h5><strong>\u27a1\ufe0f Kapcsolat:<\/strong><\/h5>\n<ul>\n<li><strong>Weboldal:\u00a0<\/strong><a href=\"https:\/\/tajkertesz.com\/\"><strong>tajkertesz.com<\/strong><\/a><\/li>\n<li><strong>Facebook:\u00a0<\/strong><a href=\"https:\/\/www.facebook.com\/tajkertesz\/\"><strong>facebook.com\/tajkertesz<\/strong><\/a><\/li>\n<li><strong>Telefonsz\u00e1m, e-mail: +36\/20-319-3770\u00a0<\/strong><a href=\"mailto:tajkerteszaruda@gmail.com\"><strong>tajkerteszaruda@gmail.com<\/strong><\/a><\/li>\n<\/ul>\n<h5><strong>\ud83d\ude9a Sz\u00e1ll\u00edt\u00e1si inform\u00e1ci\u00f3k<\/strong><\/h5>\n<p><strong>A megrendelt n\u00f6v\u00e9nyek kisz\u00e1ll\u00edt\u00e1sa az al\u00e1bbi felt\u00e9telek mellett t\u00f6rt\u00e9nik:<\/strong><\/p>\n<h5><strong>\ud83d\udce6 Fut\u00e1rszolg\u00e1latos sz\u00e1ll\u00edt\u00e1s<\/strong><\/h5>\n<ul>\n<li><strong>Maxim\u00e1lis m\u00e9ret: 200 cm (hossz\u00fas\u00e1g)<\/strong><\/li>\n<li><strong>Maxim\u00e1lis s\u00faly: 40 kg<\/strong><\/li>\n<li><strong>Az enn\u00e9l kisebb \u00e9s k\u00f6nnyebb csomagokat fut\u00e1rszolg\u00e1lattal k\u00e9zbes\u00edtj\u00fck a lehet<\/strong><strong>\u0151<\/strong><strong>\u00a0legbiztons\u00e1gosabb csomagol\u00e1sban.<\/strong><\/li>\n<\/ul>\n<h5><strong>\ud83d\udefb Szem\u00e9lyes \u00e1tv\u00e9tel<\/strong><\/h5>\n<ul>\n<li><strong>1173 Budapest, Bakancsos utca 7. sz\u00e1m alatt nyitvatart\u00e1si id<\/strong><strong>\u0151<\/strong><strong>ben szem\u00e9lyesen \u00e1tvehet<\/strong><strong>\u0151<\/strong><strong>\u00a0kert\u00e9szeti \u00e1rud\u00e1nkban.<\/strong><\/li>\n<li><strong>K\u00f6lts\u00e9ghat\u00e9kony megold\u00e1s nagyobb, t\u00f6r\u00e9kenyebb vagy t\u00falm\u00e9retes n\u00f6v\u00e9nyek eset\u00e9n.<\/strong><\/li>\n<\/ul>\n<h5><strong>\ud83d\udcde Nagy m\u00e9ret<\/strong><strong>\u0171<\/strong><strong>\u00a0vagy s\u00faly\u00fa n\u00f6v\u00e9nyek eset\u00e9n<\/strong><\/h5>\n<p><strong>Ha a term\u00e9k:<\/strong><\/p>\n<ul>\n<li><strong>meghaladja a 200 cm hossz\u00fas\u00e1got vagy<\/strong><\/li>\n<li><strong>meghaladja a 40 kg s\u00falyt,<\/strong><\/li>\n<\/ul>\n<p><strong>akkor szem\u00e9lyes \u00e1tv\u00e9tellel vagy egyedi, el<\/strong><strong>\u0151<\/strong><strong>re egyeztetett sz\u00e1ll\u00edt\u00e1si felt\u00e9telek mellett t\u00f6rt\u00e9nik.<br \/>\nK\u00e9rj\u00fck, ilyen esetben rendel\u00e9s el<\/strong><strong>\u0151<\/strong><strong>tt vegye fel vel\u00fcnk a kapcsolatot, hogy a lehet<\/strong><strong>\u0151<\/strong><strong>\u00a0legmegfelel<\/strong><strong>\u0151<\/strong><strong>bb sz\u00e1ll\u00edt\u00e1si megold\u00e1st k\u00edn\u00e1lhassuk.<\/strong><\/p>\n<p><strong>\ud83d\udd14 Fontos: A n\u00f6v\u00e9nyeket minden esetben igyeksz\u00fcnk gondosan, egyes\u00e9vel csomagolni, azonban a sz\u00e1ll\u00edt\u00e1s sor\u00e1n kisebb eszt\u00e9tikai s\u00e9r\u00fcl\u00e9sek el<\/strong><strong>\u0151<\/strong><strong>fordulhatnak (pl. lev\u00e9lhull\u00e1s). Ez nem min<\/strong><strong>\u0151<\/strong><strong>s\u00fcl hib\u00e1s teljes\u00edt\u00e9snek.<\/strong><\/p>\n<h5><strong>\ud83d\udcf7 Fontos tudni a k\u00e9pekr<\/strong><strong>\u0151<\/strong><strong>l<\/strong><\/h5>\n<p><strong>A webshopban szerepl<\/strong><strong>\u0151<\/strong><strong>\u00a0k\u00e9pek illusztr\u00e1ci\u00f3k, a n\u00f6v\u00e9nyek term\u00e9szet\u00fckn\u00e9l fogva egyediek, \u00edgy m\u00e9retben, alakban \u00e9s sz\u00ednben minim\u00e1lis elt\u00e9r\u00e9sek el<\/strong><strong>\u0151<\/strong><strong>fordulhatnak a k\u00e9pen l\u00e1that\u00f3 \u00e9s a val\u00f3s p\u00e9ld\u00e1nyok k\u00f6z\u00f6tt.<\/strong><\/p>\n<h5><strong>\ud83e\uddfe \u00c1rak \u00e9s el\u00e1ll\u00e1si jog<\/strong><\/h5>\n<ul>\n<li><strong>Az \u00e1rak egy darab\u00a0n\u00f6v\u00e9nyre vonatkoznak.<\/strong><\/li>\n<li><strong>\u00c9l<\/strong><strong>\u0151<\/strong><strong>\u00a0n\u00f6v\u00e9nyek rendel\u00e9se eset\u00e9n a 14 napos el\u00e1ll\u00e1s joga nem \u00e9rv\u00e9nyes\u00edthet<\/strong><strong>\u0151<\/strong><strong>, mivel azok romland\u00f3, biol\u00f3giailag \u00e9l<\/strong><strong>\u0151<\/strong><strong>\u00a0term\u00e9keknek min<\/strong><strong>\u0151<\/strong><strong>s\u00fclnek.<br \/>\n\ud83d\udd12 (17\/1999. (II. 5.) Korm. rendelet 5. \u00a7 c) pontja alapj\u00e1n)<\/strong><\/li>\n<\/ul>\n<h5><strong>\ud83d\udce6 K\u00e9zbes\u00edt\u00e9s ut\u00e1ni teend<\/strong><strong>\u0151<\/strong><strong>k<\/strong><\/h5>\n<p><strong>A k\u00e9zbes\u00edt\u00e9st k\u00f6vet<\/strong><strong>\u0151<\/strong><strong>en a csomagot azonnal bontsuk ki, \u00e9s a n\u00f6v\u00e9nyt helyezz\u00fck el megfelel<\/strong><strong>\u0151<\/strong><strong>\u00a0k\u00f6rnyezetben.<br \/>\nFontos: ha a n\u00f6v\u00e9ny nem r\u00e9szes\u00fcl megfelel<\/strong><strong>\u0151<\/strong><strong>\u00a0gondoz\u00e1sban \u00e9s ennek k\u00f6vetkezt\u00e9ben k\u00e1rosodik vagy elpusztul, felel<\/strong><strong>\u0151<\/strong><strong>ss\u00e9get nem tudunk v\u00e1llalni.<\/strong><\/p>\n<p><strong>\u00a0<\/strong><\/p>","protected":false},"excerpt":{"rendered":"<p>Az Euonymus japonicus \u2013 Jap\u00e1n kecsker\u00e1g\u00f3 Spalier 120*70 cm m\u00e9ret\u0171 fa v\u00e1zhoz r\u00f6gz\u00edtett, ny\u00edrt t\u00e9relv\u00e1laszt\u00f3.<\/p>\n<p>T\u00f6k\u00e9letes megold\u00e1s a k\u00edv\u00e1ncsi tekintetek el\u0151l \u00e9s azonnali takar\u00e1st biztos\u00edt.<\/p>\n<p>Olyan helyekre is t\u00f6k\u00e9letes ahol kicsi a hely a klasszikus s\u00f6v\u00e9nynek.<\/p>\n<p>Teraszokon, er\u00e9lyeken is kit\u0171n\u0151 megold\u00e1s lehet.<\/p>\n<p>A term\u00e9ket sz\u00fcks\u00e9ges ny\u00edrni, igaz\u00edtani, de ehhez nem kell nagy szaktud\u00e1s sem nagy s\u00f6v\u00e9nyny\u00edr\u00f3kra beruh\u00e1znunk.<\/p>\n<p>Elegend\u0151 lesz hozz\u00e1 egy egyszer\u0171 metsz\u0151oll\u00f3 is.<\/p>\n<p>Viszont fontos megeml\u00edteni , hogy a folyamatos t\u00e1panyag ut\u00e1np\u00f3tl\u00e1sr\u00f3l nem szabad elfelejtkezn\u00fcnk!<\/p>\n<p>A spalier term\u00e9kek sz\u00e9les v\u00e1laszt\u00e9kban megv\u00e1s\u00e1rolhat\u00f3ak kert\u00e9szet\u00fcnkben.<\/p>\n<h1><span style=\"color: #ff0000;\"><strong>M\u00e9ret\u00e9n\u00e9l fogva GLS-fut\u00e1rszolg\u00e1lattal nem sz\u00e1ll\u00edthat\u00f3.<\/strong><\/span><\/h1>","protected":false},"featured_media":16148,"template":"","meta":{"_et_pb_use_builder":"","_et_pb_old_content":"","_et_gb_content_width":""},"product_brand":[],"product_cat":[4189],"product_tag":[4249,7856,7850,5189,4931,7843,7855,7857,7854],"class_list":{"0":"post-16142","1":"product","2":"type-product","3":"status-publish","4":"has-post-thumbnail","6":"product_cat-terelvalaszto-novenyek","7":"product_tag-12070-cm","8":"product_tag-belatasvedelem-noveny","9":"product_tag-dezsas-orokzold","10":"product_tag-euonymus-japonicus","11":"product_tag-japan-kecskerago","12":"product_tag-modern-kert-novenye","13":"product_tag-orokzold-zoldfal","14":"product_tag-racsra-nevelt-noveny","15":"product_tag-spalier-noveny","17":"first","18":"instock","19":"shipping-taxable","20":"purchasable","21":"product-type-simple"},"yoast_head":"<!-- This site is optimized with the Yoast SEO plugin v27.3 - https:\/\/yoast.com\/product\/yoast-seo-wordpress\/ -->\n<title>Euonymus japonicus \u2013 Jap\u00e1n kecsker\u00e1g\u00f3, spalier (120\u00d770 cm) - T\u00e1jkert\u00e9sz<\/title>\n<meta name=\"description\" content=\"Az Euonymus japonicus \u2013 Jap\u00e1n kecsker\u00e1g\u00f3 Spalier 120*70 cm m\u00e9ret\u0171 fa v\u00e1zhoz ny\u00edrt t\u00e9relv\u00e1laszt\u00f3.\u00a0T\u00f6k\u00e9letes megold\u00e1s a k\u00edv\u00e1ncsi tekintetek el\u0151l.\" \/>\n<meta name=\"robots\" content=\"index, follow, max-snippet:-1, max-image-preview:large, max-video-preview:-1\" \/>\n<link rel=\"canonical\" href=\"https:\/\/tajkertesz.com\/en_US\/product\/euonymus-japonicus-japan-kecskerago-spalier-12070-cm-meretu\/\" \/>\n<meta property=\"og:locale\" content=\"en_US\" \/>\n<meta property=\"og:type\" content=\"article\" \/>\n<meta property=\"og:title\" content=\"Euonymus japonicus \u2013 Jap\u00e1n kecsker\u00e1g\u00f3, spalier (120\u00d770 cm) - T\u00e1jkert\u00e9sz\" \/>\n<meta property=\"og:description\" content=\"Az Euonymus japonicus \u2013 Jap\u00e1n kecsker\u00e1g\u00f3 Spalier 120*70 cm m\u00e9ret\u0171 fa v\u00e1zhoz ny\u00edrt t\u00e9relv\u00e1laszt\u00f3.\u00a0T\u00f6k\u00e9letes megold\u00e1s a k\u00edv\u00e1ncsi tekintetek el\u0151l.\" \/>\n<meta property=\"og:url\" content=\"https:\/\/tajkertesz.com\/en_US\/product\/euonymus-japonicus-japan-kecskerago-spalier-12070-cm-meretu\/\" \/>\n<meta property=\"og:site_name\" content=\"T\u00e1jkert\u00e9sz\" \/>\n<meta property=\"article:publisher\" content=\"https:\/\/www.facebook.com\/Tajkertesz\/\" \/>\n<meta property=\"article:modified_time\" content=\"2025-12-15T15:44:26+00:00\" \/>\n<meta property=\"og:image\" content=\"https:\/\/tajkertesz.com\/wp-content\/uploads\/2023\/07\/euonymus-japonicus-spaletta.jpg3_.jpg\" \/>\n\t<meta property=\"og:image:width\" content=\"404\" \/>\n\t<meta property=\"og:image:height\" content=\"898\" \/>\n\t<meta property=\"og:image:type\" content=\"image\/jpeg\" \/>\n<meta name=\"twitter:card\" content=\"summary_large_image\" \/>\n<meta name=\"twitter:label1\" content=\"Est. reading time\" \/>\n\t<meta name=\"twitter:data1\" content=\"3 minutes\" \/>\n<script type=\"application\/ld+json\" class=\"yoast-schema-graph\">{\"@context\":\"https:\\\/\\\/schema.org\",\"@graph\":[{\"@type\":\"WebPage\",\"@id\":\"https:\\\/\\\/tajkertesz.com\\\/termek\\\/euonymus-japonicus-japan-kecskerago-spalier-12070-cm-meretu\\\/\",\"url\":\"https:\\\/\\\/tajkertesz.com\\\/termek\\\/euonymus-japonicus-japan-kecskerago-spalier-12070-cm-meretu\\\/\",\"name\":\"Euonymus japonicus \u2013 Jap\u00e1n kecsker\u00e1g\u00f3, spalier (120\u00d770 cm) - T\u00e1jkert\u00e9sz\",\"isPartOf\":{\"@id\":\"https:\\\/\\\/tajkertesz.com\\\/#website\"},\"primaryImageOfPage\":{\"@id\":\"https:\\\/\\\/tajkertesz.com\\\/termek\\\/euonymus-japonicus-japan-kecskerago-spalier-12070-cm-meretu\\\/#primaryimage\"},\"image\":{\"@id\":\"https:\\\/\\\/tajkertesz.com\\\/termek\\\/euonymus-japonicus-japan-kecskerago-spalier-12070-cm-meretu\\\/#primaryimage\"},\"thumbnailUrl\":\"https:\\\/\\\/tajkertesz.com\\\/wp-content\\\/uploads\\\/2023\\\/07\\\/euonymus-japonicus-spaletta.jpg3_.jpg\",\"datePublished\":\"2023-07-25T10:25:13+00:00\",\"dateModified\":\"2025-12-15T15:44:26+00:00\",\"description\":\"Az Euonymus japonicus \u2013 Jap\u00e1n kecsker\u00e1g\u00f3 Spalier 120*70 cm m\u00e9ret\u0171 fa v\u00e1zhoz ny\u00edrt t\u00e9relv\u00e1laszt\u00f3.\u00a0T\u00f6k\u00e9letes megold\u00e1s a k\u00edv\u00e1ncsi tekintetek el\u0151l.\",\"breadcrumb\":{\"@id\":\"https:\\\/\\\/tajkertesz.com\\\/termek\\\/euonymus-japonicus-japan-kecskerago-spalier-12070-cm-meretu\\\/#breadcrumb\"},\"inLanguage\":\"en-US\",\"potentialAction\":[{\"@type\":\"ReadAction\",\"target\":[\"https:\\\/\\\/tajkertesz.com\\\/termek\\\/euonymus-japonicus-japan-kecskerago-spalier-12070-cm-meretu\\\/\"]}]},{\"@type\":\"ImageObject\",\"inLanguage\":\"en-US\",\"@id\":\"https:\\\/\\\/tajkertesz.com\\\/termek\\\/euonymus-japonicus-japan-kecskerago-spalier-12070-cm-meretu\\\/#primaryimage\",\"url\":\"https:\\\/\\\/tajkertesz.com\\\/wp-content\\\/uploads\\\/2023\\\/07\\\/euonymus-japonicus-spaletta.jpg3_.jpg\",\"contentUrl\":\"https:\\\/\\\/tajkertesz.com\\\/wp-content\\\/uploads\\\/2023\\\/07\\\/euonymus-japonicus-spaletta.jpg3_.jpg\",\"width\":404,\"height\":898,\"caption\":\"Euonymus japonicus \u2013 Jap\u00e1n kecsker\u00e1g\u00f3\"},{\"@type\":\"BreadcrumbList\",\"@id\":\"https:\\\/\\\/tajkertesz.com\\\/termek\\\/euonymus-japonicus-japan-kecskerago-spalier-12070-cm-meretu\\\/#breadcrumb\",\"itemListElement\":[{\"@type\":\"ListItem\",\"position\":1,\"name\":\"Home\",\"item\":\"https:\\\/\\\/tajkertesz.com\\\/\"},{\"@type\":\"ListItem\",\"position\":2,\"name\":\"Kezd\u0151lap\",\"item\":\"https:\\\/\\\/tajkertesz.com\\\/\"},{\"@type\":\"ListItem\",\"position\":3,\"name\":\"Euonymus japonicus \u2013 Jap\u00e1n kecsker\u00e1g\u00f3, spalier (120\u00d770 cm)\"}]},{\"@type\":\"WebSite\",\"@id\":\"https:\\\/\\\/tajkertesz.com\\\/#website\",\"url\":\"https:\\\/\\\/tajkertesz.com\\\/\",\"name\":\"T\u00e1j-Kert\u00e9sz 84 Kft.\",\"description\":\"Kert\u00e9szeti kis- \u00e9s nagykeresked\u00e9s, D\u00edszn\u00f6v\u00e9ny web\u00e1ruh\u00e1z orsz\u00e1gos h\u00e1zhozsz\u00e1ll\u00edt\u00e1ssal!\",\"publisher\":{\"@id\":\"https:\\\/\\\/tajkertesz.com\\\/#organization\"},\"potentialAction\":[{\"@type\":\"SearchAction\",\"target\":{\"@type\":\"EntryPoint\",\"urlTemplate\":\"https:\\\/\\\/tajkertesz.com\\\/?s={search_term_string}\"},\"query-input\":{\"@type\":\"PropertyValueSpecification\",\"valueRequired\":true,\"valueName\":\"search_term_string\"}}],\"inLanguage\":\"en-US\"},{\"@type\":\"Organization\",\"@id\":\"https:\\\/\\\/tajkertesz.com\\\/#organization\",\"name\":\"T\u00e1j-Kert\u00e9sz 84 Kft.\",\"url\":\"https:\\\/\\\/tajkertesz.com\\\/\",\"logo\":{\"@type\":\"ImageObject\",\"inLanguage\":\"en-US\",\"@id\":\"https:\\\/\\\/tajkertesz.com\\\/#\\\/schema\\\/logo\\\/image\\\/\",\"url\":\"https:\\\/\\\/tajkertesz.com\\\/wp-content\\\/uploads\\\/2018\\\/02\\\/logo-2-e1518678052539.png\",\"contentUrl\":\"https:\\\/\\\/tajkertesz.com\\\/wp-content\\\/uploads\\\/2018\\\/02\\\/logo-2-e1518678052539.png\",\"width\":81,\"height\":140,\"caption\":\"T\u00e1j-Kert\u00e9sz 84 Kft.\"},\"image\":{\"@id\":\"https:\\\/\\\/tajkertesz.com\\\/#\\\/schema\\\/logo\\\/image\\\/\"},\"sameAs\":[\"https:\\\/\\\/www.facebook.com\\\/Tajkertesz\\\/\"]}]}<\/script>\n<!-- \/ Yoast SEO plugin. -->","yoast_head_json":{"title":"Euonymus japonicus \u2013 Jap\u00e1n kecsker\u00e1g\u00f3, spalier (120\u00d770 cm) - T\u00e1jkert\u00e9sz","description":"Az Euonymus japonicus \u2013 Jap\u00e1n kecsker\u00e1g\u00f3 Spalier 120*70 cm m\u00e9ret\u0171 fa v\u00e1zhoz ny\u00edrt t\u00e9relv\u00e1laszt\u00f3.\u00a0T\u00f6k\u00e9letes megold\u00e1s a k\u00edv\u00e1ncsi tekintetek el\u0151l.","robots":{"index":"index","follow":"follow","max-snippet":"max-snippet:-1","max-image-preview":"max-image-preview:large","max-video-preview":"max-video-preview:-1"},"canonical":"https:\/\/tajkertesz.com\/en_US\/product\/euonymus-japonicus-japan-kecskerago-spalier-12070-cm-meretu\/","og_locale":"en_US","og_type":"article","og_title":"Euonymus japonicus \u2013 Jap\u00e1n kecsker\u00e1g\u00f3, spalier (120\u00d770 cm) - T\u00e1jkert\u00e9sz","og_description":"Az Euonymus japonicus \u2013 Jap\u00e1n kecsker\u00e1g\u00f3 Spalier 120*70 cm m\u00e9ret\u0171 fa v\u00e1zhoz ny\u00edrt t\u00e9relv\u00e1laszt\u00f3.\u00a0T\u00f6k\u00e9letes megold\u00e1s a k\u00edv\u00e1ncsi tekintetek el\u0151l.","og_url":"https:\/\/tajkertesz.com\/en_US\/product\/euonymus-japonicus-japan-kecskerago-spalier-12070-cm-meretu\/","og_site_name":"T\u00e1jkert\u00e9sz","article_publisher":"https:\/\/www.facebook.com\/Tajkertesz\/","article_modified_time":"2025-12-15T15:44:26+00:00","og_image":[{"width":404,"height":898,"url":"https:\/\/tajkertesz.com\/wp-content\/uploads\/2023\/07\/euonymus-japonicus-spaletta.jpg3_.jpg","type":"image\/jpeg"}],"twitter_card":"summary_large_image","twitter_misc":{"Est. reading time":"3 minutes"},"schema":{"@context":"https:\/\/schema.org","@graph":[{"@type":"WebPage","@id":"https:\/\/tajkertesz.com\/termek\/euonymus-japonicus-japan-kecskerago-spalier-12070-cm-meretu\/","url":"https:\/\/tajkertesz.com\/termek\/euonymus-japonicus-japan-kecskerago-spalier-12070-cm-meretu\/","name":"Euonymus japonicus \u2013 Jap\u00e1n kecsker\u00e1g\u00f3, spalier (120\u00d770 cm) - T\u00e1jkert\u00e9sz","isPartOf":{"@id":"https:\/\/tajkertesz.com\/#website"},"primaryImageOfPage":{"@id":"https:\/\/tajkertesz.com\/termek\/euonymus-japonicus-japan-kecskerago-spalier-12070-cm-meretu\/#primaryimage"},"image":{"@id":"https:\/\/tajkertesz.com\/termek\/euonymus-japonicus-japan-kecskerago-spalier-12070-cm-meretu\/#primaryimage"},"thumbnailUrl":"https:\/\/tajkertesz.com\/wp-content\/uploads\/2023\/07\/euonymus-japonicus-spaletta.jpg3_.jpg","datePublished":"2023-07-25T10:25:13+00:00","dateModified":"2025-12-15T15:44:26+00:00","description":"Az Euonymus japonicus \u2013 Jap\u00e1n kecsker\u00e1g\u00f3 Spalier 120*70 cm m\u00e9ret\u0171 fa v\u00e1zhoz ny\u00edrt t\u00e9relv\u00e1laszt\u00f3.\u00a0T\u00f6k\u00e9letes megold\u00e1s a k\u00edv\u00e1ncsi tekintetek el\u0151l.","breadcrumb":{"@id":"https:\/\/tajkertesz.com\/termek\/euonymus-japonicus-japan-kecskerago-spalier-12070-cm-meretu\/#breadcrumb"},"inLanguage":"en-US","potentialAction":[{"@type":"ReadAction","target":["https:\/\/tajkertesz.com\/termek\/euonymus-japonicus-japan-kecskerago-spalier-12070-cm-meretu\/"]}]},{"@type":"ImageObject","inLanguage":"en-US","@id":"https:\/\/tajkertesz.com\/termek\/euonymus-japonicus-japan-kecskerago-spalier-12070-cm-meretu\/#primaryimage","url":"https:\/\/tajkertesz.com\/wp-content\/uploads\/2023\/07\/euonymus-japonicus-spaletta.jpg3_.jpg","contentUrl":"https:\/\/tajkertesz.com\/wp-content\/uploads\/2023\/07\/euonymus-japonicus-spaletta.jpg3_.jpg","width":404,"height":898,"caption":"Euonymus japonicus \u2013 Jap\u00e1n kecsker\u00e1g\u00f3"},{"@type":"BreadcrumbList","@id":"https:\/\/tajkertesz.com\/termek\/euonymus-japonicus-japan-kecskerago-spalier-12070-cm-meretu\/#breadcrumb","itemListElement":[{"@type":"ListItem","position":1,"name":"Home","item":"https:\/\/tajkertesz.com\/"},{"@type":"ListItem","position":2,"name":"Kezd\u0151lap","item":"https:\/\/tajkertesz.com\/"},{"@type":"ListItem","position":3,"name":"Euonymus japonicus \u2013 Jap\u00e1n kecsker\u00e1g\u00f3, spalier (120\u00d770 cm)"}]},{"@type":"WebSite","@id":"https:\/\/tajkertesz.com\/#website","url":"https:\/\/tajkertesz.com\/","name":"T\u00e1j-Kert\u00e9sz 84 Kft.","description":"Kert\u00e9szeti kis- \u00e9s nagykeresked\u00e9s, D\u00edszn\u00f6v\u00e9ny web\u00e1ruh\u00e1z orsz\u00e1gos h\u00e1zhozsz\u00e1ll\u00edt\u00e1ssal!","publisher":{"@id":"https:\/\/tajkertesz.com\/#organization"},"potentialAction":[{"@type":"SearchAction","target":{"@type":"EntryPoint","urlTemplate":"https:\/\/tajkertesz.com\/?s={search_term_string}"},"query-input":{"@type":"PropertyValueSpecification","valueRequired":true,"valueName":"search_term_string"}}],"inLanguage":"en-US"},{"@type":"Organization","@id":"https:\/\/tajkertesz.com\/#organization","name":"T\u00e1j-Kert\u00e9sz 84 Kft.","url":"https:\/\/tajkertesz.com\/","logo":{"@type":"ImageObject","inLanguage":"en-US","@id":"https:\/\/tajkertesz.com\/#\/schema\/logo\/image\/","url":"https:\/\/tajkertesz.com\/wp-content\/uploads\/2018\/02\/logo-2-e1518678052539.png","contentUrl":"https:\/\/tajkertesz.com\/wp-content\/uploads\/2018\/02\/logo-2-e1518678052539.png","width":81,"height":140,"caption":"T\u00e1j-Kert\u00e9sz 84 Kft."},"image":{"@id":"https:\/\/tajkertesz.com\/#\/schema\/logo\/image\/"},"sameAs":["https:\/\/www.facebook.com\/Tajkertesz\/"]}]}},"_links":{"self":[{"href":"https:\/\/tajkertesz.com\/en_US\/wp-json\/wp\/v2\/product\/16142","targetHints":{"allow":["GET"]}}],"collection":[{"href":"https:\/\/tajkertesz.com\/en_US\/wp-json\/wp\/v2\/product"}],"about":[{"href":"https:\/\/tajkertesz.com\/en_US\/wp-json\/wp\/v2\/types\/product"}],"wp:featuredmedia":[{"embeddable":true,"href":"https:\/\/tajkertesz.com\/en_US\/wp-json\/wp\/v2\/media\/16148"}],"wp:attachment":[{"href":"https:\/\/tajkertesz.com\/en_US\/wp-json\/wp\/v2\/media?parent=16142"}],"wp:term":[{"taxonomy":"product_brand","embeddable":true,"href":"https:\/\/tajkertesz.com\/en_US\/wp-json\/wp\/v2\/product_brand?post=16142"},{"taxonomy":"product_cat","embeddable":true,"href":"https:\/\/tajkertesz.com\/en_US\/wp-json\/wp\/v2\/product_cat?post=16142"},{"taxonomy":"product_tag","embeddable":true,"href":"https:\/\/tajkertesz.com\/en_US\/wp-json\/wp\/v2\/product_tag?post=16142"}],"curies":[{"name":"wp","href":"https:\/\/api.w.org\/{rel}","templated":true}]}}