{"id":16161,"date":"2023-07-25T14:28:12","date_gmt":"2023-07-25T14:28:12","guid":{"rendered":"https:\/\/tajkertesz.com\/?post_type=product&#038;p=16161"},"modified":"2025-09-18T07:39:32","modified_gmt":"2025-09-18T07:39:32","slug":"viragkaro","status":"publish","type":"product","link":"https:\/\/tajkertesz.com\/en_US\/product\/viragkaro\/","title":{"rendered":"Nortene Chelsea f\u00e9lk\u00f6r alak\u00fa n\u00f6v\u00e9nykar\u00f3 30&#215;60 cm"},"content":{"rendered":"<h1 class=\"page-head-title product-page-head-title position-relative\"><span class=\"product-page-product-name\">Nortene Chelsea f\u00e9lk\u00f6r alak\u00fa n\u00f6v\u00e9nykar\u00f3 30&#215;60 cm<\/span><\/h1>\n<p>A\u00a0 <span class=\"product-page-product-name\">Nortene Chelsea f\u00e9lk\u00f6r alak\u00fa n\u00f6v\u00e9nykar\u00f3 30&#215;60 cm k\u00f6nnyen haszn\u00e1lhat\u00f3 l\u00e1gysz\u00e1r\u00fa \u00e9vel\u0151kh\u00f6z.\u00a0<\/span><\/p>\n<p><strong>El\u0151ny\u00f6k<\/strong><\/p>\n<ul>\n<li>K\u00f6nnyen haszn\u00e1lhat\u00f3: Helyezze az \u00e9vel\u0151k k\u00f6r\u00e9, \u00e9s gy\u0151z\u0151dj\u00f6n meg r\u00f3la, hogy a n\u00f6v\u00e9nyek a k\u00f6r\u00f6n bel\u00fcl helyezkednek el, hogy egyenesen, k\u00f6nnyebben n\u00f6vekedjenek.<\/li>\n<li>Term\u00e9szetk\u00f6zelibb megjelen\u00e9s a z\u00f6ld sz\u00edn\u00e9nek k\u00f6sz\u00f6nhet\u0151en.<\/li>\n<li>A kar\u00f3k t\u00f6bbs\u00e9ge t\u00f6bb \u00e9vig is haszn\u00e1lhat\u00f3 marad, ha gondosan elteszi \u0151ket a vir\u00e1g\u00e1gy\u00e1sok \u0151szi felsz\u00e1mol\u00e1sakor.<\/li>\n<\/ul>\n<p><strong>Jellemz\u0151k<\/strong><\/p>\n<ul>\n<li><\/li>\n<li>Anyaga: epoxigyant\u00e1val bevont f\u00e9m<\/li>\n<li>Sz\u00edne: z\u00f6ld<\/li>\n<li>T\u00f6bb m\u00e9retben kaphat\u00f3<\/li>\n<li>Eur\u00f3p\u00e1ban gy\u00e1rtott term\u00e9k<\/li>\n<\/ul>\n<p>&nbsp;<\/p>\n<p>El\u00e9rhet\u0151 t\u00f6bbf\u00e9le m\u00e9retben \u00e9s \u00e1rban.<\/p>\n<p><strong>K\u00e9szlet\u00fcnk napi szinten v\u00e1ltozik, ez\u00e9rt k\u00e9rj\u00fck, \u00e9rdekl\u0151dj\u00f6n szem\u00e9lyesen, telefonon vagy email-en.<br \/>\nA v\u00e1ltoztat\u00e1s jog\u00e1t fenntartjuk!\u00a0<\/strong><\/p>\n<p>&nbsp;<\/p>\n<p><a href=\"https:\/\/tajkertesz.com\/\">https:\/\/tajkertesz.com\/<\/a><\/p>\n<p><a href=\"https:\/\/www.facebook.com\/tajkertesz\/\">https:\/\/www.facebook.com\/tajkertesz\/<\/a><\/p>\n<p>Kisz\u00e1ll\u00edt\u00e1s: 200cm-ig \u00a0\u00e9s 40 kg-ig a sz\u00e1ll\u00edt\u00e1s fut\u00e1rszolg\u00e1lattal \u00a0t\u00f6rt\u00e9nik.<\/p>\n<p>&nbsp;<\/p>\n<p>&nbsp;<\/p>\n<h6><span style=\"color: #ffffff;\">A\u00a0 <span class=\"product-page-product-name\">Nortene Chelsea f\u00e9lk\u00f6r alak\u00fa n\u00f6v\u00e9nykar\u00f3 30&#215;60 cm k\u00f6nnyen haszn\u00e1lhat\u00f3 l\u00e1gysz\u00e1r\u00fa \u00e9vel\u0151kh\u00f6z.\u00a0\u00a0<\/span><strong>El\u0151ny\u00f6k <\/strong>K\u00f6nnyen haszn\u00e1lhat\u00f3: Helyezze az \u00e9vel\u0151k k\u00f6r\u00e9, \u00e9s gy\u0151z\u0151dj\u00f6n meg r\u00f3la, hogy a n\u00f6v\u00e9nyek a k\u00f6r\u00f6n bel\u00fcl helyezkednek el, hogy egyenesen, k\u00f6nnyebben n\u00f6vekedjenek. Term\u00e9szetk\u00f6zelibb megjelen\u00e9s a z\u00f6ld sz\u00edn\u00e9nek k\u00f6sz\u00f6nhet\u0151en. A kar\u00f3k t\u00f6bbs\u00e9ge t\u00f6bb \u00e9vig is haszn\u00e1lhat\u00f3 marad, ha gondosan elteszi \u0151ket a vir\u00e1g\u00e1gy\u00e1sok \u0151szi felsz\u00e1mol\u00e1sakor.\u00a0<strong>Jellemz\u0151k\u00a0 <\/strong>Anyaga: epoxigyant\u00e1val bevont f\u00e9m Sz\u00edne: z\u00f6ld T\u00f6bb m\u00e9retben kaphat\u00f3 Eur\u00f3p\u00e1ban gy\u00e1rtott term\u00e9k\u00a0\u00a0El\u00e9rhet\u0151 t\u00f6bbf\u00e9le m\u00e9retben \u00e9s \u00e1rban.\u00a0<strong>K\u00e9szlet\u00fcnk napi szinten v\u00e1ltozik, ez\u00e9rt k\u00e9rj\u00fck, \u00e9rdekl\u0151dj\u00f6n szem\u00e9lyesen, telefonon vagy email-en. A v\u00e1ltoztat\u00e1s jog\u00e1t fenntartjuk!\u00a0 \u00a0\u00a0<\/strong>A\u00a0 <span class=\"product-page-product-name\">Nortene Chelsea f\u00e9lk\u00f6r alak\u00fa n\u00f6v\u00e9nykar\u00f3 30&#215;60 cm k\u00f6nnyen haszn\u00e1lhat\u00f3 l\u00e1gysz\u00e1r\u00fa \u00e9vel\u0151kh\u00f6z.\u00a0\u00a0<\/span><strong>El\u0151ny\u00f6k <\/strong>K\u00f6nnyen haszn\u00e1lhat\u00f3: Helyezze az \u00e9vel\u0151k k\u00f6r\u00e9, \u00e9s gy\u0151z\u0151dj\u00f6n meg r\u00f3la, hogy a n\u00f6v\u00e9nyek a k\u00f6r\u00f6n bel\u00fcl helyezkednek el, hogy egyenesen, k\u00f6nnyebben n\u00f6vekedjenek. Term\u00e9szetk\u00f6zelibb megjelen\u00e9s a z\u00f6ld sz\u00edn\u00e9nek k\u00f6sz\u00f6nhet\u0151en. A kar\u00f3k t\u00f6bbs\u00e9ge t\u00f6bb \u00e9vig is haszn\u00e1lhat\u00f3 marad, ha gondosan elteszi \u0151ket a vir\u00e1g\u00e1gy\u00e1sok \u0151szi felsz\u00e1mol\u00e1sakor.\u00a0<strong>Jellemz\u0151k <\/strong>Anyaga: epoxigyant\u00e1val bevont f\u00e9m Sz\u00edne: z\u00f6ld T\u00f6bb m\u00e9retben kaphat\u00f3 Eur\u00f3p\u00e1ban gy\u00e1rtott term\u00e9k\u00a0\u00a0El\u00e9rhet\u0151 t\u00f6bbf\u00e9le m\u00e9retben \u00e9s \u00e1rban.\u00a0<strong>K\u00e9szlet\u00fcnk napi szinten v\u00e1ltozik, ez\u00e9rt k\u00e9rj\u00fck, \u00e9rdekl\u0151dj\u00f6n szem\u00e9lyesen, telefonon vagy email-en. A v\u00e1ltoztat\u00e1s jog\u00e1t fenntartjuk!\u00a0<\/strong><\/span><\/h6>\n<p>&nbsp;<\/p>","protected":false},"excerpt":{"rendered":"<h1 class=\"page-head-title product-page-head-title position-relative\"><span class=\"product-page-product-name\">Nortene Chelsea f\u00e9lk\u00f6r alak\u00fa n\u00f6v\u00e9nykar\u00f3 30&#215;60 cm<\/span><\/h1>\n<ul>\n<li>K\u00f6nnyen haszn\u00e1lhat\u00f3: Helyezze az \u00e9vel\u0151k k\u00f6r\u00e9, \u00e9s gy\u0151z\u0151dj\u00f6n meg r\u00f3la, hogy a n\u00f6v\u00e9nyek a k\u00f6r\u00f6n bel\u00fcl helyezkednek el, hogy egyenesen, k\u00f6nnyebben n\u00f6vekedjenek.<\/li>\n<li>Term\u00e9szetk\u00f6zelibb megjelen\u00e9s a z\u00f6ld sz\u00edn\u00e9nek k\u00f6sz\u00f6nhet\u0151en.<\/li>\n<li>A kar\u00f3k t\u00f6bbs\u00e9ge t\u00f6bb \u00e9vig is haszn\u00e1lhat\u00f3 marad, ha gondosan elteszi \u0151ket a vir\u00e1g\u00e1gy\u00e1sok \u0151szi felsz\u00e1mol\u00e1sakor.<\/li>\n<\/ul>","protected":false},"featured_media":16162,"template":"","meta":{"_et_pb_use_builder":"","_et_pb_old_content":"","_et_gb_content_width":""},"product_brand":[],"product_cat":[1525,3785],"product_tag":[4261,4262,943,4260,1506],"class_list":{"0":"post-16161","1":"product","2":"type-product","3":"status-publish","4":"has-post-thumbnail","6":"product_cat-karok-tamasztekok","7":"product_cat-uj-termekek","8":"product_tag-30x60-cm","9":"product_tag-chelsea","10":"product_tag-nortene","11":"product_tag-nortene-chelsea-felkor-alaku","12":"product_tag-novenykaro","14":"first","15":"instock","16":"shipping-taxable","17":"purchasable","18":"product-type-simple"},"yoast_head":"<!-- This site is optimized with the Yoast SEO plugin v27.4 - https:\/\/yoast.com\/product\/yoast-seo-wordpress\/ -->\n<title>Nortene Chelsea f\u00e9lk\u00f6r alak\u00fa n\u00f6v\u00e9nykar\u00f3 30x60 cm - T\u00e1jkert\u00e9sz<\/title>\n<meta name=\"description\" content=\"Nortene Chelsea f\u00e9lk\u00f6r alak\u00fa n\u00f6v\u00e9nykar\u00f3 30x60 cm.A kar\u00f3k t\u00f6bbs\u00e9ge t\u00f6bb \u00e9vig is haszn\u00e1lhat\u00f3 marad, ha gondosan elteszi \u0151ket.\" \/>\n<meta name=\"robots\" content=\"index, follow, max-snippet:-1, max-image-preview:large, max-video-preview:-1\" \/>\n<link rel=\"canonical\" href=\"https:\/\/tajkertesz.com\/en_US\/product\/viragkaro\/\" \/>\n<meta property=\"og:locale\" content=\"en_US\" \/>\n<meta property=\"og:type\" content=\"article\" \/>\n<meta property=\"og:title\" content=\"Nortene Chelsea f\u00e9lk\u00f6r alak\u00fa n\u00f6v\u00e9nykar\u00f3 30x60 cm - T\u00e1jkert\u00e9sz\" \/>\n<meta property=\"og:description\" content=\"Nortene Chelsea f\u00e9lk\u00f6r alak\u00fa n\u00f6v\u00e9nykar\u00f3 30x60 cm.A kar\u00f3k t\u00f6bbs\u00e9ge t\u00f6bb \u00e9vig is haszn\u00e1lhat\u00f3 marad, ha gondosan elteszi \u0151ket.\" \/>\n<meta property=\"og:url\" content=\"https:\/\/tajkertesz.com\/en_US\/product\/viragkaro\/\" \/>\n<meta property=\"og:site_name\" content=\"T\u00e1jkert\u00e9sz\" \/>\n<meta property=\"article:publisher\" content=\"https:\/\/www.facebook.com\/Tajkertesz\/\" \/>\n<meta property=\"article:modified_time\" content=\"2025-09-18T07:39:32+00:00\" \/>\n<meta property=\"og:image\" content=\"https:\/\/tajkertesz.com\/wp-content\/uploads\/2023\/07\/Chelse.jpg\" \/>\n\t<meta property=\"og:image:width\" content=\"450\" \/>\n\t<meta property=\"og:image:height\" content=\"450\" \/>\n\t<meta property=\"og:image:type\" content=\"image\/jpeg\" \/>\n<meta name=\"twitter:card\" content=\"summary_large_image\" \/>\n<meta name=\"twitter:label1\" content=\"Est. reading time\" \/>\n\t<meta name=\"twitter:data1\" content=\"2 minutes\" \/>\n<script type=\"application\/ld+json\" class=\"yoast-schema-graph\">{\"@context\":\"https:\\\/\\\/schema.org\",\"@graph\":[{\"@type\":\"WebPage\",\"@id\":\"https:\\\/\\\/tajkertesz.com\\\/termek\\\/viragkaro\\\/\",\"url\":\"https:\\\/\\\/tajkertesz.com\\\/termek\\\/viragkaro\\\/\",\"name\":\"Nortene Chelsea f\u00e9lk\u00f6r alak\u00fa n\u00f6v\u00e9nykar\u00f3 30x60 cm - T\u00e1jkert\u00e9sz\",\"isPartOf\":{\"@id\":\"https:\\\/\\\/tajkertesz.com\\\/#website\"},\"primaryImageOfPage\":{\"@id\":\"https:\\\/\\\/tajkertesz.com\\\/termek\\\/viragkaro\\\/#primaryimage\"},\"image\":{\"@id\":\"https:\\\/\\\/tajkertesz.com\\\/termek\\\/viragkaro\\\/#primaryimage\"},\"thumbnailUrl\":\"https:\\\/\\\/tajkertesz.com\\\/wp-content\\\/uploads\\\/2023\\\/07\\\/Chelse.jpg\",\"datePublished\":\"2023-07-25T14:28:12+00:00\",\"dateModified\":\"2025-09-18T07:39:32+00:00\",\"description\":\"Nortene Chelsea f\u00e9lk\u00f6r alak\u00fa n\u00f6v\u00e9nykar\u00f3 30x60 cm.A kar\u00f3k t\u00f6bbs\u00e9ge t\u00f6bb \u00e9vig is haszn\u00e1lhat\u00f3 marad, ha gondosan elteszi \u0151ket.\",\"breadcrumb\":{\"@id\":\"https:\\\/\\\/tajkertesz.com\\\/termek\\\/viragkaro\\\/#breadcrumb\"},\"inLanguage\":\"en-US\",\"potentialAction\":[{\"@type\":\"ReadAction\",\"target\":[\"https:\\\/\\\/tajkertesz.com\\\/termek\\\/viragkaro\\\/\"]}]},{\"@type\":\"ImageObject\",\"inLanguage\":\"en-US\",\"@id\":\"https:\\\/\\\/tajkertesz.com\\\/termek\\\/viragkaro\\\/#primaryimage\",\"url\":\"https:\\\/\\\/tajkertesz.com\\\/wp-content\\\/uploads\\\/2023\\\/07\\\/Chelse.jpg\",\"contentUrl\":\"https:\\\/\\\/tajkertesz.com\\\/wp-content\\\/uploads\\\/2023\\\/07\\\/Chelse.jpg\",\"width\":450,\"height\":450},{\"@type\":\"BreadcrumbList\",\"@id\":\"https:\\\/\\\/tajkertesz.com\\\/termek\\\/viragkaro\\\/#breadcrumb\",\"itemListElement\":[{\"@type\":\"ListItem\",\"position\":1,\"name\":\"Home\",\"item\":\"https:\\\/\\\/tajkertesz.com\\\/\"},{\"@type\":\"ListItem\",\"position\":2,\"name\":\"Kezd\u0151lap\",\"item\":\"https:\\\/\\\/tajkertesz.com\\\/\"},{\"@type\":\"ListItem\",\"position\":3,\"name\":\"Nortene Chelsea f\u00e9lk\u00f6r alak\u00fa n\u00f6v\u00e9nykar\u00f3 30&#215;60 cm\"}]},{\"@type\":\"WebSite\",\"@id\":\"https:\\\/\\\/tajkertesz.com\\\/#website\",\"url\":\"https:\\\/\\\/tajkertesz.com\\\/\",\"name\":\"T\u00e1j-Kert\u00e9sz 84 Kft.\",\"description\":\"Kert\u00e9szeti kis- \u00e9s nagykeresked\u00e9s, D\u00edszn\u00f6v\u00e9ny web\u00e1ruh\u00e1z orsz\u00e1gos h\u00e1zhozsz\u00e1ll\u00edt\u00e1ssal!\",\"publisher\":{\"@id\":\"https:\\\/\\\/tajkertesz.com\\\/#organization\"},\"potentialAction\":[{\"@type\":\"SearchAction\",\"target\":{\"@type\":\"EntryPoint\",\"urlTemplate\":\"https:\\\/\\\/tajkertesz.com\\\/?s={search_term_string}\"},\"query-input\":{\"@type\":\"PropertyValueSpecification\",\"valueRequired\":true,\"valueName\":\"search_term_string\"}}],\"inLanguage\":\"en-US\"},{\"@type\":\"Organization\",\"@id\":\"https:\\\/\\\/tajkertesz.com\\\/#organization\",\"name\":\"T\u00e1j-Kert\u00e9sz 84 Kft.\",\"url\":\"https:\\\/\\\/tajkertesz.com\\\/\",\"logo\":{\"@type\":\"ImageObject\",\"inLanguage\":\"en-US\",\"@id\":\"https:\\\/\\\/tajkertesz.com\\\/#\\\/schema\\\/logo\\\/image\\\/\",\"url\":\"https:\\\/\\\/tajkertesz.com\\\/wp-content\\\/uploads\\\/2018\\\/02\\\/logo-2-e1518678052539.png\",\"contentUrl\":\"https:\\\/\\\/tajkertesz.com\\\/wp-content\\\/uploads\\\/2018\\\/02\\\/logo-2-e1518678052539.png\",\"width\":81,\"height\":140,\"caption\":\"T\u00e1j-Kert\u00e9sz 84 Kft.\"},\"image\":{\"@id\":\"https:\\\/\\\/tajkertesz.com\\\/#\\\/schema\\\/logo\\\/image\\\/\"},\"sameAs\":[\"https:\\\/\\\/www.facebook.com\\\/Tajkertesz\\\/\"]}]}<\/script>\n<!-- \/ Yoast SEO plugin. -->","yoast_head_json":{"title":"Nortene Chelsea f\u00e9lk\u00f6r alak\u00fa n\u00f6v\u00e9nykar\u00f3 30x60 cm - T\u00e1jkert\u00e9sz","description":"Nortene Chelsea f\u00e9lk\u00f6r alak\u00fa n\u00f6v\u00e9nykar\u00f3 30x60 cm.A kar\u00f3k t\u00f6bbs\u00e9ge t\u00f6bb \u00e9vig is haszn\u00e1lhat\u00f3 marad, ha gondosan elteszi \u0151ket.","robots":{"index":"index","follow":"follow","max-snippet":"max-snippet:-1","max-image-preview":"max-image-preview:large","max-video-preview":"max-video-preview:-1"},"canonical":"https:\/\/tajkertesz.com\/en_US\/product\/viragkaro\/","og_locale":"en_US","og_type":"article","og_title":"Nortene Chelsea f\u00e9lk\u00f6r alak\u00fa n\u00f6v\u00e9nykar\u00f3 30x60 cm - T\u00e1jkert\u00e9sz","og_description":"Nortene Chelsea f\u00e9lk\u00f6r alak\u00fa n\u00f6v\u00e9nykar\u00f3 30x60 cm.A kar\u00f3k t\u00f6bbs\u00e9ge t\u00f6bb \u00e9vig is haszn\u00e1lhat\u00f3 marad, ha gondosan elteszi \u0151ket.","og_url":"https:\/\/tajkertesz.com\/en_US\/product\/viragkaro\/","og_site_name":"T\u00e1jkert\u00e9sz","article_publisher":"https:\/\/www.facebook.com\/Tajkertesz\/","article_modified_time":"2025-09-18T07:39:32+00:00","og_image":[{"width":450,"height":450,"url":"https:\/\/tajkertesz.com\/wp-content\/uploads\/2023\/07\/Chelse.jpg","type":"image\/jpeg"}],"twitter_card":"summary_large_image","twitter_misc":{"Est. reading time":"2 minutes"},"schema":{"@context":"https:\/\/schema.org","@graph":[{"@type":"WebPage","@id":"https:\/\/tajkertesz.com\/termek\/viragkaro\/","url":"https:\/\/tajkertesz.com\/termek\/viragkaro\/","name":"Nortene Chelsea f\u00e9lk\u00f6r alak\u00fa n\u00f6v\u00e9nykar\u00f3 30x60 cm - T\u00e1jkert\u00e9sz","isPartOf":{"@id":"https:\/\/tajkertesz.com\/#website"},"primaryImageOfPage":{"@id":"https:\/\/tajkertesz.com\/termek\/viragkaro\/#primaryimage"},"image":{"@id":"https:\/\/tajkertesz.com\/termek\/viragkaro\/#primaryimage"},"thumbnailUrl":"https:\/\/tajkertesz.com\/wp-content\/uploads\/2023\/07\/Chelse.jpg","datePublished":"2023-07-25T14:28:12+00:00","dateModified":"2025-09-18T07:39:32+00:00","description":"Nortene Chelsea f\u00e9lk\u00f6r alak\u00fa n\u00f6v\u00e9nykar\u00f3 30x60 cm.A kar\u00f3k t\u00f6bbs\u00e9ge t\u00f6bb \u00e9vig is haszn\u00e1lhat\u00f3 marad, ha gondosan elteszi \u0151ket.","breadcrumb":{"@id":"https:\/\/tajkertesz.com\/termek\/viragkaro\/#breadcrumb"},"inLanguage":"en-US","potentialAction":[{"@type":"ReadAction","target":["https:\/\/tajkertesz.com\/termek\/viragkaro\/"]}]},{"@type":"ImageObject","inLanguage":"en-US","@id":"https:\/\/tajkertesz.com\/termek\/viragkaro\/#primaryimage","url":"https:\/\/tajkertesz.com\/wp-content\/uploads\/2023\/07\/Chelse.jpg","contentUrl":"https:\/\/tajkertesz.com\/wp-content\/uploads\/2023\/07\/Chelse.jpg","width":450,"height":450},{"@type":"BreadcrumbList","@id":"https:\/\/tajkertesz.com\/termek\/viragkaro\/#breadcrumb","itemListElement":[{"@type":"ListItem","position":1,"name":"Home","item":"https:\/\/tajkertesz.com\/"},{"@type":"ListItem","position":2,"name":"Kezd\u0151lap","item":"https:\/\/tajkertesz.com\/"},{"@type":"ListItem","position":3,"name":"Nortene Chelsea f\u00e9lk\u00f6r alak\u00fa n\u00f6v\u00e9nykar\u00f3 30&#215;60 cm"}]},{"@type":"WebSite","@id":"https:\/\/tajkertesz.com\/#website","url":"https:\/\/tajkertesz.com\/","name":"T\u00e1j-Kert\u00e9sz 84 Kft.","description":"Kert\u00e9szeti kis- \u00e9s nagykeresked\u00e9s, D\u00edszn\u00f6v\u00e9ny web\u00e1ruh\u00e1z orsz\u00e1gos h\u00e1zhozsz\u00e1ll\u00edt\u00e1ssal!","publisher":{"@id":"https:\/\/tajkertesz.com\/#organization"},"potentialAction":[{"@type":"SearchAction","target":{"@type":"EntryPoint","urlTemplate":"https:\/\/tajkertesz.com\/?s={search_term_string}"},"query-input":{"@type":"PropertyValueSpecification","valueRequired":true,"valueName":"search_term_string"}}],"inLanguage":"en-US"},{"@type":"Organization","@id":"https:\/\/tajkertesz.com\/#organization","name":"T\u00e1j-Kert\u00e9sz 84 Kft.","url":"https:\/\/tajkertesz.com\/","logo":{"@type":"ImageObject","inLanguage":"en-US","@id":"https:\/\/tajkertesz.com\/#\/schema\/logo\/image\/","url":"https:\/\/tajkertesz.com\/wp-content\/uploads\/2018\/02\/logo-2-e1518678052539.png","contentUrl":"https:\/\/tajkertesz.com\/wp-content\/uploads\/2018\/02\/logo-2-e1518678052539.png","width":81,"height":140,"caption":"T\u00e1j-Kert\u00e9sz 84 Kft."},"image":{"@id":"https:\/\/tajkertesz.com\/#\/schema\/logo\/image\/"},"sameAs":["https:\/\/www.facebook.com\/Tajkertesz\/"]}]}},"_links":{"self":[{"href":"https:\/\/tajkertesz.com\/en_US\/wp-json\/wp\/v2\/product\/16161","targetHints":{"allow":["GET"]}}],"collection":[{"href":"https:\/\/tajkertesz.com\/en_US\/wp-json\/wp\/v2\/product"}],"about":[{"href":"https:\/\/tajkertesz.com\/en_US\/wp-json\/wp\/v2\/types\/product"}],"wp:featuredmedia":[{"embeddable":true,"href":"https:\/\/tajkertesz.com\/en_US\/wp-json\/wp\/v2\/media\/16162"}],"wp:attachment":[{"href":"https:\/\/tajkertesz.com\/en_US\/wp-json\/wp\/v2\/media?parent=16161"}],"wp:term":[{"taxonomy":"product_brand","embeddable":true,"href":"https:\/\/tajkertesz.com\/en_US\/wp-json\/wp\/v2\/product_brand?post=16161"},{"taxonomy":"product_cat","embeddable":true,"href":"https:\/\/tajkertesz.com\/en_US\/wp-json\/wp\/v2\/product_cat?post=16161"},{"taxonomy":"product_tag","embeddable":true,"href":"https:\/\/tajkertesz.com\/en_US\/wp-json\/wp\/v2\/product_tag?post=16161"}],"curies":[{"name":"wp","href":"https:\/\/api.w.org\/{rel}","templated":true}]}}