{"id":16218,"date":"2023-08-03T10:01:44","date_gmt":"2023-08-03T10:01:44","guid":{"rendered":"https:\/\/tajkertesz.com\/?post_type=product&#038;p=16218"},"modified":"2023-08-11T12:55:09","modified_gmt":"2023-08-11T12:55:09","slug":"arvalin-lr-025kg","status":"publish","type":"product","link":"https:\/\/tajkertesz.com\/en_US\/product\/arvalin-lr-025kg\/","title":{"rendered":"Arvalin LR. 0,25kg."},"content":{"rendered":"<h2>Arvalin LR. 0,25kg.<\/h2>\n<p>Az Arvalin kukoricadar\u00e1ra felvitt cinkfoszfid hat\u00f3anyagb\u00f3l \u00e1ll. A csal\u00e9tket a k\u00e1rtev\u0151k elfogyasztj\u00e1k.<br \/>\nA cinkfoszfid a talaj nedvess\u00e9g hat\u00e1s\u00e1ra g\u00e1zosodik is \u00e9s mivel nehezebb a fajs\u00falya a leveg\u0151n\u00e9l \u00edgy a j\u00e1ratokba lefele h\u00faz\u00f3dik, a k\u00e1ros\u00edt\u00f3 bel\u00e9legezve t\u00fcd\u0151\u00f6d\u00e9m\u00e1ban elpusztul.<br \/>\n\u00c9.v.i.: 0 nap.<br \/>\nL\u00f3t\u00fccs\u00f6k j\u00e1rta helyek 20-30 g\/m2, lakott ter\u00fcleten k\u00edv\u00fcl mezei pocok ellen 2-3 szem\/lyuk, 5-10 kg\/ha.<\/p>\n<p>Felhaszn\u00e1l\u00e1si javaslatok:<br \/>\nL\u00f3t\u00fccs\u00f6k ellen a j\u00e1ratokba \u00e9s a f\u00f6ldfel\u00fcletre kell kisz\u00f3rni a csal\u00e9tket, lehet\u0151leg k\u00e9s\u0151 d\u00e9lut\u00e1n vagy alkonyatkor meleg nyirkos talajra, majd azonnal 3-5 cm m\u00e9lyen be kell dolgozni.<br \/>\nEs\u0151 vagy alapos \u00f6nt\u00f6z\u00e9s ut\u00e1n k\u00e9t napot v\u00e1rni kell a kezel\u00e9ssel.<br \/>\nMezei pocok ellen a lakott lyukakba kell kihelyezni a csal\u00e9tket, vagyis az el\u0151z\u0151 nap betaposott \u00e9s a k\u00e1rtev\u0151 \u00e1ltal m\u00e1snapra kibontott lyukakba.<br \/>\n\u00c9rdemes \u00fajra betaposni a kezelt j\u00e1ratokat a jobb hat\u00e9konys\u00e1g \u00e9rdek\u00e9ben.<br \/>\nA kijuttat\u00e1st gumikeszty\u0171ben, kiz\u00e1r\u00f3lag erre a c\u00e9lra rendszeres\u00edtett kan\u00e1llal, vagy Arvalin adagol\u00f3 k\u00e9sz\u00fcl\u00e9kkel kell elv\u00e9gezni.<\/p>","protected":false},"excerpt":{"rendered":"<h2>Arvalin LR. 0,25kg.<\/h2>\n<p><span style=\"color: #ff0000;\">Csak szem\u00e9lyes \u00e1tv\u00e9tellel rendelhet\u0151!<\/span><\/p>\n<div id=\"bodyContent\" class=\"mw-body-content\">\n<div id=\"mw-content-text\" class=\"mw-content-ltr\" dir=\"ltr\" lang=\"hu\">\n<div id=\"bodyContent\" class=\"mw-body-content\">\n<div id=\"mw-content-text\" class=\"mw-content-ltr\" dir=\"ltr\" lang=\"hu\">\n<p><b>K\u00e9szlet\u00fcnk napi szinten v\u00e1ltozik, ez\u00e9rt k\u00e9rj\u00fck, \u00e9rdekl\u0151dj\u00f6n szem\u00e9lyesen, telefonon vagy email-en.<\/b><\/p>\n<p>Term\u00e9keinket szem\u00e9lyesen is \u00e1tveheti a h\u00e9t minden napj\u00e1n nyitvatart\u00e1si id\u0151ben!<\/p>\n<p>Kisz\u00e1ll\u00edt\u00e1s: 200 cm \u00e9s 40 kg-ig a sz\u00e1ll\u00edt\u00e1s fut\u00e1rszolg\u00e1lattal t\u00f6rt\u00e9nik.<\/p>\n<\/div>\n<\/div>\n<\/div>\n<\/div>\n<p><b>A v\u00e1ltoztat\u00e1s jog\u00e1t fenntartjuk!\u00a0<\/b><\/p>","protected":false},"featured_media":16219,"template":"","meta":{"_et_pb_use_builder":"","_et_pb_old_content":"","_et_gb_content_width":""},"product_brand":[],"product_cat":[3546],"product_tag":[],"class_list":{"0":"post-16218","1":"product","2":"type-product","3":"status-publish","4":"has-post-thumbnail","6":"product_cat-talajfertotlenito","8":"first","9":"instock","10":"shipping-taxable","11":"purchasable","12":"product-type-simple"},"yoast_head":"<!-- This site is optimized with the Yoast SEO plugin v27.4 - https:\/\/yoast.com\/product\/yoast-seo-wordpress\/ -->\n<title>Arvalin LR. 0,25kg. - T\u00e1jkert\u00e9sz<\/title>\n<meta name=\"description\" content=\"Arvalin LR. 0,25kg.\" \/>\n<meta name=\"robots\" content=\"index, follow, max-snippet:-1, max-image-preview:large, max-video-preview:-1\" \/>\n<link rel=\"canonical\" href=\"https:\/\/tajkertesz.com\/en_US\/product\/arvalin-lr-025kg\/\" \/>\n<meta property=\"og:locale\" content=\"en_US\" \/>\n<meta property=\"og:type\" content=\"article\" \/>\n<meta property=\"og:title\" content=\"Arvalin LR. 0,25kg. - T\u00e1jkert\u00e9sz\" \/>\n<meta property=\"og:description\" content=\"Arvalin LR. 0,25kg.\" \/>\n<meta property=\"og:url\" content=\"https:\/\/tajkertesz.com\/en_US\/product\/arvalin-lr-025kg\/\" \/>\n<meta property=\"og:site_name\" content=\"T\u00e1jkert\u00e9sz\" \/>\n<meta property=\"article:publisher\" content=\"https:\/\/www.facebook.com\/Tajkertesz\/\" \/>\n<meta property=\"article:modified_time\" content=\"2023-08-11T12:55:09+00:00\" \/>\n<meta property=\"og:image\" content=\"https:\/\/tajkertesz.com\/wp-content\/uploads\/2023\/08\/arvalin.jpg\" \/>\n\t<meta property=\"og:image:width\" content=\"700\" \/>\n\t<meta property=\"og:image:height\" content=\"700\" \/>\n\t<meta property=\"og:image:type\" content=\"image\/jpeg\" \/>\n<meta name=\"twitter:card\" content=\"summary_large_image\" \/>\n<meta name=\"twitter:label1\" content=\"Est. reading time\" \/>\n\t<meta name=\"twitter:data1\" content=\"1 minute\" \/>\n<script type=\"application\/ld+json\" class=\"yoast-schema-graph\">{\"@context\":\"https:\\\/\\\/schema.org\",\"@graph\":[{\"@type\":\"WebPage\",\"@id\":\"https:\\\/\\\/tajkertesz.com\\\/termek\\\/arvalin-lr-025kg\\\/\",\"url\":\"https:\\\/\\\/tajkertesz.com\\\/termek\\\/arvalin-lr-025kg\\\/\",\"name\":\"Arvalin LR. 0,25kg. - T\u00e1jkert\u00e9sz\",\"isPartOf\":{\"@id\":\"https:\\\/\\\/tajkertesz.com\\\/#website\"},\"primaryImageOfPage\":{\"@id\":\"https:\\\/\\\/tajkertesz.com\\\/termek\\\/arvalin-lr-025kg\\\/#primaryimage\"},\"image\":{\"@id\":\"https:\\\/\\\/tajkertesz.com\\\/termek\\\/arvalin-lr-025kg\\\/#primaryimage\"},\"thumbnailUrl\":\"https:\\\/\\\/tajkertesz.com\\\/wp-content\\\/uploads\\\/2023\\\/08\\\/arvalin.jpg\",\"datePublished\":\"2023-08-03T10:01:44+00:00\",\"dateModified\":\"2023-08-11T12:55:09+00:00\",\"description\":\"Arvalin LR. 0,25kg.\",\"breadcrumb\":{\"@id\":\"https:\\\/\\\/tajkertesz.com\\\/termek\\\/arvalin-lr-025kg\\\/#breadcrumb\"},\"inLanguage\":\"en-US\",\"potentialAction\":[{\"@type\":\"ReadAction\",\"target\":[\"https:\\\/\\\/tajkertesz.com\\\/termek\\\/arvalin-lr-025kg\\\/\"]}]},{\"@type\":\"ImageObject\",\"inLanguage\":\"en-US\",\"@id\":\"https:\\\/\\\/tajkertesz.com\\\/termek\\\/arvalin-lr-025kg\\\/#primaryimage\",\"url\":\"https:\\\/\\\/tajkertesz.com\\\/wp-content\\\/uploads\\\/2023\\\/08\\\/arvalin.jpg\",\"contentUrl\":\"https:\\\/\\\/tajkertesz.com\\\/wp-content\\\/uploads\\\/2023\\\/08\\\/arvalin.jpg\",\"width\":700,\"height\":700},{\"@type\":\"BreadcrumbList\",\"@id\":\"https:\\\/\\\/tajkertesz.com\\\/termek\\\/arvalin-lr-025kg\\\/#breadcrumb\",\"itemListElement\":[{\"@type\":\"ListItem\",\"position\":1,\"name\":\"Home\",\"item\":\"https:\\\/\\\/tajkertesz.com\\\/\"},{\"@type\":\"ListItem\",\"position\":2,\"name\":\"Kezd\u0151lap\",\"item\":\"https:\\\/\\\/tajkertesz.com\\\/\"},{\"@type\":\"ListItem\",\"position\":3,\"name\":\"Arvalin LR. 0,25kg.\"}]},{\"@type\":\"WebSite\",\"@id\":\"https:\\\/\\\/tajkertesz.com\\\/#website\",\"url\":\"https:\\\/\\\/tajkertesz.com\\\/\",\"name\":\"T\u00e1j-Kert\u00e9sz 84 Kft.\",\"description\":\"Kert\u00e9szeti kis- \u00e9s nagykeresked\u00e9s, D\u00edszn\u00f6v\u00e9ny web\u00e1ruh\u00e1z orsz\u00e1gos h\u00e1zhozsz\u00e1ll\u00edt\u00e1ssal!\",\"publisher\":{\"@id\":\"https:\\\/\\\/tajkertesz.com\\\/#organization\"},\"potentialAction\":[{\"@type\":\"SearchAction\",\"target\":{\"@type\":\"EntryPoint\",\"urlTemplate\":\"https:\\\/\\\/tajkertesz.com\\\/?s={search_term_string}\"},\"query-input\":{\"@type\":\"PropertyValueSpecification\",\"valueRequired\":true,\"valueName\":\"search_term_string\"}}],\"inLanguage\":\"en-US\"},{\"@type\":\"Organization\",\"@id\":\"https:\\\/\\\/tajkertesz.com\\\/#organization\",\"name\":\"T\u00e1j-Kert\u00e9sz 84 Kft.\",\"url\":\"https:\\\/\\\/tajkertesz.com\\\/\",\"logo\":{\"@type\":\"ImageObject\",\"inLanguage\":\"en-US\",\"@id\":\"https:\\\/\\\/tajkertesz.com\\\/#\\\/schema\\\/logo\\\/image\\\/\",\"url\":\"https:\\\/\\\/tajkertesz.com\\\/wp-content\\\/uploads\\\/2018\\\/02\\\/logo-2-e1518678052539.png\",\"contentUrl\":\"https:\\\/\\\/tajkertesz.com\\\/wp-content\\\/uploads\\\/2018\\\/02\\\/logo-2-e1518678052539.png\",\"width\":81,\"height\":140,\"caption\":\"T\u00e1j-Kert\u00e9sz 84 Kft.\"},\"image\":{\"@id\":\"https:\\\/\\\/tajkertesz.com\\\/#\\\/schema\\\/logo\\\/image\\\/\"},\"sameAs\":[\"https:\\\/\\\/www.facebook.com\\\/Tajkertesz\\\/\"]}]}<\/script>\n<!-- \/ Yoast SEO plugin. -->","yoast_head_json":{"title":"Arvalin LR. 0,25kg. - T\u00e1jkert\u00e9sz","description":"Arvalin LR. 0,25kg.","robots":{"index":"index","follow":"follow","max-snippet":"max-snippet:-1","max-image-preview":"max-image-preview:large","max-video-preview":"max-video-preview:-1"},"canonical":"https:\/\/tajkertesz.com\/en_US\/product\/arvalin-lr-025kg\/","og_locale":"en_US","og_type":"article","og_title":"Arvalin LR. 0,25kg. - T\u00e1jkert\u00e9sz","og_description":"Arvalin LR. 0,25kg.","og_url":"https:\/\/tajkertesz.com\/en_US\/product\/arvalin-lr-025kg\/","og_site_name":"T\u00e1jkert\u00e9sz","article_publisher":"https:\/\/www.facebook.com\/Tajkertesz\/","article_modified_time":"2023-08-11T12:55:09+00:00","og_image":[{"width":700,"height":700,"url":"https:\/\/tajkertesz.com\/wp-content\/uploads\/2023\/08\/arvalin.jpg","type":"image\/jpeg"}],"twitter_card":"summary_large_image","twitter_misc":{"Est. reading time":"1 minute"},"schema":{"@context":"https:\/\/schema.org","@graph":[{"@type":"WebPage","@id":"https:\/\/tajkertesz.com\/termek\/arvalin-lr-025kg\/","url":"https:\/\/tajkertesz.com\/termek\/arvalin-lr-025kg\/","name":"Arvalin LR. 0,25kg. - T\u00e1jkert\u00e9sz","isPartOf":{"@id":"https:\/\/tajkertesz.com\/#website"},"primaryImageOfPage":{"@id":"https:\/\/tajkertesz.com\/termek\/arvalin-lr-025kg\/#primaryimage"},"image":{"@id":"https:\/\/tajkertesz.com\/termek\/arvalin-lr-025kg\/#primaryimage"},"thumbnailUrl":"https:\/\/tajkertesz.com\/wp-content\/uploads\/2023\/08\/arvalin.jpg","datePublished":"2023-08-03T10:01:44+00:00","dateModified":"2023-08-11T12:55:09+00:00","description":"Arvalin LR. 0,25kg.","breadcrumb":{"@id":"https:\/\/tajkertesz.com\/termek\/arvalin-lr-025kg\/#breadcrumb"},"inLanguage":"en-US","potentialAction":[{"@type":"ReadAction","target":["https:\/\/tajkertesz.com\/termek\/arvalin-lr-025kg\/"]}]},{"@type":"ImageObject","inLanguage":"en-US","@id":"https:\/\/tajkertesz.com\/termek\/arvalin-lr-025kg\/#primaryimage","url":"https:\/\/tajkertesz.com\/wp-content\/uploads\/2023\/08\/arvalin.jpg","contentUrl":"https:\/\/tajkertesz.com\/wp-content\/uploads\/2023\/08\/arvalin.jpg","width":700,"height":700},{"@type":"BreadcrumbList","@id":"https:\/\/tajkertesz.com\/termek\/arvalin-lr-025kg\/#breadcrumb","itemListElement":[{"@type":"ListItem","position":1,"name":"Home","item":"https:\/\/tajkertesz.com\/"},{"@type":"ListItem","position":2,"name":"Kezd\u0151lap","item":"https:\/\/tajkertesz.com\/"},{"@type":"ListItem","position":3,"name":"Arvalin LR. 0,25kg."}]},{"@type":"WebSite","@id":"https:\/\/tajkertesz.com\/#website","url":"https:\/\/tajkertesz.com\/","name":"T\u00e1j-Kert\u00e9sz 84 Kft.","description":"Kert\u00e9szeti kis- \u00e9s nagykeresked\u00e9s, D\u00edszn\u00f6v\u00e9ny web\u00e1ruh\u00e1z orsz\u00e1gos h\u00e1zhozsz\u00e1ll\u00edt\u00e1ssal!","publisher":{"@id":"https:\/\/tajkertesz.com\/#organization"},"potentialAction":[{"@type":"SearchAction","target":{"@type":"EntryPoint","urlTemplate":"https:\/\/tajkertesz.com\/?s={search_term_string}"},"query-input":{"@type":"PropertyValueSpecification","valueRequired":true,"valueName":"search_term_string"}}],"inLanguage":"en-US"},{"@type":"Organization","@id":"https:\/\/tajkertesz.com\/#organization","name":"T\u00e1j-Kert\u00e9sz 84 Kft.","url":"https:\/\/tajkertesz.com\/","logo":{"@type":"ImageObject","inLanguage":"en-US","@id":"https:\/\/tajkertesz.com\/#\/schema\/logo\/image\/","url":"https:\/\/tajkertesz.com\/wp-content\/uploads\/2018\/02\/logo-2-e1518678052539.png","contentUrl":"https:\/\/tajkertesz.com\/wp-content\/uploads\/2018\/02\/logo-2-e1518678052539.png","width":81,"height":140,"caption":"T\u00e1j-Kert\u00e9sz 84 Kft."},"image":{"@id":"https:\/\/tajkertesz.com\/#\/schema\/logo\/image\/"},"sameAs":["https:\/\/www.facebook.com\/Tajkertesz\/"]}]}},"_links":{"self":[{"href":"https:\/\/tajkertesz.com\/en_US\/wp-json\/wp\/v2\/product\/16218","targetHints":{"allow":["GET"]}}],"collection":[{"href":"https:\/\/tajkertesz.com\/en_US\/wp-json\/wp\/v2\/product"}],"about":[{"href":"https:\/\/tajkertesz.com\/en_US\/wp-json\/wp\/v2\/types\/product"}],"wp:featuredmedia":[{"embeddable":true,"href":"https:\/\/tajkertesz.com\/en_US\/wp-json\/wp\/v2\/media\/16219"}],"wp:attachment":[{"href":"https:\/\/tajkertesz.com\/en_US\/wp-json\/wp\/v2\/media?parent=16218"}],"wp:term":[{"taxonomy":"product_brand","embeddable":true,"href":"https:\/\/tajkertesz.com\/en_US\/wp-json\/wp\/v2\/product_brand?post=16218"},{"taxonomy":"product_cat","embeddable":true,"href":"https:\/\/tajkertesz.com\/en_US\/wp-json\/wp\/v2\/product_cat?post=16218"},{"taxonomy":"product_tag","embeddable":true,"href":"https:\/\/tajkertesz.com\/en_US\/wp-json\/wp\/v2\/product_tag?post=16218"}],"curies":[{"name":"wp","href":"https:\/\/api.w.org\/{rel}","templated":true}]}}