{"id":16220,"date":"2023-08-03T13:37:15","date_gmt":"2023-08-03T13:37:15","guid":{"rendered":"https:\/\/tajkertesz.com\/?post_type=product&#038;p=16220"},"modified":"2026-01-20T13:46:47","modified_gmt":"2026-01-20T13:46:47","slug":"trifender-pro-wp-20-gr-100-m2-re","status":"publish","type":"product","link":"https:\/\/tajkertesz.com\/en_US\/product\/trifender-pro-wp-20-gr-100-m2-re\/","title":{"rendered":"Trifender Pro WP 20 gr \/100 m2-re\/"},"content":{"rendered":"<h2>Trifender Pro WP 20 gr \/100 m2-re\/<\/h2>\n<p><span class=\"hgKElc\">Talajb\u00f3l fert\u0151z\u0151 gomb\u00e1k ellen alkalmazhat\u00f3, term\u00e9sn\u00f6vel\u0151 hat\u00e1s\u00fa mikrobiol\u00f3giai k\u00e9sz\u00edtm\u00e9ny. Kiv\u00e1l\u00f3an alkalmazhat\u00f3 a z\u00f6lds\u00e9gtermeszt\u00e9sben, valamint egyny\u00e1ri n\u00f6v\u00e9nyek ki\u00fcltet\u00e9se el\u0151tt. Term\u00e9szetes talajfert\u0151tlen\u00edt\u00e9s, vegyszermentes kert\u00e9szked\u00e9s.<\/span><\/p>\n<p><b><strong style=\"font-style: inherit;\"><span style=\"font-style: inherit; font-weight: inherit;\">Talajb\u00f3l fert\u0151z\u0151 k\u00f3rokoz\u00f3k elleni v\u00e9delem, eg\u00e9szs\u00e9ges talajk\u00f6rnyezet megteremt\u00e9se a n\u00f6v\u00e9nyek eg\u00e9szs\u00e9ges fejl\u0151d\u00e9s\u00e9\u00e9rt.<\/span><\/strong><\/b><\/p>\n<p>A term\u00e9k az Agro-\u00f6kol\u00f3giai Programban (A\u00d6P) is felhaszn\u00e1lhat\u00f3. Mag\u00e1gyk\u00e9sz\u00edt\u00e9s el\u0151tt kipermetezve, majd a talajba dolgozva.\u00a0Napraforg\u00f3\u00a0eset\u00e9ben bedolgoz\u00e1st ig\u00e9nyl\u0151 herbicidekkel egy\u00fctt is kijuttathat\u00f3.\u00a0Z\u00f6lds\u00e9gf\u00e9l\u00e9kn\u00e9l\u00a0lehet\u0151s\u00e9g van csepegtet\u0151 \u00f6nt\u00f6zz\u00e9ssel val\u00f3 kijuttat\u00e1sra is.<\/p>\n<p style=\"font-weight: 400;\"><span style=\"font-style: inherit; font-weight: inherit;\">Hat\u00e1sm\u00f3d<\/span><\/p>\n<p>A Trichoderma a gy\u00f6k\u00e9rrendszer koloniz\u00e1l\u00e1s\u00e1val v\u00e9di a n\u00f6v\u00e9nyt a talajb\u00f3l fert\u0151z\u0151 k\u00f3rokoz\u00f3k t\u00e1mad\u00e1s\u00e1val szemben. Antibiotikus hat\u00e1s\u00fa anyagok termel\u00e9s\u00e9vel, a patog\u00e9n gombafonalak parazit\u00e1l\u00e1s\u00e1val, n\u00f6v\u00e9nyi n\u00f6veked\u00e9st serkent\u0151 anyagok termel\u00e9s\u00e9vel, az eg\u00e9szs\u00e9ges rizoszf\u00e9ra kialak\u00edt\u00e1s\u00e1rt felel. Induk\u00e1lt rezisztencia kiv\u00e1lt\u00e1s\u00e1val a k\u00f3rokoz\u00f3k t\u00e1mad\u00e1s\u00e1val szemben ellen\u00e1ll\u00f3bb lesz a n\u00f6v\u00e9ny. Haszn\u00e1lat\u00e1val a n\u00f6v\u00e9nyek fotoszintetikus aktivit\u00e1sa is jobb lesz.<\/p>\n<div class=\"product-downloadable__box product-downloadable__box text-center flex-even\">\n<p class=\"product-downloadable__box__title\">\u00d6sszetev\u0151k<\/p>\n<ul>\n<li>6X10<sup>7<\/sup>\u00a0CFU\/g Trichoderma asperellum T1-es gomba t\u00f6rzs<\/li>\n<\/ul>\n<\/div>\n<div class=\"product-downloadable__box product-downloadable__box text-center flex-even\">\n<p class=\"product-downloadable__box__title\">Formul\u00e1ci\u00f3<\/p>\n<ul>\n<li>nedves\u00edthet\u0151 por\u00a0(WP)<\/li>\n<\/ul>\n<\/div>\n<div class=\"product-downloadable__box product-downloadable__box text-center flex-even\">\n<p class=\"product-downloadable__box__title\">Forg. kateg\u00f3ria<\/p>\n<ul>\n<li>III.<\/li>\n<\/ul>\n<\/div>\n<div class=\"product-downloadable__box product-downloadable__box text-center flex-even\">\n<p class=\"product-downloadable__box__title\">Hat\u00e1sm\u00f3d<\/p>\n<ul>\n<li>K\u00f3rokoz\u00f3k elleni v\u00e9delem<\/li>\n<\/ul>\n<\/div>\n<div class=\"product-downloadable__box product-downloadable__box text-center flex-even\">\n<p class=\"product-downloadable__box__title\">Kiszerel\u00e9s<\/p>\n<ul>\n<li>10 kg-os zs\u00e1k, 1 kg-os polietil\u00e9n tasak, 100 g-os tasak<\/li>\n<\/ul>\n<div class=\"row\">\n<div class=\"col-12\">\n<h1>Felhaszn\u00e1l\u00e1s<\/h1>\n<\/div>\n<\/div>\n<div class=\"row table-wrapper-row\">\n<div class=\"col-lg-8 table-wrapper-col\">\n<div class=\"table-responsive\">\n<table class=\"table\">\n<tbody>\n<tr>\n<th>Kult\u00fara<\/th>\n<th>K\u00e1ros\u00edt\u00f3; T\u00e1panyag hi\u00e1ny<\/th>\n<th class=\"text-center\" width=\"160px\">D\u00f3zis<\/th>\n<th class=\"text-center\">\u00c9.V.I (nap)<\/th>\n<th class=\"text-center\">Alkalmaz\u00e1s<\/th>\n<th class=\"text-center\">BBCH fenol\u00f3gia szerint<\/th>\n<\/tr>\n<tr>\n<td>Napraforg\u00f3<\/td>\n<td>Talajb\u00f3l fert\u0151z\u0151 k\u00f3rokoz\u00f3k (Sclerotinia, Macrophomina)<\/td>\n<td class=\"text-center\">0,5-1,0 kg\/ha<\/td>\n<td>nk.*<\/td>\n<td class=\"text-center\" colspan=\"2\">Tov\u00e1bbi inform\u00e1ci\u00f3: okirat\/c\u00edmke<\/td>\n<\/tr>\n<tr>\n<td>Repce<\/td>\n<td>Talajb\u00f3l fert\u0151z\u0151 k\u00f3rokoz\u00f3k (Sclerotinia, Verticillium)<\/td>\n<td class=\"text-center\">0,5-1,0 kg\/ha<\/td>\n<td>nk.*<\/td>\n<td class=\"text-center\" colspan=\"2\">Tov\u00e1bbi inform\u00e1ci\u00f3: okirat\/c\u00edmke<\/td>\n<\/tr>\n<tr>\n<td>Sz\u00f3ja<\/td>\n<td>Talajb\u00f3l fert\u0151z\u0151 k\u00f3rokoz\u00f3k (Sclerotinia, Verticillium)<\/td>\n<td class=\"text-center\">0,5-1,0 kg\/ha<\/td>\n<td>nk.*<\/td>\n<td class=\"text-center\" colspan=\"2\">Tov\u00e1bbi inform\u00e1ci\u00f3: okirat\/c\u00edmke<\/td>\n<\/tr>\n<tr>\n<td>Kukorica<\/td>\n<td>Talajb\u00f3l fert\u0151z\u0151 k\u00f3rokoz\u00f3k (Fusarium)<\/td>\n<td class=\"text-center\">0,5-1,0 kg\/ha<\/td>\n<td>nk.*<\/td>\n<td class=\"text-center\" colspan=\"2\">Tov\u00e1bbi inform\u00e1ci\u00f3: okirat\/c\u00edmke<\/td>\n<\/tr>\n<\/tbody>\n<\/table>\n<p><sub>*El\u0151\u00edr\u00e1sszer\u0171 felhaszn\u00e1l\u00e1s eset\u00e9n nincs korl\u00e1tozva.<\/sub><\/p>\n<\/div>\n<\/div>\n<\/div>\n<\/div>\n<p>&nbsp;<\/p>\n<p>&nbsp;<\/p>\n<p>&nbsp;<\/p>","protected":false},"excerpt":{"rendered":"<h2>Trifender Pro WP 20 gr \/100 m2-re\/<\/h2>\n<p><span style=\"color: #ff0000;\">Csak szem\u00e9lyes \u00e1tv\u00e9tellel rendelhet\u0151!<\/span><\/p>\n<div id=\"bodyContent\" class=\"mw-body-content\">\n<div id=\"mw-content-text\" class=\"mw-content-ltr\" dir=\"ltr\" lang=\"hu\">\n<div id=\"bodyContent\" class=\"mw-body-content\">\n<div id=\"mw-content-text\" class=\"mw-content-ltr\" dir=\"ltr\" lang=\"hu\">\n<p><b>K\u00e9szlet\u00fcnk napi szinten v\u00e1ltozik, ez\u00e9rt k\u00e9rj\u00fck, \u00e9rdekl\u0151dj\u00f6n szem\u00e9lyesen, telefonon vagy email-en.<\/b><\/p>\n<p>Term\u00e9keinket szem\u00e9lyesen is \u00e1tveheti a h\u00e9t minden napj\u00e1n nyitvatart\u00e1si id\u0151ben!<\/p>\n<p>Kisz\u00e1ll\u00edt\u00e1s: 200 cm \u00e9s 40 kg is a sz\u00e1ll\u00edt\u00e1s fut\u00e1rszolg\u00e1lattal t\u00f6rt\u00e9nik.<\/p>\n<\/div>\n<\/div>\n<\/div>\n<\/div>\n<p><b>A v\u00e1ltoztat\u00e1s jog\u00e1t fenntartjuk!\u00a0<\/b><\/p>","protected":false},"featured_media":16221,"template":"","meta":{"_et_pb_use_builder":"","_et_pb_old_content":"","_et_gb_content_width":""},"product_brand":[],"product_cat":[4204,3546],"product_tag":[],"class_list":{"0":"post-16220","1":"product","2":"type-product","3":"status-publish","4":"has-post-thumbnail","6":"product_cat-biologiai-novenyvedelem","7":"product_cat-talajfertotlenito","9":"first","10":"instock","11":"shipping-taxable","12":"purchasable","13":"product-type-simple"},"yoast_head":"<!-- This site is optimized with the Yoast SEO plugin v27.3 - https:\/\/yoast.com\/product\/yoast-seo-wordpress\/ -->\n<title>Trifender Pro WP 20 gr \/100 m2-re\/ - T\u00e1jkert\u00e9sz<\/title>\n<meta name=\"description\" content=\"Trifender Pro WP 20 gr \/100 m2-re\/ TRIFENDER\u00a0- term\u00e9sn\u00f6vel\u0151 hat\u00e1s\u00fa mikrobiol\u00f3giai k\u00e9sz\u00edtm\u00e9ny Kert\u00e9szeti kis-\u00e9s nagykeresked\u00e9s.\" \/>\n<meta name=\"robots\" content=\"index, follow, max-snippet:-1, max-image-preview:large, max-video-preview:-1\" \/>\n<link rel=\"canonical\" href=\"https:\/\/tajkertesz.com\/en_US\/product\/trifender-pro-wp-20-gr-100-m2-re\/\" \/>\n<meta property=\"og:locale\" content=\"en_US\" \/>\n<meta property=\"og:type\" content=\"article\" \/>\n<meta property=\"og:title\" content=\"Trifender Pro WP 20 gr \/100 m2-re\/ - T\u00e1jkert\u00e9sz\" \/>\n<meta property=\"og:description\" content=\"Trifender Pro WP 20 gr \/100 m2-re\/ TRIFENDER\u00a0- term\u00e9sn\u00f6vel\u0151 hat\u00e1s\u00fa mikrobiol\u00f3giai k\u00e9sz\u00edtm\u00e9ny Kert\u00e9szeti kis-\u00e9s nagykeresked\u00e9s.\" \/>\n<meta property=\"og:url\" content=\"https:\/\/tajkertesz.com\/en_US\/product\/trifender-pro-wp-20-gr-100-m2-re\/\" \/>\n<meta property=\"og:site_name\" content=\"T\u00e1jkert\u00e9sz\" \/>\n<meta property=\"article:publisher\" content=\"https:\/\/www.facebook.com\/Tajkertesz\/\" \/>\n<meta property=\"article:modified_time\" content=\"2026-01-20T13:46:47+00:00\" \/>\n<meta property=\"og:image\" content=\"https:\/\/tajkertesz.com\/wp-content\/uploads\/2023\/08\/trifender_20g.jpg\" \/>\n\t<meta property=\"og:image:width\" content=\"300\" \/>\n\t<meta property=\"og:image:height\" content=\"300\" \/>\n\t<meta property=\"og:image:type\" content=\"image\/jpeg\" \/>\n<meta name=\"twitter:card\" content=\"summary_large_image\" \/>\n<meta name=\"twitter:label1\" content=\"Est. reading time\" \/>\n\t<meta name=\"twitter:data1\" content=\"2 minutes\" \/>\n<script type=\"application\/ld+json\" class=\"yoast-schema-graph\">{\"@context\":\"https:\\\/\\\/schema.org\",\"@graph\":[{\"@type\":\"WebPage\",\"@id\":\"https:\\\/\\\/tajkertesz.com\\\/termek\\\/trifender-pro-wp-20-gr-100-m2-re\\\/\",\"url\":\"https:\\\/\\\/tajkertesz.com\\\/termek\\\/trifender-pro-wp-20-gr-100-m2-re\\\/\",\"name\":\"Trifender Pro WP 20 gr \\\/100 m2-re\\\/ - T\u00e1jkert\u00e9sz\",\"isPartOf\":{\"@id\":\"https:\\\/\\\/tajkertesz.com\\\/#website\"},\"primaryImageOfPage\":{\"@id\":\"https:\\\/\\\/tajkertesz.com\\\/termek\\\/trifender-pro-wp-20-gr-100-m2-re\\\/#primaryimage\"},\"image\":{\"@id\":\"https:\\\/\\\/tajkertesz.com\\\/termek\\\/trifender-pro-wp-20-gr-100-m2-re\\\/#primaryimage\"},\"thumbnailUrl\":\"https:\\\/\\\/tajkertesz.com\\\/wp-content\\\/uploads\\\/2023\\\/08\\\/trifender_20g.jpg\",\"datePublished\":\"2023-08-03T13:37:15+00:00\",\"dateModified\":\"2026-01-20T13:46:47+00:00\",\"description\":\"Trifender Pro WP 20 gr \\\/100 m2-re\\\/ TRIFENDER\u00a0- term\u00e9sn\u00f6vel\u0151 hat\u00e1s\u00fa mikrobiol\u00f3giai k\u00e9sz\u00edtm\u00e9ny Kert\u00e9szeti kis-\u00e9s nagykeresked\u00e9s.\",\"breadcrumb\":{\"@id\":\"https:\\\/\\\/tajkertesz.com\\\/termek\\\/trifender-pro-wp-20-gr-100-m2-re\\\/#breadcrumb\"},\"inLanguage\":\"en-US\",\"potentialAction\":[{\"@type\":\"ReadAction\",\"target\":[\"https:\\\/\\\/tajkertesz.com\\\/termek\\\/trifender-pro-wp-20-gr-100-m2-re\\\/\"]}]},{\"@type\":\"ImageObject\",\"inLanguage\":\"en-US\",\"@id\":\"https:\\\/\\\/tajkertesz.com\\\/termek\\\/trifender-pro-wp-20-gr-100-m2-re\\\/#primaryimage\",\"url\":\"https:\\\/\\\/tajkertesz.com\\\/wp-content\\\/uploads\\\/2023\\\/08\\\/trifender_20g.jpg\",\"contentUrl\":\"https:\\\/\\\/tajkertesz.com\\\/wp-content\\\/uploads\\\/2023\\\/08\\\/trifender_20g.jpg\",\"width\":300,\"height\":300},{\"@type\":\"BreadcrumbList\",\"@id\":\"https:\\\/\\\/tajkertesz.com\\\/termek\\\/trifender-pro-wp-20-gr-100-m2-re\\\/#breadcrumb\",\"itemListElement\":[{\"@type\":\"ListItem\",\"position\":1,\"name\":\"Home\",\"item\":\"https:\\\/\\\/tajkertesz.com\\\/\"},{\"@type\":\"ListItem\",\"position\":2,\"name\":\"Kezd\u0151lap\",\"item\":\"https:\\\/\\\/tajkertesz.com\\\/\"},{\"@type\":\"ListItem\",\"position\":3,\"name\":\"Trifender Pro WP 20 gr \\\/100 m2-re\\\/\"}]},{\"@type\":\"WebSite\",\"@id\":\"https:\\\/\\\/tajkertesz.com\\\/#website\",\"url\":\"https:\\\/\\\/tajkertesz.com\\\/\",\"name\":\"T\u00e1j-Kert\u00e9sz 84 Kft.\",\"description\":\"Kert\u00e9szeti kis- \u00e9s nagykeresked\u00e9s, D\u00edszn\u00f6v\u00e9ny web\u00e1ruh\u00e1z orsz\u00e1gos h\u00e1zhozsz\u00e1ll\u00edt\u00e1ssal!\",\"publisher\":{\"@id\":\"https:\\\/\\\/tajkertesz.com\\\/#organization\"},\"potentialAction\":[{\"@type\":\"SearchAction\",\"target\":{\"@type\":\"EntryPoint\",\"urlTemplate\":\"https:\\\/\\\/tajkertesz.com\\\/?s={search_term_string}\"},\"query-input\":{\"@type\":\"PropertyValueSpecification\",\"valueRequired\":true,\"valueName\":\"search_term_string\"}}],\"inLanguage\":\"en-US\"},{\"@type\":\"Organization\",\"@id\":\"https:\\\/\\\/tajkertesz.com\\\/#organization\",\"name\":\"T\u00e1j-Kert\u00e9sz 84 Kft.\",\"url\":\"https:\\\/\\\/tajkertesz.com\\\/\",\"logo\":{\"@type\":\"ImageObject\",\"inLanguage\":\"en-US\",\"@id\":\"https:\\\/\\\/tajkertesz.com\\\/#\\\/schema\\\/logo\\\/image\\\/\",\"url\":\"https:\\\/\\\/tajkertesz.com\\\/wp-content\\\/uploads\\\/2018\\\/02\\\/logo-2-e1518678052539.png\",\"contentUrl\":\"https:\\\/\\\/tajkertesz.com\\\/wp-content\\\/uploads\\\/2018\\\/02\\\/logo-2-e1518678052539.png\",\"width\":81,\"height\":140,\"caption\":\"T\u00e1j-Kert\u00e9sz 84 Kft.\"},\"image\":{\"@id\":\"https:\\\/\\\/tajkertesz.com\\\/#\\\/schema\\\/logo\\\/image\\\/\"},\"sameAs\":[\"https:\\\/\\\/www.facebook.com\\\/Tajkertesz\\\/\"]}]}<\/script>\n<!-- \/ Yoast SEO plugin. -->","yoast_head_json":{"title":"Trifender Pro WP 20 gr \/100 m2-re\/ - T\u00e1jkert\u00e9sz","description":"Trifender Pro WP 20 gr \/100 m2-re\/ TRIFENDER\u00a0- term\u00e9sn\u00f6vel\u0151 hat\u00e1s\u00fa mikrobiol\u00f3giai k\u00e9sz\u00edtm\u00e9ny Kert\u00e9szeti kis-\u00e9s nagykeresked\u00e9s.","robots":{"index":"index","follow":"follow","max-snippet":"max-snippet:-1","max-image-preview":"max-image-preview:large","max-video-preview":"max-video-preview:-1"},"canonical":"https:\/\/tajkertesz.com\/en_US\/product\/trifender-pro-wp-20-gr-100-m2-re\/","og_locale":"en_US","og_type":"article","og_title":"Trifender Pro WP 20 gr \/100 m2-re\/ - T\u00e1jkert\u00e9sz","og_description":"Trifender Pro WP 20 gr \/100 m2-re\/ TRIFENDER\u00a0- term\u00e9sn\u00f6vel\u0151 hat\u00e1s\u00fa mikrobiol\u00f3giai k\u00e9sz\u00edtm\u00e9ny Kert\u00e9szeti kis-\u00e9s nagykeresked\u00e9s.","og_url":"https:\/\/tajkertesz.com\/en_US\/product\/trifender-pro-wp-20-gr-100-m2-re\/","og_site_name":"T\u00e1jkert\u00e9sz","article_publisher":"https:\/\/www.facebook.com\/Tajkertesz\/","article_modified_time":"2026-01-20T13:46:47+00:00","og_image":[{"width":300,"height":300,"url":"https:\/\/tajkertesz.com\/wp-content\/uploads\/2023\/08\/trifender_20g.jpg","type":"image\/jpeg"}],"twitter_card":"summary_large_image","twitter_misc":{"Est. reading time":"2 minutes"},"schema":{"@context":"https:\/\/schema.org","@graph":[{"@type":"WebPage","@id":"https:\/\/tajkertesz.com\/termek\/trifender-pro-wp-20-gr-100-m2-re\/","url":"https:\/\/tajkertesz.com\/termek\/trifender-pro-wp-20-gr-100-m2-re\/","name":"Trifender Pro WP 20 gr \/100 m2-re\/ - T\u00e1jkert\u00e9sz","isPartOf":{"@id":"https:\/\/tajkertesz.com\/#website"},"primaryImageOfPage":{"@id":"https:\/\/tajkertesz.com\/termek\/trifender-pro-wp-20-gr-100-m2-re\/#primaryimage"},"image":{"@id":"https:\/\/tajkertesz.com\/termek\/trifender-pro-wp-20-gr-100-m2-re\/#primaryimage"},"thumbnailUrl":"https:\/\/tajkertesz.com\/wp-content\/uploads\/2023\/08\/trifender_20g.jpg","datePublished":"2023-08-03T13:37:15+00:00","dateModified":"2026-01-20T13:46:47+00:00","description":"Trifender Pro WP 20 gr \/100 m2-re\/ TRIFENDER\u00a0- term\u00e9sn\u00f6vel\u0151 hat\u00e1s\u00fa mikrobiol\u00f3giai k\u00e9sz\u00edtm\u00e9ny Kert\u00e9szeti kis-\u00e9s nagykeresked\u00e9s.","breadcrumb":{"@id":"https:\/\/tajkertesz.com\/termek\/trifender-pro-wp-20-gr-100-m2-re\/#breadcrumb"},"inLanguage":"en-US","potentialAction":[{"@type":"ReadAction","target":["https:\/\/tajkertesz.com\/termek\/trifender-pro-wp-20-gr-100-m2-re\/"]}]},{"@type":"ImageObject","inLanguage":"en-US","@id":"https:\/\/tajkertesz.com\/termek\/trifender-pro-wp-20-gr-100-m2-re\/#primaryimage","url":"https:\/\/tajkertesz.com\/wp-content\/uploads\/2023\/08\/trifender_20g.jpg","contentUrl":"https:\/\/tajkertesz.com\/wp-content\/uploads\/2023\/08\/trifender_20g.jpg","width":300,"height":300},{"@type":"BreadcrumbList","@id":"https:\/\/tajkertesz.com\/termek\/trifender-pro-wp-20-gr-100-m2-re\/#breadcrumb","itemListElement":[{"@type":"ListItem","position":1,"name":"Home","item":"https:\/\/tajkertesz.com\/"},{"@type":"ListItem","position":2,"name":"Kezd\u0151lap","item":"https:\/\/tajkertesz.com\/"},{"@type":"ListItem","position":3,"name":"Trifender Pro WP 20 gr \/100 m2-re\/"}]},{"@type":"WebSite","@id":"https:\/\/tajkertesz.com\/#website","url":"https:\/\/tajkertesz.com\/","name":"T\u00e1j-Kert\u00e9sz 84 Kft.","description":"Kert\u00e9szeti kis- \u00e9s nagykeresked\u00e9s, D\u00edszn\u00f6v\u00e9ny web\u00e1ruh\u00e1z orsz\u00e1gos h\u00e1zhozsz\u00e1ll\u00edt\u00e1ssal!","publisher":{"@id":"https:\/\/tajkertesz.com\/#organization"},"potentialAction":[{"@type":"SearchAction","target":{"@type":"EntryPoint","urlTemplate":"https:\/\/tajkertesz.com\/?s={search_term_string}"},"query-input":{"@type":"PropertyValueSpecification","valueRequired":true,"valueName":"search_term_string"}}],"inLanguage":"en-US"},{"@type":"Organization","@id":"https:\/\/tajkertesz.com\/#organization","name":"T\u00e1j-Kert\u00e9sz 84 Kft.","url":"https:\/\/tajkertesz.com\/","logo":{"@type":"ImageObject","inLanguage":"en-US","@id":"https:\/\/tajkertesz.com\/#\/schema\/logo\/image\/","url":"https:\/\/tajkertesz.com\/wp-content\/uploads\/2018\/02\/logo-2-e1518678052539.png","contentUrl":"https:\/\/tajkertesz.com\/wp-content\/uploads\/2018\/02\/logo-2-e1518678052539.png","width":81,"height":140,"caption":"T\u00e1j-Kert\u00e9sz 84 Kft."},"image":{"@id":"https:\/\/tajkertesz.com\/#\/schema\/logo\/image\/"},"sameAs":["https:\/\/www.facebook.com\/Tajkertesz\/"]}]}},"_links":{"self":[{"href":"https:\/\/tajkertesz.com\/en_US\/wp-json\/wp\/v2\/product\/16220","targetHints":{"allow":["GET"]}}],"collection":[{"href":"https:\/\/tajkertesz.com\/en_US\/wp-json\/wp\/v2\/product"}],"about":[{"href":"https:\/\/tajkertesz.com\/en_US\/wp-json\/wp\/v2\/types\/product"}],"wp:featuredmedia":[{"embeddable":true,"href":"https:\/\/tajkertesz.com\/en_US\/wp-json\/wp\/v2\/media\/16221"}],"wp:attachment":[{"href":"https:\/\/tajkertesz.com\/en_US\/wp-json\/wp\/v2\/media?parent=16220"}],"wp:term":[{"taxonomy":"product_brand","embeddable":true,"href":"https:\/\/tajkertesz.com\/en_US\/wp-json\/wp\/v2\/product_brand?post=16220"},{"taxonomy":"product_cat","embeddable":true,"href":"https:\/\/tajkertesz.com\/en_US\/wp-json\/wp\/v2\/product_cat?post=16220"},{"taxonomy":"product_tag","embeddable":true,"href":"https:\/\/tajkertesz.com\/en_US\/wp-json\/wp\/v2\/product_tag?post=16220"}],"curies":[{"name":"wp","href":"https:\/\/api.w.org\/{rel}","templated":true}]}}