{"id":16232,"date":"2023-08-04T09:57:58","date_gmt":"2023-08-04T09:57:58","guid":{"rendered":"https:\/\/tajkertesz.com\/?post_type=product&#038;p=16232"},"modified":"2025-04-15T08:19:09","modified_gmt":"2025-04-15T08:19:09","slug":"artis-pro-20g-100nm-re","status":"publish","type":"product","link":"https:\/\/tajkertesz.com\/en_US\/product\/artis-pro-20g-100nm-re\/","title":{"rendered":"Artis Pro 20g. (100nm-re)"},"content":{"rendered":"<h2>Artis Pro 20g. (100nm-re)<\/h2>\n<p>Artis \u00ae<br \/>\nTerm\u00e9sn\u00f6vel\u0151 mikrobiol\u00f3giai k\u00e9sz\u00edtm\u00e9ny.<\/p>\n<p>A term\u00e9k az Arthrobothrys oligosp\u00f3ra hiperparazita gomba sp\u00f3r\u00e1it \u00e9s mic\u00e9liumait tartalmazza \u00e9s a talajban lak\u00f3 k\u00e1rtev\u0151k sz\u00e1m\u00e1ra kedvez\u0151tlen felt\u00e9teleket teremt.<\/p>\n<p>Az Artis az emberre \u00e9s a k\u00f6rnyezetre \u00e1rtalmatlan biol\u00f3giai k\u00e9sz\u00edtm\u00e9ny. Felhaszn\u00e1l\u00e1sa cs\u00f6kkenti a mez\u0151gazdas\u00e1gi termel\u00e9s k\u00e9miai n\u00f6v\u00e9nyv\u00e9d\u0151 szer terhel\u00e9s\u00e9t. Biotermeszt\u00e9sben is haszn\u00e1lhat\u00f3.<br \/>\nKiemelt kult\u00fara<br \/>\nFokhagyma Hagyma Pal\u00e1ntanevel\u00e9s Paprika Paradicsom S\u00e1rgar\u00e9pa<br \/>\nKiemelt hat\u00e1s<br \/>\nTerm\u00e9sn\u00f6vel\u0151<br \/>\nKateg\u00f3ria \u00e9s hat\u00e1skifejt\u00e9s<br \/>\nIII. kateg\u00f3ria<br \/>\nKontakt<br \/>\nHat\u00f3anyag tartalom<br \/>\nArthrobotrys oligospora gomba AO1 (NCAIM 153\/2012) t\u00f6rzse (5 m\/m%), mikrogomba sz\u00e1m (CFU\/g): legal\u00e1bb 500 000<br \/>\nKiszerel\u00e9s<br \/>\n1 kg-os zacsk\u00f3, 5 kg-os zacsk\u00f3, 100 grammos \u00e9s 20 grammos polietil\u00e9n zacsk\u00f3<br \/>\nFelhaszn\u00e1l\u00e1s<br \/>\nKult\u00fara K\u00e1ros\u00edt\u00f3 D\u00f3zis \u00c9VI<br \/>\nFokhagyma Talajkezel\u00e9s, term\u00e9sn\u00f6vel\u00e9s 1,5 kg\/ha nk.*<br \/>\nHagyma Talajkezel\u00e9s, term\u00e9sn\u00f6vel\u00e9s 1,5 kg\/ha nk.*<br \/>\nPal\u00e1ntanevel\u00e9s Talajkezel\u00e9s 1,5-3 kg\/ha nk.*<br \/>\nPaprika Talajkezel\u00e9s, term\u00e9sn\u00f6vel\u00e9s 1,5-3 kg\/ha nk.*<br \/>\nParadicsom Talajkezel\u00e9s, term\u00e9sn\u00f6vel\u00e9s 1,5-3 kg\/ha nk.*<br \/>\nS\u00e1rgar\u00e9pa Talajkezel\u00e9s, term\u00e9sn\u00f6vel\u00e9s 1,5 kg\/ha nk.*<\/p>","protected":false},"excerpt":{"rendered":"<h2>Artis Pro 20g. (100nm-re)<\/h2>\n<p>Artis \u00ae<br \/>\nTerm\u00e9sn\u00f6vel\u0151 mikrobiol\u00f3giai k\u00e9sz\u00edtm\u00e9ny.<\/p>\n<h3><span style=\"color: #ff0000;\">Csak szem\u00e9lyes \u00e1tv\u00e9tellel rendelhet\u0151!<\/span><\/h3>\n<div id=\"bodyContent\" class=\"mw-body-content\">\n<div id=\"mw-content-text\" class=\"mw-content-ltr\" dir=\"ltr\" lang=\"hu\">\n<div id=\"bodyContent\" class=\"mw-body-content\">\n<div id=\"mw-content-text\" class=\"mw-content-ltr\" dir=\"ltr\" lang=\"hu\">\n<p><b>K\u00e9szlet\u00fcnk napi szinten v\u00e1ltozik, ez\u00e9rt k\u00e9rj\u00fck, \u00e9rdekl\u0151dj\u00f6n szem\u00e9lyesen, telefonon vagy email-en.<\/b><\/p>\n<p>Term\u00e9keinket szem\u00e9lyesen is \u00e1tveheti a h\u00e9t minden napj\u00e1n nyitvatart\u00e1si id\u0151ben!<\/p>\n<p>Kisz\u00e1ll\u00edt\u00e1s: 200 cm \u00e9s 40 kg-ig a sz\u00e1ll\u00edt\u00e1s fut\u00e1rszolg\u00e1lattal t\u00f6rt\u00e9nik.<\/p>\n<\/div>\n<\/div>\n<\/div>\n<\/div>\n<p><b>A v\u00e1ltoztat\u00e1s jog\u00e1t fenntartjuk!\u00a0<\/b><\/p>","protected":false},"featured_media":16233,"template":"","meta":{"_et_pb_use_builder":"","_et_pb_old_content":"","_et_gb_content_width":""},"product_brand":[],"product_cat":[4204,3546],"product_tag":[],"class_list":{"0":"post-16232","1":"product","2":"type-product","3":"status-publish","4":"has-post-thumbnail","6":"product_cat-biologiai-novenyvedelem","7":"product_cat-talajfertotlenito","9":"first","10":"instock","11":"shipping-taxable","12":"purchasable","13":"product-type-simple"},"yoast_head":"<!-- This site is optimized with the Yoast SEO plugin v27.4 - https:\/\/yoast.com\/product\/yoast-seo-wordpress\/ -->\n<title>Artis Pro 20g. (100nm-re) - T\u00e1jkert\u00e9sz<\/title>\n<meta name=\"description\" content=\"Artis Pro 20g. (100nm-re). Artis \u00aeTerm\u00e9sn\u00f6vel\u0151 mikrobiol\u00f3giai k\u00e9sz\u00edtm\u00e9ny. Csak szem\u00e9lyes \u00e1tv\u00e9tellel rendelhet\u0151! Kert\u00e9szeti kis-\u00e9s nagykeresked\u00e9s\" \/>\n<meta name=\"robots\" content=\"index, follow, max-snippet:-1, max-image-preview:large, max-video-preview:-1\" \/>\n<link rel=\"canonical\" href=\"https:\/\/tajkertesz.com\/en_US\/product\/artis-pro-20g-100nm-re\/\" \/>\n<meta property=\"og:locale\" content=\"en_US\" \/>\n<meta property=\"og:type\" content=\"article\" \/>\n<meta property=\"og:title\" content=\"Artis Pro 20g. (100nm-re) - T\u00e1jkert\u00e9sz\" \/>\n<meta property=\"og:description\" content=\"Artis Pro 20g. (100nm-re). Artis \u00aeTerm\u00e9sn\u00f6vel\u0151 mikrobiol\u00f3giai k\u00e9sz\u00edtm\u00e9ny. Csak szem\u00e9lyes \u00e1tv\u00e9tellel rendelhet\u0151! Kert\u00e9szeti kis-\u00e9s nagykeresked\u00e9s\" \/>\n<meta property=\"og:url\" content=\"https:\/\/tajkertesz.com\/en_US\/product\/artis-pro-20g-100nm-re\/\" \/>\n<meta property=\"og:site_name\" content=\"T\u00e1jkert\u00e9sz\" \/>\n<meta property=\"article:publisher\" content=\"https:\/\/www.facebook.com\/Tajkertesz\/\" \/>\n<meta property=\"article:modified_time\" content=\"2025-04-15T08:19:09+00:00\" \/>\n<meta property=\"og:image\" content=\"https:\/\/tajkertesz.com\/wp-content\/uploads\/2023\/08\/T08949-1-Artis20g_1920x1920.jpg\" \/>\n\t<meta property=\"og:image:width\" content=\"1201\" \/>\n\t<meta property=\"og:image:height\" content=\"1920\" \/>\n\t<meta property=\"og:image:type\" content=\"image\/jpeg\" \/>\n<meta name=\"twitter:card\" content=\"summary_large_image\" \/>\n<meta name=\"twitter:label1\" content=\"Est. reading time\" \/>\n\t<meta name=\"twitter:data1\" content=\"1 minute\" \/>\n<script type=\"application\/ld+json\" class=\"yoast-schema-graph\">{\"@context\":\"https:\\\/\\\/schema.org\",\"@graph\":[{\"@type\":\"WebPage\",\"@id\":\"https:\\\/\\\/tajkertesz.com\\\/termek\\\/artis-pro-20g-100nm-re\\\/\",\"url\":\"https:\\\/\\\/tajkertesz.com\\\/termek\\\/artis-pro-20g-100nm-re\\\/\",\"name\":\"Artis Pro 20g. (100nm-re) - T\u00e1jkert\u00e9sz\",\"isPartOf\":{\"@id\":\"https:\\\/\\\/tajkertesz.com\\\/#website\"},\"primaryImageOfPage\":{\"@id\":\"https:\\\/\\\/tajkertesz.com\\\/termek\\\/artis-pro-20g-100nm-re\\\/#primaryimage\"},\"image\":{\"@id\":\"https:\\\/\\\/tajkertesz.com\\\/termek\\\/artis-pro-20g-100nm-re\\\/#primaryimage\"},\"thumbnailUrl\":\"https:\\\/\\\/tajkertesz.com\\\/wp-content\\\/uploads\\\/2023\\\/08\\\/T08949-1-Artis20g_1920x1920.jpg\",\"datePublished\":\"2023-08-04T09:57:58+00:00\",\"dateModified\":\"2025-04-15T08:19:09+00:00\",\"description\":\"Artis Pro 20g. (100nm-re). Artis \u00aeTerm\u00e9sn\u00f6vel\u0151 mikrobiol\u00f3giai k\u00e9sz\u00edtm\u00e9ny. Csak szem\u00e9lyes \u00e1tv\u00e9tellel rendelhet\u0151! Kert\u00e9szeti kis-\u00e9s nagykeresked\u00e9s\",\"breadcrumb\":{\"@id\":\"https:\\\/\\\/tajkertesz.com\\\/termek\\\/artis-pro-20g-100nm-re\\\/#breadcrumb\"},\"inLanguage\":\"en-US\",\"potentialAction\":[{\"@type\":\"ReadAction\",\"target\":[\"https:\\\/\\\/tajkertesz.com\\\/termek\\\/artis-pro-20g-100nm-re\\\/\"]}]},{\"@type\":\"ImageObject\",\"inLanguage\":\"en-US\",\"@id\":\"https:\\\/\\\/tajkertesz.com\\\/termek\\\/artis-pro-20g-100nm-re\\\/#primaryimage\",\"url\":\"https:\\\/\\\/tajkertesz.com\\\/wp-content\\\/uploads\\\/2023\\\/08\\\/T08949-1-Artis20g_1920x1920.jpg\",\"contentUrl\":\"https:\\\/\\\/tajkertesz.com\\\/wp-content\\\/uploads\\\/2023\\\/08\\\/T08949-1-Artis20g_1920x1920.jpg\",\"width\":1201,\"height\":1920},{\"@type\":\"BreadcrumbList\",\"@id\":\"https:\\\/\\\/tajkertesz.com\\\/termek\\\/artis-pro-20g-100nm-re\\\/#breadcrumb\",\"itemListElement\":[{\"@type\":\"ListItem\",\"position\":1,\"name\":\"Home\",\"item\":\"https:\\\/\\\/tajkertesz.com\\\/\"},{\"@type\":\"ListItem\",\"position\":2,\"name\":\"Kezd\u0151lap\",\"item\":\"https:\\\/\\\/tajkertesz.com\\\/\"},{\"@type\":\"ListItem\",\"position\":3,\"name\":\"Artis Pro 20g. (100nm-re)\"}]},{\"@type\":\"WebSite\",\"@id\":\"https:\\\/\\\/tajkertesz.com\\\/#website\",\"url\":\"https:\\\/\\\/tajkertesz.com\\\/\",\"name\":\"T\u00e1j-Kert\u00e9sz 84 Kft.\",\"description\":\"Kert\u00e9szeti kis- \u00e9s nagykeresked\u00e9s, D\u00edszn\u00f6v\u00e9ny web\u00e1ruh\u00e1z orsz\u00e1gos h\u00e1zhozsz\u00e1ll\u00edt\u00e1ssal!\",\"publisher\":{\"@id\":\"https:\\\/\\\/tajkertesz.com\\\/#organization\"},\"potentialAction\":[{\"@type\":\"SearchAction\",\"target\":{\"@type\":\"EntryPoint\",\"urlTemplate\":\"https:\\\/\\\/tajkertesz.com\\\/?s={search_term_string}\"},\"query-input\":{\"@type\":\"PropertyValueSpecification\",\"valueRequired\":true,\"valueName\":\"search_term_string\"}}],\"inLanguage\":\"en-US\"},{\"@type\":\"Organization\",\"@id\":\"https:\\\/\\\/tajkertesz.com\\\/#organization\",\"name\":\"T\u00e1j-Kert\u00e9sz 84 Kft.\",\"url\":\"https:\\\/\\\/tajkertesz.com\\\/\",\"logo\":{\"@type\":\"ImageObject\",\"inLanguage\":\"en-US\",\"@id\":\"https:\\\/\\\/tajkertesz.com\\\/#\\\/schema\\\/logo\\\/image\\\/\",\"url\":\"https:\\\/\\\/tajkertesz.com\\\/wp-content\\\/uploads\\\/2018\\\/02\\\/logo-2-e1518678052539.png\",\"contentUrl\":\"https:\\\/\\\/tajkertesz.com\\\/wp-content\\\/uploads\\\/2018\\\/02\\\/logo-2-e1518678052539.png\",\"width\":81,\"height\":140,\"caption\":\"T\u00e1j-Kert\u00e9sz 84 Kft.\"},\"image\":{\"@id\":\"https:\\\/\\\/tajkertesz.com\\\/#\\\/schema\\\/logo\\\/image\\\/\"},\"sameAs\":[\"https:\\\/\\\/www.facebook.com\\\/Tajkertesz\\\/\"]}]}<\/script>\n<!-- \/ Yoast SEO plugin. -->","yoast_head_json":{"title":"Artis Pro 20g. (100nm-re) - T\u00e1jkert\u00e9sz","description":"Artis Pro 20g. (100nm-re). Artis \u00aeTerm\u00e9sn\u00f6vel\u0151 mikrobiol\u00f3giai k\u00e9sz\u00edtm\u00e9ny. Csak szem\u00e9lyes \u00e1tv\u00e9tellel rendelhet\u0151! Kert\u00e9szeti kis-\u00e9s nagykeresked\u00e9s","robots":{"index":"index","follow":"follow","max-snippet":"max-snippet:-1","max-image-preview":"max-image-preview:large","max-video-preview":"max-video-preview:-1"},"canonical":"https:\/\/tajkertesz.com\/en_US\/product\/artis-pro-20g-100nm-re\/","og_locale":"en_US","og_type":"article","og_title":"Artis Pro 20g. (100nm-re) - T\u00e1jkert\u00e9sz","og_description":"Artis Pro 20g. (100nm-re). Artis \u00aeTerm\u00e9sn\u00f6vel\u0151 mikrobiol\u00f3giai k\u00e9sz\u00edtm\u00e9ny. Csak szem\u00e9lyes \u00e1tv\u00e9tellel rendelhet\u0151! Kert\u00e9szeti kis-\u00e9s nagykeresked\u00e9s","og_url":"https:\/\/tajkertesz.com\/en_US\/product\/artis-pro-20g-100nm-re\/","og_site_name":"T\u00e1jkert\u00e9sz","article_publisher":"https:\/\/www.facebook.com\/Tajkertesz\/","article_modified_time":"2025-04-15T08:19:09+00:00","og_image":[{"width":1201,"height":1920,"url":"https:\/\/tajkertesz.com\/wp-content\/uploads\/2023\/08\/T08949-1-Artis20g_1920x1920.jpg","type":"image\/jpeg"}],"twitter_card":"summary_large_image","twitter_misc":{"Est. reading time":"1 minute"},"schema":{"@context":"https:\/\/schema.org","@graph":[{"@type":"WebPage","@id":"https:\/\/tajkertesz.com\/termek\/artis-pro-20g-100nm-re\/","url":"https:\/\/tajkertesz.com\/termek\/artis-pro-20g-100nm-re\/","name":"Artis Pro 20g. (100nm-re) - T\u00e1jkert\u00e9sz","isPartOf":{"@id":"https:\/\/tajkertesz.com\/#website"},"primaryImageOfPage":{"@id":"https:\/\/tajkertesz.com\/termek\/artis-pro-20g-100nm-re\/#primaryimage"},"image":{"@id":"https:\/\/tajkertesz.com\/termek\/artis-pro-20g-100nm-re\/#primaryimage"},"thumbnailUrl":"https:\/\/tajkertesz.com\/wp-content\/uploads\/2023\/08\/T08949-1-Artis20g_1920x1920.jpg","datePublished":"2023-08-04T09:57:58+00:00","dateModified":"2025-04-15T08:19:09+00:00","description":"Artis Pro 20g. (100nm-re). Artis \u00aeTerm\u00e9sn\u00f6vel\u0151 mikrobiol\u00f3giai k\u00e9sz\u00edtm\u00e9ny. Csak szem\u00e9lyes \u00e1tv\u00e9tellel rendelhet\u0151! Kert\u00e9szeti kis-\u00e9s nagykeresked\u00e9s","breadcrumb":{"@id":"https:\/\/tajkertesz.com\/termek\/artis-pro-20g-100nm-re\/#breadcrumb"},"inLanguage":"en-US","potentialAction":[{"@type":"ReadAction","target":["https:\/\/tajkertesz.com\/termek\/artis-pro-20g-100nm-re\/"]}]},{"@type":"ImageObject","inLanguage":"en-US","@id":"https:\/\/tajkertesz.com\/termek\/artis-pro-20g-100nm-re\/#primaryimage","url":"https:\/\/tajkertesz.com\/wp-content\/uploads\/2023\/08\/T08949-1-Artis20g_1920x1920.jpg","contentUrl":"https:\/\/tajkertesz.com\/wp-content\/uploads\/2023\/08\/T08949-1-Artis20g_1920x1920.jpg","width":1201,"height":1920},{"@type":"BreadcrumbList","@id":"https:\/\/tajkertesz.com\/termek\/artis-pro-20g-100nm-re\/#breadcrumb","itemListElement":[{"@type":"ListItem","position":1,"name":"Home","item":"https:\/\/tajkertesz.com\/"},{"@type":"ListItem","position":2,"name":"Kezd\u0151lap","item":"https:\/\/tajkertesz.com\/"},{"@type":"ListItem","position":3,"name":"Artis Pro 20g. (100nm-re)"}]},{"@type":"WebSite","@id":"https:\/\/tajkertesz.com\/#website","url":"https:\/\/tajkertesz.com\/","name":"T\u00e1j-Kert\u00e9sz 84 Kft.","description":"Kert\u00e9szeti kis- \u00e9s nagykeresked\u00e9s, D\u00edszn\u00f6v\u00e9ny web\u00e1ruh\u00e1z orsz\u00e1gos h\u00e1zhozsz\u00e1ll\u00edt\u00e1ssal!","publisher":{"@id":"https:\/\/tajkertesz.com\/#organization"},"potentialAction":[{"@type":"SearchAction","target":{"@type":"EntryPoint","urlTemplate":"https:\/\/tajkertesz.com\/?s={search_term_string}"},"query-input":{"@type":"PropertyValueSpecification","valueRequired":true,"valueName":"search_term_string"}}],"inLanguage":"en-US"},{"@type":"Organization","@id":"https:\/\/tajkertesz.com\/#organization","name":"T\u00e1j-Kert\u00e9sz 84 Kft.","url":"https:\/\/tajkertesz.com\/","logo":{"@type":"ImageObject","inLanguage":"en-US","@id":"https:\/\/tajkertesz.com\/#\/schema\/logo\/image\/","url":"https:\/\/tajkertesz.com\/wp-content\/uploads\/2018\/02\/logo-2-e1518678052539.png","contentUrl":"https:\/\/tajkertesz.com\/wp-content\/uploads\/2018\/02\/logo-2-e1518678052539.png","width":81,"height":140,"caption":"T\u00e1j-Kert\u00e9sz 84 Kft."},"image":{"@id":"https:\/\/tajkertesz.com\/#\/schema\/logo\/image\/"},"sameAs":["https:\/\/www.facebook.com\/Tajkertesz\/"]}]}},"_links":{"self":[{"href":"https:\/\/tajkertesz.com\/en_US\/wp-json\/wp\/v2\/product\/16232","targetHints":{"allow":["GET"]}}],"collection":[{"href":"https:\/\/tajkertesz.com\/en_US\/wp-json\/wp\/v2\/product"}],"about":[{"href":"https:\/\/tajkertesz.com\/en_US\/wp-json\/wp\/v2\/types\/product"}],"wp:featuredmedia":[{"embeddable":true,"href":"https:\/\/tajkertesz.com\/en_US\/wp-json\/wp\/v2\/media\/16233"}],"wp:attachment":[{"href":"https:\/\/tajkertesz.com\/en_US\/wp-json\/wp\/v2\/media?parent=16232"}],"wp:term":[{"taxonomy":"product_brand","embeddable":true,"href":"https:\/\/tajkertesz.com\/en_US\/wp-json\/wp\/v2\/product_brand?post=16232"},{"taxonomy":"product_cat","embeddable":true,"href":"https:\/\/tajkertesz.com\/en_US\/wp-json\/wp\/v2\/product_cat?post=16232"},{"taxonomy":"product_tag","embeddable":true,"href":"https:\/\/tajkertesz.com\/en_US\/wp-json\/wp\/v2\/product_tag?post=16232"}],"curies":[{"name":"wp","href":"https:\/\/api.w.org\/{rel}","templated":true}]}}