{"id":16284,"date":"2023-08-07T10:28:13","date_gmt":"2023-08-07T10:28:13","guid":{"rendered":"https:\/\/tajkertesz.com\/?post_type=product&#038;p=16284"},"modified":"2026-02-13T09:37:59","modified_gmt":"2026-02-13T09:37:59","slug":"fiskars-21-os-keretes-furesz-53-cm-sw30","status":"publish","type":"product","link":"https:\/\/tajkertesz.com\/en_US\/product\/fiskars-21-os-keretes-furesz-53-cm-sw30\/","title":{"rendered":"Fiskars 21&#8221;-os keretes f\u0171r\u00e9sz (53 cm), SW30 1001621"},"content":{"rendered":"<h2>Fiskars 21&#8221;-os keretes f\u0171r\u00e9sz (53 cm), SW30<\/h2>\n<p>Fiskars 21&#8221;-os keretes f\u0171r\u00e9sz (53 cm), SW30<\/p>\n<div>\n<div class=\"ezxmltext-field\">\n<p>T\u00f6bbf\u00e9le kivitelben \u00e9s m\u00e9retben l\u00e9teznek. Els\u0151sorban 5 cm-n\u00e9l nagyobb \u00e1tm\u00e9r\u0151j\u0171 \u00e1gak lev\u00e1g\u00e1s\u00e1hoz haszn\u00e1lj\u00e1k \u0151ket. Az edzett ac\u00e9l penge a hossz\u00fa \u00e9lettartam biztos\u00edt\u00e9ka. A k\u00e9t\u00e9l\u0171, penge\u00e9les fogazat\u00fa f\u0171r\u00e9sz a h\u00faz\u00f3 \u00e9s a tol\u00f3 mozdulat k\u00f6zben is v\u00e1g, \u00edgy optim\u00e1lis hat\u00e9konys\u00e1ggal f\u0171r\u00e9szelhet.<\/p>\n<\/div>\n<\/div>\n<div class=\"product-features\">\n<div class=\"ezxmltext-field\">\n<ul>\n<li>Kiv\u00e1l\u00f3an alkalmas r\u00f6nk\u00f6k \u00e9s vastag \u00e1gak elf\u0171r\u00e9szel\u00e9s\u00e9re<\/li>\n<li>Az egyed\u00fcl\u00e1ll\u00f3 fogaz\u00e1snak k\u00f6sz\u00f6nhet\u0151en a h\u00faz\u00f3 \u00e9s a tol\u00f3 mozg\u00e1s k\u00f6zben is v\u00e1g<\/li>\n<li>M\u0171anyag \u00e9lv\u00e9d\u0151, a biztons\u00e1gos sz\u00e1ll\u00edt\u00e1shoz \u00e9s t\u00e1rol\u00e1shoz<\/li>\n<li>10-20 cm \u00e1tm\u00e9r\u0151j\u0171 fat\u00f6rzsek \u00e9s \u00e1gak f\u0171r\u00e9szel\u00e9s\u00e9hez aj\u00e1nljuk<\/li>\n<\/ul>\n<div class=\"full-width theme1\">\n<div class=\"m-general-grid theme1 m-headline-new-desktop\">\n<div class=\"container\">\n<div class=\"col-xs-12 col-sm-12 col-md-8 col-lg-8 no-float-center\">\n<div class=\"box\">\n<div class=\"text center-text\">\n<h1><span class=\"ezstring-field\">Erd\u00e9szeti szersz\u00e1mok \u00e9s f\u0171r\u00e9szek<\/span><\/h1>\n<div class=\"ezxmltext-field\">\n<p>Ha saj\u00e1t maga, a fejsz\u00e9j\u00e9vel apr\u00edtja a t\u0171zif\u00e1t, akkor van egy j\u00f3 h\u00edr\u00fcnk! N\u00e9pszer\u0171 fejsz\u00e9ink mellett k\u00edn\u00e1latunkban van sz\u00e1mos egy\u00e9b fantasztikus erd\u00e9szeti eszk\u00f6z is, amikkel sz\u00f3 szerint megk\u00f6nny\u00edtheti munk\u00e1j\u00e1t. A f\u0171r\u00e9szekt\u0151l a r\u00f6nkfog\u00f3kig, a gallyaz\u00f3k\u00e9st\u0151l a r\u00f6nkcs\u00e1k\u00e1nyig, a k\u00e9s\u00e9lez\u0151kt\u0151l a szersz\u00e1m\u00f6vekig minden szersz\u00e1mot biztos\u00edtunk, amikkel hat\u00e9konyabb\u00e1 teheti erdei vagy kerti munk\u00e1j\u00e1t!<\/p>\n<\/div>\n<\/div>\n<\/div>\n<\/div>\n<\/div>\n<\/div>\n<\/div>\n<div class=\"full-width theme1 text-style1 image-left-side\">\n<div class=\"m-general-grid theme1 text-style1 image-left-side  default\">\n<div class=\"container\">\n<div class=\"row\">\n<div class=\"col-xs-12 col-sm-6 col-md-6 col-lg-6 bilateral-content-move-padding-lg col-sm-push-6 col-md-push-6 col-lg-push-6\">\n<h2 class=\"h1\"><span class=\"ezstring-field\">R\u00f6nkhas\u00edt\u00e1s k\u00f6nnyed\u00e9n<\/span><\/h2>\n<div class=\"ezxmltext-field\">\n<p>Az erdei munka igen k\u00f6r\u00fclm\u00e9nyes feladat tud lenni. A terhel\u00e9s cs\u00f6kkent\u00e9s\u00e9re tervezt\u00fck a has\u00edt\u00e1sra \u00e9s fakiv\u00e1g\u00e1sra szolg\u00e1l\u00f3 term\u00e9keinket. Tal\u00e1lhat k\u00f6z\u00f6tt\u00fck has\u00edt\u00f3\u00e9keket \u00e9s r\u00f6nkhas\u00edt\u00f3kat. Ide\u00e1lis a nagyobb r\u00f6nk\u00f6k has\u00edt\u00e1s\u00e1hoz, valamint a nagyobb fa, annak megfelel\u0151 ir\u00e1nyba d\u00f6nt\u00e9s\u00e9re.<\/p>\n<\/div>\n<p>El\u00e9rhet\u0151 t\u00f6bbf\u00e9le m\u00e9retben \u00e9s \u00e1rban.<\/p>\n<p><strong>K\u00e9szlet\u00fcnk napi szinten v\u00e1ltozik, ez\u00e9rt k\u00e9rj\u00fck, \u00e9rdekl\u0151dj\u00f6n szem\u00e9lyesen, telefonon vagy email-en.<br \/>\nA v\u00e1ltoztat\u00e1s jog\u00e1t fenntartjuk!\u00a0<\/strong><\/p>\n<p><a href=\"https:\/\/tajkertesz.com\/\">https:\/\/tajkertesz.com\/<\/a><\/p>\n<p><a href=\"https:\/\/www.facebook.com\/tajkertesz\/\">https:\/\/www.facebook.com\/tajkertesz\/<\/a><\/p>\n<p>Kisz\u00e1ll\u00edt\u00e1s: 200cm-ig \u00a0\u00e9s 40 kg-ig a sz\u00e1ll\u00edt\u00e1s fut\u00e1rszolg\u00e1lattal \u00a0t\u00f6rt\u00e9nik.<\/p>\n<p>Szem\u00e9lyes \u00e1tv\u00e9tel nyitvatart\u00e1si id\u0151ben a 17. ker\u00fclet Bakancsos utca 7. sz\u00e1m alatti Kert\u00e9szeti \u00e1rud\u00e1ban.<\/p>\n<\/div>\n<\/div>\n<\/div>\n<\/div>\n<\/div>\n<\/div>\n<\/div>\n<div id=\"bodyContent\" class=\"mw-body-content\">\n<div id=\"mw-content-text\" class=\"mw-content-ltr\" dir=\"ltr\" lang=\"hu\">\n<div id=\"bodyContent\" class=\"mw-body-content\">\n<div id=\"mw-content-text\" class=\"mw-content-ltr\" dir=\"ltr\" lang=\"hu\"><\/div>\n<\/div>\n<\/div>\n<\/div>\n<p>&nbsp;<\/p>","protected":false},"excerpt":{"rendered":"<h2>Fiskars 21&#8221;-os keretes f\u0171r\u00e9sz (53 cm), SW30<\/h2>\n<div id=\"bodyContent\" class=\"mw-body-content\">\n<div id=\"mw-content-text\" class=\"mw-content-ltr\" dir=\"ltr\" lang=\"hu\">\n<div id=\"bodyContent\" class=\"mw-body-content\">\n<div id=\"mw-content-text\" class=\"mw-content-ltr\" dir=\"ltr\" lang=\"hu\">\n<p><b>K\u00e9szlet\u00fcnk napi szinten v\u00e1ltozik, ez\u00e9rt k\u00e9rj\u00fck, \u00e9rdekl\u0151dj\u00f6n szem\u00e9lyesen, telefonon vagy email-en.<\/b><\/p>\n<p>Term\u00e9keinket szem\u00e9lyesen is \u00e1tveheti a h\u00e9t minden napj\u00e1n nyitvatart\u00e1si id\u0151ben!<\/p>\n<p>Kisz\u00e1ll\u00edt\u00e1s: 200 cm \u00e9s 40 kg is a sz\u00e1ll\u00edt\u00e1s fut\u00e1rszolg\u00e1lattal t\u00f6rt\u00e9nik.<\/p>\n<\/div>\n<\/div>\n<\/div>\n<\/div>\n<p><b>A v\u00e1ltoztat\u00e1s jog\u00e1t fenntartjuk!\u00a0<\/b><\/p>","protected":false},"featured_media":16282,"template":"","meta":{"_et_pb_use_builder":"","_et_pb_old_content":"","_et_gb_content_width":""},"product_brand":[],"product_cat":[4902],"product_tag":[4906,116,4904,4903,4905],"class_list":{"0":"post-16284","1":"product","2":"type-product","3":"status-publish","4":"has-post-thumbnail","6":"product_cat-fiskars-fureszek","7":"product_tag-4906","8":"product_tag-fiskars","9":"product_tag-furesz","10":"product_tag-keretes-furesz","11":"product_tag-sw30","13":"first","14":"instock","15":"shipping-taxable","16":"purchasable","17":"product-type-simple"},"yoast_head":"<!-- This site is optimized with the Yoast SEO plugin v27.4 - https:\/\/yoast.com\/product\/yoast-seo-wordpress\/ -->\n<title>Fiskars 21&#039;&#039;-os keretes f\u0171r\u00e9sz (53 cm), SW30 1001621 - T\u00e1jkert\u00e9sz<\/title>\n<meta name=\"description\" content=\"Fiskars 21&#039;&#039;-os keretes f\u0171r\u00e9sz (53 cm), SW30 10-20 cm \u00e1tm\u00e9r\u0151j\u0171 fat\u00f6rzsek \u00e9s \u00e1gak f\u0171r\u00e9szel\u00e9s\u00e9hez. Kert\u00e9szeti kis-\u00e9s nagykeresked\u00e9s\" \/>\n<meta name=\"robots\" content=\"index, follow, max-snippet:-1, max-image-preview:large, max-video-preview:-1\" \/>\n<link rel=\"canonical\" href=\"https:\/\/tajkertesz.com\/en_US\/product\/fiskars-21-os-keretes-furesz-53-cm-sw30\/\" \/>\n<meta property=\"og:locale\" content=\"en_US\" \/>\n<meta property=\"og:type\" content=\"article\" \/>\n<meta property=\"og:title\" content=\"Fiskars 21&#039;&#039;-os keretes f\u0171r\u00e9sz (53 cm), SW30 1001621 - T\u00e1jkert\u00e9sz\" \/>\n<meta property=\"og:description\" content=\"Fiskars 21&#039;&#039;-os keretes f\u0171r\u00e9sz (53 cm), SW30 10-20 cm \u00e1tm\u00e9r\u0151j\u0171 fat\u00f6rzsek \u00e9s \u00e1gak f\u0171r\u00e9szel\u00e9s\u00e9hez. Kert\u00e9szeti kis-\u00e9s nagykeresked\u00e9s\" \/>\n<meta property=\"og:url\" content=\"https:\/\/tajkertesz.com\/en_US\/product\/fiskars-21-os-keretes-furesz-53-cm-sw30\/\" \/>\n<meta property=\"og:site_name\" content=\"T\u00e1jkert\u00e9sz\" \/>\n<meta property=\"article:publisher\" content=\"https:\/\/www.facebook.com\/Tajkertesz\/\" \/>\n<meta property=\"article:modified_time\" content=\"2026-02-13T09:37:59+00:00\" \/>\n<meta property=\"og:image\" content=\"https:\/\/tajkertesz.com\/wp-content\/uploads\/2021\/08\/124810.jpg\" \/>\n\t<meta property=\"og:image:width\" content=\"496\" \/>\n\t<meta property=\"og:image:height\" content=\"664\" \/>\n\t<meta property=\"og:image:type\" content=\"image\/jpeg\" \/>\n<meta name=\"twitter:card\" content=\"summary_large_image\" \/>\n<meta name=\"twitter:label1\" content=\"Est. reading time\" \/>\n\t<meta name=\"twitter:data1\" content=\"2 minutes\" \/>\n<script type=\"application\/ld+json\" class=\"yoast-schema-graph\">{\"@context\":\"https:\\\/\\\/schema.org\",\"@graph\":[{\"@type\":\"WebPage\",\"@id\":\"https:\\\/\\\/tajkertesz.com\\\/termek\\\/fiskars-21-os-keretes-furesz-53-cm-sw30\\\/\",\"url\":\"https:\\\/\\\/tajkertesz.com\\\/termek\\\/fiskars-21-os-keretes-furesz-53-cm-sw30\\\/\",\"name\":\"Fiskars 21''-os keretes f\u0171r\u00e9sz (53 cm), SW30 1001621 - T\u00e1jkert\u00e9sz\",\"isPartOf\":{\"@id\":\"https:\\\/\\\/tajkertesz.com\\\/#website\"},\"primaryImageOfPage\":{\"@id\":\"https:\\\/\\\/tajkertesz.com\\\/termek\\\/fiskars-21-os-keretes-furesz-53-cm-sw30\\\/#primaryimage\"},\"image\":{\"@id\":\"https:\\\/\\\/tajkertesz.com\\\/termek\\\/fiskars-21-os-keretes-furesz-53-cm-sw30\\\/#primaryimage\"},\"thumbnailUrl\":\"https:\\\/\\\/tajkertesz.com\\\/wp-content\\\/uploads\\\/2021\\\/08\\\/124810.jpg\",\"datePublished\":\"2023-08-07T10:28:13+00:00\",\"dateModified\":\"2026-02-13T09:37:59+00:00\",\"description\":\"Fiskars 21''-os keretes f\u0171r\u00e9sz (53 cm), SW30 10-20 cm \u00e1tm\u00e9r\u0151j\u0171 fat\u00f6rzsek \u00e9s \u00e1gak f\u0171r\u00e9szel\u00e9s\u00e9hez. Kert\u00e9szeti kis-\u00e9s nagykeresked\u00e9s\",\"breadcrumb\":{\"@id\":\"https:\\\/\\\/tajkertesz.com\\\/termek\\\/fiskars-21-os-keretes-furesz-53-cm-sw30\\\/#breadcrumb\"},\"inLanguage\":\"en-US\",\"potentialAction\":[{\"@type\":\"ReadAction\",\"target\":[\"https:\\\/\\\/tajkertesz.com\\\/termek\\\/fiskars-21-os-keretes-furesz-53-cm-sw30\\\/\"]}]},{\"@type\":\"ImageObject\",\"inLanguage\":\"en-US\",\"@id\":\"https:\\\/\\\/tajkertesz.com\\\/termek\\\/fiskars-21-os-keretes-furesz-53-cm-sw30\\\/#primaryimage\",\"url\":\"https:\\\/\\\/tajkertesz.com\\\/wp-content\\\/uploads\\\/2021\\\/08\\\/124810.jpg\",\"contentUrl\":\"https:\\\/\\\/tajkertesz.com\\\/wp-content\\\/uploads\\\/2021\\\/08\\\/124810.jpg\",\"width\":496,\"height\":664},{\"@type\":\"BreadcrumbList\",\"@id\":\"https:\\\/\\\/tajkertesz.com\\\/termek\\\/fiskars-21-os-keretes-furesz-53-cm-sw30\\\/#breadcrumb\",\"itemListElement\":[{\"@type\":\"ListItem\",\"position\":1,\"name\":\"Home\",\"item\":\"https:\\\/\\\/tajkertesz.com\\\/\"},{\"@type\":\"ListItem\",\"position\":2,\"name\":\"Kezd\u0151lap\",\"item\":\"https:\\\/\\\/tajkertesz.com\\\/\"},{\"@type\":\"ListItem\",\"position\":3,\"name\":\"Fiskars 21&#8221;-os keretes f\u0171r\u00e9sz (53 cm), SW30 1001621\"}]},{\"@type\":\"WebSite\",\"@id\":\"https:\\\/\\\/tajkertesz.com\\\/#website\",\"url\":\"https:\\\/\\\/tajkertesz.com\\\/\",\"name\":\"T\u00e1j-Kert\u00e9sz 84 Kft.\",\"description\":\"Kert\u00e9szeti kis- \u00e9s nagykeresked\u00e9s, D\u00edszn\u00f6v\u00e9ny web\u00e1ruh\u00e1z orsz\u00e1gos h\u00e1zhozsz\u00e1ll\u00edt\u00e1ssal!\",\"publisher\":{\"@id\":\"https:\\\/\\\/tajkertesz.com\\\/#organization\"},\"potentialAction\":[{\"@type\":\"SearchAction\",\"target\":{\"@type\":\"EntryPoint\",\"urlTemplate\":\"https:\\\/\\\/tajkertesz.com\\\/?s={search_term_string}\"},\"query-input\":{\"@type\":\"PropertyValueSpecification\",\"valueRequired\":true,\"valueName\":\"search_term_string\"}}],\"inLanguage\":\"en-US\"},{\"@type\":\"Organization\",\"@id\":\"https:\\\/\\\/tajkertesz.com\\\/#organization\",\"name\":\"T\u00e1j-Kert\u00e9sz 84 Kft.\",\"url\":\"https:\\\/\\\/tajkertesz.com\\\/\",\"logo\":{\"@type\":\"ImageObject\",\"inLanguage\":\"en-US\",\"@id\":\"https:\\\/\\\/tajkertesz.com\\\/#\\\/schema\\\/logo\\\/image\\\/\",\"url\":\"https:\\\/\\\/tajkertesz.com\\\/wp-content\\\/uploads\\\/2018\\\/02\\\/logo-2-e1518678052539.png\",\"contentUrl\":\"https:\\\/\\\/tajkertesz.com\\\/wp-content\\\/uploads\\\/2018\\\/02\\\/logo-2-e1518678052539.png\",\"width\":81,\"height\":140,\"caption\":\"T\u00e1j-Kert\u00e9sz 84 Kft.\"},\"image\":{\"@id\":\"https:\\\/\\\/tajkertesz.com\\\/#\\\/schema\\\/logo\\\/image\\\/\"},\"sameAs\":[\"https:\\\/\\\/www.facebook.com\\\/Tajkertesz\\\/\"]}]}<\/script>\n<!-- \/ Yoast SEO plugin. -->","yoast_head_json":{"title":"Fiskars 21''-os keretes f\u0171r\u00e9sz (53 cm), SW30 1001621 - T\u00e1jkert\u00e9sz","description":"Fiskars 21''-os keretes f\u0171r\u00e9sz (53 cm), SW30 10-20 cm \u00e1tm\u00e9r\u0151j\u0171 fat\u00f6rzsek \u00e9s \u00e1gak f\u0171r\u00e9szel\u00e9s\u00e9hez. Kert\u00e9szeti kis-\u00e9s nagykeresked\u00e9s","robots":{"index":"index","follow":"follow","max-snippet":"max-snippet:-1","max-image-preview":"max-image-preview:large","max-video-preview":"max-video-preview:-1"},"canonical":"https:\/\/tajkertesz.com\/en_US\/product\/fiskars-21-os-keretes-furesz-53-cm-sw30\/","og_locale":"en_US","og_type":"article","og_title":"Fiskars 21''-os keretes f\u0171r\u00e9sz (53 cm), SW30 1001621 - T\u00e1jkert\u00e9sz","og_description":"Fiskars 21''-os keretes f\u0171r\u00e9sz (53 cm), SW30 10-20 cm \u00e1tm\u00e9r\u0151j\u0171 fat\u00f6rzsek \u00e9s \u00e1gak f\u0171r\u00e9szel\u00e9s\u00e9hez. Kert\u00e9szeti kis-\u00e9s nagykeresked\u00e9s","og_url":"https:\/\/tajkertesz.com\/en_US\/product\/fiskars-21-os-keretes-furesz-53-cm-sw30\/","og_site_name":"T\u00e1jkert\u00e9sz","article_publisher":"https:\/\/www.facebook.com\/Tajkertesz\/","article_modified_time":"2026-02-13T09:37:59+00:00","og_image":[{"width":496,"height":664,"url":"https:\/\/tajkertesz.com\/wp-content\/uploads\/2021\/08\/124810.jpg","type":"image\/jpeg"}],"twitter_card":"summary_large_image","twitter_misc":{"Est. reading time":"2 minutes"},"schema":{"@context":"https:\/\/schema.org","@graph":[{"@type":"WebPage","@id":"https:\/\/tajkertesz.com\/termek\/fiskars-21-os-keretes-furesz-53-cm-sw30\/","url":"https:\/\/tajkertesz.com\/termek\/fiskars-21-os-keretes-furesz-53-cm-sw30\/","name":"Fiskars 21''-os keretes f\u0171r\u00e9sz (53 cm), SW30 1001621 - T\u00e1jkert\u00e9sz","isPartOf":{"@id":"https:\/\/tajkertesz.com\/#website"},"primaryImageOfPage":{"@id":"https:\/\/tajkertesz.com\/termek\/fiskars-21-os-keretes-furesz-53-cm-sw30\/#primaryimage"},"image":{"@id":"https:\/\/tajkertesz.com\/termek\/fiskars-21-os-keretes-furesz-53-cm-sw30\/#primaryimage"},"thumbnailUrl":"https:\/\/tajkertesz.com\/wp-content\/uploads\/2021\/08\/124810.jpg","datePublished":"2023-08-07T10:28:13+00:00","dateModified":"2026-02-13T09:37:59+00:00","description":"Fiskars 21''-os keretes f\u0171r\u00e9sz (53 cm), SW30 10-20 cm \u00e1tm\u00e9r\u0151j\u0171 fat\u00f6rzsek \u00e9s \u00e1gak f\u0171r\u00e9szel\u00e9s\u00e9hez. Kert\u00e9szeti kis-\u00e9s nagykeresked\u00e9s","breadcrumb":{"@id":"https:\/\/tajkertesz.com\/termek\/fiskars-21-os-keretes-furesz-53-cm-sw30\/#breadcrumb"},"inLanguage":"en-US","potentialAction":[{"@type":"ReadAction","target":["https:\/\/tajkertesz.com\/termek\/fiskars-21-os-keretes-furesz-53-cm-sw30\/"]}]},{"@type":"ImageObject","inLanguage":"en-US","@id":"https:\/\/tajkertesz.com\/termek\/fiskars-21-os-keretes-furesz-53-cm-sw30\/#primaryimage","url":"https:\/\/tajkertesz.com\/wp-content\/uploads\/2021\/08\/124810.jpg","contentUrl":"https:\/\/tajkertesz.com\/wp-content\/uploads\/2021\/08\/124810.jpg","width":496,"height":664},{"@type":"BreadcrumbList","@id":"https:\/\/tajkertesz.com\/termek\/fiskars-21-os-keretes-furesz-53-cm-sw30\/#breadcrumb","itemListElement":[{"@type":"ListItem","position":1,"name":"Home","item":"https:\/\/tajkertesz.com\/"},{"@type":"ListItem","position":2,"name":"Kezd\u0151lap","item":"https:\/\/tajkertesz.com\/"},{"@type":"ListItem","position":3,"name":"Fiskars 21&#8221;-os keretes f\u0171r\u00e9sz (53 cm), SW30 1001621"}]},{"@type":"WebSite","@id":"https:\/\/tajkertesz.com\/#website","url":"https:\/\/tajkertesz.com\/","name":"T\u00e1j-Kert\u00e9sz 84 Kft.","description":"Kert\u00e9szeti kis- \u00e9s nagykeresked\u00e9s, D\u00edszn\u00f6v\u00e9ny web\u00e1ruh\u00e1z orsz\u00e1gos h\u00e1zhozsz\u00e1ll\u00edt\u00e1ssal!","publisher":{"@id":"https:\/\/tajkertesz.com\/#organization"},"potentialAction":[{"@type":"SearchAction","target":{"@type":"EntryPoint","urlTemplate":"https:\/\/tajkertesz.com\/?s={search_term_string}"},"query-input":{"@type":"PropertyValueSpecification","valueRequired":true,"valueName":"search_term_string"}}],"inLanguage":"en-US"},{"@type":"Organization","@id":"https:\/\/tajkertesz.com\/#organization","name":"T\u00e1j-Kert\u00e9sz 84 Kft.","url":"https:\/\/tajkertesz.com\/","logo":{"@type":"ImageObject","inLanguage":"en-US","@id":"https:\/\/tajkertesz.com\/#\/schema\/logo\/image\/","url":"https:\/\/tajkertesz.com\/wp-content\/uploads\/2018\/02\/logo-2-e1518678052539.png","contentUrl":"https:\/\/tajkertesz.com\/wp-content\/uploads\/2018\/02\/logo-2-e1518678052539.png","width":81,"height":140,"caption":"T\u00e1j-Kert\u00e9sz 84 Kft."},"image":{"@id":"https:\/\/tajkertesz.com\/#\/schema\/logo\/image\/"},"sameAs":["https:\/\/www.facebook.com\/Tajkertesz\/"]}]}},"_links":{"self":[{"href":"https:\/\/tajkertesz.com\/en_US\/wp-json\/wp\/v2\/product\/16284","targetHints":{"allow":["GET"]}}],"collection":[{"href":"https:\/\/tajkertesz.com\/en_US\/wp-json\/wp\/v2\/product"}],"about":[{"href":"https:\/\/tajkertesz.com\/en_US\/wp-json\/wp\/v2\/types\/product"}],"wp:featuredmedia":[{"embeddable":true,"href":"https:\/\/tajkertesz.com\/en_US\/wp-json\/wp\/v2\/media\/16282"}],"wp:attachment":[{"href":"https:\/\/tajkertesz.com\/en_US\/wp-json\/wp\/v2\/media?parent=16284"}],"wp:term":[{"taxonomy":"product_brand","embeddable":true,"href":"https:\/\/tajkertesz.com\/en_US\/wp-json\/wp\/v2\/product_brand?post=16284"},{"taxonomy":"product_cat","embeddable":true,"href":"https:\/\/tajkertesz.com\/en_US\/wp-json\/wp\/v2\/product_cat?post=16284"},{"taxonomy":"product_tag","embeddable":true,"href":"https:\/\/tajkertesz.com\/en_US\/wp-json\/wp\/v2\/product_tag?post=16284"}],"curies":[{"name":"wp","href":"https:\/\/api.w.org\/{rel}","templated":true}]}}