{"id":16288,"date":"2023-08-07T10:38:50","date_gmt":"2023-08-07T10:38:50","guid":{"rendered":"https:\/\/tajkertesz.com\/?post_type=product&#038;p=16288"},"modified":"2026-02-25T08:33:35","modified_gmt":"2026-02-25T08:33:35","slug":"comfort-hegyes-aso-szurke","status":"publish","type":"product","link":"https:\/\/tajkertesz.com\/en_US\/product\/comfort-hegyes-aso-szurke\/","title":{"rendered":"Fiskars Comfort hegyes \u00e1s\u00f3, sz\u00fcrke"},"content":{"rendered":"<h2>Fiskars Comfort hegyes \u00e1s\u00f3, sz\u00fcrke<\/h2>\n<p>Comfort hegyes \u00e1s\u00f3, sz\u00fcrke<\/p>\n<p>A legjobb eszk\u00f6z kem\u00e9ny \u00e9s k\u00f6ves talajok \u00e1s\u00e1s\u00e1hoz.<br \/>\nKialak\u00edt\u00e1s\u00e1nak k\u00f6sz\u00f6nhet\u0151en k\u00f6nnyen hatol \u00e1t a k\u00fcl\u00f6nb\u00f6z\u0151 talajr\u00e9tegeken \u00e9s a gy\u00f6kereken<br \/>\nHajl\u00edtott nyel\u00e9nek \u00e9s markolat\u00e1nak k\u00f6sz\u00f6nhet\u0151en kisebb a h\u00e1t \u00e9s a csukl\u00f3 terhel\u00e9se<br \/>\nM\u0171anyag bor\u00edt\u00e1s\u00fa nyele seg\u00edt a megfelel\u0151 fog\u00e1sban \u00e9s n\u00f6veli a k\u00e9nyelem\u00e9rzetet<br \/>\nSzil\u00e1rds\u00e1g\u00e1t a b\u00f3rac\u00e9l anyag biztos\u00edtja.<\/p>\n<section id=\"custom-content-top\" class=\"custom-content custom-content--top custom-content--page_shop_art_984558\">\n<div class=\"custom-content__container container\">\n<div class=\"read-more is-processed\">\n<div class=\"read-more__content custom-content__content page_txt\">\n<p>Ha talajmunk\u00e1r\u00f3l van sz\u00f3, ne hagyja ki a feladatb\u00f3l a Fiskars \u00e1s\u00f3kat! Ak\u00e1r a talaj \u00e1tforgat\u00e1sa, szell\u0151ztet\u00e9se, \u00e1gy\u00e1sok szeg\u00e9lyez\u00e9se, \u00fcltet\u0151lyukak kialak\u00edt\u00e1sa, gyep sz\u00e9lez\u00e9se a c\u00e9l, ezekkel az eszk\u00f6z\u00f6kkel minden eddigin\u00e9l eredm\u00e9nyesebben \u00e9s gyorsabban dolgozhat.<\/p>\n<p>Felejtse el az \u00f3sdi, neh\u00e9z szersz\u00e1mokat, melyekt\u0151l megf\u00e1jdul a dereka, \u00e9s kisebesedik a tenyere, az innov\u00e1ci\u00f3 ugyanis m\u00e1r a kert\u00e9szked\u00e9sbe is bek\u00f6sz\u00f6nt\u00f6tt! Ezent\u00fal nem kell akkora er\u0151t kifejtenie egy kis darab f\u00f6ld elmozd\u00edt\u00e1s\u00e1hoz, ez\u00e1ltal a munka sokkal egyszer\u0171bb\u00e9 \u00e9s hat\u00e9konyabb\u00e1 v\u00e1lik. Kert\u00e9szkedjen vel\u00fcnk!<\/p>\n<p>El\u00e9rhet\u0151 t\u00f6bbf\u00e9le m\u00e9retben \u00e9s \u00e1rban.<\/p>\n<p><strong>K\u00e9szlet\u00fcnk napi szinten v\u00e1ltozik, ez\u00e9rt k\u00e9rj\u00fck, \u00e9rdekl\u0151dj\u00f6n szem\u00e9lyesen, telefonon vagy email-en.<br \/>\nA v\u00e1ltoztat\u00e1s jog\u00e1t fenntartjuk!\u00a0<\/strong><\/p>\n<p>&nbsp;<\/p>\n<p><a href=\"https:\/\/tajkertesz.com\/\">https:\/\/tajkertesz.com\/<\/a><\/p>\n<p><a href=\"https:\/\/www.facebook.com\/tajkertesz\/\">https:\/\/www.facebook.com\/tajkertesz\/<\/a><\/p>\n<p>Kisz\u00e1ll\u00edt\u00e1s: 200cm-ig \u00a0\u00e9s 40 kg-ig a sz\u00e1ll\u00edt\u00e1s fut\u00e1rszolg\u00e1lattal \u00a0t\u00f6rt\u00e9nik.<\/p>\n<p>Szem\u00e9lyes \u00e1tv\u00e9tel nyitvatart\u00e1si id\u0151ben a 17. ker\u00fclet Bakancsos utca 7. sz\u00e1m alatti Kert\u00e9szeti \u00e1rud\u00e1ban.<\/p>\n<\/div>\n<h6><span style=\"color: #ffffff;\">Ha talajmunk\u00e1r\u00f3l van sz\u00f3, ne hagyja ki a feladatb\u00f3l a Fiskars \u00e1s\u00f3kat! Ak\u00e1r a talaj \u00e1tforgat\u00e1sa, szell\u0151ztet\u00e9se, \u00e1gy\u00e1sok szeg\u00e9lyez\u00e9se, \u00fcltet\u0151lyukak kialak\u00edt\u00e1sa, gyep sz\u00e9lez\u00e9se a c\u00e9l, ezekkel az eszk\u00f6z\u00f6kkel minden eddigin\u00e9l eredm\u00e9nyesebben \u00e9s gyorsabban dolgozhat.<\/span><\/h6>\n<h6><span style=\"color: #ffffff;\">Felejtse el az \u00f3sdi, neh\u00e9z szersz\u00e1mokat, melyekt\u0151l megf\u00e1jdul a dereka, \u00e9s kisebesedik a tenyere, az innov\u00e1ci\u00f3 ugyanis m\u00e1r a kert\u00e9szked\u00e9sbe is bek\u00f6sz\u00f6nt\u00f6tt! Ezent\u00fal nem kell akkora er\u0151t kifejtenie egy kis darab f\u00f6ld elmozd\u00edt\u00e1s\u00e1hoz, ez\u00e1ltal a munka sokkal egyszer\u0171bb\u00e9 \u00e9s hat\u00e9konyabb\u00e1 v\u00e1lik. Kert\u00e9szkedjen vel\u00fcnk!\u00a0<\/span><\/h6>\n<h6><\/h6>\n<\/div>\n<\/div>\n<\/section>\n<div id=\"page_artlist_content\" class=\"page_content product-list-wrapper list-type--1\">\n<div class=\"paging-sorting-ordering paging-sorting-ordering--top\">\n<div class=\"container px-0 px-md-4\">\n<div class=\"paging-sorting-ordering__inner px-4 px-lg-5\">\n<div class=\"row gutters-10 align-items-center\">\n<div class=\"viewing-sorting--top order-md-3 col-auto d-flex align-items-center my-3 ml-auto\"><\/div>\n<\/div>\n<\/div>\n<\/div>\n<\/div>\n<\/div>","protected":false},"excerpt":{"rendered":"<h2>Fiskars Comfort hegyes \u00e1s\u00f3, sz\u00fcrke<\/h2>\n<p>A legjobb eszk\u00f6z kem\u00e9ny \u00e9s k\u00f6ves talajok \u00e1s\u00e1s\u00e1hoz.<\/p>\n<div id=\"bodyContent\" class=\"mw-body-content\">\n<div id=\"mw-content-text\" class=\"mw-content-ltr\" dir=\"ltr\" lang=\"hu\">\n<div id=\"bodyContent\" class=\"mw-body-content\">\n<div id=\"mw-content-text\" class=\"mw-content-ltr\" dir=\"ltr\" lang=\"hu\">\n<p><b>K\u00e9szlet\u00fcnk napi szinten v\u00e1ltozik, ez\u00e9rt k\u00e9rj\u00fck, \u00e9rdekl\u0151dj\u00f6n szem\u00e9lyesen, telefonon vagy email-en.<\/b><\/p>\n<p>Term\u00e9keinket szem\u00e9lyesen is \u00e1tveheti a h\u00e9t minden napj\u00e1n nyitvatart\u00e1si id\u0151ben!<\/p>\n<p>Kisz\u00e1ll\u00edt\u00e1s: 200 cm \u00e9s 40 kg is a sz\u00e1ll\u00edt\u00e1s fut\u00e1rszolg\u00e1lattal t\u00f6rt\u00e9nik.<\/p>\n<\/div>\n<\/div>\n<\/div>\n<\/div>\n<p><b>A v\u00e1ltoztat\u00e1s jog\u00e1t fenntartjuk!\u00a0<\/b><\/p>\n<p>&nbsp;<\/p>","protected":false},"featured_media":16294,"template":"","meta":{"_et_pb_use_builder":"","_et_pb_old_content":"","_et_gb_content_width":""},"product_brand":[],"product_cat":[4637],"product_tag":[1016,4643,116,4644,4472,4645],"class_list":{"0":"post-16288","1":"product","2":"type-product","3":"status-publish","4":"has-post-thumbnail","6":"product_cat-fiskars-aso-kapa-villa-gereblye","7":"product_tag-aso","8":"product_tag-ergonomic","9":"product_tag-fiskars","10":"product_tag-hegyesaso","11":"product_tag-kert","12":"product_tag-talajforgatas","14":"first","15":"instock","16":"shipping-taxable","17":"purchasable","18":"product-type-simple"},"yoast_head":"<!-- This site is optimized with the Yoast SEO plugin v27.4 - https:\/\/yoast.com\/product\/yoast-seo-wordpress\/ -->\n<title>Fiskars Comfort hegyes \u00e1s\u00f3, sz\u00fcrke - T\u00e1jkert\u00e9sz<\/title>\n<meta name=\"description\" content=\"Comfort hegyes \u00e1s\u00f3, sz\u00fcrke A legjobb eszk\u00f6z kem\u00e9ny \u00e9s k\u00f6ves talajok \u00e1s\u00e1s\u00e1hoz. Kialak\u00edt\u00e1s\u00e1nak k\u00f6sz\u00f6nhet\u0151en k\u00f6nnyen hatol \u00f3ta k\u00fcl\u00f6nb\u00f6z\u0151 talaj\" \/>\n<meta name=\"robots\" content=\"index, follow, max-snippet:-1, max-image-preview:large, max-video-preview:-1\" \/>\n<link rel=\"canonical\" href=\"https:\/\/tajkertesz.com\/en_US\/product\/comfort-hegyes-aso-szurke\/\" \/>\n<meta property=\"og:locale\" content=\"en_US\" \/>\n<meta property=\"og:type\" content=\"article\" \/>\n<meta property=\"og:title\" content=\"Fiskars Comfort hegyes \u00e1s\u00f3, sz\u00fcrke - T\u00e1jkert\u00e9sz\" \/>\n<meta property=\"og:description\" content=\"Comfort hegyes \u00e1s\u00f3, sz\u00fcrke A legjobb eszk\u00f6z kem\u00e9ny \u00e9s k\u00f6ves talajok \u00e1s\u00e1s\u00e1hoz. Kialak\u00edt\u00e1s\u00e1nak k\u00f6sz\u00f6nhet\u0151en k\u00f6nnyen hatol \u00f3ta k\u00fcl\u00f6nb\u00f6z\u0151 talaj\" \/>\n<meta property=\"og:url\" content=\"https:\/\/tajkertesz.com\/en_US\/product\/comfort-hegyes-aso-szurke\/\" \/>\n<meta property=\"og:site_name\" content=\"T\u00e1jkert\u00e9sz\" \/>\n<meta property=\"article:publisher\" content=\"https:\/\/www.facebook.com\/Tajkertesz\/\" \/>\n<meta property=\"article:modified_time\" content=\"2026-02-25T08:33:35+00:00\" \/>\n<meta property=\"og:image\" content=\"https:\/\/tajkertesz.com\/wp-content\/uploads\/2023\/08\/131008.webp\" \/>\n\t<meta property=\"og:image:width\" content=\"1000\" \/>\n\t<meta property=\"og:image:height\" content=\"1000\" \/>\n\t<meta property=\"og:image:type\" content=\"image\/webp\" \/>\n<meta name=\"twitter:card\" content=\"summary_large_image\" \/>\n<meta name=\"twitter:label1\" content=\"Est. reading time\" \/>\n\t<meta name=\"twitter:data1\" content=\"2 minutes\" \/>\n<script type=\"application\/ld+json\" class=\"yoast-schema-graph\">{\"@context\":\"https:\\\/\\\/schema.org\",\"@graph\":[{\"@type\":\"WebPage\",\"@id\":\"https:\\\/\\\/tajkertesz.com\\\/termek\\\/comfort-hegyes-aso-szurke\\\/\",\"url\":\"https:\\\/\\\/tajkertesz.com\\\/termek\\\/comfort-hegyes-aso-szurke\\\/\",\"name\":\"Fiskars Comfort hegyes \u00e1s\u00f3, sz\u00fcrke - T\u00e1jkert\u00e9sz\",\"isPartOf\":{\"@id\":\"https:\\\/\\\/tajkertesz.com\\\/#website\"},\"primaryImageOfPage\":{\"@id\":\"https:\\\/\\\/tajkertesz.com\\\/termek\\\/comfort-hegyes-aso-szurke\\\/#primaryimage\"},\"image\":{\"@id\":\"https:\\\/\\\/tajkertesz.com\\\/termek\\\/comfort-hegyes-aso-szurke\\\/#primaryimage\"},\"thumbnailUrl\":\"https:\\\/\\\/tajkertesz.com\\\/wp-content\\\/uploads\\\/2023\\\/08\\\/131008.webp\",\"datePublished\":\"2023-08-07T10:38:50+00:00\",\"dateModified\":\"2026-02-25T08:33:35+00:00\",\"description\":\"Comfort hegyes \u00e1s\u00f3, sz\u00fcrke A legjobb eszk\u00f6z kem\u00e9ny \u00e9s k\u00f6ves talajok \u00e1s\u00e1s\u00e1hoz. Kialak\u00edt\u00e1s\u00e1nak k\u00f6sz\u00f6nhet\u0151en k\u00f6nnyen hatol \u00f3ta k\u00fcl\u00f6nb\u00f6z\u0151 talaj\",\"breadcrumb\":{\"@id\":\"https:\\\/\\\/tajkertesz.com\\\/termek\\\/comfort-hegyes-aso-szurke\\\/#breadcrumb\"},\"inLanguage\":\"en-US\",\"potentialAction\":[{\"@type\":\"ReadAction\",\"target\":[\"https:\\\/\\\/tajkertesz.com\\\/termek\\\/comfort-hegyes-aso-szurke\\\/\"]}]},{\"@type\":\"ImageObject\",\"inLanguage\":\"en-US\",\"@id\":\"https:\\\/\\\/tajkertesz.com\\\/termek\\\/comfort-hegyes-aso-szurke\\\/#primaryimage\",\"url\":\"https:\\\/\\\/tajkertesz.com\\\/wp-content\\\/uploads\\\/2023\\\/08\\\/131008.webp\",\"contentUrl\":\"https:\\\/\\\/tajkertesz.com\\\/wp-content\\\/uploads\\\/2023\\\/08\\\/131008.webp\",\"width\":1000,\"height\":1000},{\"@type\":\"BreadcrumbList\",\"@id\":\"https:\\\/\\\/tajkertesz.com\\\/termek\\\/comfort-hegyes-aso-szurke\\\/#breadcrumb\",\"itemListElement\":[{\"@type\":\"ListItem\",\"position\":1,\"name\":\"Home\",\"item\":\"https:\\\/\\\/tajkertesz.com\\\/\"},{\"@type\":\"ListItem\",\"position\":2,\"name\":\"Kezd\u0151lap\",\"item\":\"https:\\\/\\\/tajkertesz.com\\\/\"},{\"@type\":\"ListItem\",\"position\":3,\"name\":\"Fiskars Comfort hegyes \u00e1s\u00f3, sz\u00fcrke\"}]},{\"@type\":\"WebSite\",\"@id\":\"https:\\\/\\\/tajkertesz.com\\\/#website\",\"url\":\"https:\\\/\\\/tajkertesz.com\\\/\",\"name\":\"T\u00e1j-Kert\u00e9sz 84 Kft.\",\"description\":\"Kert\u00e9szeti kis- \u00e9s nagykeresked\u00e9s, D\u00edszn\u00f6v\u00e9ny web\u00e1ruh\u00e1z orsz\u00e1gos h\u00e1zhozsz\u00e1ll\u00edt\u00e1ssal!\",\"publisher\":{\"@id\":\"https:\\\/\\\/tajkertesz.com\\\/#organization\"},\"potentialAction\":[{\"@type\":\"SearchAction\",\"target\":{\"@type\":\"EntryPoint\",\"urlTemplate\":\"https:\\\/\\\/tajkertesz.com\\\/?s={search_term_string}\"},\"query-input\":{\"@type\":\"PropertyValueSpecification\",\"valueRequired\":true,\"valueName\":\"search_term_string\"}}],\"inLanguage\":\"en-US\"},{\"@type\":\"Organization\",\"@id\":\"https:\\\/\\\/tajkertesz.com\\\/#organization\",\"name\":\"T\u00e1j-Kert\u00e9sz 84 Kft.\",\"url\":\"https:\\\/\\\/tajkertesz.com\\\/\",\"logo\":{\"@type\":\"ImageObject\",\"inLanguage\":\"en-US\",\"@id\":\"https:\\\/\\\/tajkertesz.com\\\/#\\\/schema\\\/logo\\\/image\\\/\",\"url\":\"https:\\\/\\\/tajkertesz.com\\\/wp-content\\\/uploads\\\/2018\\\/02\\\/logo-2-e1518678052539.png\",\"contentUrl\":\"https:\\\/\\\/tajkertesz.com\\\/wp-content\\\/uploads\\\/2018\\\/02\\\/logo-2-e1518678052539.png\",\"width\":81,\"height\":140,\"caption\":\"T\u00e1j-Kert\u00e9sz 84 Kft.\"},\"image\":{\"@id\":\"https:\\\/\\\/tajkertesz.com\\\/#\\\/schema\\\/logo\\\/image\\\/\"},\"sameAs\":[\"https:\\\/\\\/www.facebook.com\\\/Tajkertesz\\\/\"]}]}<\/script>\n<!-- \/ Yoast SEO plugin. -->","yoast_head_json":{"title":"Fiskars Comfort hegyes \u00e1s\u00f3, sz\u00fcrke - T\u00e1jkert\u00e9sz","description":"Comfort hegyes \u00e1s\u00f3, sz\u00fcrke A legjobb eszk\u00f6z kem\u00e9ny \u00e9s k\u00f6ves talajok \u00e1s\u00e1s\u00e1hoz. Kialak\u00edt\u00e1s\u00e1nak k\u00f6sz\u00f6nhet\u0151en k\u00f6nnyen hatol \u00f3ta k\u00fcl\u00f6nb\u00f6z\u0151 talaj","robots":{"index":"index","follow":"follow","max-snippet":"max-snippet:-1","max-image-preview":"max-image-preview:large","max-video-preview":"max-video-preview:-1"},"canonical":"https:\/\/tajkertesz.com\/en_US\/product\/comfort-hegyes-aso-szurke\/","og_locale":"en_US","og_type":"article","og_title":"Fiskars Comfort hegyes \u00e1s\u00f3, sz\u00fcrke - T\u00e1jkert\u00e9sz","og_description":"Comfort hegyes \u00e1s\u00f3, sz\u00fcrke A legjobb eszk\u00f6z kem\u00e9ny \u00e9s k\u00f6ves talajok \u00e1s\u00e1s\u00e1hoz. Kialak\u00edt\u00e1s\u00e1nak k\u00f6sz\u00f6nhet\u0151en k\u00f6nnyen hatol \u00f3ta k\u00fcl\u00f6nb\u00f6z\u0151 talaj","og_url":"https:\/\/tajkertesz.com\/en_US\/product\/comfort-hegyes-aso-szurke\/","og_site_name":"T\u00e1jkert\u00e9sz","article_publisher":"https:\/\/www.facebook.com\/Tajkertesz\/","article_modified_time":"2026-02-25T08:33:35+00:00","og_image":[{"width":1000,"height":1000,"url":"https:\/\/tajkertesz.com\/wp-content\/uploads\/2023\/08\/131008.webp","type":"image\/webp"}],"twitter_card":"summary_large_image","twitter_misc":{"Est. reading time":"2 minutes"},"schema":{"@context":"https:\/\/schema.org","@graph":[{"@type":"WebPage","@id":"https:\/\/tajkertesz.com\/termek\/comfort-hegyes-aso-szurke\/","url":"https:\/\/tajkertesz.com\/termek\/comfort-hegyes-aso-szurke\/","name":"Fiskars Comfort hegyes \u00e1s\u00f3, sz\u00fcrke - T\u00e1jkert\u00e9sz","isPartOf":{"@id":"https:\/\/tajkertesz.com\/#website"},"primaryImageOfPage":{"@id":"https:\/\/tajkertesz.com\/termek\/comfort-hegyes-aso-szurke\/#primaryimage"},"image":{"@id":"https:\/\/tajkertesz.com\/termek\/comfort-hegyes-aso-szurke\/#primaryimage"},"thumbnailUrl":"https:\/\/tajkertesz.com\/wp-content\/uploads\/2023\/08\/131008.webp","datePublished":"2023-08-07T10:38:50+00:00","dateModified":"2026-02-25T08:33:35+00:00","description":"Comfort hegyes \u00e1s\u00f3, sz\u00fcrke A legjobb eszk\u00f6z kem\u00e9ny \u00e9s k\u00f6ves talajok \u00e1s\u00e1s\u00e1hoz. Kialak\u00edt\u00e1s\u00e1nak k\u00f6sz\u00f6nhet\u0151en k\u00f6nnyen hatol \u00f3ta k\u00fcl\u00f6nb\u00f6z\u0151 talaj","breadcrumb":{"@id":"https:\/\/tajkertesz.com\/termek\/comfort-hegyes-aso-szurke\/#breadcrumb"},"inLanguage":"en-US","potentialAction":[{"@type":"ReadAction","target":["https:\/\/tajkertesz.com\/termek\/comfort-hegyes-aso-szurke\/"]}]},{"@type":"ImageObject","inLanguage":"en-US","@id":"https:\/\/tajkertesz.com\/termek\/comfort-hegyes-aso-szurke\/#primaryimage","url":"https:\/\/tajkertesz.com\/wp-content\/uploads\/2023\/08\/131008.webp","contentUrl":"https:\/\/tajkertesz.com\/wp-content\/uploads\/2023\/08\/131008.webp","width":1000,"height":1000},{"@type":"BreadcrumbList","@id":"https:\/\/tajkertesz.com\/termek\/comfort-hegyes-aso-szurke\/#breadcrumb","itemListElement":[{"@type":"ListItem","position":1,"name":"Home","item":"https:\/\/tajkertesz.com\/"},{"@type":"ListItem","position":2,"name":"Kezd\u0151lap","item":"https:\/\/tajkertesz.com\/"},{"@type":"ListItem","position":3,"name":"Fiskars Comfort hegyes \u00e1s\u00f3, sz\u00fcrke"}]},{"@type":"WebSite","@id":"https:\/\/tajkertesz.com\/#website","url":"https:\/\/tajkertesz.com\/","name":"T\u00e1j-Kert\u00e9sz 84 Kft.","description":"Kert\u00e9szeti kis- \u00e9s nagykeresked\u00e9s, D\u00edszn\u00f6v\u00e9ny web\u00e1ruh\u00e1z orsz\u00e1gos h\u00e1zhozsz\u00e1ll\u00edt\u00e1ssal!","publisher":{"@id":"https:\/\/tajkertesz.com\/#organization"},"potentialAction":[{"@type":"SearchAction","target":{"@type":"EntryPoint","urlTemplate":"https:\/\/tajkertesz.com\/?s={search_term_string}"},"query-input":{"@type":"PropertyValueSpecification","valueRequired":true,"valueName":"search_term_string"}}],"inLanguage":"en-US"},{"@type":"Organization","@id":"https:\/\/tajkertesz.com\/#organization","name":"T\u00e1j-Kert\u00e9sz 84 Kft.","url":"https:\/\/tajkertesz.com\/","logo":{"@type":"ImageObject","inLanguage":"en-US","@id":"https:\/\/tajkertesz.com\/#\/schema\/logo\/image\/","url":"https:\/\/tajkertesz.com\/wp-content\/uploads\/2018\/02\/logo-2-e1518678052539.png","contentUrl":"https:\/\/tajkertesz.com\/wp-content\/uploads\/2018\/02\/logo-2-e1518678052539.png","width":81,"height":140,"caption":"T\u00e1j-Kert\u00e9sz 84 Kft."},"image":{"@id":"https:\/\/tajkertesz.com\/#\/schema\/logo\/image\/"},"sameAs":["https:\/\/www.facebook.com\/Tajkertesz\/"]}]}},"_links":{"self":[{"href":"https:\/\/tajkertesz.com\/en_US\/wp-json\/wp\/v2\/product\/16288","targetHints":{"allow":["GET"]}}],"collection":[{"href":"https:\/\/tajkertesz.com\/en_US\/wp-json\/wp\/v2\/product"}],"about":[{"href":"https:\/\/tajkertesz.com\/en_US\/wp-json\/wp\/v2\/types\/product"}],"wp:featuredmedia":[{"embeddable":true,"href":"https:\/\/tajkertesz.com\/en_US\/wp-json\/wp\/v2\/media\/16294"}],"wp:attachment":[{"href":"https:\/\/tajkertesz.com\/en_US\/wp-json\/wp\/v2\/media?parent=16288"}],"wp:term":[{"taxonomy":"product_brand","embeddable":true,"href":"https:\/\/tajkertesz.com\/en_US\/wp-json\/wp\/v2\/product_brand?post=16288"},{"taxonomy":"product_cat","embeddable":true,"href":"https:\/\/tajkertesz.com\/en_US\/wp-json\/wp\/v2\/product_cat?post=16288"},{"taxonomy":"product_tag","embeddable":true,"href":"https:\/\/tajkertesz.com\/en_US\/wp-json\/wp\/v2\/product_tag?post=16288"}],"curies":[{"name":"wp","href":"https:\/\/api.w.org\/{rel}","templated":true}]}}