{"id":16312,"date":"2023-08-07T14:26:50","date_gmt":"2023-08-07T14:26:50","guid":{"rendered":"https:\/\/tajkertesz.com\/?post_type=product&#038;p=16312"},"modified":"2026-02-13T09:39:12","modified_gmt":"2026-02-13T09:39:12","slug":"fiskars-comfort-locsolopisztoly-allithato-markolatvezerlesu","status":"publish","type":"product","link":"https:\/\/tajkertesz.com\/en_US\/product\/fiskars-comfort-locsolopisztoly-allithato-markolatvezerlesu\/","title":{"rendered":"Fiskars Comfort locsol\u00f3pisztoly, \u00e1ll\u00edthat\u00f3, markolatvez\u00e9rl\u00e9s\u0171"},"content":{"rendered":"<h2>Fiskars Comfort locsol\u00f3pisztoly, \u00e1ll\u00edthat\u00f3, markolatvez\u00e9rl\u00e9s\u0171<\/h2>\n<p>Fiskars Comfort locsol\u00f3pisztoly, \u00e1ll\u00edthat\u00f3, markolatvez\u00e9rl\u00e9s\u0171<\/p>\n<p>Finoman \u00e1ll\u00edthat\u00f3 locsol\u00e1si mint\u00e1zat. Csavarja el a sz\u00f3r\u00f3fejet az \u00f6bl\u00edt\u0151 vagy er\u0151s sug\u00e1r mint\u00e1zat kiv\u00e1laszt\u00e1s\u00e1hoz. Ergonomikus \u00e9s fokozatmentesen szab\u00e1lyozhat\u00f3. Ellen\u00e1ll a fagynak \u00e9s alacsony h\u0151m\u00e9rs\u00e9kleten melegebb marad, mint a f\u00e9m \u00f6nt\u00f6z\u0151fejek. Univerz\u00e1lis csatlakoz\u00f3 &#8211; M\u00e1s m\u00e1rk\u00e1kkal kompatibilis.<\/p>\n<div class=\"ezxmltext-field\">\n<p>Tart\u00f3s \u00f6nt\u00f6z\u0151eszk\u00f6z\u00f6ket keres, amelyek ki\u00e1llj\u00e1k az id\u0151 pr\u00f3b\u00e1j\u00e1t? Mi ilyet k\u00edn\u00e1lunk. Olvassa el \u00e9s megtudja, hogyan v\u00e1laszthatja ki az optim\u00e1lis \u00f6nt\u00f6z\u00e9si mint\u00e1t, \u00f6nt\u00f6z\u0151fejet \u00e9s \u00f6nt\u00f6z\u0151rudat az egyes feladatokhoz, a vir\u00e1g\u00e1gy\u00e1sok locsol\u00e1s\u00e1t\u00f3l a terasz tiszt\u00edt\u00e1s\u00e1ig.<\/p>\n<\/div>\n<p>Mivel a kert \u00f6nt\u00f6z\u00e9se gyakran id\u0151ig\u00e9nyes, a k\u00e9nyelmet sem szabad lebecs\u00fclni. Az ergonomikus \u00f6nt\u00f6z\u0151fejek \u00e9s locsol\u00f3pisztolyok \u00e1tv\u00e1llalj\u00e1k a munk\u00e1t az \u00f6nt\u00f6z\u00e9sn\u00e9l, \u00edgy mindig el\u00e9g csak az adott feladatra koncentr\u00e1lnia.<\/p>\n<p>El\u00e9rhet\u0151 t\u00f6bbf\u00e9le m\u00e9retben \u00e9s \u00e1rban.<\/p>\n<p><strong>K\u00e9szlet\u00fcnk napi szinten v\u00e1ltozik, ez\u00e9rt k\u00e9rj\u00fck, \u00e9rdekl\u0151dj\u00f6n szem\u00e9lyesen, telefonon vagy email-en.<br \/>\nA v\u00e1ltoztat\u00e1s jog\u00e1t fenntartjuk!\u00a0<\/strong><\/p>\n<p>&nbsp;<\/p>\n<p><a href=\"https:\/\/tajkertesz.com\/\">https:\/\/tajkertesz.com\/<\/a><\/p>\n<p><a href=\"https:\/\/www.facebook.com\/tajkertesz\/\">https:\/\/www.facebook.com\/tajkertesz\/<\/a><\/p>\n<p>Kisz\u00e1ll\u00edt\u00e1s: 200cm-ig \u00a0\u00e9s 40 kg-ig a sz\u00e1ll\u00edt\u00e1s fut\u00e1rszolg\u00e1lattal \u00a0t\u00f6rt\u00e9nik.<\/p>\n<p>Szem\u00e9lyes \u00e1tv\u00e9tel nyitvatart\u00e1si id\u0151ben a 17. ker\u00fclet Bakancsos utca 7. sz\u00e1m alatti Kert\u00e9szeti \u00e1rud\u00e1ban.<\/p>\n<div class=\"ezxmltext-field\"><span style=\"color: #ffffff;\">Tart\u00f3s \u00f6nt\u00f6z\u0151eszk\u00f6z\u00f6ket keres, amelyek ki\u00e1llj\u00e1k az id\u0151 pr\u00f3b\u00e1j\u00e1t? Mi ilyet k\u00edn\u00e1lunk. Olvassa el \u00e9s megtudja, hogyan v\u00e1laszthatja ki az optim\u00e1lis \u00f6nt\u00f6z\u00e9si mint\u00e1t, \u00f6nt\u00f6z\u0151fejet \u00e9s \u00f6nt\u00f6z\u0151rudat az egyes feladatokhoz, a vir\u00e1g\u00e1gy\u00e1sok locsol\u00e1s\u00e1t\u00f3l a terasz tiszt\u00edt\u00e1s\u00e1ig.<\/span><\/div>\n<p><span style=\"color: #ffffff;\">Mivel a kert \u00f6nt\u00f6z\u00e9se gyakran id\u0151ig\u00e9nyes, a k\u00e9nyelmet sem szabad lebecs\u00fclni. Az ergonomikus \u00f6nt\u00f6z\u0151fejek \u00e9s locsol\u00f3pisztolyok \u00e1tv\u00e1llalj\u00e1k a munk\u00e1t az \u00f6nt\u00f6z\u00e9sn\u00e9l, \u00edgy mindig el\u00e9g csak az adott feladatra koncentr\u00e1lnia.<\/span><\/p>","protected":false},"excerpt":{"rendered":"<h2>Fiskars Comfort locsol\u00f3pisztoly, \u00e1ll\u00edthat\u00f3, markolatvez\u00e9rl\u00e9s\u0171<\/h2>\n<div id=\"bodyContent\" class=\"mw-body-content\">\n<div id=\"mw-content-text\" class=\"mw-content-ltr\" dir=\"ltr\" lang=\"hu\">\n<div id=\"bodyContent\" class=\"mw-body-content\">\n<div id=\"mw-content-text\" class=\"mw-content-ltr\" dir=\"ltr\" lang=\"hu\">\n<p><b>K\u00e9szlet\u00fcnk napi szinten v\u00e1ltozik, ez\u00e9rt k\u00e9rj\u00fck, \u00e9rdekl\u0151dj\u00f6n szem\u00e9lyesen, telefonon vagy email-en.<\/b><\/p>\n<p>Term\u00e9keinket szem\u00e9lyesen is \u00e1tveheti a h\u00e9t minden napj\u00e1n nyitvatart\u00e1si id\u0151ben!<\/p>\n<p>Kisz\u00e1ll\u00edt\u00e1s: 200 cm \u00e9s 40 kg is a sz\u00e1ll\u00edt\u00e1s fut\u00e1rszolg\u00e1lattal t\u00f6rt\u00e9nik.<\/p>\n<\/div>\n<\/div>\n<\/div>\n<\/div>\n<p><b>A v\u00e1ltoztat\u00e1s jog\u00e1t fenntartjuk!\u00a0<\/b><\/p>\n<p>&nbsp;<\/p>","protected":false},"featured_media":16314,"template":"","meta":{"_et_pb_use_builder":"","_et_pb_old_content":"","_et_gb_content_width":""},"product_brand":[],"product_cat":[4726,1520],"product_tag":[116,4727,4728],"class_list":{"0":"post-16312","1":"product","2":"type-product","3":"status-publish","4":"has-post-thumbnail","6":"product_cat-fiskars-ontozestechnika","7":"product_cat-fiskars-termekek","8":"product_tag-fiskars","9":"product_tag-locsolas","10":"product_tag-ontozes","12":"first","13":"instock","14":"shipping-taxable","15":"purchasable","16":"product-type-simple"},"yoast_head":"<!-- This site is optimized with the Yoast SEO plugin v27.4 - https:\/\/yoast.com\/product\/yoast-seo-wordpress\/ -->\n<title>Fiskars Comfort locsol\u00f3pisztoly, \u00e1ll\u00edthat\u00f3, markolatvez\u00e9rl\u00e9s\u0171 - T\u00e1jkert\u00e9sz<\/title>\n<meta name=\"description\" content=\"Fiskars Comfort locsol\u00f3pisztoly, \u00e1ll\u00edthat\u00f3, markolatvez\u00e9rl\u00e9s\u0171. Ellen\u00e1ll a fagynak \u00e9s alacsony h\u0151m\u00e9rs\u00e9kleten melegebb marad, mint a f\u00e9m \u00f6nt\u00f6z\u0151fejek.\" \/>\n<meta name=\"robots\" content=\"index, follow, max-snippet:-1, max-image-preview:large, max-video-preview:-1\" \/>\n<link rel=\"canonical\" href=\"https:\/\/tajkertesz.com\/en_US\/product\/fiskars-comfort-locsolopisztoly-allithato-markolatvezerlesu\/\" \/>\n<meta property=\"og:locale\" content=\"en_US\" \/>\n<meta property=\"og:type\" content=\"article\" \/>\n<meta property=\"og:title\" content=\"Fiskars Comfort locsol\u00f3pisztoly, \u00e1ll\u00edthat\u00f3, markolatvez\u00e9rl\u00e9s\u0171 - T\u00e1jkert\u00e9sz\" \/>\n<meta property=\"og:description\" content=\"Fiskars Comfort locsol\u00f3pisztoly, \u00e1ll\u00edthat\u00f3, markolatvez\u00e9rl\u00e9s\u0171. Ellen\u00e1ll a fagynak \u00e9s alacsony h\u0151m\u00e9rs\u00e9kleten melegebb marad, mint a f\u00e9m \u00f6nt\u00f6z\u0151fejek.\" \/>\n<meta property=\"og:url\" content=\"https:\/\/tajkertesz.com\/en_US\/product\/fiskars-comfort-locsolopisztoly-allithato-markolatvezerlesu\/\" \/>\n<meta property=\"og:site_name\" content=\"T\u00e1jkert\u00e9sz\" \/>\n<meta property=\"article:publisher\" content=\"https:\/\/www.facebook.com\/Tajkertesz\/\" \/>\n<meta property=\"article:modified_time\" content=\"2026-02-13T09:39:12+00:00\" \/>\n<meta property=\"og:image\" content=\"https:\/\/tajkertesz.com\/wp-content\/uploads\/2023\/08\/1065484.jpg\" \/>\n\t<meta property=\"og:image:width\" content=\"1000\" \/>\n\t<meta property=\"og:image:height\" content=\"1000\" \/>\n\t<meta property=\"og:image:type\" content=\"image\/jpeg\" \/>\n<meta name=\"twitter:card\" content=\"summary_large_image\" \/>\n<meta name=\"twitter:label1\" content=\"Est. reading time\" \/>\n\t<meta name=\"twitter:data1\" content=\"2 minutes\" \/>\n<script type=\"application\/ld+json\" class=\"yoast-schema-graph\">{\"@context\":\"https:\\\/\\\/schema.org\",\"@graph\":[{\"@type\":\"WebPage\",\"@id\":\"https:\\\/\\\/tajkertesz.com\\\/termek\\\/fiskars-comfort-locsolopisztoly-allithato-markolatvezerlesu\\\/\",\"url\":\"https:\\\/\\\/tajkertesz.com\\\/termek\\\/fiskars-comfort-locsolopisztoly-allithato-markolatvezerlesu\\\/\",\"name\":\"Fiskars Comfort locsol\u00f3pisztoly, \u00e1ll\u00edthat\u00f3, markolatvez\u00e9rl\u00e9s\u0171 - T\u00e1jkert\u00e9sz\",\"isPartOf\":{\"@id\":\"https:\\\/\\\/tajkertesz.com\\\/#website\"},\"primaryImageOfPage\":{\"@id\":\"https:\\\/\\\/tajkertesz.com\\\/termek\\\/fiskars-comfort-locsolopisztoly-allithato-markolatvezerlesu\\\/#primaryimage\"},\"image\":{\"@id\":\"https:\\\/\\\/tajkertesz.com\\\/termek\\\/fiskars-comfort-locsolopisztoly-allithato-markolatvezerlesu\\\/#primaryimage\"},\"thumbnailUrl\":\"https:\\\/\\\/tajkertesz.com\\\/wp-content\\\/uploads\\\/2023\\\/08\\\/1065484.jpg\",\"datePublished\":\"2023-08-07T14:26:50+00:00\",\"dateModified\":\"2026-02-13T09:39:12+00:00\",\"description\":\"Fiskars Comfort locsol\u00f3pisztoly, \u00e1ll\u00edthat\u00f3, markolatvez\u00e9rl\u00e9s\u0171. Ellen\u00e1ll a fagynak \u00e9s alacsony h\u0151m\u00e9rs\u00e9kleten melegebb marad, mint a f\u00e9m \u00f6nt\u00f6z\u0151fejek.\",\"breadcrumb\":{\"@id\":\"https:\\\/\\\/tajkertesz.com\\\/termek\\\/fiskars-comfort-locsolopisztoly-allithato-markolatvezerlesu\\\/#breadcrumb\"},\"inLanguage\":\"en-US\",\"potentialAction\":[{\"@type\":\"ReadAction\",\"target\":[\"https:\\\/\\\/tajkertesz.com\\\/termek\\\/fiskars-comfort-locsolopisztoly-allithato-markolatvezerlesu\\\/\"]}]},{\"@type\":\"ImageObject\",\"inLanguage\":\"en-US\",\"@id\":\"https:\\\/\\\/tajkertesz.com\\\/termek\\\/fiskars-comfort-locsolopisztoly-allithato-markolatvezerlesu\\\/#primaryimage\",\"url\":\"https:\\\/\\\/tajkertesz.com\\\/wp-content\\\/uploads\\\/2023\\\/08\\\/1065484.jpg\",\"contentUrl\":\"https:\\\/\\\/tajkertesz.com\\\/wp-content\\\/uploads\\\/2023\\\/08\\\/1065484.jpg\",\"width\":1000,\"height\":1000},{\"@type\":\"BreadcrumbList\",\"@id\":\"https:\\\/\\\/tajkertesz.com\\\/termek\\\/fiskars-comfort-locsolopisztoly-allithato-markolatvezerlesu\\\/#breadcrumb\",\"itemListElement\":[{\"@type\":\"ListItem\",\"position\":1,\"name\":\"Home\",\"item\":\"https:\\\/\\\/tajkertesz.com\\\/\"},{\"@type\":\"ListItem\",\"position\":2,\"name\":\"Kezd\u0151lap\",\"item\":\"https:\\\/\\\/tajkertesz.com\\\/\"},{\"@type\":\"ListItem\",\"position\":3,\"name\":\"Fiskars Comfort locsol\u00f3pisztoly, \u00e1ll\u00edthat\u00f3, markolatvez\u00e9rl\u00e9s\u0171\"}]},{\"@type\":\"WebSite\",\"@id\":\"https:\\\/\\\/tajkertesz.com\\\/#website\",\"url\":\"https:\\\/\\\/tajkertesz.com\\\/\",\"name\":\"T\u00e1j-Kert\u00e9sz 84 Kft.\",\"description\":\"Kert\u00e9szeti kis- \u00e9s nagykeresked\u00e9s, D\u00edszn\u00f6v\u00e9ny web\u00e1ruh\u00e1z orsz\u00e1gos h\u00e1zhozsz\u00e1ll\u00edt\u00e1ssal!\",\"publisher\":{\"@id\":\"https:\\\/\\\/tajkertesz.com\\\/#organization\"},\"potentialAction\":[{\"@type\":\"SearchAction\",\"target\":{\"@type\":\"EntryPoint\",\"urlTemplate\":\"https:\\\/\\\/tajkertesz.com\\\/?s={search_term_string}\"},\"query-input\":{\"@type\":\"PropertyValueSpecification\",\"valueRequired\":true,\"valueName\":\"search_term_string\"}}],\"inLanguage\":\"en-US\"},{\"@type\":\"Organization\",\"@id\":\"https:\\\/\\\/tajkertesz.com\\\/#organization\",\"name\":\"T\u00e1j-Kert\u00e9sz 84 Kft.\",\"url\":\"https:\\\/\\\/tajkertesz.com\\\/\",\"logo\":{\"@type\":\"ImageObject\",\"inLanguage\":\"en-US\",\"@id\":\"https:\\\/\\\/tajkertesz.com\\\/#\\\/schema\\\/logo\\\/image\\\/\",\"url\":\"https:\\\/\\\/tajkertesz.com\\\/wp-content\\\/uploads\\\/2018\\\/02\\\/logo-2-e1518678052539.png\",\"contentUrl\":\"https:\\\/\\\/tajkertesz.com\\\/wp-content\\\/uploads\\\/2018\\\/02\\\/logo-2-e1518678052539.png\",\"width\":81,\"height\":140,\"caption\":\"T\u00e1j-Kert\u00e9sz 84 Kft.\"},\"image\":{\"@id\":\"https:\\\/\\\/tajkertesz.com\\\/#\\\/schema\\\/logo\\\/image\\\/\"},\"sameAs\":[\"https:\\\/\\\/www.facebook.com\\\/Tajkertesz\\\/\"]}]}<\/script>\n<!-- \/ Yoast SEO plugin. -->","yoast_head_json":{"title":"Fiskars Comfort locsol\u00f3pisztoly, \u00e1ll\u00edthat\u00f3, markolatvez\u00e9rl\u00e9s\u0171 - T\u00e1jkert\u00e9sz","description":"Fiskars Comfort locsol\u00f3pisztoly, \u00e1ll\u00edthat\u00f3, markolatvez\u00e9rl\u00e9s\u0171. Ellen\u00e1ll a fagynak \u00e9s alacsony h\u0151m\u00e9rs\u00e9kleten melegebb marad, mint a f\u00e9m \u00f6nt\u00f6z\u0151fejek.","robots":{"index":"index","follow":"follow","max-snippet":"max-snippet:-1","max-image-preview":"max-image-preview:large","max-video-preview":"max-video-preview:-1"},"canonical":"https:\/\/tajkertesz.com\/en_US\/product\/fiskars-comfort-locsolopisztoly-allithato-markolatvezerlesu\/","og_locale":"en_US","og_type":"article","og_title":"Fiskars Comfort locsol\u00f3pisztoly, \u00e1ll\u00edthat\u00f3, markolatvez\u00e9rl\u00e9s\u0171 - T\u00e1jkert\u00e9sz","og_description":"Fiskars Comfort locsol\u00f3pisztoly, \u00e1ll\u00edthat\u00f3, markolatvez\u00e9rl\u00e9s\u0171. Ellen\u00e1ll a fagynak \u00e9s alacsony h\u0151m\u00e9rs\u00e9kleten melegebb marad, mint a f\u00e9m \u00f6nt\u00f6z\u0151fejek.","og_url":"https:\/\/tajkertesz.com\/en_US\/product\/fiskars-comfort-locsolopisztoly-allithato-markolatvezerlesu\/","og_site_name":"T\u00e1jkert\u00e9sz","article_publisher":"https:\/\/www.facebook.com\/Tajkertesz\/","article_modified_time":"2026-02-13T09:39:12+00:00","og_image":[{"width":1000,"height":1000,"url":"https:\/\/tajkertesz.com\/wp-content\/uploads\/2023\/08\/1065484.jpg","type":"image\/jpeg"}],"twitter_card":"summary_large_image","twitter_misc":{"Est. reading time":"2 minutes"},"schema":{"@context":"https:\/\/schema.org","@graph":[{"@type":"WebPage","@id":"https:\/\/tajkertesz.com\/termek\/fiskars-comfort-locsolopisztoly-allithato-markolatvezerlesu\/","url":"https:\/\/tajkertesz.com\/termek\/fiskars-comfort-locsolopisztoly-allithato-markolatvezerlesu\/","name":"Fiskars Comfort locsol\u00f3pisztoly, \u00e1ll\u00edthat\u00f3, markolatvez\u00e9rl\u00e9s\u0171 - T\u00e1jkert\u00e9sz","isPartOf":{"@id":"https:\/\/tajkertesz.com\/#website"},"primaryImageOfPage":{"@id":"https:\/\/tajkertesz.com\/termek\/fiskars-comfort-locsolopisztoly-allithato-markolatvezerlesu\/#primaryimage"},"image":{"@id":"https:\/\/tajkertesz.com\/termek\/fiskars-comfort-locsolopisztoly-allithato-markolatvezerlesu\/#primaryimage"},"thumbnailUrl":"https:\/\/tajkertesz.com\/wp-content\/uploads\/2023\/08\/1065484.jpg","datePublished":"2023-08-07T14:26:50+00:00","dateModified":"2026-02-13T09:39:12+00:00","description":"Fiskars Comfort locsol\u00f3pisztoly, \u00e1ll\u00edthat\u00f3, markolatvez\u00e9rl\u00e9s\u0171. Ellen\u00e1ll a fagynak \u00e9s alacsony h\u0151m\u00e9rs\u00e9kleten melegebb marad, mint a f\u00e9m \u00f6nt\u00f6z\u0151fejek.","breadcrumb":{"@id":"https:\/\/tajkertesz.com\/termek\/fiskars-comfort-locsolopisztoly-allithato-markolatvezerlesu\/#breadcrumb"},"inLanguage":"en-US","potentialAction":[{"@type":"ReadAction","target":["https:\/\/tajkertesz.com\/termek\/fiskars-comfort-locsolopisztoly-allithato-markolatvezerlesu\/"]}]},{"@type":"ImageObject","inLanguage":"en-US","@id":"https:\/\/tajkertesz.com\/termek\/fiskars-comfort-locsolopisztoly-allithato-markolatvezerlesu\/#primaryimage","url":"https:\/\/tajkertesz.com\/wp-content\/uploads\/2023\/08\/1065484.jpg","contentUrl":"https:\/\/tajkertesz.com\/wp-content\/uploads\/2023\/08\/1065484.jpg","width":1000,"height":1000},{"@type":"BreadcrumbList","@id":"https:\/\/tajkertesz.com\/termek\/fiskars-comfort-locsolopisztoly-allithato-markolatvezerlesu\/#breadcrumb","itemListElement":[{"@type":"ListItem","position":1,"name":"Home","item":"https:\/\/tajkertesz.com\/"},{"@type":"ListItem","position":2,"name":"Kezd\u0151lap","item":"https:\/\/tajkertesz.com\/"},{"@type":"ListItem","position":3,"name":"Fiskars Comfort locsol\u00f3pisztoly, \u00e1ll\u00edthat\u00f3, markolatvez\u00e9rl\u00e9s\u0171"}]},{"@type":"WebSite","@id":"https:\/\/tajkertesz.com\/#website","url":"https:\/\/tajkertesz.com\/","name":"T\u00e1j-Kert\u00e9sz 84 Kft.","description":"Kert\u00e9szeti kis- \u00e9s nagykeresked\u00e9s, D\u00edszn\u00f6v\u00e9ny web\u00e1ruh\u00e1z orsz\u00e1gos h\u00e1zhozsz\u00e1ll\u00edt\u00e1ssal!","publisher":{"@id":"https:\/\/tajkertesz.com\/#organization"},"potentialAction":[{"@type":"SearchAction","target":{"@type":"EntryPoint","urlTemplate":"https:\/\/tajkertesz.com\/?s={search_term_string}"},"query-input":{"@type":"PropertyValueSpecification","valueRequired":true,"valueName":"search_term_string"}}],"inLanguage":"en-US"},{"@type":"Organization","@id":"https:\/\/tajkertesz.com\/#organization","name":"T\u00e1j-Kert\u00e9sz 84 Kft.","url":"https:\/\/tajkertesz.com\/","logo":{"@type":"ImageObject","inLanguage":"en-US","@id":"https:\/\/tajkertesz.com\/#\/schema\/logo\/image\/","url":"https:\/\/tajkertesz.com\/wp-content\/uploads\/2018\/02\/logo-2-e1518678052539.png","contentUrl":"https:\/\/tajkertesz.com\/wp-content\/uploads\/2018\/02\/logo-2-e1518678052539.png","width":81,"height":140,"caption":"T\u00e1j-Kert\u00e9sz 84 Kft."},"image":{"@id":"https:\/\/tajkertesz.com\/#\/schema\/logo\/image\/"},"sameAs":["https:\/\/www.facebook.com\/Tajkertesz\/"]}]}},"_links":{"self":[{"href":"https:\/\/tajkertesz.com\/en_US\/wp-json\/wp\/v2\/product\/16312","targetHints":{"allow":["GET"]}}],"collection":[{"href":"https:\/\/tajkertesz.com\/en_US\/wp-json\/wp\/v2\/product"}],"about":[{"href":"https:\/\/tajkertesz.com\/en_US\/wp-json\/wp\/v2\/types\/product"}],"wp:featuredmedia":[{"embeddable":true,"href":"https:\/\/tajkertesz.com\/en_US\/wp-json\/wp\/v2\/media\/16314"}],"wp:attachment":[{"href":"https:\/\/tajkertesz.com\/en_US\/wp-json\/wp\/v2\/media?parent=16312"}],"wp:term":[{"taxonomy":"product_brand","embeddable":true,"href":"https:\/\/tajkertesz.com\/en_US\/wp-json\/wp\/v2\/product_brand?post=16312"},{"taxonomy":"product_cat","embeddable":true,"href":"https:\/\/tajkertesz.com\/en_US\/wp-json\/wp\/v2\/product_cat?post=16312"},{"taxonomy":"product_tag","embeddable":true,"href":"https:\/\/tajkertesz.com\/en_US\/wp-json\/wp\/v2\/product_tag?post=16312"}],"curies":[{"name":"wp","href":"https:\/\/api.w.org\/{rel}","templated":true}]}}