{"id":16362,"date":"2023-08-09T12:17:42","date_gmt":"2023-08-09T12:17:42","guid":{"rendered":"https:\/\/tajkertesz.com\/?post_type=product&#038;p=16362"},"modified":"2026-01-20T11:48:07","modified_gmt":"2026-01-20T11:48:07","slug":"basamid-g-06-talajfertotlenito","status":"publish","type":"product","link":"https:\/\/tajkertesz.com\/en_US\/product\/basamid-g-06-talajfertotlenito\/","title":{"rendered":"Basamid G 0,6. talajfert\u0151tlen\u00edt\u0151"},"content":{"rendered":"<h2>Basamid G 0,6. talajfert\u0151tlen\u00edt\u0151<\/h2>\n<p>Basamid G 0,6. talajfert\u0151tlen\u00edt\u0151<\/p>\n<div class=\"table-custom-grid-row insect\">\n<div class=\"table-custom-grid-row-grey\">Talajfert\u0151tlen\u00edt\u0151 szer<\/div>\n<\/div>\n<div class=\"table-custom-grid-row insect\">\n<div>Hat\u00f3anyag \u00f6sszet\u00e9tel: Dazomet<\/div>\n<\/div>\n<div class=\"table-custom-grid-row insect\">\n<div>Kult\u00fara:<\/div>\n<div class=\"table-custom-grid-row-grey\">Alma &#8211; ult01, Angyalgy\u00f6k\u00e9r &#8211; agf02, \u00c1nizs &#8211; agf28, \u00c1nizsizs\u00f3p &#8211; agf37, \u00c1nizsmenta &#8211; agf38, B\u00edbor kasvir\u00e1g (echinacea) &#8211; agf39, Bimb\u00f3skel (hajtatott), Bimb\u00f3skel (szabadf\u00f6ldi), Birs &#8211; ult18, Bor\u00e1g\u00f3 &#8211; agf44, Borsmust\u00e1r (rukkola) (hajtatott), Borsmust\u00e1r (rukkola) (szabadf\u00f6ldi), Brokkoli (hajtatott), Brokkoli (szabadf\u00f6ldi), Cickafark &#8211; agf40, Cik\u00f3ria &#8211; ind22, Citromf\u0171 &#8211; agf20, Cseresznye &#8211; ult17, Csicseribors\u00f3 &#8211; pil29, Csillagt\u00f6k\/patiszon &#8211; veg40, Cukkini (hajtatott), Cukkini (szabadf\u00f6ldi), Cukorbors\u00f3 &#8211; pil01, Di\u00f3 &#8211; ult08, D\u00edszn\u00f6v\u00e9ny-, \u00e9s erd\u00e9szeti faiskola &#8211; fat03, Doh\u00e1ny, \u00c9desgy\u00f6k\u00e9r, \u00c9desk\u00f6m\u00e9ny (k\u00f6z\u00f6ns\u00e9ges) &#8211; veg30, End\u00edvia (hajtatott), End\u00edvia (szabadf\u00f6ldi), F\u00e1ssz\u00e1r\u00fa d\u00edszn\u00f6v\u00e9nyek (hajtat\u00e1s), F\u00e1ssz\u00e1r\u00fa d\u00edszn\u00f6v\u00e9nyek (szabadf\u00f6ldi), Feh\u00e9r \u00fcr\u00f6m, Fejes sal\u00e1ta (hajtatott), Fejes sal\u00e1ta (szabadf\u00f6ldi), Fokhagyma, F\u0171szerk\u00f6m\u00e9ny &#8211; agf19, Galambbegysal\u00e1ta (hajtatott), Galambbegysal\u00e1ta (szabadf\u00f6ldi), G\u00f6r\u00f6gdinnye (hajtatott), G\u00f6r\u00f6gdinnye (szabadf\u00f6ldi), Gy\u00f6ngyhagyma, Gy\u00fcm\u00f6lcsfaiskola &#8211; fat01, Gy\u0171sz\u0171vir\u00e1g, Izs\u00f3p &#8211; agf07, J\u00e1zminpak\u00f3ca (stevia) &#8211; agf48, J\u00e9gsal\u00e1ta, Kajszibarack (s\u00e1rgabarack) &#8211; ult04, Kamilla &#8211; agf03, Kapor &#8211; agf26, Kapor (lev\u00e9l), Karal\u00e1b\u00e9 (hajtatott), Karal\u00e1b\u00e9 (szabadf\u00f6ldi), Karfiol (hajtatott), Karfiol (szabadf\u00f6ldi), Kar\u00f3r\u00e9pa, Kerti kakukkf\u0171 &#8211; agf32, Kerti ruta &#8211; agf36, K\u00ednai kel (hajtatott), K\u00ednai kel (szabadf\u00f6ldi), Koml\u00f3 &#8211; kom01, Koriander &#8211; agf30, K\u00f6r\u00f6mvir\u00e1g &#8211; agf15, K\u00f6rte &#8211; ult15, L\u00e1gysz\u00e1r\u00fa d\u00edszn\u00f6v\u00e9nyek (hajtatott), L\u00e1gysz\u00e1r\u00fa d\u00edszn\u00f6v\u00e9nyek (szabadf\u00f6ldi), Lesty\u00e1n &#8211; agf23, Levendula &#8211; agf09, Ligetsz\u00e9pe, L\u00f3rom, Macskagy\u00f6k\u00e9r, Mandula &#8211; ult10, M\u00e1ngold, M\u00e1riat\u00f6vis &#8211; agf31, Meggy &#8211; ult16, Menta &#8211; agf11, Met\u00e9l\u0151hagyma &#8211; veg18, Met\u00e9ng &#8211; agf12, Mogyor\u00f3 &#8211; ult09, Mogyor\u00f3hagyma, M\u00f3rm\u00e1lyva, Muskot\u00e1lyzs\u00e1lya, Naspolya &#8211; ult07, Oreg\u00e1n\u00f3 (szurokf\u0171) &#8211; agf41, Orvosi csucsor, Orvosi pemetef\u0171, Orvosi ziliz (feh\u00e9rm\u00e1lyva), Orvosi zs\u00e1lya &#8211; agf35, \u0150szibarack &#8211; ult03, Paprika (hajtatott), Paprika (szabadf\u00f6ldi), Paradicsom (hajtatott), Paradicsom (szabadf\u00f6ldi), Petrezselyem (gy\u00f6k\u00e9r), Petrezselyem (lev\u00e9l), P\u00f3r\u00e9hagyma &#8211; veg11, Ringl\u00f3, Rozmaring &#8211; agf22, S\u00e1fr\u00e1nyos szeklice &#8211; agf33, S\u00e1rgadinnye (hajtatott), S\u00e1rgadinnye (szabadf\u00f6ldi), S\u00e1rgar\u00e9pa &#8211; veg45, Sarjad\u00e9khagyma, S\u00f3ska &#8211; veg21, Sp\u00e1rgat\u00f6k (hajtatott), Sp\u00e1rgat\u00f6k (szabadf\u00f6ldi), Spen\u00f3t &#8211; veg22, S\u00fct\u0151t\u00f6k (hajtatott), S\u00fct\u0151t\u00f6k (szabadf\u00f6ldi), Sz\u00e1razbors\u00f3 (s\u00e1rgabors\u00f3) &#8211; pil05, Szel\u00eddgesztenye &#8211; ult11, Szilva &#8211; ult06, Sz\u0151l\u0151 (bor), Sz\u0151l\u0151 (csemege), Sz\u0151l\u0151oltv\u00e1ny-iskola &#8211; fat02, Sz\u00f6sz\u00f6s \u00f6k\u00f6rfarkk\u00f3r\u00f3 &#8211; agf24, Toj\u00e1sgy\u00fcm\u00f6lcs (hajtatott), Toj\u00e1sgy\u00fcm\u00f6lcs (szabadf\u00f6ldi), Uborka (hajtatott), Uborka (szabadf\u00f6ldi), \u00dajhagyma (hajtatott), \u00dajhagyma (szabadf\u00f6ldi), \u00datif\u0171, Vajr\u00e9pa, Var\u00e1dics, Vasf\u0171, V\u00f6r\u00f6shagyma, Zamatos turbolya, Zeller (gum\u00f3), Zeller (lev\u00e9l), Zeller (sz\u00e1r), Z\u00f6ldbab (hajtatott), Z\u00f6ldbab (szabadf\u00f6ldi), Z\u00f6ldbors\u00f3, &#8211; benedekf\u0171, &#8211; feh\u00e9rvir\u00e1g\u00fa somk\u00f3r\u00f3 &#8211; for24,- ginzeng, &#8211; lilahagyma &#8211; &#8211; sp\u00e1rgat\u00f6k &#8211;\u00a0 &#8211; z\u00f6lds\u00e9gf\u00e9l\u00e9k<\/div>\n<\/div>\n<div class=\"table-custom-grid-row insect\">\n<div>K\u00e1ros\u00edt\u00f3:<\/div>\n<div class=\"table-custom-grid-row-grey\">Cserebog\u00e1r pajor,\u00a0Dr\u00f3tf\u00e9rgek,\u00a0Fon\u00e1lf\u00e9rgek,\u00a0Gyomok,\u00a0Gy\u00f6k\u00e9rgubacs fon\u00e1lf\u00e9reg,\u00a0Mocskospajor,\u00a0Talajlak\u00f3 gomb\u00e1k,\u00a0Talajlak\u00f3 k\u00e1rtev\u0151k<\/div>\n<\/div>\n<div class=\"table-custom-grid-row insect\">\n<div>\u00c9lelmez\u00e9s-eg\u00e9szs\u00e9g\u00fcgyi v\u00e1rakoz\u00e1si id\u0151:<\/div>\n<div class=\"table-custom-grid-row-grey\">0 nap<\/div>\n<\/div>\n<div class=\"table-custom-grid-row insect\">\n<div>L\u00e9gi kijuttat\u00e1s:<\/div>\n<div class=\"table-custom-grid-row-grey\">nem<\/div>\n<\/div>\n<div class=\"table-custom-grid-row insect\">\n<div>\u00d6kol\u00f3giai gazd\u00e1lkod\u00e1sban eng.:<\/div>\n<div class=\"table-custom-grid-row-grey\">nem<\/div>\n<div><\/div>\n<\/div>\n<div>\n<p style=\"line-height: 18.0pt; background: white; margin: 0cm 0cm 15.0pt 0cm;\"><b><span style=\"font-family: 'Ubuntu',sans-serif; color: black;\">K\u00e9szlet\u00fcnk napi szinten v\u00e1ltozik, ez\u00e9rt k\u00e9rj\u00fck, \u00e9rdekl\u0151dj\u00f6n szem\u00e9lyesen, telefonon vagy email-en.<br \/>\nA v\u00e1ltoztat\u00e1s jog\u00e1t fenntartjuk!\u00a0<\/span><\/b><\/p>\n<p><a href=\"https:\/\/tajkertesz.com\/\">https:\/\/tajkertesz.com\/<\/a><\/p>\n<p><a href=\"https:\/\/www.facebook.com\/tajkertesz\/\">https:\/\/www.facebook.com\/tajkertesz\/<\/a><\/p>\n<p>Kisz\u00e1ll\u00edt\u00e1s: 200cm-ig \u00e9s 40 kg-ig a sz\u00e1ll\u00edt\u00e1s fut\u00e1rszolg\u00e1lattal t\u00f6rt\u00e9nik.<\/p>\n<p>Szem\u00e9lyes \u00e1tv\u00e9tel nyitvatart\u00e1si id\u0151ben a 17. ker\u00fclet Bakancsos utca 7. sz\u00e1m alatti Kert\u00e9szeti \u00e1rud\u00e1nkban.<\/p>\n<p><b><u>Kert\u00e9p\u00edt\u0151k \u00e9s viszontelad\u00f3k regisztr\u00e1l\u00e1s ut\u00e1n egyedi kedvezm\u00e9nnyel v\u00e1s\u00e1rolhatnak kert\u00e9szeti kis-\u00e9s nagykeresked\u00e9s\u00fcnkben.<\/u><\/b><\/p>\n<\/div>","protected":false},"excerpt":{"rendered":"<h2>Basamid G 0,6. talajfert\u0151tlen\u00edt\u0151<\/h2>\n<p>A\u00a0<b>Basamid G<\/b> egyszerre n\u00e9gyf\u00e9le k\u00e1ros\u00edt\u00f3 lek\u00fczd\u00e9s\u00e9re alkalmas: A n\u00f6v\u00e9nyparazita fon\u00e1lf\u00e9rgek k\u00f6z\u00fcl a szabadon \u00e9l\u0151,- gy\u00f6k\u00e9rgubacs, &#8211; cisztak\u00e9pz\u0151- \u00e9s sz\u00e1r fon\u00e1lf\u00e9rgek ellen. A talajlak\u00f3 k\u00e1rtev\u0151k p\u00e9ld\u00e1ul dr\u00f3tf\u00e9rgek, cserebog\u00e1r pajorok, mocskos pajorok ellen&#8230;.<\/p>\n<p><strong><span style=\"color: #ff0000;\">Csak szem\u00e9lyes \u00e1tv\u00e9tellel rendelhet\u0151!<\/span><\/strong><\/p>\n<div id=\"bodyContent\" class=\"mw-body-content\">\n<div id=\"mw-content-text\" class=\"mw-content-ltr\" dir=\"ltr\" lang=\"hu\">\n<div id=\"bodyContent\" class=\"mw-body-content\">\n<div id=\"mw-content-text\" class=\"mw-content-ltr\" dir=\"ltr\" lang=\"hu\">\n<p><b>K\u00e9szlet\u00fcnk napi szinten v\u00e1ltozik, ez\u00e9rt k\u00e9rj\u00fck, \u00e9rdekl\u0151dj\u00f6n szem\u00e9lyesen, telefonon vagy email-en.<\/b><\/p>\n<p>Term\u00e9keinket szem\u00e9lyesen is \u00e1tveheti a h\u00e9t minden napj\u00e1n nyitvatart\u00e1si id\u0151ben!<\/p>\n<p>Kisz\u00e1ll\u00edt\u00e1s: 200 cm \u00e9s 40 kg-ig a sz\u00e1ll\u00edt\u00e1s fut\u00e1rszolg\u00e1lattal t\u00f6rt\u00e9nik.<\/p>\n<\/div>\n<\/div>\n<\/div>\n<\/div>\n<p><b>A v\u00e1ltoztat\u00e1s jog\u00e1t fenntartjuk!\u00a0<\/b><\/p>\n<div id=\"bodyContent\" class=\"mw-body-content\">\n<div id=\"mw-content-text\" class=\"mw-content-ltr\" dir=\"ltr\" lang=\"hu\">\n<div id=\"bodyContent\" class=\"mw-body-content\">\n<div id=\"mw-content-text\" class=\"mw-content-ltr\" dir=\"ltr\" lang=\"hu\"><\/div>\n<\/div>\n<\/div>\n<\/div>\n<p>&nbsp;<\/p>","protected":false},"featured_media":16363,"template":"","meta":{"_et_pb_use_builder":"","_et_pb_old_content":"","_et_gb_content_width":""},"product_brand":[],"product_cat":[3546],"product_tag":[5631,4135,4775],"class_list":{"0":"post-16362","1":"product","2":"type-product","3":"status-publish","4":"has-post-thumbnail","6":"product_cat-talajfertotlenito","7":"product_tag-basamid","8":"product_tag-rovarolo","9":"product_tag-talajfertotlenito","11":"first","12":"instock","13":"shipping-taxable","14":"purchasable","15":"product-type-simple"},"yoast_head":"<!-- This site is optimized with the Yoast SEO plugin v27.5 - https:\/\/yoast.com\/product\/yoast-seo-wordpress\/ -->\n<title>Basamid G 0,6. talajfert\u0151tlen\u00edt\u0151 - T\u00e1jkert\u00e9sz<\/title>\n<meta name=\"description\" content=\"Basamid G 0,6. talajfert\u0151tlen\u00edt\u0151 A jelenleg \u00e9rv\u00e9nyben l\u00e9v\u0151 szab\u00e1lyoz\u00e1s \u00e9rtelm\u00e9ben ez a term\u00e9k csak \u00fczlet\u00fcnkben szem\u00e9lyesen \u00e1tvehet\u0151. Fut\u00e1rszolg\u00e1lattal\" \/>\n<meta name=\"robots\" content=\"index, follow, max-snippet:-1, max-image-preview:large, max-video-preview:-1\" \/>\n<link rel=\"canonical\" href=\"https:\/\/tajkertesz.com\/en_US\/product\/basamid-g-06-talajfertotlenito\/\" \/>\n<meta property=\"og:locale\" content=\"en_US\" \/>\n<meta property=\"og:type\" content=\"article\" \/>\n<meta property=\"og:title\" content=\"https:\/\/www.facebook.com\/tajkertesz\" \/>\n<meta property=\"og:description\" content=\"A\u00a0Basamid G egyszerre n\u00e9gyf\u00e9le k\u00e1ros\u00edt\u00f3 lek\u00fczd\u00e9s\u00e9re alkalmas: A n\u00f6v\u00e9nyparazita fon\u00e1lf\u00e9rgek k\u00f6z\u00fcl a szabadon \u00e9l\u0151,- gy\u00f6k\u00e9rgubacs, - cisztak\u00e9pz\u0151- \u00e9s sz\u00e1r fon\u00e1lf\u00e9rgek ellen. A talajlak\u00f3 k\u00e1rtev\u0151k p\u00e9ld\u00e1ul dr\u00f3tf\u00e9rgek, cserebog\u00e1r pajorok, mocskos pajorok ellen....\" \/>\n<meta property=\"og:url\" content=\"https:\/\/tajkertesz.com\/en_US\/product\/basamid-g-06-talajfertotlenito\/\" \/>\n<meta property=\"og:site_name\" content=\"T\u00e1jkert\u00e9sz\" \/>\n<meta property=\"article:publisher\" content=\"https:\/\/www.facebook.com\/Tajkertesz\/\" \/>\n<meta property=\"article:modified_time\" content=\"2026-01-20T11:48:07+00:00\" \/>\n<meta property=\"og:image\" content=\"https:\/\/tajkertesz.com\/wp-content\/uploads\/2023\/08\/basa1801-1.jpg\" \/>\n\t<meta property=\"og:image:width\" content=\"940\" \/>\n\t<meta property=\"og:image:height\" content=\"788\" \/>\n\t<meta property=\"og:image:type\" content=\"image\/jpeg\" \/>\n<meta name=\"twitter:card\" content=\"summary_large_image\" \/>\n<meta name=\"twitter:label1\" content=\"Est. reading time\" \/>\n\t<meta name=\"twitter:data1\" content=\"3 minutes\" \/>\n<script type=\"application\/ld+json\" class=\"yoast-schema-graph\">{\"@context\":\"https:\\\/\\\/schema.org\",\"@graph\":[{\"@type\":\"WebPage\",\"@id\":\"https:\\\/\\\/tajkertesz.com\\\/termek\\\/basamid-g-06-talajfertotlenito\\\/\",\"url\":\"https:\\\/\\\/tajkertesz.com\\\/termek\\\/basamid-g-06-talajfertotlenito\\\/\",\"name\":\"Basamid G 0,6. talajfert\u0151tlen\u00edt\u0151 - T\u00e1jkert\u00e9sz\",\"isPartOf\":{\"@id\":\"https:\\\/\\\/tajkertesz.com\\\/#website\"},\"primaryImageOfPage\":{\"@id\":\"https:\\\/\\\/tajkertesz.com\\\/termek\\\/basamid-g-06-talajfertotlenito\\\/#primaryimage\"},\"image\":{\"@id\":\"https:\\\/\\\/tajkertesz.com\\\/termek\\\/basamid-g-06-talajfertotlenito\\\/#primaryimage\"},\"thumbnailUrl\":\"https:\\\/\\\/tajkertesz.com\\\/wp-content\\\/uploads\\\/2023\\\/08\\\/basa1801.jpg\",\"datePublished\":\"2023-08-09T12:17:42+00:00\",\"dateModified\":\"2026-01-20T11:48:07+00:00\",\"description\":\"Basamid G 0,6. talajfert\u0151tlen\u00edt\u0151 A jelenleg \u00e9rv\u00e9nyben l\u00e9v\u0151 szab\u00e1lyoz\u00e1s \u00e9rtelm\u00e9ben ez a term\u00e9k csak \u00fczlet\u00fcnkben szem\u00e9lyesen \u00e1tvehet\u0151. Fut\u00e1rszolg\u00e1lattal\",\"breadcrumb\":{\"@id\":\"https:\\\/\\\/tajkertesz.com\\\/termek\\\/basamid-g-06-talajfertotlenito\\\/#breadcrumb\"},\"inLanguage\":\"en-US\",\"potentialAction\":[{\"@type\":\"ReadAction\",\"target\":[\"https:\\\/\\\/tajkertesz.com\\\/termek\\\/basamid-g-06-talajfertotlenito\\\/\"]}]},{\"@type\":\"ImageObject\",\"inLanguage\":\"en-US\",\"@id\":\"https:\\\/\\\/tajkertesz.com\\\/termek\\\/basamid-g-06-talajfertotlenito\\\/#primaryimage\",\"url\":\"https:\\\/\\\/tajkertesz.com\\\/wp-content\\\/uploads\\\/2023\\\/08\\\/basa1801.jpg\",\"contentUrl\":\"https:\\\/\\\/tajkertesz.com\\\/wp-content\\\/uploads\\\/2023\\\/08\\\/basa1801.jpg\",\"width\":940,\"height\":788,\"caption\":\"Basamid G 0,6. talajfert\u0151tlen\u00edt\u0151\"},{\"@type\":\"BreadcrumbList\",\"@id\":\"https:\\\/\\\/tajkertesz.com\\\/termek\\\/basamid-g-06-talajfertotlenito\\\/#breadcrumb\",\"itemListElement\":[{\"@type\":\"ListItem\",\"position\":1,\"name\":\"Home\",\"item\":\"https:\\\/\\\/tajkertesz.com\\\/\"},{\"@type\":\"ListItem\",\"position\":2,\"name\":\"Kezd\u0151lap\",\"item\":\"https:\\\/\\\/tajkertesz.com\\\/\"},{\"@type\":\"ListItem\",\"position\":3,\"name\":\"Basamid G 0,6. talajfert\u0151tlen\u00edt\u0151\"}]},{\"@type\":\"WebSite\",\"@id\":\"https:\\\/\\\/tajkertesz.com\\\/#website\",\"url\":\"https:\\\/\\\/tajkertesz.com\\\/\",\"name\":\"T\u00e1j-Kert\u00e9sz 84 Kft.\",\"description\":\"Kert\u00e9szeti kis- \u00e9s nagykeresked\u00e9s, D\u00edszn\u00f6v\u00e9ny web\u00e1ruh\u00e1z orsz\u00e1gos h\u00e1zhozsz\u00e1ll\u00edt\u00e1ssal!\",\"publisher\":{\"@id\":\"https:\\\/\\\/tajkertesz.com\\\/#organization\"},\"potentialAction\":[{\"@type\":\"SearchAction\",\"target\":{\"@type\":\"EntryPoint\",\"urlTemplate\":\"https:\\\/\\\/tajkertesz.com\\\/?s={search_term_string}\"},\"query-input\":{\"@type\":\"PropertyValueSpecification\",\"valueRequired\":true,\"valueName\":\"search_term_string\"}}],\"inLanguage\":\"en-US\"},{\"@type\":\"Organization\",\"@id\":\"https:\\\/\\\/tajkertesz.com\\\/#organization\",\"name\":\"T\u00e1j-Kert\u00e9sz 84 Kft.\",\"url\":\"https:\\\/\\\/tajkertesz.com\\\/\",\"logo\":{\"@type\":\"ImageObject\",\"inLanguage\":\"en-US\",\"@id\":\"https:\\\/\\\/tajkertesz.com\\\/#\\\/schema\\\/logo\\\/image\\\/\",\"url\":\"https:\\\/\\\/tajkertesz.com\\\/wp-content\\\/uploads\\\/2018\\\/02\\\/logo-2-e1518678052539.png\",\"contentUrl\":\"https:\\\/\\\/tajkertesz.com\\\/wp-content\\\/uploads\\\/2018\\\/02\\\/logo-2-e1518678052539.png\",\"width\":81,\"height\":140,\"caption\":\"T\u00e1j-Kert\u00e9sz 84 Kft.\"},\"image\":{\"@id\":\"https:\\\/\\\/tajkertesz.com\\\/#\\\/schema\\\/logo\\\/image\\\/\"},\"sameAs\":[\"https:\\\/\\\/www.facebook.com\\\/Tajkertesz\\\/\"]}]}<\/script>\n<!-- \/ Yoast SEO plugin. -->","yoast_head_json":{"title":"Basamid G 0,6. talajfert\u0151tlen\u00edt\u0151 - T\u00e1jkert\u00e9sz","description":"Basamid G 0,6. talajfert\u0151tlen\u00edt\u0151 A jelenleg \u00e9rv\u00e9nyben l\u00e9v\u0151 szab\u00e1lyoz\u00e1s \u00e9rtelm\u00e9ben ez a term\u00e9k csak \u00fczlet\u00fcnkben szem\u00e9lyesen \u00e1tvehet\u0151. Fut\u00e1rszolg\u00e1lattal","robots":{"index":"index","follow":"follow","max-snippet":"max-snippet:-1","max-image-preview":"max-image-preview:large","max-video-preview":"max-video-preview:-1"},"canonical":"https:\/\/tajkertesz.com\/en_US\/product\/basamid-g-06-talajfertotlenito\/","og_locale":"en_US","og_type":"article","og_title":"https:\/\/www.facebook.com\/tajkertesz","og_description":"A\u00a0Basamid G egyszerre n\u00e9gyf\u00e9le k\u00e1ros\u00edt\u00f3 lek\u00fczd\u00e9s\u00e9re alkalmas: A n\u00f6v\u00e9nyparazita fon\u00e1lf\u00e9rgek k\u00f6z\u00fcl a szabadon \u00e9l\u0151,- gy\u00f6k\u00e9rgubacs, - cisztak\u00e9pz\u0151- \u00e9s sz\u00e1r fon\u00e1lf\u00e9rgek ellen. A talajlak\u00f3 k\u00e1rtev\u0151k p\u00e9ld\u00e1ul dr\u00f3tf\u00e9rgek, cserebog\u00e1r pajorok, mocskos pajorok ellen....","og_url":"https:\/\/tajkertesz.com\/en_US\/product\/basamid-g-06-talajfertotlenito\/","og_site_name":"T\u00e1jkert\u00e9sz","article_publisher":"https:\/\/www.facebook.com\/Tajkertesz\/","article_modified_time":"2026-01-20T11:48:07+00:00","og_image":[{"width":940,"height":788,"url":"https:\/\/tajkertesz.com\/wp-content\/uploads\/2023\/08\/basa1801-1.jpg","type":"image\/jpeg"}],"twitter_card":"summary_large_image","twitter_misc":{"Est. reading time":"3 minutes"},"schema":{"@context":"https:\/\/schema.org","@graph":[{"@type":"WebPage","@id":"https:\/\/tajkertesz.com\/termek\/basamid-g-06-talajfertotlenito\/","url":"https:\/\/tajkertesz.com\/termek\/basamid-g-06-talajfertotlenito\/","name":"Basamid G 0,6. talajfert\u0151tlen\u00edt\u0151 - T\u00e1jkert\u00e9sz","isPartOf":{"@id":"https:\/\/tajkertesz.com\/#website"},"primaryImageOfPage":{"@id":"https:\/\/tajkertesz.com\/termek\/basamid-g-06-talajfertotlenito\/#primaryimage"},"image":{"@id":"https:\/\/tajkertesz.com\/termek\/basamid-g-06-talajfertotlenito\/#primaryimage"},"thumbnailUrl":"https:\/\/tajkertesz.com\/wp-content\/uploads\/2023\/08\/basa1801.jpg","datePublished":"2023-08-09T12:17:42+00:00","dateModified":"2026-01-20T11:48:07+00:00","description":"Basamid G 0,6. talajfert\u0151tlen\u00edt\u0151 A jelenleg \u00e9rv\u00e9nyben l\u00e9v\u0151 szab\u00e1lyoz\u00e1s \u00e9rtelm\u00e9ben ez a term\u00e9k csak \u00fczlet\u00fcnkben szem\u00e9lyesen \u00e1tvehet\u0151. Fut\u00e1rszolg\u00e1lattal","breadcrumb":{"@id":"https:\/\/tajkertesz.com\/termek\/basamid-g-06-talajfertotlenito\/#breadcrumb"},"inLanguage":"en-US","potentialAction":[{"@type":"ReadAction","target":["https:\/\/tajkertesz.com\/termek\/basamid-g-06-talajfertotlenito\/"]}]},{"@type":"ImageObject","inLanguage":"en-US","@id":"https:\/\/tajkertesz.com\/termek\/basamid-g-06-talajfertotlenito\/#primaryimage","url":"https:\/\/tajkertesz.com\/wp-content\/uploads\/2023\/08\/basa1801.jpg","contentUrl":"https:\/\/tajkertesz.com\/wp-content\/uploads\/2023\/08\/basa1801.jpg","width":940,"height":788,"caption":"Basamid G 0,6. talajfert\u0151tlen\u00edt\u0151"},{"@type":"BreadcrumbList","@id":"https:\/\/tajkertesz.com\/termek\/basamid-g-06-talajfertotlenito\/#breadcrumb","itemListElement":[{"@type":"ListItem","position":1,"name":"Home","item":"https:\/\/tajkertesz.com\/"},{"@type":"ListItem","position":2,"name":"Kezd\u0151lap","item":"https:\/\/tajkertesz.com\/"},{"@type":"ListItem","position":3,"name":"Basamid G 0,6. talajfert\u0151tlen\u00edt\u0151"}]},{"@type":"WebSite","@id":"https:\/\/tajkertesz.com\/#website","url":"https:\/\/tajkertesz.com\/","name":"T\u00e1j-Kert\u00e9sz 84 Kft.","description":"Kert\u00e9szeti kis- \u00e9s nagykeresked\u00e9s, D\u00edszn\u00f6v\u00e9ny web\u00e1ruh\u00e1z orsz\u00e1gos h\u00e1zhozsz\u00e1ll\u00edt\u00e1ssal!","publisher":{"@id":"https:\/\/tajkertesz.com\/#organization"},"potentialAction":[{"@type":"SearchAction","target":{"@type":"EntryPoint","urlTemplate":"https:\/\/tajkertesz.com\/?s={search_term_string}"},"query-input":{"@type":"PropertyValueSpecification","valueRequired":true,"valueName":"search_term_string"}}],"inLanguage":"en-US"},{"@type":"Organization","@id":"https:\/\/tajkertesz.com\/#organization","name":"T\u00e1j-Kert\u00e9sz 84 Kft.","url":"https:\/\/tajkertesz.com\/","logo":{"@type":"ImageObject","inLanguage":"en-US","@id":"https:\/\/tajkertesz.com\/#\/schema\/logo\/image\/","url":"https:\/\/tajkertesz.com\/wp-content\/uploads\/2018\/02\/logo-2-e1518678052539.png","contentUrl":"https:\/\/tajkertesz.com\/wp-content\/uploads\/2018\/02\/logo-2-e1518678052539.png","width":81,"height":140,"caption":"T\u00e1j-Kert\u00e9sz 84 Kft."},"image":{"@id":"https:\/\/tajkertesz.com\/#\/schema\/logo\/image\/"},"sameAs":["https:\/\/www.facebook.com\/Tajkertesz\/"]}]}},"_links":{"self":[{"href":"https:\/\/tajkertesz.com\/en_US\/wp-json\/wp\/v2\/product\/16362","targetHints":{"allow":["GET"]}}],"collection":[{"href":"https:\/\/tajkertesz.com\/en_US\/wp-json\/wp\/v2\/product"}],"about":[{"href":"https:\/\/tajkertesz.com\/en_US\/wp-json\/wp\/v2\/types\/product"}],"wp:featuredmedia":[{"embeddable":true,"href":"https:\/\/tajkertesz.com\/en_US\/wp-json\/wp\/v2\/media\/16363"}],"wp:attachment":[{"href":"https:\/\/tajkertesz.com\/en_US\/wp-json\/wp\/v2\/media?parent=16362"}],"wp:term":[{"taxonomy":"product_brand","embeddable":true,"href":"https:\/\/tajkertesz.com\/en_US\/wp-json\/wp\/v2\/product_brand?post=16362"},{"taxonomy":"product_cat","embeddable":true,"href":"https:\/\/tajkertesz.com\/en_US\/wp-json\/wp\/v2\/product_cat?post=16362"},{"taxonomy":"product_tag","embeddable":true,"href":"https:\/\/tajkertesz.com\/en_US\/wp-json\/wp\/v2\/product_tag?post=16362"}],"curies":[{"name":"wp","href":"https:\/\/api.w.org\/{rel}","templated":true}]}}