{"id":16377,"date":"2023-08-10T10:42:17","date_gmt":"2023-08-10T10:42:17","guid":{"rendered":"https:\/\/tajkertesz.com\/?post_type=product&#038;p=16377"},"modified":"2026-02-24T11:28:38","modified_gmt":"2026-02-24T11:28:38","slug":"cupressocyparis-leylandii-leylandi-ciprus-cm-magas","status":"publish","type":"product","link":"https:\/\/tajkertesz.com\/en_US\/product\/cupressocyparis-leylandii-leylandi-ciprus-cm-magas\/","title":{"rendered":"Cupressocyparis leylandii , Leylandi ciprus 500+ cm magas"},"content":{"rendered":"<h3><strong><i>Cupressocyparis leylandii ,\u00a0<\/i>Leylandi ciprus 500+ cm magas<\/strong><\/h3>\n<p><strong><i>A Cupressocyparis leylandii, <\/i>Leylandi ciprus az egyik legn\u00e9pszer\u0171bb s\u00f6v\u00e9nyn\u00f6v\u00e9ny, mely a leggyorsabban is n\u00f6vekszik.\u00a0<\/strong><\/p>\n<p>N\u00e9pszer\u0171s\u00e9g\u00e9t annak a j\u00f3 tulajdons\u00e1g\u00e1nak k\u00f6sz\u00f6nheti , hogy igen gyorsan, s\u0171r\u0171 \u00e1tl\u00e1thatatlan s\u00f6v\u00e9ny k\u00e9sz\u00edthet\u0151 bel\u0151le .<\/p>\n<p>N\u00f6veked\u00e9si intenzit\u00e1s\u00e1ra jellemz\u0151, hogy k\u00e9pes 1 m\u00e9tert is n\u0151ni 1 \u00e9v alatt. Magass\u00e1ga el\u00e9rheti a 10-15 m-t is sz\u00e9les k\u00fap alak\u00fa, ellen\u00e1ll\u00f3 fajta.<\/p>\n<p>Parkokba szoliterk\u00e9nt \u00fcltetik. A metsz\u00e9st j\u00f3l t\u0171ri. \u00c9venk\u00e9nt\u00a0 2-3 ny\u00edr\u00e1ssal gy\u00f6ny\u00f6r\u0171, t\u00f6m\u00f6r, \u00e1tl\u00e1thatatlan s\u00f6v\u00e9nyt tudunk bel\u0151le k\u00e9sz\u00edteni. Talajban nem v\u00e1logat\u00f3s.<\/p>\n<p>A\u00a0 rendszeres t\u00e1panyag-ut\u00e1np\u00f3tl\u00e1st viszont gy\u00f6ny\u00f6r\u0171 buja z\u00f6ld \u00e1gakkal h\u00e1l\u00e1lja meg.<\/p>\n<p><strong>\u00c1pol\u00e1s:<\/strong><\/p>\n<p>\u00d6nt\u00f6z\u00e9s: A gy\u00f6keresed\u00e9si id\u0151 tavaszi \u00e9s ny\u00e1ri id\u0151szaka\u00a0 alatt alapvet\u0151en fontos a napi rendszeres locsol\u00e1s. Id\u0151j\u00e1r\u00e1s f\u00fcggv\u00e9ny\u00e9ben az \u00f6nt\u00f6z\u00e9st n\u00f6velj\u00fck vagy cs\u00f6kkents\u00fck. A \u00a0napokig tart\u00f3 folyamatos es\u0151z\u00e9s indokolja csak az \u00f6nt\u00f6z\u00e9s sz\u00fcneteltet\u00e9s\u00e9t. A locsol\u00e1st kora reggel vagy k\u00e9s\u0151 este v\u00e9gezz\u00fck el. A cser\u00e9pbe \u00fcltetett n\u00f6v\u00e9nyeket minden esetben rendszeresen \u00f6nt\u00f6zz\u00fck \u00e9s t\u00e1pozzuk , mivel a termeszt\u0151 k\u00f6zeg v\u00edz \u00e9s t\u00e1panyag mennyis\u00e9ge igen hamar ki\u00fcr\u00fcl. Csapad\u00e9kszeg\u00e9ny t\u00e9len, enyhe id\u0151ben locsoljuk meg a t\u00f6veket, mert sok esetben nem kifagynak, hanem kisz\u00e1radnak.<\/p>\n<p>&nbsp;<\/p>\n<h1><strong><span style=\"color: #ff0000;\">Term\u00e9k\u00fcnk GLS fut\u00e1rszolg\u00e1lattal m\u00e9rete miatt nem sz\u00e1ll\u00edthat\u00f3!<\/span><\/strong><\/h1>\n<p>El\u00e9rhet\u0151 t\u00f6bbf\u00e9le m\u00e9retben \u00e9s \u00e1rban.<\/p>\n<p><strong>K\u00e9szlet\u00fcnk napi szinten v\u00e1ltozik, ez\u00e9rt k\u00e9rj\u00fck, \u00e9rdekl\u0151dj\u00f6n szem\u00e9lyesen, telefonon vagy email-en.<br \/>\nA v\u00e1ltoztat\u00e1s jog\u00e1t fenntartjuk!\u00a0<\/strong><\/p>\n<p><em>\u00a0<\/em><\/p>\n<p><a href=\"https:\/\/tajkertesz.com\/\">https:\/\/tajkertesz.com\/<\/a><\/p>\n<p><a href=\"https:\/\/hu.wikipedia.org\/wiki\/Leyland-ciprus\">https:\/\/hu.wikipedia.org\/wiki\/Leyland-ciprus<\/a><\/p>\n<h6><span style=\"color: #ffffff;\"><span id=\"Sz\u00e1rmaz\u00e1sa,_elterjed\u00e9se\" class=\"mw-headline\">Sz\u00e1rmaz\u00e1sa, elterjed\u00e9se<\/span><span class=\"mw-editsection\"><span class=\"mw-editsection-bracket\">[<\/span><a style=\"color: #ffffff;\" title=\"Szakasz szerkeszt\u00e9se: Sz\u00e1rmaz\u00e1sa, elterjed\u00e9se\" href=\"https:\/\/hu.wikipedia.org\/w\/index.php?title=Leyland-ciprus&amp;action=edit&amp;section=1\">szerkeszt\u00e9s<\/a><span class=\"mw-editsection-bracket\">]<\/span><\/span><\/span><\/h6>\n<h6><span style=\"color: #ffffff;\">Kialakul\u00e1s\u00e1t a k\u00fcl\u00f6nb\u00f6z\u0151 forr\u00e1sok rendk\u00edv\u00fcl elt\u00e9r\u0151en \u00edrj\u00e1k le. Az egyik sz\u00e9ls\u0151s\u00e9g szerint ez a k\u00e9tf\u00e9le \u00f6r\u00f6kz\u00f6ld spont\u00e1n hibridje, amelyet az\u00a0<a style=\"color: #ffffff;\" title=\"1800-as \u00e9vek\" href=\"https:\/\/hu.wikipedia.org\/wiki\/1800-as_%C3%A9vek\">1800-as \u00e9vekben<\/a>\u00a0telep\u00edtettek be Angli\u00e1ba.<sup id=\"cite_ref-4\" class=\"reference\"><a style=\"color: #ffffff;\" href=\"https:\/\/hu.wikipedia.org\/wiki\/Leyland-ciprus#cite_note-4\">[4]<\/a><\/sup>\u00a0A m\u00e1sik sz\u00e9ls\u0151s\u00e9g<sup id=\"cite_ref-Botanikaland.hu:_Leyland-ciprus_1-1\" class=\"reference\"><a style=\"color: #ffffff;\" href=\"https:\/\/hu.wikipedia.org\/wiki\/Leyland-ciprus#cite_note-Botanikaland.hu:_Leyland-ciprus-1\">[1]<\/a><\/sup>\u00a0szerint a\u00a0<a style=\"color: #ffffff;\" title=\"19. sz\u00e1zad\" href=\"https:\/\/hu.wikipedia.org\/wiki\/19._sz%C3%A1zad\">19. sz\u00e1zad<\/a>\u00a0v\u00e9g\u00e9n, Angli\u00e1ban hozt\u00e1k l\u00e9tre tudatos keresztez\u00e9ssel.<\/span><\/h6>\n<h6><span style=\"color: #ffffff;\">A szakirodalom (Johnson, 2004) szerint a k\u00e9t faj spont\u00e1n hibridiz\u00e1lt, m\u00e9ghozz\u00e1 t\u00f6bb alkalommal, a\u00a0<a style=\"color: #ffffff;\" title=\"Brit-szigetek\" href=\"https:\/\/hu.wikipedia.org\/wiki\/Brit-szigetek\">Brit-szigetek<\/a>\u00a0k\u00fcl\u00f6nb\u00f6z\u0151 r\u00e9szein. Mint gyakorlatilag minden intergenerikus hibrid, a Leyland-ciprus is term\u00e9ketlen; csak ivartalanul szapor\u00edthat\u00f3. Ennek megfelel\u0151en a k\u00fcl\u00f6nb\u00f6z\u0151 id\u0151pontokban l\u00e9trej\u00f6tt hibridek a n\u00f6v\u00e9ny ma ismert kert\u00e9szeti v\u00e1ltozatai.<\/span><\/h6>\n<h6><span style=\"color: #ffffff;\"><span id=\"V\u00e1ltozatai\" class=\"mw-headline\">V\u00e1ltozatai<\/span><span class=\"mw-editsection\"><span class=\"mw-editsection-bracket\">[<\/span><a style=\"color: #ffffff;\" title=\"Szakasz szerkeszt\u00e9se: V\u00e1ltozatai\" href=\"https:\/\/hu.wikipedia.org\/w\/index.php?title=Leyland-ciprus&amp;action=edit&amp;section=2\">szerkeszt\u00e9s<\/a><span class=\"mw-editsection-bracket\">]<\/span><\/span><\/span><\/h6>\n<h6><span style=\"color: #ffffff;\">Az egyes v\u00e1ltozatokat f\u0151leg az \u00e1grendszer s\u0171r\u0171s\u00e9ge \u00e9s a lomb sz\u00edne alapj\u00e1n k\u00fcl\u00f6nb\u00f6ztetj\u00fck meg. Magyarorsz\u00e1gon f\u0151leg laz\u00e1bb, k\u00fapos koron\u00e1<\/span><\/h6>\n","protected":false},"excerpt":{"rendered":"<div id=\"bodyContent\" class=\"mw-body-content\">\n<div id=\"mw-content-text\" class=\"mw-content-ltr\" dir=\"ltr\" lang=\"hu\">\n<div id=\"bodyContent\" class=\"mw-body-content\">\n<div id=\"mw-content-text\" class=\"mw-content-ltr\" dir=\"ltr\" lang=\"hu\">\n<p><b>K\u00e9szlet\u00fcnk napi szinten v\u00e1ltozik, ez\u00e9rt k\u00e9rj\u00fck, \u00e9rdekl\u0151dj\u00f6n szem\u00e9lyesen, telefonon vagy email-en.<\/b><\/p>\n<p>Term\u00e9keinket szem\u00e9lyesen is \u00e1tveheti a h\u00e9t minden napj\u00e1n nyitvatart\u00e1si id\u0151ben!<\/p>\n<p>Kisz\u00e1ll\u00edt\u00e1s: 200 cm \u00e9s 40 kg is a sz\u00e1ll\u00edt\u00e1s fut\u00e1rszolg\u00e1lattal t\u00f6rt\u00e9nik.<\/p>\n<\/div>\n<\/div>\n<\/div>\n<\/div>\n<p><b>A v\u00e1ltoztat\u00e1s jog\u00e1t fenntartjuk!\u00a0<\/b><\/p>\n<p>N\u00e9pszer\u0171s\u00e9g\u00e9t annak a j\u00f3 tulajdons\u00e1g\u00e1nak k\u00f6sz\u00f6nheti , hogy igen gyorsan s\u0171r\u0171 \u00e1tl\u00e1thatatlan s\u00f6v\u00e9ny k\u00e9sz\u00edthet\u0151 bel\u0151le .<\/p>\n<p>N\u00f6veked\u00e9si intenzit\u00e1s\u00e1ra jellemz\u0151 hogy k\u00e9pes 1 m\u00e9tert is n\u0151ni 1 \u00e9v alatt. Magass\u00e1ga el\u00e9rheti a 10-15 m-t is sz\u00e9les k\u00fap alak\u00fa ellen\u00e1ll\u00f3 fajta.<\/p>\n<p>Parkokba szoliterk\u00e9nt \u00fcltetik. A metsz\u00e9st j\u00f3l t\u0171ri. \u00c9venk\u00e9nt\u00a0 2-3 ny\u00edr\u00e1ssal gy\u00f6ny\u00f6r\u0171, t\u00f6m\u00f6r, \u00e1tl\u00e1thatatlan s\u00f6v\u00e9nyt tudunk bel\u0151le k\u00e9sz\u00edteni. Talajban nem v\u00e1logat\u00f3s.<\/p>\n<p>A\u00a0 rendszeres t\u00e1panyagut\u00e1np\u00f3tl\u00e1st viszont gy\u00f6ny\u00f6r\u0171 buja z\u00f6ld \u00e1gakkal h\u00e1l\u00e1lja meg.<\/p>\n<p>&nbsp;<\/p>\n<h1><span style=\"color: #ff0000;\"><strong>Term\u00e9k\u00fcnk GLS fut\u00e1rszolg\u00e1lattal m\u00e9rete miatt nem sz\u00e1ll\u00edthat\u00f3!<\/strong><\/span><\/h1>","protected":false},"featured_media":12389,"template":"","meta":{"_et_pb_use_builder":"","_et_pb_old_content":"","_et_gb_content_width":""},"product_brand":[],"product_cat":[5166],"product_tag":[759,912,4206,528,4205],"class_list":{"0":"post-16377","1":"product","2":"type-product","3":"status-publish","4":"has-post-thumbnail","6":"product_cat-leylandii-ciprus","7":"product_tag-cupressocyparis-leylandii","8":"product_tag-leylandi","9":"product_tag-nyirhato-noveny","10":"product_tag-soveny","11":"product_tag-soveny-noveny","13":"first","14":"instock","15":"shipping-taxable","16":"purchasable","17":"product-type-simple"},"yoast_head":"<!-- This site is optimized with the Yoast SEO plugin v27.4 - https:\/\/yoast.com\/product\/yoast-seo-wordpress\/ -->\n<title>Cupressocyparis leylandii , Leylandi ciprus 500+ cm magas - T\u00e1jkert\u00e9sz<\/title>\n<meta name=\"description\" content=\"A Cupressocyparis leylandii ,Leylandi ciprus az egyik legn\u00e9pszer\u0171bb n\u00f6v\u00e9ny s\u00f6v\u00e9nynek , mely a leggyorsabban is n\u00f6vekszik.\u00a0\" \/>\n<meta name=\"robots\" content=\"index, follow, max-snippet:-1, max-image-preview:large, max-video-preview:-1\" \/>\n<link rel=\"canonical\" href=\"https:\/\/tajkertesz.com\/en_US\/product\/cupressocyparis-leylandii-leylandi-ciprus-cm-magas\/\" \/>\n<meta property=\"og:locale\" content=\"en_US\" \/>\n<meta property=\"og:type\" content=\"article\" \/>\n<meta property=\"og:title\" content=\"Cupressocyparis leylandii , Leylandi ciprus 500+ cm magas - T\u00e1jkert\u00e9sz\" \/>\n<meta property=\"og:description\" content=\"A Cupressocyparis leylandii ,Leylandi ciprus az egyik legn\u00e9pszer\u0171bb n\u00f6v\u00e9ny s\u00f6v\u00e9nynek , mely a leggyorsabban is n\u00f6vekszik.\u00a0\" \/>\n<meta property=\"og:url\" content=\"https:\/\/tajkertesz.com\/en_US\/product\/cupressocyparis-leylandii-leylandi-ciprus-cm-magas\/\" \/>\n<meta property=\"og:site_name\" content=\"T\u00e1jkert\u00e9sz\" \/>\n<meta property=\"article:publisher\" content=\"https:\/\/www.facebook.com\/Tajkertesz\/\" \/>\n<meta property=\"article:modified_time\" content=\"2026-02-24T11:28:38+00:00\" \/>\n<meta property=\"og:image\" content=\"https:\/\/tajkertesz.com\/wp-content\/uploads\/2020\/10\/20220211_162902-scaled.jpg\" \/>\n\t<meta property=\"og:image:width\" content=\"1920\" \/>\n\t<meta property=\"og:image:height\" content=\"1132\" \/>\n\t<meta property=\"og:image:type\" content=\"image\/jpeg\" \/>\n<meta name=\"twitter:card\" content=\"summary_large_image\" \/>\n<meta name=\"twitter:label1\" content=\"Est. reading time\" \/>\n\t<meta name=\"twitter:data1\" content=\"2 minutes\" \/>\n<script type=\"application\/ld+json\" class=\"yoast-schema-graph\">{\"@context\":\"https:\\\/\\\/schema.org\",\"@graph\":[{\"@type\":\"WebPage\",\"@id\":\"https:\\\/\\\/tajkertesz.com\\\/termek\\\/cupressocyparis-leylandii-leylandi-ciprus-cm-magas\\\/\",\"url\":\"https:\\\/\\\/tajkertesz.com\\\/termek\\\/cupressocyparis-leylandii-leylandi-ciprus-cm-magas\\\/\",\"name\":\"Cupressocyparis leylandii , Leylandi ciprus 500+ cm magas - T\u00e1jkert\u00e9sz\",\"isPartOf\":{\"@id\":\"https:\\\/\\\/tajkertesz.com\\\/#website\"},\"primaryImageOfPage\":{\"@id\":\"https:\\\/\\\/tajkertesz.com\\\/termek\\\/cupressocyparis-leylandii-leylandi-ciprus-cm-magas\\\/#primaryimage\"},\"image\":{\"@id\":\"https:\\\/\\\/tajkertesz.com\\\/termek\\\/cupressocyparis-leylandii-leylandi-ciprus-cm-magas\\\/#primaryimage\"},\"thumbnailUrl\":\"https:\\\/\\\/tajkertesz.com\\\/wp-content\\\/uploads\\\/2020\\\/10\\\/20220211_162902-scaled.jpg\",\"datePublished\":\"2023-08-10T10:42:17+00:00\",\"dateModified\":\"2026-02-24T11:28:38+00:00\",\"description\":\"A Cupressocyparis leylandii ,Leylandi ciprus az egyik legn\u00e9pszer\u0171bb n\u00f6v\u00e9ny s\u00f6v\u00e9nynek , mely a leggyorsabban is n\u00f6vekszik.\u00a0\",\"breadcrumb\":{\"@id\":\"https:\\\/\\\/tajkertesz.com\\\/termek\\\/cupressocyparis-leylandii-leylandi-ciprus-cm-magas\\\/#breadcrumb\"},\"inLanguage\":\"en-US\",\"potentialAction\":[{\"@type\":\"ReadAction\",\"target\":[\"https:\\\/\\\/tajkertesz.com\\\/termek\\\/cupressocyparis-leylandii-leylandi-ciprus-cm-magas\\\/\"]}]},{\"@type\":\"ImageObject\",\"inLanguage\":\"en-US\",\"@id\":\"https:\\\/\\\/tajkertesz.com\\\/termek\\\/cupressocyparis-leylandii-leylandi-ciprus-cm-magas\\\/#primaryimage\",\"url\":\"https:\\\/\\\/tajkertesz.com\\\/wp-content\\\/uploads\\\/2020\\\/10\\\/20220211_162902-scaled.jpg\",\"contentUrl\":\"https:\\\/\\\/tajkertesz.com\\\/wp-content\\\/uploads\\\/2020\\\/10\\\/20220211_162902-scaled.jpg\",\"width\":1920,\"height\":1132,\"caption\":\"Cupressocyparis leylandii - Leylandi ciprus\"},{\"@type\":\"BreadcrumbList\",\"@id\":\"https:\\\/\\\/tajkertesz.com\\\/termek\\\/cupressocyparis-leylandii-leylandi-ciprus-cm-magas\\\/#breadcrumb\",\"itemListElement\":[{\"@type\":\"ListItem\",\"position\":1,\"name\":\"Home\",\"item\":\"https:\\\/\\\/tajkertesz.com\\\/\"},{\"@type\":\"ListItem\",\"position\":2,\"name\":\"Kezd\u0151lap\",\"item\":\"https:\\\/\\\/tajkertesz.com\\\/\"},{\"@type\":\"ListItem\",\"position\":3,\"name\":\"Cupressocyparis leylandii , Leylandi ciprus 500+ cm magas\"}]},{\"@type\":\"WebSite\",\"@id\":\"https:\\\/\\\/tajkertesz.com\\\/#website\",\"url\":\"https:\\\/\\\/tajkertesz.com\\\/\",\"name\":\"T\u00e1j-Kert\u00e9sz 84 Kft.\",\"description\":\"Kert\u00e9szeti kis- \u00e9s nagykeresked\u00e9s, D\u00edszn\u00f6v\u00e9ny web\u00e1ruh\u00e1z orsz\u00e1gos h\u00e1zhozsz\u00e1ll\u00edt\u00e1ssal!\",\"publisher\":{\"@id\":\"https:\\\/\\\/tajkertesz.com\\\/#organization\"},\"potentialAction\":[{\"@type\":\"SearchAction\",\"target\":{\"@type\":\"EntryPoint\",\"urlTemplate\":\"https:\\\/\\\/tajkertesz.com\\\/?s={search_term_string}\"},\"query-input\":{\"@type\":\"PropertyValueSpecification\",\"valueRequired\":true,\"valueName\":\"search_term_string\"}}],\"inLanguage\":\"en-US\"},{\"@type\":\"Organization\",\"@id\":\"https:\\\/\\\/tajkertesz.com\\\/#organization\",\"name\":\"T\u00e1j-Kert\u00e9sz 84 Kft.\",\"url\":\"https:\\\/\\\/tajkertesz.com\\\/\",\"logo\":{\"@type\":\"ImageObject\",\"inLanguage\":\"en-US\",\"@id\":\"https:\\\/\\\/tajkertesz.com\\\/#\\\/schema\\\/logo\\\/image\\\/\",\"url\":\"https:\\\/\\\/tajkertesz.com\\\/wp-content\\\/uploads\\\/2018\\\/02\\\/logo-2-e1518678052539.png\",\"contentUrl\":\"https:\\\/\\\/tajkertesz.com\\\/wp-content\\\/uploads\\\/2018\\\/02\\\/logo-2-e1518678052539.png\",\"width\":81,\"height\":140,\"caption\":\"T\u00e1j-Kert\u00e9sz 84 Kft.\"},\"image\":{\"@id\":\"https:\\\/\\\/tajkertesz.com\\\/#\\\/schema\\\/logo\\\/image\\\/\"},\"sameAs\":[\"https:\\\/\\\/www.facebook.com\\\/Tajkertesz\\\/\"]}]}<\/script>\n<!-- \/ Yoast SEO plugin. -->","yoast_head_json":{"title":"Cupressocyparis leylandii , Leylandi ciprus 500+ cm magas - T\u00e1jkert\u00e9sz","description":"A Cupressocyparis leylandii ,Leylandi ciprus az egyik legn\u00e9pszer\u0171bb n\u00f6v\u00e9ny s\u00f6v\u00e9nynek , mely a leggyorsabban is n\u00f6vekszik.\u00a0","robots":{"index":"index","follow":"follow","max-snippet":"max-snippet:-1","max-image-preview":"max-image-preview:large","max-video-preview":"max-video-preview:-1"},"canonical":"https:\/\/tajkertesz.com\/en_US\/product\/cupressocyparis-leylandii-leylandi-ciprus-cm-magas\/","og_locale":"en_US","og_type":"article","og_title":"Cupressocyparis leylandii , Leylandi ciprus 500+ cm magas - T\u00e1jkert\u00e9sz","og_description":"A Cupressocyparis leylandii ,Leylandi ciprus az egyik legn\u00e9pszer\u0171bb n\u00f6v\u00e9ny s\u00f6v\u00e9nynek , mely a leggyorsabban is n\u00f6vekszik.\u00a0","og_url":"https:\/\/tajkertesz.com\/en_US\/product\/cupressocyparis-leylandii-leylandi-ciprus-cm-magas\/","og_site_name":"T\u00e1jkert\u00e9sz","article_publisher":"https:\/\/www.facebook.com\/Tajkertesz\/","article_modified_time":"2026-02-24T11:28:38+00:00","og_image":[{"width":1920,"height":1132,"url":"https:\/\/tajkertesz.com\/wp-content\/uploads\/2020\/10\/20220211_162902-scaled.jpg","type":"image\/jpeg"}],"twitter_card":"summary_large_image","twitter_misc":{"Est. reading time":"2 minutes"},"schema":{"@context":"https:\/\/schema.org","@graph":[{"@type":"WebPage","@id":"https:\/\/tajkertesz.com\/termek\/cupressocyparis-leylandii-leylandi-ciprus-cm-magas\/","url":"https:\/\/tajkertesz.com\/termek\/cupressocyparis-leylandii-leylandi-ciprus-cm-magas\/","name":"Cupressocyparis leylandii , Leylandi ciprus 500+ cm magas - T\u00e1jkert\u00e9sz","isPartOf":{"@id":"https:\/\/tajkertesz.com\/#website"},"primaryImageOfPage":{"@id":"https:\/\/tajkertesz.com\/termek\/cupressocyparis-leylandii-leylandi-ciprus-cm-magas\/#primaryimage"},"image":{"@id":"https:\/\/tajkertesz.com\/termek\/cupressocyparis-leylandii-leylandi-ciprus-cm-magas\/#primaryimage"},"thumbnailUrl":"https:\/\/tajkertesz.com\/wp-content\/uploads\/2020\/10\/20220211_162902-scaled.jpg","datePublished":"2023-08-10T10:42:17+00:00","dateModified":"2026-02-24T11:28:38+00:00","description":"A Cupressocyparis leylandii ,Leylandi ciprus az egyik legn\u00e9pszer\u0171bb n\u00f6v\u00e9ny s\u00f6v\u00e9nynek , mely a leggyorsabban is n\u00f6vekszik.\u00a0","breadcrumb":{"@id":"https:\/\/tajkertesz.com\/termek\/cupressocyparis-leylandii-leylandi-ciprus-cm-magas\/#breadcrumb"},"inLanguage":"en-US","potentialAction":[{"@type":"ReadAction","target":["https:\/\/tajkertesz.com\/termek\/cupressocyparis-leylandii-leylandi-ciprus-cm-magas\/"]}]},{"@type":"ImageObject","inLanguage":"en-US","@id":"https:\/\/tajkertesz.com\/termek\/cupressocyparis-leylandii-leylandi-ciprus-cm-magas\/#primaryimage","url":"https:\/\/tajkertesz.com\/wp-content\/uploads\/2020\/10\/20220211_162902-scaled.jpg","contentUrl":"https:\/\/tajkertesz.com\/wp-content\/uploads\/2020\/10\/20220211_162902-scaled.jpg","width":1920,"height":1132,"caption":"Cupressocyparis leylandii - Leylandi ciprus"},{"@type":"BreadcrumbList","@id":"https:\/\/tajkertesz.com\/termek\/cupressocyparis-leylandii-leylandi-ciprus-cm-magas\/#breadcrumb","itemListElement":[{"@type":"ListItem","position":1,"name":"Home","item":"https:\/\/tajkertesz.com\/"},{"@type":"ListItem","position":2,"name":"Kezd\u0151lap","item":"https:\/\/tajkertesz.com\/"},{"@type":"ListItem","position":3,"name":"Cupressocyparis leylandii , Leylandi ciprus 500+ cm magas"}]},{"@type":"WebSite","@id":"https:\/\/tajkertesz.com\/#website","url":"https:\/\/tajkertesz.com\/","name":"T\u00e1j-Kert\u00e9sz 84 Kft.","description":"Kert\u00e9szeti kis- \u00e9s nagykeresked\u00e9s, D\u00edszn\u00f6v\u00e9ny web\u00e1ruh\u00e1z orsz\u00e1gos h\u00e1zhozsz\u00e1ll\u00edt\u00e1ssal!","publisher":{"@id":"https:\/\/tajkertesz.com\/#organization"},"potentialAction":[{"@type":"SearchAction","target":{"@type":"EntryPoint","urlTemplate":"https:\/\/tajkertesz.com\/?s={search_term_string}"},"query-input":{"@type":"PropertyValueSpecification","valueRequired":true,"valueName":"search_term_string"}}],"inLanguage":"en-US"},{"@type":"Organization","@id":"https:\/\/tajkertesz.com\/#organization","name":"T\u00e1j-Kert\u00e9sz 84 Kft.","url":"https:\/\/tajkertesz.com\/","logo":{"@type":"ImageObject","inLanguage":"en-US","@id":"https:\/\/tajkertesz.com\/#\/schema\/logo\/image\/","url":"https:\/\/tajkertesz.com\/wp-content\/uploads\/2018\/02\/logo-2-e1518678052539.png","contentUrl":"https:\/\/tajkertesz.com\/wp-content\/uploads\/2018\/02\/logo-2-e1518678052539.png","width":81,"height":140,"caption":"T\u00e1j-Kert\u00e9sz 84 Kft."},"image":{"@id":"https:\/\/tajkertesz.com\/#\/schema\/logo\/image\/"},"sameAs":["https:\/\/www.facebook.com\/Tajkertesz\/"]}]}},"_links":{"self":[{"href":"https:\/\/tajkertesz.com\/en_US\/wp-json\/wp\/v2\/product\/16377","targetHints":{"allow":["GET"]}}],"collection":[{"href":"https:\/\/tajkertesz.com\/en_US\/wp-json\/wp\/v2\/product"}],"about":[{"href":"https:\/\/tajkertesz.com\/en_US\/wp-json\/wp\/v2\/types\/product"}],"wp:featuredmedia":[{"embeddable":true,"href":"https:\/\/tajkertesz.com\/en_US\/wp-json\/wp\/v2\/media\/12389"}],"wp:attachment":[{"href":"https:\/\/tajkertesz.com\/en_US\/wp-json\/wp\/v2\/media?parent=16377"}],"wp:term":[{"taxonomy":"product_brand","embeddable":true,"href":"https:\/\/tajkertesz.com\/en_US\/wp-json\/wp\/v2\/product_brand?post=16377"},{"taxonomy":"product_cat","embeddable":true,"href":"https:\/\/tajkertesz.com\/en_US\/wp-json\/wp\/v2\/product_cat?post=16377"},{"taxonomy":"product_tag","embeddable":true,"href":"https:\/\/tajkertesz.com\/en_US\/wp-json\/wp\/v2\/product_tag?post=16377"}],"curies":[{"name":"wp","href":"https:\/\/api.w.org\/{rel}","templated":true}]}}