{"id":16384,"date":"2023-08-10T14:29:56","date_gmt":"2023-08-10T14:29:56","guid":{"rendered":"https:\/\/tajkertesz.com\/?post_type=product&#038;p=16384"},"modified":"2026-04-20T12:43:04","modified_gmt":"2026-04-20T12:43:04","slug":"fiskars-solid-keskeny-ultetokanal-1000695-2","status":"publish","type":"product","link":"https:\/\/tajkertesz.com\/en_US\/product\/fiskars-solid-keskeny-ultetokanal-1000695-2\/","title":{"rendered":"FISKARS SOLID KESKENY \u00dcLTET\u0150KAN\u00c1L (1000695)"},"content":{"rendered":"<h2>FISKARS SOLID KESKENY \u00dcLTET\u0150KAN\u00c1L (1000695)<\/h2>\n<h2>FISKARS SOLID KESKENY \u00dcLTET\u0150KAN\u00c1L (1000695)ide\u00e1lis a kiskerti \u00fcltet\u00e9shez. K\u00f6nny\u0171 \u00e9s tart\u00f3s FiberComp \u2122 anyag\u00fa.<\/h2>\n<p>A j\u00f3 min\u0151s\u00e9g\u0171 n\u00f6v\u00e9nyeink meg\u00e9rdemlik a j\u00f3 min\u0151s\u00e9g\u0171\u00a0 \u00fcltet\u0151 eszk\u00f6z\u00f6ket.<\/p>\n<p>A megk\u00fcl\u00f6nb\u00f6ztet\u0151 feh\u00e9r sz\u00edne miatt k\u00f6nnyen megtal\u00e1lhat\u00f3 a kertben. Rozsdamentes a term\u00e9k \u00e9s\u00a0 tal\u00e1lhat\u00f3 rajta egy f\u00fcgg\u0151 lyuk az egyszer\u0171 t\u00e1rol\u00e1s \u00e9rdek\u00e9ben.<\/p>\n<p>El\u00e9rhet\u0151 t\u00f6bbf\u00e9le m\u00e9retben \u00e9s \u00e1rban.<\/p>\n<p><strong>K\u00e9szlet\u00fcnk napi szinten v\u00e1ltozik, ez\u00e9rt k\u00e9rj\u00fck, \u00e9rdekl\u0151dj\u00f6n szem\u00e9lyesen, telefonon vagy email-en.<br \/>\nA v\u00e1ltoztat\u00e1s jog\u00e1t fenntartjuk!\u00a0<\/strong><\/p>\n<p>&nbsp;<\/p>\n<p><a href=\"https:\/\/tajkertesz.com\/\">https:\/\/tajkertesz.com\/<\/a><\/p>\n<p><a href=\"https:\/\/www.facebook.com\/tajkertesz\/\">https:\/\/www.facebook.com\/tajkertesz\/<\/a><\/p>\n<p>Kisz\u00e1ll\u00edt\u00e1s: 200cm-ig \u00a0\u00e9s 40 kg-ig a sz\u00e1ll\u00edt\u00e1s fut\u00e1rszolg\u00e1lattal \u00a0t\u00f6rt\u00e9nik.<\/p>\n<p>Szem\u00e9lyes \u00e1tv\u00e9tel nyitvatart\u00e1si id\u0151ben a 17. ker\u00fclet Bakancsos utca 7. sz\u00e1m alatti Kert\u00e9szeti \u00e1rud\u00e1ban.<\/p>\n<h2 class=\"h3\"><span style=\"color: #ffffff;\">2. K\u00e9zi vagy vir\u00e1glap\u00e1t \u00e9s vir\u00e1gvilla<\/span><\/h2>\n<p>&nbsp;<\/p>\n<p><span style=\"color: #ffffff;\">A kis k\u00e9zi vagy vir\u00e1glap\u00e1t seg\u00edts\u00e9g\u00e9vel elv\u00e9gezheti az egyszer\u0171bb kerti munk\u00e1kat, kigyoml\u00e1lhatja a kertet, vir\u00e1g\u00e1gy\u00e1sba \u00fcltetheti a kisebb m\u00e9ret\u0171 n\u00f6v\u00e9nyeket, vir\u00e1gf\u00f6ldet vagy tr\u00e1gy\u00e1t adagolhat.<\/span><br \/>\n<span style=\"color: #ffffff;\">A vir\u00e1gvilla lehet\u0151v\u00e9 teszi, hogy a r\u00e9gi n\u00f6v\u00e9nyeket megk\u00edm\u00e9lve \u00fajakat \u00fcltessen az \u00e1gy\u00e1s vagy a vir\u00e1gtart\u00f3 m\u00e1r megl\u00e9v\u0151 n\u00f6v\u00e9nyei k\u00f6z\u00e9.<\/span><\/p>\n<p><span style=\"color: #ffffff;\"><strong>Praktikus:<\/strong>\u00a0A kicsi k\u00e9zi lap\u00e1t eleinte helyettes\u00edtheti ak\u00e1r a gyomkisz\u00far\u00f3t vagy a vir\u00e1ghagyma-\u00fcltet\u0151t is.<\/span><\/p>\n<p><span style=\"color: #ffffff;\"><strong>Fontos:<\/strong>\u00a0\u00dcgyeljen arra, hogy a lap\u00e1t nyele \u00e9s markolata stabilan r\u00f6gz\u00fclj\u00f6n egym\u00e1shoz. Gyenge min\u0151s\u00e9g\u0171 szersz\u00e1mokn\u00e1l gyakran el\u0151fordul, hogy elhajl\u00edk vagy ak\u00e1r el is t\u00f6rik a ny\u00e9l.<\/span><\/p>\n<h2 class=\"h3\"><span style=\"color: #ffffff;\">2. K\u00e9zi vagy vir\u00e1glap\u00e1t \u00e9s vir\u00e1gvilla<\/span><\/h2>\n<p>&nbsp;<\/p>\n<p><span style=\"color: #ffffff;\">A kis k\u00e9zi vagy vir\u00e1glap\u00e1t seg\u00edts\u00e9g\u00e9vel elv\u00e9gezheti az egyszer\u0171bb kerti munk\u00e1kat, kigyoml\u00e1lhatja a kertet, vir\u00e1g\u00e1gy\u00e1sba \u00fcltetheti a kisebb m\u00e9ret\u0171 n\u00f6v\u00e9nyeket, vir\u00e1gf\u00f6ldet vagy tr\u00e1gy\u00e1t adagolhat.<\/span><br \/>\n<span style=\"color: #ffffff;\">A vir\u00e1gvilla lehet\u0151v\u00e9 teszi, hogy a r\u00e9gi n\u00f6v\u00e9nyeket megk\u00edm\u00e9lve \u00fajakat \u00fcltessen az \u00e1gy\u00e1s vagy a vir\u00e1gtart\u00f3 m\u00e1r megl\u00e9v\u0151 n\u00f6v\u00e9nyei k\u00f6z\u00e9.<\/span><\/p>\n<p><span style=\"color: #ffffff;\"><strong>Praktikus:<\/strong>\u00a0A kicsi k\u00e9zi lap\u00e1t eleinte helyettes\u00edtheti ak\u00e1r a gyomkisz\u00far\u00f3t vagy a vir\u00e1ghagyma-\u00fcltet\u0151t is.<\/span><\/p>\n<p><span style=\"color: #ffffff;\"><strong>Fontos:<\/strong>\u00a0\u00dcgyeljen arra, hogy a lap\u00e1t nyele \u00e9s markolata stabilan r\u00f6gz\u00fclj\u00f6n egym\u00e1shoz. Gyenge min\u0151s\u00e9g\u0171 szersz\u00e1mokn\u00e1l gyakran el\u0151fordul, hogy elhajl\u00edk vagy ak\u00e1r el is t\u00f6rik a ny\u00e9l.<\/span><\/p>\n<p>&nbsp;<\/p>\n<p><span style=\"color: #ffffff;\"><b>Jelmagyar\u00e1zat<\/b><\/span><\/p>\n<p><span style=\"color: #ffffff;\">A k\u00fcl\u00f6n nem jel\u00f6lt n\u00f6v\u00e9nyek\u00a0<a style=\"color: #ffffff;\" title=\"\u00c9vel\u0151 n\u00f6v\u00e9ny\" href=\"https:\/\/hu.wikipedia.org\/wiki\/%C3%89vel%C5%91_n%C3%B6v%C3%A9ny\">\u00e9vel\u0151k<\/a>.<\/span><\/p>\n<p><span style=\"color: #ffffff;\"><b>\u00c9<\/b>: \u00e9vel\u0151, t\u00f6bb \u00e9vig is a hely\u00e9n marad\u00f3, \u00e9venk\u00e9nt \u00fajra vir\u00e1gz\u00f3 n\u00f6v\u00e9ny.<\/span><\/p>\n<p><span style=\"color: #ffffff;\"><b>E<\/b>:\u00a0<a style=\"color: #ffffff;\" title=\"Egy\u00e9ves n\u00f6v\u00e9ny\" href=\"https:\/\/hu.wikipedia.org\/wiki\/Egy%C3%A9ves_n%C3%B6v%C3%A9ny\">egy\u00e9ves<\/a>, magr\u00f3l tavasszal kel\u0151, ny\u00e1ron vir\u00e1gz\u00f3, \u0151sszel elpusztul\u00f3 n\u00f6v\u00e9ny.<\/span><\/p>\n<p><span style=\"color: #ffffff;\"><b>K<\/b>:\u00a0<a style=\"color: #ffffff;\" title=\"K\u00e9t\u00e9ves n\u00f6v\u00e9ny\" href=\"https:\/\/hu.wikipedia.org\/wiki\/K%C3%A9t%C3%A9ves_n%C3%B6v%C3%A9ny\">k\u00e9t\u00e9ves<\/a>, els\u0151 \u00e9vben magr\u00f3l kel, m\u00e1sodik \u00e9vben vir\u00e1gzik.<\/span><\/p>\n<p><span style=\"color: #ffffff;\"><b>F<\/b>: fagy\u00e9rz\u00e9keny, takar\u00e1ssal vagy z\u00e1rt helyen kell teleltetni.<\/span><\/p>\n<p><span style=\"color: #ffffff;\"><b>H<\/b>:\u00a0<a style=\"color: #ffffff;\" title=\"Hagyma (n\u00f6v\u00e9nyalaktan)\" href=\"https:\/\/hu.wikipedia.org\/wiki\/Hagyma_(n%C3%B6v%C3%A9nyalaktan)\">hagym\u00e1s<\/a>.<\/span><\/p>\n<p><span style=\"color: #ffffff;\"><b>GY<\/b>:\u00a0<a style=\"color: #ffffff;\" title=\"Gy\u00f6kt\u00f6rzs\" href=\"https:\/\/hu.wikipedia.org\/wiki\/Gy%C3%B6kt%C3%B6rzs\">gy\u00f6kt\u00f6rzses<\/a>.<\/span><\/p>\n<p>&nbsp;<\/p>","protected":false},"excerpt":{"rendered":"<h2>FISKARS SOLID KESKENY \u00dcLTET\u0150KAN\u00c1L (1000695)<\/h2>\n<p>Ide\u00e1lis eszk\u00f6z \u00fcltet\u00e9shez \u00e9s gyoml\u00e1l\u00e1shoz&#8230;.<\/p>\n<p><strong>K\u00e9szlet\u00fcnk napi szinten v\u00e1ltozik, ez\u00e9rt k\u00e9rj\u00fck, \u00e9rdekl\u0151dj\u00f6n szem\u00e9lyesen, telefonon vagy email-en.<br \/>\nA v\u00e1ltoztat\u00e1s jog\u00e1t fenntartjuk!\u00a0<\/strong><\/p>","protected":false},"featured_media":16385,"template":"","meta":{"_et_pb_use_builder":"","_et_pb_old_content":"","_et_gb_content_width":""},"product_brand":[],"product_cat":[4649],"product_tag":[116],"class_list":{"0":"post-16384","1":"product","2":"type-product","3":"status-publish","4":"has-post-thumbnail","6":"product_cat-fiskars-kezi-ultetoeszkozok","7":"product_tag-fiskars","9":"first","10":"instock","11":"shipping-taxable","12":"purchasable","13":"product-type-simple"},"yoast_head":"<!-- This site is optimized with the Yoast SEO plugin v27.5 - https:\/\/yoast.com\/product\/yoast-seo-wordpress\/ -->\n<title>FISKARS SOLID KESKENY \u00dcLTET\u0150KAN\u00c1L (1000695) - T\u00e1jkert\u00e9sz<\/title>\n<meta name=\"description\" content=\"Fiskars \u00fcltet\u0151kan\u00e1l. T\u00f6k\u00e9letes sz\u0171k \u00e1gy\u00e1sok \u00e9s balkonl\u00e1d\u00e1k rendez\u00e9s\u00e9hezK\u00f6nny\u0171 \u00e9s tart\u00f3s FiberComp\u2122 anyagb\u00f3l k\u00e9sz\u00fclt. Kert\u00e9szeti kis-\u00e9s nagykeresked\u00e9s\" \/>\n<meta name=\"robots\" content=\"index, follow, max-snippet:-1, max-image-preview:large, max-video-preview:-1\" \/>\n<link rel=\"canonical\" href=\"https:\/\/tajkertesz.com\/en_US\/product\/fiskars-solid-keskeny-ultetokanal-1000695-2\/\" \/>\n<meta property=\"og:locale\" content=\"en_US\" \/>\n<meta property=\"og:type\" content=\"article\" \/>\n<meta property=\"og:title\" content=\"https:\/\/www.facebook.com\/tajkertesz\" \/>\n<meta property=\"og:description\" content=\"Fiskars \u00fcltet\u0151kan\u00e1l. T\u00f6k\u00e9letes sz\u0171k \u00e1gy\u00e1sok \u00e9s balkonl\u00e1d\u00e1k rendez\u00e9s\u00e9hezK\u00f6nny\u0171 \u00e9s tart\u00f3s FiberComp\u2122 anyagb\u00f3l k\u00e9sz\u00fclt. Kert\u00e9szeti kis-\u00e9s nagykeresked\u00e9s\" \/>\n<meta property=\"og:url\" content=\"https:\/\/tajkertesz.com\/en_US\/product\/fiskars-solid-keskeny-ultetokanal-1000695-2\/\" \/>\n<meta property=\"og:site_name\" content=\"T\u00e1jkert\u00e9sz\" \/>\n<meta property=\"article:publisher\" content=\"https:\/\/www.facebook.com\/Tajkertesz\/\" \/>\n<meta property=\"article:modified_time\" content=\"2026-04-20T12:43:04+00:00\" \/>\n<meta property=\"og:image\" content=\"https:\/\/tajkertesz.com\/wp-content\/uploads\/2023\/08\/137010.jpg\" \/>\n\t<meta property=\"og:image:width\" content=\"1000\" \/>\n\t<meta property=\"og:image:height\" content=\"1000\" \/>\n\t<meta property=\"og:image:type\" content=\"image\/jpeg\" \/>\n<meta name=\"twitter:card\" content=\"summary_large_image\" \/>\n<meta name=\"twitter:label1\" content=\"Est. reading time\" \/>\n\t<meta name=\"twitter:data1\" content=\"2 minutes\" \/>\n<script type=\"application\/ld+json\" class=\"yoast-schema-graph\">{\"@context\":\"https:\\\/\\\/schema.org\",\"@graph\":[{\"@type\":\"WebPage\",\"@id\":\"https:\\\/\\\/tajkertesz.com\\\/termek\\\/fiskars-solid-keskeny-ultetokanal-1000695-2\\\/\",\"url\":\"https:\\\/\\\/tajkertesz.com\\\/termek\\\/fiskars-solid-keskeny-ultetokanal-1000695-2\\\/\",\"name\":\"FISKARS SOLID KESKENY \u00dcLTET\u0150KAN\u00c1L (1000695) - T\u00e1jkert\u00e9sz\",\"isPartOf\":{\"@id\":\"https:\\\/\\\/tajkertesz.com\\\/#website\"},\"primaryImageOfPage\":{\"@id\":\"https:\\\/\\\/tajkertesz.com\\\/termek\\\/fiskars-solid-keskeny-ultetokanal-1000695-2\\\/#primaryimage\"},\"image\":{\"@id\":\"https:\\\/\\\/tajkertesz.com\\\/termek\\\/fiskars-solid-keskeny-ultetokanal-1000695-2\\\/#primaryimage\"},\"thumbnailUrl\":\"https:\\\/\\\/tajkertesz.com\\\/wp-content\\\/uploads\\\/2023\\\/08\\\/137010.jpg\",\"datePublished\":\"2023-08-10T14:29:56+00:00\",\"dateModified\":\"2026-04-20T12:43:04+00:00\",\"description\":\"Fiskars \u00fcltet\u0151kan\u00e1l. T\u00f6k\u00e9letes sz\u0171k \u00e1gy\u00e1sok \u00e9s balkonl\u00e1d\u00e1k rendez\u00e9s\u00e9hezK\u00f6nny\u0171 \u00e9s tart\u00f3s FiberComp\u2122 anyagb\u00f3l k\u00e9sz\u00fclt. Kert\u00e9szeti kis-\u00e9s nagykeresked\u00e9s\",\"breadcrumb\":{\"@id\":\"https:\\\/\\\/tajkertesz.com\\\/termek\\\/fiskars-solid-keskeny-ultetokanal-1000695-2\\\/#breadcrumb\"},\"inLanguage\":\"en-US\",\"potentialAction\":[{\"@type\":\"ReadAction\",\"target\":[\"https:\\\/\\\/tajkertesz.com\\\/termek\\\/fiskars-solid-keskeny-ultetokanal-1000695-2\\\/\"]}]},{\"@type\":\"ImageObject\",\"inLanguage\":\"en-US\",\"@id\":\"https:\\\/\\\/tajkertesz.com\\\/termek\\\/fiskars-solid-keskeny-ultetokanal-1000695-2\\\/#primaryimage\",\"url\":\"https:\\\/\\\/tajkertesz.com\\\/wp-content\\\/uploads\\\/2023\\\/08\\\/137010.jpg\",\"contentUrl\":\"https:\\\/\\\/tajkertesz.com\\\/wp-content\\\/uploads\\\/2023\\\/08\\\/137010.jpg\",\"width\":1000,\"height\":1000},{\"@type\":\"BreadcrumbList\",\"@id\":\"https:\\\/\\\/tajkertesz.com\\\/termek\\\/fiskars-solid-keskeny-ultetokanal-1000695-2\\\/#breadcrumb\",\"itemListElement\":[{\"@type\":\"ListItem\",\"position\":1,\"name\":\"Home\",\"item\":\"https:\\\/\\\/tajkertesz.com\\\/\"},{\"@type\":\"ListItem\",\"position\":2,\"name\":\"Kezd\u0151lap\",\"item\":\"https:\\\/\\\/tajkertesz.com\\\/\"},{\"@type\":\"ListItem\",\"position\":3,\"name\":\"FISKARS SOLID KESKENY \u00dcLTET\u0150KAN\u00c1L (1000695)\"}]},{\"@type\":\"WebSite\",\"@id\":\"https:\\\/\\\/tajkertesz.com\\\/#website\",\"url\":\"https:\\\/\\\/tajkertesz.com\\\/\",\"name\":\"T\u00e1j-Kert\u00e9sz 84 Kft.\",\"description\":\"Kert\u00e9szeti kis- \u00e9s nagykeresked\u00e9s, D\u00edszn\u00f6v\u00e9ny web\u00e1ruh\u00e1z orsz\u00e1gos h\u00e1zhozsz\u00e1ll\u00edt\u00e1ssal!\",\"publisher\":{\"@id\":\"https:\\\/\\\/tajkertesz.com\\\/#organization\"},\"potentialAction\":[{\"@type\":\"SearchAction\",\"target\":{\"@type\":\"EntryPoint\",\"urlTemplate\":\"https:\\\/\\\/tajkertesz.com\\\/?s={search_term_string}\"},\"query-input\":{\"@type\":\"PropertyValueSpecification\",\"valueRequired\":true,\"valueName\":\"search_term_string\"}}],\"inLanguage\":\"en-US\"},{\"@type\":\"Organization\",\"@id\":\"https:\\\/\\\/tajkertesz.com\\\/#organization\",\"name\":\"T\u00e1j-Kert\u00e9sz 84 Kft.\",\"url\":\"https:\\\/\\\/tajkertesz.com\\\/\",\"logo\":{\"@type\":\"ImageObject\",\"inLanguage\":\"en-US\",\"@id\":\"https:\\\/\\\/tajkertesz.com\\\/#\\\/schema\\\/logo\\\/image\\\/\",\"url\":\"https:\\\/\\\/tajkertesz.com\\\/wp-content\\\/uploads\\\/2018\\\/02\\\/logo-2-e1518678052539.png\",\"contentUrl\":\"https:\\\/\\\/tajkertesz.com\\\/wp-content\\\/uploads\\\/2018\\\/02\\\/logo-2-e1518678052539.png\",\"width\":81,\"height\":140,\"caption\":\"T\u00e1j-Kert\u00e9sz 84 Kft.\"},\"image\":{\"@id\":\"https:\\\/\\\/tajkertesz.com\\\/#\\\/schema\\\/logo\\\/image\\\/\"},\"sameAs\":[\"https:\\\/\\\/www.facebook.com\\\/Tajkertesz\\\/\"]}]}<\/script>\n<!-- \/ Yoast SEO plugin. -->","yoast_head_json":{"title":"FISKARS SOLID KESKENY \u00dcLTET\u0150KAN\u00c1L (1000695) - T\u00e1jkert\u00e9sz","description":"Fiskars \u00fcltet\u0151kan\u00e1l. T\u00f6k\u00e9letes sz\u0171k \u00e1gy\u00e1sok \u00e9s balkonl\u00e1d\u00e1k rendez\u00e9s\u00e9hezK\u00f6nny\u0171 \u00e9s tart\u00f3s FiberComp\u2122 anyagb\u00f3l k\u00e9sz\u00fclt. Kert\u00e9szeti kis-\u00e9s nagykeresked\u00e9s","robots":{"index":"index","follow":"follow","max-snippet":"max-snippet:-1","max-image-preview":"max-image-preview:large","max-video-preview":"max-video-preview:-1"},"canonical":"https:\/\/tajkertesz.com\/en_US\/product\/fiskars-solid-keskeny-ultetokanal-1000695-2\/","og_locale":"en_US","og_type":"article","og_title":"https:\/\/www.facebook.com\/tajkertesz","og_description":"Fiskars \u00fcltet\u0151kan\u00e1l. T\u00f6k\u00e9letes sz\u0171k \u00e1gy\u00e1sok \u00e9s balkonl\u00e1d\u00e1k rendez\u00e9s\u00e9hezK\u00f6nny\u0171 \u00e9s tart\u00f3s FiberComp\u2122 anyagb\u00f3l k\u00e9sz\u00fclt. Kert\u00e9szeti kis-\u00e9s nagykeresked\u00e9s","og_url":"https:\/\/tajkertesz.com\/en_US\/product\/fiskars-solid-keskeny-ultetokanal-1000695-2\/","og_site_name":"T\u00e1jkert\u00e9sz","article_publisher":"https:\/\/www.facebook.com\/Tajkertesz\/","article_modified_time":"2026-04-20T12:43:04+00:00","og_image":[{"width":1000,"height":1000,"url":"https:\/\/tajkertesz.com\/wp-content\/uploads\/2023\/08\/137010.jpg","type":"image\/jpeg"}],"twitter_card":"summary_large_image","twitter_misc":{"Est. reading time":"2 minutes"},"schema":{"@context":"https:\/\/schema.org","@graph":[{"@type":"WebPage","@id":"https:\/\/tajkertesz.com\/termek\/fiskars-solid-keskeny-ultetokanal-1000695-2\/","url":"https:\/\/tajkertesz.com\/termek\/fiskars-solid-keskeny-ultetokanal-1000695-2\/","name":"FISKARS SOLID KESKENY \u00dcLTET\u0150KAN\u00c1L (1000695) - T\u00e1jkert\u00e9sz","isPartOf":{"@id":"https:\/\/tajkertesz.com\/#website"},"primaryImageOfPage":{"@id":"https:\/\/tajkertesz.com\/termek\/fiskars-solid-keskeny-ultetokanal-1000695-2\/#primaryimage"},"image":{"@id":"https:\/\/tajkertesz.com\/termek\/fiskars-solid-keskeny-ultetokanal-1000695-2\/#primaryimage"},"thumbnailUrl":"https:\/\/tajkertesz.com\/wp-content\/uploads\/2023\/08\/137010.jpg","datePublished":"2023-08-10T14:29:56+00:00","dateModified":"2026-04-20T12:43:04+00:00","description":"Fiskars \u00fcltet\u0151kan\u00e1l. T\u00f6k\u00e9letes sz\u0171k \u00e1gy\u00e1sok \u00e9s balkonl\u00e1d\u00e1k rendez\u00e9s\u00e9hezK\u00f6nny\u0171 \u00e9s tart\u00f3s FiberComp\u2122 anyagb\u00f3l k\u00e9sz\u00fclt. Kert\u00e9szeti kis-\u00e9s nagykeresked\u00e9s","breadcrumb":{"@id":"https:\/\/tajkertesz.com\/termek\/fiskars-solid-keskeny-ultetokanal-1000695-2\/#breadcrumb"},"inLanguage":"en-US","potentialAction":[{"@type":"ReadAction","target":["https:\/\/tajkertesz.com\/termek\/fiskars-solid-keskeny-ultetokanal-1000695-2\/"]}]},{"@type":"ImageObject","inLanguage":"en-US","@id":"https:\/\/tajkertesz.com\/termek\/fiskars-solid-keskeny-ultetokanal-1000695-2\/#primaryimage","url":"https:\/\/tajkertesz.com\/wp-content\/uploads\/2023\/08\/137010.jpg","contentUrl":"https:\/\/tajkertesz.com\/wp-content\/uploads\/2023\/08\/137010.jpg","width":1000,"height":1000},{"@type":"BreadcrumbList","@id":"https:\/\/tajkertesz.com\/termek\/fiskars-solid-keskeny-ultetokanal-1000695-2\/#breadcrumb","itemListElement":[{"@type":"ListItem","position":1,"name":"Home","item":"https:\/\/tajkertesz.com\/"},{"@type":"ListItem","position":2,"name":"Kezd\u0151lap","item":"https:\/\/tajkertesz.com\/"},{"@type":"ListItem","position":3,"name":"FISKARS SOLID KESKENY \u00dcLTET\u0150KAN\u00c1L (1000695)"}]},{"@type":"WebSite","@id":"https:\/\/tajkertesz.com\/#website","url":"https:\/\/tajkertesz.com\/","name":"T\u00e1j-Kert\u00e9sz 84 Kft.","description":"Kert\u00e9szeti kis- \u00e9s nagykeresked\u00e9s, D\u00edszn\u00f6v\u00e9ny web\u00e1ruh\u00e1z orsz\u00e1gos h\u00e1zhozsz\u00e1ll\u00edt\u00e1ssal!","publisher":{"@id":"https:\/\/tajkertesz.com\/#organization"},"potentialAction":[{"@type":"SearchAction","target":{"@type":"EntryPoint","urlTemplate":"https:\/\/tajkertesz.com\/?s={search_term_string}"},"query-input":{"@type":"PropertyValueSpecification","valueRequired":true,"valueName":"search_term_string"}}],"inLanguage":"en-US"},{"@type":"Organization","@id":"https:\/\/tajkertesz.com\/#organization","name":"T\u00e1j-Kert\u00e9sz 84 Kft.","url":"https:\/\/tajkertesz.com\/","logo":{"@type":"ImageObject","inLanguage":"en-US","@id":"https:\/\/tajkertesz.com\/#\/schema\/logo\/image\/","url":"https:\/\/tajkertesz.com\/wp-content\/uploads\/2018\/02\/logo-2-e1518678052539.png","contentUrl":"https:\/\/tajkertesz.com\/wp-content\/uploads\/2018\/02\/logo-2-e1518678052539.png","width":81,"height":140,"caption":"T\u00e1j-Kert\u00e9sz 84 Kft."},"image":{"@id":"https:\/\/tajkertesz.com\/#\/schema\/logo\/image\/"},"sameAs":["https:\/\/www.facebook.com\/Tajkertesz\/"]}]}},"_links":{"self":[{"href":"https:\/\/tajkertesz.com\/en_US\/wp-json\/wp\/v2\/product\/16384","targetHints":{"allow":["GET"]}}],"collection":[{"href":"https:\/\/tajkertesz.com\/en_US\/wp-json\/wp\/v2\/product"}],"about":[{"href":"https:\/\/tajkertesz.com\/en_US\/wp-json\/wp\/v2\/types\/product"}],"wp:featuredmedia":[{"embeddable":true,"href":"https:\/\/tajkertesz.com\/en_US\/wp-json\/wp\/v2\/media\/16385"}],"wp:attachment":[{"href":"https:\/\/tajkertesz.com\/en_US\/wp-json\/wp\/v2\/media?parent=16384"}],"wp:term":[{"taxonomy":"product_brand","embeddable":true,"href":"https:\/\/tajkertesz.com\/en_US\/wp-json\/wp\/v2\/product_brand?post=16384"},{"taxonomy":"product_cat","embeddable":true,"href":"https:\/\/tajkertesz.com\/en_US\/wp-json\/wp\/v2\/product_cat?post=16384"},{"taxonomy":"product_tag","embeddable":true,"href":"https:\/\/tajkertesz.com\/en_US\/wp-json\/wp\/v2\/product_tag?post=16384"}],"curies":[{"name":"wp","href":"https:\/\/api.w.org\/{rel}","templated":true}]}}