{"id":16386,"date":"2023-08-10T14:39:51","date_gmt":"2023-08-10T14:39:51","guid":{"rendered":"https:\/\/tajkertesz.com\/?post_type=product&#038;p=16386"},"modified":"2026-02-13T09:38:28","modified_gmt":"2026-02-13T09:38:28","slug":"fiskars-solid-ultetokanal-1000694","status":"publish","type":"product","link":"https:\/\/tajkertesz.com\/en_US\/product\/fiskars-solid-ultetokanal-1000694\/","title":{"rendered":"FISKARS SOLID \u00dcLTET\u0150KAN\u00c1L (1000694)"},"content":{"rendered":"<h2>FISKARS SOLID \u00dcLTET\u0150KAN\u00c1L (1000694)<\/h2>\n<p>FISKARS SOLID \u00dcLTET\u0150KAN\u00c1L (1000694)<\/p>\n<p>\u00dcltet\u00e9shez \u00e9s \u00e1t\u00fcltet\u00e9shez<br \/>\nK\u00f6nny\u0171 \u00e9s tart\u00f3s FiberComp\u2122 m\u0171anyagb\u00f3l k\u00e9sz\u00fclt<br \/>\nAkaszt\u00f3lyukkal a praktikus \u00e9s helytakar\u00e9kos t\u00e1rol\u00e1s\u00e9rt<\/p>\n<div class=\"main__title\">\n<div class=\"container\">\n<h1 class=\"main-title\">Talajgondoz\u00e1s<\/h1>\n<\/div>\n<\/div>\n<div id=\"page_cat_content\" class=\"page_content cat--type-1\">\n<section id=\"custom-content-top\" class=\"custom-content custom-content--top custom-content--page_shop_cat_503446\">\n<div class=\"custom-content__container container\">\n<div class=\"read-more is-processed\">\n<div class=\"read-more__content custom-content__content page_txt\">\n<p>Egy igaz\u00e1n sz\u00e9p \u00e9s mutat\u00f3s kertben nem csak f\u00e1k, bokrok \u00e9s p\u00e1zsit tal\u00e1lhat\u00f3ak, hanem k\u00fcl\u00f6nf\u00e9le vir\u00e1gok is. Gyarap\u00edtsa \u00d6n is kertje n\u00f6v\u00e9ny\u00e1llom\u00e1ny\u00e1t a Fiskars talajgondoz\u00f3 eszk\u00f6zei seg\u00edts\u00e9g\u00e9vel!<\/p>\n<p>A sz\u00ednpomp\u00e1s n\u00f6v\u00e9nyek \u00edzl\u00e9ses elrendez\u00e9se sokat dob a kert \u00f6sszk\u00e9p\u00e9n, \u00e9s megteremti azt az idilli, harmonikus k\u00f6rnyezetet, ahol j\u00f3lesik egy kicsit le\u00fclni \u00e9s kikapcsol\u00f3dni. Egy kert gondoz\u00e1sa nem csak a sz\u00fcks\u00e9ges munk\u00e1latokr\u00f3l sz\u00f3l, hanem arr\u00f3l is, hogy egy kicsit kikapcsol\u00f3dhat a szabadban, mik\u00f6zben szebb\u00e9 var\u00e1zsolja udvar\u00e1t, ami megh\u00e1l\u00e1lja a befektetett id\u0151t \u00e9s energi\u00e1t.<\/p>\n<p>&nbsp;<\/p>\n<\/div>\n<\/div>\n<\/div>\n<\/section>\n<\/div>\n<p>Ide\u00e1lis eszk\u00f6z \u00fcltet\u00e9shez \u00e9s \u00e1t\u00fcltet\u00e9shez<br \/>\nA Fiskars m\u0171anyag \u00fcltet\u0151 szersz\u00e1mai extr\u00e9m h\u0151t\u0171r\u00e9ssel rendelkeznek (-40 \u00e9s 150 fok k\u00f6z\u00f6tt)<br \/>\n100% \u00fajrahasznos\u00edtott FiberComp\u2122 \u00fcvegsz\u00e1las m\u0171anyagb\u00f3l<br \/>\nTart\u00f3s, nem hajlik el<br \/>\n\u00c9les\u00edthet\u0151<br \/>\nFelakaszthat\u00f3<\/p>\n<p>El\u00e9rhet\u0151 t\u00f6bbf\u00e9le m\u00e9retben \u00e9s \u00e1rban.<\/p>\n<p><strong>K\u00e9szlet\u00fcnk napi szinten v\u00e1ltozik, ez\u00e9rt k\u00e9rj\u00fck, \u00e9rdekl\u0151dj\u00f6n szem\u00e9lyesen, telefonon vagy email-en.<br \/>\nA v\u00e1ltoztat\u00e1s jog\u00e1t fenntartjuk!\u00a0<\/strong><\/p>\n<p>&nbsp;<\/p>\n<p><a href=\"https:\/\/tajkertesz.com\/\">https:\/\/tajkertesz.com\/<\/a><\/p>\n<p><a href=\"https:\/\/www.facebook.com\/tajkertesz\/\">https:\/\/www.facebook.com\/tajkertesz\/<\/a><\/p>\n<p>Kisz\u00e1ll\u00edt\u00e1s: 200cm-ig \u00a0\u00e9s 40 kg-ig a sz\u00e1ll\u00edt\u00e1s fut\u00e1rszolg\u00e1lattal \u00a0t\u00f6rt\u00e9nik.<\/p>\n<p>Szem\u00e9lyes \u00e1tv\u00e9tel nyitvatart\u00e1si id\u0151ben a 17. ker\u00fclet Bakancsos utca 7. sz\u00e1m alatti Kert\u00e9szeti \u00e1rud\u00e1ban.<\/p>\n<div class=\"main__title\">\n<div class=\"container\">\n<h6 class=\"main-title\"><span style=\"color: #ffffff;\">Talajgondoz\u00e1s<\/span><\/h6>\n<\/div>\n<\/div>\n<div id=\"page_cat_content\" class=\"page_content cat--type-1\">\n<section id=\"custom-content-top\" class=\"custom-content custom-content--top custom-content--page_shop_cat_503446\">\n<div class=\"custom-content__container container\">\n<div class=\"read-more is-processed\">\n<div class=\"read-more__content custom-content__content page_txt\">\n<h6><span style=\"color: #ffffff;\">Egy igaz\u00e1n sz\u00e9p \u00e9s mutat\u00f3s kertben nem csak f\u00e1k, bokrok \u00e9s p\u00e1zsit tal\u00e1lhat\u00f3ak, hanem k\u00fcl\u00f6nf\u00e9le vir\u00e1gok is. Gyarap\u00edtsa \u00d6n is kertje n\u00f6v\u00e9ny\u00e1llom\u00e1ny\u00e1t a Fiskars talajgondoz\u00f3 eszk\u00f6zei seg\u00edts\u00e9g\u00e9vel!<\/span><\/h6>\n<h6><span style=\"color: #ffffff;\">A sz\u00ednpomp\u00e1s n\u00f6v\u00e9nyek \u00edzl\u00e9ses elrendez\u00e9se sokat dob a kert \u00f6sszk\u00e9p\u00e9n, \u00e9s megteremti azt az idilli, harmonikus k\u00f6rnyezetet, ahol j\u00f3lesik egy kicsit le\u00fclni \u00e9s kikapcsol\u00f3dni. Egy kert gondoz\u00e1sa nem csak a sz\u00fcks\u00e9ges munk\u00e1latokr\u00f3l sz\u00f3l, hanem arr\u00f3l is, hogy egy kicsit kikapcsol\u00f3dhat a szabadban, mik\u00f6zben szebb\u00e9 var\u00e1zsolja udvar\u00e1t, ami megh\u00e1l\u00e1lja a befektetett id\u0151t \u00e9s energi\u00e1t.<\/span><\/h6>\n<\/div>\n<\/div>\n<\/div>\n<\/section>\n<\/div>\n<p>&nbsp;<\/p>\n<div id=\"bodyContent\" class=\"mw-body-content\">\n<div id=\"mw-content-text\" class=\"mw-content-ltr\" dir=\"ltr\" lang=\"hu\">\n<div id=\"bodyContent\" class=\"mw-body-content\">\n<div id=\"mw-content-text\" class=\"mw-content-ltr\" dir=\"ltr\" lang=\"hu\"><\/div>\n<\/div>\n<\/div>\n<\/div>\n<p>&nbsp;<\/p>","protected":false},"excerpt":{"rendered":"<h2>FISKARS SOLID \u00dcLTET\u0150KAN\u00c1L (1000694)<\/h2>\n<div id=\"bodyContent\" class=\"mw-body-content\">\n<div id=\"mw-content-text\" class=\"mw-content-ltr\" dir=\"ltr\" lang=\"hu\">\n<div id=\"bodyContent\" class=\"mw-body-content\">\n<div id=\"mw-content-text\" class=\"mw-content-ltr\" dir=\"ltr\" lang=\"hu\">\n<p><b>K\u00e9szlet\u00fcnk napi szinten v\u00e1ltozik, ez\u00e9rt k\u00e9rj\u00fck, \u00e9rdekl\u0151dj\u00f6n szem\u00e9lyesen, telefonon vagy email-en.<\/b><\/p>\n<p>Term\u00e9keinket szem\u00e9lyesen is \u00e1tveheti a h\u00e9t minden napj\u00e1n nyitvatart\u00e1si id\u0151ben!<\/p>\n<p>Kisz\u00e1ll\u00edt\u00e1s: 200 cm \u00e9s 40 kg is a sz\u00e1ll\u00edt\u00e1s fut\u00e1rszolg\u00e1lattal t\u00f6rt\u00e9nik.<\/p>\n<\/div>\n<\/div>\n<\/div>\n<\/div>\n<p><b>A v\u00e1ltoztat\u00e1s jog\u00e1t fenntartjuk!\u00a0<\/b><\/p>","protected":false},"featured_media":16387,"template":"","meta":{"_et_pb_use_builder":"","_et_pb_old_content":"","_et_gb_content_width":""},"product_brand":[],"product_cat":[4649],"product_tag":[116],"class_list":{"0":"post-16386","1":"product","2":"type-product","3":"status-publish","4":"has-post-thumbnail","6":"product_cat-fiskars-kezi-ultetoeszkozok","7":"product_tag-fiskars","9":"first","10":"instock","11":"shipping-taxable","12":"purchasable","13":"product-type-simple"},"yoast_head":"<!-- This site is optimized with the Yoast SEO plugin v27.3 - https:\/\/yoast.com\/product\/yoast-seo-wordpress\/ -->\n<title>FISKARS SOLID \u00dcLTET\u0150KAN\u00c1L (1000694) - T\u00e1jkert\u00e9sz<\/title>\n<meta name=\"description\" content=\"FISKARS SOLID \u00dcLTET\u0150KAN\u00c1L (1000694)\u00dcltet\u00e9shez \u00e9s \u00e1t\u00fcltet\u00e9shezK\u00f6nny\u0171 \u00e9s tart\u00f3s FiberComp\u2122 m\u0171anyagb\u00f3l k\u00e9sz\u00fcltAkaszt\u00f3lyukkal a praktikus \u00e9s helytakar\u00e9kos\" \/>\n<meta name=\"robots\" content=\"index, follow, max-snippet:-1, max-image-preview:large, max-video-preview:-1\" \/>\n<link rel=\"canonical\" href=\"https:\/\/tajkertesz.com\/en_US\/product\/fiskars-solid-ultetokanal-1000694\/\" \/>\n<meta property=\"og:locale\" content=\"en_US\" \/>\n<meta property=\"og:type\" content=\"article\" \/>\n<meta property=\"og:title\" content=\"FISKARS SOLID \u00dcLTET\u0150KAN\u00c1L (1000694) - T\u00e1jkert\u00e9sz\" \/>\n<meta property=\"og:description\" content=\"FISKARS SOLID \u00dcLTET\u0150KAN\u00c1L (1000694)\u00dcltet\u00e9shez \u00e9s \u00e1t\u00fcltet\u00e9shezK\u00f6nny\u0171 \u00e9s tart\u00f3s FiberComp\u2122 m\u0171anyagb\u00f3l k\u00e9sz\u00fcltAkaszt\u00f3lyukkal a praktikus \u00e9s helytakar\u00e9kos\" \/>\n<meta property=\"og:url\" content=\"https:\/\/tajkertesz.com\/en_US\/product\/fiskars-solid-ultetokanal-1000694\/\" \/>\n<meta property=\"og:site_name\" content=\"T\u00e1jkert\u00e9sz\" \/>\n<meta property=\"article:publisher\" content=\"https:\/\/www.facebook.com\/Tajkertesz\/\" \/>\n<meta property=\"article:modified_time\" content=\"2026-02-13T09:38:28+00:00\" \/>\n<meta property=\"og:image\" content=\"https:\/\/tajkertesz.com\/wp-content\/uploads\/2023\/08\/1000694.jpg\" \/>\n\t<meta property=\"og:image:width\" content=\"1110\" \/>\n\t<meta property=\"og:image:height\" content=\"1110\" \/>\n\t<meta property=\"og:image:type\" content=\"image\/jpeg\" \/>\n<meta name=\"twitter:card\" content=\"summary_large_image\" \/>\n<meta name=\"twitter:label1\" content=\"Est. reading time\" \/>\n\t<meta name=\"twitter:data1\" content=\"2 minutes\" \/>\n<script type=\"application\/ld+json\" class=\"yoast-schema-graph\">{\"@context\":\"https:\\\/\\\/schema.org\",\"@graph\":[{\"@type\":\"WebPage\",\"@id\":\"https:\\\/\\\/tajkertesz.com\\\/termek\\\/fiskars-solid-ultetokanal-1000694\\\/\",\"url\":\"https:\\\/\\\/tajkertesz.com\\\/termek\\\/fiskars-solid-ultetokanal-1000694\\\/\",\"name\":\"FISKARS SOLID \u00dcLTET\u0150KAN\u00c1L (1000694) - T\u00e1jkert\u00e9sz\",\"isPartOf\":{\"@id\":\"https:\\\/\\\/tajkertesz.com\\\/#website\"},\"primaryImageOfPage\":{\"@id\":\"https:\\\/\\\/tajkertesz.com\\\/termek\\\/fiskars-solid-ultetokanal-1000694\\\/#primaryimage\"},\"image\":{\"@id\":\"https:\\\/\\\/tajkertesz.com\\\/termek\\\/fiskars-solid-ultetokanal-1000694\\\/#primaryimage\"},\"thumbnailUrl\":\"https:\\\/\\\/tajkertesz.com\\\/wp-content\\\/uploads\\\/2023\\\/08\\\/1000694.jpg\",\"datePublished\":\"2023-08-10T14:39:51+00:00\",\"dateModified\":\"2026-02-13T09:38:28+00:00\",\"description\":\"FISKARS SOLID \u00dcLTET\u0150KAN\u00c1L (1000694)\u00dcltet\u00e9shez \u00e9s \u00e1t\u00fcltet\u00e9shezK\u00f6nny\u0171 \u00e9s tart\u00f3s FiberComp\u2122 m\u0171anyagb\u00f3l k\u00e9sz\u00fcltAkaszt\u00f3lyukkal a praktikus \u00e9s helytakar\u00e9kos\",\"breadcrumb\":{\"@id\":\"https:\\\/\\\/tajkertesz.com\\\/termek\\\/fiskars-solid-ultetokanal-1000694\\\/#breadcrumb\"},\"inLanguage\":\"en-US\",\"potentialAction\":[{\"@type\":\"ReadAction\",\"target\":[\"https:\\\/\\\/tajkertesz.com\\\/termek\\\/fiskars-solid-ultetokanal-1000694\\\/\"]}]},{\"@type\":\"ImageObject\",\"inLanguage\":\"en-US\",\"@id\":\"https:\\\/\\\/tajkertesz.com\\\/termek\\\/fiskars-solid-ultetokanal-1000694\\\/#primaryimage\",\"url\":\"https:\\\/\\\/tajkertesz.com\\\/wp-content\\\/uploads\\\/2023\\\/08\\\/1000694.jpg\",\"contentUrl\":\"https:\\\/\\\/tajkertesz.com\\\/wp-content\\\/uploads\\\/2023\\\/08\\\/1000694.jpg\",\"width\":1110,\"height\":1110},{\"@type\":\"BreadcrumbList\",\"@id\":\"https:\\\/\\\/tajkertesz.com\\\/termek\\\/fiskars-solid-ultetokanal-1000694\\\/#breadcrumb\",\"itemListElement\":[{\"@type\":\"ListItem\",\"position\":1,\"name\":\"Home\",\"item\":\"https:\\\/\\\/tajkertesz.com\\\/\"},{\"@type\":\"ListItem\",\"position\":2,\"name\":\"Kezd\u0151lap\",\"item\":\"https:\\\/\\\/tajkertesz.com\\\/\"},{\"@type\":\"ListItem\",\"position\":3,\"name\":\"FISKARS SOLID \u00dcLTET\u0150KAN\u00c1L (1000694)\"}]},{\"@type\":\"WebSite\",\"@id\":\"https:\\\/\\\/tajkertesz.com\\\/#website\",\"url\":\"https:\\\/\\\/tajkertesz.com\\\/\",\"name\":\"T\u00e1j-Kert\u00e9sz 84 Kft.\",\"description\":\"Kert\u00e9szeti kis- \u00e9s nagykeresked\u00e9s, D\u00edszn\u00f6v\u00e9ny web\u00e1ruh\u00e1z orsz\u00e1gos h\u00e1zhozsz\u00e1ll\u00edt\u00e1ssal!\",\"publisher\":{\"@id\":\"https:\\\/\\\/tajkertesz.com\\\/#organization\"},\"potentialAction\":[{\"@type\":\"SearchAction\",\"target\":{\"@type\":\"EntryPoint\",\"urlTemplate\":\"https:\\\/\\\/tajkertesz.com\\\/?s={search_term_string}\"},\"query-input\":{\"@type\":\"PropertyValueSpecification\",\"valueRequired\":true,\"valueName\":\"search_term_string\"}}],\"inLanguage\":\"en-US\"},{\"@type\":\"Organization\",\"@id\":\"https:\\\/\\\/tajkertesz.com\\\/#organization\",\"name\":\"T\u00e1j-Kert\u00e9sz 84 Kft.\",\"url\":\"https:\\\/\\\/tajkertesz.com\\\/\",\"logo\":{\"@type\":\"ImageObject\",\"inLanguage\":\"en-US\",\"@id\":\"https:\\\/\\\/tajkertesz.com\\\/#\\\/schema\\\/logo\\\/image\\\/\",\"url\":\"https:\\\/\\\/tajkertesz.com\\\/wp-content\\\/uploads\\\/2018\\\/02\\\/logo-2-e1518678052539.png\",\"contentUrl\":\"https:\\\/\\\/tajkertesz.com\\\/wp-content\\\/uploads\\\/2018\\\/02\\\/logo-2-e1518678052539.png\",\"width\":81,\"height\":140,\"caption\":\"T\u00e1j-Kert\u00e9sz 84 Kft.\"},\"image\":{\"@id\":\"https:\\\/\\\/tajkertesz.com\\\/#\\\/schema\\\/logo\\\/image\\\/\"},\"sameAs\":[\"https:\\\/\\\/www.facebook.com\\\/Tajkertesz\\\/\"]}]}<\/script>\n<!-- \/ Yoast SEO plugin. -->","yoast_head_json":{"title":"FISKARS SOLID \u00dcLTET\u0150KAN\u00c1L (1000694) - T\u00e1jkert\u00e9sz","description":"FISKARS SOLID \u00dcLTET\u0150KAN\u00c1L (1000694)\u00dcltet\u00e9shez \u00e9s \u00e1t\u00fcltet\u00e9shezK\u00f6nny\u0171 \u00e9s tart\u00f3s FiberComp\u2122 m\u0171anyagb\u00f3l k\u00e9sz\u00fcltAkaszt\u00f3lyukkal a praktikus \u00e9s helytakar\u00e9kos","robots":{"index":"index","follow":"follow","max-snippet":"max-snippet:-1","max-image-preview":"max-image-preview:large","max-video-preview":"max-video-preview:-1"},"canonical":"https:\/\/tajkertesz.com\/en_US\/product\/fiskars-solid-ultetokanal-1000694\/","og_locale":"en_US","og_type":"article","og_title":"FISKARS SOLID \u00dcLTET\u0150KAN\u00c1L (1000694) - T\u00e1jkert\u00e9sz","og_description":"FISKARS SOLID \u00dcLTET\u0150KAN\u00c1L (1000694)\u00dcltet\u00e9shez \u00e9s \u00e1t\u00fcltet\u00e9shezK\u00f6nny\u0171 \u00e9s tart\u00f3s FiberComp\u2122 m\u0171anyagb\u00f3l k\u00e9sz\u00fcltAkaszt\u00f3lyukkal a praktikus \u00e9s helytakar\u00e9kos","og_url":"https:\/\/tajkertesz.com\/en_US\/product\/fiskars-solid-ultetokanal-1000694\/","og_site_name":"T\u00e1jkert\u00e9sz","article_publisher":"https:\/\/www.facebook.com\/Tajkertesz\/","article_modified_time":"2026-02-13T09:38:28+00:00","og_image":[{"width":1110,"height":1110,"url":"https:\/\/tajkertesz.com\/wp-content\/uploads\/2023\/08\/1000694.jpg","type":"image\/jpeg"}],"twitter_card":"summary_large_image","twitter_misc":{"Est. reading time":"2 minutes"},"schema":{"@context":"https:\/\/schema.org","@graph":[{"@type":"WebPage","@id":"https:\/\/tajkertesz.com\/termek\/fiskars-solid-ultetokanal-1000694\/","url":"https:\/\/tajkertesz.com\/termek\/fiskars-solid-ultetokanal-1000694\/","name":"FISKARS SOLID \u00dcLTET\u0150KAN\u00c1L (1000694) - T\u00e1jkert\u00e9sz","isPartOf":{"@id":"https:\/\/tajkertesz.com\/#website"},"primaryImageOfPage":{"@id":"https:\/\/tajkertesz.com\/termek\/fiskars-solid-ultetokanal-1000694\/#primaryimage"},"image":{"@id":"https:\/\/tajkertesz.com\/termek\/fiskars-solid-ultetokanal-1000694\/#primaryimage"},"thumbnailUrl":"https:\/\/tajkertesz.com\/wp-content\/uploads\/2023\/08\/1000694.jpg","datePublished":"2023-08-10T14:39:51+00:00","dateModified":"2026-02-13T09:38:28+00:00","description":"FISKARS SOLID \u00dcLTET\u0150KAN\u00c1L (1000694)\u00dcltet\u00e9shez \u00e9s \u00e1t\u00fcltet\u00e9shezK\u00f6nny\u0171 \u00e9s tart\u00f3s FiberComp\u2122 m\u0171anyagb\u00f3l k\u00e9sz\u00fcltAkaszt\u00f3lyukkal a praktikus \u00e9s helytakar\u00e9kos","breadcrumb":{"@id":"https:\/\/tajkertesz.com\/termek\/fiskars-solid-ultetokanal-1000694\/#breadcrumb"},"inLanguage":"en-US","potentialAction":[{"@type":"ReadAction","target":["https:\/\/tajkertesz.com\/termek\/fiskars-solid-ultetokanal-1000694\/"]}]},{"@type":"ImageObject","inLanguage":"en-US","@id":"https:\/\/tajkertesz.com\/termek\/fiskars-solid-ultetokanal-1000694\/#primaryimage","url":"https:\/\/tajkertesz.com\/wp-content\/uploads\/2023\/08\/1000694.jpg","contentUrl":"https:\/\/tajkertesz.com\/wp-content\/uploads\/2023\/08\/1000694.jpg","width":1110,"height":1110},{"@type":"BreadcrumbList","@id":"https:\/\/tajkertesz.com\/termek\/fiskars-solid-ultetokanal-1000694\/#breadcrumb","itemListElement":[{"@type":"ListItem","position":1,"name":"Home","item":"https:\/\/tajkertesz.com\/"},{"@type":"ListItem","position":2,"name":"Kezd\u0151lap","item":"https:\/\/tajkertesz.com\/"},{"@type":"ListItem","position":3,"name":"FISKARS SOLID \u00dcLTET\u0150KAN\u00c1L (1000694)"}]},{"@type":"WebSite","@id":"https:\/\/tajkertesz.com\/#website","url":"https:\/\/tajkertesz.com\/","name":"T\u00e1j-Kert\u00e9sz 84 Kft.","description":"Kert\u00e9szeti kis- \u00e9s nagykeresked\u00e9s, D\u00edszn\u00f6v\u00e9ny web\u00e1ruh\u00e1z orsz\u00e1gos h\u00e1zhozsz\u00e1ll\u00edt\u00e1ssal!","publisher":{"@id":"https:\/\/tajkertesz.com\/#organization"},"potentialAction":[{"@type":"SearchAction","target":{"@type":"EntryPoint","urlTemplate":"https:\/\/tajkertesz.com\/?s={search_term_string}"},"query-input":{"@type":"PropertyValueSpecification","valueRequired":true,"valueName":"search_term_string"}}],"inLanguage":"en-US"},{"@type":"Organization","@id":"https:\/\/tajkertesz.com\/#organization","name":"T\u00e1j-Kert\u00e9sz 84 Kft.","url":"https:\/\/tajkertesz.com\/","logo":{"@type":"ImageObject","inLanguage":"en-US","@id":"https:\/\/tajkertesz.com\/#\/schema\/logo\/image\/","url":"https:\/\/tajkertesz.com\/wp-content\/uploads\/2018\/02\/logo-2-e1518678052539.png","contentUrl":"https:\/\/tajkertesz.com\/wp-content\/uploads\/2018\/02\/logo-2-e1518678052539.png","width":81,"height":140,"caption":"T\u00e1j-Kert\u00e9sz 84 Kft."},"image":{"@id":"https:\/\/tajkertesz.com\/#\/schema\/logo\/image\/"},"sameAs":["https:\/\/www.facebook.com\/Tajkertesz\/"]}]}},"_links":{"self":[{"href":"https:\/\/tajkertesz.com\/en_US\/wp-json\/wp\/v2\/product\/16386","targetHints":{"allow":["GET"]}}],"collection":[{"href":"https:\/\/tajkertesz.com\/en_US\/wp-json\/wp\/v2\/product"}],"about":[{"href":"https:\/\/tajkertesz.com\/en_US\/wp-json\/wp\/v2\/types\/product"}],"wp:featuredmedia":[{"embeddable":true,"href":"https:\/\/tajkertesz.com\/en_US\/wp-json\/wp\/v2\/media\/16387"}],"wp:attachment":[{"href":"https:\/\/tajkertesz.com\/en_US\/wp-json\/wp\/v2\/media?parent=16386"}],"wp:term":[{"taxonomy":"product_brand","embeddable":true,"href":"https:\/\/tajkertesz.com\/en_US\/wp-json\/wp\/v2\/product_brand?post=16386"},{"taxonomy":"product_cat","embeddable":true,"href":"https:\/\/tajkertesz.com\/en_US\/wp-json\/wp\/v2\/product_cat?post=16386"},{"taxonomy":"product_tag","embeddable":true,"href":"https:\/\/tajkertesz.com\/en_US\/wp-json\/wp\/v2\/product_tag?post=16386"}],"curies":[{"name":"wp","href":"https:\/\/api.w.org\/{rel}","templated":true}]}}