{"id":16389,"date":"2023-08-10T15:01:12","date_gmt":"2023-08-10T15:01:12","guid":{"rendered":"https:\/\/tajkertesz.com\/?post_type=product&#038;p=16389"},"modified":"2026-02-13T09:41:29","modified_gmt":"2026-02-13T09:41:29","slug":"fiskars-mellevago-metszoollo-p321","status":"publish","type":"product","link":"https:\/\/tajkertesz.com\/en_US\/product\/fiskars-mellevago-metszoollo-p321\/","title":{"rendered":"Fiskars mell\u00e9v\u00e1g\u00f3 metsz\u0151oll\u00f3 p321 1057162"},"content":{"rendered":"<h2>Fiskars mell\u00e9v\u00e1g\u00f3 metsz\u0151oll\u00f3 p321<\/h2>\n<p>Fiskars mell\u00e9v\u00e1g\u00f3 metsz\u0151oll\u00f3 p321<\/p>\n<p>Ez a k\u00f6nny\u0171, egyszer\u0171en haszn\u00e1lhat\u00f3 metsz\u0151oll\u00f3 ide\u00e1lis \u00e1gak, gallyak metsz\u00e9s\u00e9hez. Az edzett, prec\u00edzi\u00f3san csiszolt ac\u00e9lpenge hosszabb ideig marad \u00e9les, m\u00edg a s\u00farl\u00f3d\u00e1scs\u00f6kkent\u0151 pengebevonat korr\u00f3zi\u00f3\u00e1ll\u00f3 \u00e9s seg\u00edti a k\u00f6nnyebb, egyszer\u0171bb v\u00e1g\u00e1st.<\/p>\n<p>A k\u00f6nny\u0171, m\u00e9gis er\u0151s FiberComp\u2122 markolat biztons\u00e1gos \u00e9s k\u00e9nyelmes fog\u00e1st biztos\u00edt\u00f3 SoftGrip\u2122 bor\u00edt\u00e1ssal rendelkezik, a k\u00f6nnyen nyithat\u00f3 z\u00e1r pedig v\u00e9di a peng\u00e9t sz\u00e1ll\u00edt\u00e1skor \u00e9s t\u00e1rol\u00e1skor<\/p>\n<p>K\u00f6nny\u0171, k\u00e9nyelmesen haszn\u00e1lhat\u00f3 \u00e1gak, gallyak metsz\u00e9s\u00e9hez<br \/>\nMaximum v\u00e1g\u00f3kapacit\u00e1s: 20 mm \u00e1tm\u00e9r\u0151ig.<br \/>\nEdzett, prec\u00edzi\u00f3san csiszolt ac\u00e9lpenge hosszabb ideig marad \u00e9les<br \/>\nA s\u00farl\u00f3d\u00e1scs\u00f6kkent\u0151 pengebevonat korr\u00f3zi\u00f3\u00e1ll\u00f3, n\u00f6veli a v\u00e1g\u00f3teljes\u00edtm\u00e9nyt, \u00edgy k\u00f6nnyebb vele v\u00e1gni<br \/>\nK\u00f6nny\u0171, m\u00e9gis er\u0151s FiberComp\u2122 markolat biztons\u00e1gos \u00e9s k\u00e9nyelmes fog\u00e1st biztos\u00edt\u00f3 SoftGrip\u2122 bor\u00edt\u00e1ssal<br \/>\nMell\u00e9v\u00e1g\u00f3 penge, ide\u00e1lis friss gallyak, \u00e1gak metsz\u00e9s\u00e9hez<br \/>\nA gyorsz\u00e1r v\u00e9di a peng\u00e9t sz\u00e1ll\u00edt\u00e1skor \u00e9s t\u00e1rol\u00e1skor<br \/>\nTeljesen PVC-mentes anyagokb\u00f3l k\u00e9sz\u00fcl<\/p>\n<p>El\u00e9rhet\u0151 t\u00f6bbf\u00e9le m\u00e9retben \u00e9s \u00e1rban.<\/p>\n<p><strong>K\u00e9szlet\u00fcnk napi szinten v\u00e1ltozik, ez\u00e9rt k\u00e9rj\u00fck, \u00e9rdekl\u0151dj\u00f6n szem\u00e9lyesen, telefonon vagy email-en.<br \/>\nA v\u00e1ltoztat\u00e1s jog\u00e1t fenntartjuk!\u00a0<\/strong><\/p>\n<p>&nbsp;<\/p>\n<p><a href=\"https:\/\/tajkertesz.com\/\">https:\/\/tajkertesz.com\/<\/a><\/p>\n<p><a href=\"https:\/\/www.facebook.com\/tajkertesz\/\">https:\/\/www.facebook.com\/tajkertesz\/<\/a><\/p>\n<p>Kisz\u00e1ll\u00edt\u00e1s: 200cm-ig \u00a0\u00e9s 40 kg-ig a sz\u00e1ll\u00edt\u00e1s fut\u00e1rszolg\u00e1lattal \u00a0t\u00f6rt\u00e9nik.<\/p>\n<p>Szem\u00e9lyes \u00e1tv\u00e9tel nyitvatart\u00e1si id\u0151ben a 17. ker\u00fclet Bakancsos utca 7. sz\u00e1m alatti Kert\u00e9szeti \u00e1rud\u00e1ban.<\/p>\n<h6><span style=\"color: #ffffff;\">Ez a k\u00f6nny\u0171, egyszer\u0171en haszn\u00e1lhat\u00f3 metsz\u0151oll\u00f3 ide\u00e1lis \u00e1gak, gallyak metsz\u00e9s\u00e9hez. Az edzett, prec\u00edzi\u00f3san csiszolt ac\u00e9lpenge hosszabb ideig marad \u00e9les, m\u00edg a s\u00farl\u00f3d\u00e1scs\u00f6kkent\u0151 pengebevonat korr\u00f3zi\u00f3\u00e1ll\u00f3 \u00e9s seg\u00edti a k\u00f6nnyebb, egyszer\u0171bb v\u00e1g\u00e1st.<\/span><\/h6>\n<h6><span style=\"color: #ffffff;\">A k\u00f6nny\u0171, m\u00e9gis er\u0151s FiberComp\u2122 markolat biztons\u00e1gos \u00e9s k\u00e9nyelmes fog\u00e1st biztos\u00edt\u00f3 SoftGrip\u2122 bor\u00edt\u00e1ssal rendelkezik, a k\u00f6nnyen nyithat\u00f3 z\u00e1r pedig v\u00e9di a peng\u00e9t sz\u00e1ll\u00edt\u00e1skor \u00e9s t\u00e1rol\u00e1skor<\/span><\/h6>","protected":false},"excerpt":{"rendered":"<h2>Fiskars mell\u00e9v\u00e1g\u00f3 metsz\u0151oll\u00f3 p321<\/h2>\n<div id=\"bodyContent\" class=\"mw-body-content\">\n<div id=\"mw-content-text\" class=\"mw-content-ltr\" dir=\"ltr\" lang=\"hu\">\n<div id=\"bodyContent\" class=\"mw-body-content\">\n<div id=\"mw-content-text\" class=\"mw-content-ltr\" dir=\"ltr\" lang=\"hu\">\n<p><b>K\u00e9szlet\u00fcnk napi szinten v\u00e1ltozik, ez\u00e9rt k\u00e9rj\u00fck, \u00e9rdekl\u0151dj\u00f6n szem\u00e9lyesen, telefonon vagy email-en.<\/b><\/p>\n<p>Term\u00e9keinket szem\u00e9lyesen is \u00e1tveheti a h\u00e9t minden napj\u00e1n nyitvatart\u00e1si id\u0151ben!<\/p>\n<p>Kisz\u00e1ll\u00edt\u00e1s: 200 cm \u00e9s 40 kg is a sz\u00e1ll\u00edt\u00e1s fut\u00e1rszolg\u00e1lattal t\u00f6rt\u00e9nik.<\/p>\n<\/div>\n<\/div>\n<\/div>\n<\/div>\n<p><b>A v\u00e1ltoztat\u00e1s jog\u00e1t fenntartjuk!\u00a0<\/b><\/p>","protected":false},"featured_media":16390,"template":"","meta":{"_et_pb_use_builder":"","_et_pb_old_content":"","_et_gb_content_width":""},"product_brand":[],"product_cat":[4576],"product_tag":[116],"class_list":{"0":"post-16389","1":"product","2":"type-product","3":"status-publish","4":"has-post-thumbnail","6":"product_cat-fiskars-metszoollok","7":"product_tag-fiskars","9":"first","10":"instock","11":"shipping-taxable","12":"purchasable","13":"product-type-simple"},"yoast_head":"<!-- This site is optimized with the Yoast SEO plugin v27.5 - https:\/\/yoast.com\/product\/yoast-seo-wordpress\/ -->\n<title>Fiskars mell\u00e9v\u00e1g\u00f3 metsz\u0151oll\u00f3 p321 1057162 - T\u00e1jkert\u00e9sz<\/title>\n<meta name=\"description\" content=\"Fiskars mell\u00e9v\u00e1g\u00f3 metsz\u0151oll\u00f3 p321. A k\u00f6nny\u0171, m\u00e9gis er\u0151s FiberComp\u2122 markolat biztons\u00e1gos \u00e9s k\u00e9nyelmes fog\u00e1st biztos\u00edt\u00f3 SoftGrip\u2122 bor\u00edt\u00e1ssal rendelkezik,\" \/>\n<meta name=\"robots\" content=\"index, follow, max-snippet:-1, max-image-preview:large, max-video-preview:-1\" \/>\n<link rel=\"canonical\" href=\"https:\/\/tajkertesz.com\/en_US\/product\/fiskars-mellevago-metszoollo-p321\/\" \/>\n<meta property=\"og:locale\" content=\"en_US\" \/>\n<meta property=\"og:type\" content=\"article\" \/>\n<meta property=\"og:title\" content=\"Fiskars mell\u00e9v\u00e1g\u00f3 metsz\u0151oll\u00f3 p321 1057162 - T\u00e1jkert\u00e9sz\" \/>\n<meta property=\"og:description\" content=\"Fiskars mell\u00e9v\u00e1g\u00f3 metsz\u0151oll\u00f3 p321. A k\u00f6nny\u0171, m\u00e9gis er\u0151s FiberComp\u2122 markolat biztons\u00e1gos \u00e9s k\u00e9nyelmes fog\u00e1st biztos\u00edt\u00f3 SoftGrip\u2122 bor\u00edt\u00e1ssal rendelkezik,\" \/>\n<meta property=\"og:url\" content=\"https:\/\/tajkertesz.com\/en_US\/product\/fiskars-mellevago-metszoollo-p321\/\" \/>\n<meta property=\"og:site_name\" content=\"T\u00e1jkert\u00e9sz\" \/>\n<meta property=\"article:publisher\" content=\"https:\/\/www.facebook.com\/Tajkertesz\/\" \/>\n<meta property=\"article:modified_time\" content=\"2026-02-13T09:41:29+00:00\" \/>\n<meta property=\"og:image\" content=\"https:\/\/tajkertesz.com\/wp-content\/uploads\/2023\/08\/1057162-1.jpg\" \/>\n\t<meta property=\"og:image:width\" content=\"496\" \/>\n\t<meta property=\"og:image:height\" content=\"664\" \/>\n\t<meta property=\"og:image:type\" content=\"image\/jpeg\" \/>\n<meta name=\"twitter:card\" content=\"summary_large_image\" \/>\n<meta name=\"twitter:label1\" content=\"Est. reading time\" \/>\n\t<meta name=\"twitter:data1\" content=\"2 minutes\" \/>\n<script type=\"application\/ld+json\" class=\"yoast-schema-graph\">{\"@context\":\"https:\\\/\\\/schema.org\",\"@graph\":[{\"@type\":\"WebPage\",\"@id\":\"https:\\\/\\\/tajkertesz.com\\\/termek\\\/fiskars-mellevago-metszoollo-p321\\\/\",\"url\":\"https:\\\/\\\/tajkertesz.com\\\/termek\\\/fiskars-mellevago-metszoollo-p321\\\/\",\"name\":\"Fiskars mell\u00e9v\u00e1g\u00f3 metsz\u0151oll\u00f3 p321 1057162 - T\u00e1jkert\u00e9sz\",\"isPartOf\":{\"@id\":\"https:\\\/\\\/tajkertesz.com\\\/#website\"},\"primaryImageOfPage\":{\"@id\":\"https:\\\/\\\/tajkertesz.com\\\/termek\\\/fiskars-mellevago-metszoollo-p321\\\/#primaryimage\"},\"image\":{\"@id\":\"https:\\\/\\\/tajkertesz.com\\\/termek\\\/fiskars-mellevago-metszoollo-p321\\\/#primaryimage\"},\"thumbnailUrl\":\"https:\\\/\\\/tajkertesz.com\\\/wp-content\\\/uploads\\\/2023\\\/08\\\/1057162-1.jpg\",\"datePublished\":\"2023-08-10T15:01:12+00:00\",\"dateModified\":\"2026-02-13T09:41:29+00:00\",\"description\":\"Fiskars mell\u00e9v\u00e1g\u00f3 metsz\u0151oll\u00f3 p321. A k\u00f6nny\u0171, m\u00e9gis er\u0151s FiberComp\u2122 markolat biztons\u00e1gos \u00e9s k\u00e9nyelmes fog\u00e1st biztos\u00edt\u00f3 SoftGrip\u2122 bor\u00edt\u00e1ssal rendelkezik,\",\"breadcrumb\":{\"@id\":\"https:\\\/\\\/tajkertesz.com\\\/termek\\\/fiskars-mellevago-metszoollo-p321\\\/#breadcrumb\"},\"inLanguage\":\"en-US\",\"potentialAction\":[{\"@type\":\"ReadAction\",\"target\":[\"https:\\\/\\\/tajkertesz.com\\\/termek\\\/fiskars-mellevago-metszoollo-p321\\\/\"]}]},{\"@type\":\"ImageObject\",\"inLanguage\":\"en-US\",\"@id\":\"https:\\\/\\\/tajkertesz.com\\\/termek\\\/fiskars-mellevago-metszoollo-p321\\\/#primaryimage\",\"url\":\"https:\\\/\\\/tajkertesz.com\\\/wp-content\\\/uploads\\\/2023\\\/08\\\/1057162-1.jpg\",\"contentUrl\":\"https:\\\/\\\/tajkertesz.com\\\/wp-content\\\/uploads\\\/2023\\\/08\\\/1057162-1.jpg\",\"width\":496,\"height\":664},{\"@type\":\"BreadcrumbList\",\"@id\":\"https:\\\/\\\/tajkertesz.com\\\/termek\\\/fiskars-mellevago-metszoollo-p321\\\/#breadcrumb\",\"itemListElement\":[{\"@type\":\"ListItem\",\"position\":1,\"name\":\"Home\",\"item\":\"https:\\\/\\\/tajkertesz.com\\\/\"},{\"@type\":\"ListItem\",\"position\":2,\"name\":\"Kezd\u0151lap\",\"item\":\"https:\\\/\\\/tajkertesz.com\\\/\"},{\"@type\":\"ListItem\",\"position\":3,\"name\":\"Fiskars mell\u00e9v\u00e1g\u00f3 metsz\u0151oll\u00f3 p321 1057162\"}]},{\"@type\":\"WebSite\",\"@id\":\"https:\\\/\\\/tajkertesz.com\\\/#website\",\"url\":\"https:\\\/\\\/tajkertesz.com\\\/\",\"name\":\"T\u00e1j-Kert\u00e9sz 84 Kft.\",\"description\":\"Kert\u00e9szeti kis- \u00e9s nagykeresked\u00e9s, D\u00edszn\u00f6v\u00e9ny web\u00e1ruh\u00e1z orsz\u00e1gos h\u00e1zhozsz\u00e1ll\u00edt\u00e1ssal!\",\"publisher\":{\"@id\":\"https:\\\/\\\/tajkertesz.com\\\/#organization\"},\"potentialAction\":[{\"@type\":\"SearchAction\",\"target\":{\"@type\":\"EntryPoint\",\"urlTemplate\":\"https:\\\/\\\/tajkertesz.com\\\/?s={search_term_string}\"},\"query-input\":{\"@type\":\"PropertyValueSpecification\",\"valueRequired\":true,\"valueName\":\"search_term_string\"}}],\"inLanguage\":\"en-US\"},{\"@type\":\"Organization\",\"@id\":\"https:\\\/\\\/tajkertesz.com\\\/#organization\",\"name\":\"T\u00e1j-Kert\u00e9sz 84 Kft.\",\"url\":\"https:\\\/\\\/tajkertesz.com\\\/\",\"logo\":{\"@type\":\"ImageObject\",\"inLanguage\":\"en-US\",\"@id\":\"https:\\\/\\\/tajkertesz.com\\\/#\\\/schema\\\/logo\\\/image\\\/\",\"url\":\"https:\\\/\\\/tajkertesz.com\\\/wp-content\\\/uploads\\\/2018\\\/02\\\/logo-2-e1518678052539.png\",\"contentUrl\":\"https:\\\/\\\/tajkertesz.com\\\/wp-content\\\/uploads\\\/2018\\\/02\\\/logo-2-e1518678052539.png\",\"width\":81,\"height\":140,\"caption\":\"T\u00e1j-Kert\u00e9sz 84 Kft.\"},\"image\":{\"@id\":\"https:\\\/\\\/tajkertesz.com\\\/#\\\/schema\\\/logo\\\/image\\\/\"},\"sameAs\":[\"https:\\\/\\\/www.facebook.com\\\/Tajkertesz\\\/\"]}]}<\/script>\n<!-- \/ Yoast SEO plugin. -->","yoast_head_json":{"title":"Fiskars mell\u00e9v\u00e1g\u00f3 metsz\u0151oll\u00f3 p321 1057162 - T\u00e1jkert\u00e9sz","description":"Fiskars mell\u00e9v\u00e1g\u00f3 metsz\u0151oll\u00f3 p321. A k\u00f6nny\u0171, m\u00e9gis er\u0151s FiberComp\u2122 markolat biztons\u00e1gos \u00e9s k\u00e9nyelmes fog\u00e1st biztos\u00edt\u00f3 SoftGrip\u2122 bor\u00edt\u00e1ssal rendelkezik,","robots":{"index":"index","follow":"follow","max-snippet":"max-snippet:-1","max-image-preview":"max-image-preview:large","max-video-preview":"max-video-preview:-1"},"canonical":"https:\/\/tajkertesz.com\/en_US\/product\/fiskars-mellevago-metszoollo-p321\/","og_locale":"en_US","og_type":"article","og_title":"Fiskars mell\u00e9v\u00e1g\u00f3 metsz\u0151oll\u00f3 p321 1057162 - T\u00e1jkert\u00e9sz","og_description":"Fiskars mell\u00e9v\u00e1g\u00f3 metsz\u0151oll\u00f3 p321. A k\u00f6nny\u0171, m\u00e9gis er\u0151s FiberComp\u2122 markolat biztons\u00e1gos \u00e9s k\u00e9nyelmes fog\u00e1st biztos\u00edt\u00f3 SoftGrip\u2122 bor\u00edt\u00e1ssal rendelkezik,","og_url":"https:\/\/tajkertesz.com\/en_US\/product\/fiskars-mellevago-metszoollo-p321\/","og_site_name":"T\u00e1jkert\u00e9sz","article_publisher":"https:\/\/www.facebook.com\/Tajkertesz\/","article_modified_time":"2026-02-13T09:41:29+00:00","og_image":[{"width":496,"height":664,"url":"https:\/\/tajkertesz.com\/wp-content\/uploads\/2023\/08\/1057162-1.jpg","type":"image\/jpeg"}],"twitter_card":"summary_large_image","twitter_misc":{"Est. reading time":"2 minutes"},"schema":{"@context":"https:\/\/schema.org","@graph":[{"@type":"WebPage","@id":"https:\/\/tajkertesz.com\/termek\/fiskars-mellevago-metszoollo-p321\/","url":"https:\/\/tajkertesz.com\/termek\/fiskars-mellevago-metszoollo-p321\/","name":"Fiskars mell\u00e9v\u00e1g\u00f3 metsz\u0151oll\u00f3 p321 1057162 - T\u00e1jkert\u00e9sz","isPartOf":{"@id":"https:\/\/tajkertesz.com\/#website"},"primaryImageOfPage":{"@id":"https:\/\/tajkertesz.com\/termek\/fiskars-mellevago-metszoollo-p321\/#primaryimage"},"image":{"@id":"https:\/\/tajkertesz.com\/termek\/fiskars-mellevago-metszoollo-p321\/#primaryimage"},"thumbnailUrl":"https:\/\/tajkertesz.com\/wp-content\/uploads\/2023\/08\/1057162-1.jpg","datePublished":"2023-08-10T15:01:12+00:00","dateModified":"2026-02-13T09:41:29+00:00","description":"Fiskars mell\u00e9v\u00e1g\u00f3 metsz\u0151oll\u00f3 p321. A k\u00f6nny\u0171, m\u00e9gis er\u0151s FiberComp\u2122 markolat biztons\u00e1gos \u00e9s k\u00e9nyelmes fog\u00e1st biztos\u00edt\u00f3 SoftGrip\u2122 bor\u00edt\u00e1ssal rendelkezik,","breadcrumb":{"@id":"https:\/\/tajkertesz.com\/termek\/fiskars-mellevago-metszoollo-p321\/#breadcrumb"},"inLanguage":"en-US","potentialAction":[{"@type":"ReadAction","target":["https:\/\/tajkertesz.com\/termek\/fiskars-mellevago-metszoollo-p321\/"]}]},{"@type":"ImageObject","inLanguage":"en-US","@id":"https:\/\/tajkertesz.com\/termek\/fiskars-mellevago-metszoollo-p321\/#primaryimage","url":"https:\/\/tajkertesz.com\/wp-content\/uploads\/2023\/08\/1057162-1.jpg","contentUrl":"https:\/\/tajkertesz.com\/wp-content\/uploads\/2023\/08\/1057162-1.jpg","width":496,"height":664},{"@type":"BreadcrumbList","@id":"https:\/\/tajkertesz.com\/termek\/fiskars-mellevago-metszoollo-p321\/#breadcrumb","itemListElement":[{"@type":"ListItem","position":1,"name":"Home","item":"https:\/\/tajkertesz.com\/"},{"@type":"ListItem","position":2,"name":"Kezd\u0151lap","item":"https:\/\/tajkertesz.com\/"},{"@type":"ListItem","position":3,"name":"Fiskars mell\u00e9v\u00e1g\u00f3 metsz\u0151oll\u00f3 p321 1057162"}]},{"@type":"WebSite","@id":"https:\/\/tajkertesz.com\/#website","url":"https:\/\/tajkertesz.com\/","name":"T\u00e1j-Kert\u00e9sz 84 Kft.","description":"Kert\u00e9szeti kis- \u00e9s nagykeresked\u00e9s, D\u00edszn\u00f6v\u00e9ny web\u00e1ruh\u00e1z orsz\u00e1gos h\u00e1zhozsz\u00e1ll\u00edt\u00e1ssal!","publisher":{"@id":"https:\/\/tajkertesz.com\/#organization"},"potentialAction":[{"@type":"SearchAction","target":{"@type":"EntryPoint","urlTemplate":"https:\/\/tajkertesz.com\/?s={search_term_string}"},"query-input":{"@type":"PropertyValueSpecification","valueRequired":true,"valueName":"search_term_string"}}],"inLanguage":"en-US"},{"@type":"Organization","@id":"https:\/\/tajkertesz.com\/#organization","name":"T\u00e1j-Kert\u00e9sz 84 Kft.","url":"https:\/\/tajkertesz.com\/","logo":{"@type":"ImageObject","inLanguage":"en-US","@id":"https:\/\/tajkertesz.com\/#\/schema\/logo\/image\/","url":"https:\/\/tajkertesz.com\/wp-content\/uploads\/2018\/02\/logo-2-e1518678052539.png","contentUrl":"https:\/\/tajkertesz.com\/wp-content\/uploads\/2018\/02\/logo-2-e1518678052539.png","width":81,"height":140,"caption":"T\u00e1j-Kert\u00e9sz 84 Kft."},"image":{"@id":"https:\/\/tajkertesz.com\/#\/schema\/logo\/image\/"},"sameAs":["https:\/\/www.facebook.com\/Tajkertesz\/"]}]}},"_links":{"self":[{"href":"https:\/\/tajkertesz.com\/en_US\/wp-json\/wp\/v2\/product\/16389","targetHints":{"allow":["GET"]}}],"collection":[{"href":"https:\/\/tajkertesz.com\/en_US\/wp-json\/wp\/v2\/product"}],"about":[{"href":"https:\/\/tajkertesz.com\/en_US\/wp-json\/wp\/v2\/types\/product"}],"wp:featuredmedia":[{"embeddable":true,"href":"https:\/\/tajkertesz.com\/en_US\/wp-json\/wp\/v2\/media\/16390"}],"wp:attachment":[{"href":"https:\/\/tajkertesz.com\/en_US\/wp-json\/wp\/v2\/media?parent=16389"}],"wp:term":[{"taxonomy":"product_brand","embeddable":true,"href":"https:\/\/tajkertesz.com\/en_US\/wp-json\/wp\/v2\/product_brand?post=16389"},{"taxonomy":"product_cat","embeddable":true,"href":"https:\/\/tajkertesz.com\/en_US\/wp-json\/wp\/v2\/product_cat?post=16389"},{"taxonomy":"product_tag","embeddable":true,"href":"https:\/\/tajkertesz.com\/en_US\/wp-json\/wp\/v2\/product_tag?post=16389"}],"curies":[{"name":"wp","href":"https:\/\/api.w.org\/{rel}","templated":true}]}}