{"id":1640,"date":"2020-04-06T11:22:46","date_gmt":"2020-04-06T11:22:46","guid":{"rendered":"https:\/\/tajkertesz.com\/?post_type=product&#038;p=1640"},"modified":"2026-03-15T10:40:31","modified_gmt":"2026-03-15T10:40:31","slug":"hosta-abiqua-moonbeam","status":"publish","type":"product","link":"https:\/\/tajkertesz.com\/en_US\/product\/hosta-abiqua-moonbeam\/","title":{"rendered":"Hosta &#8216;Abiqua Moonbeam&#8217; , \u00c1rny\u00e9kliliom"},"content":{"rendered":"<p>Hosta &#8216;Abiqua Moonbeam&#8217; , \u00c1rny\u00e9kliliom<\/p>\n<p>A Hosta &#8216;Abiqua Moonbeam&#8217; , \u00c1rny\u00e9kliliom d\u00edszes lombj\u00e1\u00e9rt \u00fcltetett \u00e9vel\u0151. Sz\u00e9les z\u00f6ld levele van s\u00e1rga sz\u00e9llel. Rettenetesen v\u00e1ltozatos \u00e9vel\u0151 , Apr\u00f3 vir\u00e1gainak sz\u00edne \u00e9s lev\u00e9lform\u00e1ja illetve annak sz\u00ednv\u00e1ltozatai miatt.<\/p>\n<p>Szoliterk\u00e9nt vagy kis csoportokba \u00fcltethet\u0151.<\/p>\n<p>Azon kev\u00e9s n\u00f6v\u00e9nyek k\u00f6z\u00e9 tartozik mint neve is mutatja ,hogy \u00e1rny\u00e9kba \u00fcltethet\u0151.<\/p>\n<p>A kert\u00fcnk legs\u00f6t\u00e9tebb r\u00e9sz\u00e9ben is kiv\u00e1l\u00f3an \u00e9rzi mag\u00e1t.<\/p>\n<p>Teljesen t\u00e9l\u00e1ll\u00f3, \u00e1rny\u00e9kot , t\u00e1pd\u00fas nedves , de j\u00f3 v\u00edzelvezet\u00e9s\u0171 talajt k\u00edv\u00e1n.<\/p>\n<p>Jelen term\u00e9k\u00fcnk 2-3l-es kont\u00e9nerben kaphat\u00f3 , id\u0151j\u00e1r\u00e1s\u00a0 f\u00fcggv\u00e9ny\u00e9ben kb: 20 cm magas.<\/p>\n<p style=\"line-height: 18.0pt; background: white; margin: 0cm 0cm 15.0pt 0cm;\"><span style=\"color: black;\">kb.15-20 cm<\/span><\/p>\n<p style=\"line-height: 18.0pt; background: white; margin: 0cm 0cm 15.0pt 0cm;\"><b><span style=\"color: black;\">K\u00e9szlet\u00fcnk napi szinten v\u00e1ltozik, ez\u00e9rt k\u00e9rj\u00fck, \u00e9rdekl\u0151dj\u00f6n szem\u00e9lyesen, telefonon vagy email-en.<br \/>\nA v\u00e1ltoztat\u00e1s jog\u00e1t fenntartjuk!\u00a0<\/span><\/b><\/p>\n<p><a href=\"https:\/\/tajkertesz.com\/\">https:\/\/tajkertesz.com\/<\/a><\/p>\n<p><a href=\"https:\/\/hu.wikipedia.org\/wiki\/%C3%81rnyliliom\">https:\/\/hu.wikipedia.org\/wiki\/%C3%81rnyliliom<\/a><\/p>\n<h6><span style=\"color: #ffffff;\">A Hosta &#8216;Abiqua Moonbeam&#8217; , \u00c1rny\u00e9kliliom d\u00edszes lombj\u00e1\u00e9rt \u00fcltetett \u00e9vel\u0151. Sz\u00e9les z\u00f6ld levele van s\u00e1rga sz\u00e9llel. Rettenetesen v\u00e1ltozatos \u00e9vel\u0151 , Apr\u00f3 vir\u00e1gainak sz\u00edne \u00e9s lev\u00e9lform\u00e1ja illetve annak sz\u00ednv\u00e1ltozatai miatt.\u00a0<\/span><\/h6>\n<h6><span style=\"color: #ffffff;\">Szoliterk\u00e9nt vagy kis csoportokba \u00fcltethet\u0151.<\/span><\/h6>\n<h6><span style=\"color: #ffffff;\">Azon kev\u00e9s n\u00f6v\u00e9nyek k\u00f6z\u00e9 tartozik mint neve is mutatja ,hogy \u00e1rny\u00e9kba \u00fcltethet\u0151.<\/span><\/h6>\n<h6><span style=\"color: #ffffff;\">A kert\u00fcnk legs\u00f6t\u00e9tebb r\u00e9sz\u00e9ben is kiv\u00e1l\u00f3an \u00e9rzi mag\u00e1t.<\/span><\/h6>\n<h6><span style=\"color: #ffffff;\">Teljesen t\u00e9l\u00e1ll\u00f3, \u00e1rny\u00e9kot , t\u00e1pd\u00fas nedves , de j\u00f3 v\u00edzelvezet\u00e9s\u0171 talajt k\u00edv\u00e1n.\u00a0<\/span><\/h6>\n<h6 style=\"line-height: 18.0pt; background: white; margin: 0cm 0cm 15.0pt 0cm;\"><span style=\"color: #ffffff;\">El\u00e9rhet\u0151 t\u00f6bbf\u00e9le m\u00e9retben \u00e9s \u00e1rban.<\/span><\/h6>\n<h6><span style=\"color: #ffffff;\">Az\u00a0<b>\u00e1rnyliliom<\/b>\u00a0<i>(Hosta)<\/i>\u00a0a\u00a0<a style=\"color: #ffffff;\" title=\"Sp\u00e1rgaf\u00e9l\u00e9k\" href=\"https:\/\/hu.wikipedia.org\/wiki\/Sp%C3%A1rgaf%C3%A9l%C3%A9k\">sp\u00e1rgaf\u00e9l\u00e9k<\/a>\u00a0<i>(Asparagaceae)<\/i>\u00a0csal\u00e1dj\u00e1ba tartoz\u00f3 n\u00f6v\u00e9nyek egy\u00a0<a style=\"color: #ffffff;\" title=\"Nemzets\u00e9g (rendszertan)\" href=\"https:\/\/hu.wikipedia.org\/wiki\/Nemzets%C3%A9g_(rendszertan)\">nemzets\u00e9ge<\/a>. Kor\u00e1bban<sup id=\"cite_ref-1\" class=\"reference\"><a style=\"color: #ffffff;\" href=\"https:\/\/hu.wikipedia.org\/wiki\/%C3%81rnyliliom#cite_note-1\">[1]<\/a><\/sup>\u00a0a magyar nev\u00e9ben is t\u00fckr\u00f6z\u0151d\u0151 k\u00fcls\u0151 hasonl\u00f3s\u00e1g alapj\u00e1n a\u00a0<a style=\"color: #ffffff;\" title=\"Liliomf\u00e9l\u00e9k\" href=\"https:\/\/hu.wikipedia.org\/wiki\/Liliomf%C3%A9l%C3%A9k\">liliomf\u00e9l\u00e9k<\/a>\u00a0<i>(Liliaceae)<\/i>\u00a0csal\u00e1dj\u00e1ba sorolt\u00e1k.<\/span><\/h6>\n<h6><span id=\"Sz\u00e1rmaz\u00e1sa,_elterjed\u00e9se\" class=\"mw-headline\" style=\"color: #ffffff;\">Sz\u00e1rmaz\u00e1sa, elterjed\u00e9se<\/span><\/h6>\n<h6><span style=\"color: #ffffff;\">Fajai Kelet-\u00c1zsi\u00e1ban honosak.<\/span><\/h6>\n<h6><span style=\"color: #ffffff;\"><span id=\"Megjelen.C3.A9se.2C_fel.C3.A9p.C3.ADt.C3.A9se\"><\/span><span id=\"Megjelen\u00e9se,_fel\u00e9p\u00edt\u00e9se\" class=\"mw-headline\">Megjelen\u00e9se, fel\u00e9p\u00edt\u00e9se<\/span><\/span><\/h6>\n<h6><span style=\"color: #ffffff;\">Levelei t\u0151\u00e1ll\u00f3k; a nagy, bokros t\u00f6vek a talajt j\u00f3l takarj\u00e1k.<\/span><\/h6>\n<h6><span style=\"color: #ffffff;\">T\u00f6bbnyire b\u00f3kol\u00f3, t\u00f6lcs\u00e9rszer\u0171 vir\u00e1gai a levelek f\u00f6l\u00e9 emelked\u0151, egyoldal\u00fa f\u00fcrtben ny\u00edlnak. Hosta crispula\u00a0 Hosta fortuneii<\/span><\/h6>\n<h6><span style=\"color: #ffffff;\"><span id=\".C3.89letm.C3.B3dja.2C_term.C5.91helye\"><\/span><span id=\"\u00c9letm\u00f3dja,_term\u0151helye\" class=\"mw-headline\">\u00c9letm\u00f3dja, term\u0151hely<\/span><\/span><\/h6>\n<h6><span style=\"color: #ffffff;\"><a class=\"mw-redirect\" style=\"color: #ffffff;\" title=\"\u00c9vel\u0151\" href=\"https:\/\/hu.wikipedia.org\/wiki\/%C3%89vel%C5%91\">\u00c9vel\u0151<\/a>; tavasszal t\u0151oszt\u00e1ssal szapor\u00edthat\u00f3. Levelei k\u00e9s\u0151n hajtanak ki.<\/span><\/h6>\n<h6><span style=\"color: #ffffff;\">T\u00e9l\u00e1ll\u00f3. \u00c1rny\u00e9kot, t\u00e1pd\u00fas, nedves, de j\u00f3 v\u00edzvezet\u0151, semleges k\u00e9mhat\u00e1s\u00fa talajt k\u00edv\u00e1n. A termesztett fajok sok\u00e1ig kib\u00edrj\u00e1k egy helyen; ritk\u00e1n kell \u0151ket \u00e1t\u00fcltetni.<\/span><\/h6>\n<p>&nbsp;<\/p>\n<p>&nbsp;<\/p>\n","protected":false},"excerpt":{"rendered":"<p>A Hosta &#8216;Abiqua Moonbeam&#8217; , \u00c1rny\u00e9kliliom d\u00edszes lombj\u00e1\u00e9rt \u00fcltetett \u00e9vel\u0151. Sz\u00e9les z\u00f6ld levele van s\u00e1rga sz\u00e9llel. Rettenetesen v\u00e1ltozatos \u00e9vel\u0151 , Apr\u00f3 vir\u00e1gainak sz\u00edne \u00e9s lev\u00e9lform\u00e1ja illetve annak sz\u00ednv\u00e1ltozatai miatt.<\/p>\n<p>Szoliterk\u00e9nt vagy kis csoportokba \u00fcltethet\u0151.<\/p>\n<p>Azon kev\u00e9s n\u00f6v\u00e9nyek k\u00f6z\u00e9 tartozik mint neve is mutatja ,hogy \u00e1rny\u00e9kba \u00fcltethet\u0151.<\/p>\n<p>A kert\u00fcnk legs\u00f6t\u00e9tebb r\u00e9sz\u00e9ben is kiv\u00e1l\u00f3an \u00e9rzi mag\u00e1t.<\/p>\n<p>Teljesen t\u00e9l\u00e1ll\u00f3, \u00e1rny\u00e9kot , t\u00e1pd\u00fas nedves , de j\u00f3 v\u00edzelvezet\u00e9s\u0171 talajt k\u00edv\u00e1n.<\/p>","protected":false},"featured_media":5667,"template":"","meta":{"_et_pb_use_builder":"","_et_pb_old_content":"","_et_gb_content_width":""},"product_brand":[],"product_cat":[433],"product_tag":[435,434],"class_list":{"0":"post-1640","1":"product","2":"type-product","3":"status-publish","4":"has-post-thumbnail","6":"product_cat-evelo-novenyek","7":"product_tag-arnyekliliom","8":"product_tag-hosta-abiqua-moonbeam","10":"first","11":"outofstock","12":"shipping-taxable","13":"product-type-simple"},"yoast_head":"<!-- This site is optimized with the Yoast SEO plugin v27.3 - https:\/\/yoast.com\/product\/yoast-seo-wordpress\/ -->\n<title>Hosta &#039;Abiqua Moonbeam&#039; , \u00c1rny\u00e9kliliom - T\u00e1jkert\u00e9sz<\/title>\n<meta name=\"description\" content=\"A Hosta &#039;Abiqua Moonbeam&#039; , \u00c1rny\u00e9kliliom d\u00edszes lombj\u00e1\u00e9rt \u00fcltetett \u00e9vel\u0151. Sz\u00e9les z\u00f6ld levele van s\u00e1rga sz\u00e9llel.Rettenetesen v\u00e1ltozatos \u00e9vel\u0151.\" \/>\n<meta name=\"robots\" content=\"index, follow, max-snippet:-1, max-image-preview:large, max-video-preview:-1\" \/>\n<link rel=\"canonical\" href=\"https:\/\/tajkertesz.com\/en_US\/product\/hosta-abiqua-moonbeam\/\" \/>\n<meta property=\"og:locale\" content=\"en_US\" \/>\n<meta property=\"og:type\" content=\"article\" \/>\n<meta property=\"og:title\" content=\"Hosta &#039;Abiqua Moonbeam&#039; , \u00c1rny\u00e9kliliom - T\u00e1jkert\u00e9sz\" \/>\n<meta property=\"og:description\" content=\"A Hosta &#039;Abiqua Moonbeam&#039; , \u00c1rny\u00e9kliliom d\u00edszes lombj\u00e1\u00e9rt \u00fcltetett \u00e9vel\u0151. Sz\u00e9les z\u00f6ld levele van s\u00e1rga sz\u00e9llel.Rettenetesen v\u00e1ltozatos \u00e9vel\u0151.\" \/>\n<meta property=\"og:url\" content=\"https:\/\/tajkertesz.com\/en_US\/product\/hosta-abiqua-moonbeam\/\" \/>\n<meta property=\"og:site_name\" content=\"T\u00e1jkert\u00e9sz\" \/>\n<meta property=\"article:publisher\" content=\"https:\/\/www.facebook.com\/Tajkertesz\/\" \/>\n<meta property=\"article:modified_time\" content=\"2026-03-15T10:40:31+00:00\" \/>\n<meta property=\"og:image\" content=\"https:\/\/tajkertesz.com\/wp-content\/uploads\/2020\/04\/IMG_20210527_134626-scaled.jpg\" \/>\n\t<meta property=\"og:image:width\" content=\"1920\" \/>\n\t<meta property=\"og:image:height\" content=\"1660\" \/>\n\t<meta property=\"og:image:type\" content=\"image\/jpeg\" \/>\n<meta name=\"twitter:card\" content=\"summary_large_image\" \/>\n<meta name=\"twitter:label1\" content=\"Est. reading time\" \/>\n\t<meta name=\"twitter:data1\" content=\"2 minutes\" \/>\n<script type=\"application\/ld+json\" class=\"yoast-schema-graph\">{\"@context\":\"https:\\\/\\\/schema.org\",\"@graph\":[{\"@type\":\"WebPage\",\"@id\":\"https:\\\/\\\/tajkertesz.com\\\/termek\\\/hosta-abiqua-moonbeam\\\/\",\"url\":\"https:\\\/\\\/tajkertesz.com\\\/termek\\\/hosta-abiqua-moonbeam\\\/\",\"name\":\"Hosta 'Abiqua Moonbeam' , \u00c1rny\u00e9kliliom - T\u00e1jkert\u00e9sz\",\"isPartOf\":{\"@id\":\"https:\\\/\\\/tajkertesz.com\\\/#website\"},\"primaryImageOfPage\":{\"@id\":\"https:\\\/\\\/tajkertesz.com\\\/termek\\\/hosta-abiqua-moonbeam\\\/#primaryimage\"},\"image\":{\"@id\":\"https:\\\/\\\/tajkertesz.com\\\/termek\\\/hosta-abiqua-moonbeam\\\/#primaryimage\"},\"thumbnailUrl\":\"https:\\\/\\\/tajkertesz.com\\\/wp-content\\\/uploads\\\/2020\\\/04\\\/IMG_20210527_134626-scaled.jpg\",\"datePublished\":\"2020-04-06T11:22:46+00:00\",\"dateModified\":\"2026-03-15T10:40:31+00:00\",\"description\":\"A Hosta 'Abiqua Moonbeam' , \u00c1rny\u00e9kliliom d\u00edszes lombj\u00e1\u00e9rt \u00fcltetett \u00e9vel\u0151. Sz\u00e9les z\u00f6ld levele van s\u00e1rga sz\u00e9llel.Rettenetesen v\u00e1ltozatos \u00e9vel\u0151.\",\"breadcrumb\":{\"@id\":\"https:\\\/\\\/tajkertesz.com\\\/termek\\\/hosta-abiqua-moonbeam\\\/#breadcrumb\"},\"inLanguage\":\"en-US\",\"potentialAction\":[{\"@type\":\"ReadAction\",\"target\":[\"https:\\\/\\\/tajkertesz.com\\\/termek\\\/hosta-abiqua-moonbeam\\\/\"]}]},{\"@type\":\"ImageObject\",\"inLanguage\":\"en-US\",\"@id\":\"https:\\\/\\\/tajkertesz.com\\\/termek\\\/hosta-abiqua-moonbeam\\\/#primaryimage\",\"url\":\"https:\\\/\\\/tajkertesz.com\\\/wp-content\\\/uploads\\\/2020\\\/04\\\/IMG_20210527_134626-scaled.jpg\",\"contentUrl\":\"https:\\\/\\\/tajkertesz.com\\\/wp-content\\\/uploads\\\/2020\\\/04\\\/IMG_20210527_134626-scaled.jpg\",\"width\":1920,\"height\":1660,\"caption\":\"hdr\"},{\"@type\":\"BreadcrumbList\",\"@id\":\"https:\\\/\\\/tajkertesz.com\\\/termek\\\/hosta-abiqua-moonbeam\\\/#breadcrumb\",\"itemListElement\":[{\"@type\":\"ListItem\",\"position\":1,\"name\":\"Home\",\"item\":\"https:\\\/\\\/tajkertesz.com\\\/\"},{\"@type\":\"ListItem\",\"position\":2,\"name\":\"Kezd\u0151lap\",\"item\":\"https:\\\/\\\/tajkertesz.com\\\/\"},{\"@type\":\"ListItem\",\"position\":3,\"name\":\"Hosta &#8216;Abiqua Moonbeam&#8217; , \u00c1rny\u00e9kliliom\"}]},{\"@type\":\"WebSite\",\"@id\":\"https:\\\/\\\/tajkertesz.com\\\/#website\",\"url\":\"https:\\\/\\\/tajkertesz.com\\\/\",\"name\":\"T\u00e1j-Kert\u00e9sz 84 Kft.\",\"description\":\"Kert\u00e9szeti kis- \u00e9s nagykeresked\u00e9s, D\u00edszn\u00f6v\u00e9ny web\u00e1ruh\u00e1z orsz\u00e1gos h\u00e1zhozsz\u00e1ll\u00edt\u00e1ssal!\",\"publisher\":{\"@id\":\"https:\\\/\\\/tajkertesz.com\\\/#organization\"},\"potentialAction\":[{\"@type\":\"SearchAction\",\"target\":{\"@type\":\"EntryPoint\",\"urlTemplate\":\"https:\\\/\\\/tajkertesz.com\\\/?s={search_term_string}\"},\"query-input\":{\"@type\":\"PropertyValueSpecification\",\"valueRequired\":true,\"valueName\":\"search_term_string\"}}],\"inLanguage\":\"en-US\"},{\"@type\":\"Organization\",\"@id\":\"https:\\\/\\\/tajkertesz.com\\\/#organization\",\"name\":\"T\u00e1j-Kert\u00e9sz 84 Kft.\",\"url\":\"https:\\\/\\\/tajkertesz.com\\\/\",\"logo\":{\"@type\":\"ImageObject\",\"inLanguage\":\"en-US\",\"@id\":\"https:\\\/\\\/tajkertesz.com\\\/#\\\/schema\\\/logo\\\/image\\\/\",\"url\":\"https:\\\/\\\/tajkertesz.com\\\/wp-content\\\/uploads\\\/2018\\\/02\\\/logo-2-e1518678052539.png\",\"contentUrl\":\"https:\\\/\\\/tajkertesz.com\\\/wp-content\\\/uploads\\\/2018\\\/02\\\/logo-2-e1518678052539.png\",\"width\":81,\"height\":140,\"caption\":\"T\u00e1j-Kert\u00e9sz 84 Kft.\"},\"image\":{\"@id\":\"https:\\\/\\\/tajkertesz.com\\\/#\\\/schema\\\/logo\\\/image\\\/\"},\"sameAs\":[\"https:\\\/\\\/www.facebook.com\\\/Tajkertesz\\\/\"]}]}<\/script>\n<!-- \/ Yoast SEO plugin. -->","yoast_head_json":{"title":"Hosta 'Abiqua Moonbeam' , \u00c1rny\u00e9kliliom - T\u00e1jkert\u00e9sz","description":"A Hosta 'Abiqua Moonbeam' , \u00c1rny\u00e9kliliom d\u00edszes lombj\u00e1\u00e9rt \u00fcltetett \u00e9vel\u0151. Sz\u00e9les z\u00f6ld levele van s\u00e1rga sz\u00e9llel.Rettenetesen v\u00e1ltozatos \u00e9vel\u0151.","robots":{"index":"index","follow":"follow","max-snippet":"max-snippet:-1","max-image-preview":"max-image-preview:large","max-video-preview":"max-video-preview:-1"},"canonical":"https:\/\/tajkertesz.com\/en_US\/product\/hosta-abiqua-moonbeam\/","og_locale":"en_US","og_type":"article","og_title":"Hosta 'Abiqua Moonbeam' , \u00c1rny\u00e9kliliom - T\u00e1jkert\u00e9sz","og_description":"A Hosta 'Abiqua Moonbeam' , \u00c1rny\u00e9kliliom d\u00edszes lombj\u00e1\u00e9rt \u00fcltetett \u00e9vel\u0151. Sz\u00e9les z\u00f6ld levele van s\u00e1rga sz\u00e9llel.Rettenetesen v\u00e1ltozatos \u00e9vel\u0151.","og_url":"https:\/\/tajkertesz.com\/en_US\/product\/hosta-abiqua-moonbeam\/","og_site_name":"T\u00e1jkert\u00e9sz","article_publisher":"https:\/\/www.facebook.com\/Tajkertesz\/","article_modified_time":"2026-03-15T10:40:31+00:00","og_image":[{"width":1920,"height":1660,"url":"https:\/\/tajkertesz.com\/wp-content\/uploads\/2020\/04\/IMG_20210527_134626-scaled.jpg","type":"image\/jpeg"}],"twitter_card":"summary_large_image","twitter_misc":{"Est. reading time":"2 minutes"},"schema":{"@context":"https:\/\/schema.org","@graph":[{"@type":"WebPage","@id":"https:\/\/tajkertesz.com\/termek\/hosta-abiqua-moonbeam\/","url":"https:\/\/tajkertesz.com\/termek\/hosta-abiqua-moonbeam\/","name":"Hosta 'Abiqua Moonbeam' , \u00c1rny\u00e9kliliom - T\u00e1jkert\u00e9sz","isPartOf":{"@id":"https:\/\/tajkertesz.com\/#website"},"primaryImageOfPage":{"@id":"https:\/\/tajkertesz.com\/termek\/hosta-abiqua-moonbeam\/#primaryimage"},"image":{"@id":"https:\/\/tajkertesz.com\/termek\/hosta-abiqua-moonbeam\/#primaryimage"},"thumbnailUrl":"https:\/\/tajkertesz.com\/wp-content\/uploads\/2020\/04\/IMG_20210527_134626-scaled.jpg","datePublished":"2020-04-06T11:22:46+00:00","dateModified":"2026-03-15T10:40:31+00:00","description":"A Hosta 'Abiqua Moonbeam' , \u00c1rny\u00e9kliliom d\u00edszes lombj\u00e1\u00e9rt \u00fcltetett \u00e9vel\u0151. Sz\u00e9les z\u00f6ld levele van s\u00e1rga sz\u00e9llel.Rettenetesen v\u00e1ltozatos \u00e9vel\u0151.","breadcrumb":{"@id":"https:\/\/tajkertesz.com\/termek\/hosta-abiqua-moonbeam\/#breadcrumb"},"inLanguage":"en-US","potentialAction":[{"@type":"ReadAction","target":["https:\/\/tajkertesz.com\/termek\/hosta-abiqua-moonbeam\/"]}]},{"@type":"ImageObject","inLanguage":"en-US","@id":"https:\/\/tajkertesz.com\/termek\/hosta-abiqua-moonbeam\/#primaryimage","url":"https:\/\/tajkertesz.com\/wp-content\/uploads\/2020\/04\/IMG_20210527_134626-scaled.jpg","contentUrl":"https:\/\/tajkertesz.com\/wp-content\/uploads\/2020\/04\/IMG_20210527_134626-scaled.jpg","width":1920,"height":1660,"caption":"hdr"},{"@type":"BreadcrumbList","@id":"https:\/\/tajkertesz.com\/termek\/hosta-abiqua-moonbeam\/#breadcrumb","itemListElement":[{"@type":"ListItem","position":1,"name":"Home","item":"https:\/\/tajkertesz.com\/"},{"@type":"ListItem","position":2,"name":"Kezd\u0151lap","item":"https:\/\/tajkertesz.com\/"},{"@type":"ListItem","position":3,"name":"Hosta &#8216;Abiqua Moonbeam&#8217; , \u00c1rny\u00e9kliliom"}]},{"@type":"WebSite","@id":"https:\/\/tajkertesz.com\/#website","url":"https:\/\/tajkertesz.com\/","name":"T\u00e1j-Kert\u00e9sz 84 Kft.","description":"Kert\u00e9szeti kis- \u00e9s nagykeresked\u00e9s, D\u00edszn\u00f6v\u00e9ny web\u00e1ruh\u00e1z orsz\u00e1gos h\u00e1zhozsz\u00e1ll\u00edt\u00e1ssal!","publisher":{"@id":"https:\/\/tajkertesz.com\/#organization"},"potentialAction":[{"@type":"SearchAction","target":{"@type":"EntryPoint","urlTemplate":"https:\/\/tajkertesz.com\/?s={search_term_string}"},"query-input":{"@type":"PropertyValueSpecification","valueRequired":true,"valueName":"search_term_string"}}],"inLanguage":"en-US"},{"@type":"Organization","@id":"https:\/\/tajkertesz.com\/#organization","name":"T\u00e1j-Kert\u00e9sz 84 Kft.","url":"https:\/\/tajkertesz.com\/","logo":{"@type":"ImageObject","inLanguage":"en-US","@id":"https:\/\/tajkertesz.com\/#\/schema\/logo\/image\/","url":"https:\/\/tajkertesz.com\/wp-content\/uploads\/2018\/02\/logo-2-e1518678052539.png","contentUrl":"https:\/\/tajkertesz.com\/wp-content\/uploads\/2018\/02\/logo-2-e1518678052539.png","width":81,"height":140,"caption":"T\u00e1j-Kert\u00e9sz 84 Kft."},"image":{"@id":"https:\/\/tajkertesz.com\/#\/schema\/logo\/image\/"},"sameAs":["https:\/\/www.facebook.com\/Tajkertesz\/"]}]}},"_links":{"self":[{"href":"https:\/\/tajkertesz.com\/en_US\/wp-json\/wp\/v2\/product\/1640","targetHints":{"allow":["GET"]}}],"collection":[{"href":"https:\/\/tajkertesz.com\/en_US\/wp-json\/wp\/v2\/product"}],"about":[{"href":"https:\/\/tajkertesz.com\/en_US\/wp-json\/wp\/v2\/types\/product"}],"wp:featuredmedia":[{"embeddable":true,"href":"https:\/\/tajkertesz.com\/en_US\/wp-json\/wp\/v2\/media\/5667"}],"wp:attachment":[{"href":"https:\/\/tajkertesz.com\/en_US\/wp-json\/wp\/v2\/media?parent=1640"}],"wp:term":[{"taxonomy":"product_brand","embeddable":true,"href":"https:\/\/tajkertesz.com\/en_US\/wp-json\/wp\/v2\/product_brand?post=1640"},{"taxonomy":"product_cat","embeddable":true,"href":"https:\/\/tajkertesz.com\/en_US\/wp-json\/wp\/v2\/product_cat?post=1640"},{"taxonomy":"product_tag","embeddable":true,"href":"https:\/\/tajkertesz.com\/en_US\/wp-json\/wp\/v2\/product_tag?post=1640"}],"curies":[{"name":"wp","href":"https:\/\/api.w.org\/{rel}","templated":true}]}}