{"id":16418,"date":"2023-08-11T13:16:15","date_gmt":"2023-08-11T13:16:15","guid":{"rendered":"https:\/\/tajkertesz.com\/?post_type=product&#038;p=16418"},"modified":"2026-02-13T09:40:50","modified_gmt":"2026-02-13T09:40:50","slug":"solid-univerzalis-kulteri-sepru-fiskars-m","status":"publish","type":"product","link":"https:\/\/tajkertesz.com\/en_US\/product\/solid-univerzalis-kulteri-sepru-fiskars-m\/","title":{"rendered":"Solid\u2122 univerz\u00e1lis k\u00fclt\u00e9ri sepr\u0171 Fiskars (M) 1025921"},"content":{"rendered":"<h2>Solid\u2122 univerz\u00e1lis k\u00fclt\u00e9ri sepr\u0171 Fiskars (M)<\/h2>\n<p>Solid\u2122 univerz\u00e1lis k\u00fclt\u00e9ri sepr\u0171 Fiskars (M)<\/p>\n<p>\u00c1ltal\u00e1nos k\u00fclt\u00e9ri sepr\u0171, ami alkalmas j\u00e1rd\u00e1k, k\u00f6vezett teraszok \u00e9s egy\u00e9b k\u00fclt\u00e9ri ter\u00fcletek takar\u00edt\u00e1s\u00e1hoz.<br \/>\nT\u00f6k\u00e9letes a falevelek \u00e9s k\u00fclt\u00e9ri hullad\u00e9kok \u00f6sszesepr\u00e9s\u00e9re; g\u00f6rbe fejkialak\u00edt\u00e1s\u00e1nak k\u00f6sz\u00f6nhet\u0151en megb\u00edzhat\u00f3an sepri \u00f6ssze a szemetet.<br \/>\nA Fiskars PowerClean\u2122 fej a kem\u00e9nyebb \u00e9s a puh\u00e1bb s\u00f6rt\u00e9k kombin\u00e1l\u00e1s\u00e1val minden fel\u00fcleten hat\u00e9konyan takar\u00edt.<br \/>\nK\u00f6nny\u0171 \u00e9s tov\u00e1bbfejlesztett ergon\u00f3mi\u00e1val.<br \/>\nModern, funkcion\u00e1lis megjelen\u00e9s.<\/p>\n<ul>\n<li>\u00c1ltal\u00e1nos k\u00fclt\u00e9ri sepr\u0171, ami alkalmas j\u00e1rd\u00e1k, k\u00f6vezett teraszok \u00e9s egy\u00e9b k\u00fclt\u00e9ri ter\u00fcletek takar\u00edt\u00e1s\u00e1hoz<\/li>\n<li>A Fiskars PowerClean\u2122 fej a kem\u00e9nyebb \u00e9s a puh\u00e1bb s\u00f6rt\u00e9k kombin\u00e1l\u00e1s\u00e1val minden fel\u00fcleten hat\u00e9konyan takar\u00edt<\/li>\n<li>\n<div id=\"page_artdet_product_param_title_21088\" class=\"data__item-title col-5\">\n<div class=\"artdet__param-title\"><span class=\"param-name\">Sz\u00e1rmaz\u00e1si hely<\/span>: Finnorsz\u00e1g<\/div>\n<\/div>\n<\/li>\n<\/ul>\n<p>El\u00e9rhet\u0151 t\u00f6bbf\u00e9le m\u00e9retben \u00e9s \u00e1rban.<\/p>\n<p><strong>K\u00e9szlet\u00fcnk napi szinten v\u00e1ltozik, ez\u00e9rt k\u00e9rj\u00fck, \u00e9rdekl\u0151dj\u00f6n szem\u00e9lyesen, telefonon vagy email-en.<br \/>\nA v\u00e1ltoztat\u00e1s jog\u00e1t fenntartjuk!\u00a0<\/strong><\/p>\n<p>&nbsp;<\/p>\n<p><a href=\"https:\/\/tajkertesz.com\/\">https:\/\/tajkertesz.com\/<\/a><\/p>\n<p><a href=\"https:\/\/www.facebook.com\/tajkertesz\/\">https:\/\/www.facebook.com\/tajkertesz\/<\/a><\/p>\n<p>Kisz\u00e1ll\u00edt\u00e1s: 200cm-ig \u00a0\u00e9s 40 kg-ig a sz\u00e1ll\u00edt\u00e1s fut\u00e1rszolg\u00e1lattal \u00a0t\u00f6rt\u00e9nik.<\/p>\n<p>Szem\u00e9lyes \u00e1tv\u00e9tel nyitvatart\u00e1si id\u0151ben a 17. ker\u00fclet Bakancsos utca 7. sz\u00e1m alatti Kert\u00e9szeti \u00e1rud\u00e1ban.<\/p>\n<h6><span style=\"color: #ffffff;\">\u00c1ltal\u00e1nos k\u00fclt\u00e9ri sepr\u0171, ami alkalmas j\u00e1rd\u00e1k, k\u00f6vezett teraszok \u00e9s egy\u00e9b k\u00fclt\u00e9ri ter\u00fcletek takar\u00edt\u00e1s\u00e1hoz.<\/span><br \/>\n<span style=\"color: #ffffff;\">T\u00f6k\u00e9letes a falevelek \u00e9s k\u00fclt\u00e9ri hullad\u00e9kok \u00f6sszesepr\u00e9s\u00e9re; g\u00f6rbe fejkialak\u00edt\u00e1s\u00e1nak k\u00f6sz\u00f6nhet\u0151en megb\u00edzhat\u00f3an sepri \u00f6ssze a szemetet.<\/span><br \/>\n<span style=\"color: #ffffff;\">A Fiskars PowerClean\u2122 fej a kem\u00e9nyebb \u00e9s a puh\u00e1bb s\u00f6rt\u00e9k kombin\u00e1l\u00e1s\u00e1val minden fel\u00fcleten hat\u00e9konyan takar\u00edt.<\/span><br \/>\n<span style=\"color: #ffffff;\">K\u00f6nny\u0171 \u00e9s tov\u00e1bbfejlesztett ergon\u00f3mi\u00e1val.<\/span><br \/>\n<span style=\"color: #ffffff;\">Modern, funkcion\u00e1lis megjelen\u00e9s.<\/span><\/h6>\n<ul>\n<li>\n<h6><span style=\"color: #ffffff;\">\u00c1ltal\u00e1nos k\u00fclt\u00e9ri sepr\u0171, ami alkalmas j\u00e1rd\u00e1k, k\u00f6vezett teraszok \u00e9s egy\u00e9b k\u00fclt\u00e9ri ter\u00fcletek takar\u00edt\u00e1s\u00e1hoz<\/span><\/h6>\n<\/li>\n<li>\n<h6><span style=\"color: #ffffff;\">A Fiskars PowerClean\u2122 fej a kem\u00e9nyebb \u00e9s a puh\u00e1bb s\u00f6rt\u00e9k kombin\u00e1l\u00e1s\u00e1val minden fel\u00fcleten hat\u00e9konyan takar\u00edt<\/span><\/h6>\n<\/li>\n<li>\n<div id=\"page_artdet_product_param_title_21088\" class=\"data__item-title col-5\">\n<h6 class=\"artdet__param-title\"><span style=\"color: #ffffff;\"><span class=\"param-name\">Sz\u00e1rmaz\u00e1si hely<\/span>: Finnorsz\u00e1g<\/span><\/h6>\n<\/div>\n<\/li>\n<\/ul>","protected":false},"excerpt":{"rendered":"<h2>Solid\u2122 univerz\u00e1lis k\u00fclt\u00e9ri sepr\u0171 Fiskars (M)<\/h2>\n<p><b>K\u00e9szlet\u00fcnk napi szinten v\u00e1ltozik, ez\u00e9rt k\u00e9rj\u00fck, \u00e9rdekl\u0151dj\u00f6n szem\u00e9lyesen, telefonon vagy email-en.<\/b><\/p>\n<p>Term\u00e9keinket szem\u00e9lyesen is \u00e1tveheti a h\u00e9t minden napj\u00e1n nyitvatart\u00e1si id\u0151ben!<\/p>\n<p>Kisz\u00e1ll\u00edt\u00e1s: 200 cm \u00e9s 40 kg-ig a sz\u00e1ll\u00edt\u00e1s fut\u00e1rszolg\u00e1lattal t\u00f6rt\u00e9nik.<\/p>","protected":false},"featured_media":16419,"template":"","meta":{"_et_pb_use_builder":"","_et_pb_old_content":"","_et_gb_content_width":""},"product_brand":[],"product_cat":[4637],"product_tag":[116,4646,934],"class_list":{"0":"post-16418","1":"product","2":"type-product","3":"status-publish","4":"has-post-thumbnail","6":"product_cat-fiskars-aso-kapa-villa-gereblye","7":"product_tag-fiskars","8":"product_tag-sepru","9":"product_tag-solid","11":"first","12":"instock","13":"shipping-taxable","14":"purchasable","15":"product-type-simple"},"yoast_head":"<!-- This site is optimized with the Yoast SEO plugin v27.5 - https:\/\/yoast.com\/product\/yoast-seo-wordpress\/ -->\n<title>Solid\u2122 univerz\u00e1lis k\u00fclt\u00e9ri sepr\u0171 Fiskars (M) 1025921 - T\u00e1jkert\u00e9sz<\/title>\n<meta name=\"description\" content=\"Solid\u2122 univerz\u00e1lis k\u00fclt\u00e9ri sepr\u0171 Fiskars (M) \u00c1ltal\u00e1nos k\u00fclt\u00e9ri sepr\u0171, ami alkalmas j\u00e1rd\u00e1k, k\u00f6vezett teraszok\u00e9s egy\u00e9b k\u00fclt\u00e9ri ter\u00fcletek takar\u00edt\u00e1s\u00e1hoz\" \/>\n<meta name=\"robots\" content=\"index, follow, max-snippet:-1, max-image-preview:large, max-video-preview:-1\" \/>\n<link rel=\"canonical\" href=\"https:\/\/tajkertesz.com\/en_US\/product\/solid-univerzalis-kulteri-sepru-fiskars-m\/\" \/>\n<meta property=\"og:locale\" content=\"en_US\" \/>\n<meta property=\"og:type\" content=\"article\" \/>\n<meta property=\"og:title\" content=\"https:\/\/www.facebook.com\/tajkertesz\" \/>\n<meta property=\"og:description\" content=\"\u00c1ltal\u00e1nos k\u00fclt\u00e9ri sepr\u0171, ami alkalmas j\u00e1rd\u00e1k, k\u00f6vezett teraszok\u00e9s egy\u00e9b k\u00fclt\u00e9ri ter\u00fcletek takar\u00edt\u00e1s\u00e1hozT\u00f6k\u00e9letes a falevelek \u00e9s k\u00fclt\u00e9ri hullad\u00e9kok \u00f6sszesepr\u00e9s\u00e9re;g\u00f6rbe fejkialak\u00edt\u00e1s\u00e1nak k\u00f6sz\u00f6nhet\u0151en megb\u00edzhat\u00f3an sepri\u00f6ssze a szemetetA Fiskars PowerClean\u2122 fej a kem\u00e9nyebb \u00e9s a puh\u00e1bb s\u00f6rt\u00e9kkombin\u00e1l\u00e1s\u00e1val minden fel\u00fcleten hat\u00e9konyan takar\u00edtK\u00f6nny\u0171 \u00e9s tov\u00e1bbfejlesztett ergon\u00f3mi\u00e1valModern, funkcion\u00e1lis megjelen\u00e9s\" \/>\n<meta property=\"og:url\" content=\"https:\/\/tajkertesz.com\/en_US\/product\/solid-univerzalis-kulteri-sepru-fiskars-m\/\" \/>\n<meta property=\"og:site_name\" content=\"T\u00e1jkert\u00e9sz\" \/>\n<meta property=\"article:publisher\" content=\"https:\/\/www.facebook.com\/Tajkertesz\/\" \/>\n<meta property=\"article:modified_time\" content=\"2026-02-13T09:40:50+00:00\" \/>\n<meta property=\"og:image\" content=\"https:\/\/tajkertesz.com\/wp-content\/uploads\/2023\/08\/1025921.jpg\" \/>\n\t<meta property=\"og:image:width\" content=\"666\" \/>\n\t<meta property=\"og:image:height\" content=\"1000\" \/>\n\t<meta property=\"og:image:type\" content=\"image\/jpeg\" \/>\n<meta name=\"twitter:card\" content=\"summary_large_image\" \/>\n<meta name=\"twitter:label1\" content=\"Est. reading time\" \/>\n\t<meta name=\"twitter:data1\" content=\"2 minutes\" \/>\n<script type=\"application\/ld+json\" class=\"yoast-schema-graph\">{\"@context\":\"https:\\\/\\\/schema.org\",\"@graph\":[{\"@type\":\"WebPage\",\"@id\":\"https:\\\/\\\/tajkertesz.com\\\/termek\\\/solid-univerzalis-kulteri-sepru-fiskars-m\\\/\",\"url\":\"https:\\\/\\\/tajkertesz.com\\\/termek\\\/solid-univerzalis-kulteri-sepru-fiskars-m\\\/\",\"name\":\"Solid\u2122 univerz\u00e1lis k\u00fclt\u00e9ri sepr\u0171 Fiskars (M) 1025921 - T\u00e1jkert\u00e9sz\",\"isPartOf\":{\"@id\":\"https:\\\/\\\/tajkertesz.com\\\/#website\"},\"primaryImageOfPage\":{\"@id\":\"https:\\\/\\\/tajkertesz.com\\\/termek\\\/solid-univerzalis-kulteri-sepru-fiskars-m\\\/#primaryimage\"},\"image\":{\"@id\":\"https:\\\/\\\/tajkertesz.com\\\/termek\\\/solid-univerzalis-kulteri-sepru-fiskars-m\\\/#primaryimage\"},\"thumbnailUrl\":\"https:\\\/\\\/tajkertesz.com\\\/wp-content\\\/uploads\\\/2023\\\/08\\\/1025921.jpg\",\"datePublished\":\"2023-08-11T13:16:15+00:00\",\"dateModified\":\"2026-02-13T09:40:50+00:00\",\"description\":\"Solid\u2122 univerz\u00e1lis k\u00fclt\u00e9ri sepr\u0171 Fiskars (M) \u00c1ltal\u00e1nos k\u00fclt\u00e9ri sepr\u0171, ami alkalmas j\u00e1rd\u00e1k, k\u00f6vezett teraszok\u00e9s egy\u00e9b k\u00fclt\u00e9ri ter\u00fcletek takar\u00edt\u00e1s\u00e1hoz\",\"breadcrumb\":{\"@id\":\"https:\\\/\\\/tajkertesz.com\\\/termek\\\/solid-univerzalis-kulteri-sepru-fiskars-m\\\/#breadcrumb\"},\"inLanguage\":\"en-US\",\"potentialAction\":[{\"@type\":\"ReadAction\",\"target\":[\"https:\\\/\\\/tajkertesz.com\\\/termek\\\/solid-univerzalis-kulteri-sepru-fiskars-m\\\/\"]}]},{\"@type\":\"ImageObject\",\"inLanguage\":\"en-US\",\"@id\":\"https:\\\/\\\/tajkertesz.com\\\/termek\\\/solid-univerzalis-kulteri-sepru-fiskars-m\\\/#primaryimage\",\"url\":\"https:\\\/\\\/tajkertesz.com\\\/wp-content\\\/uploads\\\/2023\\\/08\\\/1025921.jpg\",\"contentUrl\":\"https:\\\/\\\/tajkertesz.com\\\/wp-content\\\/uploads\\\/2023\\\/08\\\/1025921.jpg\",\"width\":666,\"height\":1000},{\"@type\":\"BreadcrumbList\",\"@id\":\"https:\\\/\\\/tajkertesz.com\\\/termek\\\/solid-univerzalis-kulteri-sepru-fiskars-m\\\/#breadcrumb\",\"itemListElement\":[{\"@type\":\"ListItem\",\"position\":1,\"name\":\"Home\",\"item\":\"https:\\\/\\\/tajkertesz.com\\\/\"},{\"@type\":\"ListItem\",\"position\":2,\"name\":\"Kezd\u0151lap\",\"item\":\"https:\\\/\\\/tajkertesz.com\\\/\"},{\"@type\":\"ListItem\",\"position\":3,\"name\":\"Solid\u2122 univerz\u00e1lis k\u00fclt\u00e9ri sepr\u0171 Fiskars (M) 1025921\"}]},{\"@type\":\"WebSite\",\"@id\":\"https:\\\/\\\/tajkertesz.com\\\/#website\",\"url\":\"https:\\\/\\\/tajkertesz.com\\\/\",\"name\":\"T\u00e1j-Kert\u00e9sz 84 Kft.\",\"description\":\"Kert\u00e9szeti kis- \u00e9s nagykeresked\u00e9s, D\u00edszn\u00f6v\u00e9ny web\u00e1ruh\u00e1z orsz\u00e1gos h\u00e1zhozsz\u00e1ll\u00edt\u00e1ssal!\",\"publisher\":{\"@id\":\"https:\\\/\\\/tajkertesz.com\\\/#organization\"},\"potentialAction\":[{\"@type\":\"SearchAction\",\"target\":{\"@type\":\"EntryPoint\",\"urlTemplate\":\"https:\\\/\\\/tajkertesz.com\\\/?s={search_term_string}\"},\"query-input\":{\"@type\":\"PropertyValueSpecification\",\"valueRequired\":true,\"valueName\":\"search_term_string\"}}],\"inLanguage\":\"en-US\"},{\"@type\":\"Organization\",\"@id\":\"https:\\\/\\\/tajkertesz.com\\\/#organization\",\"name\":\"T\u00e1j-Kert\u00e9sz 84 Kft.\",\"url\":\"https:\\\/\\\/tajkertesz.com\\\/\",\"logo\":{\"@type\":\"ImageObject\",\"inLanguage\":\"en-US\",\"@id\":\"https:\\\/\\\/tajkertesz.com\\\/#\\\/schema\\\/logo\\\/image\\\/\",\"url\":\"https:\\\/\\\/tajkertesz.com\\\/wp-content\\\/uploads\\\/2018\\\/02\\\/logo-2-e1518678052539.png\",\"contentUrl\":\"https:\\\/\\\/tajkertesz.com\\\/wp-content\\\/uploads\\\/2018\\\/02\\\/logo-2-e1518678052539.png\",\"width\":81,\"height\":140,\"caption\":\"T\u00e1j-Kert\u00e9sz 84 Kft.\"},\"image\":{\"@id\":\"https:\\\/\\\/tajkertesz.com\\\/#\\\/schema\\\/logo\\\/image\\\/\"},\"sameAs\":[\"https:\\\/\\\/www.facebook.com\\\/Tajkertesz\\\/\"]}]}<\/script>\n<!-- \/ Yoast SEO plugin. -->","yoast_head_json":{"title":"Solid\u2122 univerz\u00e1lis k\u00fclt\u00e9ri sepr\u0171 Fiskars (M) 1025921 - T\u00e1jkert\u00e9sz","description":"Solid\u2122 univerz\u00e1lis k\u00fclt\u00e9ri sepr\u0171 Fiskars (M) \u00c1ltal\u00e1nos k\u00fclt\u00e9ri sepr\u0171, ami alkalmas j\u00e1rd\u00e1k, k\u00f6vezett teraszok\u00e9s egy\u00e9b k\u00fclt\u00e9ri ter\u00fcletek takar\u00edt\u00e1s\u00e1hoz","robots":{"index":"index","follow":"follow","max-snippet":"max-snippet:-1","max-image-preview":"max-image-preview:large","max-video-preview":"max-video-preview:-1"},"canonical":"https:\/\/tajkertesz.com\/en_US\/product\/solid-univerzalis-kulteri-sepru-fiskars-m\/","og_locale":"en_US","og_type":"article","og_title":"https:\/\/www.facebook.com\/tajkertesz","og_description":"\u00c1ltal\u00e1nos k\u00fclt\u00e9ri sepr\u0171, ami alkalmas j\u00e1rd\u00e1k, k\u00f6vezett teraszok\u00e9s egy\u00e9b k\u00fclt\u00e9ri ter\u00fcletek takar\u00edt\u00e1s\u00e1hozT\u00f6k\u00e9letes a falevelek \u00e9s k\u00fclt\u00e9ri hullad\u00e9kok \u00f6sszesepr\u00e9s\u00e9re;g\u00f6rbe fejkialak\u00edt\u00e1s\u00e1nak k\u00f6sz\u00f6nhet\u0151en megb\u00edzhat\u00f3an sepri\u00f6ssze a szemetetA Fiskars PowerClean\u2122 fej a kem\u00e9nyebb \u00e9s a puh\u00e1bb s\u00f6rt\u00e9kkombin\u00e1l\u00e1s\u00e1val minden fel\u00fcleten hat\u00e9konyan takar\u00edtK\u00f6nny\u0171 \u00e9s tov\u00e1bbfejlesztett ergon\u00f3mi\u00e1valModern, funkcion\u00e1lis megjelen\u00e9s","og_url":"https:\/\/tajkertesz.com\/en_US\/product\/solid-univerzalis-kulteri-sepru-fiskars-m\/","og_site_name":"T\u00e1jkert\u00e9sz","article_publisher":"https:\/\/www.facebook.com\/Tajkertesz\/","article_modified_time":"2026-02-13T09:40:50+00:00","og_image":[{"width":666,"height":1000,"url":"https:\/\/tajkertesz.com\/wp-content\/uploads\/2023\/08\/1025921.jpg","type":"image\/jpeg"}],"twitter_card":"summary_large_image","twitter_misc":{"Est. reading time":"2 minutes"},"schema":{"@context":"https:\/\/schema.org","@graph":[{"@type":"WebPage","@id":"https:\/\/tajkertesz.com\/termek\/solid-univerzalis-kulteri-sepru-fiskars-m\/","url":"https:\/\/tajkertesz.com\/termek\/solid-univerzalis-kulteri-sepru-fiskars-m\/","name":"Solid\u2122 univerz\u00e1lis k\u00fclt\u00e9ri sepr\u0171 Fiskars (M) 1025921 - T\u00e1jkert\u00e9sz","isPartOf":{"@id":"https:\/\/tajkertesz.com\/#website"},"primaryImageOfPage":{"@id":"https:\/\/tajkertesz.com\/termek\/solid-univerzalis-kulteri-sepru-fiskars-m\/#primaryimage"},"image":{"@id":"https:\/\/tajkertesz.com\/termek\/solid-univerzalis-kulteri-sepru-fiskars-m\/#primaryimage"},"thumbnailUrl":"https:\/\/tajkertesz.com\/wp-content\/uploads\/2023\/08\/1025921.jpg","datePublished":"2023-08-11T13:16:15+00:00","dateModified":"2026-02-13T09:40:50+00:00","description":"Solid\u2122 univerz\u00e1lis k\u00fclt\u00e9ri sepr\u0171 Fiskars (M) \u00c1ltal\u00e1nos k\u00fclt\u00e9ri sepr\u0171, ami alkalmas j\u00e1rd\u00e1k, k\u00f6vezett teraszok\u00e9s egy\u00e9b k\u00fclt\u00e9ri ter\u00fcletek takar\u00edt\u00e1s\u00e1hoz","breadcrumb":{"@id":"https:\/\/tajkertesz.com\/termek\/solid-univerzalis-kulteri-sepru-fiskars-m\/#breadcrumb"},"inLanguage":"en-US","potentialAction":[{"@type":"ReadAction","target":["https:\/\/tajkertesz.com\/termek\/solid-univerzalis-kulteri-sepru-fiskars-m\/"]}]},{"@type":"ImageObject","inLanguage":"en-US","@id":"https:\/\/tajkertesz.com\/termek\/solid-univerzalis-kulteri-sepru-fiskars-m\/#primaryimage","url":"https:\/\/tajkertesz.com\/wp-content\/uploads\/2023\/08\/1025921.jpg","contentUrl":"https:\/\/tajkertesz.com\/wp-content\/uploads\/2023\/08\/1025921.jpg","width":666,"height":1000},{"@type":"BreadcrumbList","@id":"https:\/\/tajkertesz.com\/termek\/solid-univerzalis-kulteri-sepru-fiskars-m\/#breadcrumb","itemListElement":[{"@type":"ListItem","position":1,"name":"Home","item":"https:\/\/tajkertesz.com\/"},{"@type":"ListItem","position":2,"name":"Kezd\u0151lap","item":"https:\/\/tajkertesz.com\/"},{"@type":"ListItem","position":3,"name":"Solid\u2122 univerz\u00e1lis k\u00fclt\u00e9ri sepr\u0171 Fiskars (M) 1025921"}]},{"@type":"WebSite","@id":"https:\/\/tajkertesz.com\/#website","url":"https:\/\/tajkertesz.com\/","name":"T\u00e1j-Kert\u00e9sz 84 Kft.","description":"Kert\u00e9szeti kis- \u00e9s nagykeresked\u00e9s, D\u00edszn\u00f6v\u00e9ny web\u00e1ruh\u00e1z orsz\u00e1gos h\u00e1zhozsz\u00e1ll\u00edt\u00e1ssal!","publisher":{"@id":"https:\/\/tajkertesz.com\/#organization"},"potentialAction":[{"@type":"SearchAction","target":{"@type":"EntryPoint","urlTemplate":"https:\/\/tajkertesz.com\/?s={search_term_string}"},"query-input":{"@type":"PropertyValueSpecification","valueRequired":true,"valueName":"search_term_string"}}],"inLanguage":"en-US"},{"@type":"Organization","@id":"https:\/\/tajkertesz.com\/#organization","name":"T\u00e1j-Kert\u00e9sz 84 Kft.","url":"https:\/\/tajkertesz.com\/","logo":{"@type":"ImageObject","inLanguage":"en-US","@id":"https:\/\/tajkertesz.com\/#\/schema\/logo\/image\/","url":"https:\/\/tajkertesz.com\/wp-content\/uploads\/2018\/02\/logo-2-e1518678052539.png","contentUrl":"https:\/\/tajkertesz.com\/wp-content\/uploads\/2018\/02\/logo-2-e1518678052539.png","width":81,"height":140,"caption":"T\u00e1j-Kert\u00e9sz 84 Kft."},"image":{"@id":"https:\/\/tajkertesz.com\/#\/schema\/logo\/image\/"},"sameAs":["https:\/\/www.facebook.com\/Tajkertesz\/"]}]}},"_links":{"self":[{"href":"https:\/\/tajkertesz.com\/en_US\/wp-json\/wp\/v2\/product\/16418","targetHints":{"allow":["GET"]}}],"collection":[{"href":"https:\/\/tajkertesz.com\/en_US\/wp-json\/wp\/v2\/product"}],"about":[{"href":"https:\/\/tajkertesz.com\/en_US\/wp-json\/wp\/v2\/types\/product"}],"wp:featuredmedia":[{"embeddable":true,"href":"https:\/\/tajkertesz.com\/en_US\/wp-json\/wp\/v2\/media\/16419"}],"wp:attachment":[{"href":"https:\/\/tajkertesz.com\/en_US\/wp-json\/wp\/v2\/media?parent=16418"}],"wp:term":[{"taxonomy":"product_brand","embeddable":true,"href":"https:\/\/tajkertesz.com\/en_US\/wp-json\/wp\/v2\/product_brand?post=16418"},{"taxonomy":"product_cat","embeddable":true,"href":"https:\/\/tajkertesz.com\/en_US\/wp-json\/wp\/v2\/product_cat?post=16418"},{"taxonomy":"product_tag","embeddable":true,"href":"https:\/\/tajkertesz.com\/en_US\/wp-json\/wp\/v2\/product_tag?post=16418"}],"curies":[{"name":"wp","href":"https:\/\/api.w.org\/{rel}","templated":true}]}}