{"id":16443,"date":"2023-08-14T10:12:50","date_gmt":"2023-08-14T10:12:50","guid":{"rendered":"https:\/\/tajkertesz.com\/?post_type=product&#038;p=16443"},"modified":"2026-02-25T12:54:07","modified_gmt":"2026-02-25T12:54:07","slug":"icl-fumag-toscana-1-kg","status":"publish","type":"product","link":"https:\/\/tajkertesz.com\/en_US\/product\/icl-fumag-toscana-1-kg\/","title":{"rendered":"ICL F\u0171mag Toscana 1 kg 7083495"},"content":{"rendered":"<p>ICL F\u0171mag Toscana 1 kg<\/p>\n<h2>Everris ICL Toscana (mediterr\u00e1n t\u00edpus\u00fa) f\u0171magkever\u00e9k 1 kg &#8211; 25-33 m2<\/h2>\n<p style=\"font-weight: 400;\">Magyar kl\u00edm\u00e1ra kifejlesztett f\u0171mag<\/p>\n<p style=\"font-weight: 400;\">Magas ellen\u00e1ll\u00f3k\u00e9pess\u00e9g: tapos\u00e1st\u0171r\u0151, h\u0151- \u00e9s sz\u00e1razs\u00e1gt\u0171r\u0151, betegs\u00e9gt\u0171r\u0151<\/p>\n<p style=\"font-weight: 400;\">Gyors fejl\u0151d\u00e9s\u0171, cs\u00edr\u00e1z\u00e1s\u00fa<\/p>\n<p style=\"font-weight: 400;\">Alacsony nedvess\u00e9gig\u00e9ny\u0171<\/p>\n<p style=\"font-weight: 400;\">\u00a0\u00a0\u00a0Intenz\u00edv sz\u00edn\u0171 A Toscana f\u0171magkever\u00e9k mediterr\u00e1n jelleg\u0171 p\u00e1zsitot eredm\u00e9nyez. Sokak tapasztalata szerint kifejezetten ide\u00e1lis a magyar kl\u00edm\u00e1ra. F\u0151 tulajdons\u00e1ga, hogy m\u00e9ly gy\u00f6k\u00e9rzet\u0171, \u00edgy a Toscana k\u00fcls\u0151 stresszhat\u00e1sokkal szemben teljesen ellen\u00e1ll\u00f3. J\u00f3 tapos\u00e1st\u0171r\u0151, m\u00e9lyz\u00f6ld sz\u00edn\u0171, finom sz\u00e1l\u00fa gyep. Kev\u00e9s fenntart\u00e1st ig\u00e9nyel a Toscana f\u0171magkever\u00e9k, ellen\u00e1ll a betegs\u00e9geknek, emellett h\u0151- \u00e9s sz\u00e1razs\u00e1gt\u0171r\u0151. Felfel\u00e9 \u00e9s oldalir\u00e1nyba egyar\u00e1nt n\u00f6vekszik, mely kiv\u00e9teles s\u0171r\u0171s\u00e9get eredm\u00e9nyez a kifejlett Toscana p\u00e1zsitnak. B\u00e1rmely kerti talajba j\u00f3l vethet\u0151, mely hamar eredm\u00e9nyeket fog mutatni. A legide\u00e1lisabb vet\u00e9si id\u0151: \u00c1prilis &#8211; M\u00e1jus vagy Augusztus &#8211; Szeptember Javasolt vet\u00e9si adag: 30-40 gramm \/ m\u00b2 Cs\u00edr\u00e1z\u00e1si id\u0151: 8-12 nap (tart\u00f3s 15 \u00b0C feletti h\u0151m\u00e9rs\u00e9klet eset\u00e9n, folyamatos locsol\u00e1s mellett) Kiszerel\u00e9s: 10 kg, mely kb. 250-330 m\u00b2 ter\u00fcletre elegend\u0151 \u00d6sszet\u00e9tele:<\/p>\n<p>Kever\u00e9k \u00f6sszet\u00e9tele:<\/p>\n<p style=\"font-weight: 400;\">40 % n\u00e1dk\u00e9p\u0171 csenkesz (Festuca arundinacea \u201eSpyder LS\u201d) &#8211; 40 % n\u00e1dk\u00e9p\u0171 csenkesz (Festuca arundinacea \u201eGazelle 2\u201d) &#8211; 20 % angol perje (Lolium perenne \u201eEquate\u201d)<\/p>\n<h2>Felhaszn\u00e1l\u00e1sa:<\/h2>\n<h3>Telep\u00edt\u00e9s:<\/h3>\n<p>B\u00e1rmely kerti talajba j\u00f3l \u00e9s eredm\u00e9nyesen vethet\u0151<\/p>\n<h3>Vet\u00e9si id\u0151:<\/h3>\n<p>\u00c1prilis-M\u00e1jus\/Augusztus-szeptember<\/p>\n<h3>Cs\u00edr\u00e1z\u00e1si id\u0151:<\/h3>\n<p>8-12 nap (15-23 C) Ezen id\u0151szak alatt a mag\u00e1gyat nedvesen kell tartani.<\/p>\n<h3>Vet\u00e9si d\u00f3zis:<\/h3>\n<p>30-40g\/m2<\/p>\n<h2>Mikort\u00f3l haszn\u00e1lhatom a ter\u00fcletet a vet\u00e9s ut\u00e1n?<\/h2>\n<p>K\u00f6nny\u00edtett gyephaszn\u00e1lat: 5-6. h\u00e9t<br \/>\nTeljes fedetts\u00e9g: 8. h\u00e9t<\/p>\n<h2>Kiszerel\u00e9s:<\/h2>\n<p>1 kg\/pap\u00edrdoboz \u2013 25-35 m2-re elegend\u0151<\/p>\n<p>A doboz k\u00fcl\u00f6nlegess\u00e9ge, hogy annak oldal\u00e1t felnyitva, a f\u0171mag egyenletes sz\u00f3r\u00e1st seg\u00edt\u0151 sz\u00f3r\u00f3ny\u00edl\u00e1sok tal\u00e1lhat\u00f3ak.<\/p>\n<p>&nbsp;<\/p>\n<h4><strong>\ud83d\udd04 K\u00e9szletinform\u00e1ci\u00f3<\/strong><\/h4>\n<p><strong>K\u00e9szlet\u00fcnk napi szinten v\u00e1ltozik, \u00edgy a webshopban szerepl<\/strong><strong>\u0151<\/strong><strong>\u00a0term\u00e9kek el\u00e9rhet<\/strong><strong>\u0151<\/strong><strong>s\u00e9ge nem garant\u00e1lt.<br \/>\n\ud83d\udcde A megrendel\u00e9s el<\/strong><strong>\u0151<\/strong><strong>tt k\u00e9rj\u00fck, \u00e9rdekl<\/strong><strong>\u0151<\/strong><strong>dj\u00f6n szem\u00e9lyesen, telefonon vagy e-mailben!<\/strong><\/p>\n<h4><strong>\u27a1\ufe0f Kapcsolat:<\/strong><\/h4>\n<ul>\n<li><strong>Weboldal:\u00a0<\/strong><a href=\"https:\/\/tajkertesz.com\/\"><strong>tajkertesz.com<\/strong><\/a><\/li>\n<li><strong>Facebook:\u00a0<\/strong><a href=\"https:\/\/www.facebook.com\/tajkertesz\/\"><strong>facebook.com\/tajkertesz<\/strong><\/a><\/li>\n<li><strong>Telefonsz\u00e1m, e-mail: +36\/20-319-3770\u00a0<\/strong><a href=\"mailto:tajkerteszaruda@gmail.com\"><strong>tajkerteszaruda@gmail.com<\/strong><\/a><\/li>\n<\/ul>\n<h4><strong>\ud83d\ude9a Sz\u00e1ll\u00edt\u00e1si inform\u00e1ci\u00f3k<\/strong><\/h4>\n<p><strong>A megrendelt n\u00f6v\u00e9nyek kisz\u00e1ll\u00edt\u00e1sa az al\u00e1bbi felt\u00e9telek mellett t\u00f6rt\u00e9nik:<\/strong><\/p>\n<h4><strong>\ud83d\udce6 Fut\u00e1rszolg\u00e1latos sz\u00e1ll\u00edt\u00e1s<\/strong><\/h4>\n<ul>\n<li><strong>Maxim\u00e1lis m\u00e9ret: 200 cm (hossz\u00fas\u00e1g)<\/strong><\/li>\n<li><strong>Maxim\u00e1lis s\u00faly: 40 kg<\/strong><\/li>\n<li><strong>Az enn\u00e9l kisebb \u00e9s k\u00f6nnyebb csomagokat fut\u00e1rszolg\u00e1lattal k\u00e9zbes\u00edtj\u00fck a lehet<\/strong><strong>\u0151<\/strong><strong>\u00a0legbiztons\u00e1gosabb csomagol\u00e1sban.<\/strong><\/li>\n<\/ul>\n<h4><strong>\ud83d\udefb Szem\u00e9lyes \u00e1tv\u00e9tel<\/strong><\/h4>\n<ul>\n<li><strong>1173 Budapest, Bakancsos utca 7. sz\u00e1m alatt nyitvatart\u00e1si id<\/strong><strong>\u0151<\/strong><strong>ben szem\u00e9lyesen \u00e1tvehet<\/strong><strong>\u0151<\/strong><strong>\u00a0kert\u00e9szeti \u00e1rud\u00e1nkban.<\/strong><\/li>\n<li><strong>K\u00f6lts\u00e9ghat\u00e9kony megold\u00e1s nagyobb, t\u00f6r\u00e9kenyebb vagy t\u00falm\u00e9retes n\u00f6v\u00e9nyek eset\u00e9n.<\/strong><\/li>\n<\/ul>\n<h4><strong>\ud83d\udcde Nagy m\u00e9ret<\/strong><strong>\u0171<\/strong><strong>\u00a0vagy s\u00faly\u00fa n\u00f6v\u00e9nyek eset\u00e9n<\/strong><\/h4>\n<p><strong>Ha a term\u00e9k:<\/strong><\/p>\n<ul>\n<li><strong>meghaladja a 200 cm hossz\u00fas\u00e1got vagy<\/strong><\/li>\n<li><strong>meghaladja a 40 kg s\u00falyt,<\/strong><\/li>\n<\/ul>\n<p><strong>akkor szem\u00e9lyes \u00e1tv\u00e9tellel vagy egyedi, el<\/strong><strong>\u0151<\/strong><strong>re egyeztetett sz\u00e1ll\u00edt\u00e1si felt\u00e9telek mellett t\u00f6rt\u00e9nik.<br \/>\nK\u00e9rj\u00fck, ilyen esetben rendel\u00e9s el<\/strong><strong>\u0151<\/strong><strong>tt vegye fel vel\u00fcnk a kapcsolatot, hogy a lehet<\/strong><strong>\u0151<\/strong><strong>\u00a0legmegfelel<\/strong><strong>\u0151<\/strong><strong>bb sz\u00e1ll\u00edt\u00e1si megold\u00e1st k\u00edn\u00e1lhassuk.<\/strong><\/p>\n<p><strong>\ud83d\udd14 Fontos: A n\u00f6v\u00e9nyeket minden esetben igyeksz\u00fcnk gondosan, egyes\u00e9vel csomagolni, azonban a sz\u00e1ll\u00edt\u00e1s sor\u00e1n kisebb eszt\u00e9tikai s\u00e9r\u00fcl\u00e9sek el<\/strong><strong>\u0151<\/strong><strong>fordulhatnak (pl. lev\u00e9lhull\u00e1s). Ez nem min<\/strong><strong>\u0151<\/strong><strong>s\u00fcl hib\u00e1s teljes\u00edt\u00e9snek.<\/strong><\/p>\n<h4><strong>\ud83d\udcf7 Fontos tudni a k\u00e9pekr<\/strong><strong>\u0151<\/strong><strong>l<\/strong><\/h4>\n<p><strong>A webshopban szerepl<\/strong><strong>\u0151<\/strong><strong>\u00a0k\u00e9pek illusztr\u00e1ci\u00f3k, a n\u00f6v\u00e9nyek term\u00e9szet\u00fckn\u00e9l fogva egyediek, \u00edgy m\u00e9retben, alakban \u00e9s sz\u00ednben minim\u00e1lis elt\u00e9r\u00e9sek el<\/strong><strong>\u0151<\/strong><strong>fordulhatnak a k\u00e9pen l\u00e1that\u00f3 \u00e9s a val\u00f3s p\u00e9ld\u00e1nyok k\u00f6z\u00f6tt.<\/strong><\/p>\n<h4><strong>\ud83e\uddfe \u00c1rak \u00e9s el\u00e1ll\u00e1si jog<\/strong><\/h4>\n<ul>\n<li><strong>Az \u00e1rak egy darab\u00a0n\u00f6v\u00e9nyre vonatkoznak.<\/strong><\/li>\n<li><strong>\u00c9l<\/strong><strong>\u0151<\/strong><strong>\u00a0n\u00f6v\u00e9nyek rendel\u00e9se eset\u00e9n a 14 napos el\u00e1ll\u00e1s joga nem \u00e9rv\u00e9nyes\u00edthet<\/strong><strong>\u0151<\/strong><strong>, mivel azok romland\u00f3, biol\u00f3giailag \u00e9l<\/strong><strong>\u0151<\/strong><strong>\u00a0term\u00e9keknek min<\/strong><strong>\u0151<\/strong><strong>s\u00fclnek.<br \/>\n\ud83d\udd12 (17\/1999. (II. 5.) Korm. rendelet 5. \u00a7 c) pontja alapj\u00e1n)<\/strong><\/li>\n<\/ul>\n<h4><strong>\ud83d\udce6 K\u00e9zbes\u00edt\u00e9s ut\u00e1ni teend<\/strong><strong>\u0151<\/strong><strong>k<\/strong><\/h4>\n<p><strong>A k\u00e9zbes\u00edt\u00e9st k\u00f6vet<\/strong><strong>\u0151<\/strong><strong>en a csomagot azonnal bontsuk ki, \u00e9s a n\u00f6v\u00e9nyt helyezz\u00fck el megfelel<\/strong><strong>\u0151<\/strong><strong>\u00a0k\u00f6rnyezetben.<br \/>\nFontos: ha a n\u00f6v\u00e9ny nem r\u00e9szes\u00fcl megfelel<\/strong><strong>\u0151<\/strong><strong>\u00a0gondoz\u00e1sban \u00e9s ennek k\u00f6vetkezt\u00e9ben k\u00e1rosodik vagy elpusztul, felel<\/strong><strong>\u0151<\/strong><strong>ss\u00e9get nem tudunk v\u00e1llalni.<\/strong><\/p>\n<p><strong>\u00a0<\/strong><\/p>","protected":false},"excerpt":{"rendered":"<h2>ICL F\u0171mag Toscana 1 kg<\/h2>\n<p>Landscaper Pro mediterr\u00e1n jelleg\u0171, sz\u00e1razs\u00e1gt\u0171r\u0151 f\u0171mag Magyar szakemberek \u00e1ltal a hazai kl\u00edm\u00e1nak megfelel\u0151en \u00f6ssze\u00e1ll\u00edtott p\u00e1zsit kever\u00e9k.A megalkot\u00e1sn\u00e1l kimondottan fontos volt a sz\u00e1razs\u00e1gt\u0171r\u00e9s \u00e9s az er\u0151s ig\u00e9nybev\u00e9t&#8230;<\/p>\n<div id=\"bodyContent\" class=\"mw-body-content\">\n<div id=\"mw-content-text\" class=\"mw-content-ltr\" dir=\"ltr\" lang=\"hu\">\n<div id=\"bodyContent\" class=\"mw-body-content\">\n<div id=\"mw-content-text\" class=\"mw-content-ltr\" dir=\"ltr\" lang=\"hu\">\n<p><b>K\u00e9szlet\u00fcnk napi szinten v\u00e1ltozik, ez\u00e9rt k\u00e9rj\u00fck, \u00e9rdekl\u0151dj\u00f6n szem\u00e9lyesen, telefonon vagy email-en.<\/b><\/p>\n<p>Term\u00e9keinket szem\u00e9lyesen is \u00e1tveheti a h\u00e9t minden napj\u00e1n nyitvatart\u00e1si id\u0151ben!<\/p>\n<p>Kisz\u00e1ll\u00edt\u00e1s: 200 cm \u00e9s 40 kg-ig a sz\u00e1ll\u00edt\u00e1s fut\u00e1rszolg\u00e1lattal t\u00f6rt\u00e9nik.<\/p>\n<\/div>\n<\/div>\n<\/div>\n<\/div>\n<p><b>A v\u00e1ltoztat\u00e1s jog\u00e1t fenntartjuk!\u00a0<\/b><\/p>","protected":false},"featured_media":16444,"template":"","meta":{"_et_pb_use_builder":"","_et_pb_old_content":"","_et_gb_content_width":""},"product_brand":[],"product_cat":[5019],"product_tag":[1284,4022,5309],"class_list":{"0":"post-16443","1":"product","2":"type-product","3":"status-publish","4":"has-post-thumbnail","6":"product_cat-icl-landscaper-fumagok","7":"product_tag-fumag","8":"product_tag-icl-fumag","9":"product_tag-mediterranfumag","11":"first","12":"instock","13":"shipping-taxable","14":"purchasable","15":"product-type-simple"},"yoast_head":"<!-- This site is optimized with the Yoast SEO plugin v27.4 - https:\/\/yoast.com\/product\/yoast-seo-wordpress\/ -->\n<title>ICL F\u0171mag Toscana 1 kg 7083495 - T\u00e1jkert\u00e9sz<\/title>\n<meta name=\"description\" content=\"ICL F\u0171mag Toscana 1 kg. Magyar kl\u00edm\u00e1ra kifejlesztett f\u0171mag.Magas ellen\u00e1ll\u00f3k\u00e9pess\u00e9g: tapos\u00e1st\u0171r\u0151, h\u0151- \u00e9s sz\u00e1razs\u00e1gt\u0171r\u0151, betegs\u00e9gt\u0171r\u0151. Gyors fejl\u0151d\u00e9s\u0171\" \/>\n<meta name=\"robots\" content=\"index, follow, max-snippet:-1, max-image-preview:large, max-video-preview:-1\" \/>\n<link rel=\"canonical\" href=\"https:\/\/tajkertesz.com\/en_US\/product\/icl-fumag-toscana-1-kg\/\" \/>\n<meta property=\"og:locale\" content=\"en_US\" \/>\n<meta property=\"og:type\" content=\"article\" \/>\n<meta property=\"og:title\" content=\"https:\/\/www.facebook.com\/tajkertesz\/\" \/>\n<meta property=\"og:description\" content=\"Landscaper Pro mediterr\u00e1n jelleg\u0171, sz\u00e1razs\u00e1gt\u0171r\u0151 f\u0171magMagyar szakemberek \u00e1ltal a hazai kl\u00edm\u00e1nak megfelel\u0151en \u00f6ssze\u00e1ll\u00edtott p\u00e1zsit kever\u00e9k.A megalkot\u00e1sn\u00e1l kimondottan fontos volt a sz\u00e1razs\u00e1gt\u0171r\u00e9s \u00e9s az er\u0151s ig\u00e9nybev\u00e9tel toler\u00e1l\u00e1sa valamint a betegs\u00e9gekkel szembeni ellen\u00e1ll\u00f3k\u00e9pes\u00e9g.A kever\u00e9k megjelen\u00e9se:A Toscana mediterr\u00e1n jelleg\u00e9t nemcsak megjelen\u00e9s\u00e9nek k\u00f6sz\u00f6nheti, hanem kiv\u00e1l\u00f3 tulajdons\u00e1gainak is. M\u00e9ly gy\u00f6k\u00e9rzete miatt sokkal ellen\u00e1ll\u00f3bb\u00e1 v\u00e1lik, a k\u00fcls\u0151 stressz hat\u00e1sokkal szemben. Fajtaszelekci\u00f3ja igazi \u00e1tt\u00f6r\u00e9st jelent az eszt\u00e9tikum \u00e9s a haszn\u00e1lati \u00e9rt\u00e9k k\u00f6zt. M\u00e9lyz\u00f6ld sz\u00edne, valamint sz\u00e1ln\u00f6veked\u00e9se mind felfel\u00e9 \u00e9s oldalir\u00e1nyba t\u00f6rt\u00e9nik. Ezzel kiv\u00e9teles s\u0171r\u0171s\u00e9get k\u00e9pes el\u00e9rni. T\u00f6rp\u00edtett v\u00e1ltozatai r\u00e9v\u00e9n m\u00e9rs\u00e9kelt n\u00f6veked\u00e9s, ezzel a ny\u00edr\u00e1ssz\u00e1m cs\u00f6kken\u00e9s jellemzi.Hova javasolt haszn\u00e1lni?Mag\u00e1nkertek, \u00fcd\u00fcl\u0151k, strandok, hotelek, wellness k\u00f6zpontok stb. f\u00fcves\u00edt\u00e9s\u00e9re aj\u00e1nljuk.\" \/>\n<meta property=\"og:url\" content=\"https:\/\/tajkertesz.com\/en_US\/product\/icl-fumag-toscana-1-kg\/\" \/>\n<meta property=\"og:site_name\" content=\"T\u00e1jkert\u00e9sz\" \/>\n<meta property=\"article:publisher\" content=\"https:\/\/www.facebook.com\/Tajkertesz\/\" \/>\n<meta property=\"article:modified_time\" content=\"2026-02-25T12:54:07+00:00\" \/>\n<meta property=\"og:image\" content=\"https:\/\/tajkertesz.com\/wp-content\/uploads\/2023\/08\/ProSelect_Toscana_1kg.png\" \/>\n\t<meta property=\"og:image:width\" content=\"570\" \/>\n\t<meta property=\"og:image:height\" content=\"570\" \/>\n\t<meta property=\"og:image:type\" content=\"image\/png\" \/>\n<meta name=\"twitter:card\" content=\"summary_large_image\" \/>\n<meta name=\"twitter:label1\" content=\"Est. reading time\" \/>\n\t<meta name=\"twitter:data1\" content=\"4 minutes\" \/>\n<script type=\"application\/ld+json\" class=\"yoast-schema-graph\">{\"@context\":\"https:\\\/\\\/schema.org\",\"@graph\":[{\"@type\":\"WebPage\",\"@id\":\"https:\\\/\\\/tajkertesz.com\\\/termek\\\/icl-fumag-toscana-1-kg\\\/\",\"url\":\"https:\\\/\\\/tajkertesz.com\\\/termek\\\/icl-fumag-toscana-1-kg\\\/\",\"name\":\"ICL F\u0171mag Toscana 1 kg 7083495 - T\u00e1jkert\u00e9sz\",\"isPartOf\":{\"@id\":\"https:\\\/\\\/tajkertesz.com\\\/#website\"},\"primaryImageOfPage\":{\"@id\":\"https:\\\/\\\/tajkertesz.com\\\/termek\\\/icl-fumag-toscana-1-kg\\\/#primaryimage\"},\"image\":{\"@id\":\"https:\\\/\\\/tajkertesz.com\\\/termek\\\/icl-fumag-toscana-1-kg\\\/#primaryimage\"},\"thumbnailUrl\":\"https:\\\/\\\/tajkertesz.com\\\/wp-content\\\/uploads\\\/2023\\\/08\\\/ProSelect_Toscana_1kg.png\",\"datePublished\":\"2023-08-14T10:12:50+00:00\",\"dateModified\":\"2026-02-25T12:54:07+00:00\",\"description\":\"ICL F\u0171mag Toscana 1 kg. Magyar kl\u00edm\u00e1ra kifejlesztett f\u0171mag.Magas ellen\u00e1ll\u00f3k\u00e9pess\u00e9g: tapos\u00e1st\u0171r\u0151, h\u0151- \u00e9s sz\u00e1razs\u00e1gt\u0171r\u0151, betegs\u00e9gt\u0171r\u0151. Gyors fejl\u0151d\u00e9s\u0171\",\"breadcrumb\":{\"@id\":\"https:\\\/\\\/tajkertesz.com\\\/termek\\\/icl-fumag-toscana-1-kg\\\/#breadcrumb\"},\"inLanguage\":\"en-US\",\"potentialAction\":[{\"@type\":\"ReadAction\",\"target\":[\"https:\\\/\\\/tajkertesz.com\\\/termek\\\/icl-fumag-toscana-1-kg\\\/\"]}]},{\"@type\":\"ImageObject\",\"inLanguage\":\"en-US\",\"@id\":\"https:\\\/\\\/tajkertesz.com\\\/termek\\\/icl-fumag-toscana-1-kg\\\/#primaryimage\",\"url\":\"https:\\\/\\\/tajkertesz.com\\\/wp-content\\\/uploads\\\/2023\\\/08\\\/ProSelect_Toscana_1kg.png\",\"contentUrl\":\"https:\\\/\\\/tajkertesz.com\\\/wp-content\\\/uploads\\\/2023\\\/08\\\/ProSelect_Toscana_1kg.png\",\"width\":570,\"height\":570},{\"@type\":\"BreadcrumbList\",\"@id\":\"https:\\\/\\\/tajkertesz.com\\\/termek\\\/icl-fumag-toscana-1-kg\\\/#breadcrumb\",\"itemListElement\":[{\"@type\":\"ListItem\",\"position\":1,\"name\":\"Home\",\"item\":\"https:\\\/\\\/tajkertesz.com\\\/\"},{\"@type\":\"ListItem\",\"position\":2,\"name\":\"Kezd\u0151lap\",\"item\":\"https:\\\/\\\/tajkertesz.com\\\/\"},{\"@type\":\"ListItem\",\"position\":3,\"name\":\"ICL F\u0171mag Toscana 1 kg 7083495\"}]},{\"@type\":\"WebSite\",\"@id\":\"https:\\\/\\\/tajkertesz.com\\\/#website\",\"url\":\"https:\\\/\\\/tajkertesz.com\\\/\",\"name\":\"T\u00e1j-Kert\u00e9sz 84 Kft.\",\"description\":\"Kert\u00e9szeti kis- \u00e9s nagykeresked\u00e9s, D\u00edszn\u00f6v\u00e9ny web\u00e1ruh\u00e1z orsz\u00e1gos h\u00e1zhozsz\u00e1ll\u00edt\u00e1ssal!\",\"publisher\":{\"@id\":\"https:\\\/\\\/tajkertesz.com\\\/#organization\"},\"potentialAction\":[{\"@type\":\"SearchAction\",\"target\":{\"@type\":\"EntryPoint\",\"urlTemplate\":\"https:\\\/\\\/tajkertesz.com\\\/?s={search_term_string}\"},\"query-input\":{\"@type\":\"PropertyValueSpecification\",\"valueRequired\":true,\"valueName\":\"search_term_string\"}}],\"inLanguage\":\"en-US\"},{\"@type\":\"Organization\",\"@id\":\"https:\\\/\\\/tajkertesz.com\\\/#organization\",\"name\":\"T\u00e1j-Kert\u00e9sz 84 Kft.\",\"url\":\"https:\\\/\\\/tajkertesz.com\\\/\",\"logo\":{\"@type\":\"ImageObject\",\"inLanguage\":\"en-US\",\"@id\":\"https:\\\/\\\/tajkertesz.com\\\/#\\\/schema\\\/logo\\\/image\\\/\",\"url\":\"https:\\\/\\\/tajkertesz.com\\\/wp-content\\\/uploads\\\/2018\\\/02\\\/logo-2-e1518678052539.png\",\"contentUrl\":\"https:\\\/\\\/tajkertesz.com\\\/wp-content\\\/uploads\\\/2018\\\/02\\\/logo-2-e1518678052539.png\",\"width\":81,\"height\":140,\"caption\":\"T\u00e1j-Kert\u00e9sz 84 Kft.\"},\"image\":{\"@id\":\"https:\\\/\\\/tajkertesz.com\\\/#\\\/schema\\\/logo\\\/image\\\/\"},\"sameAs\":[\"https:\\\/\\\/www.facebook.com\\\/Tajkertesz\\\/\"]}]}<\/script>\n<!-- \/ Yoast SEO plugin. -->","yoast_head_json":{"title":"ICL F\u0171mag Toscana 1 kg 7083495 - T\u00e1jkert\u00e9sz","description":"ICL F\u0171mag Toscana 1 kg. Magyar kl\u00edm\u00e1ra kifejlesztett f\u0171mag.Magas ellen\u00e1ll\u00f3k\u00e9pess\u00e9g: tapos\u00e1st\u0171r\u0151, h\u0151- \u00e9s sz\u00e1razs\u00e1gt\u0171r\u0151, betegs\u00e9gt\u0171r\u0151. Gyors fejl\u0151d\u00e9s\u0171","robots":{"index":"index","follow":"follow","max-snippet":"max-snippet:-1","max-image-preview":"max-image-preview:large","max-video-preview":"max-video-preview:-1"},"canonical":"https:\/\/tajkertesz.com\/en_US\/product\/icl-fumag-toscana-1-kg\/","og_locale":"en_US","og_type":"article","og_title":"https:\/\/www.facebook.com\/tajkertesz\/","og_description":"Landscaper Pro mediterr\u00e1n jelleg\u0171, sz\u00e1razs\u00e1gt\u0171r\u0151 f\u0171magMagyar szakemberek \u00e1ltal a hazai kl\u00edm\u00e1nak megfelel\u0151en \u00f6ssze\u00e1ll\u00edtott p\u00e1zsit kever\u00e9k.A megalkot\u00e1sn\u00e1l kimondottan fontos volt a sz\u00e1razs\u00e1gt\u0171r\u00e9s \u00e9s az er\u0151s ig\u00e9nybev\u00e9tel toler\u00e1l\u00e1sa valamint a betegs\u00e9gekkel szembeni ellen\u00e1ll\u00f3k\u00e9pes\u00e9g.A kever\u00e9k megjelen\u00e9se:A Toscana mediterr\u00e1n jelleg\u00e9t nemcsak megjelen\u00e9s\u00e9nek k\u00f6sz\u00f6nheti, hanem kiv\u00e1l\u00f3 tulajdons\u00e1gainak is. M\u00e9ly gy\u00f6k\u00e9rzete miatt sokkal ellen\u00e1ll\u00f3bb\u00e1 v\u00e1lik, a k\u00fcls\u0151 stressz hat\u00e1sokkal szemben. Fajtaszelekci\u00f3ja igazi \u00e1tt\u00f6r\u00e9st jelent az eszt\u00e9tikum \u00e9s a haszn\u00e1lati \u00e9rt\u00e9k k\u00f6zt. M\u00e9lyz\u00f6ld sz\u00edne, valamint sz\u00e1ln\u00f6veked\u00e9se mind felfel\u00e9 \u00e9s oldalir\u00e1nyba t\u00f6rt\u00e9nik. Ezzel kiv\u00e9teles s\u0171r\u0171s\u00e9get k\u00e9pes el\u00e9rni. T\u00f6rp\u00edtett v\u00e1ltozatai r\u00e9v\u00e9n m\u00e9rs\u00e9kelt n\u00f6veked\u00e9s, ezzel a ny\u00edr\u00e1ssz\u00e1m cs\u00f6kken\u00e9s jellemzi.Hova javasolt haszn\u00e1lni?Mag\u00e1nkertek, \u00fcd\u00fcl\u0151k, strandok, hotelek, wellness k\u00f6zpontok stb. f\u00fcves\u00edt\u00e9s\u00e9re aj\u00e1nljuk.","og_url":"https:\/\/tajkertesz.com\/en_US\/product\/icl-fumag-toscana-1-kg\/","og_site_name":"T\u00e1jkert\u00e9sz","article_publisher":"https:\/\/www.facebook.com\/Tajkertesz\/","article_modified_time":"2026-02-25T12:54:07+00:00","og_image":[{"width":570,"height":570,"url":"https:\/\/tajkertesz.com\/wp-content\/uploads\/2023\/08\/ProSelect_Toscana_1kg.png","type":"image\/png"}],"twitter_card":"summary_large_image","twitter_misc":{"Est. reading time":"4 minutes"},"schema":{"@context":"https:\/\/schema.org","@graph":[{"@type":"WebPage","@id":"https:\/\/tajkertesz.com\/termek\/icl-fumag-toscana-1-kg\/","url":"https:\/\/tajkertesz.com\/termek\/icl-fumag-toscana-1-kg\/","name":"ICL F\u0171mag Toscana 1 kg 7083495 - T\u00e1jkert\u00e9sz","isPartOf":{"@id":"https:\/\/tajkertesz.com\/#website"},"primaryImageOfPage":{"@id":"https:\/\/tajkertesz.com\/termek\/icl-fumag-toscana-1-kg\/#primaryimage"},"image":{"@id":"https:\/\/tajkertesz.com\/termek\/icl-fumag-toscana-1-kg\/#primaryimage"},"thumbnailUrl":"https:\/\/tajkertesz.com\/wp-content\/uploads\/2023\/08\/ProSelect_Toscana_1kg.png","datePublished":"2023-08-14T10:12:50+00:00","dateModified":"2026-02-25T12:54:07+00:00","description":"ICL F\u0171mag Toscana 1 kg. Magyar kl\u00edm\u00e1ra kifejlesztett f\u0171mag.Magas ellen\u00e1ll\u00f3k\u00e9pess\u00e9g: tapos\u00e1st\u0171r\u0151, h\u0151- \u00e9s sz\u00e1razs\u00e1gt\u0171r\u0151, betegs\u00e9gt\u0171r\u0151. Gyors fejl\u0151d\u00e9s\u0171","breadcrumb":{"@id":"https:\/\/tajkertesz.com\/termek\/icl-fumag-toscana-1-kg\/#breadcrumb"},"inLanguage":"en-US","potentialAction":[{"@type":"ReadAction","target":["https:\/\/tajkertesz.com\/termek\/icl-fumag-toscana-1-kg\/"]}]},{"@type":"ImageObject","inLanguage":"en-US","@id":"https:\/\/tajkertesz.com\/termek\/icl-fumag-toscana-1-kg\/#primaryimage","url":"https:\/\/tajkertesz.com\/wp-content\/uploads\/2023\/08\/ProSelect_Toscana_1kg.png","contentUrl":"https:\/\/tajkertesz.com\/wp-content\/uploads\/2023\/08\/ProSelect_Toscana_1kg.png","width":570,"height":570},{"@type":"BreadcrumbList","@id":"https:\/\/tajkertesz.com\/termek\/icl-fumag-toscana-1-kg\/#breadcrumb","itemListElement":[{"@type":"ListItem","position":1,"name":"Home","item":"https:\/\/tajkertesz.com\/"},{"@type":"ListItem","position":2,"name":"Kezd\u0151lap","item":"https:\/\/tajkertesz.com\/"},{"@type":"ListItem","position":3,"name":"ICL F\u0171mag Toscana 1 kg 7083495"}]},{"@type":"WebSite","@id":"https:\/\/tajkertesz.com\/#website","url":"https:\/\/tajkertesz.com\/","name":"T\u00e1j-Kert\u00e9sz 84 Kft.","description":"Kert\u00e9szeti kis- \u00e9s nagykeresked\u00e9s, D\u00edszn\u00f6v\u00e9ny web\u00e1ruh\u00e1z orsz\u00e1gos h\u00e1zhozsz\u00e1ll\u00edt\u00e1ssal!","publisher":{"@id":"https:\/\/tajkertesz.com\/#organization"},"potentialAction":[{"@type":"SearchAction","target":{"@type":"EntryPoint","urlTemplate":"https:\/\/tajkertesz.com\/?s={search_term_string}"},"query-input":{"@type":"PropertyValueSpecification","valueRequired":true,"valueName":"search_term_string"}}],"inLanguage":"en-US"},{"@type":"Organization","@id":"https:\/\/tajkertesz.com\/#organization","name":"T\u00e1j-Kert\u00e9sz 84 Kft.","url":"https:\/\/tajkertesz.com\/","logo":{"@type":"ImageObject","inLanguage":"en-US","@id":"https:\/\/tajkertesz.com\/#\/schema\/logo\/image\/","url":"https:\/\/tajkertesz.com\/wp-content\/uploads\/2018\/02\/logo-2-e1518678052539.png","contentUrl":"https:\/\/tajkertesz.com\/wp-content\/uploads\/2018\/02\/logo-2-e1518678052539.png","width":81,"height":140,"caption":"T\u00e1j-Kert\u00e9sz 84 Kft."},"image":{"@id":"https:\/\/tajkertesz.com\/#\/schema\/logo\/image\/"},"sameAs":["https:\/\/www.facebook.com\/Tajkertesz\/"]}]}},"_links":{"self":[{"href":"https:\/\/tajkertesz.com\/en_US\/wp-json\/wp\/v2\/product\/16443","targetHints":{"allow":["GET"]}}],"collection":[{"href":"https:\/\/tajkertesz.com\/en_US\/wp-json\/wp\/v2\/product"}],"about":[{"href":"https:\/\/tajkertesz.com\/en_US\/wp-json\/wp\/v2\/types\/product"}],"wp:featuredmedia":[{"embeddable":true,"href":"https:\/\/tajkertesz.com\/en_US\/wp-json\/wp\/v2\/media\/16444"}],"wp:attachment":[{"href":"https:\/\/tajkertesz.com\/en_US\/wp-json\/wp\/v2\/media?parent=16443"}],"wp:term":[{"taxonomy":"product_brand","embeddable":true,"href":"https:\/\/tajkertesz.com\/en_US\/wp-json\/wp\/v2\/product_brand?post=16443"},{"taxonomy":"product_cat","embeddable":true,"href":"https:\/\/tajkertesz.com\/en_US\/wp-json\/wp\/v2\/product_cat?post=16443"},{"taxonomy":"product_tag","embeddable":true,"href":"https:\/\/tajkertesz.com\/en_US\/wp-json\/wp\/v2\/product_tag?post=16443"}],"curies":[{"name":"wp","href":"https:\/\/api.w.org\/{rel}","templated":true}]}}