{"id":16469,"date":"2025-07-29T12:48:14","date_gmt":"2025-07-29T12:48:14","guid":{"rendered":"https:\/\/tajkertesz.com\/?post_type=product&#038;p=16469"},"modified":"2026-02-24T10:55:23","modified_gmt":"2026-02-24T10:55:23","slug":"cupressus-macrocarpa-goldcrest-szoba-ciprus","status":"publish","type":"product","link":"https:\/\/tajkertesz.com\/en_US\/product\/cupressus-macrocarpa-goldcrest-szoba-ciprus\/","title":{"rendered":"Cupressus macrocarpa &#8216;Goldcrest&#8217; &#8211; Szoba ciprus"},"content":{"rendered":"<h1>Cupressus macrocarpa &#8216;Goldcrest&#8217; &#8211; Szoba ciprus<\/h1>\n<p data-start=\"619\" data-end=\"921\">A <strong data-start=\"621\" data-end=\"657\">Cupressus macrocarpa &#8216;Goldcrest&#8217; &#8211; Szoba ciprus<\/strong>\u00a0egy l\u00e1tv\u00e1nyos, <strong data-start=\"720\" data-end=\"766\">vil\u00e1gosz\u00f6ld-arany lomb\u00fa, oszlopos \u00f6r\u00f6kz\u00f6ld<\/strong>, amely szinte minden \u00e9vszakban dekorat\u00edv. Finoman illatos t\u0171levelei <strong data-start=\"835\" data-end=\"867\">citromra eml\u00e9keztet\u0151 illatot<\/strong> \u00e1rasztanak, f\u0151k\u00e9nt es\u0151 ut\u00e1n vagy enyhe d\u00f6rzs\u00f6l\u00e9sre.<\/p>\n<p data-start=\"926\" data-end=\"1080\">Kompakt, f\u00fcgg\u0151leges n\u00f6veked\u00e9s\u0171 fajta, ide\u00e1lis <strong data-start=\"972\" data-end=\"1074\">d\u00edsz\u00edt\u0151elemnek kerti utak mell\u00e9, bej\u00e1rathoz, d\u00e9zs\u00e1ba, balkonra vagy ak\u00e1r belt\u00e9rbe (vil\u00e1gos helyre)<\/strong> is.<\/p>\n<h2>Cupressus macrocarpa &#8216;Goldcrest&#8217; jellemz\u0151i<\/h2>\n<ul data-start=\"1107\" data-end=\"1496\">\n<li data-start=\"1107\" data-end=\"1157\">\n<p data-start=\"1109\" data-end=\"1157\">Magass\u00e1g: szabadf\u00f6ld\u00f6n 2\u20133 m, d\u00e9zs\u00e1ban 1\u20131,5 m<\/p>\n<\/li>\n<li data-start=\"1160\" data-end=\"1183\">\n<p data-start=\"1162\" data-end=\"1183\">Sz\u00e9less\u00e9g: 50\u201380 cm<\/p>\n<\/li>\n<li data-start=\"1186\" data-end=\"1234\">\n<p data-start=\"1188\" data-end=\"1234\">Lombozat: aranys\u00e1rg\u00e1s-z\u00f6ld, t\u0171szer\u0171, illatos<\/p>\n<\/li>\n<li data-start=\"1237\" data-end=\"1269\">\n<p data-start=\"1239\" data-end=\"1269\">F\u00e9nyig\u00e9ny: napos \u2013 f\u00e9l\u00e1rny\u00e9k<\/p>\n<\/li>\n<li data-start=\"1272\" data-end=\"1332\">\n<p data-start=\"1274\" data-end=\"1332\">Talajig\u00e9ny: j\u00f3 v\u00edzelvezet\u00e9s\u0171, enyh\u00e9n savas vagy semleges<\/p>\n<\/li>\n<li data-start=\"1335\" data-end=\"1402\">\n<p data-start=\"1337\" data-end=\"1402\">T\u00e9l\u00e1ll\u00f3s\u00e1g: \u20135 \u00b0C-ig (k\u00fclt\u00e9ren csak v\u00e9dett helyen teleltethet\u0151)<\/p>\n<\/li>\n<li data-start=\"1405\" data-end=\"1494\">\n<p data-start=\"1407\" data-end=\"1494\">Felhaszn\u00e1l\u00e1s: d\u00e9zs\u00e1ba, belt\u00e9rre, teraszra, t\u00e9likertbe, v\u00e1gott z\u00f6ldk\u00e9nt is haszn\u00e1lhat\u00f3<\/p>\n<\/li>\n<\/ul>\n<p data-start=\"1499\" data-end=\"1655\"><strong data-start=\"1499\" data-end=\"1509\">Fontos<\/strong>: haz\u00e1nkban csak enyhe tel\u0171, v\u00e9dett fekv\u00e9sben telel ki szabadban \u2013 t\u00e9len fagymentes helyen (pl. vil\u00e1gos l\u00e9pcs\u0151h\u00e1z, folyos\u00f3) c\u00e9lszer\u0171 teleltetni.<\/p>\n<p data-start=\"1499\" data-end=\"1655\">A n\u00f6v\u00e9ny jelenlegi m\u00e9rete: 15\/20 cm magas 10,5cm-es cser\u00e9pben.<\/p>\n<h4><strong>\ud83d\udd04 K\u00e9szletinform\u00e1ci\u00f3<\/strong><\/h4>\n<p><strong>K\u00e9szlet\u00fcnk napi szinten v\u00e1ltozik, \u00edgy a webshopban szerepl<\/strong><strong>\u0151<\/strong><strong> term\u00e9kek el\u00e9rhet<\/strong><strong>\u0151<\/strong><strong>s\u00e9ge nem garant\u00e1lt.<br \/>\n\ud83d\udcde A megrendel\u00e9s el<\/strong><strong>\u0151<\/strong><strong>tt k\u00e9rj\u00fck, \u00e9rdekl<\/strong><strong>\u0151<\/strong><strong>dj\u00f6n szem\u00e9lyesen, telefonon vagy e-mailben!<\/strong><\/p>\n<h4><strong>\u27a1\ufe0f Kapcsolat:<\/strong><\/h4>\n<ul>\n<li><strong>Weboldal: <\/strong><a href=\"https:\/\/tajkertesz.com\"><strong>tajkertesz.com<\/strong><\/a><\/li>\n<li><strong>Facebook: <\/strong><a href=\"https:\/\/www.facebook.com\/tajkertesz\/\"><strong>facebook.com\/tajkertesz<\/strong><\/a><\/li>\n<li><strong>Telefonsz\u00e1m, e-mail: +36\/20-319-3770 <\/strong><a href=\"mailto:tajkerteszaruda@gmail.com\"><strong>tajkerteszaruda@gmail.com<\/strong><\/a><\/li>\n<\/ul>\n<h4><strong>\ud83d\ude9a Sz\u00e1ll\u00edt\u00e1si inform\u00e1ci\u00f3k<\/strong><\/h4>\n<p><strong>A megrendelt n\u00f6v\u00e9nyek kisz\u00e1ll\u00edt\u00e1sa az al\u00e1bbi felt\u00e9telek mellett t\u00f6rt\u00e9nik:<\/strong><\/p>\n<h4><strong>\ud83d\udce6 Fut\u00e1rszolg\u00e1latos sz\u00e1ll\u00edt\u00e1s<\/strong><\/h4>\n<ul>\n<li><strong>Maxim\u00e1lis m\u00e9ret: 200 cm (hossz\u00fas\u00e1g)<\/strong><\/li>\n<li><strong>Maxim\u00e1lis s\u00faly: 40 kg<\/strong><\/li>\n<li><strong>Az enn\u00e9l kisebb \u00e9s k\u00f6nnyebb csomagokat fut\u00e1rszolg\u00e1lattal k\u00e9zbes\u00edtj\u00fck a lehet<\/strong><strong>\u0151<\/strong><strong> legbiztons\u00e1gosabb csomagol\u00e1sban.<\/strong><\/li>\n<\/ul>\n<h4><strong>\ud83d\udefb Szem\u00e9lyes \u00e1tv\u00e9tel<\/strong><\/h4>\n<ul>\n<li><strong>1173 Budapest, Bakancsos utca 7. sz\u00e1m alatt nyitvatart\u00e1si id<\/strong><strong>\u0151<\/strong><strong>ben szem\u00e9lyesen \u00e1tvehet<\/strong><strong>\u0151<\/strong><strong> kert\u00e9szeti \u00e1rud\u00e1nkban.<\/strong><\/li>\n<li><strong>K\u00f6lts\u00e9ghat\u00e9kony megold\u00e1s nagyobb, t\u00f6r\u00e9kenyebb vagy t\u00falm\u00e9retes n\u00f6v\u00e9nyek eset\u00e9n.<\/strong><\/li>\n<\/ul>\n<h4><strong>\ud83d\udcde Nagy m\u00e9ret<\/strong><strong>\u0171<\/strong><strong> vagy s\u00faly\u00fa n\u00f6v\u00e9nyek eset\u00e9n<\/strong><\/h4>\n<p><strong>Ha a term\u00e9k:<\/strong><\/p>\n<ul>\n<li><strong>meghaladja a 200 cm hossz\u00fas\u00e1got vagy<\/strong><\/li>\n<li><strong>meghaladja a 40 kg s\u00falyt,<\/strong><\/li>\n<\/ul>\n<p><strong>akkor szem\u00e9lyes \u00e1tv\u00e9tellel vagy egyedi, el<\/strong><strong>\u0151<\/strong><strong>re egyeztetett sz\u00e1ll\u00edt\u00e1si felt\u00e9telek mellett t\u00f6rt\u00e9nik.<br \/>\nK\u00e9rj\u00fck, ilyen esetben rendel\u00e9s el<\/strong><strong>\u0151<\/strong><strong>tt vegye fel vel\u00fcnk a kapcsolatot, hogy a lehet<\/strong><strong>\u0151<\/strong><strong> legmegfelel<\/strong><strong>\u0151<\/strong><strong>bb sz\u00e1ll\u00edt\u00e1si megold\u00e1st k\u00edn\u00e1lhassuk.<\/strong><\/p>\n<p><strong>\ud83d\udd14 Fontos: A n\u00f6v\u00e9nyeket minden esetben igyeksz\u00fcnk gondosan, egyes\u00e9vel csomagolni, azonban a sz\u00e1ll\u00edt\u00e1s sor\u00e1n kisebb eszt\u00e9tikai s\u00e9r\u00fcl\u00e9sek el<\/strong><strong>\u0151<\/strong><strong>fordulhatnak (pl. lev\u00e9lhull\u00e1s). Ez nem min<\/strong><strong>\u0151<\/strong><strong>s\u00fcl hib\u00e1s teljes\u00edt\u00e9snek.<\/strong><\/p>\n<h4><strong>\ud83d\udcf7 Fontos tudni a k\u00e9pekr<\/strong><strong>\u0151<\/strong><strong>l<\/strong><\/h4>\n<p><strong>A webshopban szerepl<\/strong><strong>\u0151<\/strong><strong> k\u00e9pek illusztr\u00e1ci\u00f3k, a n\u00f6v\u00e9nyek term\u00e9szet\u00fckn\u00e9l fogva egyediek, \u00edgy m\u00e9retben, alakban \u00e9s sz\u00ednben minim\u00e1lis elt\u00e9r\u00e9sek el<\/strong><strong>\u0151<\/strong><strong>fordulhatnak a k\u00e9pen l\u00e1that\u00f3 \u00e9s a val\u00f3s p\u00e9ld\u00e1nyok k\u00f6z\u00f6tt.<\/strong><\/p>\n<h4><strong>\ud83e\uddfe \u00c1rak \u00e9s el\u00e1ll\u00e1si jog<\/strong><\/h4>\n<ul>\n<li><strong>Az \u00e1rak egy darab\u00a0n\u00f6v\u00e9nyre vonatkoznak.<\/strong><\/li>\n<li><strong>\u00c9l<\/strong><strong>\u0151<\/strong><strong> n\u00f6v\u00e9nyek rendel\u00e9se eset\u00e9n a 14 napos el\u00e1ll\u00e1s joga nem \u00e9rv\u00e9nyes\u00edthet<\/strong><strong>\u0151<\/strong><strong>, mivel azok romland\u00f3, biol\u00f3giailag \u00e9l<\/strong><strong>\u0151<\/strong><strong> term\u00e9keknek min<\/strong><strong>\u0151<\/strong><strong>s\u00fclnek.<br \/>\n\ud83d\udd12 (17\/1999. (II. 5.) Korm. rendelet 5. \u00a7 c) pontja alapj\u00e1n)<\/strong><\/li>\n<\/ul>\n<h4><strong>\ud83d\udce6 K\u00e9zbes\u00edt\u00e9s ut\u00e1ni teend<\/strong><strong>\u0151<\/strong><strong>k<\/strong><\/h4>\n<p><strong>A k\u00e9zbes\u00edt\u00e9st k\u00f6vet<\/strong><strong>\u0151<\/strong><strong>en a csomagot azonnal bontsuk ki, \u00e9s a n\u00f6v\u00e9nyt helyezz\u00fck el megfelel<\/strong><strong>\u0151<\/strong><strong> k\u00f6rnyezetben.<br \/>\nFontos: ha a n\u00f6v\u00e9ny nem r\u00e9szes\u00fcl megfelel<\/strong><strong>\u0151<\/strong><strong> gondoz\u00e1sban \u00e9s ennek k\u00f6vetkezt\u00e9ben k\u00e1rosodik vagy elpusztul, felel<\/strong><strong>\u0151<\/strong><strong>ss\u00e9get nem tudunk v\u00e1llalni.<\/strong><\/p>\n<p><strong>\u00a0<\/strong><\/p>","protected":false},"excerpt":{"rendered":"<p>Illatos, oszlopos n\u00f6veked\u00e9s\u0171 aranylomb\u00fa ciprus. Dekorat\u00edv \u00f6r\u00f6kz\u00f6ld d\u00e9zs\u00e1ba, bej\u00e1rathoz vagy belt\u00e9rbe. T\u00e9lre fagymentes helyre javasolt vinni.<\/p>\n<p>&nbsp;<\/p>","protected":false},"featured_media":24072,"template":"","meta":{"_et_pb_use_builder":"","_et_pb_old_content":"","_et_gb_content_width":""},"product_brand":[],"product_cat":[26,2523],"product_tag":[6185,6188,6183,6184,6190,6186,6182,6187,6120,6189],"class_list":{"0":"post-16469","1":"product","2":"type-product","3":"status-publish","4":"has-post-thumbnail","6":"product_cat-orokzold-novenyek","7":"product_cat-szobanovenyek","8":"product_tag-aranylombu-orokzold","9":"product_tag-belteri-noveny","10":"product_tag-citromillatu-ciprus","11":"product_tag-cupressus-macrocarpa","12":"product_tag-dezsanoveny","13":"product_tag-disznoveny-dezsaba","14":"product_tag-goldcrest","15":"product_tag-illatos-orokzold","16":"product_tag-oszlopos-noveny","17":"product_tag-terasz-noveny","19":"first","20":"instock","21":"shipping-taxable","22":"purchasable","23":"product-type-simple"},"yoast_head":"<!-- This site is optimized with the Yoast SEO plugin v27.5 - https:\/\/yoast.com\/product\/yoast-seo-wordpress\/ -->\n<title>Cupressus macrocarpa &#039;Goldcrest&#039; - Szoba ciprus - T\u00e1jkert\u00e9sz<\/title>\n<meta name=\"description\" content=\"Cupressus macrocarpa &#039;Goldcrest&#039; - Szoba ciprus oszlopos n\u00f6veked\u00e9s\u0171, citromillat\u00fa ciprus aranys\u00e1rga lombbal. D\u00e9zs\u00e1ba, teraszra vagy belt\u00e9rbe.\" \/>\n<meta name=\"robots\" content=\"index, follow, max-snippet:-1, max-image-preview:large, max-video-preview:-1\" \/>\n<link rel=\"canonical\" href=\"https:\/\/tajkertesz.com\/en_US\/product\/cupressus-macrocarpa-goldcrest-szoba-ciprus\/\" \/>\n<meta property=\"og:locale\" content=\"en_US\" \/>\n<meta property=\"og:type\" content=\"article\" \/>\n<meta property=\"og:title\" content=\"Cupressus macrocarpa &#039;Goldcrest&#039; - Szoba ciprus - T\u00e1jkert\u00e9sz\" \/>\n<meta property=\"og:description\" content=\"Cupressus macrocarpa &#039;Goldcrest&#039; - Szoba ciprus oszlopos n\u00f6veked\u00e9s\u0171, citromillat\u00fa ciprus aranys\u00e1rga lombbal. D\u00e9zs\u00e1ba, teraszra vagy belt\u00e9rbe.\" \/>\n<meta property=\"og:url\" content=\"https:\/\/tajkertesz.com\/en_US\/product\/cupressus-macrocarpa-goldcrest-szoba-ciprus\/\" \/>\n<meta property=\"og:site_name\" content=\"T\u00e1jkert\u00e9sz\" \/>\n<meta property=\"article:publisher\" content=\"https:\/\/www.facebook.com\/Tajkertesz\/\" \/>\n<meta property=\"article:modified_time\" content=\"2026-02-24T10:55:23+00:00\" \/>\n<meta property=\"og:image\" content=\"https:\/\/tajkertesz.com\/wp-content\/uploads\/2025\/07\/Cupressus-macrocarpa.jpg\" \/>\n\t<meta property=\"og:image:width\" content=\"480\" \/>\n\t<meta property=\"og:image:height\" content=\"720\" \/>\n\t<meta property=\"og:image:type\" content=\"image\/jpeg\" \/>\n<meta name=\"twitter:card\" content=\"summary_large_image\" \/>\n<meta name=\"twitter:label1\" content=\"Est. reading time\" \/>\n\t<meta name=\"twitter:data1\" content=\"3 minutes\" \/>\n<script type=\"application\/ld+json\" class=\"yoast-schema-graph\">{\"@context\":\"https:\\\/\\\/schema.org\",\"@graph\":[{\"@type\":\"WebPage\",\"@id\":\"https:\\\/\\\/tajkertesz.com\\\/termek\\\/cupressus-macrocarpa-goldcrest-szoba-ciprus\\\/\",\"url\":\"https:\\\/\\\/tajkertesz.com\\\/termek\\\/cupressus-macrocarpa-goldcrest-szoba-ciprus\\\/\",\"name\":\"Cupressus macrocarpa 'Goldcrest' - Szoba ciprus - T\u00e1jkert\u00e9sz\",\"isPartOf\":{\"@id\":\"https:\\\/\\\/tajkertesz.com\\\/#website\"},\"primaryImageOfPage\":{\"@id\":\"https:\\\/\\\/tajkertesz.com\\\/termek\\\/cupressus-macrocarpa-goldcrest-szoba-ciprus\\\/#primaryimage\"},\"image\":{\"@id\":\"https:\\\/\\\/tajkertesz.com\\\/termek\\\/cupressus-macrocarpa-goldcrest-szoba-ciprus\\\/#primaryimage\"},\"thumbnailUrl\":\"https:\\\/\\\/tajkertesz.com\\\/wp-content\\\/uploads\\\/2025\\\/07\\\/Cupressus-macrocarpa.jpg\",\"datePublished\":\"2025-07-29T12:48:14+00:00\",\"dateModified\":\"2026-02-24T10:55:23+00:00\",\"description\":\"Cupressus macrocarpa 'Goldcrest' - Szoba ciprus oszlopos n\u00f6veked\u00e9s\u0171, citromillat\u00fa ciprus aranys\u00e1rga lombbal. D\u00e9zs\u00e1ba, teraszra vagy belt\u00e9rbe.\",\"breadcrumb\":{\"@id\":\"https:\\\/\\\/tajkertesz.com\\\/termek\\\/cupressus-macrocarpa-goldcrest-szoba-ciprus\\\/#breadcrumb\"},\"inLanguage\":\"en-US\",\"potentialAction\":[{\"@type\":\"ReadAction\",\"target\":[\"https:\\\/\\\/tajkertesz.com\\\/termek\\\/cupressus-macrocarpa-goldcrest-szoba-ciprus\\\/\"]}]},{\"@type\":\"ImageObject\",\"inLanguage\":\"en-US\",\"@id\":\"https:\\\/\\\/tajkertesz.com\\\/termek\\\/cupressus-macrocarpa-goldcrest-szoba-ciprus\\\/#primaryimage\",\"url\":\"https:\\\/\\\/tajkertesz.com\\\/wp-content\\\/uploads\\\/2025\\\/07\\\/Cupressus-macrocarpa.jpg\",\"contentUrl\":\"https:\\\/\\\/tajkertesz.com\\\/wp-content\\\/uploads\\\/2025\\\/07\\\/Cupressus-macrocarpa.jpg\",\"width\":480,\"height\":720,\"caption\":\"Cupressus macrocarpa 'Goldcrest' - Szoba ciprus\"},{\"@type\":\"BreadcrumbList\",\"@id\":\"https:\\\/\\\/tajkertesz.com\\\/termek\\\/cupressus-macrocarpa-goldcrest-szoba-ciprus\\\/#breadcrumb\",\"itemListElement\":[{\"@type\":\"ListItem\",\"position\":1,\"name\":\"Home\",\"item\":\"https:\\\/\\\/tajkertesz.com\\\/\"},{\"@type\":\"ListItem\",\"position\":2,\"name\":\"Kezd\u0151lap\",\"item\":\"https:\\\/\\\/tajkertesz.com\\\/\"},{\"@type\":\"ListItem\",\"position\":3,\"name\":\"Cupressus macrocarpa &#8216;Goldcrest&#8217; &#8211; Szoba ciprus\"}]},{\"@type\":\"WebSite\",\"@id\":\"https:\\\/\\\/tajkertesz.com\\\/#website\",\"url\":\"https:\\\/\\\/tajkertesz.com\\\/\",\"name\":\"T\u00e1j-Kert\u00e9sz 84 Kft.\",\"description\":\"Kert\u00e9szeti kis- \u00e9s nagykeresked\u00e9s, D\u00edszn\u00f6v\u00e9ny web\u00e1ruh\u00e1z orsz\u00e1gos h\u00e1zhozsz\u00e1ll\u00edt\u00e1ssal!\",\"publisher\":{\"@id\":\"https:\\\/\\\/tajkertesz.com\\\/#organization\"},\"potentialAction\":[{\"@type\":\"SearchAction\",\"target\":{\"@type\":\"EntryPoint\",\"urlTemplate\":\"https:\\\/\\\/tajkertesz.com\\\/?s={search_term_string}\"},\"query-input\":{\"@type\":\"PropertyValueSpecification\",\"valueRequired\":true,\"valueName\":\"search_term_string\"}}],\"inLanguage\":\"en-US\"},{\"@type\":\"Organization\",\"@id\":\"https:\\\/\\\/tajkertesz.com\\\/#organization\",\"name\":\"T\u00e1j-Kert\u00e9sz 84 Kft.\",\"url\":\"https:\\\/\\\/tajkertesz.com\\\/\",\"logo\":{\"@type\":\"ImageObject\",\"inLanguage\":\"en-US\",\"@id\":\"https:\\\/\\\/tajkertesz.com\\\/#\\\/schema\\\/logo\\\/image\\\/\",\"url\":\"https:\\\/\\\/tajkertesz.com\\\/wp-content\\\/uploads\\\/2018\\\/02\\\/logo-2-e1518678052539.png\",\"contentUrl\":\"https:\\\/\\\/tajkertesz.com\\\/wp-content\\\/uploads\\\/2018\\\/02\\\/logo-2-e1518678052539.png\",\"width\":81,\"height\":140,\"caption\":\"T\u00e1j-Kert\u00e9sz 84 Kft.\"},\"image\":{\"@id\":\"https:\\\/\\\/tajkertesz.com\\\/#\\\/schema\\\/logo\\\/image\\\/\"},\"sameAs\":[\"https:\\\/\\\/www.facebook.com\\\/Tajkertesz\\\/\"]}]}<\/script>\n<!-- \/ Yoast SEO plugin. -->","yoast_head_json":{"title":"Cupressus macrocarpa 'Goldcrest' - Szoba ciprus - T\u00e1jkert\u00e9sz","description":"Cupressus macrocarpa 'Goldcrest' - Szoba ciprus oszlopos n\u00f6veked\u00e9s\u0171, citromillat\u00fa ciprus aranys\u00e1rga lombbal. D\u00e9zs\u00e1ba, teraszra vagy belt\u00e9rbe.","robots":{"index":"index","follow":"follow","max-snippet":"max-snippet:-1","max-image-preview":"max-image-preview:large","max-video-preview":"max-video-preview:-1"},"canonical":"https:\/\/tajkertesz.com\/en_US\/product\/cupressus-macrocarpa-goldcrest-szoba-ciprus\/","og_locale":"en_US","og_type":"article","og_title":"Cupressus macrocarpa 'Goldcrest' - Szoba ciprus - T\u00e1jkert\u00e9sz","og_description":"Cupressus macrocarpa 'Goldcrest' - Szoba ciprus oszlopos n\u00f6veked\u00e9s\u0171, citromillat\u00fa ciprus aranys\u00e1rga lombbal. D\u00e9zs\u00e1ba, teraszra vagy belt\u00e9rbe.","og_url":"https:\/\/tajkertesz.com\/en_US\/product\/cupressus-macrocarpa-goldcrest-szoba-ciprus\/","og_site_name":"T\u00e1jkert\u00e9sz","article_publisher":"https:\/\/www.facebook.com\/Tajkertesz\/","article_modified_time":"2026-02-24T10:55:23+00:00","og_image":[{"width":480,"height":720,"url":"https:\/\/tajkertesz.com\/wp-content\/uploads\/2025\/07\/Cupressus-macrocarpa.jpg","type":"image\/jpeg"}],"twitter_card":"summary_large_image","twitter_misc":{"Est. reading time":"3 minutes"},"schema":{"@context":"https:\/\/schema.org","@graph":[{"@type":"WebPage","@id":"https:\/\/tajkertesz.com\/termek\/cupressus-macrocarpa-goldcrest-szoba-ciprus\/","url":"https:\/\/tajkertesz.com\/termek\/cupressus-macrocarpa-goldcrest-szoba-ciprus\/","name":"Cupressus macrocarpa 'Goldcrest' - Szoba ciprus - T\u00e1jkert\u00e9sz","isPartOf":{"@id":"https:\/\/tajkertesz.com\/#website"},"primaryImageOfPage":{"@id":"https:\/\/tajkertesz.com\/termek\/cupressus-macrocarpa-goldcrest-szoba-ciprus\/#primaryimage"},"image":{"@id":"https:\/\/tajkertesz.com\/termek\/cupressus-macrocarpa-goldcrest-szoba-ciprus\/#primaryimage"},"thumbnailUrl":"https:\/\/tajkertesz.com\/wp-content\/uploads\/2025\/07\/Cupressus-macrocarpa.jpg","datePublished":"2025-07-29T12:48:14+00:00","dateModified":"2026-02-24T10:55:23+00:00","description":"Cupressus macrocarpa 'Goldcrest' - Szoba ciprus oszlopos n\u00f6veked\u00e9s\u0171, citromillat\u00fa ciprus aranys\u00e1rga lombbal. D\u00e9zs\u00e1ba, teraszra vagy belt\u00e9rbe.","breadcrumb":{"@id":"https:\/\/tajkertesz.com\/termek\/cupressus-macrocarpa-goldcrest-szoba-ciprus\/#breadcrumb"},"inLanguage":"en-US","potentialAction":[{"@type":"ReadAction","target":["https:\/\/tajkertesz.com\/termek\/cupressus-macrocarpa-goldcrest-szoba-ciprus\/"]}]},{"@type":"ImageObject","inLanguage":"en-US","@id":"https:\/\/tajkertesz.com\/termek\/cupressus-macrocarpa-goldcrest-szoba-ciprus\/#primaryimage","url":"https:\/\/tajkertesz.com\/wp-content\/uploads\/2025\/07\/Cupressus-macrocarpa.jpg","contentUrl":"https:\/\/tajkertesz.com\/wp-content\/uploads\/2025\/07\/Cupressus-macrocarpa.jpg","width":480,"height":720,"caption":"Cupressus macrocarpa 'Goldcrest' - Szoba ciprus"},{"@type":"BreadcrumbList","@id":"https:\/\/tajkertesz.com\/termek\/cupressus-macrocarpa-goldcrest-szoba-ciprus\/#breadcrumb","itemListElement":[{"@type":"ListItem","position":1,"name":"Home","item":"https:\/\/tajkertesz.com\/"},{"@type":"ListItem","position":2,"name":"Kezd\u0151lap","item":"https:\/\/tajkertesz.com\/"},{"@type":"ListItem","position":3,"name":"Cupressus macrocarpa &#8216;Goldcrest&#8217; &#8211; Szoba ciprus"}]},{"@type":"WebSite","@id":"https:\/\/tajkertesz.com\/#website","url":"https:\/\/tajkertesz.com\/","name":"T\u00e1j-Kert\u00e9sz 84 Kft.","description":"Kert\u00e9szeti kis- \u00e9s nagykeresked\u00e9s, D\u00edszn\u00f6v\u00e9ny web\u00e1ruh\u00e1z orsz\u00e1gos h\u00e1zhozsz\u00e1ll\u00edt\u00e1ssal!","publisher":{"@id":"https:\/\/tajkertesz.com\/#organization"},"potentialAction":[{"@type":"SearchAction","target":{"@type":"EntryPoint","urlTemplate":"https:\/\/tajkertesz.com\/?s={search_term_string}"},"query-input":{"@type":"PropertyValueSpecification","valueRequired":true,"valueName":"search_term_string"}}],"inLanguage":"en-US"},{"@type":"Organization","@id":"https:\/\/tajkertesz.com\/#organization","name":"T\u00e1j-Kert\u00e9sz 84 Kft.","url":"https:\/\/tajkertesz.com\/","logo":{"@type":"ImageObject","inLanguage":"en-US","@id":"https:\/\/tajkertesz.com\/#\/schema\/logo\/image\/","url":"https:\/\/tajkertesz.com\/wp-content\/uploads\/2018\/02\/logo-2-e1518678052539.png","contentUrl":"https:\/\/tajkertesz.com\/wp-content\/uploads\/2018\/02\/logo-2-e1518678052539.png","width":81,"height":140,"caption":"T\u00e1j-Kert\u00e9sz 84 Kft."},"image":{"@id":"https:\/\/tajkertesz.com\/#\/schema\/logo\/image\/"},"sameAs":["https:\/\/www.facebook.com\/Tajkertesz\/"]}]}},"_links":{"self":[{"href":"https:\/\/tajkertesz.com\/en_US\/wp-json\/wp\/v2\/product\/16469","targetHints":{"allow":["GET"]}}],"collection":[{"href":"https:\/\/tajkertesz.com\/en_US\/wp-json\/wp\/v2\/product"}],"about":[{"href":"https:\/\/tajkertesz.com\/en_US\/wp-json\/wp\/v2\/types\/product"}],"wp:featuredmedia":[{"embeddable":true,"href":"https:\/\/tajkertesz.com\/en_US\/wp-json\/wp\/v2\/media\/24072"}],"wp:attachment":[{"href":"https:\/\/tajkertesz.com\/en_US\/wp-json\/wp\/v2\/media?parent=16469"}],"wp:term":[{"taxonomy":"product_brand","embeddable":true,"href":"https:\/\/tajkertesz.com\/en_US\/wp-json\/wp\/v2\/product_brand?post=16469"},{"taxonomy":"product_cat","embeddable":true,"href":"https:\/\/tajkertesz.com\/en_US\/wp-json\/wp\/v2\/product_cat?post=16469"},{"taxonomy":"product_tag","embeddable":true,"href":"https:\/\/tajkertesz.com\/en_US\/wp-json\/wp\/v2\/product_tag?post=16469"}],"curies":[{"name":"wp","href":"https:\/\/api.w.org\/{rel}","templated":true}]}}