{"id":16504,"date":"2023-08-15T12:10:38","date_gmt":"2023-08-15T12:10:38","guid":{"rendered":"https:\/\/tajkertesz.com\/?post_type=product&#038;p=16504"},"modified":"2026-02-24T10:58:12","modified_gmt":"2026-02-24T10:58:12","slug":"arizoniai-ciprus-cupressus-arizonica-torzses-formanoveny-125-150cm","status":"publish","type":"product","link":"https:\/\/tajkertesz.com\/en_US\/product\/arizoniai-ciprus-cupressus-arizonica-torzses-formanoveny-125-150cm\/","title":{"rendered":"Ariz\u00f3niai ciprus &#8211; Cupressus arizonica t\u00f6rzses forman\u00f6v\u00e9ny 125\/150cm"},"content":{"rendered":"<h3>Ariz\u00f3niai ciprus &#8211; Cupressus arizonica t\u00f6rzses forman\u00f6v\u00e9ny 125\/150cm<\/h3>\n<div id=\"mw-fr-revisiontag\" class=\"flaggedrevs_short flaggedrevs_stable_synced plainlinks noprint\">\n<div class=\"flaggedrevs_short_basic\">\n<div id=\"mw-fr-revisiontag\" class=\"flaggedrevs_short flaggedrevs_stable_synced plainlinks noprint\">\n<div class=\"flaggedrevs_short_basic\"><\/div>\n<\/div>\n<\/div>\n<\/div>\n<p><span class=\"mw-headline\">Ariz\u00f3niai ciprus &#8211; Cupressus arizonica forman\u00f6v\u00e9ny<\/span><\/p>\n<p><span id=\"Megjelen\u00e9se,_fel\u00e9p\u00edt\u00e9se\" class=\"mw-headline\">Megjelen\u00e9se, fel\u00e9p\u00edt\u00e9se:<\/span><\/p>\n<p>Kedvez\u0151 k\u00f6r\u00fclm\u00e9nyek k\u00f6z\u00f6tt a 20-30 m\u00e9ter magass\u00e1got is el\u00e9ri, de t\u00f6bbnyire csak 12\u201315 m-re n\u0151. Koron\u00e1ja sz\u00e9lesebb k\u00fap alak\u00fa. Ha szabadon \u00e1ll, id\u0151sebb kor\u00e1ban is a t\u00f6v\u00e9t\u0151l \u00e1gas (nem kopaszodik fel). V\u00f6r\u00f6sbarna k\u00e9rge hosszanti cs\u00edkokban lev\u00e1lik.<\/p>\n<p>Hajt\u00e1sai eleinte felfel\u00e9 t\u00f6rnek, majd v\u00edzszintesen sz\u00e9tter\u00fclnek. A k\u00e9kesz\u00f6ld vagy ez\u00fcst\u00f6sen hamvas (sz\u00fcrk\u00e9sz\u00f6ld) pikkelylevelek p\u00e1rosan \u00e1tellenesen \u00e1llnak.<\/p>\n<p>Di\u00f3 m\u00e9ret\u0171, g\u00f6mb alak\u00fa tobozai fiatalon z\u00f6ldek, \u00e9retten z\u00f6ldesbarn\u00e1k. Miut\u00e1n be\u00e9rtek, a sz\u00e1raz pikkelylevelek felny\u00edlnak. Sz\u00e1razs\u00e1gt\u0171r\u0151 \u00e9s napot szeret\u0151 feny\u0151. Lombozata sz\u00fcrke, sz\u00fcrk\u00e9s z\u00f6ld, enyh\u00e9n illatos.<\/p>\n<p>\u00dcltet\u00e9shez aj\u00e1nljuk a Florimo \u00f6r\u00f6kz\u00f6ld f\u00f6ldet: <a href=\"https:\/\/tajkertesz.com\/termek\/florimo-orokzold-viragfold-50-l\/\">Florimo \u00d6r\u00f6kz\u00f6ld vir\u00e1gf\u00f6ld 50 L &#8211; T\u00e1jkert\u00e9sz (tajkertesz.com)<\/a><\/p>\n<p><a href=\"https:\/\/www.facebook.com\/tajkertesz\">https:\/\/www.facebook.com\/tajkertesz<\/a><\/p>\n<p><a href=\"https:\/\/tajkertesz.com\/\">https:\/\/tajkertesz.com\/<\/a><\/p>\n<h2><span id=\"\u00c9letm\u00f3dja,_term\u0151helye\" class=\"mw-headline\" style=\"color: #ffffff;\">\u00c9letm\u00f3dja, term\u0151helye:\u00a0<\/span><\/h2>\n<p><span style=\"color: #ffffff;\">Gyorsan n\u00f6v\u0151 \u00f6r\u00f6kz\u00f6ld.<\/span><\/p>\n<p><span style=\"color: #ffffff;\">Eredeti \u00e9l\u0151helye sz\u00e1raz, f\u00e9lsivatag hideg telekkel, ez\u00e9rt megb\u00edzhat\u00f3an t\u00e9l\u00e1ll\u00f3; a legellen\u00e1ll\u00f3bb ciprusf\u00e9l\u00e9k egyike. Szinte b\u00e1rmilyen talajon meg\u00e9l, m\u00e9szt\u0171r\u0151. A teny\u00e9szid\u0151szakban meleg- \u00e9s napf\u00e9nyig\u00e9nyes; hajt\u00e1sai csak az ilyen helyeken fejl\u0151dnek ki rendesen.<\/span><\/p>\n<p><span style=\"color: #ffffff;\">A ny\u00edr\u00e1st j\u00f3l b\u00edrja, sz\u00e9p s\u00f6v\u00e9nny\u00e9 nevelhet\u0151.<\/span><\/p>\n<p><span style=\"color: #ffffff;\">A meleg \u00e1gy\u00e1s val\u00f3j\u00e1ban nem m\u00e1s mint egy vastag tr\u00e1gyar\u00e9teg besz\u00f3rva valamennyi f\u00f6lddel. A meleg\u00e1gy tr\u00e1gyakever\u00e9ke att\u00f3l f\u00fcgg milyen id\u0151tartamra k\u00e9ri a meleget a rajta termeszteni k\u00edv\u00e1nt n\u00f6v\u00e9nykult\u00fara. A l\u00f3tr\u00e1gya hirtelen ad sok meleget. Ez\u00e9rt ezt t\u00e9l v\u00e9ge fel\u00e9 alkalmazt\u00e1k. A marhatr\u00e1gya lassan ad kevesebb meleget, de huzamosabb ideig. A l\u00f3 \u00e9s szarvasmarha tr\u00e1gya kever\u00e9k\u00e9t annak megfelel\u0151en kevert\u00e9k be hogy t\u00f6bb meleg kellett hirtelen, vagy kevesebb meleg hosszabb t\u00e1von. Ha kev\u00e9s a szerves tr\u00e1gya a meleg\u00e1gy al\u00e1, akkor p\u00f3tolhat\u00f3 szalm\u00e1val, \u00e9s m\u0171tr\u00e1gy\u00e1val. A meleg\u00e1gy minden esetben fedhet\u0151 az \u00e9jjeli leh\u0171l\u00e9s megakad\u00e1lyoz\u00e1s\u00e1ra.<\/span><\/p>\n<h2><span style=\"color: #ffffff;\"><span id=\"Sz\u00e1rmaz\u00e1sa,_elterjed\u00e9se\" class=\"mw-headline\">Sz\u00e1rmaz\u00e1sa, elterjed\u00e9se<\/span><span class=\"mw-editsection\"><span class=\"mw-editsection-bracket\">[<\/span><a style=\"color: #ffffff;\" title=\"Szakasz szerkeszt\u00e9se: Sz\u00e1rmaz\u00e1sa, elterjed\u00e9se\" href=\"https:\/\/hu.wikipedia.org\/w\/index.php?title=Arizonai_ciprus&amp;action=edit&amp;section=1\">szerkeszt\u00e9s<\/a><span class=\"mw-editsection-bracket\">]<\/span><\/span><\/span><\/h2>\n<p><span style=\"color: #ffffff;\">Nev\u00e9t\u0151l elt\u00e9r\u0151en term\u00e9szetes \u00e9l\u0151hely\u00e9nek z\u00f6me Mexik\u00f3ban van; az USA d\u00e9lnyugati r\u00e9sz\u00e9n (a n\u00e9vad\u00f3\u00a0<a style=\"color: #ffffff;\" title=\"\" href=\"https:\/\/hu.wikipedia.org\/wiki\/Arizona\">Arizona<\/a> \u00e1llamban) csak sz\u00f3rv\u00e1nyosan fordul el\u0151<\/span><\/p>\n<p>Sz\u00e1ll\u00edt\u00e1s fut\u00e1rszolg\u00e1lattal 200 cm \u00e9s 40 Kg-ig lehets\u00e9ges, e felett egyedi aj\u00e1nlat sz\u00fcks\u00e9ges.<\/p>\n","protected":false},"excerpt":{"rendered":"<h3>Ariz\u00f3niai ciprus &#8211; Cupressus arizonica t\u00f6rzses forman\u00f6v\u00e9ny 125\/150cm<\/h3>\n<p>Szoliterk\u00e9nt \u00fcltess\u00fck, de ed\u00e9nyben is tarthat\u00f3. Alakj\u00e1t, folyamatos ny\u00edr\u00e1s mellett tartja meg!<\/p>\n<p>\u00dcltet\u00e9shez aj\u00e1nljuk a Florimo \u00f6r\u00f6kz\u00f6ld f\u00f6ldet:<\/p>\n<p>https:\/\/tajkertesz.com\/termek\/florimo-orokzold-viragfold-50-l\/<\/p>","protected":false},"featured_media":16505,"template":"","meta":{"_et_pb_use_builder":"","_et_pb_old_content":"","_et_gb_content_width":""},"product_brand":[],"product_cat":[32],"product_tag":[1559,1558,914],"class_list":{"0":"post-16504","1":"product","2":"type-product","3":"status-publish","4":"has-post-thumbnail","6":"product_cat-formanovenyek-alakfak","7":"product_tag-arizonai-ciprus","8":"product_tag-cupressus-arizonica","9":"product_tag-spiral","11":"first","12":"instock","13":"shipping-taxable","14":"purchasable","15":"product-type-simple"},"yoast_head":"<!-- This site is optimized with the Yoast SEO plugin v27.5 - https:\/\/yoast.com\/product\/yoast-seo-wordpress\/ -->\n<title>Ariz\u00f3niai ciprus - Cupressus arizonica t\u00f6rzses forman\u00f6v\u00e9ny 125\/150cm - T\u00e1jkert\u00e9sz<\/title>\n<meta name=\"description\" content=\"Ariz\u00f3niai ciprus - Cupressus arizonica t\u00f6rzses forman\u00f6v\u00e9ny 125\/150cm Megjelen\u00e9se, fel\u00e9p\u00edt\u00e9se: Kedvez\u0151 k\u00f6r\u00fclm\u00e9nyek k\u00f6z\u00f6tt a 20-30 m\u00e9ter\" \/>\n<meta name=\"robots\" content=\"index, follow, max-snippet:-1, max-image-preview:large, max-video-preview:-1\" \/>\n<link rel=\"canonical\" href=\"https:\/\/tajkertesz.com\/en_US\/product\/arizoniai-ciprus-cupressus-arizonica-torzses-formanoveny-125-150cm\/\" \/>\n<meta property=\"og:locale\" content=\"en_US\" \/>\n<meta property=\"og:type\" content=\"article\" \/>\n<meta property=\"og:title\" content=\"https:\/\/www.facebook.com\/tajkertesz\" \/>\n<meta property=\"og:description\" content=\"Ariz\u00f3niai ciprus - Cupressus arizonica t\u00f6rzses forman\u00f6v\u00e9ny 125\/150cmSzoliterk\u00e9nt \u00fcltess\u00fck, de ed\u00e9nyben is tarthat\u00f3. Alakj\u00e1t, folyamatos ny\u00edr\u00e1s mellett tartja meg!\u00dcltet\u00e9shez aj\u00e1nljuk a Florimo \u00f6r\u00f6kz\u00f6ld f\u00f6ldet:\" \/>\n<meta property=\"og:url\" content=\"https:\/\/tajkertesz.com\/en_US\/product\/arizoniai-ciprus-cupressus-arizonica-torzses-formanoveny-125-150cm\/\" \/>\n<meta property=\"og:site_name\" content=\"T\u00e1jkert\u00e9sz\" \/>\n<meta property=\"article:publisher\" content=\"https:\/\/www.facebook.com\/Tajkertesz\/\" \/>\n<meta property=\"article:modified_time\" content=\"2026-02-24T10:58:12+00:00\" \/>\n<meta property=\"og:image\" content=\"https:\/\/tajkertesz.com\/wp-content\/uploads\/2023\/08\/20230815_122535-scaled.jpg\" \/>\n\t<meta property=\"og:image:width\" content=\"1154\" \/>\n\t<meta property=\"og:image:height\" content=\"2560\" \/>\n\t<meta property=\"og:image:type\" content=\"image\/jpeg\" \/>\n<meta name=\"twitter:card\" content=\"summary_large_image\" \/>\n<meta name=\"twitter:label1\" content=\"Est. reading time\" \/>\n\t<meta name=\"twitter:data1\" content=\"2 minutes\" \/>\n<script type=\"application\/ld+json\" class=\"yoast-schema-graph\">{\"@context\":\"https:\\\/\\\/schema.org\",\"@graph\":[{\"@type\":\"WebPage\",\"@id\":\"https:\\\/\\\/tajkertesz.com\\\/termek\\\/arizoniai-ciprus-cupressus-arizonica-torzses-formanoveny-125-150cm\\\/\",\"url\":\"https:\\\/\\\/tajkertesz.com\\\/termek\\\/arizoniai-ciprus-cupressus-arizonica-torzses-formanoveny-125-150cm\\\/\",\"name\":\"Ariz\u00f3niai ciprus - Cupressus arizonica t\u00f6rzses forman\u00f6v\u00e9ny 125\\\/150cm - T\u00e1jkert\u00e9sz\",\"isPartOf\":{\"@id\":\"https:\\\/\\\/tajkertesz.com\\\/#website\"},\"primaryImageOfPage\":{\"@id\":\"https:\\\/\\\/tajkertesz.com\\\/termek\\\/arizoniai-ciprus-cupressus-arizonica-torzses-formanoveny-125-150cm\\\/#primaryimage\"},\"image\":{\"@id\":\"https:\\\/\\\/tajkertesz.com\\\/termek\\\/arizoniai-ciprus-cupressus-arizonica-torzses-formanoveny-125-150cm\\\/#primaryimage\"},\"thumbnailUrl\":\"https:\\\/\\\/tajkertesz.com\\\/wp-content\\\/uploads\\\/2023\\\/08\\\/20230815_122535-scaled.jpg\",\"datePublished\":\"2023-08-15T12:10:38+00:00\",\"dateModified\":\"2026-02-24T10:58:12+00:00\",\"description\":\"Ariz\u00f3niai ciprus - Cupressus arizonica t\u00f6rzses forman\u00f6v\u00e9ny 125\\\/150cm Megjelen\u00e9se, fel\u00e9p\u00edt\u00e9se: Kedvez\u0151 k\u00f6r\u00fclm\u00e9nyek k\u00f6z\u00f6tt a 20-30 m\u00e9ter\",\"breadcrumb\":{\"@id\":\"https:\\\/\\\/tajkertesz.com\\\/termek\\\/arizoniai-ciprus-cupressus-arizonica-torzses-formanoveny-125-150cm\\\/#breadcrumb\"},\"inLanguage\":\"en-US\",\"potentialAction\":[{\"@type\":\"ReadAction\",\"target\":[\"https:\\\/\\\/tajkertesz.com\\\/termek\\\/arizoniai-ciprus-cupressus-arizonica-torzses-formanoveny-125-150cm\\\/\"]}]},{\"@type\":\"ImageObject\",\"inLanguage\":\"en-US\",\"@id\":\"https:\\\/\\\/tajkertesz.com\\\/termek\\\/arizoniai-ciprus-cupressus-arizonica-torzses-formanoveny-125-150cm\\\/#primaryimage\",\"url\":\"https:\\\/\\\/tajkertesz.com\\\/wp-content\\\/uploads\\\/2023\\\/08\\\/20230815_122535-scaled.jpg\",\"contentUrl\":\"https:\\\/\\\/tajkertesz.com\\\/wp-content\\\/uploads\\\/2023\\\/08\\\/20230815_122535-scaled.jpg\",\"width\":1154,\"height\":2560},{\"@type\":\"BreadcrumbList\",\"@id\":\"https:\\\/\\\/tajkertesz.com\\\/termek\\\/arizoniai-ciprus-cupressus-arizonica-torzses-formanoveny-125-150cm\\\/#breadcrumb\",\"itemListElement\":[{\"@type\":\"ListItem\",\"position\":1,\"name\":\"Home\",\"item\":\"https:\\\/\\\/tajkertesz.com\\\/\"},{\"@type\":\"ListItem\",\"position\":2,\"name\":\"Kezd\u0151lap\",\"item\":\"https:\\\/\\\/tajkertesz.com\\\/\"},{\"@type\":\"ListItem\",\"position\":3,\"name\":\"Ariz\u00f3niai ciprus &#8211; Cupressus arizonica t\u00f6rzses forman\u00f6v\u00e9ny 125\\\/150cm\"}]},{\"@type\":\"WebSite\",\"@id\":\"https:\\\/\\\/tajkertesz.com\\\/#website\",\"url\":\"https:\\\/\\\/tajkertesz.com\\\/\",\"name\":\"T\u00e1j-Kert\u00e9sz 84 Kft.\",\"description\":\"Kert\u00e9szeti kis- \u00e9s nagykeresked\u00e9s, D\u00edszn\u00f6v\u00e9ny web\u00e1ruh\u00e1z orsz\u00e1gos h\u00e1zhozsz\u00e1ll\u00edt\u00e1ssal!\",\"publisher\":{\"@id\":\"https:\\\/\\\/tajkertesz.com\\\/#organization\"},\"potentialAction\":[{\"@type\":\"SearchAction\",\"target\":{\"@type\":\"EntryPoint\",\"urlTemplate\":\"https:\\\/\\\/tajkertesz.com\\\/?s={search_term_string}\"},\"query-input\":{\"@type\":\"PropertyValueSpecification\",\"valueRequired\":true,\"valueName\":\"search_term_string\"}}],\"inLanguage\":\"en-US\"},{\"@type\":\"Organization\",\"@id\":\"https:\\\/\\\/tajkertesz.com\\\/#organization\",\"name\":\"T\u00e1j-Kert\u00e9sz 84 Kft.\",\"url\":\"https:\\\/\\\/tajkertesz.com\\\/\",\"logo\":{\"@type\":\"ImageObject\",\"inLanguage\":\"en-US\",\"@id\":\"https:\\\/\\\/tajkertesz.com\\\/#\\\/schema\\\/logo\\\/image\\\/\",\"url\":\"https:\\\/\\\/tajkertesz.com\\\/wp-content\\\/uploads\\\/2018\\\/02\\\/logo-2-e1518678052539.png\",\"contentUrl\":\"https:\\\/\\\/tajkertesz.com\\\/wp-content\\\/uploads\\\/2018\\\/02\\\/logo-2-e1518678052539.png\",\"width\":81,\"height\":140,\"caption\":\"T\u00e1j-Kert\u00e9sz 84 Kft.\"},\"image\":{\"@id\":\"https:\\\/\\\/tajkertesz.com\\\/#\\\/schema\\\/logo\\\/image\\\/\"},\"sameAs\":[\"https:\\\/\\\/www.facebook.com\\\/Tajkertesz\\\/\"]}]}<\/script>\n<!-- \/ Yoast SEO plugin. -->","yoast_head_json":{"title":"Ariz\u00f3niai ciprus - Cupressus arizonica t\u00f6rzses forman\u00f6v\u00e9ny 125\/150cm - T\u00e1jkert\u00e9sz","description":"Ariz\u00f3niai ciprus - Cupressus arizonica t\u00f6rzses forman\u00f6v\u00e9ny 125\/150cm Megjelen\u00e9se, fel\u00e9p\u00edt\u00e9se: Kedvez\u0151 k\u00f6r\u00fclm\u00e9nyek k\u00f6z\u00f6tt a 20-30 m\u00e9ter","robots":{"index":"index","follow":"follow","max-snippet":"max-snippet:-1","max-image-preview":"max-image-preview:large","max-video-preview":"max-video-preview:-1"},"canonical":"https:\/\/tajkertesz.com\/en_US\/product\/arizoniai-ciprus-cupressus-arizonica-torzses-formanoveny-125-150cm\/","og_locale":"en_US","og_type":"article","og_title":"https:\/\/www.facebook.com\/tajkertesz","og_description":"Ariz\u00f3niai ciprus - Cupressus arizonica t\u00f6rzses forman\u00f6v\u00e9ny 125\/150cmSzoliterk\u00e9nt \u00fcltess\u00fck, de ed\u00e9nyben is tarthat\u00f3. Alakj\u00e1t, folyamatos ny\u00edr\u00e1s mellett tartja meg!\u00dcltet\u00e9shez aj\u00e1nljuk a Florimo \u00f6r\u00f6kz\u00f6ld f\u00f6ldet:","og_url":"https:\/\/tajkertesz.com\/en_US\/product\/arizoniai-ciprus-cupressus-arizonica-torzses-formanoveny-125-150cm\/","og_site_name":"T\u00e1jkert\u00e9sz","article_publisher":"https:\/\/www.facebook.com\/Tajkertesz\/","article_modified_time":"2026-02-24T10:58:12+00:00","og_image":[{"width":1154,"height":2560,"url":"https:\/\/tajkertesz.com\/wp-content\/uploads\/2023\/08\/20230815_122535-scaled.jpg","type":"image\/jpeg"}],"twitter_card":"summary_large_image","twitter_misc":{"Est. reading time":"2 minutes"},"schema":{"@context":"https:\/\/schema.org","@graph":[{"@type":"WebPage","@id":"https:\/\/tajkertesz.com\/termek\/arizoniai-ciprus-cupressus-arizonica-torzses-formanoveny-125-150cm\/","url":"https:\/\/tajkertesz.com\/termek\/arizoniai-ciprus-cupressus-arizonica-torzses-formanoveny-125-150cm\/","name":"Ariz\u00f3niai ciprus - Cupressus arizonica t\u00f6rzses forman\u00f6v\u00e9ny 125\/150cm - T\u00e1jkert\u00e9sz","isPartOf":{"@id":"https:\/\/tajkertesz.com\/#website"},"primaryImageOfPage":{"@id":"https:\/\/tajkertesz.com\/termek\/arizoniai-ciprus-cupressus-arizonica-torzses-formanoveny-125-150cm\/#primaryimage"},"image":{"@id":"https:\/\/tajkertesz.com\/termek\/arizoniai-ciprus-cupressus-arizonica-torzses-formanoveny-125-150cm\/#primaryimage"},"thumbnailUrl":"https:\/\/tajkertesz.com\/wp-content\/uploads\/2023\/08\/20230815_122535-scaled.jpg","datePublished":"2023-08-15T12:10:38+00:00","dateModified":"2026-02-24T10:58:12+00:00","description":"Ariz\u00f3niai ciprus - Cupressus arizonica t\u00f6rzses forman\u00f6v\u00e9ny 125\/150cm Megjelen\u00e9se, fel\u00e9p\u00edt\u00e9se: Kedvez\u0151 k\u00f6r\u00fclm\u00e9nyek k\u00f6z\u00f6tt a 20-30 m\u00e9ter","breadcrumb":{"@id":"https:\/\/tajkertesz.com\/termek\/arizoniai-ciprus-cupressus-arizonica-torzses-formanoveny-125-150cm\/#breadcrumb"},"inLanguage":"en-US","potentialAction":[{"@type":"ReadAction","target":["https:\/\/tajkertesz.com\/termek\/arizoniai-ciprus-cupressus-arizonica-torzses-formanoveny-125-150cm\/"]}]},{"@type":"ImageObject","inLanguage":"en-US","@id":"https:\/\/tajkertesz.com\/termek\/arizoniai-ciprus-cupressus-arizonica-torzses-formanoveny-125-150cm\/#primaryimage","url":"https:\/\/tajkertesz.com\/wp-content\/uploads\/2023\/08\/20230815_122535-scaled.jpg","contentUrl":"https:\/\/tajkertesz.com\/wp-content\/uploads\/2023\/08\/20230815_122535-scaled.jpg","width":1154,"height":2560},{"@type":"BreadcrumbList","@id":"https:\/\/tajkertesz.com\/termek\/arizoniai-ciprus-cupressus-arizonica-torzses-formanoveny-125-150cm\/#breadcrumb","itemListElement":[{"@type":"ListItem","position":1,"name":"Home","item":"https:\/\/tajkertesz.com\/"},{"@type":"ListItem","position":2,"name":"Kezd\u0151lap","item":"https:\/\/tajkertesz.com\/"},{"@type":"ListItem","position":3,"name":"Ariz\u00f3niai ciprus &#8211; Cupressus arizonica t\u00f6rzses forman\u00f6v\u00e9ny 125\/150cm"}]},{"@type":"WebSite","@id":"https:\/\/tajkertesz.com\/#website","url":"https:\/\/tajkertesz.com\/","name":"T\u00e1j-Kert\u00e9sz 84 Kft.","description":"Kert\u00e9szeti kis- \u00e9s nagykeresked\u00e9s, D\u00edszn\u00f6v\u00e9ny web\u00e1ruh\u00e1z orsz\u00e1gos h\u00e1zhozsz\u00e1ll\u00edt\u00e1ssal!","publisher":{"@id":"https:\/\/tajkertesz.com\/#organization"},"potentialAction":[{"@type":"SearchAction","target":{"@type":"EntryPoint","urlTemplate":"https:\/\/tajkertesz.com\/?s={search_term_string}"},"query-input":{"@type":"PropertyValueSpecification","valueRequired":true,"valueName":"search_term_string"}}],"inLanguage":"en-US"},{"@type":"Organization","@id":"https:\/\/tajkertesz.com\/#organization","name":"T\u00e1j-Kert\u00e9sz 84 Kft.","url":"https:\/\/tajkertesz.com\/","logo":{"@type":"ImageObject","inLanguage":"en-US","@id":"https:\/\/tajkertesz.com\/#\/schema\/logo\/image\/","url":"https:\/\/tajkertesz.com\/wp-content\/uploads\/2018\/02\/logo-2-e1518678052539.png","contentUrl":"https:\/\/tajkertesz.com\/wp-content\/uploads\/2018\/02\/logo-2-e1518678052539.png","width":81,"height":140,"caption":"T\u00e1j-Kert\u00e9sz 84 Kft."},"image":{"@id":"https:\/\/tajkertesz.com\/#\/schema\/logo\/image\/"},"sameAs":["https:\/\/www.facebook.com\/Tajkertesz\/"]}]}},"_links":{"self":[{"href":"https:\/\/tajkertesz.com\/en_US\/wp-json\/wp\/v2\/product\/16504","targetHints":{"allow":["GET"]}}],"collection":[{"href":"https:\/\/tajkertesz.com\/en_US\/wp-json\/wp\/v2\/product"}],"about":[{"href":"https:\/\/tajkertesz.com\/en_US\/wp-json\/wp\/v2\/types\/product"}],"wp:featuredmedia":[{"embeddable":true,"href":"https:\/\/tajkertesz.com\/en_US\/wp-json\/wp\/v2\/media\/16505"}],"wp:attachment":[{"href":"https:\/\/tajkertesz.com\/en_US\/wp-json\/wp\/v2\/media?parent=16504"}],"wp:term":[{"taxonomy":"product_brand","embeddable":true,"href":"https:\/\/tajkertesz.com\/en_US\/wp-json\/wp\/v2\/product_brand?post=16504"},{"taxonomy":"product_cat","embeddable":true,"href":"https:\/\/tajkertesz.com\/en_US\/wp-json\/wp\/v2\/product_cat?post=16504"},{"taxonomy":"product_tag","embeddable":true,"href":"https:\/\/tajkertesz.com\/en_US\/wp-json\/wp\/v2\/product_tag?post=16504"}],"curies":[{"name":"wp","href":"https:\/\/api.w.org\/{rel}","templated":true}]}}