{"id":16512,"date":"2023-08-15T13:02:43","date_gmt":"2023-08-15T13:02:43","guid":{"rendered":"https:\/\/tajkertesz.com\/?post_type=product&#038;p=16512"},"modified":"2025-03-25T14:56:22","modified_gmt":"2025-03-25T14:56:22","slug":"aucuba-japonica-crotonifolia-japan-babersom-100-125cm","status":"publish","type":"product","link":"https:\/\/tajkertesz.com\/en_US\/product\/aucuba-japonica-crotonifolia-japan-babersom-100-125cm\/","title":{"rendered":"Aucuba japonica &#8216;Crotonifolia&#8217; &#8211; Jap\u00e1n bab\u00e9rsom"},"content":{"rendered":"<h1>Aucuba japonica &#8216;Crotonifolia&#8217; &#8211; Jap\u00e1n bab\u00e9rsom<\/h1>\n<p>Az Aucuba japonica &#8216;Crotonifolia&#8217; &#8211; Jap\u00e1n bab\u00e9rsom egy \u00f6r\u00f6kz\u00f6ld cserje, amely az \u00c1zsi\u00e1ban, k\u00fcl\u00f6n\u00f6sen Jap\u00e1nban \u00e9s K\u00edn\u00e1ban \u0151shonos.<\/p>\n<h2>Aucuba japonica &#8216;Crotonifolia&#8217; jellemz\u0151i<\/h2>\n<p>A jap\u00e1n bab\u00e9rsom 1,5-2 m\u00e9ter magasra n\u00f6v\u0151, \u00f6r\u00f6kz\u00f6ld cserje. \u00c1grendszere vastag, bokra robosztus. Levelei 15-20 cm hossz\u00faak, b\u0151rszer\u0171ek, s\u00e1rg\u00e1n pettyezettek. A f\u00e9nyen l\u00e9v\u0151 levelek sz\u00ednezete \u00e9l\u00e9nkebb, az \u00e1rny\u00e9kban l\u00e9v\u0151k\u00e9 halv\u00e1nyabb vagy teljesen hi\u00e1nyoznak a s\u00e1rga foltok. Sz\u00e9les, tereb\u00e9lyes bokorr\u00e1 fejl\u0151dik, k\u00e9rge z\u00f6ld. Fagy\u00e9rz\u00e9keny, v\u00e9dett helyre \u00fcltess\u00fck.<\/p>\n<h3>A jap\u00e1n bab\u00e9rsom gondoz\u00e1sa<\/h3>\n<ul>\n<li data-start=\"1043\" data-end=\"1206\">Az Aucuba japonica f\u00e9l\u00e1rny\u00e9kos helyet kedvel, \u00e9s j\u00f3l toler\u00e1lja az \u00e1rny\u00e9kot is. A k\u00f6zvetlen napf\u00e9ny k\u00e1ros lehet sz\u00e1m\u00e1ra, mert meg\u00e9ghetnek a levelei.<\/li>\n<li data-start=\"1384\" data-end=\"1581\">Az aucuba a m\u00e9rs\u00e9kelt \u00f6nt\u00f6z\u00e9st kedveli. Fontos, hogy a talaj legyen enyh\u00e9n nedves, de ne \u00e1lljon v\u00edzben, mert a pang\u00f3 v\u00edz gy\u00f6k\u00e9rrothad\u00e1shoz vezethet.<\/li>\n<li data-start=\"1582\" data-end=\"1719\">A j\u00f3 v\u00edzelvezet\u00e9s\u0171, enyh\u00e9n savany\u00fa vagy semleges pH-j\u00fa talajokat r\u00e9szes\u00edti el\u0151nyben.<\/li>\n<\/ul>\n<p>&nbsp;<\/p>\n<p>Jelenlegi n\u00f6v\u00e9nyeink: Kb. 120 cm magas, 25 L kont\u00e9nerben<\/p>\n<p>&nbsp;<\/p>\n<p><b>K\u00e9szlet\u00fcnk napi szinten v\u00e1ltozik, ez\u00e9rt k\u00e9rj\u00fck, \u00e9rdekl\u0151dj\u00f6n szem\u00e9lyesen, telefonon vagy email-en.<br \/>\nA v\u00e1ltoztat\u00e1s jog\u00e1t fenntartjuk!<\/b><\/p>\n<p><a href=\"https:\/\/tajkertesz.com\/\">https:\/\/tajkertesz.com\/<\/a><\/p>\n<p><a href=\"https:\/\/www.facebook.com\/tajkertesz\/\">https:\/\/www.facebook.com\/tajkertesz\/<\/a><\/p>\n<p>Kisz\u00e1ll\u00edt\u00e1s: 200cm-ig \u00e9s 40 kg-ig a sz\u00e1ll\u00edt\u00e1s fut\u00e1rszolg\u00e1lattal t\u00f6rt\u00e9nik.<\/p>\n<p>Szem\u00e9lyes \u00e1tv\u00e9tel nyitvatart\u00e1si id\u0151ben a 17. ker\u00fclet Bakancsos utca 7. sz\u00e1m alatti Kert\u00e9szeti \u00e1rud\u00e1nkban.<\/p>\n<p>Kert\u00e9p\u00edt\u0151k \u00e9s viszontelad\u00f3k regisztr\u00e1l\u00e1s ut\u00e1n egyedi kedvezm\u00e9nnyel v\u00e1s\u00e1rolhatnak kert\u00e9szeti kis-\u00e9s nagykeresked\u00e9s\u00fcnkben.<\/p>\n<p><strong>Az \u00e1rak egy darab term\u00e9kre vonatkoznak.<\/strong><\/p>\n<p><strong>J\u00f3 tudni!<\/strong><\/p>\n<p>K\u00e9pek-elt\u00e9r\u00e9sek:<\/p>\n<p>A n\u00f6v\u00e9nyekr\u0151l felt\u00f6lt\u00f6tt k\u00e9pek illusztr\u00e1ci\u00f3k. N\u00f6v\u00e9nyekn\u00e9l el\u0151fordulhatnak minim\u00e1lis elt\u00e9r\u00e9sek a k\u00e9peken szerepl\u0151 n\u00f6v\u00e9nyek \u00e9s az \u00e1tvett n\u00f6v\u00e9nyek k\u00f6z\u00f6tt, mivel minden n\u00f6v\u00e9ny egyedi.<\/p>\n<h4>N\u00f6v\u00e9nyek sz\u00e1ll\u00edt\u00e1sa:<\/h4>\n<p>A megrendelt n\u00f6v\u00e9nyeket igyeksz\u00fcnk a lehet\u0151 legbiztons\u00e1gosabban egyes\u00e9vel csomagolni, azonban a sz\u00e1ll\u00edt\u00e1s sor\u00e1n m\u00e9g ennek ellen\u00e9re is\u00a0bek\u00f6vetkezhetnek apr\u00f3bb s\u00e9r\u00fcl\u00e9sek (lev\u00e9l- vagy vir\u00e1ghull\u00e1s).<br \/>\nN\u00f6v\u00e9ny rendel\u00e9s eset\u00e9n k\u00e9rj\u00fck a k\u00e9zbes\u00edt\u00e9st k\u00f6vet\u0151en a lehet\u0151 leghamarabb bonts\u00e1k ki a csomagot.<\/p>\n<p>Abban az esetben, ha a megrendelt n\u00f6v\u00e9ny\u00a0a sz\u00e1ll\u00edt\u00e1st k\u00f6vet\u0151en\u00a0nem megfelel\u0151 gondoz\u00e1sban r\u00e9szes\u00fcl \u00e9s ebb\u0151l kifoly\u00f3lag\u00a0k\u00e1rosodik,\u00a0elpusztul, felel\u0151ss\u00e9get sajnos nem tudunk v\u00e1llalni.<\/p>\n<p>V\u00e1s\u00e1rl\u00e1st\u00f3l val\u00f3 el\u00e1ll\u00e1s \u00e9l\u0151 n\u00f6v\u00e9ny v\u00e1s\u00e1rl\u00e1sa eset\u00e9n:<\/p>\n<p>Az \u00e1ltal\u00e1nos 14 napos el\u00e1ll\u00e1s lehet\u0151s\u00e9ge \u00e9l\u0151 n\u00f6v\u00e9nyekre nem vonatkozik. V\u00e1s\u00e1rl\u00e1st\u00f3l val\u00f3 el\u00e1ll\u00e1sra, visszak\u00fcld\u00e9sre nincs lehet\u0151s\u00e9g.\u00a0(17\/1999. (II. 5.) Korm. rendelet 5c pontja)<\/p>\n<p><strong>K\u00e9rj\u00fck fentiek figyelembev\u00e9tel\u00e9t n\u00f6v\u00e9ny rendel\u00e9se sor\u00e1n!<\/strong><\/p>\n<p>&nbsp;<\/p>","protected":false},"excerpt":{"rendered":"<p>Aucuba japonica &#8216;Variegata&#8217; , Jap\u00e1n bab\u00e9rsom 100\/125cm<\/p>\n<div id=\"bodyContent\" class=\"mw-body-content\">\n<div id=\"mw-content-text\" class=\"mw-content-ltr\" dir=\"ltr\" lang=\"hu\">\n<div id=\"bodyContent\" class=\"mw-body-content\">\n<div id=\"mw-content-text\" class=\"mw-content-ltr\" dir=\"ltr\" lang=\"hu\">\n<p><b>K\u00e9szlet\u00fcnk napi szinten v\u00e1ltozik, ez\u00e9rt k\u00e9rj\u00fck, \u00e9rdekl\u0151dj\u00f6n szem\u00e9lyesen, telefonon vagy email-en.<\/b><\/p>\n<p>Term\u00e9keinket szem\u00e9lyesen is \u00e1tveheti a h\u00e9t minden napj\u00e1n nyitvatart\u00e1si id\u0151ben!<\/p>\n<p>Kisz\u00e1ll\u00edt\u00e1s: 200 cm \u00e9s 40 kg-ig a sz\u00e1ll\u00edt\u00e1s fut\u00e1rszolg\u00e1lattal t\u00f6rt\u00e9nik.<\/p>\n<\/div>\n<\/div>\n<\/div>\n<\/div>\n<p><b>A v\u00e1ltoztat\u00e1s jog\u00e1t fenntartjuk!<\/b><\/p>\n<p>Az Aucuba japonica &#8216;Variegata&#8217; , Jap\u00e1n bab\u00e9rsom 1,5-2 m\u00e9ter magasra n\u00f6v\u0151, \u00f6r\u00f6kz\u00f6ld cserje. \u00c1grendszere vastag, bokra robosztus. Levelei 15-20 cm hossz\u00faak, b\u0151rszer\u0171ek, s\u00e1rg\u00e1n pettyezettek. A f\u00e9nyen l\u00e9v\u0151 levelek sz\u00ednezete \u00e9l\u00e9nkebb, az \u00e1rny\u00e9kban l\u00e9v\u0151k\u00e9 halv\u00e1nyabb vagy teljesen hi\u00e1nyoznak a s\u00e1rga foltok. Sz\u00e9les, tereb\u00e9lyes bokorr\u00e1 fejl\u0151dik, k\u00e9rge z\u00f6ld. Fagy\u00e9rz\u00e9keny, v\u00e9dett helyre \u00fcltess\u00fck.<\/p>\n<p>Dekorat\u00edv s\u00f6v\u00e9ny k\u00e9sz\u00edthet\u0151 bel\u0151le , de f\u0151leg szoliter n\u00f6v\u00e9nynek alkalmazzuk.<\/p>","protected":false},"featured_media":2485,"template":"","meta":{"_et_pb_use_builder":"","_et_pb_old_content":"","_et_gb_content_width":""},"product_brand":[],"product_cat":[26],"product_tag":[864,863,865,384],"class_list":{"0":"post-16512","1":"product","2":"type-product","3":"status-publish","4":"has-post-thumbnail","6":"product_cat-orokzold-novenyek","7":"product_tag-crotonifolia","8":"product_tag-aucuba-japonica","9":"product_tag-babersom","10":"product_tag-japan","12":"first","13":"outofstock","14":"shipping-taxable","15":"purchasable","16":"product-type-simple"},"yoast_head":"<!-- This site is optimized with the Yoast SEO plugin v27.3 - https:\/\/yoast.com\/product\/yoast-seo-wordpress\/ -->\n<title>Aucuba japonica &#039;Crotonifolia&#039; - Jap\u00e1n bab\u00e9rsom - T\u00e1jkert\u00e9sz<\/title>\n<meta name=\"description\" content=\"Az Aucuba japonica &#039;Crotonifolia&#039; , Jap\u00e1n bab\u00e9rsom\u00a01,5-2 m\u00e9ter magasra n\u00f6v\u0151, \u00f6r\u00f6kz\u00f6ld cserje. Levelei b\u0151rszer\u0171ek, s\u00e1rg\u00e1n pettyezettek.\" \/>\n<meta name=\"robots\" content=\"index, follow, max-snippet:-1, max-image-preview:large, max-video-preview:-1\" \/>\n<link rel=\"canonical\" href=\"https:\/\/tajkertesz.com\/en_US\/product\/aucuba-japonica-crotonifolia-japan-babersom-100-125cm\/\" \/>\n<meta property=\"og:locale\" content=\"en_US\" \/>\n<meta property=\"og:type\" content=\"article\" \/>\n<meta property=\"og:title\" content=\"Aucuba japonica &#039;Crotonifolia&#039; - Jap\u00e1n bab\u00e9rsom - T\u00e1jkert\u00e9sz\" \/>\n<meta property=\"og:description\" content=\"Az Aucuba japonica &#039;Crotonifolia&#039; , Jap\u00e1n bab\u00e9rsom\u00a01,5-2 m\u00e9ter magasra n\u00f6v\u0151, \u00f6r\u00f6kz\u00f6ld cserje. Levelei b\u0151rszer\u0171ek, s\u00e1rg\u00e1n pettyezettek.\" \/>\n<meta property=\"og:url\" content=\"https:\/\/tajkertesz.com\/en_US\/product\/aucuba-japonica-crotonifolia-japan-babersom-100-125cm\/\" \/>\n<meta property=\"og:site_name\" content=\"T\u00e1jkert\u00e9sz\" \/>\n<meta property=\"article:publisher\" content=\"https:\/\/www.facebook.com\/Tajkertesz\/\" \/>\n<meta property=\"article:modified_time\" content=\"2025-03-25T14:56:22+00:00\" \/>\n<meta property=\"og:image\" content=\"https:\/\/tajkertesz.com\/wp-content\/uploads\/2020\/11\/AucubaCrotonifolia.jpg\" \/>\n\t<meta property=\"og:image:width\" content=\"1600\" \/>\n\t<meta property=\"og:image:height\" content=\"1071\" \/>\n\t<meta property=\"og:image:type\" content=\"image\/jpeg\" \/>\n<meta name=\"twitter:card\" content=\"summary_large_image\" \/>\n<meta name=\"twitter:label1\" content=\"Est. reading time\" \/>\n\t<meta name=\"twitter:data1\" content=\"2 minutes\" \/>\n<script type=\"application\/ld+json\" class=\"yoast-schema-graph\">{\"@context\":\"https:\\\/\\\/schema.org\",\"@graph\":[{\"@type\":\"WebPage\",\"@id\":\"https:\\\/\\\/tajkertesz.com\\\/termek\\\/aucuba-japonica-crotonifolia-japan-babersom-100-125cm\\\/\",\"url\":\"https:\\\/\\\/tajkertesz.com\\\/termek\\\/aucuba-japonica-crotonifolia-japan-babersom-100-125cm\\\/\",\"name\":\"Aucuba japonica 'Crotonifolia' - Jap\u00e1n bab\u00e9rsom - T\u00e1jkert\u00e9sz\",\"isPartOf\":{\"@id\":\"https:\\\/\\\/tajkertesz.com\\\/#website\"},\"primaryImageOfPage\":{\"@id\":\"https:\\\/\\\/tajkertesz.com\\\/termek\\\/aucuba-japonica-crotonifolia-japan-babersom-100-125cm\\\/#primaryimage\"},\"image\":{\"@id\":\"https:\\\/\\\/tajkertesz.com\\\/termek\\\/aucuba-japonica-crotonifolia-japan-babersom-100-125cm\\\/#primaryimage\"},\"thumbnailUrl\":\"https:\\\/\\\/tajkertesz.com\\\/wp-content\\\/uploads\\\/2020\\\/11\\\/AucubaCrotonifolia.jpg\",\"datePublished\":\"2023-08-15T13:02:43+00:00\",\"dateModified\":\"2025-03-25T14:56:22+00:00\",\"description\":\"Az Aucuba japonica 'Crotonifolia' , Jap\u00e1n bab\u00e9rsom\u00a01,5-2 m\u00e9ter magasra n\u00f6v\u0151, \u00f6r\u00f6kz\u00f6ld cserje. Levelei b\u0151rszer\u0171ek, s\u00e1rg\u00e1n pettyezettek.\",\"breadcrumb\":{\"@id\":\"https:\\\/\\\/tajkertesz.com\\\/termek\\\/aucuba-japonica-crotonifolia-japan-babersom-100-125cm\\\/#breadcrumb\"},\"inLanguage\":\"en-US\",\"potentialAction\":[{\"@type\":\"ReadAction\",\"target\":[\"https:\\\/\\\/tajkertesz.com\\\/termek\\\/aucuba-japonica-crotonifolia-japan-babersom-100-125cm\\\/\"]}]},{\"@type\":\"ImageObject\",\"inLanguage\":\"en-US\",\"@id\":\"https:\\\/\\\/tajkertesz.com\\\/termek\\\/aucuba-japonica-crotonifolia-japan-babersom-100-125cm\\\/#primaryimage\",\"url\":\"https:\\\/\\\/tajkertesz.com\\\/wp-content\\\/uploads\\\/2020\\\/11\\\/AucubaCrotonifolia.jpg\",\"contentUrl\":\"https:\\\/\\\/tajkertesz.com\\\/wp-content\\\/uploads\\\/2020\\\/11\\\/AucubaCrotonifolia.jpg\",\"width\":1600,\"height\":1071,\"caption\":\"Aucuba japonica 'Crotonifolia' - Jap\u00e1n bab\u00e9rsom\"},{\"@type\":\"BreadcrumbList\",\"@id\":\"https:\\\/\\\/tajkertesz.com\\\/termek\\\/aucuba-japonica-crotonifolia-japan-babersom-100-125cm\\\/#breadcrumb\",\"itemListElement\":[{\"@type\":\"ListItem\",\"position\":1,\"name\":\"Home\",\"item\":\"https:\\\/\\\/tajkertesz.com\\\/\"},{\"@type\":\"ListItem\",\"position\":2,\"name\":\"Kezd\u0151lap\",\"item\":\"https:\\\/\\\/tajkertesz.com\\\/\"},{\"@type\":\"ListItem\",\"position\":3,\"name\":\"Aucuba japonica &#8216;Crotonifolia&#8217; &#8211; Jap\u00e1n bab\u00e9rsom\"}]},{\"@type\":\"WebSite\",\"@id\":\"https:\\\/\\\/tajkertesz.com\\\/#website\",\"url\":\"https:\\\/\\\/tajkertesz.com\\\/\",\"name\":\"T\u00e1j-Kert\u00e9sz 84 Kft.\",\"description\":\"Kert\u00e9szeti kis- \u00e9s nagykeresked\u00e9s, D\u00edszn\u00f6v\u00e9ny web\u00e1ruh\u00e1z orsz\u00e1gos h\u00e1zhozsz\u00e1ll\u00edt\u00e1ssal!\",\"publisher\":{\"@id\":\"https:\\\/\\\/tajkertesz.com\\\/#organization\"},\"potentialAction\":[{\"@type\":\"SearchAction\",\"target\":{\"@type\":\"EntryPoint\",\"urlTemplate\":\"https:\\\/\\\/tajkertesz.com\\\/?s={search_term_string}\"},\"query-input\":{\"@type\":\"PropertyValueSpecification\",\"valueRequired\":true,\"valueName\":\"search_term_string\"}}],\"inLanguage\":\"en-US\"},{\"@type\":\"Organization\",\"@id\":\"https:\\\/\\\/tajkertesz.com\\\/#organization\",\"name\":\"T\u00e1j-Kert\u00e9sz 84 Kft.\",\"url\":\"https:\\\/\\\/tajkertesz.com\\\/\",\"logo\":{\"@type\":\"ImageObject\",\"inLanguage\":\"en-US\",\"@id\":\"https:\\\/\\\/tajkertesz.com\\\/#\\\/schema\\\/logo\\\/image\\\/\",\"url\":\"https:\\\/\\\/tajkertesz.com\\\/wp-content\\\/uploads\\\/2018\\\/02\\\/logo-2-e1518678052539.png\",\"contentUrl\":\"https:\\\/\\\/tajkertesz.com\\\/wp-content\\\/uploads\\\/2018\\\/02\\\/logo-2-e1518678052539.png\",\"width\":81,\"height\":140,\"caption\":\"T\u00e1j-Kert\u00e9sz 84 Kft.\"},\"image\":{\"@id\":\"https:\\\/\\\/tajkertesz.com\\\/#\\\/schema\\\/logo\\\/image\\\/\"},\"sameAs\":[\"https:\\\/\\\/www.facebook.com\\\/Tajkertesz\\\/\"]}]}<\/script>\n<!-- \/ Yoast SEO plugin. -->","yoast_head_json":{"title":"Aucuba japonica 'Crotonifolia' - Jap\u00e1n bab\u00e9rsom - T\u00e1jkert\u00e9sz","description":"Az Aucuba japonica 'Crotonifolia' , Jap\u00e1n bab\u00e9rsom\u00a01,5-2 m\u00e9ter magasra n\u00f6v\u0151, \u00f6r\u00f6kz\u00f6ld cserje. Levelei b\u0151rszer\u0171ek, s\u00e1rg\u00e1n pettyezettek.","robots":{"index":"index","follow":"follow","max-snippet":"max-snippet:-1","max-image-preview":"max-image-preview:large","max-video-preview":"max-video-preview:-1"},"canonical":"https:\/\/tajkertesz.com\/en_US\/product\/aucuba-japonica-crotonifolia-japan-babersom-100-125cm\/","og_locale":"en_US","og_type":"article","og_title":"Aucuba japonica 'Crotonifolia' - Jap\u00e1n bab\u00e9rsom - T\u00e1jkert\u00e9sz","og_description":"Az Aucuba japonica 'Crotonifolia' , Jap\u00e1n bab\u00e9rsom\u00a01,5-2 m\u00e9ter magasra n\u00f6v\u0151, \u00f6r\u00f6kz\u00f6ld cserje. Levelei b\u0151rszer\u0171ek, s\u00e1rg\u00e1n pettyezettek.","og_url":"https:\/\/tajkertesz.com\/en_US\/product\/aucuba-japonica-crotonifolia-japan-babersom-100-125cm\/","og_site_name":"T\u00e1jkert\u00e9sz","article_publisher":"https:\/\/www.facebook.com\/Tajkertesz\/","article_modified_time":"2025-03-25T14:56:22+00:00","og_image":[{"width":1600,"height":1071,"url":"https:\/\/tajkertesz.com\/wp-content\/uploads\/2020\/11\/AucubaCrotonifolia.jpg","type":"image\/jpeg"}],"twitter_card":"summary_large_image","twitter_misc":{"Est. reading time":"2 minutes"},"schema":{"@context":"https:\/\/schema.org","@graph":[{"@type":"WebPage","@id":"https:\/\/tajkertesz.com\/termek\/aucuba-japonica-crotonifolia-japan-babersom-100-125cm\/","url":"https:\/\/tajkertesz.com\/termek\/aucuba-japonica-crotonifolia-japan-babersom-100-125cm\/","name":"Aucuba japonica 'Crotonifolia' - Jap\u00e1n bab\u00e9rsom - T\u00e1jkert\u00e9sz","isPartOf":{"@id":"https:\/\/tajkertesz.com\/#website"},"primaryImageOfPage":{"@id":"https:\/\/tajkertesz.com\/termek\/aucuba-japonica-crotonifolia-japan-babersom-100-125cm\/#primaryimage"},"image":{"@id":"https:\/\/tajkertesz.com\/termek\/aucuba-japonica-crotonifolia-japan-babersom-100-125cm\/#primaryimage"},"thumbnailUrl":"https:\/\/tajkertesz.com\/wp-content\/uploads\/2020\/11\/AucubaCrotonifolia.jpg","datePublished":"2023-08-15T13:02:43+00:00","dateModified":"2025-03-25T14:56:22+00:00","description":"Az Aucuba japonica 'Crotonifolia' , Jap\u00e1n bab\u00e9rsom\u00a01,5-2 m\u00e9ter magasra n\u00f6v\u0151, \u00f6r\u00f6kz\u00f6ld cserje. Levelei b\u0151rszer\u0171ek, s\u00e1rg\u00e1n pettyezettek.","breadcrumb":{"@id":"https:\/\/tajkertesz.com\/termek\/aucuba-japonica-crotonifolia-japan-babersom-100-125cm\/#breadcrumb"},"inLanguage":"en-US","potentialAction":[{"@type":"ReadAction","target":["https:\/\/tajkertesz.com\/termek\/aucuba-japonica-crotonifolia-japan-babersom-100-125cm\/"]}]},{"@type":"ImageObject","inLanguage":"en-US","@id":"https:\/\/tajkertesz.com\/termek\/aucuba-japonica-crotonifolia-japan-babersom-100-125cm\/#primaryimage","url":"https:\/\/tajkertesz.com\/wp-content\/uploads\/2020\/11\/AucubaCrotonifolia.jpg","contentUrl":"https:\/\/tajkertesz.com\/wp-content\/uploads\/2020\/11\/AucubaCrotonifolia.jpg","width":1600,"height":1071,"caption":"Aucuba japonica 'Crotonifolia' - Jap\u00e1n bab\u00e9rsom"},{"@type":"BreadcrumbList","@id":"https:\/\/tajkertesz.com\/termek\/aucuba-japonica-crotonifolia-japan-babersom-100-125cm\/#breadcrumb","itemListElement":[{"@type":"ListItem","position":1,"name":"Home","item":"https:\/\/tajkertesz.com\/"},{"@type":"ListItem","position":2,"name":"Kezd\u0151lap","item":"https:\/\/tajkertesz.com\/"},{"@type":"ListItem","position":3,"name":"Aucuba japonica &#8216;Crotonifolia&#8217; &#8211; Jap\u00e1n bab\u00e9rsom"}]},{"@type":"WebSite","@id":"https:\/\/tajkertesz.com\/#website","url":"https:\/\/tajkertesz.com\/","name":"T\u00e1j-Kert\u00e9sz 84 Kft.","description":"Kert\u00e9szeti kis- \u00e9s nagykeresked\u00e9s, D\u00edszn\u00f6v\u00e9ny web\u00e1ruh\u00e1z orsz\u00e1gos h\u00e1zhozsz\u00e1ll\u00edt\u00e1ssal!","publisher":{"@id":"https:\/\/tajkertesz.com\/#organization"},"potentialAction":[{"@type":"SearchAction","target":{"@type":"EntryPoint","urlTemplate":"https:\/\/tajkertesz.com\/?s={search_term_string}"},"query-input":{"@type":"PropertyValueSpecification","valueRequired":true,"valueName":"search_term_string"}}],"inLanguage":"en-US"},{"@type":"Organization","@id":"https:\/\/tajkertesz.com\/#organization","name":"T\u00e1j-Kert\u00e9sz 84 Kft.","url":"https:\/\/tajkertesz.com\/","logo":{"@type":"ImageObject","inLanguage":"en-US","@id":"https:\/\/tajkertesz.com\/#\/schema\/logo\/image\/","url":"https:\/\/tajkertesz.com\/wp-content\/uploads\/2018\/02\/logo-2-e1518678052539.png","contentUrl":"https:\/\/tajkertesz.com\/wp-content\/uploads\/2018\/02\/logo-2-e1518678052539.png","width":81,"height":140,"caption":"T\u00e1j-Kert\u00e9sz 84 Kft."},"image":{"@id":"https:\/\/tajkertesz.com\/#\/schema\/logo\/image\/"},"sameAs":["https:\/\/www.facebook.com\/Tajkertesz\/"]}]}},"_links":{"self":[{"href":"https:\/\/tajkertesz.com\/en_US\/wp-json\/wp\/v2\/product\/16512","targetHints":{"allow":["GET"]}}],"collection":[{"href":"https:\/\/tajkertesz.com\/en_US\/wp-json\/wp\/v2\/product"}],"about":[{"href":"https:\/\/tajkertesz.com\/en_US\/wp-json\/wp\/v2\/types\/product"}],"wp:featuredmedia":[{"embeddable":true,"href":"https:\/\/tajkertesz.com\/en_US\/wp-json\/wp\/v2\/media\/2485"}],"wp:attachment":[{"href":"https:\/\/tajkertesz.com\/en_US\/wp-json\/wp\/v2\/media?parent=16512"}],"wp:term":[{"taxonomy":"product_brand","embeddable":true,"href":"https:\/\/tajkertesz.com\/en_US\/wp-json\/wp\/v2\/product_brand?post=16512"},{"taxonomy":"product_cat","embeddable":true,"href":"https:\/\/tajkertesz.com\/en_US\/wp-json\/wp\/v2\/product_cat?post=16512"},{"taxonomy":"product_tag","embeddable":true,"href":"https:\/\/tajkertesz.com\/en_US\/wp-json\/wp\/v2\/product_tag?post=16512"}],"curies":[{"name":"wp","href":"https:\/\/api.w.org\/{rel}","templated":true}]}}