{"id":16556,"date":"2023-08-22T14:54:55","date_gmt":"2023-08-22T14:54:55","guid":{"rendered":"https:\/\/tajkertesz.com\/?post_type=product&#038;p=16556"},"modified":"2026-02-13T09:43:31","modified_gmt":"2026-02-13T09:43:31","slug":"fiskars-x5-camping-keszlet","status":"publish","type":"product","link":"https:\/\/tajkertesz.com\/en_US\/product\/fiskars-x5-camping-keszlet\/","title":{"rendered":"Fiskars X5 Camping k\u00e9szlet 1057912"},"content":{"rendered":"<h2>Fiskars X5 Camping k\u00e9szlet<\/h2>\n<div class=\"col-12 p-0 detail--content--text flex-wrap detail--collapse\">\n<div class=\"col-12 col-sm-12 content-col-12 col-lg-12 pl-0\">\n<p>Az \u00faj kialak\u00edt\u00e1s miatt sokkal k\u00e9nyelmesebb a markolat, ez\u00e1ltal a fejsze fog\u00e1sa is. A markolat kialak\u00edt\u00e1sa r\u00e9v\u00e9n a hasogat\u00e1s k\u00f6zbeni teny\u00e9rnedvess\u00e9get elvezeti, \u00edgy egyszer\u0171s\u00edti a munkafolyamatot. Az optim\u00e1lis kialak\u00edt\u00e1s miatt kisebb er\u0151kifejt\u00e9s sz\u00fcks\u00e9ges a lend\u00edt\u00e9shez, ez\u00e1ltal a tart\u00e1s\u00e1ra se kell akkora figyelmet szentelni. Haszn\u00e1lata ez\u00e1ltal kontroll alatt tarthat\u00f3 szinte odafigyel\u00e9s n\u00e9lk\u00fcl. Mindemellett esz\u00e9tikus, min\u0151s\u00e9gi megjelen\u00e9st biztos\u00edt, melyen kev\u00e9sb\u00e9 t\u0171nnek ki a haszn\u00e1lat k\u00f6zben megvisel\u00e9s \u00e9s egy\u00e9b karcok.<\/p>\n<p><strong>Fiskars \u00e1ltal\u00e1nos k\u00e9s tokba \u00e9p\u00edtett \u00e9lez\u0151vel<\/strong><\/p>\n<p>Magas min\u0151s\u00e9g\u0171, nagyon tart\u00f3s penge.\u00a0Tokba \u00e9p\u00edtett \u00e9lez\u0151vel. A tokba illesztett bet\u00e9t forgathat\u00f3, \u00edgy balkezes haszn\u00e1latra is alkalmas.\u00a03 r\u00e9szb\u0151l \u00e1ll\u00f3 ergonomikus markolat<\/p>\n<p>A Fiskars Xtract visszah\u00fazhat\u00f3 peng\u00e9s f\u0171r\u00e9szek az X fejszecsal\u00e1d t\u00f6k\u00e9letes kieg\u00e9sz\u00edt\u0151i, ha friss \u00e1gak v\u00e1g\u00e1s\u00e1r\u00f3l, fa megmunk\u00e1l\u00e1s\u00e1r\u00f3l van sz\u00f3.\u00a0A penge teljesen visszah\u00fazhat\u00f3 \u00e9s egy hasznos, \u00f6vre akaszthat\u00f3 heveder is van rajta. A f\u0171r\u00e9sz t\u00e1rol\u00e1sa \u00edgy biztons\u00e1gos \u00e9s k\u00e9zhez\u00e1ll\u00f3. Az \u00fcgyesen megtervezett kett\u0151s fogaz\u00e1s\u00fa peng\u00e9vel gyorsan \u00e9s hat\u00e9konyan v\u00e1ghat a h\u00faz\u00f3 mozdulat sor\u00e1n, \u00edgy meger\u0151ltet\u00e9s n\u00e9lk\u00fcl f\u0171r\u00e9szelhet friss f\u00e1t is.<\/p>\n<\/div>\n<\/div>\n<div class=\"col-12 p-0 detail--content--text flex-wrap detail--collapse\">\n<div class=\"col-12 col-sm-12 content-col-12 col-lg-12 pl-0\">\n<p><strong>Lesz\u00e1ll\u00edtott tartoz\u00e9kok:<\/strong><\/p>\n<p>1 db\u00a0Fiskars X5 kis kempingfejsze\u00a0(1015617)<\/p>\n<p>1 db\u00a0Fiskars \u00e1ltal\u00e1nos k\u00e9s tokba \u00e9p\u00edtett \u00e9lez\u0151vel\u00a0(1023618)<\/p>\n<p>1 db\u00a0Fiskars Xtract kerti f\u0171r\u00e9sz SW73 (1000613)<\/p>\n<p>El\u00e9rhet\u0151 t\u00f6bbf\u00e9le m\u00e9retben \u00e9s \u00e1rban.<\/p>\n<p><strong>K\u00e9szlet\u00fcnk napi szinten v\u00e1ltozik, ez\u00e9rt k\u00e9rj\u00fck, \u00e9rdekl\u0151dj\u00f6n szem\u00e9lyesen, telefonon vagy email-en.<br \/>\nA v\u00e1ltoztat\u00e1s jog\u00e1t fenntartjuk!\u00a0<\/strong><\/p>\n<p><a href=\"https:\/\/tajkertesz.com\/\">https:\/\/tajkertesz.com\/<\/a><\/p>\n<p><a href=\"https:\/\/www.facebook.com\/tajkertesz\/\">https:\/\/www.facebook.com\/tajkertesz\/<\/a><\/p>\n<p>Kisz\u00e1ll\u00edt\u00e1s: 200cm-ig \u00a0\u00e9s 40 kg-ig a sz\u00e1ll\u00edt\u00e1s fut\u00e1rszolg\u00e1lattal \u00a0t\u00f6rt\u00e9nik.<\/p>\n<p>Szem\u00e9lyes \u00e1tv\u00e9tel nyitvatart\u00e1si id\u0151ben a 17. ker\u00fclet Bakancsos utca 7. sz\u00e1m alatti Kert\u00e9szeti \u00e1rud\u00e1ban.<\/p>\n<\/div>\n<\/div>","protected":false},"excerpt":{"rendered":"<h2>Fiskars X5 Camping k\u00e9szlet<\/h2>\n<div id=\"bodyContent\" class=\"mw-body-content\">\n<div id=\"mw-content-text\" class=\"mw-content-ltr\" dir=\"ltr\" lang=\"hu\">\n<div id=\"bodyContent\" class=\"mw-body-content\">\n<div id=\"mw-content-text\" class=\"mw-content-ltr\" dir=\"ltr\" lang=\"hu\">\n<p><b>K\u00e9szlet\u00fcnk napi szinten v\u00e1ltozik, ez\u00e9rt k\u00e9rj\u00fck, \u00e9rdekl\u0151dj\u00f6n szem\u00e9lyesen, telefonon vagy email-en.<\/b><\/p>\n<p>Term\u00e9keinket szem\u00e9lyesen is \u00e1tveheti a h\u00e9t minden napj\u00e1n nyitvatart\u00e1si id\u0151ben!<\/p>\n<p>Kisz\u00e1ll\u00edt\u00e1s: 200 cm \u00e9s 40 kg-ig a sz\u00e1ll\u00edt\u00e1s fut\u00e1rszolg\u00e1lattal t\u00f6rt\u00e9nik.<\/p>\n<\/div>\n<\/div>\n<\/div>\n<\/div>\n<p><b>A v\u00e1ltoztat\u00e1s jog\u00e1t fenntartjuk!\u00a0<\/b><\/p>\n<p>&nbsp;<\/p>","protected":false},"featured_media":16558,"template":"","meta":{"_et_pb_use_builder":"","_et_pb_old_content":"","_et_gb_content_width":""},"product_brand":[],"product_cat":[4321,1521],"product_tag":[4573,116,4898],"class_list":{"0":"post-16556","1":"product","2":"type-product","3":"status-publish","4":"has-post-thumbnail","6":"product_cat-fiskars-fejszek","7":"product_cat-fiskars-kerti-es-haztartasi-termekek","8":"product_tag-fejsze","9":"product_tag-fiskars","10":"product_tag-x5","12":"first","13":"instock","14":"shipping-taxable","15":"purchasable","16":"product-type-simple"},"yoast_head":"<!-- This site is optimized with the Yoast SEO plugin v27.5 - https:\/\/yoast.com\/product\/yoast-seo-wordpress\/ -->\n<title>Fiskars X5 Camping k\u00e9szlet 1057912 - T\u00e1jkert\u00e9sz<\/title>\n<meta name=\"description\" content=\"Fiskars X5 Camping k\u00e9szlet. Az \u00faj kialak\u00edt\u00e1s miatt sokkal k\u00e9nyelmesebb a markolat, ez\u00e1ltal a fejsze fog\u00e1sa is. A markolat kialak\u00edt\u00e1sa r\u00e9v\u00e9n a hasogat\u00e1s...\" \/>\n<meta name=\"robots\" content=\"index, follow, max-snippet:-1, max-image-preview:large, max-video-preview:-1\" \/>\n<link rel=\"canonical\" href=\"https:\/\/tajkertesz.com\/en_US\/product\/fiskars-x5-camping-keszlet\/\" \/>\n<meta property=\"og:locale\" content=\"en_US\" \/>\n<meta property=\"og:type\" content=\"article\" \/>\n<meta property=\"og:title\" content=\"https:\/\/www.facebook.com\/tajkertesz\" \/>\n<meta property=\"og:description\" content=\"Fiskars X5 Camping k\u00e9szlet. Az \u00faj kialak\u00edt\u00e1s miatt sokkal k\u00e9nyelmesebb a markolat, ez\u00e1ltal a fejsze fog\u00e1sa is. A markolat kialak\u00edt\u00e1sa r\u00e9v\u00e9n a hasogat\u00e1s...\" \/>\n<meta property=\"og:url\" content=\"https:\/\/tajkertesz.com\/en_US\/product\/fiskars-x5-camping-keszlet\/\" \/>\n<meta property=\"og:site_name\" content=\"T\u00e1jkert\u00e9sz\" \/>\n<meta property=\"article:publisher\" content=\"https:\/\/www.facebook.com\/Tajkertesz\/\" \/>\n<meta property=\"article:modified_time\" content=\"2026-02-13T09:43:31+00:00\" \/>\n<meta property=\"og:image\" content=\"https:\/\/tajkertesz.com\/wp-content\/uploads\/2023\/08\/1057912.jpg\" \/>\n\t<meta property=\"og:image:width\" content=\"1000\" \/>\n\t<meta property=\"og:image:height\" content=\"442\" \/>\n\t<meta property=\"og:image:type\" content=\"image\/jpeg\" \/>\n<meta name=\"twitter:card\" content=\"summary_large_image\" \/>\n<meta name=\"twitter:label1\" content=\"Est. reading time\" \/>\n\t<meta name=\"twitter:data1\" content=\"2 minutes\" \/>\n<script type=\"application\/ld+json\" class=\"yoast-schema-graph\">{\"@context\":\"https:\\\/\\\/schema.org\",\"@graph\":[{\"@type\":\"WebPage\",\"@id\":\"https:\\\/\\\/tajkertesz.com\\\/termek\\\/fiskars-x5-camping-keszlet\\\/\",\"url\":\"https:\\\/\\\/tajkertesz.com\\\/termek\\\/fiskars-x5-camping-keszlet\\\/\",\"name\":\"Fiskars X5 Camping k\u00e9szlet 1057912 - T\u00e1jkert\u00e9sz\",\"isPartOf\":{\"@id\":\"https:\\\/\\\/tajkertesz.com\\\/#website\"},\"primaryImageOfPage\":{\"@id\":\"https:\\\/\\\/tajkertesz.com\\\/termek\\\/fiskars-x5-camping-keszlet\\\/#primaryimage\"},\"image\":{\"@id\":\"https:\\\/\\\/tajkertesz.com\\\/termek\\\/fiskars-x5-camping-keszlet\\\/#primaryimage\"},\"thumbnailUrl\":\"https:\\\/\\\/tajkertesz.com\\\/wp-content\\\/uploads\\\/2023\\\/08\\\/1057912.jpg\",\"datePublished\":\"2023-08-22T14:54:55+00:00\",\"dateModified\":\"2026-02-13T09:43:31+00:00\",\"description\":\"Fiskars X5 Camping k\u00e9szlet. Az \u00faj kialak\u00edt\u00e1s miatt sokkal k\u00e9nyelmesebb a markolat, ez\u00e1ltal a fejsze fog\u00e1sa is. A markolat kialak\u00edt\u00e1sa r\u00e9v\u00e9n a hasogat\u00e1s...\",\"breadcrumb\":{\"@id\":\"https:\\\/\\\/tajkertesz.com\\\/termek\\\/fiskars-x5-camping-keszlet\\\/#breadcrumb\"},\"inLanguage\":\"en-US\",\"potentialAction\":[{\"@type\":\"ReadAction\",\"target\":[\"https:\\\/\\\/tajkertesz.com\\\/termek\\\/fiskars-x5-camping-keszlet\\\/\"]}]},{\"@type\":\"ImageObject\",\"inLanguage\":\"en-US\",\"@id\":\"https:\\\/\\\/tajkertesz.com\\\/termek\\\/fiskars-x5-camping-keszlet\\\/#primaryimage\",\"url\":\"https:\\\/\\\/tajkertesz.com\\\/wp-content\\\/uploads\\\/2023\\\/08\\\/1057912.jpg\",\"contentUrl\":\"https:\\\/\\\/tajkertesz.com\\\/wp-content\\\/uploads\\\/2023\\\/08\\\/1057912.jpg\",\"width\":1000,\"height\":442},{\"@type\":\"BreadcrumbList\",\"@id\":\"https:\\\/\\\/tajkertesz.com\\\/termek\\\/fiskars-x5-camping-keszlet\\\/#breadcrumb\",\"itemListElement\":[{\"@type\":\"ListItem\",\"position\":1,\"name\":\"Home\",\"item\":\"https:\\\/\\\/tajkertesz.com\\\/\"},{\"@type\":\"ListItem\",\"position\":2,\"name\":\"Kezd\u0151lap\",\"item\":\"https:\\\/\\\/tajkertesz.com\\\/\"},{\"@type\":\"ListItem\",\"position\":3,\"name\":\"Fiskars X5 Camping k\u00e9szlet 1057912\"}]},{\"@type\":\"WebSite\",\"@id\":\"https:\\\/\\\/tajkertesz.com\\\/#website\",\"url\":\"https:\\\/\\\/tajkertesz.com\\\/\",\"name\":\"T\u00e1j-Kert\u00e9sz 84 Kft.\",\"description\":\"Kert\u00e9szeti kis- \u00e9s nagykeresked\u00e9s, D\u00edszn\u00f6v\u00e9ny web\u00e1ruh\u00e1z orsz\u00e1gos h\u00e1zhozsz\u00e1ll\u00edt\u00e1ssal!\",\"publisher\":{\"@id\":\"https:\\\/\\\/tajkertesz.com\\\/#organization\"},\"potentialAction\":[{\"@type\":\"SearchAction\",\"target\":{\"@type\":\"EntryPoint\",\"urlTemplate\":\"https:\\\/\\\/tajkertesz.com\\\/?s={search_term_string}\"},\"query-input\":{\"@type\":\"PropertyValueSpecification\",\"valueRequired\":true,\"valueName\":\"search_term_string\"}}],\"inLanguage\":\"en-US\"},{\"@type\":\"Organization\",\"@id\":\"https:\\\/\\\/tajkertesz.com\\\/#organization\",\"name\":\"T\u00e1j-Kert\u00e9sz 84 Kft.\",\"url\":\"https:\\\/\\\/tajkertesz.com\\\/\",\"logo\":{\"@type\":\"ImageObject\",\"inLanguage\":\"en-US\",\"@id\":\"https:\\\/\\\/tajkertesz.com\\\/#\\\/schema\\\/logo\\\/image\\\/\",\"url\":\"https:\\\/\\\/tajkertesz.com\\\/wp-content\\\/uploads\\\/2018\\\/02\\\/logo-2-e1518678052539.png\",\"contentUrl\":\"https:\\\/\\\/tajkertesz.com\\\/wp-content\\\/uploads\\\/2018\\\/02\\\/logo-2-e1518678052539.png\",\"width\":81,\"height\":140,\"caption\":\"T\u00e1j-Kert\u00e9sz 84 Kft.\"},\"image\":{\"@id\":\"https:\\\/\\\/tajkertesz.com\\\/#\\\/schema\\\/logo\\\/image\\\/\"},\"sameAs\":[\"https:\\\/\\\/www.facebook.com\\\/Tajkertesz\\\/\"]}]}<\/script>\n<!-- \/ Yoast SEO plugin. -->","yoast_head_json":{"title":"Fiskars X5 Camping k\u00e9szlet 1057912 - T\u00e1jkert\u00e9sz","description":"Fiskars X5 Camping k\u00e9szlet. Az \u00faj kialak\u00edt\u00e1s miatt sokkal k\u00e9nyelmesebb a markolat, ez\u00e1ltal a fejsze fog\u00e1sa is. A markolat kialak\u00edt\u00e1sa r\u00e9v\u00e9n a hasogat\u00e1s...","robots":{"index":"index","follow":"follow","max-snippet":"max-snippet:-1","max-image-preview":"max-image-preview:large","max-video-preview":"max-video-preview:-1"},"canonical":"https:\/\/tajkertesz.com\/en_US\/product\/fiskars-x5-camping-keszlet\/","og_locale":"en_US","og_type":"article","og_title":"https:\/\/www.facebook.com\/tajkertesz","og_description":"Fiskars X5 Camping k\u00e9szlet. Az \u00faj kialak\u00edt\u00e1s miatt sokkal k\u00e9nyelmesebb a markolat, ez\u00e1ltal a fejsze fog\u00e1sa is. A markolat kialak\u00edt\u00e1sa r\u00e9v\u00e9n a hasogat\u00e1s...","og_url":"https:\/\/tajkertesz.com\/en_US\/product\/fiskars-x5-camping-keszlet\/","og_site_name":"T\u00e1jkert\u00e9sz","article_publisher":"https:\/\/www.facebook.com\/Tajkertesz\/","article_modified_time":"2026-02-13T09:43:31+00:00","og_image":[{"width":1000,"height":442,"url":"https:\/\/tajkertesz.com\/wp-content\/uploads\/2023\/08\/1057912.jpg","type":"image\/jpeg"}],"twitter_card":"summary_large_image","twitter_misc":{"Est. reading time":"2 minutes"},"schema":{"@context":"https:\/\/schema.org","@graph":[{"@type":"WebPage","@id":"https:\/\/tajkertesz.com\/termek\/fiskars-x5-camping-keszlet\/","url":"https:\/\/tajkertesz.com\/termek\/fiskars-x5-camping-keszlet\/","name":"Fiskars X5 Camping k\u00e9szlet 1057912 - T\u00e1jkert\u00e9sz","isPartOf":{"@id":"https:\/\/tajkertesz.com\/#website"},"primaryImageOfPage":{"@id":"https:\/\/tajkertesz.com\/termek\/fiskars-x5-camping-keszlet\/#primaryimage"},"image":{"@id":"https:\/\/tajkertesz.com\/termek\/fiskars-x5-camping-keszlet\/#primaryimage"},"thumbnailUrl":"https:\/\/tajkertesz.com\/wp-content\/uploads\/2023\/08\/1057912.jpg","datePublished":"2023-08-22T14:54:55+00:00","dateModified":"2026-02-13T09:43:31+00:00","description":"Fiskars X5 Camping k\u00e9szlet. Az \u00faj kialak\u00edt\u00e1s miatt sokkal k\u00e9nyelmesebb a markolat, ez\u00e1ltal a fejsze fog\u00e1sa is. A markolat kialak\u00edt\u00e1sa r\u00e9v\u00e9n a hasogat\u00e1s...","breadcrumb":{"@id":"https:\/\/tajkertesz.com\/termek\/fiskars-x5-camping-keszlet\/#breadcrumb"},"inLanguage":"en-US","potentialAction":[{"@type":"ReadAction","target":["https:\/\/tajkertesz.com\/termek\/fiskars-x5-camping-keszlet\/"]}]},{"@type":"ImageObject","inLanguage":"en-US","@id":"https:\/\/tajkertesz.com\/termek\/fiskars-x5-camping-keszlet\/#primaryimage","url":"https:\/\/tajkertesz.com\/wp-content\/uploads\/2023\/08\/1057912.jpg","contentUrl":"https:\/\/tajkertesz.com\/wp-content\/uploads\/2023\/08\/1057912.jpg","width":1000,"height":442},{"@type":"BreadcrumbList","@id":"https:\/\/tajkertesz.com\/termek\/fiskars-x5-camping-keszlet\/#breadcrumb","itemListElement":[{"@type":"ListItem","position":1,"name":"Home","item":"https:\/\/tajkertesz.com\/"},{"@type":"ListItem","position":2,"name":"Kezd\u0151lap","item":"https:\/\/tajkertesz.com\/"},{"@type":"ListItem","position":3,"name":"Fiskars X5 Camping k\u00e9szlet 1057912"}]},{"@type":"WebSite","@id":"https:\/\/tajkertesz.com\/#website","url":"https:\/\/tajkertesz.com\/","name":"T\u00e1j-Kert\u00e9sz 84 Kft.","description":"Kert\u00e9szeti kis- \u00e9s nagykeresked\u00e9s, D\u00edszn\u00f6v\u00e9ny web\u00e1ruh\u00e1z orsz\u00e1gos h\u00e1zhozsz\u00e1ll\u00edt\u00e1ssal!","publisher":{"@id":"https:\/\/tajkertesz.com\/#organization"},"potentialAction":[{"@type":"SearchAction","target":{"@type":"EntryPoint","urlTemplate":"https:\/\/tajkertesz.com\/?s={search_term_string}"},"query-input":{"@type":"PropertyValueSpecification","valueRequired":true,"valueName":"search_term_string"}}],"inLanguage":"en-US"},{"@type":"Organization","@id":"https:\/\/tajkertesz.com\/#organization","name":"T\u00e1j-Kert\u00e9sz 84 Kft.","url":"https:\/\/tajkertesz.com\/","logo":{"@type":"ImageObject","inLanguage":"en-US","@id":"https:\/\/tajkertesz.com\/#\/schema\/logo\/image\/","url":"https:\/\/tajkertesz.com\/wp-content\/uploads\/2018\/02\/logo-2-e1518678052539.png","contentUrl":"https:\/\/tajkertesz.com\/wp-content\/uploads\/2018\/02\/logo-2-e1518678052539.png","width":81,"height":140,"caption":"T\u00e1j-Kert\u00e9sz 84 Kft."},"image":{"@id":"https:\/\/tajkertesz.com\/#\/schema\/logo\/image\/"},"sameAs":["https:\/\/www.facebook.com\/Tajkertesz\/"]}]}},"_links":{"self":[{"href":"https:\/\/tajkertesz.com\/en_US\/wp-json\/wp\/v2\/product\/16556","targetHints":{"allow":["GET"]}}],"collection":[{"href":"https:\/\/tajkertesz.com\/en_US\/wp-json\/wp\/v2\/product"}],"about":[{"href":"https:\/\/tajkertesz.com\/en_US\/wp-json\/wp\/v2\/types\/product"}],"wp:featuredmedia":[{"embeddable":true,"href":"https:\/\/tajkertesz.com\/en_US\/wp-json\/wp\/v2\/media\/16558"}],"wp:attachment":[{"href":"https:\/\/tajkertesz.com\/en_US\/wp-json\/wp\/v2\/media?parent=16556"}],"wp:term":[{"taxonomy":"product_brand","embeddable":true,"href":"https:\/\/tajkertesz.com\/en_US\/wp-json\/wp\/v2\/product_brand?post=16556"},{"taxonomy":"product_cat","embeddable":true,"href":"https:\/\/tajkertesz.com\/en_US\/wp-json\/wp\/v2\/product_cat?post=16556"},{"taxonomy":"product_tag","embeddable":true,"href":"https:\/\/tajkertesz.com\/en_US\/wp-json\/wp\/v2\/product_tag?post=16556"}],"curies":[{"name":"wp","href":"https:\/\/api.w.org\/{rel}","templated":true}]}}