{"id":16590,"date":"2023-08-23T14:34:48","date_gmt":"2023-08-23T14:34:48","guid":{"rendered":"https:\/\/tajkertesz.com\/?post_type=product&#038;p=16590"},"modified":"2026-03-02T14:45:16","modified_gmt":"2026-03-02T14:45:16","slug":"cordyline-indivisa-bunkoliliom","status":"publish","type":"product","link":"https:\/\/tajkertesz.com\/en_US\/product\/cordyline-indivisa-bunkoliliom\/","title":{"rendered":"Cordyline indivisa Bunk\u00f3liliom"},"content":{"rendered":"<h2>Cordyline indivisa Bunk\u00f3liliom<\/h2>\n<p>Egyes fajai t\u0151lev\u00e9lr\u00f3zs\u00e1sak, m\u00e1sok f\u00e1v\u00e1 cseperednek \u00fagy, hogy als\u00f3 leveleiket fokozatosan elvesztik. Az \u00edgy kialakul\u00f3 t\u00f6rzs id\u0151nk\u00e9nt el\u00e1gazik.<\/p>\n<p>Apr\u00f3, halv\u00e1ny, f\u0171szeres illat\u00fa vir\u00e1gai nagy, \u00f6sszetett, de nem t\u00fal l\u00e1tv\u00e1nyos bugavir\u00e1gzatban ny\u00edlnak. Term\u00e9se t\u00f6bbnyire piros bogy\u00f3.<\/p>\n<p>Kisebb termet\u0171 fajai cserepes lev\u00e9ld\u00edszn\u00f6v\u00e9nyk\u00e9nt a m\u00e9rs\u00e9kelt \u00e9g\u00f6v\u00f6n is k\u00f6zismertek. A tr\u00f3pusokon egyesek gy\u00f6kt\u00f6rzs\u00e9t meg is eszik.\u00a0Gy\u00f6kt\u00f6rzs\u00e9b\u0151l\u00a0a\u00a0maorik\u00a0cukrot vontak ki.<\/p>","protected":false},"excerpt":{"rendered":"<h2>Cordyline indivisa Bunk\u00f3liliom<\/h2>\n<p>Apr\u00f3, halv\u00e1ny, f\u0171szeres illat\u00fa vir\u00e1gai nagy, \u00f6sszetett, de nem t\u00fal l\u00e1tv\u00e1nyos bugavir\u00e1gzatban ny\u00edlnak. Term\u00e9se t\u00f6bbnyire piros bogy\u00f3&#8230;<\/p>\n<div id=\"bodyContent\" class=\"mw-body-content\">\n<div id=\"mw-content-text\" class=\"mw-content-ltr\" dir=\"ltr\" lang=\"hu\">\n<div id=\"bodyContent\" class=\"mw-body-content\">\n<div id=\"mw-content-text\" class=\"mw-content-ltr\" dir=\"ltr\" lang=\"hu\">\n<p><b>K\u00e9szlet\u00fcnk napi szinten v\u00e1ltozik, ez\u00e9rt k\u00e9rj\u00fck, \u00e9rdekl\u0151dj\u00f6n szem\u00e9lyesen, telefonon vagy email-en.<\/b><\/p>\n<p>Term\u00e9keinket szem\u00e9lyesen is \u00e1tveheti a h\u00e9t minden napj\u00e1n nyitvatart\u00e1si id\u0151ben!<\/p>\n<p>Kisz\u00e1ll\u00edt\u00e1s: 200 cm \u00e9s 40 kg-ig a sz\u00e1ll\u00edt\u00e1s fut\u00e1rszolg\u00e1lattal t\u00f6rt\u00e9nik.<\/p>\n<\/div>\n<\/div>\n<\/div>\n<\/div>\n<p><b>A v\u00e1ltoztat\u00e1s jog\u00e1t fenntartjuk!\u00a0<\/b><\/p>","protected":false},"featured_media":16592,"template":"","meta":{"_et_pb_use_builder":"","_et_pb_old_content":"","_et_gb_content_width":""},"product_brand":[],"product_cat":[517],"product_tag":[4325],"class_list":{"0":"post-16590","1":"product","2":"type-product","3":"status-publish","4":"has-post-thumbnail","6":"product_cat-palmak-citrusok-es-mediterran-novenyek","7":"product_tag-mediterran-novenyek","9":"first","10":"outofstock","11":"shipping-taxable","12":"product-type-simple"},"yoast_head":"<!-- This site is optimized with the Yoast SEO plugin v27.4 - https:\/\/yoast.com\/product\/yoast-seo-wordpress\/ -->\n<title>Cordyline indivisa Bunk\u00f3liliom - T\u00e1jkert\u00e9sz<\/title>\n<meta name=\"description\" content=\"Cordyline indivisa Bunk\u00f3liliom. Apr\u00f3, halv\u00e1ny, f\u0171szeres illat\u00fa vir\u00e1gai nagy, \u00f6sszetett, de nem t\u00fal l\u00e1tv\u00e1nyos bugavir\u00e1gzatban ny\u00edlnak. Term\u00e9se t\u00f6bbnyire...\" \/>\n<meta name=\"robots\" content=\"index, follow, max-snippet:-1, max-image-preview:large, max-video-preview:-1\" \/>\n<link rel=\"canonical\" href=\"https:\/\/tajkertesz.com\/en_US\/product\/cordyline-indivisa-bunkoliliom\/\" \/>\n<meta property=\"og:locale\" content=\"en_US\" \/>\n<meta property=\"og:type\" content=\"article\" \/>\n<meta property=\"og:title\" content=\"https:\/\/www.facebook.com\/tajkertesz\" \/>\n<meta property=\"og:description\" content=\"Cordyline indivisa Bunk\u00f3liliomEgyes fajai t\u0151lev\u00e9lr\u00f3zs\u00e1sak, m\u00e1sok f\u00e1v\u00e1 cseperednek \u00fagy, hogy als\u00f3 leveleiket fokozatosan elvesztik. Az \u00edgy kialakul\u00f3 t\u00f6rzs id\u0151nk\u00e9nt el\u00e1gazik.Apr\u00f3, halv\u00e1ny, f\u0171szeres illat\u00fa vir\u00e1gai nagy, \u00f6sszetett, de nem t\u00fal l\u00e1tv\u00e1nyos bugavir\u00e1gzatban ny\u00edlnak. Term\u00e9se t\u00f6bbnyire piros bogy\u00f3.Kisebb termet\u0171 fajai cserepes lev\u00e9ld\u00edszn\u00f6v\u00e9nyk\u00e9nt a m\u00e9rs\u00e9kelt \u00e9g\u00f6v\u00f6n is k\u00f6zismertek. A tr\u00f3pusokon egyesek gy\u00f6kt\u00f6rzs\u00e9t meg is eszik.\u00a0Gy\u00f6kt\u00f6rzs\u00e9b\u0151l\u00a0a\u00a0maorik\u00a0cukrot vontak ki.\" \/>\n<meta property=\"og:url\" content=\"https:\/\/tajkertesz.com\/en_US\/product\/cordyline-indivisa-bunkoliliom\/\" \/>\n<meta property=\"og:site_name\" content=\"T\u00e1jkert\u00e9sz\" \/>\n<meta property=\"article:publisher\" content=\"https:\/\/www.facebook.com\/Tajkertesz\/\" \/>\n<meta property=\"article:modified_time\" content=\"2026-03-02T14:45:16+00:00\" \/>\n<meta property=\"og:image\" content=\"https:\/\/tajkertesz.com\/wp-content\/uploads\/2023\/08\/20230823_155954-1-scaled.jpg\" \/>\n\t<meta property=\"og:image:width\" content=\"1154\" \/>\n\t<meta property=\"og:image:height\" content=\"2560\" \/>\n\t<meta property=\"og:image:type\" content=\"image\/jpeg\" \/>\n<meta name=\"twitter:card\" content=\"summary_large_image\" \/>\n<meta name=\"twitter:label1\" content=\"Est. reading time\" \/>\n\t<meta name=\"twitter:data1\" content=\"1 minute\" \/>\n<script type=\"application\/ld+json\" class=\"yoast-schema-graph\">{\"@context\":\"https:\\\/\\\/schema.org\",\"@graph\":[{\"@type\":\"WebPage\",\"@id\":\"https:\\\/\\\/tajkertesz.com\\\/termek\\\/cordyline-indivisa-bunkoliliom\\\/\",\"url\":\"https:\\\/\\\/tajkertesz.com\\\/termek\\\/cordyline-indivisa-bunkoliliom\\\/\",\"name\":\"Cordyline indivisa Bunk\u00f3liliom - T\u00e1jkert\u00e9sz\",\"isPartOf\":{\"@id\":\"https:\\\/\\\/tajkertesz.com\\\/#website\"},\"primaryImageOfPage\":{\"@id\":\"https:\\\/\\\/tajkertesz.com\\\/termek\\\/cordyline-indivisa-bunkoliliom\\\/#primaryimage\"},\"image\":{\"@id\":\"https:\\\/\\\/tajkertesz.com\\\/termek\\\/cordyline-indivisa-bunkoliliom\\\/#primaryimage\"},\"thumbnailUrl\":\"https:\\\/\\\/tajkertesz.com\\\/wp-content\\\/uploads\\\/2023\\\/08\\\/20230823_155954-1-scaled.jpg\",\"datePublished\":\"2023-08-23T14:34:48+00:00\",\"dateModified\":\"2026-03-02T14:45:16+00:00\",\"description\":\"Cordyline indivisa Bunk\u00f3liliom. Apr\u00f3, halv\u00e1ny, f\u0171szeres illat\u00fa vir\u00e1gai nagy, \u00f6sszetett, de nem t\u00fal l\u00e1tv\u00e1nyos bugavir\u00e1gzatban ny\u00edlnak. Term\u00e9se t\u00f6bbnyire...\",\"breadcrumb\":{\"@id\":\"https:\\\/\\\/tajkertesz.com\\\/termek\\\/cordyline-indivisa-bunkoliliom\\\/#breadcrumb\"},\"inLanguage\":\"en-US\",\"potentialAction\":[{\"@type\":\"ReadAction\",\"target\":[\"https:\\\/\\\/tajkertesz.com\\\/termek\\\/cordyline-indivisa-bunkoliliom\\\/\"]}]},{\"@type\":\"ImageObject\",\"inLanguage\":\"en-US\",\"@id\":\"https:\\\/\\\/tajkertesz.com\\\/termek\\\/cordyline-indivisa-bunkoliliom\\\/#primaryimage\",\"url\":\"https:\\\/\\\/tajkertesz.com\\\/wp-content\\\/uploads\\\/2023\\\/08\\\/20230823_155954-1-scaled.jpg\",\"contentUrl\":\"https:\\\/\\\/tajkertesz.com\\\/wp-content\\\/uploads\\\/2023\\\/08\\\/20230823_155954-1-scaled.jpg\",\"width\":1154,\"height\":2560},{\"@type\":\"BreadcrumbList\",\"@id\":\"https:\\\/\\\/tajkertesz.com\\\/termek\\\/cordyline-indivisa-bunkoliliom\\\/#breadcrumb\",\"itemListElement\":[{\"@type\":\"ListItem\",\"position\":1,\"name\":\"Home\",\"item\":\"https:\\\/\\\/tajkertesz.com\\\/\"},{\"@type\":\"ListItem\",\"position\":2,\"name\":\"Kezd\u0151lap\",\"item\":\"https:\\\/\\\/tajkertesz.com\\\/\"},{\"@type\":\"ListItem\",\"position\":3,\"name\":\"Cordyline indivisa Bunk\u00f3liliom\"}]},{\"@type\":\"WebSite\",\"@id\":\"https:\\\/\\\/tajkertesz.com\\\/#website\",\"url\":\"https:\\\/\\\/tajkertesz.com\\\/\",\"name\":\"T\u00e1j-Kert\u00e9sz 84 Kft.\",\"description\":\"Kert\u00e9szeti kis- \u00e9s nagykeresked\u00e9s, D\u00edszn\u00f6v\u00e9ny web\u00e1ruh\u00e1z orsz\u00e1gos h\u00e1zhozsz\u00e1ll\u00edt\u00e1ssal!\",\"publisher\":{\"@id\":\"https:\\\/\\\/tajkertesz.com\\\/#organization\"},\"potentialAction\":[{\"@type\":\"SearchAction\",\"target\":{\"@type\":\"EntryPoint\",\"urlTemplate\":\"https:\\\/\\\/tajkertesz.com\\\/?s={search_term_string}\"},\"query-input\":{\"@type\":\"PropertyValueSpecification\",\"valueRequired\":true,\"valueName\":\"search_term_string\"}}],\"inLanguage\":\"en-US\"},{\"@type\":\"Organization\",\"@id\":\"https:\\\/\\\/tajkertesz.com\\\/#organization\",\"name\":\"T\u00e1j-Kert\u00e9sz 84 Kft.\",\"url\":\"https:\\\/\\\/tajkertesz.com\\\/\",\"logo\":{\"@type\":\"ImageObject\",\"inLanguage\":\"en-US\",\"@id\":\"https:\\\/\\\/tajkertesz.com\\\/#\\\/schema\\\/logo\\\/image\\\/\",\"url\":\"https:\\\/\\\/tajkertesz.com\\\/wp-content\\\/uploads\\\/2018\\\/02\\\/logo-2-e1518678052539.png\",\"contentUrl\":\"https:\\\/\\\/tajkertesz.com\\\/wp-content\\\/uploads\\\/2018\\\/02\\\/logo-2-e1518678052539.png\",\"width\":81,\"height\":140,\"caption\":\"T\u00e1j-Kert\u00e9sz 84 Kft.\"},\"image\":{\"@id\":\"https:\\\/\\\/tajkertesz.com\\\/#\\\/schema\\\/logo\\\/image\\\/\"},\"sameAs\":[\"https:\\\/\\\/www.facebook.com\\\/Tajkertesz\\\/\"]}]}<\/script>\n<!-- \/ Yoast SEO plugin. -->","yoast_head_json":{"title":"Cordyline indivisa Bunk\u00f3liliom - T\u00e1jkert\u00e9sz","description":"Cordyline indivisa Bunk\u00f3liliom. Apr\u00f3, halv\u00e1ny, f\u0171szeres illat\u00fa vir\u00e1gai nagy, \u00f6sszetett, de nem t\u00fal l\u00e1tv\u00e1nyos bugavir\u00e1gzatban ny\u00edlnak. Term\u00e9se t\u00f6bbnyire...","robots":{"index":"index","follow":"follow","max-snippet":"max-snippet:-1","max-image-preview":"max-image-preview:large","max-video-preview":"max-video-preview:-1"},"canonical":"https:\/\/tajkertesz.com\/en_US\/product\/cordyline-indivisa-bunkoliliom\/","og_locale":"en_US","og_type":"article","og_title":"https:\/\/www.facebook.com\/tajkertesz","og_description":"Cordyline indivisa Bunk\u00f3liliomEgyes fajai t\u0151lev\u00e9lr\u00f3zs\u00e1sak, m\u00e1sok f\u00e1v\u00e1 cseperednek \u00fagy, hogy als\u00f3 leveleiket fokozatosan elvesztik. Az \u00edgy kialakul\u00f3 t\u00f6rzs id\u0151nk\u00e9nt el\u00e1gazik.Apr\u00f3, halv\u00e1ny, f\u0171szeres illat\u00fa vir\u00e1gai nagy, \u00f6sszetett, de nem t\u00fal l\u00e1tv\u00e1nyos bugavir\u00e1gzatban ny\u00edlnak. Term\u00e9se t\u00f6bbnyire piros bogy\u00f3.Kisebb termet\u0171 fajai cserepes lev\u00e9ld\u00edszn\u00f6v\u00e9nyk\u00e9nt a m\u00e9rs\u00e9kelt \u00e9g\u00f6v\u00f6n is k\u00f6zismertek. A tr\u00f3pusokon egyesek gy\u00f6kt\u00f6rzs\u00e9t meg is eszik.\u00a0Gy\u00f6kt\u00f6rzs\u00e9b\u0151l\u00a0a\u00a0maorik\u00a0cukrot vontak ki.","og_url":"https:\/\/tajkertesz.com\/en_US\/product\/cordyline-indivisa-bunkoliliom\/","og_site_name":"T\u00e1jkert\u00e9sz","article_publisher":"https:\/\/www.facebook.com\/Tajkertesz\/","article_modified_time":"2026-03-02T14:45:16+00:00","og_image":[{"width":1154,"height":2560,"url":"https:\/\/tajkertesz.com\/wp-content\/uploads\/2023\/08\/20230823_155954-1-scaled.jpg","type":"image\/jpeg"}],"twitter_card":"summary_large_image","twitter_misc":{"Est. reading time":"1 minute"},"schema":{"@context":"https:\/\/schema.org","@graph":[{"@type":"WebPage","@id":"https:\/\/tajkertesz.com\/termek\/cordyline-indivisa-bunkoliliom\/","url":"https:\/\/tajkertesz.com\/termek\/cordyline-indivisa-bunkoliliom\/","name":"Cordyline indivisa Bunk\u00f3liliom - T\u00e1jkert\u00e9sz","isPartOf":{"@id":"https:\/\/tajkertesz.com\/#website"},"primaryImageOfPage":{"@id":"https:\/\/tajkertesz.com\/termek\/cordyline-indivisa-bunkoliliom\/#primaryimage"},"image":{"@id":"https:\/\/tajkertesz.com\/termek\/cordyline-indivisa-bunkoliliom\/#primaryimage"},"thumbnailUrl":"https:\/\/tajkertesz.com\/wp-content\/uploads\/2023\/08\/20230823_155954-1-scaled.jpg","datePublished":"2023-08-23T14:34:48+00:00","dateModified":"2026-03-02T14:45:16+00:00","description":"Cordyline indivisa Bunk\u00f3liliom. Apr\u00f3, halv\u00e1ny, f\u0171szeres illat\u00fa vir\u00e1gai nagy, \u00f6sszetett, de nem t\u00fal l\u00e1tv\u00e1nyos bugavir\u00e1gzatban ny\u00edlnak. Term\u00e9se t\u00f6bbnyire...","breadcrumb":{"@id":"https:\/\/tajkertesz.com\/termek\/cordyline-indivisa-bunkoliliom\/#breadcrumb"},"inLanguage":"en-US","potentialAction":[{"@type":"ReadAction","target":["https:\/\/tajkertesz.com\/termek\/cordyline-indivisa-bunkoliliom\/"]}]},{"@type":"ImageObject","inLanguage":"en-US","@id":"https:\/\/tajkertesz.com\/termek\/cordyline-indivisa-bunkoliliom\/#primaryimage","url":"https:\/\/tajkertesz.com\/wp-content\/uploads\/2023\/08\/20230823_155954-1-scaled.jpg","contentUrl":"https:\/\/tajkertesz.com\/wp-content\/uploads\/2023\/08\/20230823_155954-1-scaled.jpg","width":1154,"height":2560},{"@type":"BreadcrumbList","@id":"https:\/\/tajkertesz.com\/termek\/cordyline-indivisa-bunkoliliom\/#breadcrumb","itemListElement":[{"@type":"ListItem","position":1,"name":"Home","item":"https:\/\/tajkertesz.com\/"},{"@type":"ListItem","position":2,"name":"Kezd\u0151lap","item":"https:\/\/tajkertesz.com\/"},{"@type":"ListItem","position":3,"name":"Cordyline indivisa Bunk\u00f3liliom"}]},{"@type":"WebSite","@id":"https:\/\/tajkertesz.com\/#website","url":"https:\/\/tajkertesz.com\/","name":"T\u00e1j-Kert\u00e9sz 84 Kft.","description":"Kert\u00e9szeti kis- \u00e9s nagykeresked\u00e9s, D\u00edszn\u00f6v\u00e9ny web\u00e1ruh\u00e1z orsz\u00e1gos h\u00e1zhozsz\u00e1ll\u00edt\u00e1ssal!","publisher":{"@id":"https:\/\/tajkertesz.com\/#organization"},"potentialAction":[{"@type":"SearchAction","target":{"@type":"EntryPoint","urlTemplate":"https:\/\/tajkertesz.com\/?s={search_term_string}"},"query-input":{"@type":"PropertyValueSpecification","valueRequired":true,"valueName":"search_term_string"}}],"inLanguage":"en-US"},{"@type":"Organization","@id":"https:\/\/tajkertesz.com\/#organization","name":"T\u00e1j-Kert\u00e9sz 84 Kft.","url":"https:\/\/tajkertesz.com\/","logo":{"@type":"ImageObject","inLanguage":"en-US","@id":"https:\/\/tajkertesz.com\/#\/schema\/logo\/image\/","url":"https:\/\/tajkertesz.com\/wp-content\/uploads\/2018\/02\/logo-2-e1518678052539.png","contentUrl":"https:\/\/tajkertesz.com\/wp-content\/uploads\/2018\/02\/logo-2-e1518678052539.png","width":81,"height":140,"caption":"T\u00e1j-Kert\u00e9sz 84 Kft."},"image":{"@id":"https:\/\/tajkertesz.com\/#\/schema\/logo\/image\/"},"sameAs":["https:\/\/www.facebook.com\/Tajkertesz\/"]}]}},"_links":{"self":[{"href":"https:\/\/tajkertesz.com\/en_US\/wp-json\/wp\/v2\/product\/16590","targetHints":{"allow":["GET"]}}],"collection":[{"href":"https:\/\/tajkertesz.com\/en_US\/wp-json\/wp\/v2\/product"}],"about":[{"href":"https:\/\/tajkertesz.com\/en_US\/wp-json\/wp\/v2\/types\/product"}],"wp:featuredmedia":[{"embeddable":true,"href":"https:\/\/tajkertesz.com\/en_US\/wp-json\/wp\/v2\/media\/16592"}],"wp:attachment":[{"href":"https:\/\/tajkertesz.com\/en_US\/wp-json\/wp\/v2\/media?parent=16590"}],"wp:term":[{"taxonomy":"product_brand","embeddable":true,"href":"https:\/\/tajkertesz.com\/en_US\/wp-json\/wp\/v2\/product_brand?post=16590"},{"taxonomy":"product_cat","embeddable":true,"href":"https:\/\/tajkertesz.com\/en_US\/wp-json\/wp\/v2\/product_cat?post=16590"},{"taxonomy":"product_tag","embeddable":true,"href":"https:\/\/tajkertesz.com\/en_US\/wp-json\/wp\/v2\/product_tag?post=16590"}],"curies":[{"name":"wp","href":"https:\/\/api.w.org\/{rel}","templated":true}]}}