{"id":16614,"date":"2023-08-25T12:41:40","date_gmt":"2023-08-25T12:41:40","guid":{"rendered":"https:\/\/tajkertesz.com\/?post_type=product&#038;p=16614"},"modified":"2025-04-29T15:45:24","modified_gmt":"2025-04-29T15:45:24","slug":"neptun-tavi-pond-blue-algagatlo-arnyekolo-250ml","status":"publish","type":"product","link":"https:\/\/tajkertesz.com\/en_US\/product\/neptun-tavi-pond-blue-algagatlo-arnyekolo-250ml\/","title":{"rendered":"Neptun Tavi pond blue algag\u00e1tl\u00f3 \u00e1rny\u00e9kol\u00f3 250ml"},"content":{"rendered":"<h2>Neptun Tavi pond blue algag\u00e1tl\u00f3 \u00e1rny\u00e9kol\u00f3 250ml<\/h2>\n<p>POND LINE BLUE (\u00c1RNY\u00c9KOL\u00d3)<br \/>\nHat\u00f3anyagai a n\u00f6v\u00e9nyek (alg\u00e1k) fotoszint\u00e9zis\u00e9hez sz\u00fcks\u00e9ges hull\u00e1mhossz\u00fas\u00e1g\u00fa f\u00e9nyt sz\u00fbrik ki a t\u00f3 viz\u00e9b\u00f5l, \u00edgy az gyakorlatilag egy speci\u00e1lis &#8222;\u00e1rny\u00e9kol\u00f3k\u00e9nt&#8221; m\u00fbk\u00f6dik.<br \/>\nAlkalmaz\u00e1s: \u00d6nts\u00fck k\u00f6zvetlen\u00fcl a t\u00f3 viz\u00e9be, \u00e9s gondoskodjunk megfelel\u00f5 elkevered\u00e9sr\u00f5l.<br \/>\nTekintve, hogy az \u00e1rny\u00e9kol\u00e1s a v\u00edz m\u00e9lys\u00e9g\u00e9t\u00f5l f\u00fcgg, a parti r\u00e9szeken \u00e9s a v\u00edzfelsz\u00ednen a n\u00f6v\u00e9nyek fejl\u00f5d\u00e9s\u00e9t nem g\u00e1tolja. Sek\u00e9ly tavakn\u00e1l c\u00e9lszer\u00fb az el\u00f5\u00edrtn\u00e1l t\u00f6bb Pond Blue-t alkalmazni. A hat\u00f3anyagok teljesen \u00e1rtalmatlanok, t\u00f6bbsz\u00f6r\u00f6s t\u00faladagol\u00e1s sem okoz probl\u00e9m\u00e1t. C\u00e9lszer\u00fb az alkalmaz\u00e1st kora tavasszal vagy ak\u00e1r t\u00e9l v\u00e9g\u00e9n (a j\u00e9gre \u00f6ntve) elkezdeni. Ha sz\u00fcks\u00e9ges (a v\u00edz k\u00e9kes sz\u00edne vil\u00e1gosodik), p\u00f3toljuk a hat\u00f3anyagot.<br \/>\n250 ml<br \/>\n10 m3<\/p>\n<p>&nbsp;<\/p>","protected":false},"excerpt":{"rendered":"<h2>Neptun Tavi pond blue algag\u00e1tl\u00f3 \u00e1rny\u00e9kol\u00f3 250ml<\/h2>\n<p>Hat\u00f3anyagai a n\u00f6v\u00e9nyek (alg\u00e1k) fotoszint\u00e9zis\u00e9hez sz\u00fcks\u00e9ges hull\u00e1mhossz\u00fas\u00e1g\u00fa f\u00e9nyt sz\u0171rik ki a t\u00f3 viz\u00e9b\u0151l&#8230;<\/p>\n<div id=\"bodyContent\" class=\"mw-body-content\">\n<div id=\"mw-content-text\" class=\"mw-content-ltr\" dir=\"ltr\" lang=\"hu\">\n<div id=\"bodyContent\" class=\"mw-body-content\">\n<div id=\"mw-content-text\" class=\"mw-content-ltr\" dir=\"ltr\" lang=\"hu\">\n<p><b>K\u00e9szlet\u00fcnk napi szinten v\u00e1ltozik, ez\u00e9rt k\u00e9rj\u00fck, \u00e9rdekl\u0151dj\u00f6n szem\u00e9lyesen, telefonon vagy email-en.<\/b><\/p>\n<p>Term\u00e9keinket szem\u00e9lyesen is \u00e1tveheti a h\u00e9t minden napj\u00e1n nyitvatart\u00e1si id\u0151ben!<\/p>\n<p>Kisz\u00e1ll\u00edt\u00e1s: 200 cm \u00e9s 40 kg-ig a sz\u00e1ll\u00edt\u00e1s fut\u00e1rszolg\u00e1lattal t\u00f6rt\u00e9nik.<\/p>\n<\/div>\n<\/div>\n<\/div>\n<\/div>\n<p><b>A v\u00e1ltoztat\u00e1s jog\u00e1t fenntartjuk!\u00a0<\/b><\/p>","protected":false},"featured_media":16615,"template":"","meta":{"_et_pb_use_builder":"","_et_pb_old_content":"","_et_gb_content_width":""},"product_brand":[],"product_cat":[1644],"product_tag":[4330],"class_list":{"0":"post-16614","1":"product","2":"type-product","3":"status-publish","4":"has-post-thumbnail","6":"product_cat-kerti-to-karbantartas","7":"product_tag-kertito","9":"first","10":"instock","11":"shipping-taxable","12":"purchasable","13":"product-type-simple"},"yoast_head":"<!-- This site is optimized with the Yoast SEO plugin v27.5 - https:\/\/yoast.com\/product\/yoast-seo-wordpress\/ -->\n<title>Neptun Tavi pond blue algag\u00e1tl\u00f3 \u00e1rny\u00e9kol\u00f3 250ml - T\u00e1jkert\u00e9sz<\/title>\n<meta name=\"description\" content=\"Neptun Tavi pond blue algag\u00e1tl\u00f3 \u00e1rny\u00e9kol\u00f3 250ml. Hat\u00f3anyagai a n\u00f6v\u00e9nyek (alg\u00e1k) fotoszint\u00e9zis\u00e9hez sz\u00fcks\u00e9ges hull\u00e1mhossz\u00fas\u00e1g\u00fa f\u00e9nyt sz\u00fbrik ki a t\u00f3 viz\u00e9b\u00f5l..\" \/>\n<meta name=\"robots\" content=\"index, follow, max-snippet:-1, max-image-preview:large, max-video-preview:-1\" \/>\n<link rel=\"canonical\" href=\"https:\/\/tajkertesz.com\/en_US\/product\/neptun-tavi-pond-blue-algagatlo-arnyekolo-250ml\/\" \/>\n<meta property=\"og:locale\" content=\"en_US\" \/>\n<meta property=\"og:type\" content=\"article\" \/>\n<meta property=\"og:title\" content=\"https:\/\/www.facebook.com\/tajkertesz\" \/>\n<meta property=\"og:description\" content=\"Hat\u00f3anyagai a n\u00f6v\u00e9nyek (alg\u00e1k) fotoszint\u00e9zis\u00e9hez sz\u00fcks\u00e9ges hull\u00e1mhossz\u00fas\u00e1g\u00fa f\u00e9nyt sz\u00fbrik ki a t\u00f3 viz\u00e9b\u00f5l, \u00edgy az gyakorlatilag egy speci\u00e1lis &quot;\u00e1rny\u00e9kol\u00f3k\u00e9nt&quot; m\u00fbk\u00f6dik.\" \/>\n<meta property=\"og:url\" content=\"https:\/\/tajkertesz.com\/en_US\/product\/neptun-tavi-pond-blue-algagatlo-arnyekolo-250ml\/\" \/>\n<meta property=\"og:site_name\" content=\"T\u00e1jkert\u00e9sz\" \/>\n<meta property=\"article:publisher\" content=\"https:\/\/www.facebook.com\/Tajkertesz\/\" \/>\n<meta property=\"article:modified_time\" content=\"2025-04-29T15:45:24+00:00\" \/>\n<meta property=\"og:image\" content=\"https:\/\/tajkertesz.com\/wp-content\/uploads\/2023\/08\/neptun-pond-blue.jpg\" \/>\n\t<meta property=\"og:image:width\" content=\"900\" \/>\n\t<meta property=\"og:image:height\" content=\"900\" \/>\n\t<meta property=\"og:image:type\" content=\"image\/jpeg\" \/>\n<meta name=\"twitter:card\" content=\"summary_large_image\" \/>\n<meta name=\"twitter:label1\" content=\"Est. reading time\" \/>\n\t<meta name=\"twitter:data1\" content=\"1 minute\" \/>\n<script type=\"application\/ld+json\" class=\"yoast-schema-graph\">{\"@context\":\"https:\\\/\\\/schema.org\",\"@graph\":[{\"@type\":\"WebPage\",\"@id\":\"https:\\\/\\\/tajkertesz.com\\\/termek\\\/neptun-tavi-pond-blue-algagatlo-arnyekolo-250ml\\\/\",\"url\":\"https:\\\/\\\/tajkertesz.com\\\/termek\\\/neptun-tavi-pond-blue-algagatlo-arnyekolo-250ml\\\/\",\"name\":\"Neptun Tavi pond blue algag\u00e1tl\u00f3 \u00e1rny\u00e9kol\u00f3 250ml - T\u00e1jkert\u00e9sz\",\"isPartOf\":{\"@id\":\"https:\\\/\\\/tajkertesz.com\\\/#website\"},\"primaryImageOfPage\":{\"@id\":\"https:\\\/\\\/tajkertesz.com\\\/termek\\\/neptun-tavi-pond-blue-algagatlo-arnyekolo-250ml\\\/#primaryimage\"},\"image\":{\"@id\":\"https:\\\/\\\/tajkertesz.com\\\/termek\\\/neptun-tavi-pond-blue-algagatlo-arnyekolo-250ml\\\/#primaryimage\"},\"thumbnailUrl\":\"https:\\\/\\\/tajkertesz.com\\\/wp-content\\\/uploads\\\/2023\\\/08\\\/neptun-pond-blue.jpg\",\"datePublished\":\"2023-08-25T12:41:40+00:00\",\"dateModified\":\"2025-04-29T15:45:24+00:00\",\"description\":\"Neptun Tavi pond blue algag\u00e1tl\u00f3 \u00e1rny\u00e9kol\u00f3 250ml. Hat\u00f3anyagai a n\u00f6v\u00e9nyek (alg\u00e1k) fotoszint\u00e9zis\u00e9hez sz\u00fcks\u00e9ges hull\u00e1mhossz\u00fas\u00e1g\u00fa f\u00e9nyt sz\u00fbrik ki a t\u00f3 viz\u00e9b\u00f5l..\",\"breadcrumb\":{\"@id\":\"https:\\\/\\\/tajkertesz.com\\\/termek\\\/neptun-tavi-pond-blue-algagatlo-arnyekolo-250ml\\\/#breadcrumb\"},\"inLanguage\":\"en-US\",\"potentialAction\":[{\"@type\":\"ReadAction\",\"target\":[\"https:\\\/\\\/tajkertesz.com\\\/termek\\\/neptun-tavi-pond-blue-algagatlo-arnyekolo-250ml\\\/\"]}]},{\"@type\":\"ImageObject\",\"inLanguage\":\"en-US\",\"@id\":\"https:\\\/\\\/tajkertesz.com\\\/termek\\\/neptun-tavi-pond-blue-algagatlo-arnyekolo-250ml\\\/#primaryimage\",\"url\":\"https:\\\/\\\/tajkertesz.com\\\/wp-content\\\/uploads\\\/2023\\\/08\\\/neptun-pond-blue.jpg\",\"contentUrl\":\"https:\\\/\\\/tajkertesz.com\\\/wp-content\\\/uploads\\\/2023\\\/08\\\/neptun-pond-blue.jpg\",\"width\":900,\"height\":900},{\"@type\":\"BreadcrumbList\",\"@id\":\"https:\\\/\\\/tajkertesz.com\\\/termek\\\/neptun-tavi-pond-blue-algagatlo-arnyekolo-250ml\\\/#breadcrumb\",\"itemListElement\":[{\"@type\":\"ListItem\",\"position\":1,\"name\":\"Home\",\"item\":\"https:\\\/\\\/tajkertesz.com\\\/\"},{\"@type\":\"ListItem\",\"position\":2,\"name\":\"Kezd\u0151lap\",\"item\":\"https:\\\/\\\/tajkertesz.com\\\/\"},{\"@type\":\"ListItem\",\"position\":3,\"name\":\"Neptun Tavi pond blue algag\u00e1tl\u00f3 \u00e1rny\u00e9kol\u00f3 250ml\"}]},{\"@type\":\"WebSite\",\"@id\":\"https:\\\/\\\/tajkertesz.com\\\/#website\",\"url\":\"https:\\\/\\\/tajkertesz.com\\\/\",\"name\":\"T\u00e1j-Kert\u00e9sz 84 Kft.\",\"description\":\"Kert\u00e9szeti kis- \u00e9s nagykeresked\u00e9s, D\u00edszn\u00f6v\u00e9ny web\u00e1ruh\u00e1z orsz\u00e1gos h\u00e1zhozsz\u00e1ll\u00edt\u00e1ssal!\",\"publisher\":{\"@id\":\"https:\\\/\\\/tajkertesz.com\\\/#organization\"},\"potentialAction\":[{\"@type\":\"SearchAction\",\"target\":{\"@type\":\"EntryPoint\",\"urlTemplate\":\"https:\\\/\\\/tajkertesz.com\\\/?s={search_term_string}\"},\"query-input\":{\"@type\":\"PropertyValueSpecification\",\"valueRequired\":true,\"valueName\":\"search_term_string\"}}],\"inLanguage\":\"en-US\"},{\"@type\":\"Organization\",\"@id\":\"https:\\\/\\\/tajkertesz.com\\\/#organization\",\"name\":\"T\u00e1j-Kert\u00e9sz 84 Kft.\",\"url\":\"https:\\\/\\\/tajkertesz.com\\\/\",\"logo\":{\"@type\":\"ImageObject\",\"inLanguage\":\"en-US\",\"@id\":\"https:\\\/\\\/tajkertesz.com\\\/#\\\/schema\\\/logo\\\/image\\\/\",\"url\":\"https:\\\/\\\/tajkertesz.com\\\/wp-content\\\/uploads\\\/2018\\\/02\\\/logo-2-e1518678052539.png\",\"contentUrl\":\"https:\\\/\\\/tajkertesz.com\\\/wp-content\\\/uploads\\\/2018\\\/02\\\/logo-2-e1518678052539.png\",\"width\":81,\"height\":140,\"caption\":\"T\u00e1j-Kert\u00e9sz 84 Kft.\"},\"image\":{\"@id\":\"https:\\\/\\\/tajkertesz.com\\\/#\\\/schema\\\/logo\\\/image\\\/\"},\"sameAs\":[\"https:\\\/\\\/www.facebook.com\\\/Tajkertesz\\\/\"]}]}<\/script>\n<!-- \/ Yoast SEO plugin. -->","yoast_head_json":{"title":"Neptun Tavi pond blue algag\u00e1tl\u00f3 \u00e1rny\u00e9kol\u00f3 250ml - T\u00e1jkert\u00e9sz","description":"Neptun Tavi pond blue algag\u00e1tl\u00f3 \u00e1rny\u00e9kol\u00f3 250ml. Hat\u00f3anyagai a n\u00f6v\u00e9nyek (alg\u00e1k) fotoszint\u00e9zis\u00e9hez sz\u00fcks\u00e9ges hull\u00e1mhossz\u00fas\u00e1g\u00fa f\u00e9nyt sz\u00fbrik ki a t\u00f3 viz\u00e9b\u00f5l..","robots":{"index":"index","follow":"follow","max-snippet":"max-snippet:-1","max-image-preview":"max-image-preview:large","max-video-preview":"max-video-preview:-1"},"canonical":"https:\/\/tajkertesz.com\/en_US\/product\/neptun-tavi-pond-blue-algagatlo-arnyekolo-250ml\/","og_locale":"en_US","og_type":"article","og_title":"https:\/\/www.facebook.com\/tajkertesz","og_description":"Hat\u00f3anyagai a n\u00f6v\u00e9nyek (alg\u00e1k) fotoszint\u00e9zis\u00e9hez sz\u00fcks\u00e9ges hull\u00e1mhossz\u00fas\u00e1g\u00fa f\u00e9nyt sz\u00fbrik ki a t\u00f3 viz\u00e9b\u00f5l, \u00edgy az gyakorlatilag egy speci\u00e1lis \"\u00e1rny\u00e9kol\u00f3k\u00e9nt\" m\u00fbk\u00f6dik.","og_url":"https:\/\/tajkertesz.com\/en_US\/product\/neptun-tavi-pond-blue-algagatlo-arnyekolo-250ml\/","og_site_name":"T\u00e1jkert\u00e9sz","article_publisher":"https:\/\/www.facebook.com\/Tajkertesz\/","article_modified_time":"2025-04-29T15:45:24+00:00","og_image":[{"width":900,"height":900,"url":"https:\/\/tajkertesz.com\/wp-content\/uploads\/2023\/08\/neptun-pond-blue.jpg","type":"image\/jpeg"}],"twitter_card":"summary_large_image","twitter_misc":{"Est. reading time":"1 minute"},"schema":{"@context":"https:\/\/schema.org","@graph":[{"@type":"WebPage","@id":"https:\/\/tajkertesz.com\/termek\/neptun-tavi-pond-blue-algagatlo-arnyekolo-250ml\/","url":"https:\/\/tajkertesz.com\/termek\/neptun-tavi-pond-blue-algagatlo-arnyekolo-250ml\/","name":"Neptun Tavi pond blue algag\u00e1tl\u00f3 \u00e1rny\u00e9kol\u00f3 250ml - T\u00e1jkert\u00e9sz","isPartOf":{"@id":"https:\/\/tajkertesz.com\/#website"},"primaryImageOfPage":{"@id":"https:\/\/tajkertesz.com\/termek\/neptun-tavi-pond-blue-algagatlo-arnyekolo-250ml\/#primaryimage"},"image":{"@id":"https:\/\/tajkertesz.com\/termek\/neptun-tavi-pond-blue-algagatlo-arnyekolo-250ml\/#primaryimage"},"thumbnailUrl":"https:\/\/tajkertesz.com\/wp-content\/uploads\/2023\/08\/neptun-pond-blue.jpg","datePublished":"2023-08-25T12:41:40+00:00","dateModified":"2025-04-29T15:45:24+00:00","description":"Neptun Tavi pond blue algag\u00e1tl\u00f3 \u00e1rny\u00e9kol\u00f3 250ml. Hat\u00f3anyagai a n\u00f6v\u00e9nyek (alg\u00e1k) fotoszint\u00e9zis\u00e9hez sz\u00fcks\u00e9ges hull\u00e1mhossz\u00fas\u00e1g\u00fa f\u00e9nyt sz\u00fbrik ki a t\u00f3 viz\u00e9b\u00f5l..","breadcrumb":{"@id":"https:\/\/tajkertesz.com\/termek\/neptun-tavi-pond-blue-algagatlo-arnyekolo-250ml\/#breadcrumb"},"inLanguage":"en-US","potentialAction":[{"@type":"ReadAction","target":["https:\/\/tajkertesz.com\/termek\/neptun-tavi-pond-blue-algagatlo-arnyekolo-250ml\/"]}]},{"@type":"ImageObject","inLanguage":"en-US","@id":"https:\/\/tajkertesz.com\/termek\/neptun-tavi-pond-blue-algagatlo-arnyekolo-250ml\/#primaryimage","url":"https:\/\/tajkertesz.com\/wp-content\/uploads\/2023\/08\/neptun-pond-blue.jpg","contentUrl":"https:\/\/tajkertesz.com\/wp-content\/uploads\/2023\/08\/neptun-pond-blue.jpg","width":900,"height":900},{"@type":"BreadcrumbList","@id":"https:\/\/tajkertesz.com\/termek\/neptun-tavi-pond-blue-algagatlo-arnyekolo-250ml\/#breadcrumb","itemListElement":[{"@type":"ListItem","position":1,"name":"Home","item":"https:\/\/tajkertesz.com\/"},{"@type":"ListItem","position":2,"name":"Kezd\u0151lap","item":"https:\/\/tajkertesz.com\/"},{"@type":"ListItem","position":3,"name":"Neptun Tavi pond blue algag\u00e1tl\u00f3 \u00e1rny\u00e9kol\u00f3 250ml"}]},{"@type":"WebSite","@id":"https:\/\/tajkertesz.com\/#website","url":"https:\/\/tajkertesz.com\/","name":"T\u00e1j-Kert\u00e9sz 84 Kft.","description":"Kert\u00e9szeti kis- \u00e9s nagykeresked\u00e9s, D\u00edszn\u00f6v\u00e9ny web\u00e1ruh\u00e1z orsz\u00e1gos h\u00e1zhozsz\u00e1ll\u00edt\u00e1ssal!","publisher":{"@id":"https:\/\/tajkertesz.com\/#organization"},"potentialAction":[{"@type":"SearchAction","target":{"@type":"EntryPoint","urlTemplate":"https:\/\/tajkertesz.com\/?s={search_term_string}"},"query-input":{"@type":"PropertyValueSpecification","valueRequired":true,"valueName":"search_term_string"}}],"inLanguage":"en-US"},{"@type":"Organization","@id":"https:\/\/tajkertesz.com\/#organization","name":"T\u00e1j-Kert\u00e9sz 84 Kft.","url":"https:\/\/tajkertesz.com\/","logo":{"@type":"ImageObject","inLanguage":"en-US","@id":"https:\/\/tajkertesz.com\/#\/schema\/logo\/image\/","url":"https:\/\/tajkertesz.com\/wp-content\/uploads\/2018\/02\/logo-2-e1518678052539.png","contentUrl":"https:\/\/tajkertesz.com\/wp-content\/uploads\/2018\/02\/logo-2-e1518678052539.png","width":81,"height":140,"caption":"T\u00e1j-Kert\u00e9sz 84 Kft."},"image":{"@id":"https:\/\/tajkertesz.com\/#\/schema\/logo\/image\/"},"sameAs":["https:\/\/www.facebook.com\/Tajkertesz\/"]}]}},"_links":{"self":[{"href":"https:\/\/tajkertesz.com\/en_US\/wp-json\/wp\/v2\/product\/16614","targetHints":{"allow":["GET"]}}],"collection":[{"href":"https:\/\/tajkertesz.com\/en_US\/wp-json\/wp\/v2\/product"}],"about":[{"href":"https:\/\/tajkertesz.com\/en_US\/wp-json\/wp\/v2\/types\/product"}],"wp:featuredmedia":[{"embeddable":true,"href":"https:\/\/tajkertesz.com\/en_US\/wp-json\/wp\/v2\/media\/16615"}],"wp:attachment":[{"href":"https:\/\/tajkertesz.com\/en_US\/wp-json\/wp\/v2\/media?parent=16614"}],"wp:term":[{"taxonomy":"product_brand","embeddable":true,"href":"https:\/\/tajkertesz.com\/en_US\/wp-json\/wp\/v2\/product_brand?post=16614"},{"taxonomy":"product_cat","embeddable":true,"href":"https:\/\/tajkertesz.com\/en_US\/wp-json\/wp\/v2\/product_cat?post=16614"},{"taxonomy":"product_tag","embeddable":true,"href":"https:\/\/tajkertesz.com\/en_US\/wp-json\/wp\/v2\/product_tag?post=16614"}],"curies":[{"name":"wp","href":"https:\/\/api.w.org\/{rel}","templated":true}]}}