{"id":16622,"date":"2023-08-25T14:52:00","date_gmt":"2023-08-25T14:52:00","guid":{"rendered":"https:\/\/tajkertesz.com\/?post_type=product&#038;p=16622"},"modified":"2025-02-21T11:07:16","modified_gmt":"2025-02-21T11:07:16","slug":"thermacell-e-4-vadasz-utantolto-48-oras-4-db-patron-12-db-lapka-12-db-katon","status":"publish","type":"product","link":"https:\/\/tajkertesz.com\/en_US\/product\/thermacell-e-4-vadasz-utantolto-48-oras-4-db-patron-12-db-lapka-12-db-katon\/","title":{"rendered":"Thermacell E-4 vad\u00e1sz ut\u00e1nt\u00f6lt\u0151 48 \u00f3r\u00e1s (4 db patron, 12 db lapka) 12 db\/katon"},"content":{"rendered":"<h2>Thermacell E-4 vad\u00e1sz ut\u00e1nt\u00f6lt\u0151 48 \u00f3r\u00e1s (4 db patron, 12 db lapka) 12 db\/katon<\/h2>\n<p>Egy g\u00e1zpatron 12 \u00f3r\u00e1n \u00e1t biztos\u00edt energi\u00e1t, a hat\u00f3anyaglapka pedig 4 \u00f3r\u00e1n \u00e1t v\u00e9d. 48 \u00f3r\u00e1s ut\u00e1nt\u00f6lt\u0151 csomag.\u00a0Az ut\u00e1nt\u00f6lt\u0151k hossz\u00fa ideig t\u00e1rolhat\u00f3k.<\/p>\n<p>A vad\u00e1sz csomag: az emberi szagot \u00e9s erdei f\u00f6ldet \u00e1lc\u00e1z\u00f3 anyagot is p\u00e1rologtat.<\/p>\n<p>A g\u00e1zpatronokat \u00e9s a hat\u00f3anyaglapk\u00e1kat nem kell egyszerre felhaszn\u00e1lni. El\u00e9g napi egy \u00f3ra m\u0171k\u00f6d\u00e9si id\u0151. Ilyen esetben kikapcsolja a g\u00e9pet majd a k\u00f6vetkez\u0151 haszn\u00e1latkor \u00fajra bekapcsolja. Ha a k\u00e9sz\u00fcl\u00e9ket hosszabb ideig nem haszn\u00e1lja (&gt; 2 nap), vegye ki a hat\u00f3anyaglapk\u00e1t \u00e9s t\u00e1rolja sz\u00e1raz hideg helyen.<\/p>\n<p>A szintetikus hat\u00f3anyag D-trans-aletr\u00edn a piretroidok csoportj\u00e1ba tartozik \u00e9s azonos a term\u00e9szetes biociddal (a krizant\u00e9m szaganyag\u00e1b\u00f3l).<\/p>\n<p>M\u00e9retei: 102x140x57,2 mm<\/p>\n<p>&nbsp;<\/p>","protected":false},"excerpt":{"rendered":"<h2>Thermacell E-4 vad\u00e1sz ut\u00e1nt\u00f6lt\u0151 48 \u00f3r\u00e1s (4 db patron, 12 db lapka) 12 db\/katon<\/h2>\n<p>Thermacell E-4 vad\u00e1sz csomag, mely 48 \u00f3r\u00e1ra elegend\u0151 v\u00e9delmet biztos\u00edt a sz\u00fanyogok ellen, \u00e1lc\u00e1zza az emberi szagot erdei f\u00f6ld \u00e9s gomba szag\u00e1val. A csomag 4 db but\u00e1ng\u00e1zpatront \u00e9s 12 db hat\u00f3anyaglapk\u00e1t tartalmaz&#8230;<\/p>\n<div id=\"bodyContent\" class=\"mw-body-content\">\n<div id=\"mw-content-text\" class=\"mw-content-ltr\" dir=\"ltr\" lang=\"hu\">\n<div id=\"bodyContent\" class=\"mw-body-content\">\n<div id=\"mw-content-text\" class=\"mw-content-ltr\" dir=\"ltr\" lang=\"hu\">\n<p><b>K\u00e9szlet\u00fcnk napi szinten v\u00e1ltozik, ez\u00e9rt k\u00e9rj\u00fck, \u00e9rdekl\u0151dj\u00f6n szem\u00e9lyesen, telefonon vagy email-en.<\/b><\/p>\n<p>Term\u00e9keinket szem\u00e9lyesen is \u00e1tveheti a h\u00e9t minden napj\u00e1n nyitvatart\u00e1si id\u0151ben!<\/p>\n<p>Kisz\u00e1ll\u00edt\u00e1s: 200 cm \u00e9s 40 kg-ig a sz\u00e1ll\u00edt\u00e1s fut\u00e1rszolg\u00e1lattal t\u00f6rt\u00e9nik.<\/p>\n<\/div>\n<\/div>\n<\/div>\n<\/div>\n<p><b>A v\u00e1ltoztat\u00e1s jog\u00e1t fenntartjuk!\u00a0<\/b><\/p>","protected":false},"featured_media":16624,"template":"","meta":{"_et_pb_use_builder":"","_et_pb_old_content":"","_et_gb_content_width":""},"product_brand":[],"product_cat":[4087],"product_tag":[],"class_list":{"0":"post-16622","1":"product","2":"type-product","3":"status-publish","4":"has-post-thumbnail","6":"product_cat-thermacell","8":"first","9":"instock","10":"shipping-taxable","11":"purchasable","12":"product-type-simple"},"yoast_head":"<!-- This site is optimized with the Yoast SEO plugin v27.5 - https:\/\/yoast.com\/product\/yoast-seo-wordpress\/ -->\n<title>Thermacell E-4 vad\u00e1sz ut\u00e1nt\u00f6lt\u0151 48 \u00f3r\u00e1s (4 db patron, 12 db lapka) 12 db\/katon - T\u00e1jkert\u00e9sz<\/title>\n<meta name=\"description\" content=\"Thermacell E-4 vad\u00e1sz ut\u00e1nt\u00f6lt\u0151 48 \u00f3r\u00e1s. Thermacell E-4 vad\u00e1sz csomag, mely 48 \u00f3r\u00e1ra elegend\u0151 v\u00e9delmet biztos\u00edt a sz\u00fanyogok ellen, \u00e1lc\u00e1zza az emberi szag...\" \/>\n<meta name=\"robots\" content=\"index, follow, max-snippet:-1, max-image-preview:large, max-video-preview:-1\" \/>\n<link rel=\"canonical\" href=\"https:\/\/tajkertesz.com\/en_US\/product\/thermacell-e-4-vadasz-utantolto-48-oras-4-db-patron-12-db-lapka-12-db-katon\/\" \/>\n<meta property=\"og:locale\" content=\"en_US\" \/>\n<meta property=\"og:type\" content=\"article\" \/>\n<meta property=\"og:title\" content=\"https:\/\/www.facebook.com\/tajkertesz\" \/>\n<meta property=\"og:description\" content=\"Thermacell E-4 vad\u00e1sz csomag, mely 48 \u00f3r\u00e1ra elegend\u0151 v\u00e9delmet biztos\u00edt a sz\u00fanyogok ellen, \u00e1lc\u00e1zza az emberi szagot erdei f\u00f6ld \u00e9s gomba szag\u00e1val. A csomag 4 db but\u00e1ng\u00e1zpatront \u00e9s 12 db hat\u00f3anyaglapk\u00e1t tartalmaz...\" \/>\n<meta property=\"og:url\" content=\"https:\/\/tajkertesz.com\/en_US\/product\/thermacell-e-4-vadasz-utantolto-48-oras-4-db-patron-12-db-lapka-12-db-katon\/\" \/>\n<meta property=\"og:site_name\" content=\"T\u00e1jkert\u00e9sz\" \/>\n<meta property=\"article:publisher\" content=\"https:\/\/www.facebook.com\/Tajkertesz\/\" \/>\n<meta property=\"article:modified_time\" content=\"2025-02-21T11:07:16+00:00\" \/>\n<meta property=\"og:image\" content=\"https:\/\/tajkertesz.com\/wp-content\/uploads\/2023\/08\/E4.jpg\" \/>\n\t<meta property=\"og:image:width\" content=\"900\" \/>\n\t<meta property=\"og:image:height\" content=\"900\" \/>\n\t<meta property=\"og:image:type\" content=\"image\/jpeg\" \/>\n<meta name=\"twitter:card\" content=\"summary_large_image\" \/>\n<meta name=\"twitter:label1\" content=\"Est. reading time\" \/>\n\t<meta name=\"twitter:data1\" content=\"1 minute\" \/>\n<script type=\"application\/ld+json\" class=\"yoast-schema-graph\">{\"@context\":\"https:\\\/\\\/schema.org\",\"@graph\":[{\"@type\":\"WebPage\",\"@id\":\"https:\\\/\\\/tajkertesz.com\\\/termek\\\/thermacell-e-4-vadasz-utantolto-48-oras-4-db-patron-12-db-lapka-12-db-katon\\\/\",\"url\":\"https:\\\/\\\/tajkertesz.com\\\/termek\\\/thermacell-e-4-vadasz-utantolto-48-oras-4-db-patron-12-db-lapka-12-db-katon\\\/\",\"name\":\"Thermacell E-4 vad\u00e1sz ut\u00e1nt\u00f6lt\u0151 48 \u00f3r\u00e1s (4 db patron, 12 db lapka) 12 db\\\/katon - T\u00e1jkert\u00e9sz\",\"isPartOf\":{\"@id\":\"https:\\\/\\\/tajkertesz.com\\\/#website\"},\"primaryImageOfPage\":{\"@id\":\"https:\\\/\\\/tajkertesz.com\\\/termek\\\/thermacell-e-4-vadasz-utantolto-48-oras-4-db-patron-12-db-lapka-12-db-katon\\\/#primaryimage\"},\"image\":{\"@id\":\"https:\\\/\\\/tajkertesz.com\\\/termek\\\/thermacell-e-4-vadasz-utantolto-48-oras-4-db-patron-12-db-lapka-12-db-katon\\\/#primaryimage\"},\"thumbnailUrl\":\"https:\\\/\\\/tajkertesz.com\\\/wp-content\\\/uploads\\\/2023\\\/08\\\/E4.jpg\",\"datePublished\":\"2023-08-25T14:52:00+00:00\",\"dateModified\":\"2025-02-21T11:07:16+00:00\",\"description\":\"Thermacell E-4 vad\u00e1sz ut\u00e1nt\u00f6lt\u0151 48 \u00f3r\u00e1s. Thermacell E-4 vad\u00e1sz csomag, mely 48 \u00f3r\u00e1ra elegend\u0151 v\u00e9delmet biztos\u00edt a sz\u00fanyogok ellen, \u00e1lc\u00e1zza az emberi szag...\",\"breadcrumb\":{\"@id\":\"https:\\\/\\\/tajkertesz.com\\\/termek\\\/thermacell-e-4-vadasz-utantolto-48-oras-4-db-patron-12-db-lapka-12-db-katon\\\/#breadcrumb\"},\"inLanguage\":\"en-US\",\"potentialAction\":[{\"@type\":\"ReadAction\",\"target\":[\"https:\\\/\\\/tajkertesz.com\\\/termek\\\/thermacell-e-4-vadasz-utantolto-48-oras-4-db-patron-12-db-lapka-12-db-katon\\\/\"]}]},{\"@type\":\"ImageObject\",\"inLanguage\":\"en-US\",\"@id\":\"https:\\\/\\\/tajkertesz.com\\\/termek\\\/thermacell-e-4-vadasz-utantolto-48-oras-4-db-patron-12-db-lapka-12-db-katon\\\/#primaryimage\",\"url\":\"https:\\\/\\\/tajkertesz.com\\\/wp-content\\\/uploads\\\/2023\\\/08\\\/E4.jpg\",\"contentUrl\":\"https:\\\/\\\/tajkertesz.com\\\/wp-content\\\/uploads\\\/2023\\\/08\\\/E4.jpg\",\"width\":900,\"height\":900},{\"@type\":\"BreadcrumbList\",\"@id\":\"https:\\\/\\\/tajkertesz.com\\\/termek\\\/thermacell-e-4-vadasz-utantolto-48-oras-4-db-patron-12-db-lapka-12-db-katon\\\/#breadcrumb\",\"itemListElement\":[{\"@type\":\"ListItem\",\"position\":1,\"name\":\"Home\",\"item\":\"https:\\\/\\\/tajkertesz.com\\\/\"},{\"@type\":\"ListItem\",\"position\":2,\"name\":\"Kezd\u0151lap\",\"item\":\"https:\\\/\\\/tajkertesz.com\\\/\"},{\"@type\":\"ListItem\",\"position\":3,\"name\":\"Thermacell E-4 vad\u00e1sz ut\u00e1nt\u00f6lt\u0151 48 \u00f3r\u00e1s (4 db patron, 12 db lapka) 12 db\\\/katon\"}]},{\"@type\":\"WebSite\",\"@id\":\"https:\\\/\\\/tajkertesz.com\\\/#website\",\"url\":\"https:\\\/\\\/tajkertesz.com\\\/\",\"name\":\"T\u00e1j-Kert\u00e9sz 84 Kft.\",\"description\":\"Kert\u00e9szeti kis- \u00e9s nagykeresked\u00e9s, D\u00edszn\u00f6v\u00e9ny web\u00e1ruh\u00e1z orsz\u00e1gos h\u00e1zhozsz\u00e1ll\u00edt\u00e1ssal!\",\"publisher\":{\"@id\":\"https:\\\/\\\/tajkertesz.com\\\/#organization\"},\"potentialAction\":[{\"@type\":\"SearchAction\",\"target\":{\"@type\":\"EntryPoint\",\"urlTemplate\":\"https:\\\/\\\/tajkertesz.com\\\/?s={search_term_string}\"},\"query-input\":{\"@type\":\"PropertyValueSpecification\",\"valueRequired\":true,\"valueName\":\"search_term_string\"}}],\"inLanguage\":\"en-US\"},{\"@type\":\"Organization\",\"@id\":\"https:\\\/\\\/tajkertesz.com\\\/#organization\",\"name\":\"T\u00e1j-Kert\u00e9sz 84 Kft.\",\"url\":\"https:\\\/\\\/tajkertesz.com\\\/\",\"logo\":{\"@type\":\"ImageObject\",\"inLanguage\":\"en-US\",\"@id\":\"https:\\\/\\\/tajkertesz.com\\\/#\\\/schema\\\/logo\\\/image\\\/\",\"url\":\"https:\\\/\\\/tajkertesz.com\\\/wp-content\\\/uploads\\\/2018\\\/02\\\/logo-2-e1518678052539.png\",\"contentUrl\":\"https:\\\/\\\/tajkertesz.com\\\/wp-content\\\/uploads\\\/2018\\\/02\\\/logo-2-e1518678052539.png\",\"width\":81,\"height\":140,\"caption\":\"T\u00e1j-Kert\u00e9sz 84 Kft.\"},\"image\":{\"@id\":\"https:\\\/\\\/tajkertesz.com\\\/#\\\/schema\\\/logo\\\/image\\\/\"},\"sameAs\":[\"https:\\\/\\\/www.facebook.com\\\/Tajkertesz\\\/\"]}]}<\/script>\n<!-- \/ Yoast SEO plugin. -->","yoast_head_json":{"title":"Thermacell E-4 vad\u00e1sz ut\u00e1nt\u00f6lt\u0151 48 \u00f3r\u00e1s (4 db patron, 12 db lapka) 12 db\/katon - T\u00e1jkert\u00e9sz","description":"Thermacell E-4 vad\u00e1sz ut\u00e1nt\u00f6lt\u0151 48 \u00f3r\u00e1s. Thermacell E-4 vad\u00e1sz csomag, mely 48 \u00f3r\u00e1ra elegend\u0151 v\u00e9delmet biztos\u00edt a sz\u00fanyogok ellen, \u00e1lc\u00e1zza az emberi szag...","robots":{"index":"index","follow":"follow","max-snippet":"max-snippet:-1","max-image-preview":"max-image-preview:large","max-video-preview":"max-video-preview:-1"},"canonical":"https:\/\/tajkertesz.com\/en_US\/product\/thermacell-e-4-vadasz-utantolto-48-oras-4-db-patron-12-db-lapka-12-db-katon\/","og_locale":"en_US","og_type":"article","og_title":"https:\/\/www.facebook.com\/tajkertesz","og_description":"Thermacell E-4 vad\u00e1sz csomag, mely 48 \u00f3r\u00e1ra elegend\u0151 v\u00e9delmet biztos\u00edt a sz\u00fanyogok ellen, \u00e1lc\u00e1zza az emberi szagot erdei f\u00f6ld \u00e9s gomba szag\u00e1val. A csomag 4 db but\u00e1ng\u00e1zpatront \u00e9s 12 db hat\u00f3anyaglapk\u00e1t tartalmaz...","og_url":"https:\/\/tajkertesz.com\/en_US\/product\/thermacell-e-4-vadasz-utantolto-48-oras-4-db-patron-12-db-lapka-12-db-katon\/","og_site_name":"T\u00e1jkert\u00e9sz","article_publisher":"https:\/\/www.facebook.com\/Tajkertesz\/","article_modified_time":"2025-02-21T11:07:16+00:00","og_image":[{"width":900,"height":900,"url":"https:\/\/tajkertesz.com\/wp-content\/uploads\/2023\/08\/E4.jpg","type":"image\/jpeg"}],"twitter_card":"summary_large_image","twitter_misc":{"Est. reading time":"1 minute"},"schema":{"@context":"https:\/\/schema.org","@graph":[{"@type":"WebPage","@id":"https:\/\/tajkertesz.com\/termek\/thermacell-e-4-vadasz-utantolto-48-oras-4-db-patron-12-db-lapka-12-db-katon\/","url":"https:\/\/tajkertesz.com\/termek\/thermacell-e-4-vadasz-utantolto-48-oras-4-db-patron-12-db-lapka-12-db-katon\/","name":"Thermacell E-4 vad\u00e1sz ut\u00e1nt\u00f6lt\u0151 48 \u00f3r\u00e1s (4 db patron, 12 db lapka) 12 db\/katon - T\u00e1jkert\u00e9sz","isPartOf":{"@id":"https:\/\/tajkertesz.com\/#website"},"primaryImageOfPage":{"@id":"https:\/\/tajkertesz.com\/termek\/thermacell-e-4-vadasz-utantolto-48-oras-4-db-patron-12-db-lapka-12-db-katon\/#primaryimage"},"image":{"@id":"https:\/\/tajkertesz.com\/termek\/thermacell-e-4-vadasz-utantolto-48-oras-4-db-patron-12-db-lapka-12-db-katon\/#primaryimage"},"thumbnailUrl":"https:\/\/tajkertesz.com\/wp-content\/uploads\/2023\/08\/E4.jpg","datePublished":"2023-08-25T14:52:00+00:00","dateModified":"2025-02-21T11:07:16+00:00","description":"Thermacell E-4 vad\u00e1sz ut\u00e1nt\u00f6lt\u0151 48 \u00f3r\u00e1s. Thermacell E-4 vad\u00e1sz csomag, mely 48 \u00f3r\u00e1ra elegend\u0151 v\u00e9delmet biztos\u00edt a sz\u00fanyogok ellen, \u00e1lc\u00e1zza az emberi szag...","breadcrumb":{"@id":"https:\/\/tajkertesz.com\/termek\/thermacell-e-4-vadasz-utantolto-48-oras-4-db-patron-12-db-lapka-12-db-katon\/#breadcrumb"},"inLanguage":"en-US","potentialAction":[{"@type":"ReadAction","target":["https:\/\/tajkertesz.com\/termek\/thermacell-e-4-vadasz-utantolto-48-oras-4-db-patron-12-db-lapka-12-db-katon\/"]}]},{"@type":"ImageObject","inLanguage":"en-US","@id":"https:\/\/tajkertesz.com\/termek\/thermacell-e-4-vadasz-utantolto-48-oras-4-db-patron-12-db-lapka-12-db-katon\/#primaryimage","url":"https:\/\/tajkertesz.com\/wp-content\/uploads\/2023\/08\/E4.jpg","contentUrl":"https:\/\/tajkertesz.com\/wp-content\/uploads\/2023\/08\/E4.jpg","width":900,"height":900},{"@type":"BreadcrumbList","@id":"https:\/\/tajkertesz.com\/termek\/thermacell-e-4-vadasz-utantolto-48-oras-4-db-patron-12-db-lapka-12-db-katon\/#breadcrumb","itemListElement":[{"@type":"ListItem","position":1,"name":"Home","item":"https:\/\/tajkertesz.com\/"},{"@type":"ListItem","position":2,"name":"Kezd\u0151lap","item":"https:\/\/tajkertesz.com\/"},{"@type":"ListItem","position":3,"name":"Thermacell E-4 vad\u00e1sz ut\u00e1nt\u00f6lt\u0151 48 \u00f3r\u00e1s (4 db patron, 12 db lapka) 12 db\/katon"}]},{"@type":"WebSite","@id":"https:\/\/tajkertesz.com\/#website","url":"https:\/\/tajkertesz.com\/","name":"T\u00e1j-Kert\u00e9sz 84 Kft.","description":"Kert\u00e9szeti kis- \u00e9s nagykeresked\u00e9s, D\u00edszn\u00f6v\u00e9ny web\u00e1ruh\u00e1z orsz\u00e1gos h\u00e1zhozsz\u00e1ll\u00edt\u00e1ssal!","publisher":{"@id":"https:\/\/tajkertesz.com\/#organization"},"potentialAction":[{"@type":"SearchAction","target":{"@type":"EntryPoint","urlTemplate":"https:\/\/tajkertesz.com\/?s={search_term_string}"},"query-input":{"@type":"PropertyValueSpecification","valueRequired":true,"valueName":"search_term_string"}}],"inLanguage":"en-US"},{"@type":"Organization","@id":"https:\/\/tajkertesz.com\/#organization","name":"T\u00e1j-Kert\u00e9sz 84 Kft.","url":"https:\/\/tajkertesz.com\/","logo":{"@type":"ImageObject","inLanguage":"en-US","@id":"https:\/\/tajkertesz.com\/#\/schema\/logo\/image\/","url":"https:\/\/tajkertesz.com\/wp-content\/uploads\/2018\/02\/logo-2-e1518678052539.png","contentUrl":"https:\/\/tajkertesz.com\/wp-content\/uploads\/2018\/02\/logo-2-e1518678052539.png","width":81,"height":140,"caption":"T\u00e1j-Kert\u00e9sz 84 Kft."},"image":{"@id":"https:\/\/tajkertesz.com\/#\/schema\/logo\/image\/"},"sameAs":["https:\/\/www.facebook.com\/Tajkertesz\/"]}]}},"_links":{"self":[{"href":"https:\/\/tajkertesz.com\/en_US\/wp-json\/wp\/v2\/product\/16622","targetHints":{"allow":["GET"]}}],"collection":[{"href":"https:\/\/tajkertesz.com\/en_US\/wp-json\/wp\/v2\/product"}],"about":[{"href":"https:\/\/tajkertesz.com\/en_US\/wp-json\/wp\/v2\/types\/product"}],"wp:featuredmedia":[{"embeddable":true,"href":"https:\/\/tajkertesz.com\/en_US\/wp-json\/wp\/v2\/media\/16624"}],"wp:attachment":[{"href":"https:\/\/tajkertesz.com\/en_US\/wp-json\/wp\/v2\/media?parent=16622"}],"wp:term":[{"taxonomy":"product_brand","embeddable":true,"href":"https:\/\/tajkertesz.com\/en_US\/wp-json\/wp\/v2\/product_brand?post=16622"},{"taxonomy":"product_cat","embeddable":true,"href":"https:\/\/tajkertesz.com\/en_US\/wp-json\/wp\/v2\/product_cat?post=16622"},{"taxonomy":"product_tag","embeddable":true,"href":"https:\/\/tajkertesz.com\/en_US\/wp-json\/wp\/v2\/product_tag?post=16622"}],"curies":[{"name":"wp","href":"https:\/\/api.w.org\/{rel}","templated":true}]}}