{"id":16636,"date":"2023-08-28T13:17:52","date_gmt":"2023-08-28T13:17:52","guid":{"rendered":"https:\/\/tajkertesz.com\/?post_type=product&#038;p=16636"},"modified":"2026-03-30T14:32:23","modified_gmt":"2026-03-30T14:32:23","slug":"mandarinfa-termo-citrus-reticulata","status":"publish","type":"product","link":"https:\/\/tajkertesz.com\/en_US\/product\/mandarinfa-termo-citrus-reticulata\/","title":{"rendered":"Mandarinfa-Term\u0151-Citrus reticulata"},"content":{"rendered":"<h2>Mandarinfa-Term\u0151-Citrus reticulata<\/h2>\n<p>Mandarinfa-Term\u0151-Citrus reticulata<\/p>\n<p>A mandarin \u00e9s a narancs hibridje a klementin, amely a narancshoz hasonl\u00f3bb \u00edz\u0171, k\u00e9zzel k\u00f6nnyen h\u00e1mozhat\u00f3 \u00e9s nincsenek magok benne.<\/p>\n<p>A mandarin \u00f6r\u00f6kz\u00f6ld, legfeljebb 6 m magas fa, z\u00f6ld \u00e1gakkal, amelyek a lev\u00e9lh\u00f3naljakban t\u00f6visesek lehetnek.<\/p>\n<p>Toscanab\u00f3l sz\u00e1rmaz\u00f3 \u00f6r\u00f6kz\u00f6ld cserje. Minden \u00e9vszakban mutat\u00f3s. Tavaszt\u00f3l \u0151szig folyamatosan vir\u00e1gzik, \u00edgy egyszerre l\u00e1that\u00f3 bimb\u00f3 \u00e9s vir\u00e1g az \u00e1gakon. T\u00e9len \u00e9rleli gy\u00fcm\u00f6lcseit. Fagy\u00e9rz\u00e9keny n\u00f6v\u00e9ny, teleltet\u00e9st ig\u00e9nyel ( vil\u00e1gos helys\u00e9gben kb. 15 \u2013 18 \u00b0C-on). L\u00e1gy v\u00edzzel \u00f6nt\u00f6zz\u00fck, m\u00e1rciust\u00f3l szeptemberig 2 hetente citrus t\u00e1poldattal \u00f6nt\u00f6zz\u00fck, t\u00e9len havonta 1x kell t\u00e1poldatozni.<\/p>\n<p>Term\u00e9se: A narancs term\u00e9se g\u00f6mb\u00f6ly\u0171 alak\u00fa, nagys\u00e1ga el\u00e9rheti a 8 cm-t. Meg\u00e9rve a k\u00fcls\u0151 term\u00e9sh\u00e9j narancss\u00e1rga \u00e9s finom mirigyekkel pontozott. Immunrendszer er\u0151s\u00edt\u0151. A <em>narancs<\/em>\u00a0a t\u00f6bbi citrusf\u00e9l\u00e9vel egy\u00fctt a legkit\u0171n\u0151bb C-vitamin-forr\u00e1sok egyike.<\/p>\n<p>Vir\u00e1ga: feh\u00e9r illatos vir\u00e1gaival \u00e9s kezdetben z\u00f6ld majd s\u00e1rgul\u00f3 term\u00e9seivel is hossz\u00fa ideig d\u00edsz\u00edt!<\/p>\n<p>\u00d6nt\u00f6z\u00e9s: A citromf\u00e9l\u00e9k kev\u00e9s vizet ig\u00e9nyelnek. M\u00e9g a nagyon forr\u00f3 napokon is el\u00e9g hetente egyszer \u00f6nt\u00f6zni. A s\u00e1rgul\u00f3 levelek a t\u00fal sok vizet jelzik, nem pedig a t\u00e1panyaghi\u00e1nyt.<\/p>\n<p>Koronaigaz\u00edt\u00e1s\/metsz\u00e9s: A citromf\u00e9l\u00e9k a term\u00e9shozatal \u00e9rdek\u00e9ben nem ig\u00e9nyelnek metsz\u00e9st. Egy enyhe form\u00e1ra alak\u00edt\u00e1s a t\u00e9li id\u0151szakban az\u00e9rt nem okoz probl\u00e9m\u00e1t.<\/p>\n<p>El\u00e9rhet\u0151 t\u00f6bbf\u00e9le m\u00e9retben \u00e9s \u00e1rban.<\/p>\n<p><strong>K\u00e9szlet\u00fcnk napi szinten v\u00e1ltozik, ez\u00e9rt k\u00e9rj\u00fck, \u00e9rdekl\u0151dj\u00f6n szem\u00e9lyesen, telefonon vagy email-en.<br \/>\nA v\u00e1ltoztat\u00e1s jog\u00e1t fenntartjuk!\u00a0<\/strong><\/p>\n<p>&nbsp;<\/p>\n<p><a href=\"https:\/\/tajkertesz.com\/\">https:\/\/tajkertesz.com\/<\/a><\/p>\n<p><a href=\"https:\/\/www.facebook.com\/tajkertesz\/\">https:\/\/www.facebook.com\/tajkertesz\/<\/a><\/p>\n<p>Kisz\u00e1ll\u00edt\u00e1s: 200cm-ig \u00a0\u00e9s 40 kg-ig a sz\u00e1ll\u00edt\u00e1s fut\u00e1rszolg\u00e1lattal \u00a0t\u00f6rt\u00e9nik.<\/p>\n<p>Szem\u00e9lyes \u00e1tv\u00e9tel nyitvatart\u00e1si id\u0151ben a 17. ker\u00fclet Bakancsos utca 7. sz\u00e1m alatti Kert\u00e9szeti \u00e1rud\u00e1ban.<\/p>","protected":false},"excerpt":{"rendered":"<p>A mandarin a citrusfajt\u00e1k k\u00f6z\u00e9 tartoz\u00f3 d\u00e9ligy\u00fcm\u00f6lcs. D\u00e9l-K\u00edn\u00e1b\u00f3l sz\u00e1rmazik&#8230;<\/p>\n<div id=\"bodyContent\" class=\"mw-body-content\">\n<div id=\"mw-content-text\" class=\"mw-content-ltr\" dir=\"ltr\" lang=\"hu\">\n<div id=\"bodyContent\" class=\"mw-body-content\">\n<div id=\"mw-content-text\" class=\"mw-content-ltr\" dir=\"ltr\" lang=\"hu\">\n<p><b>K\u00e9szlet\u00fcnk napi szinten v\u00e1ltozik, ez\u00e9rt k\u00e9rj\u00fck, \u00e9rdekl\u0151dj\u00f6n szem\u00e9lyesen, telefonon vagy email-en.<\/b><\/p>\n<p>Term\u00e9keinket szem\u00e9lyesen is \u00e1tveheti a h\u00e9t minden napj\u00e1n nyitvatart\u00e1si id\u0151ben!<\/p>\n<p>Kisz\u00e1ll\u00edt\u00e1s: 200 cm \u00e9s 40 kg-ig a sz\u00e1ll\u00edt\u00e1s fut\u00e1rszolg\u00e1lattal t\u00f6rt\u00e9nik.<\/p>\n<\/div>\n<\/div>\n<\/div>\n<\/div>\n<p><b>A v\u00e1ltoztat\u00e1s jog\u00e1t fenntartjuk!\u00a0<\/b><\/p>","protected":false},"featured_media":16603,"template":"","meta":{"_et_pb_use_builder":"","_et_pb_old_content":"","_et_gb_content_width":""},"product_brand":[],"product_cat":[4326],"product_tag":[1442,4866,4325],"class_list":{"0":"post-16636","1":"product","2":"type-product","3":"status-publish","4":"has-post-thumbnail","6":"product_cat-citrusok","7":"product_tag-citrus","8":"product_tag-mandarin","9":"product_tag-mediterran-novenyek","11":"first","12":"outofstock","13":"shipping-taxable","14":"product-type-simple"},"yoast_head":"<!-- This site is optimized with the Yoast SEO plugin v27.5 - https:\/\/yoast.com\/product\/yoast-seo-wordpress\/ -->\n<title>Mandarinfa-Term\u0151-Citrus reticulata - T\u00e1jkert\u00e9sz<\/title>\n<meta name=\"description\" content=\"Mandarinfa-Term\u0151-Citrus reticulata. N\u00e9zzen k\u00f6r\u00fcl web\u00e1ruh\u00e1zunkban, vagy szem\u00e9lyesen l\u00e1togasson el kert\u00e9szet\u00fcnkbe! Hatalmas k\u00edn\u00e1lat, kedvez\u0151 \u00e1rak.\" \/>\n<meta name=\"robots\" content=\"index, follow, max-snippet:-1, max-image-preview:large, max-video-preview:-1\" \/>\n<link rel=\"canonical\" href=\"https:\/\/tajkertesz.com\/en_US\/product\/mandarinfa-termo-citrus-reticulata\/\" \/>\n<meta property=\"og:locale\" content=\"en_US\" \/>\n<meta property=\"og:type\" content=\"article\" \/>\n<meta property=\"og:title\" content=\"https:\/\/www.facebook.com\/tajkertesz\" \/>\n<meta property=\"og:description\" content=\"Mandarinfa-Term\u0151-Citrus reticulataA mandarin \u00e9s a narancs hibridje a klementin, amely a narancshoz hasonl\u00f3bb \u00edz\u0171, k\u00e9zzel k\u00f6nnyen h\u00e1mozhat\u00f3 \u00e9s nincsenek magok benne.A mandarin \u00f6r\u00f6kz\u00f6ld, legfeljebb 6 m magas fa, z\u00f6ld \u00e1gakkal, amelyek a lev\u00e9lh\u00f3naljakban t\u00f6visesek lehetnek.Toscanab\u00f3l sz\u00e1rmaz\u00f3 \u00f6r\u00f6kz\u00f6ld cserje. Minden \u00e9vszakban mutat\u00f3s. Tavaszt\u00f3l \u0151szig folyamatosan vir\u00e1gzik, \u00edgy egyszerre l\u00e1that\u00f3 bimb\u00f3 \u00e9s vir\u00e1g az \u00e1gakon. T\u00e9len \u00e9rleli gy\u00fcm\u00f6lcseit. Fagy\u00e9rz\u00e9keny n\u00f6v\u00e9ny, teleltet\u00e9st ig\u00e9nyel ( vil\u00e1gos helys\u00e9gben kb. 15 \u2013 18\" \/>\n<meta property=\"og:url\" content=\"https:\/\/tajkertesz.com\/en_US\/product\/mandarinfa-termo-citrus-reticulata\/\" \/>\n<meta property=\"og:site_name\" content=\"T\u00e1jkert\u00e9sz\" \/>\n<meta property=\"article:publisher\" content=\"https:\/\/www.facebook.com\/Tajkertesz\/\" \/>\n<meta property=\"article:modified_time\" content=\"2026-03-30T14:32:23+00:00\" \/>\n<meta property=\"og:image\" content=\"https:\/\/tajkertesz.com\/wp-content\/uploads\/2023\/08\/IMG_20220317_124633_661.webp\" \/>\n\t<meta property=\"og:image:width\" content=\"1440\" \/>\n\t<meta property=\"og:image:height\" content=\"1440\" \/>\n\t<meta property=\"og:image:type\" content=\"image\/webp\" \/>\n<meta name=\"twitter:card\" content=\"summary_large_image\" \/>\n<meta name=\"twitter:label1\" content=\"Est. reading time\" \/>\n\t<meta name=\"twitter:data1\" content=\"2 minutes\" \/>\n<script type=\"application\/ld+json\" class=\"yoast-schema-graph\">{\"@context\":\"https:\\\/\\\/schema.org\",\"@graph\":[{\"@type\":\"WebPage\",\"@id\":\"https:\\\/\\\/tajkertesz.com\\\/termek\\\/mandarinfa-termo-citrus-reticulata\\\/\",\"url\":\"https:\\\/\\\/tajkertesz.com\\\/termek\\\/mandarinfa-termo-citrus-reticulata\\\/\",\"name\":\"Mandarinfa-Term\u0151-Citrus reticulata - T\u00e1jkert\u00e9sz\",\"isPartOf\":{\"@id\":\"https:\\\/\\\/tajkertesz.com\\\/#website\"},\"primaryImageOfPage\":{\"@id\":\"https:\\\/\\\/tajkertesz.com\\\/termek\\\/mandarinfa-termo-citrus-reticulata\\\/#primaryimage\"},\"image\":{\"@id\":\"https:\\\/\\\/tajkertesz.com\\\/termek\\\/mandarinfa-termo-citrus-reticulata\\\/#primaryimage\"},\"thumbnailUrl\":\"https:\\\/\\\/tajkertesz.com\\\/wp-content\\\/uploads\\\/2023\\\/08\\\/IMG_20220317_124633_661.webp\",\"datePublished\":\"2023-08-28T13:17:52+00:00\",\"dateModified\":\"2026-03-30T14:32:23+00:00\",\"description\":\"Mandarinfa-Term\u0151-Citrus reticulata. N\u00e9zzen k\u00f6r\u00fcl web\u00e1ruh\u00e1zunkban, vagy szem\u00e9lyesen l\u00e1togasson el kert\u00e9szet\u00fcnkbe! Hatalmas k\u00edn\u00e1lat, kedvez\u0151 \u00e1rak.\",\"breadcrumb\":{\"@id\":\"https:\\\/\\\/tajkertesz.com\\\/termek\\\/mandarinfa-termo-citrus-reticulata\\\/#breadcrumb\"},\"inLanguage\":\"en-US\",\"potentialAction\":[{\"@type\":\"ReadAction\",\"target\":[\"https:\\\/\\\/tajkertesz.com\\\/termek\\\/mandarinfa-termo-citrus-reticulata\\\/\"]}]},{\"@type\":\"ImageObject\",\"inLanguage\":\"en-US\",\"@id\":\"https:\\\/\\\/tajkertesz.com\\\/termek\\\/mandarinfa-termo-citrus-reticulata\\\/#primaryimage\",\"url\":\"https:\\\/\\\/tajkertesz.com\\\/wp-content\\\/uploads\\\/2023\\\/08\\\/IMG_20220317_124633_661.webp\",\"contentUrl\":\"https:\\\/\\\/tajkertesz.com\\\/wp-content\\\/uploads\\\/2023\\\/08\\\/IMG_20220317_124633_661.webp\",\"width\":1440,\"height\":1440},{\"@type\":\"BreadcrumbList\",\"@id\":\"https:\\\/\\\/tajkertesz.com\\\/termek\\\/mandarinfa-termo-citrus-reticulata\\\/#breadcrumb\",\"itemListElement\":[{\"@type\":\"ListItem\",\"position\":1,\"name\":\"Home\",\"item\":\"https:\\\/\\\/tajkertesz.com\\\/\"},{\"@type\":\"ListItem\",\"position\":2,\"name\":\"Kezd\u0151lap\",\"item\":\"https:\\\/\\\/tajkertesz.com\\\/\"},{\"@type\":\"ListItem\",\"position\":3,\"name\":\"Mandarinfa-Term\u0151-Citrus reticulata\"}]},{\"@type\":\"WebSite\",\"@id\":\"https:\\\/\\\/tajkertesz.com\\\/#website\",\"url\":\"https:\\\/\\\/tajkertesz.com\\\/\",\"name\":\"T\u00e1j-Kert\u00e9sz 84 Kft.\",\"description\":\"Kert\u00e9szeti kis- \u00e9s nagykeresked\u00e9s, D\u00edszn\u00f6v\u00e9ny web\u00e1ruh\u00e1z orsz\u00e1gos h\u00e1zhozsz\u00e1ll\u00edt\u00e1ssal!\",\"publisher\":{\"@id\":\"https:\\\/\\\/tajkertesz.com\\\/#organization\"},\"potentialAction\":[{\"@type\":\"SearchAction\",\"target\":{\"@type\":\"EntryPoint\",\"urlTemplate\":\"https:\\\/\\\/tajkertesz.com\\\/?s={search_term_string}\"},\"query-input\":{\"@type\":\"PropertyValueSpecification\",\"valueRequired\":true,\"valueName\":\"search_term_string\"}}],\"inLanguage\":\"en-US\"},{\"@type\":\"Organization\",\"@id\":\"https:\\\/\\\/tajkertesz.com\\\/#organization\",\"name\":\"T\u00e1j-Kert\u00e9sz 84 Kft.\",\"url\":\"https:\\\/\\\/tajkertesz.com\\\/\",\"logo\":{\"@type\":\"ImageObject\",\"inLanguage\":\"en-US\",\"@id\":\"https:\\\/\\\/tajkertesz.com\\\/#\\\/schema\\\/logo\\\/image\\\/\",\"url\":\"https:\\\/\\\/tajkertesz.com\\\/wp-content\\\/uploads\\\/2018\\\/02\\\/logo-2-e1518678052539.png\",\"contentUrl\":\"https:\\\/\\\/tajkertesz.com\\\/wp-content\\\/uploads\\\/2018\\\/02\\\/logo-2-e1518678052539.png\",\"width\":81,\"height\":140,\"caption\":\"T\u00e1j-Kert\u00e9sz 84 Kft.\"},\"image\":{\"@id\":\"https:\\\/\\\/tajkertesz.com\\\/#\\\/schema\\\/logo\\\/image\\\/\"},\"sameAs\":[\"https:\\\/\\\/www.facebook.com\\\/Tajkertesz\\\/\"]}]}<\/script>\n<!-- \/ Yoast SEO plugin. -->","yoast_head_json":{"title":"Mandarinfa-Term\u0151-Citrus reticulata - T\u00e1jkert\u00e9sz","description":"Mandarinfa-Term\u0151-Citrus reticulata. N\u00e9zzen k\u00f6r\u00fcl web\u00e1ruh\u00e1zunkban, vagy szem\u00e9lyesen l\u00e1togasson el kert\u00e9szet\u00fcnkbe! Hatalmas k\u00edn\u00e1lat, kedvez\u0151 \u00e1rak.","robots":{"index":"index","follow":"follow","max-snippet":"max-snippet:-1","max-image-preview":"max-image-preview:large","max-video-preview":"max-video-preview:-1"},"canonical":"https:\/\/tajkertesz.com\/en_US\/product\/mandarinfa-termo-citrus-reticulata\/","og_locale":"en_US","og_type":"article","og_title":"https:\/\/www.facebook.com\/tajkertesz","og_description":"Mandarinfa-Term\u0151-Citrus reticulataA mandarin \u00e9s a narancs hibridje a klementin, amely a narancshoz hasonl\u00f3bb \u00edz\u0171, k\u00e9zzel k\u00f6nnyen h\u00e1mozhat\u00f3 \u00e9s nincsenek magok benne.A mandarin \u00f6r\u00f6kz\u00f6ld, legfeljebb 6 m magas fa, z\u00f6ld \u00e1gakkal, amelyek a lev\u00e9lh\u00f3naljakban t\u00f6visesek lehetnek.Toscanab\u00f3l sz\u00e1rmaz\u00f3 \u00f6r\u00f6kz\u00f6ld cserje. Minden \u00e9vszakban mutat\u00f3s. Tavaszt\u00f3l \u0151szig folyamatosan vir\u00e1gzik, \u00edgy egyszerre l\u00e1that\u00f3 bimb\u00f3 \u00e9s vir\u00e1g az \u00e1gakon. T\u00e9len \u00e9rleli gy\u00fcm\u00f6lcseit. Fagy\u00e9rz\u00e9keny n\u00f6v\u00e9ny, teleltet\u00e9st ig\u00e9nyel ( vil\u00e1gos helys\u00e9gben kb. 15 \u2013 18","og_url":"https:\/\/tajkertesz.com\/en_US\/product\/mandarinfa-termo-citrus-reticulata\/","og_site_name":"T\u00e1jkert\u00e9sz","article_publisher":"https:\/\/www.facebook.com\/Tajkertesz\/","article_modified_time":"2026-03-30T14:32:23+00:00","og_image":[{"width":1440,"height":1440,"url":"https:\/\/tajkertesz.com\/wp-content\/uploads\/2023\/08\/IMG_20220317_124633_661.webp","type":"image\/webp"}],"twitter_card":"summary_large_image","twitter_misc":{"Est. reading time":"2 minutes"},"schema":{"@context":"https:\/\/schema.org","@graph":[{"@type":"WebPage","@id":"https:\/\/tajkertesz.com\/termek\/mandarinfa-termo-citrus-reticulata\/","url":"https:\/\/tajkertesz.com\/termek\/mandarinfa-termo-citrus-reticulata\/","name":"Mandarinfa-Term\u0151-Citrus reticulata - T\u00e1jkert\u00e9sz","isPartOf":{"@id":"https:\/\/tajkertesz.com\/#website"},"primaryImageOfPage":{"@id":"https:\/\/tajkertesz.com\/termek\/mandarinfa-termo-citrus-reticulata\/#primaryimage"},"image":{"@id":"https:\/\/tajkertesz.com\/termek\/mandarinfa-termo-citrus-reticulata\/#primaryimage"},"thumbnailUrl":"https:\/\/tajkertesz.com\/wp-content\/uploads\/2023\/08\/IMG_20220317_124633_661.webp","datePublished":"2023-08-28T13:17:52+00:00","dateModified":"2026-03-30T14:32:23+00:00","description":"Mandarinfa-Term\u0151-Citrus reticulata. N\u00e9zzen k\u00f6r\u00fcl web\u00e1ruh\u00e1zunkban, vagy szem\u00e9lyesen l\u00e1togasson el kert\u00e9szet\u00fcnkbe! Hatalmas k\u00edn\u00e1lat, kedvez\u0151 \u00e1rak.","breadcrumb":{"@id":"https:\/\/tajkertesz.com\/termek\/mandarinfa-termo-citrus-reticulata\/#breadcrumb"},"inLanguage":"en-US","potentialAction":[{"@type":"ReadAction","target":["https:\/\/tajkertesz.com\/termek\/mandarinfa-termo-citrus-reticulata\/"]}]},{"@type":"ImageObject","inLanguage":"en-US","@id":"https:\/\/tajkertesz.com\/termek\/mandarinfa-termo-citrus-reticulata\/#primaryimage","url":"https:\/\/tajkertesz.com\/wp-content\/uploads\/2023\/08\/IMG_20220317_124633_661.webp","contentUrl":"https:\/\/tajkertesz.com\/wp-content\/uploads\/2023\/08\/IMG_20220317_124633_661.webp","width":1440,"height":1440},{"@type":"BreadcrumbList","@id":"https:\/\/tajkertesz.com\/termek\/mandarinfa-termo-citrus-reticulata\/#breadcrumb","itemListElement":[{"@type":"ListItem","position":1,"name":"Home","item":"https:\/\/tajkertesz.com\/"},{"@type":"ListItem","position":2,"name":"Kezd\u0151lap","item":"https:\/\/tajkertesz.com\/"},{"@type":"ListItem","position":3,"name":"Mandarinfa-Term\u0151-Citrus reticulata"}]},{"@type":"WebSite","@id":"https:\/\/tajkertesz.com\/#website","url":"https:\/\/tajkertesz.com\/","name":"T\u00e1j-Kert\u00e9sz 84 Kft.","description":"Kert\u00e9szeti kis- \u00e9s nagykeresked\u00e9s, D\u00edszn\u00f6v\u00e9ny web\u00e1ruh\u00e1z orsz\u00e1gos h\u00e1zhozsz\u00e1ll\u00edt\u00e1ssal!","publisher":{"@id":"https:\/\/tajkertesz.com\/#organization"},"potentialAction":[{"@type":"SearchAction","target":{"@type":"EntryPoint","urlTemplate":"https:\/\/tajkertesz.com\/?s={search_term_string}"},"query-input":{"@type":"PropertyValueSpecification","valueRequired":true,"valueName":"search_term_string"}}],"inLanguage":"en-US"},{"@type":"Organization","@id":"https:\/\/tajkertesz.com\/#organization","name":"T\u00e1j-Kert\u00e9sz 84 Kft.","url":"https:\/\/tajkertesz.com\/","logo":{"@type":"ImageObject","inLanguage":"en-US","@id":"https:\/\/tajkertesz.com\/#\/schema\/logo\/image\/","url":"https:\/\/tajkertesz.com\/wp-content\/uploads\/2018\/02\/logo-2-e1518678052539.png","contentUrl":"https:\/\/tajkertesz.com\/wp-content\/uploads\/2018\/02\/logo-2-e1518678052539.png","width":81,"height":140,"caption":"T\u00e1j-Kert\u00e9sz 84 Kft."},"image":{"@id":"https:\/\/tajkertesz.com\/#\/schema\/logo\/image\/"},"sameAs":["https:\/\/www.facebook.com\/Tajkertesz\/"]}]}},"_links":{"self":[{"href":"https:\/\/tajkertesz.com\/en_US\/wp-json\/wp\/v2\/product\/16636","targetHints":{"allow":["GET"]}}],"collection":[{"href":"https:\/\/tajkertesz.com\/en_US\/wp-json\/wp\/v2\/product"}],"about":[{"href":"https:\/\/tajkertesz.com\/en_US\/wp-json\/wp\/v2\/types\/product"}],"wp:featuredmedia":[{"embeddable":true,"href":"https:\/\/tajkertesz.com\/en_US\/wp-json\/wp\/v2\/media\/16603"}],"wp:attachment":[{"href":"https:\/\/tajkertesz.com\/en_US\/wp-json\/wp\/v2\/media?parent=16636"}],"wp:term":[{"taxonomy":"product_brand","embeddable":true,"href":"https:\/\/tajkertesz.com\/en_US\/wp-json\/wp\/v2\/product_brand?post=16636"},{"taxonomy":"product_cat","embeddable":true,"href":"https:\/\/tajkertesz.com\/en_US\/wp-json\/wp\/v2\/product_cat?post=16636"},{"taxonomy":"product_tag","embeddable":true,"href":"https:\/\/tajkertesz.com\/en_US\/wp-json\/wp\/v2\/product_tag?post=16636"}],"curies":[{"name":"wp","href":"https:\/\/api.w.org\/{rel}","templated":true}]}}