{"id":16638,"date":"2023-08-28T14:02:25","date_gmt":"2023-08-28T14:02:25","guid":{"rendered":"https:\/\/tajkertesz.com\/?post_type=product&#038;p=16638"},"modified":"2026-02-13T09:43:15","modified_gmt":"2026-02-13T09:43:15","slug":"fiskars-x11-hasito-fejsze-s","status":"publish","type":"product","link":"https:\/\/tajkertesz.com\/en_US\/product\/fiskars-x11-hasito-fejsze-s\/","title":{"rendered":"Fiskars X11 has\u00edt\u00f3 fejsze-S 1015640"},"content":{"rendered":"<h2>Fiskars X11 has\u00edt\u00f3 fejsze-S<\/h2>\n<p>Fiskars X11 has\u00edt\u00f3 fejsze-S<\/p>\n<div>\n<div class=\"ezxmltext-field\">\n<p>20 cm-n\u00e9l kisebb \u00e1tm\u00e9r\u0151j\u0171 r\u00f6nk\u00f6k has\u00edt\u00e1s\u00e1hoz. Remek\u00fcl haszn\u00e1lhat\u00f3 egy k\u00e9zzel is. Legink\u00e1bb gy\u00fajt\u00f3s k\u00e9sz\u00edt\u00e9s\u00e9re alkalmas. Remek\u00fcl kieg\u00e9sz\u00edti a nagyobb, X21-es vagy X25-\u00f6s fejsz\u00e9t.<\/p>\n<\/div>\n<\/div>\n<div class=\"product-features\">\n<div class=\"ezxmltext-field\">\n<ul>\n<li>20 cm-n\u00e9l kisebb \u00e1tm\u00e9r\u0151j\u0171 t\u0171zifa has\u00edt\u00e1s\u00e1hoz aj\u00e1nlott<\/li>\n<li>Remek\u00fcl haszn\u00e1lhat\u00f3 f\u00e9l k\u00e9zzel is<\/li>\n<li>Legink\u00e1bb gy\u00fajt\u00f3s k\u00e9sz\u00edt\u00e9s\u00e9re alkalmas<\/li>\n<li>3D markolat\u00e1nak k\u00f6sz\u00f6nhet\u0151en m\u00e9g biztons\u00e1gosabb fog\u00e1st \u00e9s lend\u00edt\u00e9st tesz lehet\u0151v\u00e9<\/li>\n<li>25 \u00e9v garanci\u00e1val webes regisztr\u00e1ci\u00f3n kereszt\u00fcl<\/li>\n<\/ul>\n<h2 class=\"h1\"><span class=\"ezstring-field\">Vil\u00e1gh\u00edr\u0171 tengelyek<\/span><\/h2>\n<div class=\"ezxmltext-field\">\n<p>Kiv\u00e9teles v\u00e1g\u00f3\u00e9l. Magas min\u0151s\u00e9g\u0171 anyagok, r\u00e9szletekre kiterjed\u0151 precizit\u00e1s. T\u00f6k\u00e9letes egyens\u00faly a fej \u00e9s a ny\u00e9l k\u00f6z\u00f6tt.\u00a0Kiv\u00e9teles v\u00e1g\u00f3\u00e9l. Magas min\u0151s\u00e9g\u0171 anyagok, r\u00e9szletekre kiterjed\u0151 precizit\u00e1s. T\u00f6k\u00e9letes egyens\u00faly a fej \u00e9s a ny\u00e9l k\u00f6z\u00f6tt. A Fiskars m\u00e1r t\u00f6bb mint 300 \u00e9ve a vil\u00e1g legismertebb fejsz\u00e9it gy\u00e1rtja.<\/p>\n<h2 class=\"h1\"><span class=\"ezstring-field\">R\u00e9szletekben gazdag tulajdons\u00e1gok<\/span><\/h2>\n<div class=\"ezxmltext-field\">\n<ol>\n<li>Ultra \u00e9les v\u00e1g\u00f3\u00e9l<\/li>\n<li>T\u00f6k\u00e9letes egyens\u00faly a m\u00e9g biztons\u00e1gosabb, k\u00e9nyelmesebb haszn\u00e1lat\u00e9rt<\/li>\n<li>Ultrak\u00f6nny\u0171, de igen tart\u00f3s Fibercomp ny\u00e9l<\/li>\n<li>A teljes\u00edtm\u00e9nyhez optimaliz\u00e1lt pengekialak\u00edt\u00e1s<\/li>\n<li>Speci\u00e1lis 3D markolatkialak\u00edt\u00e1s, amely elnyeli a r\u00e1zk\u00f3d\u00e1st<\/li>\n<\/ol>\n<h3>El\u00e9rhet\u0151 t\u00f6bbf\u00e9le m\u00e9retben \u00e9s \u00e1rban.<\/h3>\n<p><strong>K\u00e9szlet\u00fcnk napi szinten v\u00e1ltozik, ez\u00e9rt k\u00e9rj\u00fck, \u00e9rdekl\u0151dj\u00f6n szem\u00e9lyesen, telefonon vagy email-en.<br \/>\nA v\u00e1ltoztat\u00e1s jog\u00e1t fenntartjuk!\u00a0<\/strong><\/p>\n<p><a href=\"https:\/\/tajkertesz.com\/\">https:\/\/tajkertesz.com\/<\/a><\/p>\n<p><a href=\"https:\/\/www.facebook.com\/tajkertesz\/\">https:\/\/www.facebook.com\/tajkertesz\/<\/a><\/p>\n<p>Kisz\u00e1ll\u00edt\u00e1s: 200cm-ig \u00a0\u00e9s 40 kg-ig a sz\u00e1ll\u00edt\u00e1s fut\u00e1rszolg\u00e1lattal \u00a0t\u00f6rt\u00e9nik.<\/p>\n<p>Szem\u00e9lyes \u00e1tv\u00e9tel nyitvatart\u00e1si id\u0151ben a 17. ker\u00fclet Bakancsos utca 7. sz\u00e1m alatti Kert\u00e9szeti \u00e1rud\u00e1ban.<\/p>\n<\/div>\n<\/div>\n<\/div>\n<\/div>\n<h6><span style=\"color: #ffffff;\">Kiv\u00e9teles v\u00e1g\u00f3\u00e9l. Magas min\u0151s\u00e9g\u0171 anyagok, r\u00e9szletekre kiterjed\u0151 precizit\u00e1s. T\u00f6k\u00e9letes egyens\u00faly a fej \u00e9s a ny\u00e9l k\u00f6z\u00f6tt.\u00a0Kiv\u00e9teles v\u00e1g\u00f3\u00e9l. Magas min\u0151s\u00e9g\u0171 anyagok, r\u00e9szletekre kiterjed\u0151 precizit\u00e1s. T\u00f6k\u00e9letes egyens\u00faly a fej \u00e9s a ny\u00e9l k\u00f6z\u00f6tt. A Fiskars m\u00e1r t\u00f6bb mint 300 \u00e9ve a vil\u00e1g legismertebb fejsz\u00e9it gy\u00e1rtja.<\/span><\/h6>","protected":false},"excerpt":{"rendered":"<h2>Fiskars X11 has\u00edt\u00f3 fejsze-S<\/h2>\n<p>20 cm-n\u00e9l kisebb \u00e1tm\u00e9r\u0151j\u0171 t\u0171zifa has\u00edt\u00e1s\u00e1hoz aj\u00e1nlott<br \/>\nRemek\u00fcl haszn\u00e1lhat\u00f3 f\u00e9l k\u00e9zzel is&#8230;<\/p>\n<p><b>K\u00e9szlet\u00fcnk napi szinten v\u00e1ltozik, ez\u00e9rt k\u00e9rj\u00fck, \u00e9rdekl\u0151dj\u00f6n szem\u00e9lyesen, telefonon vagy email-en.<\/b><\/p>\n<p>Term\u00e9keinket szem\u00e9lyesen is \u00e1tveheti a h\u00e9t minden napj\u00e1n nyitvatart\u00e1si id\u0151ben!<\/p>\n<p>Kisz\u00e1ll\u00edt\u00e1s: 200 cm \u00e9s 40 kg-ig a sz\u00e1ll\u00edt\u00e1s fut\u00e1rszolg\u00e1lattal t\u00f6rt\u00e9nik.<\/p>","protected":false},"featured_media":16639,"template":"","meta":{"_et_pb_use_builder":"","_et_pb_old_content":"","_et_gb_content_width":""},"product_brand":[],"product_cat":[4321],"product_tag":[4573,116,4574,4897],"class_list":{"0":"post-16638","1":"product","2":"type-product","3":"status-publish","4":"has-post-thumbnail","6":"product_cat-fiskars-fejszek","7":"product_tag-fejsze","8":"product_tag-fiskars","9":"product_tag-hasitofejsze","10":"product_tag-x11","12":"first","13":"instock","14":"shipping-taxable","15":"purchasable","16":"product-type-simple"},"yoast_head":"<!-- This site is optimized with the Yoast SEO plugin v27.5 - https:\/\/yoast.com\/product\/yoast-seo-wordpress\/ -->\n<title>Fiskars X11 has\u00edt\u00f3 fejsze-S 1015640 - T\u00e1jkert\u00e9sz<\/title>\n<meta name=\"description\" content=\"Fiskars X11 has\u00edt\u00f3 fejsze-S 20 cm-n\u00e9l kisebb \u00e1tm\u00e9r\u0151j\u0171 r\u00f6nk\u00f6k has\u00edt\u00e1s\u00e1hoz. Remek\u00fcl haszn\u00e1lhat\u00f3 egy k\u00e9zzel is. Legink\u00e1bb gy\u00fajt\u00f3s k\u00e9sz\u00edt\u00e9s\u00e9re alkalmas.\" \/>\n<meta name=\"robots\" content=\"index, follow, max-snippet:-1, max-image-preview:large, max-video-preview:-1\" \/>\n<link rel=\"canonical\" href=\"https:\/\/tajkertesz.com\/en_US\/product\/fiskars-x11-hasito-fejsze-s\/\" \/>\n<meta property=\"og:locale\" content=\"en_US\" \/>\n<meta property=\"og:type\" content=\"article\" \/>\n<meta property=\"og:title\" content=\"https:\/\/www.facebook.com\/tajkertesz\" \/>\n<meta property=\"og:description\" content=\"Fiskars X11 has\u00edt\u00f3 fejsze-S20 cm-n\u00e9l kisebb \u00e1tm\u00e9r\u0151j\u0171 t\u0171zifa has\u00edt\u00e1s\u00e1hoz aj\u00e1nlottRemek\u00fcl haszn\u00e1lhat\u00f3 f\u00e9l k\u00e9zzel isLegink\u00e1bb gy\u00fajt\u00f3s k\u00e9sz\u00edt\u00e9s\u00e9re alkalmas3D markolat\u00e1nak k\u00f6sz\u00f6nhet\u0151en m\u00e9g biztons\u00e1gosabbfog\u00e1st \u00e9s lend\u00edt\u00e9st tesz lehet\u0151v\u00e925 \u00e9v garanci\u00e1val webes regisztr\u00e1ci\u00f3n kereszt\u00fcl\" \/>\n<meta property=\"og:url\" content=\"https:\/\/tajkertesz.com\/en_US\/product\/fiskars-x11-hasito-fejsze-s\/\" \/>\n<meta property=\"og:site_name\" content=\"T\u00e1jkert\u00e9sz\" \/>\n<meta property=\"article:publisher\" content=\"https:\/\/www.facebook.com\/Tajkertesz\/\" \/>\n<meta property=\"article:modified_time\" content=\"2026-02-13T09:43:15+00:00\" \/>\n<meta property=\"og:image\" content=\"https:\/\/tajkertesz.com\/wp-content\/uploads\/2023\/08\/122443-1.jpg\" \/>\n\t<meta property=\"og:image:width\" content=\"496\" \/>\n\t<meta property=\"og:image:height\" content=\"664\" \/>\n\t<meta property=\"og:image:type\" content=\"image\/jpeg\" \/>\n<meta name=\"twitter:card\" content=\"summary_large_image\" \/>\n<meta name=\"twitter:label1\" content=\"Est. reading time\" \/>\n\t<meta name=\"twitter:data1\" content=\"2 minutes\" \/>\n<script type=\"application\/ld+json\" class=\"yoast-schema-graph\">{\"@context\":\"https:\\\/\\\/schema.org\",\"@graph\":[{\"@type\":\"WebPage\",\"@id\":\"https:\\\/\\\/tajkertesz.com\\\/termek\\\/fiskars-x11-hasito-fejsze-s\\\/\",\"url\":\"https:\\\/\\\/tajkertesz.com\\\/termek\\\/fiskars-x11-hasito-fejsze-s\\\/\",\"name\":\"Fiskars X11 has\u00edt\u00f3 fejsze-S 1015640 - T\u00e1jkert\u00e9sz\",\"isPartOf\":{\"@id\":\"https:\\\/\\\/tajkertesz.com\\\/#website\"},\"primaryImageOfPage\":{\"@id\":\"https:\\\/\\\/tajkertesz.com\\\/termek\\\/fiskars-x11-hasito-fejsze-s\\\/#primaryimage\"},\"image\":{\"@id\":\"https:\\\/\\\/tajkertesz.com\\\/termek\\\/fiskars-x11-hasito-fejsze-s\\\/#primaryimage\"},\"thumbnailUrl\":\"https:\\\/\\\/tajkertesz.com\\\/wp-content\\\/uploads\\\/2023\\\/08\\\/122443-1.jpg\",\"datePublished\":\"2023-08-28T14:02:25+00:00\",\"dateModified\":\"2026-02-13T09:43:15+00:00\",\"description\":\"Fiskars X11 has\u00edt\u00f3 fejsze-S 20 cm-n\u00e9l kisebb \u00e1tm\u00e9r\u0151j\u0171 r\u00f6nk\u00f6k has\u00edt\u00e1s\u00e1hoz. Remek\u00fcl haszn\u00e1lhat\u00f3 egy k\u00e9zzel is. Legink\u00e1bb gy\u00fajt\u00f3s k\u00e9sz\u00edt\u00e9s\u00e9re alkalmas.\",\"breadcrumb\":{\"@id\":\"https:\\\/\\\/tajkertesz.com\\\/termek\\\/fiskars-x11-hasito-fejsze-s\\\/#breadcrumb\"},\"inLanguage\":\"en-US\",\"potentialAction\":[{\"@type\":\"ReadAction\",\"target\":[\"https:\\\/\\\/tajkertesz.com\\\/termek\\\/fiskars-x11-hasito-fejsze-s\\\/\"]}]},{\"@type\":\"ImageObject\",\"inLanguage\":\"en-US\",\"@id\":\"https:\\\/\\\/tajkertesz.com\\\/termek\\\/fiskars-x11-hasito-fejsze-s\\\/#primaryimage\",\"url\":\"https:\\\/\\\/tajkertesz.com\\\/wp-content\\\/uploads\\\/2023\\\/08\\\/122443-1.jpg\",\"contentUrl\":\"https:\\\/\\\/tajkertesz.com\\\/wp-content\\\/uploads\\\/2023\\\/08\\\/122443-1.jpg\",\"width\":496,\"height\":664},{\"@type\":\"BreadcrumbList\",\"@id\":\"https:\\\/\\\/tajkertesz.com\\\/termek\\\/fiskars-x11-hasito-fejsze-s\\\/#breadcrumb\",\"itemListElement\":[{\"@type\":\"ListItem\",\"position\":1,\"name\":\"Home\",\"item\":\"https:\\\/\\\/tajkertesz.com\\\/\"},{\"@type\":\"ListItem\",\"position\":2,\"name\":\"Kezd\u0151lap\",\"item\":\"https:\\\/\\\/tajkertesz.com\\\/\"},{\"@type\":\"ListItem\",\"position\":3,\"name\":\"Fiskars X11 has\u00edt\u00f3 fejsze-S 1015640\"}]},{\"@type\":\"WebSite\",\"@id\":\"https:\\\/\\\/tajkertesz.com\\\/#website\",\"url\":\"https:\\\/\\\/tajkertesz.com\\\/\",\"name\":\"T\u00e1j-Kert\u00e9sz 84 Kft.\",\"description\":\"Kert\u00e9szeti kis- \u00e9s nagykeresked\u00e9s, D\u00edszn\u00f6v\u00e9ny web\u00e1ruh\u00e1z orsz\u00e1gos h\u00e1zhozsz\u00e1ll\u00edt\u00e1ssal!\",\"publisher\":{\"@id\":\"https:\\\/\\\/tajkertesz.com\\\/#organization\"},\"potentialAction\":[{\"@type\":\"SearchAction\",\"target\":{\"@type\":\"EntryPoint\",\"urlTemplate\":\"https:\\\/\\\/tajkertesz.com\\\/?s={search_term_string}\"},\"query-input\":{\"@type\":\"PropertyValueSpecification\",\"valueRequired\":true,\"valueName\":\"search_term_string\"}}],\"inLanguage\":\"en-US\"},{\"@type\":\"Organization\",\"@id\":\"https:\\\/\\\/tajkertesz.com\\\/#organization\",\"name\":\"T\u00e1j-Kert\u00e9sz 84 Kft.\",\"url\":\"https:\\\/\\\/tajkertesz.com\\\/\",\"logo\":{\"@type\":\"ImageObject\",\"inLanguage\":\"en-US\",\"@id\":\"https:\\\/\\\/tajkertesz.com\\\/#\\\/schema\\\/logo\\\/image\\\/\",\"url\":\"https:\\\/\\\/tajkertesz.com\\\/wp-content\\\/uploads\\\/2018\\\/02\\\/logo-2-e1518678052539.png\",\"contentUrl\":\"https:\\\/\\\/tajkertesz.com\\\/wp-content\\\/uploads\\\/2018\\\/02\\\/logo-2-e1518678052539.png\",\"width\":81,\"height\":140,\"caption\":\"T\u00e1j-Kert\u00e9sz 84 Kft.\"},\"image\":{\"@id\":\"https:\\\/\\\/tajkertesz.com\\\/#\\\/schema\\\/logo\\\/image\\\/\"},\"sameAs\":[\"https:\\\/\\\/www.facebook.com\\\/Tajkertesz\\\/\"]}]}<\/script>\n<!-- \/ Yoast SEO plugin. -->","yoast_head_json":{"title":"Fiskars X11 has\u00edt\u00f3 fejsze-S 1015640 - T\u00e1jkert\u00e9sz","description":"Fiskars X11 has\u00edt\u00f3 fejsze-S 20 cm-n\u00e9l kisebb \u00e1tm\u00e9r\u0151j\u0171 r\u00f6nk\u00f6k has\u00edt\u00e1s\u00e1hoz. Remek\u00fcl haszn\u00e1lhat\u00f3 egy k\u00e9zzel is. Legink\u00e1bb gy\u00fajt\u00f3s k\u00e9sz\u00edt\u00e9s\u00e9re alkalmas.","robots":{"index":"index","follow":"follow","max-snippet":"max-snippet:-1","max-image-preview":"max-image-preview:large","max-video-preview":"max-video-preview:-1"},"canonical":"https:\/\/tajkertesz.com\/en_US\/product\/fiskars-x11-hasito-fejsze-s\/","og_locale":"en_US","og_type":"article","og_title":"https:\/\/www.facebook.com\/tajkertesz","og_description":"Fiskars X11 has\u00edt\u00f3 fejsze-S20 cm-n\u00e9l kisebb \u00e1tm\u00e9r\u0151j\u0171 t\u0171zifa has\u00edt\u00e1s\u00e1hoz aj\u00e1nlottRemek\u00fcl haszn\u00e1lhat\u00f3 f\u00e9l k\u00e9zzel isLegink\u00e1bb gy\u00fajt\u00f3s k\u00e9sz\u00edt\u00e9s\u00e9re alkalmas3D markolat\u00e1nak k\u00f6sz\u00f6nhet\u0151en m\u00e9g biztons\u00e1gosabbfog\u00e1st \u00e9s lend\u00edt\u00e9st tesz lehet\u0151v\u00e925 \u00e9v garanci\u00e1val webes regisztr\u00e1ci\u00f3n kereszt\u00fcl","og_url":"https:\/\/tajkertesz.com\/en_US\/product\/fiskars-x11-hasito-fejsze-s\/","og_site_name":"T\u00e1jkert\u00e9sz","article_publisher":"https:\/\/www.facebook.com\/Tajkertesz\/","article_modified_time":"2026-02-13T09:43:15+00:00","og_image":[{"width":496,"height":664,"url":"https:\/\/tajkertesz.com\/wp-content\/uploads\/2023\/08\/122443-1.jpg","type":"image\/jpeg"}],"twitter_card":"summary_large_image","twitter_misc":{"Est. reading time":"2 minutes"},"schema":{"@context":"https:\/\/schema.org","@graph":[{"@type":"WebPage","@id":"https:\/\/tajkertesz.com\/termek\/fiskars-x11-hasito-fejsze-s\/","url":"https:\/\/tajkertesz.com\/termek\/fiskars-x11-hasito-fejsze-s\/","name":"Fiskars X11 has\u00edt\u00f3 fejsze-S 1015640 - T\u00e1jkert\u00e9sz","isPartOf":{"@id":"https:\/\/tajkertesz.com\/#website"},"primaryImageOfPage":{"@id":"https:\/\/tajkertesz.com\/termek\/fiskars-x11-hasito-fejsze-s\/#primaryimage"},"image":{"@id":"https:\/\/tajkertesz.com\/termek\/fiskars-x11-hasito-fejsze-s\/#primaryimage"},"thumbnailUrl":"https:\/\/tajkertesz.com\/wp-content\/uploads\/2023\/08\/122443-1.jpg","datePublished":"2023-08-28T14:02:25+00:00","dateModified":"2026-02-13T09:43:15+00:00","description":"Fiskars X11 has\u00edt\u00f3 fejsze-S 20 cm-n\u00e9l kisebb \u00e1tm\u00e9r\u0151j\u0171 r\u00f6nk\u00f6k has\u00edt\u00e1s\u00e1hoz. Remek\u00fcl haszn\u00e1lhat\u00f3 egy k\u00e9zzel is. Legink\u00e1bb gy\u00fajt\u00f3s k\u00e9sz\u00edt\u00e9s\u00e9re alkalmas.","breadcrumb":{"@id":"https:\/\/tajkertesz.com\/termek\/fiskars-x11-hasito-fejsze-s\/#breadcrumb"},"inLanguage":"en-US","potentialAction":[{"@type":"ReadAction","target":["https:\/\/tajkertesz.com\/termek\/fiskars-x11-hasito-fejsze-s\/"]}]},{"@type":"ImageObject","inLanguage":"en-US","@id":"https:\/\/tajkertesz.com\/termek\/fiskars-x11-hasito-fejsze-s\/#primaryimage","url":"https:\/\/tajkertesz.com\/wp-content\/uploads\/2023\/08\/122443-1.jpg","contentUrl":"https:\/\/tajkertesz.com\/wp-content\/uploads\/2023\/08\/122443-1.jpg","width":496,"height":664},{"@type":"BreadcrumbList","@id":"https:\/\/tajkertesz.com\/termek\/fiskars-x11-hasito-fejsze-s\/#breadcrumb","itemListElement":[{"@type":"ListItem","position":1,"name":"Home","item":"https:\/\/tajkertesz.com\/"},{"@type":"ListItem","position":2,"name":"Kezd\u0151lap","item":"https:\/\/tajkertesz.com\/"},{"@type":"ListItem","position":3,"name":"Fiskars X11 has\u00edt\u00f3 fejsze-S 1015640"}]},{"@type":"WebSite","@id":"https:\/\/tajkertesz.com\/#website","url":"https:\/\/tajkertesz.com\/","name":"T\u00e1j-Kert\u00e9sz 84 Kft.","description":"Kert\u00e9szeti kis- \u00e9s nagykeresked\u00e9s, D\u00edszn\u00f6v\u00e9ny web\u00e1ruh\u00e1z orsz\u00e1gos h\u00e1zhozsz\u00e1ll\u00edt\u00e1ssal!","publisher":{"@id":"https:\/\/tajkertesz.com\/#organization"},"potentialAction":[{"@type":"SearchAction","target":{"@type":"EntryPoint","urlTemplate":"https:\/\/tajkertesz.com\/?s={search_term_string}"},"query-input":{"@type":"PropertyValueSpecification","valueRequired":true,"valueName":"search_term_string"}}],"inLanguage":"en-US"},{"@type":"Organization","@id":"https:\/\/tajkertesz.com\/#organization","name":"T\u00e1j-Kert\u00e9sz 84 Kft.","url":"https:\/\/tajkertesz.com\/","logo":{"@type":"ImageObject","inLanguage":"en-US","@id":"https:\/\/tajkertesz.com\/#\/schema\/logo\/image\/","url":"https:\/\/tajkertesz.com\/wp-content\/uploads\/2018\/02\/logo-2-e1518678052539.png","contentUrl":"https:\/\/tajkertesz.com\/wp-content\/uploads\/2018\/02\/logo-2-e1518678052539.png","width":81,"height":140,"caption":"T\u00e1j-Kert\u00e9sz 84 Kft."},"image":{"@id":"https:\/\/tajkertesz.com\/#\/schema\/logo\/image\/"},"sameAs":["https:\/\/www.facebook.com\/Tajkertesz\/"]}]}},"_links":{"self":[{"href":"https:\/\/tajkertesz.com\/en_US\/wp-json\/wp\/v2\/product\/16638","targetHints":{"allow":["GET"]}}],"collection":[{"href":"https:\/\/tajkertesz.com\/en_US\/wp-json\/wp\/v2\/product"}],"about":[{"href":"https:\/\/tajkertesz.com\/en_US\/wp-json\/wp\/v2\/types\/product"}],"wp:featuredmedia":[{"embeddable":true,"href":"https:\/\/tajkertesz.com\/en_US\/wp-json\/wp\/v2\/media\/16639"}],"wp:attachment":[{"href":"https:\/\/tajkertesz.com\/en_US\/wp-json\/wp\/v2\/media?parent=16638"}],"wp:term":[{"taxonomy":"product_brand","embeddable":true,"href":"https:\/\/tajkertesz.com\/en_US\/wp-json\/wp\/v2\/product_brand?post=16638"},{"taxonomy":"product_cat","embeddable":true,"href":"https:\/\/tajkertesz.com\/en_US\/wp-json\/wp\/v2\/product_cat?post=16638"},{"taxonomy":"product_tag","embeddable":true,"href":"https:\/\/tajkertesz.com\/en_US\/wp-json\/wp\/v2\/product_tag?post=16638"}],"curies":[{"name":"wp","href":"https:\/\/api.w.org\/{rel}","templated":true}]}}