{"id":16653,"date":"2023-08-30T11:48:37","date_gmt":"2023-08-30T11:48:37","guid":{"rendered":"https:\/\/tajkertesz.com\/?post_type=product&#038;p=16653"},"modified":"2026-02-13T09:42:01","modified_gmt":"2026-02-13T09:42:01","slug":"botrefin-10g-gombaolo-szer","status":"publish","type":"product","link":"https:\/\/tajkertesz.com\/en_US\/product\/botrefin-10g-gombaolo-szer\/","title":{"rendered":"Botrefin 10g. gomba\u00f6l\u0151 szer"},"content":{"rendered":"<h2>Botrefin 10g. gomba\u00f6l\u0151 szer<\/h2>\n<p>Botrefin 10g. gomba\u00f6l\u0151 szer<\/p>\n<p>Felsz\u00edv\u00f3d\u00f3 hat\u00f3anyagokat tartalmaz\u00f3 speci\u00e1lis botriticid k\u00e9sz\u00edtm\u00e9ny.<\/p>\n<p>Sz\u0151l\u0151ben (bor-, csemege-) a k\u00e9sz\u00edtm\u00e9ny sz\u00fcrkepen\u00e9sz ellen haszn\u00e1lhat\u00f3 fel a f\u00fcrtz\u00e1r\u00f3d\u00e1si \u00e9s zsend\u00fcl\u00e9si id\u0151szakban, megel\u0151z\u0151 m\u00f3don, 1-2 alkalommal. A kezel\u00e9seket f\u00fcrtz\u00e1r\u00f3d\u00e1s el\u0151tt egy\u00e9b, sz\u00fcrkepen\u00e9sz ellen enged\u00e9lyezett elt\u00e9r\u0151 hat\u00e1sm\u00f3d\u00fa hat\u00f3anyagot tartalmaz\u00f3 k\u00e9sz\u00edtm\u00e9nyekkel rot\u00e1ci\u00f3ban javasolt v\u00e9grehajtani. A sz\u00fcrkepen\u00e9sz elleni permetez\u00e9sek sor\u00e1n a f\u00fav\u00f3k\u00e1kat nem az eg\u00e9sz lombfal-fel\u00fcletre, hanem kifejezetten a f\u00fcrtz\u00f3n\u00e1ra kell ir\u00e1ny\u00edtani. A permetez\u00e9seket 0,4-0,5 kg\/ha d\u00f3zisban, valamint 300-500 l\/ha v\u00edzmennyis\u00e9get felhaszn\u00e1lva kell elv\u00e9gezni.<\/p>\n<p>D\u00edszn\u00f6v\u00e9nyekben a v\u00e9dekez\u00e9seket a hajt\u00e1s \u00e9s a vir\u00e1gr\u00e9szek v\u00e9delme c\u00e9lj\u00e1b\u00f3l legk\u00e9s\u0151bb a kezdeti t\u00fcnetek megjelen\u00e9sekor kell elkezdeni. A kezel\u00e9sekhez nedves\u00edt\u0151szer haszn\u00e1lata javasolt. A tov\u00e1bbi permetez\u00e9seket a fert\u0151z\u00e9s alakul\u00e1sa szerint, 14-16 nap m\u00falva lehet v\u00e9gezni. A k\u00e9sz\u00edtm\u00e9ny hideg- \u00e9s melegk\u00f6dk\u00e9pz\u0151 g\u00e9pekkel is kijuttathat\u00f3, a biol\u00f3giai hat\u00e9konys\u00e1g cs\u00f6kken\u00e9se n\u00e9lk\u00fcl.<\/p>\n<p>Hat\u00e1sm\u00f3d<br \/>\nA fludioxonil jel\u00e1tviteli folyamatokat m\u00f3dos\u00edt\u00f3, kontakt gomba\u00f6l\u0151 szer hat\u00f3anyag (FRAC k\u00f3d: 12).<br \/>\nA ciprodinil metionin bioszint\u00e9zis-g\u00e1tl\u00f3 felsz\u00edv\u00f3d\u00f3 gomba\u00f6l\u0151 szer hat\u00f3anyag (FRAC k\u00f3d: 9).<\/p>\n<p>\u00d6sszetev\u0151k<br \/>\n375 g\/kg ciprodinil<br \/>\n250 g\/kg fludioxonil<\/p>\n<p>Formul\u00e1ci\u00f3<br \/>\nv\u00edzben diszperg\u00e1lhat\u00f3 granul\u00e1tum (WG)<\/p>\n<p>Hat\u00e1sm\u00f3d<br \/>\nKontakt \u00e9s felsz\u00edv\u00f3d\u00f3<\/p>\n<p>&nbsp;<\/p>\n<p>El\u00e9rhet\u0151 t\u00f6bbf\u00e9le m\u00e9retben \u00e9s \u00e1rban.<\/p>\n<p><strong>K\u00e9szlet\u00fcnk napi szinten v\u00e1ltozik, ez\u00e9rt k\u00e9rj\u00fck, \u00e9rdekl\u0151dj\u00f6n szem\u00e9lyesen, telefonon vagy email-en.<br \/>\nA v\u00e1ltoztat\u00e1s jog\u00e1t fenntartjuk!\u00a0<\/strong><\/p>\n<p><a href=\"https:\/\/tajkertesz.com\/\">https:\/\/tajkertesz.com\/<\/a><\/p>\n<p><a href=\"https:\/\/www.facebook.com\/tajkertesz\/\">https:\/\/www.facebook.com\/tajkertesz\/<\/a><\/p>\n<p>Szem\u00e9lyes \u00e1tv\u00e9tel nyitvatart\u00e1si id\u0151ben a 17. ker\u00fclet Bakancsos utca 7. sz\u00e1m alatti Kert\u00e9szeti \u00e1rud\u00e1ban.<\/p>","protected":false},"excerpt":{"rendered":"<h2>Botrefin 10g. gomba\u00f6l\u0151 szer<\/h2>\n<p>Felsz\u00edv\u00f3d\u00f3 hat\u00f3anyagokat tartalmaz\u00f3 speci\u00e1lis botriticid k\u00e9sz\u00edtm\u00e9ny. Sz\u0151l\u0151ben (bor-, csemege-) a k\u00e9sz\u00edtm\u00e9ny sz\u00fcrkepen\u00e9sz ellen haszn\u00e1lhat\u00f3 fel a f\u00fcrtz\u00e1r\u00f3d\u00e1si \u00e9s zsend\u00fcl\u00e9si id\u0151szakban, megel\u0151z\u0151 m\u00f3don, 1-2 alkalommal&#8230;<\/p>\n<h3><span style=\"color: #ff0000;\">Csak szem\u00e9lyes \u00e1tv\u00e9tellel rendelhet\u0151!<\/span><\/h3>\n<div id=\"bodyContent\" class=\"mw-body-content\">\n<div id=\"mw-content-text\" class=\"mw-content-ltr\" dir=\"ltr\" lang=\"hu\">\n<div id=\"bodyContent\" class=\"mw-body-content\">\n<div id=\"mw-content-text\" class=\"mw-content-ltr\" dir=\"ltr\" lang=\"hu\">\n<p><b>K\u00e9szlet\u00fcnk napi szinten v\u00e1ltozik, ez\u00e9rt k\u00e9rj\u00fck, \u00e9rdekl\u0151dj\u00f6n szem\u00e9lyesen, telefonon vagy email-en.<\/b><\/p>\n<p>Term\u00e9keinket szem\u00e9lyesen is \u00e1tveheti a h\u00e9t minden napj\u00e1n nyitvatart\u00e1si id\u0151ben!<\/p>\n<\/div>\n<\/div>\n<\/div>\n<\/div>\n<p><b>A v\u00e1ltoztat\u00e1s jog\u00e1t fenntartjuk!\u00a0<\/b><\/p>\n<h3 align=\"justify\">Kiz\u00e1r\u00f3lag szem\u00e9lyes \u00e1tv\u00e9tellel lehets\u00e9ges a term\u00e9k megv\u00e1s\u00e1rl\u00e1sa!<\/h3>","protected":false},"featured_media":16654,"template":"","meta":{"_et_pb_use_builder":"","_et_pb_old_content":"","_et_gb_content_width":""},"product_brand":[],"product_cat":[3421],"product_tag":[4740,4187,4332,4842],"class_list":{"0":"post-16653","1":"product","2":"type-product","3":"status-publish","4":"has-post-thumbnail","6":"product_cat-gombaolo-szer","7":"product_tag-gombaolo","8":"product_tag-novenyvedoszer","9":"product_tag-permetszer","10":"product_tag-rozsdagomba","12":"first","13":"instock","14":"shipping-taxable","15":"purchasable","16":"product-type-simple"},"yoast_head":"<!-- This site is optimized with the Yoast SEO plugin v27.3 - https:\/\/yoast.com\/product\/yoast-seo-wordpress\/ -->\n<title>Botrefin 10g. gomba\u00f6l\u0151 szer - T\u00e1jkert\u00e9sz<\/title>\n<meta name=\"description\" content=\"Botrefin 10g. gomba\u00f6l\u0151 szer. Felsz\u00edv\u00f3d\u00f3 hat\u00f3anyagokat tartalmaz\u00f3 speci\u00e1lis botriticid k\u00e9sz\u00edtm\u00e9ny. Kert\u00e9szeti kis-\u00e9s nagykeresked\u00e9s\" \/>\n<meta name=\"robots\" content=\"index, follow, max-snippet:-1, max-image-preview:large, max-video-preview:-1\" \/>\n<link rel=\"canonical\" href=\"https:\/\/tajkertesz.com\/en_US\/product\/botrefin-10g-gombaolo-szer\/\" \/>\n<meta property=\"og:locale\" content=\"en_US\" \/>\n<meta property=\"og:type\" content=\"article\" \/>\n<meta property=\"og:title\" content=\"https:\/\/www.facebook.com\/tajkertesz\/\" \/>\n<meta property=\"og:description\" content=\"Felsz\u00edv\u00f3d\u00f3 hat\u00f3anyagokat tartalmaz\u00f3 speci\u00e1lis botriticid k\u00e9sz\u00edtm\u00e9ny.Sz\u0151l\u0151ben (bor-, csemege-) a k\u00e9sz\u00edtm\u00e9ny sz\u00fcrkepen\u00e9sz ellen haszn\u00e1lhat\u00f3 fel a f\u00fcrtz\u00e1r\u00f3d\u00e1si \u00e9s zsend\u00fcl\u00e9si id\u0151szakban, megel\u0151z\u0151 m\u00f3don, 1-2 alkalommal. A kezel\u00e9seket f\u00fcrtz\u00e1r\u00f3d\u00e1s el\u0151tt egy\u00e9b, sz\u00fcrkepen\u00e9sz ellen enged\u00e9lyezett elt\u00e9r\u0151 hat\u00e1sm\u00f3d\u00fa hat\u00f3anyagot tartalmaz\u00f3 k\u00e9sz\u00edtm\u00e9nyekkel rot\u00e1ci\u00f3ban javasolt v\u00e9grehajtani. A sz\u00fcrkepen\u00e9sz elleni permetez\u00e9sek sor\u00e1n a f\u00fav\u00f3k\u00e1kat nem az eg\u00e9sz lombfal-fel\u00fcletre, hanem kifejezetten a f\u00fcrtz\u00f3n\u00e1ra kell ir\u00e1ny\u00edtani. A permetez\u00e9seket 0,4-0,5 kg\/ha d\u00f3zisban, valamint 300-500 l\/ha v\u00edzmennyis\u00e9get felhaszn\u00e1lva kell elv\u00e9gezni.D\u00edszn\u00f6v\u00e9nyekben a v\u00e9dekez\u00e9seket a hajt\u00e1s \u00e9s a vir\u00e1gr\u00e9szek v\u00e9delme c\u00e9lj\u00e1b\u00f3l legk\u00e9s\u0151bb a kezdeti t\u00fcnetek megjelen\u00e9sekor kell elkezdeni. A kezel\u00e9sekhez nedves\u00edt\u0151szer haszn\u00e1lata javasolt. A tov\u00e1bbi permetez\u00e9seket a fert\u0151z\u00e9s alakul\u00e1sa szerint, 14-16 nap m\u00falva lehet v\u00e9gezni. A k\u00e9sz\u00edtm\u00e9ny hideg- \u00e9s melegk\u00f6dk\u00e9pz\u0151 g\u00e9pekkel is kijuttathat\u00f3, a biol\u00f3giai hat\u00e9konys\u00e1g cs\u00f6kken\u00e9se n\u00e9lk\u00fcl.Hat\u00e1sm\u00f3dA fludioxonil jel\u00e1tviteli folyamatokat m\u00f3dos\u00edt\u00f3, kontakt gomba\u00f6l\u0151 szer hat\u00f3anyag (FRAC k\u00f3d: 12).A ciprodinil metionin bioszint\u00e9zis-g\u00e1tl\u00f3 felsz\u00edv\u00f3d\u00f3 gomba\u00f6l\u0151 szer hat\u00f3anyag (FRAC k\u00f3d: 9).\u00d6sszetev\u0151k375 g\/kg ciprodinil250 g\/kg fludioxonilFormul\u00e1ci\u00f3v\u00edzben diszperg\u00e1lhat\u00f3 granul\u00e1tum (WG)Hat\u00e1sm\u00f3dKontakt \u00e9s felsz\u00edv\u00f3d\u00f3\" \/>\n<meta property=\"og:url\" content=\"https:\/\/tajkertesz.com\/en_US\/product\/botrefin-10g-gombaolo-szer\/\" \/>\n<meta property=\"og:site_name\" content=\"T\u00e1jkert\u00e9sz\" \/>\n<meta property=\"article:publisher\" content=\"https:\/\/www.facebook.com\/Tajkertesz\/\" \/>\n<meta property=\"article:modified_time\" content=\"2026-02-13T09:42:01+00:00\" \/>\n<meta property=\"og:image\" content=\"https:\/\/tajkertesz.com\/wp-content\/uploads\/2023\/08\/botrefin-gombaolo.png\" \/>\n\t<meta property=\"og:image:width\" content=\"515\" \/>\n\t<meta property=\"og:image:height\" content=\"600\" \/>\n\t<meta property=\"og:image:type\" content=\"image\/png\" \/>\n<meta name=\"twitter:card\" content=\"summary_large_image\" \/>\n<meta name=\"twitter:label1\" content=\"Est. reading time\" \/>\n\t<meta name=\"twitter:data1\" content=\"2 minutes\" \/>\n<script type=\"application\/ld+json\" class=\"yoast-schema-graph\">{\"@context\":\"https:\\\/\\\/schema.org\",\"@graph\":[{\"@type\":\"WebPage\",\"@id\":\"https:\\\/\\\/tajkertesz.com\\\/termek\\\/botrefin-10g-gombaolo-szer\\\/\",\"url\":\"https:\\\/\\\/tajkertesz.com\\\/termek\\\/botrefin-10g-gombaolo-szer\\\/\",\"name\":\"Botrefin 10g. gomba\u00f6l\u0151 szer - T\u00e1jkert\u00e9sz\",\"isPartOf\":{\"@id\":\"https:\\\/\\\/tajkertesz.com\\\/#website\"},\"primaryImageOfPage\":{\"@id\":\"https:\\\/\\\/tajkertesz.com\\\/termek\\\/botrefin-10g-gombaolo-szer\\\/#primaryimage\"},\"image\":{\"@id\":\"https:\\\/\\\/tajkertesz.com\\\/termek\\\/botrefin-10g-gombaolo-szer\\\/#primaryimage\"},\"thumbnailUrl\":\"https:\\\/\\\/tajkertesz.com\\\/wp-content\\\/uploads\\\/2023\\\/08\\\/botrefin-gombaolo.png\",\"datePublished\":\"2023-08-30T11:48:37+00:00\",\"dateModified\":\"2026-02-13T09:42:01+00:00\",\"description\":\"Botrefin 10g. gomba\u00f6l\u0151 szer. Felsz\u00edv\u00f3d\u00f3 hat\u00f3anyagokat tartalmaz\u00f3 speci\u00e1lis botriticid k\u00e9sz\u00edtm\u00e9ny. Kert\u00e9szeti kis-\u00e9s nagykeresked\u00e9s\",\"breadcrumb\":{\"@id\":\"https:\\\/\\\/tajkertesz.com\\\/termek\\\/botrefin-10g-gombaolo-szer\\\/#breadcrumb\"},\"inLanguage\":\"en-US\",\"potentialAction\":[{\"@type\":\"ReadAction\",\"target\":[\"https:\\\/\\\/tajkertesz.com\\\/termek\\\/botrefin-10g-gombaolo-szer\\\/\"]}]},{\"@type\":\"ImageObject\",\"inLanguage\":\"en-US\",\"@id\":\"https:\\\/\\\/tajkertesz.com\\\/termek\\\/botrefin-10g-gombaolo-szer\\\/#primaryimage\",\"url\":\"https:\\\/\\\/tajkertesz.com\\\/wp-content\\\/uploads\\\/2023\\\/08\\\/botrefin-gombaolo.png\",\"contentUrl\":\"https:\\\/\\\/tajkertesz.com\\\/wp-content\\\/uploads\\\/2023\\\/08\\\/botrefin-gombaolo.png\",\"width\":515,\"height\":600},{\"@type\":\"BreadcrumbList\",\"@id\":\"https:\\\/\\\/tajkertesz.com\\\/termek\\\/botrefin-10g-gombaolo-szer\\\/#breadcrumb\",\"itemListElement\":[{\"@type\":\"ListItem\",\"position\":1,\"name\":\"Home\",\"item\":\"https:\\\/\\\/tajkertesz.com\\\/\"},{\"@type\":\"ListItem\",\"position\":2,\"name\":\"Kezd\u0151lap\",\"item\":\"https:\\\/\\\/tajkertesz.com\\\/\"},{\"@type\":\"ListItem\",\"position\":3,\"name\":\"Botrefin 10g. gomba\u00f6l\u0151 szer\"}]},{\"@type\":\"WebSite\",\"@id\":\"https:\\\/\\\/tajkertesz.com\\\/#website\",\"url\":\"https:\\\/\\\/tajkertesz.com\\\/\",\"name\":\"T\u00e1j-Kert\u00e9sz 84 Kft.\",\"description\":\"Kert\u00e9szeti kis- \u00e9s nagykeresked\u00e9s, D\u00edszn\u00f6v\u00e9ny web\u00e1ruh\u00e1z orsz\u00e1gos h\u00e1zhozsz\u00e1ll\u00edt\u00e1ssal!\",\"publisher\":{\"@id\":\"https:\\\/\\\/tajkertesz.com\\\/#organization\"},\"potentialAction\":[{\"@type\":\"SearchAction\",\"target\":{\"@type\":\"EntryPoint\",\"urlTemplate\":\"https:\\\/\\\/tajkertesz.com\\\/?s={search_term_string}\"},\"query-input\":{\"@type\":\"PropertyValueSpecification\",\"valueRequired\":true,\"valueName\":\"search_term_string\"}}],\"inLanguage\":\"en-US\"},{\"@type\":\"Organization\",\"@id\":\"https:\\\/\\\/tajkertesz.com\\\/#organization\",\"name\":\"T\u00e1j-Kert\u00e9sz 84 Kft.\",\"url\":\"https:\\\/\\\/tajkertesz.com\\\/\",\"logo\":{\"@type\":\"ImageObject\",\"inLanguage\":\"en-US\",\"@id\":\"https:\\\/\\\/tajkertesz.com\\\/#\\\/schema\\\/logo\\\/image\\\/\",\"url\":\"https:\\\/\\\/tajkertesz.com\\\/wp-content\\\/uploads\\\/2018\\\/02\\\/logo-2-e1518678052539.png\",\"contentUrl\":\"https:\\\/\\\/tajkertesz.com\\\/wp-content\\\/uploads\\\/2018\\\/02\\\/logo-2-e1518678052539.png\",\"width\":81,\"height\":140,\"caption\":\"T\u00e1j-Kert\u00e9sz 84 Kft.\"},\"image\":{\"@id\":\"https:\\\/\\\/tajkertesz.com\\\/#\\\/schema\\\/logo\\\/image\\\/\"},\"sameAs\":[\"https:\\\/\\\/www.facebook.com\\\/Tajkertesz\\\/\"]}]}<\/script>\n<!-- \/ Yoast SEO plugin. -->","yoast_head_json":{"title":"Botrefin 10g. gomba\u00f6l\u0151 szer - T\u00e1jkert\u00e9sz","description":"Botrefin 10g. gomba\u00f6l\u0151 szer. Felsz\u00edv\u00f3d\u00f3 hat\u00f3anyagokat tartalmaz\u00f3 speci\u00e1lis botriticid k\u00e9sz\u00edtm\u00e9ny. Kert\u00e9szeti kis-\u00e9s nagykeresked\u00e9s","robots":{"index":"index","follow":"follow","max-snippet":"max-snippet:-1","max-image-preview":"max-image-preview:large","max-video-preview":"max-video-preview:-1"},"canonical":"https:\/\/tajkertesz.com\/en_US\/product\/botrefin-10g-gombaolo-szer\/","og_locale":"en_US","og_type":"article","og_title":"https:\/\/www.facebook.com\/tajkertesz\/","og_description":"Felsz\u00edv\u00f3d\u00f3 hat\u00f3anyagokat tartalmaz\u00f3 speci\u00e1lis botriticid k\u00e9sz\u00edtm\u00e9ny.Sz\u0151l\u0151ben (bor-, csemege-) a k\u00e9sz\u00edtm\u00e9ny sz\u00fcrkepen\u00e9sz ellen haszn\u00e1lhat\u00f3 fel a f\u00fcrtz\u00e1r\u00f3d\u00e1si \u00e9s zsend\u00fcl\u00e9si id\u0151szakban, megel\u0151z\u0151 m\u00f3don, 1-2 alkalommal. A kezel\u00e9seket f\u00fcrtz\u00e1r\u00f3d\u00e1s el\u0151tt egy\u00e9b, sz\u00fcrkepen\u00e9sz ellen enged\u00e9lyezett elt\u00e9r\u0151 hat\u00e1sm\u00f3d\u00fa hat\u00f3anyagot tartalmaz\u00f3 k\u00e9sz\u00edtm\u00e9nyekkel rot\u00e1ci\u00f3ban javasolt v\u00e9grehajtani. A sz\u00fcrkepen\u00e9sz elleni permetez\u00e9sek sor\u00e1n a f\u00fav\u00f3k\u00e1kat nem az eg\u00e9sz lombfal-fel\u00fcletre, hanem kifejezetten a f\u00fcrtz\u00f3n\u00e1ra kell ir\u00e1ny\u00edtani. A permetez\u00e9seket 0,4-0,5 kg\/ha d\u00f3zisban, valamint 300-500 l\/ha v\u00edzmennyis\u00e9get felhaszn\u00e1lva kell elv\u00e9gezni.D\u00edszn\u00f6v\u00e9nyekben a v\u00e9dekez\u00e9seket a hajt\u00e1s \u00e9s a vir\u00e1gr\u00e9szek v\u00e9delme c\u00e9lj\u00e1b\u00f3l legk\u00e9s\u0151bb a kezdeti t\u00fcnetek megjelen\u00e9sekor kell elkezdeni. A kezel\u00e9sekhez nedves\u00edt\u0151szer haszn\u00e1lata javasolt. A tov\u00e1bbi permetez\u00e9seket a fert\u0151z\u00e9s alakul\u00e1sa szerint, 14-16 nap m\u00falva lehet v\u00e9gezni. A k\u00e9sz\u00edtm\u00e9ny hideg- \u00e9s melegk\u00f6dk\u00e9pz\u0151 g\u00e9pekkel is kijuttathat\u00f3, a biol\u00f3giai hat\u00e9konys\u00e1g cs\u00f6kken\u00e9se n\u00e9lk\u00fcl.Hat\u00e1sm\u00f3dA fludioxonil jel\u00e1tviteli folyamatokat m\u00f3dos\u00edt\u00f3, kontakt gomba\u00f6l\u0151 szer hat\u00f3anyag (FRAC k\u00f3d: 12).A ciprodinil metionin bioszint\u00e9zis-g\u00e1tl\u00f3 felsz\u00edv\u00f3d\u00f3 gomba\u00f6l\u0151 szer hat\u00f3anyag (FRAC k\u00f3d: 9).\u00d6sszetev\u0151k375 g\/kg ciprodinil250 g\/kg fludioxonilFormul\u00e1ci\u00f3v\u00edzben diszperg\u00e1lhat\u00f3 granul\u00e1tum (WG)Hat\u00e1sm\u00f3dKontakt \u00e9s felsz\u00edv\u00f3d\u00f3","og_url":"https:\/\/tajkertesz.com\/en_US\/product\/botrefin-10g-gombaolo-szer\/","og_site_name":"T\u00e1jkert\u00e9sz","article_publisher":"https:\/\/www.facebook.com\/Tajkertesz\/","article_modified_time":"2026-02-13T09:42:01+00:00","og_image":[{"width":515,"height":600,"url":"https:\/\/tajkertesz.com\/wp-content\/uploads\/2023\/08\/botrefin-gombaolo.png","type":"image\/png"}],"twitter_card":"summary_large_image","twitter_misc":{"Est. reading time":"2 minutes"},"schema":{"@context":"https:\/\/schema.org","@graph":[{"@type":"WebPage","@id":"https:\/\/tajkertesz.com\/termek\/botrefin-10g-gombaolo-szer\/","url":"https:\/\/tajkertesz.com\/termek\/botrefin-10g-gombaolo-szer\/","name":"Botrefin 10g. gomba\u00f6l\u0151 szer - T\u00e1jkert\u00e9sz","isPartOf":{"@id":"https:\/\/tajkertesz.com\/#website"},"primaryImageOfPage":{"@id":"https:\/\/tajkertesz.com\/termek\/botrefin-10g-gombaolo-szer\/#primaryimage"},"image":{"@id":"https:\/\/tajkertesz.com\/termek\/botrefin-10g-gombaolo-szer\/#primaryimage"},"thumbnailUrl":"https:\/\/tajkertesz.com\/wp-content\/uploads\/2023\/08\/botrefin-gombaolo.png","datePublished":"2023-08-30T11:48:37+00:00","dateModified":"2026-02-13T09:42:01+00:00","description":"Botrefin 10g. gomba\u00f6l\u0151 szer. Felsz\u00edv\u00f3d\u00f3 hat\u00f3anyagokat tartalmaz\u00f3 speci\u00e1lis botriticid k\u00e9sz\u00edtm\u00e9ny. Kert\u00e9szeti kis-\u00e9s nagykeresked\u00e9s","breadcrumb":{"@id":"https:\/\/tajkertesz.com\/termek\/botrefin-10g-gombaolo-szer\/#breadcrumb"},"inLanguage":"en-US","potentialAction":[{"@type":"ReadAction","target":["https:\/\/tajkertesz.com\/termek\/botrefin-10g-gombaolo-szer\/"]}]},{"@type":"ImageObject","inLanguage":"en-US","@id":"https:\/\/tajkertesz.com\/termek\/botrefin-10g-gombaolo-szer\/#primaryimage","url":"https:\/\/tajkertesz.com\/wp-content\/uploads\/2023\/08\/botrefin-gombaolo.png","contentUrl":"https:\/\/tajkertesz.com\/wp-content\/uploads\/2023\/08\/botrefin-gombaolo.png","width":515,"height":600},{"@type":"BreadcrumbList","@id":"https:\/\/tajkertesz.com\/termek\/botrefin-10g-gombaolo-szer\/#breadcrumb","itemListElement":[{"@type":"ListItem","position":1,"name":"Home","item":"https:\/\/tajkertesz.com\/"},{"@type":"ListItem","position":2,"name":"Kezd\u0151lap","item":"https:\/\/tajkertesz.com\/"},{"@type":"ListItem","position":3,"name":"Botrefin 10g. gomba\u00f6l\u0151 szer"}]},{"@type":"WebSite","@id":"https:\/\/tajkertesz.com\/#website","url":"https:\/\/tajkertesz.com\/","name":"T\u00e1j-Kert\u00e9sz 84 Kft.","description":"Kert\u00e9szeti kis- \u00e9s nagykeresked\u00e9s, D\u00edszn\u00f6v\u00e9ny web\u00e1ruh\u00e1z orsz\u00e1gos h\u00e1zhozsz\u00e1ll\u00edt\u00e1ssal!","publisher":{"@id":"https:\/\/tajkertesz.com\/#organization"},"potentialAction":[{"@type":"SearchAction","target":{"@type":"EntryPoint","urlTemplate":"https:\/\/tajkertesz.com\/?s={search_term_string}"},"query-input":{"@type":"PropertyValueSpecification","valueRequired":true,"valueName":"search_term_string"}}],"inLanguage":"en-US"},{"@type":"Organization","@id":"https:\/\/tajkertesz.com\/#organization","name":"T\u00e1j-Kert\u00e9sz 84 Kft.","url":"https:\/\/tajkertesz.com\/","logo":{"@type":"ImageObject","inLanguage":"en-US","@id":"https:\/\/tajkertesz.com\/#\/schema\/logo\/image\/","url":"https:\/\/tajkertesz.com\/wp-content\/uploads\/2018\/02\/logo-2-e1518678052539.png","contentUrl":"https:\/\/tajkertesz.com\/wp-content\/uploads\/2018\/02\/logo-2-e1518678052539.png","width":81,"height":140,"caption":"T\u00e1j-Kert\u00e9sz 84 Kft."},"image":{"@id":"https:\/\/tajkertesz.com\/#\/schema\/logo\/image\/"},"sameAs":["https:\/\/www.facebook.com\/Tajkertesz\/"]}]}},"_links":{"self":[{"href":"https:\/\/tajkertesz.com\/en_US\/wp-json\/wp\/v2\/product\/16653","targetHints":{"allow":["GET"]}}],"collection":[{"href":"https:\/\/tajkertesz.com\/en_US\/wp-json\/wp\/v2\/product"}],"about":[{"href":"https:\/\/tajkertesz.com\/en_US\/wp-json\/wp\/v2\/types\/product"}],"wp:featuredmedia":[{"embeddable":true,"href":"https:\/\/tajkertesz.com\/en_US\/wp-json\/wp\/v2\/media\/16654"}],"wp:attachment":[{"href":"https:\/\/tajkertesz.com\/en_US\/wp-json\/wp\/v2\/media?parent=16653"}],"wp:term":[{"taxonomy":"product_brand","embeddable":true,"href":"https:\/\/tajkertesz.com\/en_US\/wp-json\/wp\/v2\/product_brand?post=16653"},{"taxonomy":"product_cat","embeddable":true,"href":"https:\/\/tajkertesz.com\/en_US\/wp-json\/wp\/v2\/product_cat?post=16653"},{"taxonomy":"product_tag","embeddable":true,"href":"https:\/\/tajkertesz.com\/en_US\/wp-json\/wp\/v2\/product_tag?post=16653"}],"curies":[{"name":"wp","href":"https:\/\/api.w.org\/{rel}","templated":true}]}}