{"id":16656,"date":"2023-08-30T12:02:28","date_gmt":"2023-08-30T12:02:28","guid":{"rendered":"https:\/\/tajkertesz.com\/?post_type=product&#038;p=16656"},"modified":"2026-02-13T09:41:54","modified_gmt":"2026-02-13T09:41:54","slug":"kerti-locsolotomlo-hajlekony-trick-hose-5m-15m-locsolopisztoly-7f-4bar-zold","status":"publish","type":"product","link":"https:\/\/tajkertesz.com\/en_US\/product\/kerti-locsolotomlo-hajlekony-trick-hose-5m-15m-locsolopisztoly-7f-4bar-zold\/","title":{"rendered":"Kerti locsol\u00f3t\u00f6ml\u0151 hajl\u00e9kony TRICK HOSE 5m &#8211; 15m + locsol\u00f3pisztoly 7f 4bar z\u00f6ld"},"content":{"rendered":"<h2>Kerti locsol\u00f3t\u00f6ml\u0151 hajl\u00e9kony TRICK HOSE 5m &#8211; 15m + locsol\u00f3pisztoly 7f 4bar z\u00f6ld<\/h2>\n<p>Nagyon k\u00f6nny\u0171, nem t\u00f6rik \u00e9s nem gubancol\u00f3dik.\u00a0V\u00edzzel t\u00f6ltve h\u00e1romszoros\u00e1ra n\u00f6veli a hossz\u00e1t.\u00a0A v\u00edzell\u00e1t\u00e1s megszakad\u00e1sakor mag\u00e1t\u00f3l visszanyeri eredeti hossz\u00e1t.\u00a0A t\u00f6ml\u0151 ak\u00e1r 4 BAR v\u00edznyom\u00e1s alatt is m\u0171k\u00f6dhet.\u00a0Z\u00f6ld sz\u00edn.<\/p>\n<p>A k\u00e9szlet tartalma:<br \/>\n&#8211; k\u00e9t gyorscsatlakoz\u00f3<br \/>\n&#8211; 1\/2&#8243; csapos csatlakoz\u00e1s 3\/4&#8243; sz\u0171k\u00edt\u0151vel<br \/>\n&#8211; 7 funkci\u00f3s pisztoly<\/p>","protected":false},"excerpt":{"rendered":"<h2>Kerti locsol\u00f3t\u00f6ml\u0151 hajl\u00e9kony TRICK HOSE 5m &#8211; 15m + locsol\u00f3pisztoly 7f 4bar z\u00f6ld<\/h2>\n<p>Nagyon k\u00f6nny\u0171, nem t\u00f6rik \u00e9s nem gubancol\u00f3dik.\u00a0V\u00edzzel t\u00f6ltve h\u00e1romszoros\u00e1ra n\u00f6veli a hossz\u00e1t.\u00a0A v\u00edzell\u00e1t\u00e1s megszakad\u00e1sakor mag\u00e1t\u00f3l visszanyeri eredeti hossz\u00e1t.\u00a0A t\u00f6ml\u0151 ak\u00e1r 4 BAR v\u00edznyom\u00e1s alatt is m\u0171k\u00f6dhet&#8230;<\/p>\n<div id=\"bodyContent\" class=\"mw-body-content\">\n<div id=\"mw-content-text\" class=\"mw-content-ltr\" dir=\"ltr\" lang=\"hu\">\n<div id=\"bodyContent\" class=\"mw-body-content\">\n<div id=\"mw-content-text\" class=\"mw-content-ltr\" dir=\"ltr\" lang=\"hu\">\n<p><b>K\u00e9szlet\u00fcnk napi szinten v\u00e1ltozik, ez\u00e9rt k\u00e9rj\u00fck, \u00e9rdekl\u0151dj\u00f6n szem\u00e9lyesen, telefonon vagy email-en.<\/b><\/p>\n<p>Term\u00e9keinket szem\u00e9lyesen is \u00e1tveheti a h\u00e9t minden napj\u00e1n nyitvatart\u00e1si id\u0151ben!<\/p>\n<p>Kisz\u00e1ll\u00edt\u00e1s: 200 cm \u00e9s 40 kg-ig a sz\u00e1ll\u00edt\u00e1s fut\u00e1rszolg\u00e1lattal t\u00f6rt\u00e9nik.<\/p>\n<\/div>\n<\/div>\n<\/div>\n<\/div>\n<p><b>A v\u00e1ltoztat\u00e1s jog\u00e1t fenntartjuk!\u00a0<\/b><\/p>\n<p>&nbsp;<\/p>","protected":false},"featured_media":16657,"template":"","meta":{"_et_pb_use_builder":"","_et_pb_old_content":"","_et_gb_content_width":""},"product_brand":[],"product_cat":[1522,4333],"product_tag":[],"class_list":{"0":"post-16656","1":"product","2":"type-product","3":"status-publish","4":"has-post-thumbnail","6":"product_cat-whitw-line-bradas-termekeklocsolo-pisztolyok-szorofejek-kuplungok-tomlocsatlakozok","7":"product_cat-tomlok-slagok","9":"first","10":"instock","11":"shipping-taxable","12":"purchasable","13":"product-type-simple"},"yoast_head":"<!-- This site is optimized with the Yoast SEO plugin v27.5 - https:\/\/yoast.com\/product\/yoast-seo-wordpress\/ -->\n<title>Kerti locsol\u00f3t\u00f6ml\u0151 hajl\u00e9kony TRICK HOSE 5m - 15m + locsol\u00f3pisztoly 7f 4bar z\u00f6ld - T\u00e1jkert\u00e9sz<\/title>\n<meta name=\"description\" content=\"Kerti locsol\u00f3t\u00f6ml\u0151 hajl\u00e9kony TRICK HOSE 5m - 15m + locsol\u00f3pisztoly 7f 4bar z\u00f6ld. Nagyon k\u00f6nny\u0171, nem t\u00f6rik \u00e9s nem gubancol\u00f3dik.\u00a0V\u00edzzel t\u00f6ltve h\u00e1romszoros\u00e1ra\" \/>\n<meta name=\"robots\" content=\"index, follow, max-snippet:-1, max-image-preview:large, max-video-preview:-1\" \/>\n<link rel=\"canonical\" href=\"https:\/\/tajkertesz.com\/en_US\/product\/kerti-locsolotomlo-hajlekony-trick-hose-5m-15m-locsolopisztoly-7f-4bar-zold\/\" \/>\n<meta property=\"og:locale\" content=\"en_US\" \/>\n<meta property=\"og:type\" content=\"article\" \/>\n<meta property=\"og:title\" content=\"https:\/\/www.facebook.com\/tajkertesz\/\" \/>\n<meta property=\"og:description\" content=\"Kerti locsol\u00f3t\u00f6ml\u0151 hajl\u00e9kony TRICK HOSE 5m - 15m + locsol\u00f3pisztoly 7f 4bar z\u00f6ldNagyon k\u00f6nny\u0171, nem t\u00f6rik \u00e9s nem gubancol\u00f3dik.\u00a0V\u00edzzel t\u00f6ltve h\u00e1romszoros\u00e1ra n\u00f6veli a hossz\u00e1t.\u00a0A v\u00edzell\u00e1t\u00e1s megszakad\u00e1sakor mag\u00e1t\u00f3l visszanyeri eredeti hossz\u00e1t.\u00a0A t\u00f6ml\u0151 ak\u00e1r 4 BAR v\u00edznyom\u00e1s alatt is m\u0171k\u00f6dhet.\u00a0Z\u00f6ld sz\u00edn.A k\u00e9szlet tartalma:- k\u00e9t gyorscsatlakoz\u00f3- 1\/2&quot; csapos csatlakoz\u00e1s 3\/4&quot; sz\u0171k\u00edt\u0151vel- 7 funkci\u00f3s pisztoly\" \/>\n<meta property=\"og:url\" content=\"https:\/\/tajkertesz.com\/en_US\/product\/kerti-locsolotomlo-hajlekony-trick-hose-5m-15m-locsolopisztoly-7f-4bar-zold\/\" \/>\n<meta property=\"og:site_name\" content=\"T\u00e1jkert\u00e9sz\" \/>\n<meta property=\"article:publisher\" content=\"https:\/\/www.facebook.com\/Tajkertesz\/\" \/>\n<meta property=\"article:modified_time\" content=\"2026-02-13T09:41:54+00:00\" \/>\n<meta property=\"og:image\" content=\"https:\/\/tajkertesz.com\/wp-content\/uploads\/2023\/08\/WTH515GR.png\" \/>\n\t<meta property=\"og:image:width\" content=\"900\" \/>\n\t<meta property=\"og:image:height\" content=\"900\" \/>\n\t<meta property=\"og:image:type\" content=\"image\/png\" \/>\n<meta name=\"twitter:card\" content=\"summary_large_image\" \/>\n<meta name=\"twitter:label1\" content=\"Est. reading time\" \/>\n\t<meta name=\"twitter:data1\" content=\"1 minute\" \/>\n<script type=\"application\/ld+json\" class=\"yoast-schema-graph\">{\"@context\":\"https:\\\/\\\/schema.org\",\"@graph\":[{\"@type\":\"WebPage\",\"@id\":\"https:\\\/\\\/tajkertesz.com\\\/termek\\\/kerti-locsolotomlo-hajlekony-trick-hose-5m-15m-locsolopisztoly-7f-4bar-zold\\\/\",\"url\":\"https:\\\/\\\/tajkertesz.com\\\/termek\\\/kerti-locsolotomlo-hajlekony-trick-hose-5m-15m-locsolopisztoly-7f-4bar-zold\\\/\",\"name\":\"Kerti locsol\u00f3t\u00f6ml\u0151 hajl\u00e9kony TRICK HOSE 5m - 15m + locsol\u00f3pisztoly 7f 4bar z\u00f6ld - T\u00e1jkert\u00e9sz\",\"isPartOf\":{\"@id\":\"https:\\\/\\\/tajkertesz.com\\\/#website\"},\"primaryImageOfPage\":{\"@id\":\"https:\\\/\\\/tajkertesz.com\\\/termek\\\/kerti-locsolotomlo-hajlekony-trick-hose-5m-15m-locsolopisztoly-7f-4bar-zold\\\/#primaryimage\"},\"image\":{\"@id\":\"https:\\\/\\\/tajkertesz.com\\\/termek\\\/kerti-locsolotomlo-hajlekony-trick-hose-5m-15m-locsolopisztoly-7f-4bar-zold\\\/#primaryimage\"},\"thumbnailUrl\":\"https:\\\/\\\/tajkertesz.com\\\/wp-content\\\/uploads\\\/2023\\\/08\\\/WTH515GR.png\",\"datePublished\":\"2023-08-30T12:02:28+00:00\",\"dateModified\":\"2026-02-13T09:41:54+00:00\",\"description\":\"Kerti locsol\u00f3t\u00f6ml\u0151 hajl\u00e9kony TRICK HOSE 5m - 15m + locsol\u00f3pisztoly 7f 4bar z\u00f6ld. Nagyon k\u00f6nny\u0171, nem t\u00f6rik \u00e9s nem gubancol\u00f3dik.\u00a0V\u00edzzel t\u00f6ltve h\u00e1romszoros\u00e1ra\",\"breadcrumb\":{\"@id\":\"https:\\\/\\\/tajkertesz.com\\\/termek\\\/kerti-locsolotomlo-hajlekony-trick-hose-5m-15m-locsolopisztoly-7f-4bar-zold\\\/#breadcrumb\"},\"inLanguage\":\"en-US\",\"potentialAction\":[{\"@type\":\"ReadAction\",\"target\":[\"https:\\\/\\\/tajkertesz.com\\\/termek\\\/kerti-locsolotomlo-hajlekony-trick-hose-5m-15m-locsolopisztoly-7f-4bar-zold\\\/\"]}]},{\"@type\":\"ImageObject\",\"inLanguage\":\"en-US\",\"@id\":\"https:\\\/\\\/tajkertesz.com\\\/termek\\\/kerti-locsolotomlo-hajlekony-trick-hose-5m-15m-locsolopisztoly-7f-4bar-zold\\\/#primaryimage\",\"url\":\"https:\\\/\\\/tajkertesz.com\\\/wp-content\\\/uploads\\\/2023\\\/08\\\/WTH515GR.png\",\"contentUrl\":\"https:\\\/\\\/tajkertesz.com\\\/wp-content\\\/uploads\\\/2023\\\/08\\\/WTH515GR.png\",\"width\":900,\"height\":900},{\"@type\":\"BreadcrumbList\",\"@id\":\"https:\\\/\\\/tajkertesz.com\\\/termek\\\/kerti-locsolotomlo-hajlekony-trick-hose-5m-15m-locsolopisztoly-7f-4bar-zold\\\/#breadcrumb\",\"itemListElement\":[{\"@type\":\"ListItem\",\"position\":1,\"name\":\"Home\",\"item\":\"https:\\\/\\\/tajkertesz.com\\\/\"},{\"@type\":\"ListItem\",\"position\":2,\"name\":\"Kezd\u0151lap\",\"item\":\"https:\\\/\\\/tajkertesz.com\\\/\"},{\"@type\":\"ListItem\",\"position\":3,\"name\":\"Kerti locsol\u00f3t\u00f6ml\u0151 hajl\u00e9kony TRICK HOSE 5m &#8211; 15m + locsol\u00f3pisztoly 7f 4bar z\u00f6ld\"}]},{\"@type\":\"WebSite\",\"@id\":\"https:\\\/\\\/tajkertesz.com\\\/#website\",\"url\":\"https:\\\/\\\/tajkertesz.com\\\/\",\"name\":\"T\u00e1j-Kert\u00e9sz 84 Kft.\",\"description\":\"Kert\u00e9szeti kis- \u00e9s nagykeresked\u00e9s, D\u00edszn\u00f6v\u00e9ny web\u00e1ruh\u00e1z orsz\u00e1gos h\u00e1zhozsz\u00e1ll\u00edt\u00e1ssal!\",\"publisher\":{\"@id\":\"https:\\\/\\\/tajkertesz.com\\\/#organization\"},\"potentialAction\":[{\"@type\":\"SearchAction\",\"target\":{\"@type\":\"EntryPoint\",\"urlTemplate\":\"https:\\\/\\\/tajkertesz.com\\\/?s={search_term_string}\"},\"query-input\":{\"@type\":\"PropertyValueSpecification\",\"valueRequired\":true,\"valueName\":\"search_term_string\"}}],\"inLanguage\":\"en-US\"},{\"@type\":\"Organization\",\"@id\":\"https:\\\/\\\/tajkertesz.com\\\/#organization\",\"name\":\"T\u00e1j-Kert\u00e9sz 84 Kft.\",\"url\":\"https:\\\/\\\/tajkertesz.com\\\/\",\"logo\":{\"@type\":\"ImageObject\",\"inLanguage\":\"en-US\",\"@id\":\"https:\\\/\\\/tajkertesz.com\\\/#\\\/schema\\\/logo\\\/image\\\/\",\"url\":\"https:\\\/\\\/tajkertesz.com\\\/wp-content\\\/uploads\\\/2018\\\/02\\\/logo-2-e1518678052539.png\",\"contentUrl\":\"https:\\\/\\\/tajkertesz.com\\\/wp-content\\\/uploads\\\/2018\\\/02\\\/logo-2-e1518678052539.png\",\"width\":81,\"height\":140,\"caption\":\"T\u00e1j-Kert\u00e9sz 84 Kft.\"},\"image\":{\"@id\":\"https:\\\/\\\/tajkertesz.com\\\/#\\\/schema\\\/logo\\\/image\\\/\"},\"sameAs\":[\"https:\\\/\\\/www.facebook.com\\\/Tajkertesz\\\/\"]}]}<\/script>\n<!-- \/ Yoast SEO plugin. -->","yoast_head_json":{"title":"Kerti locsol\u00f3t\u00f6ml\u0151 hajl\u00e9kony TRICK HOSE 5m - 15m + locsol\u00f3pisztoly 7f 4bar z\u00f6ld - T\u00e1jkert\u00e9sz","description":"Kerti locsol\u00f3t\u00f6ml\u0151 hajl\u00e9kony TRICK HOSE 5m - 15m + locsol\u00f3pisztoly 7f 4bar z\u00f6ld. Nagyon k\u00f6nny\u0171, nem t\u00f6rik \u00e9s nem gubancol\u00f3dik.\u00a0V\u00edzzel t\u00f6ltve h\u00e1romszoros\u00e1ra","robots":{"index":"index","follow":"follow","max-snippet":"max-snippet:-1","max-image-preview":"max-image-preview:large","max-video-preview":"max-video-preview:-1"},"canonical":"https:\/\/tajkertesz.com\/en_US\/product\/kerti-locsolotomlo-hajlekony-trick-hose-5m-15m-locsolopisztoly-7f-4bar-zold\/","og_locale":"en_US","og_type":"article","og_title":"https:\/\/www.facebook.com\/tajkertesz\/","og_description":"Kerti locsol\u00f3t\u00f6ml\u0151 hajl\u00e9kony TRICK HOSE 5m - 15m + locsol\u00f3pisztoly 7f 4bar z\u00f6ldNagyon k\u00f6nny\u0171, nem t\u00f6rik \u00e9s nem gubancol\u00f3dik.\u00a0V\u00edzzel t\u00f6ltve h\u00e1romszoros\u00e1ra n\u00f6veli a hossz\u00e1t.\u00a0A v\u00edzell\u00e1t\u00e1s megszakad\u00e1sakor mag\u00e1t\u00f3l visszanyeri eredeti hossz\u00e1t.\u00a0A t\u00f6ml\u0151 ak\u00e1r 4 BAR v\u00edznyom\u00e1s alatt is m\u0171k\u00f6dhet.\u00a0Z\u00f6ld sz\u00edn.A k\u00e9szlet tartalma:- k\u00e9t gyorscsatlakoz\u00f3- 1\/2\" csapos csatlakoz\u00e1s 3\/4\" sz\u0171k\u00edt\u0151vel- 7 funkci\u00f3s pisztoly","og_url":"https:\/\/tajkertesz.com\/en_US\/product\/kerti-locsolotomlo-hajlekony-trick-hose-5m-15m-locsolopisztoly-7f-4bar-zold\/","og_site_name":"T\u00e1jkert\u00e9sz","article_publisher":"https:\/\/www.facebook.com\/Tajkertesz\/","article_modified_time":"2026-02-13T09:41:54+00:00","og_image":[{"width":900,"height":900,"url":"https:\/\/tajkertesz.com\/wp-content\/uploads\/2023\/08\/WTH515GR.png","type":"image\/png"}],"twitter_card":"summary_large_image","twitter_misc":{"Est. reading time":"1 minute"},"schema":{"@context":"https:\/\/schema.org","@graph":[{"@type":"WebPage","@id":"https:\/\/tajkertesz.com\/termek\/kerti-locsolotomlo-hajlekony-trick-hose-5m-15m-locsolopisztoly-7f-4bar-zold\/","url":"https:\/\/tajkertesz.com\/termek\/kerti-locsolotomlo-hajlekony-trick-hose-5m-15m-locsolopisztoly-7f-4bar-zold\/","name":"Kerti locsol\u00f3t\u00f6ml\u0151 hajl\u00e9kony TRICK HOSE 5m - 15m + locsol\u00f3pisztoly 7f 4bar z\u00f6ld - T\u00e1jkert\u00e9sz","isPartOf":{"@id":"https:\/\/tajkertesz.com\/#website"},"primaryImageOfPage":{"@id":"https:\/\/tajkertesz.com\/termek\/kerti-locsolotomlo-hajlekony-trick-hose-5m-15m-locsolopisztoly-7f-4bar-zold\/#primaryimage"},"image":{"@id":"https:\/\/tajkertesz.com\/termek\/kerti-locsolotomlo-hajlekony-trick-hose-5m-15m-locsolopisztoly-7f-4bar-zold\/#primaryimage"},"thumbnailUrl":"https:\/\/tajkertesz.com\/wp-content\/uploads\/2023\/08\/WTH515GR.png","datePublished":"2023-08-30T12:02:28+00:00","dateModified":"2026-02-13T09:41:54+00:00","description":"Kerti locsol\u00f3t\u00f6ml\u0151 hajl\u00e9kony TRICK HOSE 5m - 15m + locsol\u00f3pisztoly 7f 4bar z\u00f6ld. Nagyon k\u00f6nny\u0171, nem t\u00f6rik \u00e9s nem gubancol\u00f3dik.\u00a0V\u00edzzel t\u00f6ltve h\u00e1romszoros\u00e1ra","breadcrumb":{"@id":"https:\/\/tajkertesz.com\/termek\/kerti-locsolotomlo-hajlekony-trick-hose-5m-15m-locsolopisztoly-7f-4bar-zold\/#breadcrumb"},"inLanguage":"en-US","potentialAction":[{"@type":"ReadAction","target":["https:\/\/tajkertesz.com\/termek\/kerti-locsolotomlo-hajlekony-trick-hose-5m-15m-locsolopisztoly-7f-4bar-zold\/"]}]},{"@type":"ImageObject","inLanguage":"en-US","@id":"https:\/\/tajkertesz.com\/termek\/kerti-locsolotomlo-hajlekony-trick-hose-5m-15m-locsolopisztoly-7f-4bar-zold\/#primaryimage","url":"https:\/\/tajkertesz.com\/wp-content\/uploads\/2023\/08\/WTH515GR.png","contentUrl":"https:\/\/tajkertesz.com\/wp-content\/uploads\/2023\/08\/WTH515GR.png","width":900,"height":900},{"@type":"BreadcrumbList","@id":"https:\/\/tajkertesz.com\/termek\/kerti-locsolotomlo-hajlekony-trick-hose-5m-15m-locsolopisztoly-7f-4bar-zold\/#breadcrumb","itemListElement":[{"@type":"ListItem","position":1,"name":"Home","item":"https:\/\/tajkertesz.com\/"},{"@type":"ListItem","position":2,"name":"Kezd\u0151lap","item":"https:\/\/tajkertesz.com\/"},{"@type":"ListItem","position":3,"name":"Kerti locsol\u00f3t\u00f6ml\u0151 hajl\u00e9kony TRICK HOSE 5m &#8211; 15m + locsol\u00f3pisztoly 7f 4bar z\u00f6ld"}]},{"@type":"WebSite","@id":"https:\/\/tajkertesz.com\/#website","url":"https:\/\/tajkertesz.com\/","name":"T\u00e1j-Kert\u00e9sz 84 Kft.","description":"Kert\u00e9szeti kis- \u00e9s nagykeresked\u00e9s, D\u00edszn\u00f6v\u00e9ny web\u00e1ruh\u00e1z orsz\u00e1gos h\u00e1zhozsz\u00e1ll\u00edt\u00e1ssal!","publisher":{"@id":"https:\/\/tajkertesz.com\/#organization"},"potentialAction":[{"@type":"SearchAction","target":{"@type":"EntryPoint","urlTemplate":"https:\/\/tajkertesz.com\/?s={search_term_string}"},"query-input":{"@type":"PropertyValueSpecification","valueRequired":true,"valueName":"search_term_string"}}],"inLanguage":"en-US"},{"@type":"Organization","@id":"https:\/\/tajkertesz.com\/#organization","name":"T\u00e1j-Kert\u00e9sz 84 Kft.","url":"https:\/\/tajkertesz.com\/","logo":{"@type":"ImageObject","inLanguage":"en-US","@id":"https:\/\/tajkertesz.com\/#\/schema\/logo\/image\/","url":"https:\/\/tajkertesz.com\/wp-content\/uploads\/2018\/02\/logo-2-e1518678052539.png","contentUrl":"https:\/\/tajkertesz.com\/wp-content\/uploads\/2018\/02\/logo-2-e1518678052539.png","width":81,"height":140,"caption":"T\u00e1j-Kert\u00e9sz 84 Kft."},"image":{"@id":"https:\/\/tajkertesz.com\/#\/schema\/logo\/image\/"},"sameAs":["https:\/\/www.facebook.com\/Tajkertesz\/"]}]}},"_links":{"self":[{"href":"https:\/\/tajkertesz.com\/en_US\/wp-json\/wp\/v2\/product\/16656","targetHints":{"allow":["GET"]}}],"collection":[{"href":"https:\/\/tajkertesz.com\/en_US\/wp-json\/wp\/v2\/product"}],"about":[{"href":"https:\/\/tajkertesz.com\/en_US\/wp-json\/wp\/v2\/types\/product"}],"wp:featuredmedia":[{"embeddable":true,"href":"https:\/\/tajkertesz.com\/en_US\/wp-json\/wp\/v2\/media\/16657"}],"wp:attachment":[{"href":"https:\/\/tajkertesz.com\/en_US\/wp-json\/wp\/v2\/media?parent=16656"}],"wp:term":[{"taxonomy":"product_brand","embeddable":true,"href":"https:\/\/tajkertesz.com\/en_US\/wp-json\/wp\/v2\/product_brand?post=16656"},{"taxonomy":"product_cat","embeddable":true,"href":"https:\/\/tajkertesz.com\/en_US\/wp-json\/wp\/v2\/product_cat?post=16656"},{"taxonomy":"product_tag","embeddable":true,"href":"https:\/\/tajkertesz.com\/en_US\/wp-json\/wp\/v2\/product_tag?post=16656"}],"curies":[{"name":"wp","href":"https:\/\/api.w.org\/{rel}","templated":true}]}}