{"id":16660,"date":"2023-08-30T14:06:09","date_gmt":"2023-08-30T14:06:09","guid":{"rendered":"https:\/\/tajkertesz.com\/?post_type=product&#038;p=16660"},"modified":"2026-02-03T14:59:47","modified_gmt":"2026-02-03T14:59:47","slug":"locsolotomlo-1-sarga-25m","status":"publish","type":"product","link":"https:\/\/tajkertesz.com\/en_US\/product\/locsolotomlo-1-sarga-25m\/","title":{"rendered":"Locsol\u00f3t\u00f6ml\u0151 1&#8243; s\u00e1rga 25m"},"content":{"rendered":"<h2>Locsol\u00f3t\u00f6ml\u0151 1&#8243; s\u00e1rga 25m<\/h2>\n<p><b>PVC- kerti slag \/ kerti locsol\u00f3 t\u00f6ml\u0151 &#8211; locsol\u00f3 cs\u0151<\/b><\/p>\n<p>Rugalmas \u00e9s stabil slag, amely t\u00f6k\u00e9letes v\u00e1laszt\u00e1s kertj\u00e9nek v\u00edzell\u00e1t\u00e1s\u00e1hoz.<\/p>\n<p><b>Term\u00e9kle\u00edr\u00e1s:<\/b><\/p>\n<p>&#8211; csavarod\u00e1smentes<br \/>\n&#8211; 3 r\u00e9teg\u0171 PVC-locsol\u00f3 cs\u0151<br \/>\n&#8211; UV-\u00e1ll\u00f3<br \/>\n&#8211; magas nyom\u00e1sb\u00edr\u00f3 k\u00e9pess\u00e9g<br \/>\n&#8211; rugalmas \u00e9s strapab\u00edr\u00f3<br \/>\n&#8211; ellen\u00e1ll az id\u0151j\u00e1r\u00e1s viszontags\u00e1gainak<\/p>","protected":false},"excerpt":{"rendered":"<h2>Locsol\u00f3t\u00f6ml\u0151 1&#8243; s\u00e1rga 25m<\/h2>\n<p>Rugalmas \u00e9s stabil slag, amely t\u00f6k\u00e9letes v\u00e1laszt\u00e1s kertj\u00e9nek v\u00edzell\u00e1t\u00e1s\u00e1hoz&#8230;<\/p>\n<div id=\"bodyContent\" class=\"mw-body-content\">\n<div id=\"mw-content-text\" class=\"mw-content-ltr\" dir=\"ltr\" lang=\"hu\">\n<div id=\"bodyContent\" class=\"mw-body-content\">\n<div id=\"mw-content-text\" class=\"mw-content-ltr\" dir=\"ltr\" lang=\"hu\">\n<p><b>K\u00e9szlet\u00fcnk napi szinten v\u00e1ltozik, ez\u00e9rt k\u00e9rj\u00fck, \u00e9rdekl\u0151dj\u00f6n szem\u00e9lyesen, telefonon vagy email-en.<\/b><\/p>\n<p>Term\u00e9keinket szem\u00e9lyesen is \u00e1tveheti a h\u00e9t minden napj\u00e1n nyitvatart\u00e1si id\u0151ben!<\/p>\n<p>Kisz\u00e1ll\u00edt\u00e1s: 200 cm \u00e9s 40 kg-ig a sz\u00e1ll\u00edt\u00e1s fut\u00e1rszolg\u00e1lattal t\u00f6rt\u00e9nik.<\/p>\n<\/div>\n<\/div>\n<\/div>\n<\/div>\n<p><b>A v\u00e1ltoztat\u00e1s jog\u00e1t fenntartjuk!\u00a0<\/b><\/p>","protected":false},"featured_media":16661,"template":"","meta":{"_et_pb_use_builder":"","_et_pb_old_content":"","_et_gb_content_width":""},"product_brand":[],"product_cat":[4333],"product_tag":[],"class_list":{"0":"post-16660","1":"product","2":"type-product","3":"status-publish","4":"has-post-thumbnail","6":"product_cat-tomlok-slagok","8":"first","9":"instock","10":"shipping-taxable","11":"purchasable","12":"product-type-simple"},"yoast_head":"<!-- This site is optimized with the Yoast SEO plugin v27.3 - https:\/\/yoast.com\/product\/yoast-seo-wordpress\/ -->\n<title>Locsol\u00f3t\u00f6ml\u0151 1&quot; s\u00e1rga 25m - T\u00e1jkert\u00e9sz<\/title>\n<meta name=\"description\" content=\"Locsol\u00f3t\u00f6ml\u0151 1&quot; s\u00e1rga\" \/>\n<meta name=\"robots\" content=\"index, follow, max-snippet:-1, max-image-preview:large, max-video-preview:-1\" \/>\n<link rel=\"canonical\" href=\"https:\/\/tajkertesz.com\/en_US\/product\/locsolotomlo-1-sarga-25m\/\" \/>\n<meta property=\"og:locale\" content=\"en_US\" \/>\n<meta property=\"og:type\" content=\"article\" \/>\n<meta property=\"og:title\" content=\"https:\/\/www.facebook.com\/tajkertesz\/\" \/>\n<meta property=\"og:description\" content=\"PVC- kerti slag \/ kerti locsol\u00f3 t\u00f6ml\u0151 - locsol\u00f3 cs\u0151Rugalmas \u00e9s stabil slag, amely t\u00f6k\u00e9letes v\u00e1laszt\u00e1s kertj\u00e9nek v\u00edzell\u00e1t\u00e1s\u00e1hoz.Term\u00e9kle\u00edr\u00e1s:- 3 r\u00e9teg\u0171 PVC-locsol\u00f3 cs\u0151- UV-\u00e1ll\u00f3-magas nyom\u00e1sb\u00edr\u00f3 k\u00e9pess\u00e9g- rugalmas \u00e9s strapab\u00edr\u00f3- ellen\u00e1ll az id\u0151j\u00e1r\u00e1s viszontags\u00e1gainak\" \/>\n<meta property=\"og:url\" content=\"https:\/\/tajkertesz.com\/en_US\/product\/locsolotomlo-1-sarga-25m\/\" \/>\n<meta property=\"og:site_name\" content=\"T\u00e1jkert\u00e9sz\" \/>\n<meta property=\"article:publisher\" content=\"https:\/\/www.facebook.com\/Tajkertesz\/\" \/>\n<meta property=\"article:modified_time\" content=\"2026-02-03T14:59:47+00:00\" \/>\n<meta property=\"og:image\" content=\"https:\/\/tajkertesz.com\/wp-content\/uploads\/2023\/08\/locsolotomlo_master-2.jpg\" \/>\n\t<meta property=\"og:image:width\" content=\"492\" \/>\n\t<meta property=\"og:image:height\" content=\"383\" \/>\n\t<meta property=\"og:image:type\" content=\"image\/jpeg\" \/>\n<meta name=\"twitter:card\" content=\"summary_large_image\" \/>\n<meta name=\"twitter:label1\" content=\"Est. reading time\" \/>\n\t<meta name=\"twitter:data1\" content=\"1 minute\" \/>\n<script type=\"application\/ld+json\" class=\"yoast-schema-graph\">{\"@context\":\"https:\\\/\\\/schema.org\",\"@graph\":[{\"@type\":\"WebPage\",\"@id\":\"https:\\\/\\\/tajkertesz.com\\\/termek\\\/locsolotomlo-1-sarga-25m\\\/\",\"url\":\"https:\\\/\\\/tajkertesz.com\\\/termek\\\/locsolotomlo-1-sarga-25m\\\/\",\"name\":\"Locsol\u00f3t\u00f6ml\u0151 1\\\" s\u00e1rga 25m - T\u00e1jkert\u00e9sz\",\"isPartOf\":{\"@id\":\"https:\\\/\\\/tajkertesz.com\\\/#website\"},\"primaryImageOfPage\":{\"@id\":\"https:\\\/\\\/tajkertesz.com\\\/termek\\\/locsolotomlo-1-sarga-25m\\\/#primaryimage\"},\"image\":{\"@id\":\"https:\\\/\\\/tajkertesz.com\\\/termek\\\/locsolotomlo-1-sarga-25m\\\/#primaryimage\"},\"thumbnailUrl\":\"https:\\\/\\\/tajkertesz.com\\\/wp-content\\\/uploads\\\/2023\\\/08\\\/locsolotomlo_master-2.jpg\",\"datePublished\":\"2023-08-30T14:06:09+00:00\",\"dateModified\":\"2026-02-03T14:59:47+00:00\",\"description\":\"Locsol\u00f3t\u00f6ml\u0151 1\\\" s\u00e1rga\",\"breadcrumb\":{\"@id\":\"https:\\\/\\\/tajkertesz.com\\\/termek\\\/locsolotomlo-1-sarga-25m\\\/#breadcrumb\"},\"inLanguage\":\"en-US\",\"potentialAction\":[{\"@type\":\"ReadAction\",\"target\":[\"https:\\\/\\\/tajkertesz.com\\\/termek\\\/locsolotomlo-1-sarga-25m\\\/\"]}]},{\"@type\":\"ImageObject\",\"inLanguage\":\"en-US\",\"@id\":\"https:\\\/\\\/tajkertesz.com\\\/termek\\\/locsolotomlo-1-sarga-25m\\\/#primaryimage\",\"url\":\"https:\\\/\\\/tajkertesz.com\\\/wp-content\\\/uploads\\\/2023\\\/08\\\/locsolotomlo_master-2.jpg\",\"contentUrl\":\"https:\\\/\\\/tajkertesz.com\\\/wp-content\\\/uploads\\\/2023\\\/08\\\/locsolotomlo_master-2.jpg\",\"width\":492,\"height\":383},{\"@type\":\"BreadcrumbList\",\"@id\":\"https:\\\/\\\/tajkertesz.com\\\/termek\\\/locsolotomlo-1-sarga-25m\\\/#breadcrumb\",\"itemListElement\":[{\"@type\":\"ListItem\",\"position\":1,\"name\":\"Home\",\"item\":\"https:\\\/\\\/tajkertesz.com\\\/\"},{\"@type\":\"ListItem\",\"position\":2,\"name\":\"Kezd\u0151lap\",\"item\":\"https:\\\/\\\/tajkertesz.com\\\/\"},{\"@type\":\"ListItem\",\"position\":3,\"name\":\"Locsol\u00f3t\u00f6ml\u0151 1&#8243; s\u00e1rga 25m\"}]},{\"@type\":\"WebSite\",\"@id\":\"https:\\\/\\\/tajkertesz.com\\\/#website\",\"url\":\"https:\\\/\\\/tajkertesz.com\\\/\",\"name\":\"T\u00e1j-Kert\u00e9sz 84 Kft.\",\"description\":\"Kert\u00e9szeti kis- \u00e9s nagykeresked\u00e9s, D\u00edszn\u00f6v\u00e9ny web\u00e1ruh\u00e1z orsz\u00e1gos h\u00e1zhozsz\u00e1ll\u00edt\u00e1ssal!\",\"publisher\":{\"@id\":\"https:\\\/\\\/tajkertesz.com\\\/#organization\"},\"potentialAction\":[{\"@type\":\"SearchAction\",\"target\":{\"@type\":\"EntryPoint\",\"urlTemplate\":\"https:\\\/\\\/tajkertesz.com\\\/?s={search_term_string}\"},\"query-input\":{\"@type\":\"PropertyValueSpecification\",\"valueRequired\":true,\"valueName\":\"search_term_string\"}}],\"inLanguage\":\"en-US\"},{\"@type\":\"Organization\",\"@id\":\"https:\\\/\\\/tajkertesz.com\\\/#organization\",\"name\":\"T\u00e1j-Kert\u00e9sz 84 Kft.\",\"url\":\"https:\\\/\\\/tajkertesz.com\\\/\",\"logo\":{\"@type\":\"ImageObject\",\"inLanguage\":\"en-US\",\"@id\":\"https:\\\/\\\/tajkertesz.com\\\/#\\\/schema\\\/logo\\\/image\\\/\",\"url\":\"https:\\\/\\\/tajkertesz.com\\\/wp-content\\\/uploads\\\/2018\\\/02\\\/logo-2-e1518678052539.png\",\"contentUrl\":\"https:\\\/\\\/tajkertesz.com\\\/wp-content\\\/uploads\\\/2018\\\/02\\\/logo-2-e1518678052539.png\",\"width\":81,\"height\":140,\"caption\":\"T\u00e1j-Kert\u00e9sz 84 Kft.\"},\"image\":{\"@id\":\"https:\\\/\\\/tajkertesz.com\\\/#\\\/schema\\\/logo\\\/image\\\/\"},\"sameAs\":[\"https:\\\/\\\/www.facebook.com\\\/Tajkertesz\\\/\"]}]}<\/script>\n<!-- \/ Yoast SEO plugin. -->","yoast_head_json":{"title":"Locsol\u00f3t\u00f6ml\u0151 1\" s\u00e1rga 25m - T\u00e1jkert\u00e9sz","description":"Locsol\u00f3t\u00f6ml\u0151 1\" s\u00e1rga","robots":{"index":"index","follow":"follow","max-snippet":"max-snippet:-1","max-image-preview":"max-image-preview:large","max-video-preview":"max-video-preview:-1"},"canonical":"https:\/\/tajkertesz.com\/en_US\/product\/locsolotomlo-1-sarga-25m\/","og_locale":"en_US","og_type":"article","og_title":"https:\/\/www.facebook.com\/tajkertesz\/","og_description":"PVC- kerti slag \/ kerti locsol\u00f3 t\u00f6ml\u0151 - locsol\u00f3 cs\u0151Rugalmas \u00e9s stabil slag, amely t\u00f6k\u00e9letes v\u00e1laszt\u00e1s kertj\u00e9nek v\u00edzell\u00e1t\u00e1s\u00e1hoz.Term\u00e9kle\u00edr\u00e1s:- 3 r\u00e9teg\u0171 PVC-locsol\u00f3 cs\u0151- UV-\u00e1ll\u00f3-magas nyom\u00e1sb\u00edr\u00f3 k\u00e9pess\u00e9g- rugalmas \u00e9s strapab\u00edr\u00f3- ellen\u00e1ll az id\u0151j\u00e1r\u00e1s viszontags\u00e1gainak","og_url":"https:\/\/tajkertesz.com\/en_US\/product\/locsolotomlo-1-sarga-25m\/","og_site_name":"T\u00e1jkert\u00e9sz","article_publisher":"https:\/\/www.facebook.com\/Tajkertesz\/","article_modified_time":"2026-02-03T14:59:47+00:00","og_image":[{"width":492,"height":383,"url":"https:\/\/tajkertesz.com\/wp-content\/uploads\/2023\/08\/locsolotomlo_master-2.jpg","type":"image\/jpeg"}],"twitter_card":"summary_large_image","twitter_misc":{"Est. reading time":"1 minute"},"schema":{"@context":"https:\/\/schema.org","@graph":[{"@type":"WebPage","@id":"https:\/\/tajkertesz.com\/termek\/locsolotomlo-1-sarga-25m\/","url":"https:\/\/tajkertesz.com\/termek\/locsolotomlo-1-sarga-25m\/","name":"Locsol\u00f3t\u00f6ml\u0151 1\" s\u00e1rga 25m - T\u00e1jkert\u00e9sz","isPartOf":{"@id":"https:\/\/tajkertesz.com\/#website"},"primaryImageOfPage":{"@id":"https:\/\/tajkertesz.com\/termek\/locsolotomlo-1-sarga-25m\/#primaryimage"},"image":{"@id":"https:\/\/tajkertesz.com\/termek\/locsolotomlo-1-sarga-25m\/#primaryimage"},"thumbnailUrl":"https:\/\/tajkertesz.com\/wp-content\/uploads\/2023\/08\/locsolotomlo_master-2.jpg","datePublished":"2023-08-30T14:06:09+00:00","dateModified":"2026-02-03T14:59:47+00:00","description":"Locsol\u00f3t\u00f6ml\u0151 1\" s\u00e1rga","breadcrumb":{"@id":"https:\/\/tajkertesz.com\/termek\/locsolotomlo-1-sarga-25m\/#breadcrumb"},"inLanguage":"en-US","potentialAction":[{"@type":"ReadAction","target":["https:\/\/tajkertesz.com\/termek\/locsolotomlo-1-sarga-25m\/"]}]},{"@type":"ImageObject","inLanguage":"en-US","@id":"https:\/\/tajkertesz.com\/termek\/locsolotomlo-1-sarga-25m\/#primaryimage","url":"https:\/\/tajkertesz.com\/wp-content\/uploads\/2023\/08\/locsolotomlo_master-2.jpg","contentUrl":"https:\/\/tajkertesz.com\/wp-content\/uploads\/2023\/08\/locsolotomlo_master-2.jpg","width":492,"height":383},{"@type":"BreadcrumbList","@id":"https:\/\/tajkertesz.com\/termek\/locsolotomlo-1-sarga-25m\/#breadcrumb","itemListElement":[{"@type":"ListItem","position":1,"name":"Home","item":"https:\/\/tajkertesz.com\/"},{"@type":"ListItem","position":2,"name":"Kezd\u0151lap","item":"https:\/\/tajkertesz.com\/"},{"@type":"ListItem","position":3,"name":"Locsol\u00f3t\u00f6ml\u0151 1&#8243; s\u00e1rga 25m"}]},{"@type":"WebSite","@id":"https:\/\/tajkertesz.com\/#website","url":"https:\/\/tajkertesz.com\/","name":"T\u00e1j-Kert\u00e9sz 84 Kft.","description":"Kert\u00e9szeti kis- \u00e9s nagykeresked\u00e9s, D\u00edszn\u00f6v\u00e9ny web\u00e1ruh\u00e1z orsz\u00e1gos h\u00e1zhozsz\u00e1ll\u00edt\u00e1ssal!","publisher":{"@id":"https:\/\/tajkertesz.com\/#organization"},"potentialAction":[{"@type":"SearchAction","target":{"@type":"EntryPoint","urlTemplate":"https:\/\/tajkertesz.com\/?s={search_term_string}"},"query-input":{"@type":"PropertyValueSpecification","valueRequired":true,"valueName":"search_term_string"}}],"inLanguage":"en-US"},{"@type":"Organization","@id":"https:\/\/tajkertesz.com\/#organization","name":"T\u00e1j-Kert\u00e9sz 84 Kft.","url":"https:\/\/tajkertesz.com\/","logo":{"@type":"ImageObject","inLanguage":"en-US","@id":"https:\/\/tajkertesz.com\/#\/schema\/logo\/image\/","url":"https:\/\/tajkertesz.com\/wp-content\/uploads\/2018\/02\/logo-2-e1518678052539.png","contentUrl":"https:\/\/tajkertesz.com\/wp-content\/uploads\/2018\/02\/logo-2-e1518678052539.png","width":81,"height":140,"caption":"T\u00e1j-Kert\u00e9sz 84 Kft."},"image":{"@id":"https:\/\/tajkertesz.com\/#\/schema\/logo\/image\/"},"sameAs":["https:\/\/www.facebook.com\/Tajkertesz\/"]}]}},"_links":{"self":[{"href":"https:\/\/tajkertesz.com\/en_US\/wp-json\/wp\/v2\/product\/16660","targetHints":{"allow":["GET"]}}],"collection":[{"href":"https:\/\/tajkertesz.com\/en_US\/wp-json\/wp\/v2\/product"}],"about":[{"href":"https:\/\/tajkertesz.com\/en_US\/wp-json\/wp\/v2\/types\/product"}],"wp:featuredmedia":[{"embeddable":true,"href":"https:\/\/tajkertesz.com\/en_US\/wp-json\/wp\/v2\/media\/16661"}],"wp:attachment":[{"href":"https:\/\/tajkertesz.com\/en_US\/wp-json\/wp\/v2\/media?parent=16660"}],"wp:term":[{"taxonomy":"product_brand","embeddable":true,"href":"https:\/\/tajkertesz.com\/en_US\/wp-json\/wp\/v2\/product_brand?post=16660"},{"taxonomy":"product_cat","embeddable":true,"href":"https:\/\/tajkertesz.com\/en_US\/wp-json\/wp\/v2\/product_cat?post=16660"},{"taxonomy":"product_tag","embeddable":true,"href":"https:\/\/tajkertesz.com\/en_US\/wp-json\/wp\/v2\/product_tag?post=16660"}],"curies":[{"name":"wp","href":"https:\/\/api.w.org\/{rel}","templated":true}]}}