{"id":16666,"date":"2023-08-30T14:21:14","date_gmt":"2023-08-30T14:21:14","guid":{"rendered":"https:\/\/tajkertesz.com\/?post_type=product&#038;p=16666"},"modified":"2023-08-30T14:22:03","modified_gmt":"2023-08-30T14:22:03","slug":"bradas-izzado-tomlo-aqua-drop-1-2-50m","status":"publish","type":"product","link":"https:\/\/tajkertesz.com\/en_US\/product\/bradas-izzado-tomlo-aqua-drop-1-2-50m\/","title":{"rendered":"Bradas Izzad\u00f3 t\u00f6ml\u0151 AQUA-DROP 1\/2&#8243; &#8211; 50m"},"content":{"rendered":"<h2>Izzad\u00f3 t\u00f6ml\u0151 AQUA-DROP 1\/2&#8243; &#8211; 50m<\/h2>\n<p>AQUA-DROP &#8211; t\u00f6ml\u0151- rugalmas \u00e9s tart\u00f3s, 100% -ban \u00fajrahasznos\u00edtott, kiv\u00e1l\u00f3 min\u0151s\u00e9g\u0171 gumib\u00f3l k\u00e9sz\u00fcl, amely lehet\u0151v\u00e9 teszi a v\u00edz teljes hossz\u00e1ban val\u00f3 \u00e1tj\u00e1rhat\u00f3s\u00e1g\u00e1t.<\/p>\n<p>Gy\u00e1rt\u00f3:<\/p>\n<p><img loading=\"lazy\" decoding=\"async\" class=\"wp-image-16664 alignnone\" src=\"https:\/\/tajkertesz.com\/wp-content\/uploads\/2023\/08\/Bradas-300x81-1.png\" alt=\"\" width=\"109\" height=\"51\" srcset=\"https:\/\/tajkertesz.com\/wp-content\/uploads\/2023\/08\/Bradas-300x81-1.png 150w, https:\/\/tajkertesz.com\/wp-content\/uploads\/2023\/08\/Bradas-300x81-1-18x8.png 18w, https:\/\/tajkertesz.com\/wp-content\/uploads\/2023\/08\/Bradas-300x81-1-64x30.png 64w\" sizes=\"(max-width: 109px) 100vw, 109px\" \/><\/p>","protected":false},"excerpt":{"rendered":"<h2>Izzad\u00f3 t\u00f6ml\u0151 AQUA-DROP 1\/2&#8243; &#8211; 30m<\/h2>\n<p>AQUA-DROP &#8211; t\u00f6ml\u0151- rugalmas \u00e9s tart\u00f3s, 100% -ban \u00fajrahasznos\u00edtott, kiv\u00e1l\u00f3 min\u0151s\u00e9g\u0171 gumib\u00f3l k\u00e9sz\u00fcl, amely lehet\u0151v\u00e9 teszi a v\u00edz teljes hossz\u00e1ban val\u00f3 \u00e1tj\u00e1rhat\u00f3s\u00e1g\u00e1t&#8230;<\/p>\n<div id=\"bodyContent\" class=\"mw-body-content\">\n<div id=\"mw-content-text\" class=\"mw-content-ltr\" dir=\"ltr\" lang=\"hu\">\n<div id=\"bodyContent\" class=\"mw-body-content\">\n<div id=\"mw-content-text\" class=\"mw-content-ltr\" dir=\"ltr\" lang=\"hu\">\n<p><b>\u00e9szlet\u00fcnk napi szinten v\u00e1ltozik, ez\u00e9rt k\u00e9rj\u00fck, \u00e9rdekl\u0151dj\u00f6n szem\u00e9lyesen, telefonon vagy email-en.<\/b><\/p>\n<p>Term\u00e9keinket szem\u00e9lyesen is \u00e1tveheti a h\u00e9t minden napj\u00e1n nyitvatart\u00e1si id\u0151ben!<\/p>\n<p>Kisz\u00e1ll\u00edt\u00e1s: 200 cm \u00e9s 40 kg-ig a sz\u00e1ll\u00edt\u00e1s fut\u00e1rszolg\u00e1lattal t\u00f6rt\u00e9nik.<\/p>\n<\/div>\n<\/div>\n<\/div>\n<\/div>\n<p><b>A v\u00e1ltoztat\u00e1s jog\u00e1t fenntartjuk!\u00a0<\/b><\/p>","protected":false},"featured_media":16663,"template":"","meta":{"_et_pb_use_builder":"","_et_pb_old_content":"","_et_gb_content_width":""},"product_brand":[],"product_cat":[4333],"product_tag":[4335,4334],"class_list":{"0":"post-16666","1":"product","2":"type-product","3":"status-publish","4":"has-post-thumbnail","6":"product_cat-tomlok-slagok","7":"product_tag-izzadotomlo","8":"product_tag-tomlo","10":"first","11":"instock","12":"shipping-taxable","13":"purchasable","14":"product-type-simple"},"yoast_head":"<!-- This site is optimized with the Yoast SEO plugin v27.3 - https:\/\/yoast.com\/product\/yoast-seo-wordpress\/ -->\n<title>Bradas Izzad\u00f3 t\u00f6ml\u0151 AQUA-DROP 1\/2&quot; - 50m - T\u00e1jkert\u00e9sz<\/title>\n<meta name=\"description\" content=\"Izzad\u00f3 t\u00f6ml\u0151 AQUA-DROP 1\/2&quot; - 50m. AQUA-DROP - t\u00f6ml\u0151- rugalmas \u00e9s tart\u00f3s, 100% -ban \u00fajrahasznos\u00edtott, kiv\u00e1l\u00f3 min\u0151s\u00e9g\u0171 gumib\u00f3l k\u00e9sz\u00fcl, amely lehet\u0151v\u00e9 teszi.\" \/>\n<meta name=\"robots\" content=\"index, follow, max-snippet:-1, max-image-preview:large, max-video-preview:-1\" \/>\n<link rel=\"canonical\" href=\"https:\/\/tajkertesz.com\/en_US\/product\/bradas-izzado-tomlo-aqua-drop-1-2-50m\/\" \/>\n<meta property=\"og:locale\" content=\"en_US\" \/>\n<meta property=\"og:type\" content=\"article\" \/>\n<meta property=\"og:title\" content=\"https:\/\/www.facebook.com\/tajkertesz\/\" \/>\n<meta property=\"og:description\" content=\"AQUA-DROP - t\u00f6ml\u0151- rugalmas \u00e9s tart\u00f3s, 100% -ban \u00fajrahasznos\u00edtott, kiv\u00e1l\u00f3 min\u0151s\u00e9g\u0171 gumib\u00f3l k\u00e9sz\u00fcl, amely lehet\u0151v\u00e9 teszi a v\u00edz teljes hossz\u00e1ban val\u00f3 \u00e1tj\u00e1rhat\u00f3s\u00e1g\u00e1t.\" \/>\n<meta property=\"og:url\" content=\"https:\/\/tajkertesz.com\/en_US\/product\/bradas-izzado-tomlo-aqua-drop-1-2-50m\/\" \/>\n<meta property=\"og:site_name\" content=\"T\u00e1jkert\u00e9sz\" \/>\n<meta property=\"article:publisher\" content=\"https:\/\/www.facebook.com\/Tajkertesz\/\" \/>\n<meta property=\"article:modified_time\" content=\"2023-08-30T14:22:03+00:00\" \/>\n<meta property=\"og:image\" content=\"https:\/\/tajkertesz.com\/wp-content\/uploads\/2023\/08\/484fb194e86163656fbc7462ae78ec01.png\" \/>\n\t<meta property=\"og:image:width\" content=\"900\" \/>\n\t<meta property=\"og:image:height\" content=\"900\" \/>\n\t<meta property=\"og:image:type\" content=\"image\/png\" \/>\n<meta name=\"twitter:card\" content=\"summary_large_image\" \/>\n<meta name=\"twitter:label1\" content=\"Est. reading time\" \/>\n\t<meta name=\"twitter:data1\" content=\"1 minute\" \/>\n<script type=\"application\/ld+json\" class=\"yoast-schema-graph\">{\"@context\":\"https:\\\/\\\/schema.org\",\"@graph\":[{\"@type\":\"WebPage\",\"@id\":\"https:\\\/\\\/tajkertesz.com\\\/termek\\\/bradas-izzado-tomlo-aqua-drop-1-2-50m\\\/\",\"url\":\"https:\\\/\\\/tajkertesz.com\\\/termek\\\/bradas-izzado-tomlo-aqua-drop-1-2-50m\\\/\",\"name\":\"Bradas Izzad\u00f3 t\u00f6ml\u0151 AQUA-DROP 1\\\/2\\\" - 50m - T\u00e1jkert\u00e9sz\",\"isPartOf\":{\"@id\":\"https:\\\/\\\/tajkertesz.com\\\/#website\"},\"primaryImageOfPage\":{\"@id\":\"https:\\\/\\\/tajkertesz.com\\\/termek\\\/bradas-izzado-tomlo-aqua-drop-1-2-50m\\\/#primaryimage\"},\"image\":{\"@id\":\"https:\\\/\\\/tajkertesz.com\\\/termek\\\/bradas-izzado-tomlo-aqua-drop-1-2-50m\\\/#primaryimage\"},\"thumbnailUrl\":\"https:\\\/\\\/tajkertesz.com\\\/wp-content\\\/uploads\\\/2023\\\/08\\\/484fb194e86163656fbc7462ae78ec01.png\",\"datePublished\":\"2023-08-30T14:21:14+00:00\",\"dateModified\":\"2023-08-30T14:22:03+00:00\",\"description\":\"Izzad\u00f3 t\u00f6ml\u0151 AQUA-DROP 1\\\/2\\\" - 50m. AQUA-DROP - t\u00f6ml\u0151- rugalmas \u00e9s tart\u00f3s, 100% -ban \u00fajrahasznos\u00edtott, kiv\u00e1l\u00f3 min\u0151s\u00e9g\u0171 gumib\u00f3l k\u00e9sz\u00fcl, amely lehet\u0151v\u00e9 teszi.\",\"breadcrumb\":{\"@id\":\"https:\\\/\\\/tajkertesz.com\\\/termek\\\/bradas-izzado-tomlo-aqua-drop-1-2-50m\\\/#breadcrumb\"},\"inLanguage\":\"en-US\",\"potentialAction\":[{\"@type\":\"ReadAction\",\"target\":[\"https:\\\/\\\/tajkertesz.com\\\/termek\\\/bradas-izzado-tomlo-aqua-drop-1-2-50m\\\/\"]}]},{\"@type\":\"ImageObject\",\"inLanguage\":\"en-US\",\"@id\":\"https:\\\/\\\/tajkertesz.com\\\/termek\\\/bradas-izzado-tomlo-aqua-drop-1-2-50m\\\/#primaryimage\",\"url\":\"https:\\\/\\\/tajkertesz.com\\\/wp-content\\\/uploads\\\/2023\\\/08\\\/484fb194e86163656fbc7462ae78ec01.png\",\"contentUrl\":\"https:\\\/\\\/tajkertesz.com\\\/wp-content\\\/uploads\\\/2023\\\/08\\\/484fb194e86163656fbc7462ae78ec01.png\",\"width\":900,\"height\":900},{\"@type\":\"BreadcrumbList\",\"@id\":\"https:\\\/\\\/tajkertesz.com\\\/termek\\\/bradas-izzado-tomlo-aqua-drop-1-2-50m\\\/#breadcrumb\",\"itemListElement\":[{\"@type\":\"ListItem\",\"position\":1,\"name\":\"Home\",\"item\":\"https:\\\/\\\/tajkertesz.com\\\/\"},{\"@type\":\"ListItem\",\"position\":2,\"name\":\"Kezd\u0151lap\",\"item\":\"https:\\\/\\\/tajkertesz.com\\\/\"},{\"@type\":\"ListItem\",\"position\":3,\"name\":\"Bradas Izzad\u00f3 t\u00f6ml\u0151 AQUA-DROP 1\\\/2&#8243; &#8211; 50m\"}]},{\"@type\":\"WebSite\",\"@id\":\"https:\\\/\\\/tajkertesz.com\\\/#website\",\"url\":\"https:\\\/\\\/tajkertesz.com\\\/\",\"name\":\"T\u00e1j-Kert\u00e9sz 84 Kft.\",\"description\":\"Kert\u00e9szeti kis- \u00e9s nagykeresked\u00e9s, D\u00edszn\u00f6v\u00e9ny web\u00e1ruh\u00e1z orsz\u00e1gos h\u00e1zhozsz\u00e1ll\u00edt\u00e1ssal!\",\"publisher\":{\"@id\":\"https:\\\/\\\/tajkertesz.com\\\/#organization\"},\"potentialAction\":[{\"@type\":\"SearchAction\",\"target\":{\"@type\":\"EntryPoint\",\"urlTemplate\":\"https:\\\/\\\/tajkertesz.com\\\/?s={search_term_string}\"},\"query-input\":{\"@type\":\"PropertyValueSpecification\",\"valueRequired\":true,\"valueName\":\"search_term_string\"}}],\"inLanguage\":\"en-US\"},{\"@type\":\"Organization\",\"@id\":\"https:\\\/\\\/tajkertesz.com\\\/#organization\",\"name\":\"T\u00e1j-Kert\u00e9sz 84 Kft.\",\"url\":\"https:\\\/\\\/tajkertesz.com\\\/\",\"logo\":{\"@type\":\"ImageObject\",\"inLanguage\":\"en-US\",\"@id\":\"https:\\\/\\\/tajkertesz.com\\\/#\\\/schema\\\/logo\\\/image\\\/\",\"url\":\"https:\\\/\\\/tajkertesz.com\\\/wp-content\\\/uploads\\\/2018\\\/02\\\/logo-2-e1518678052539.png\",\"contentUrl\":\"https:\\\/\\\/tajkertesz.com\\\/wp-content\\\/uploads\\\/2018\\\/02\\\/logo-2-e1518678052539.png\",\"width\":81,\"height\":140,\"caption\":\"T\u00e1j-Kert\u00e9sz 84 Kft.\"},\"image\":{\"@id\":\"https:\\\/\\\/tajkertesz.com\\\/#\\\/schema\\\/logo\\\/image\\\/\"},\"sameAs\":[\"https:\\\/\\\/www.facebook.com\\\/Tajkertesz\\\/\"]}]}<\/script>\n<!-- \/ Yoast SEO plugin. -->","yoast_head_json":{"title":"Bradas Izzad\u00f3 t\u00f6ml\u0151 AQUA-DROP 1\/2\" - 50m - T\u00e1jkert\u00e9sz","description":"Izzad\u00f3 t\u00f6ml\u0151 AQUA-DROP 1\/2\" - 50m. AQUA-DROP - t\u00f6ml\u0151- rugalmas \u00e9s tart\u00f3s, 100% -ban \u00fajrahasznos\u00edtott, kiv\u00e1l\u00f3 min\u0151s\u00e9g\u0171 gumib\u00f3l k\u00e9sz\u00fcl, amely lehet\u0151v\u00e9 teszi.","robots":{"index":"index","follow":"follow","max-snippet":"max-snippet:-1","max-image-preview":"max-image-preview:large","max-video-preview":"max-video-preview:-1"},"canonical":"https:\/\/tajkertesz.com\/en_US\/product\/bradas-izzado-tomlo-aqua-drop-1-2-50m\/","og_locale":"en_US","og_type":"article","og_title":"https:\/\/www.facebook.com\/tajkertesz\/","og_description":"AQUA-DROP - t\u00f6ml\u0151- rugalmas \u00e9s tart\u00f3s, 100% -ban \u00fajrahasznos\u00edtott, kiv\u00e1l\u00f3 min\u0151s\u00e9g\u0171 gumib\u00f3l k\u00e9sz\u00fcl, amely lehet\u0151v\u00e9 teszi a v\u00edz teljes hossz\u00e1ban val\u00f3 \u00e1tj\u00e1rhat\u00f3s\u00e1g\u00e1t.","og_url":"https:\/\/tajkertesz.com\/en_US\/product\/bradas-izzado-tomlo-aqua-drop-1-2-50m\/","og_site_name":"T\u00e1jkert\u00e9sz","article_publisher":"https:\/\/www.facebook.com\/Tajkertesz\/","article_modified_time":"2023-08-30T14:22:03+00:00","og_image":[{"width":900,"height":900,"url":"https:\/\/tajkertesz.com\/wp-content\/uploads\/2023\/08\/484fb194e86163656fbc7462ae78ec01.png","type":"image\/png"}],"twitter_card":"summary_large_image","twitter_misc":{"Est. reading time":"1 minute"},"schema":{"@context":"https:\/\/schema.org","@graph":[{"@type":"WebPage","@id":"https:\/\/tajkertesz.com\/termek\/bradas-izzado-tomlo-aqua-drop-1-2-50m\/","url":"https:\/\/tajkertesz.com\/termek\/bradas-izzado-tomlo-aqua-drop-1-2-50m\/","name":"Bradas Izzad\u00f3 t\u00f6ml\u0151 AQUA-DROP 1\/2\" - 50m - T\u00e1jkert\u00e9sz","isPartOf":{"@id":"https:\/\/tajkertesz.com\/#website"},"primaryImageOfPage":{"@id":"https:\/\/tajkertesz.com\/termek\/bradas-izzado-tomlo-aqua-drop-1-2-50m\/#primaryimage"},"image":{"@id":"https:\/\/tajkertesz.com\/termek\/bradas-izzado-tomlo-aqua-drop-1-2-50m\/#primaryimage"},"thumbnailUrl":"https:\/\/tajkertesz.com\/wp-content\/uploads\/2023\/08\/484fb194e86163656fbc7462ae78ec01.png","datePublished":"2023-08-30T14:21:14+00:00","dateModified":"2023-08-30T14:22:03+00:00","description":"Izzad\u00f3 t\u00f6ml\u0151 AQUA-DROP 1\/2\" - 50m. AQUA-DROP - t\u00f6ml\u0151- rugalmas \u00e9s tart\u00f3s, 100% -ban \u00fajrahasznos\u00edtott, kiv\u00e1l\u00f3 min\u0151s\u00e9g\u0171 gumib\u00f3l k\u00e9sz\u00fcl, amely lehet\u0151v\u00e9 teszi.","breadcrumb":{"@id":"https:\/\/tajkertesz.com\/termek\/bradas-izzado-tomlo-aqua-drop-1-2-50m\/#breadcrumb"},"inLanguage":"en-US","potentialAction":[{"@type":"ReadAction","target":["https:\/\/tajkertesz.com\/termek\/bradas-izzado-tomlo-aqua-drop-1-2-50m\/"]}]},{"@type":"ImageObject","inLanguage":"en-US","@id":"https:\/\/tajkertesz.com\/termek\/bradas-izzado-tomlo-aqua-drop-1-2-50m\/#primaryimage","url":"https:\/\/tajkertesz.com\/wp-content\/uploads\/2023\/08\/484fb194e86163656fbc7462ae78ec01.png","contentUrl":"https:\/\/tajkertesz.com\/wp-content\/uploads\/2023\/08\/484fb194e86163656fbc7462ae78ec01.png","width":900,"height":900},{"@type":"BreadcrumbList","@id":"https:\/\/tajkertesz.com\/termek\/bradas-izzado-tomlo-aqua-drop-1-2-50m\/#breadcrumb","itemListElement":[{"@type":"ListItem","position":1,"name":"Home","item":"https:\/\/tajkertesz.com\/"},{"@type":"ListItem","position":2,"name":"Kezd\u0151lap","item":"https:\/\/tajkertesz.com\/"},{"@type":"ListItem","position":3,"name":"Bradas Izzad\u00f3 t\u00f6ml\u0151 AQUA-DROP 1\/2&#8243; &#8211; 50m"}]},{"@type":"WebSite","@id":"https:\/\/tajkertesz.com\/#website","url":"https:\/\/tajkertesz.com\/","name":"T\u00e1j-Kert\u00e9sz 84 Kft.","description":"Kert\u00e9szeti kis- \u00e9s nagykeresked\u00e9s, D\u00edszn\u00f6v\u00e9ny web\u00e1ruh\u00e1z orsz\u00e1gos h\u00e1zhozsz\u00e1ll\u00edt\u00e1ssal!","publisher":{"@id":"https:\/\/tajkertesz.com\/#organization"},"potentialAction":[{"@type":"SearchAction","target":{"@type":"EntryPoint","urlTemplate":"https:\/\/tajkertesz.com\/?s={search_term_string}"},"query-input":{"@type":"PropertyValueSpecification","valueRequired":true,"valueName":"search_term_string"}}],"inLanguage":"en-US"},{"@type":"Organization","@id":"https:\/\/tajkertesz.com\/#organization","name":"T\u00e1j-Kert\u00e9sz 84 Kft.","url":"https:\/\/tajkertesz.com\/","logo":{"@type":"ImageObject","inLanguage":"en-US","@id":"https:\/\/tajkertesz.com\/#\/schema\/logo\/image\/","url":"https:\/\/tajkertesz.com\/wp-content\/uploads\/2018\/02\/logo-2-e1518678052539.png","contentUrl":"https:\/\/tajkertesz.com\/wp-content\/uploads\/2018\/02\/logo-2-e1518678052539.png","width":81,"height":140,"caption":"T\u00e1j-Kert\u00e9sz 84 Kft."},"image":{"@id":"https:\/\/tajkertesz.com\/#\/schema\/logo\/image\/"},"sameAs":["https:\/\/www.facebook.com\/Tajkertesz\/"]}]}},"_links":{"self":[{"href":"https:\/\/tajkertesz.com\/en_US\/wp-json\/wp\/v2\/product\/16666","targetHints":{"allow":["GET"]}}],"collection":[{"href":"https:\/\/tajkertesz.com\/en_US\/wp-json\/wp\/v2\/product"}],"about":[{"href":"https:\/\/tajkertesz.com\/en_US\/wp-json\/wp\/v2\/types\/product"}],"wp:featuredmedia":[{"embeddable":true,"href":"https:\/\/tajkertesz.com\/en_US\/wp-json\/wp\/v2\/media\/16663"}],"wp:attachment":[{"href":"https:\/\/tajkertesz.com\/en_US\/wp-json\/wp\/v2\/media?parent=16666"}],"wp:term":[{"taxonomy":"product_brand","embeddable":true,"href":"https:\/\/tajkertesz.com\/en_US\/wp-json\/wp\/v2\/product_brand?post=16666"},{"taxonomy":"product_cat","embeddable":true,"href":"https:\/\/tajkertesz.com\/en_US\/wp-json\/wp\/v2\/product_cat?post=16666"},{"taxonomy":"product_tag","embeddable":true,"href":"https:\/\/tajkertesz.com\/en_US\/wp-json\/wp\/v2\/product_tag?post=16666"}],"curies":[{"name":"wp","href":"https:\/\/api.w.org\/{rel}","templated":true}]}}