{"id":16669,"date":"2023-08-30T14:49:08","date_gmt":"2023-08-30T14:49:08","guid":{"rendered":"https:\/\/tajkertesz.com\/?post_type=product&#038;p=16669"},"modified":"2026-02-13T09:44:03","modified_gmt":"2026-02-13T09:44:03","slug":"fiskars-locsolotomlo-19-mm-3-4-25-m-q3","status":"publish","type":"product","link":"https:\/\/tajkertesz.com\/en_US\/product\/fiskars-locsolotomlo-19-mm-3-4-25-m-q3\/","title":{"rendered":"Fiskars locsol\u00f3t\u00f6ml\u0151, 19 mm (3\/4&#8243;), 25 m Q3 1027100"},"content":{"rendered":"<h2>Fiskars locsol\u00f3t\u00f6ml\u0151, 19 mm (3\/4&#8243;), 25 m Q3<\/h2>\n<p>Fiskars locsol\u00f3t\u00f6ml\u0151, 19 mm (3\/4&#8243;), 25 m Q3<\/p>\n<p>A kert \u00e9s a gyep locsol\u00e1s\u00e1t nem kell t\u00falbonyol\u00edtani. Tart\u00f3s, kiv\u00e1l\u00f3 min\u0151s\u00e9g\u0171 \u00f6nt\u00f6z\u0151berendez\u00e9seink k\u00f6nnyen kezelhet\u0151ek \u00e9s t\u00e1rolhat\u00f3ak, \u00edgy m\u00e9g \u00e9lvezetesebb\u00e9 tessz\u00fck a kertben elt\u00f6lt\u00f6tt id\u0151t.<\/p>\n<p style=\"text-align: left;\" align=\"center\">Az els\u0151 dolog, amit figyelembe kell venni, az a hossz. Hogy mi felel meg \u00d6nnek az, att\u00f3l f\u00fcgg, mekkora ter\u00fcletet kell belocsolnia. Kertj\u00e9nek locsol\u00e1s\u00e1hoz v\u00e1lasszon olyan t\u00f6ml\u0151hosszat, amely a legink\u00e1bb megfelel a gyep m\u00e9ret\u00e9nek.\u00a0A t\u00f6ml\u0151 \u00e1tm\u00e9r\u0151je teljesen az \u00d6n d\u00f6nt\u00e9se.<\/p>\n<p style=\"text-align: left;\" align=\"center\">A dolgok m\u00e9g k\u00f6nnyebb\u00e9 t\u00e9tele \u00e9rdek\u00e9ben a Fiskars locsol\u00f3t\u00f6ml\u0151k \u00e9s csatlakoz\u00f3k sz\u00ednk\u00f3ddal rendelkeznek, \u00edgy pontosan tudja, mihez mi illik.<\/p>\n<p style=\"text-align: left;\" align=\"center\">Cs\u00e1b\u00edt\u00f3 lehet, ha hosszabb locsol\u00f3t\u00f6ml\u0151t vagy nagyobb \u00e1tm\u00e9r\u0151t v\u00e1laszt. Min\u00e9l nagyobb a locsol\u00f3t\u00f6ml\u0151 \u00e1tm\u00e9r\u0151je \u00e9s min\u00e9l hosszabb a locsol\u00f3t\u00f6ml\u0151, ann\u00e1l nehezebb mozogni vele. Ugyanakkor, egy nagy kert \u00f6nt\u00f6z\u00e9s\u00e9n\u00e9l egy nagy \u00e1tm\u00e9r\u0151j\u0171 locsol\u00f3t\u00f6ml\u0151 nagyobb v\u00edznyom\u00e1sra k\u00e9pes.<\/p>\n<p>Ez a tart\u00f3s, csavarod\u00e1s\u00e1ll\u00f3bb t\u00f6ml\u0151 a legmagasabb UV-v\u00e9delemmel, magas h\u00e1ml\u00e1si \u00e9s nagy reped\u00e9s\u00e1ll\u00f3s\u00e1ggal rendelkezik,<br \/>\nmegfelelve az otthoni \u00f6nt\u00f6z\u00e9si ig\u00e9nyeknek.<\/p>\n<p>A t\u00f6ml\u0151k \u00e9s a csatlakoz\u00f3k kiv\u00e1laszt\u00e1sa \u00e9s p\u00e1ros\u00edt\u00e1sa a sz\u00ednk\u00f3dol\u00e1si rendszer\u00fcnknek k\u00f6sz\u00f6nhet\u0151en egyszer\u0171:<br \/>\nk\u00e9k a 13-15 mm-es (\u00bd \u201d-5\/8\u201d), piros a 19 mm-es (3\/4 \u201d) \u00e9s s\u00e1rga a 9 mm-es (3\/8) \u201d). Csavarod\u00e1si ellen\u00e1ll\u00e1s szintje 3-as = nagy csavarod\u00e1si ellen\u00e1ll\u00e1s.<\/p>\n<p>El\u00e9rhet\u0151 t\u00f6bbf\u00e9le m\u00e9retben \u00e9s \u00e1rban.<\/p>\n<p><strong>K\u00e9szlet\u00fcnk napi szinten v\u00e1ltozik, ez\u00e9rt k\u00e9rj\u00fck, \u00e9rdekl\u0151dj\u00f6n szem\u00e9lyesen, telefonon vagy email-en.<br \/>\nA v\u00e1ltoztat\u00e1s jog\u00e1t fenntartjuk!\u00a0<\/strong><\/p>\n<p>&nbsp;<\/p>\n<p><a href=\"https:\/\/tajkertesz.com\/\">https:\/\/tajkertesz.com\/<\/a><\/p>\n<p><a href=\"https:\/\/www.facebook.com\/tajkertesz\/\">https:\/\/www.facebook.com\/tajkertesz\/<\/a><\/p>\n<p>Kisz\u00e1ll\u00edt\u00e1s: 200cm-ig \u00a0\u00e9s 40 kg-ig a sz\u00e1ll\u00edt\u00e1s fut\u00e1rszolg\u00e1lattal \u00a0t\u00f6rt\u00e9nik.<\/p>\n<p>Szem\u00e9lyes \u00e1tv\u00e9tel nyitvatart\u00e1si id\u0151ben a 17. ker\u00fclet Bakancsos utca 7. sz\u00e1m alatti Kert\u00e9szeti \u00e1rud\u00e1ban.<\/p>","protected":false},"excerpt":{"rendered":"<h2>Fiskars locsol\u00f3t\u00f6ml\u0151, 19 mm (3\/4&#8243;), 25 m Q3<\/h2>\n<p>K\u00f6nnyen kezelhet\u0151, csavarod\u00e1s\u00e1ll\u00f3 t\u00f6ml\u0151. Csavarod\u00e1si ellen\u00e1ll\u00e1s 3. szint. UV-\u00e1ll\u00f3. K\u00e1ros anyagokt\u00f3l mentes (flat\u00e1tmentes)&#8230;<\/p>\n<div id=\"bodyContent\" class=\"mw-body-content\">\n<div id=\"mw-content-text\" class=\"mw-content-ltr\" dir=\"ltr\" lang=\"hu\">\n<div id=\"bodyContent\" class=\"mw-body-content\">\n<div id=\"mw-content-text\" class=\"mw-content-ltr\" dir=\"ltr\" lang=\"hu\">\n<p><b>K\u00e9szlet\u00fcnk napi szinten v\u00e1ltozik, ez\u00e9rt k\u00e9rj\u00fck, \u00e9rdekl\u0151dj\u00f6n szem\u00e9lyesen, telefonon vagy email-en.<\/b><\/p>\n<p>Term\u00e9keinket szem\u00e9lyesen is \u00e1tveheti a h\u00e9t minden napj\u00e1n nyitvatart\u00e1si id\u0151ben!<\/p>\n<p>Kisz\u00e1ll\u00edt\u00e1s: 200 cm \u00e9s 40 kg-ig a sz\u00e1ll\u00edt\u00e1s fut\u00e1rszolg\u00e1lattal t\u00f6rt\u00e9nik.<\/p>\n<\/div>\n<\/div>\n<\/div>\n<\/div>\n<p><b>A v\u00e1ltoztat\u00e1s jog\u00e1t fenntartjuk!\u00a0<\/b><\/p>","protected":false},"featured_media":16670,"template":"","meta":{"_et_pb_use_builder":"","_et_pb_old_content":"","_et_gb_content_width":""},"product_brand":[],"product_cat":[1520,4726],"product_tag":[116,4727,4728,4336,4334],"class_list":{"0":"post-16669","1":"product","2":"type-product","3":"status-publish","4":"has-post-thumbnail","6":"product_cat-fiskars-termekek","7":"product_cat-fiskars-ontozestechnika","8":"product_tag-fiskars","9":"product_tag-locsolas","10":"product_tag-ontozes","11":"product_tag-slagok","12":"product_tag-tomlo","14":"first","15":"instock","16":"shipping-taxable","17":"purchasable","18":"product-type-simple"},"yoast_head":"<!-- This site is optimized with the Yoast SEO plugin v27.5 - https:\/\/yoast.com\/product\/yoast-seo-wordpress\/ -->\n<title>Fiskars locsol\u00f3t\u00f6ml\u0151, 19 mm (3\/4&quot;), 25 m Q3 1027100 - T\u00e1jkert\u00e9sz<\/title>\n<meta name=\"description\" content=\"Fiskars locsol\u00f3t\u00f6ml\u0151, 19 mm (3\/4&quot;), 25 m Q3. Ez a tart\u00f3s, csavarod\u00e1s\u00e1ll\u00f3bb t\u00f6ml\u0151 a legmagasabb UV-v\u00e9delemmel, magas h\u00e1ml\u00e1si \u00e9s nagy...\" \/>\n<meta name=\"robots\" content=\"index, follow, max-snippet:-1, max-image-preview:large, max-video-preview:-1\" \/>\n<link rel=\"canonical\" href=\"https:\/\/tajkertesz.com\/en_US\/product\/fiskars-locsolotomlo-19-mm-3-4-25-m-q3\/\" \/>\n<meta property=\"og:locale\" content=\"en_US\" \/>\n<meta property=\"og:type\" content=\"article\" \/>\n<meta property=\"og:title\" content=\"https:\/\/www.facebook.com\/tajkertesz\/\" \/>\n<meta property=\"og:description\" content=\"Ez a tart\u00f3s, csavarod\u00e1s\u00e1ll\u00f3bb t\u00f6ml\u0151 a legmagasabb UV-v\u00e9delemmel, magas h\u00e1ml\u00e1si \u00e9s nagy reped\u00e9s\u00e1ll\u00f3s\u00e1ggal rendelkezik,megfelelve az otthoni \u00f6nt\u00f6z\u00e9si ig\u00e9nyeknek.A t\u00f6ml\u0151k \u00e9s a csatlakoz\u00f3k kiv\u00e1laszt\u00e1sa \u00e9s p\u00e1ros\u00edt\u00e1sa a sz\u00ednk\u00f3dol\u00e1si rendszer\u00fcnknek k\u00f6sz\u00f6nhet\u0151en egyszer\u0171:k\u00e9k a 13-15 mm-es (\u00bd \u201d-5\/8\u201d), piros a 19 mm-es (3\/4 \u201d) \u00e9s s\u00e1rga a 9 mm-es (3\/8) \u201d). Csavarod\u00e1si ellen\u00e1ll\u00e1s szintje 3-as = nagy csavarod\u00e1si ellen\u00e1ll\u00e1s.\" \/>\n<meta property=\"og:url\" content=\"https:\/\/tajkertesz.com\/en_US\/product\/fiskars-locsolotomlo-19-mm-3-4-25-m-q3\/\" \/>\n<meta property=\"og:site_name\" content=\"T\u00e1jkert\u00e9sz\" \/>\n<meta property=\"article:publisher\" content=\"https:\/\/www.facebook.com\/Tajkertesz\/\" \/>\n<meta property=\"article:modified_time\" content=\"2026-02-13T09:44:03+00:00\" \/>\n<meta property=\"og:image\" content=\"https:\/\/tajkertesz.com\/wp-content\/uploads\/2023\/08\/1027100.jpg\" \/>\n\t<meta property=\"og:image:width\" content=\"1000\" \/>\n\t<meta property=\"og:image:height\" content=\"984\" \/>\n\t<meta property=\"og:image:type\" content=\"image\/jpeg\" \/>\n<meta name=\"twitter:card\" content=\"summary_large_image\" \/>\n<meta name=\"twitter:label1\" content=\"Est. reading time\" \/>\n\t<meta name=\"twitter:data1\" content=\"2 minutes\" \/>\n<script type=\"application\/ld+json\" class=\"yoast-schema-graph\">{\"@context\":\"https:\\\/\\\/schema.org\",\"@graph\":[{\"@type\":\"WebPage\",\"@id\":\"https:\\\/\\\/tajkertesz.com\\\/termek\\\/fiskars-locsolotomlo-19-mm-3-4-25-m-q3\\\/\",\"url\":\"https:\\\/\\\/tajkertesz.com\\\/termek\\\/fiskars-locsolotomlo-19-mm-3-4-25-m-q3\\\/\",\"name\":\"Fiskars locsol\u00f3t\u00f6ml\u0151, 19 mm (3\\\/4\\\"), 25 m Q3 1027100 - T\u00e1jkert\u00e9sz\",\"isPartOf\":{\"@id\":\"https:\\\/\\\/tajkertesz.com\\\/#website\"},\"primaryImageOfPage\":{\"@id\":\"https:\\\/\\\/tajkertesz.com\\\/termek\\\/fiskars-locsolotomlo-19-mm-3-4-25-m-q3\\\/#primaryimage\"},\"image\":{\"@id\":\"https:\\\/\\\/tajkertesz.com\\\/termek\\\/fiskars-locsolotomlo-19-mm-3-4-25-m-q3\\\/#primaryimage\"},\"thumbnailUrl\":\"https:\\\/\\\/tajkertesz.com\\\/wp-content\\\/uploads\\\/2023\\\/08\\\/1027100.jpg\",\"datePublished\":\"2023-08-30T14:49:08+00:00\",\"dateModified\":\"2026-02-13T09:44:03+00:00\",\"description\":\"Fiskars locsol\u00f3t\u00f6ml\u0151, 19 mm (3\\\/4\\\"), 25 m Q3. Ez a tart\u00f3s, csavarod\u00e1s\u00e1ll\u00f3bb t\u00f6ml\u0151 a legmagasabb UV-v\u00e9delemmel, magas h\u00e1ml\u00e1si \u00e9s nagy...\",\"breadcrumb\":{\"@id\":\"https:\\\/\\\/tajkertesz.com\\\/termek\\\/fiskars-locsolotomlo-19-mm-3-4-25-m-q3\\\/#breadcrumb\"},\"inLanguage\":\"en-US\",\"potentialAction\":[{\"@type\":\"ReadAction\",\"target\":[\"https:\\\/\\\/tajkertesz.com\\\/termek\\\/fiskars-locsolotomlo-19-mm-3-4-25-m-q3\\\/\"]}]},{\"@type\":\"ImageObject\",\"inLanguage\":\"en-US\",\"@id\":\"https:\\\/\\\/tajkertesz.com\\\/termek\\\/fiskars-locsolotomlo-19-mm-3-4-25-m-q3\\\/#primaryimage\",\"url\":\"https:\\\/\\\/tajkertesz.com\\\/wp-content\\\/uploads\\\/2023\\\/08\\\/1027100.jpg\",\"contentUrl\":\"https:\\\/\\\/tajkertesz.com\\\/wp-content\\\/uploads\\\/2023\\\/08\\\/1027100.jpg\",\"width\":1000,\"height\":984},{\"@type\":\"BreadcrumbList\",\"@id\":\"https:\\\/\\\/tajkertesz.com\\\/termek\\\/fiskars-locsolotomlo-19-mm-3-4-25-m-q3\\\/#breadcrumb\",\"itemListElement\":[{\"@type\":\"ListItem\",\"position\":1,\"name\":\"Home\",\"item\":\"https:\\\/\\\/tajkertesz.com\\\/\"},{\"@type\":\"ListItem\",\"position\":2,\"name\":\"Kezd\u0151lap\",\"item\":\"https:\\\/\\\/tajkertesz.com\\\/\"},{\"@type\":\"ListItem\",\"position\":3,\"name\":\"Fiskars locsol\u00f3t\u00f6ml\u0151, 19 mm (3\\\/4&#8243;), 25 m Q3 1027100\"}]},{\"@type\":\"WebSite\",\"@id\":\"https:\\\/\\\/tajkertesz.com\\\/#website\",\"url\":\"https:\\\/\\\/tajkertesz.com\\\/\",\"name\":\"T\u00e1j-Kert\u00e9sz 84 Kft.\",\"description\":\"Kert\u00e9szeti kis- \u00e9s nagykeresked\u00e9s, D\u00edszn\u00f6v\u00e9ny web\u00e1ruh\u00e1z orsz\u00e1gos h\u00e1zhozsz\u00e1ll\u00edt\u00e1ssal!\",\"publisher\":{\"@id\":\"https:\\\/\\\/tajkertesz.com\\\/#organization\"},\"potentialAction\":[{\"@type\":\"SearchAction\",\"target\":{\"@type\":\"EntryPoint\",\"urlTemplate\":\"https:\\\/\\\/tajkertesz.com\\\/?s={search_term_string}\"},\"query-input\":{\"@type\":\"PropertyValueSpecification\",\"valueRequired\":true,\"valueName\":\"search_term_string\"}}],\"inLanguage\":\"en-US\"},{\"@type\":\"Organization\",\"@id\":\"https:\\\/\\\/tajkertesz.com\\\/#organization\",\"name\":\"T\u00e1j-Kert\u00e9sz 84 Kft.\",\"url\":\"https:\\\/\\\/tajkertesz.com\\\/\",\"logo\":{\"@type\":\"ImageObject\",\"inLanguage\":\"en-US\",\"@id\":\"https:\\\/\\\/tajkertesz.com\\\/#\\\/schema\\\/logo\\\/image\\\/\",\"url\":\"https:\\\/\\\/tajkertesz.com\\\/wp-content\\\/uploads\\\/2018\\\/02\\\/logo-2-e1518678052539.png\",\"contentUrl\":\"https:\\\/\\\/tajkertesz.com\\\/wp-content\\\/uploads\\\/2018\\\/02\\\/logo-2-e1518678052539.png\",\"width\":81,\"height\":140,\"caption\":\"T\u00e1j-Kert\u00e9sz 84 Kft.\"},\"image\":{\"@id\":\"https:\\\/\\\/tajkertesz.com\\\/#\\\/schema\\\/logo\\\/image\\\/\"},\"sameAs\":[\"https:\\\/\\\/www.facebook.com\\\/Tajkertesz\\\/\"]}]}<\/script>\n<!-- \/ Yoast SEO plugin. -->","yoast_head_json":{"title":"Fiskars locsol\u00f3t\u00f6ml\u0151, 19 mm (3\/4\"), 25 m Q3 1027100 - T\u00e1jkert\u00e9sz","description":"Fiskars locsol\u00f3t\u00f6ml\u0151, 19 mm (3\/4\"), 25 m Q3. Ez a tart\u00f3s, csavarod\u00e1s\u00e1ll\u00f3bb t\u00f6ml\u0151 a legmagasabb UV-v\u00e9delemmel, magas h\u00e1ml\u00e1si \u00e9s nagy...","robots":{"index":"index","follow":"follow","max-snippet":"max-snippet:-1","max-image-preview":"max-image-preview:large","max-video-preview":"max-video-preview:-1"},"canonical":"https:\/\/tajkertesz.com\/en_US\/product\/fiskars-locsolotomlo-19-mm-3-4-25-m-q3\/","og_locale":"en_US","og_type":"article","og_title":"https:\/\/www.facebook.com\/tajkertesz\/","og_description":"Ez a tart\u00f3s, csavarod\u00e1s\u00e1ll\u00f3bb t\u00f6ml\u0151 a legmagasabb UV-v\u00e9delemmel, magas h\u00e1ml\u00e1si \u00e9s nagy reped\u00e9s\u00e1ll\u00f3s\u00e1ggal rendelkezik,megfelelve az otthoni \u00f6nt\u00f6z\u00e9si ig\u00e9nyeknek.A t\u00f6ml\u0151k \u00e9s a csatlakoz\u00f3k kiv\u00e1laszt\u00e1sa \u00e9s p\u00e1ros\u00edt\u00e1sa a sz\u00ednk\u00f3dol\u00e1si rendszer\u00fcnknek k\u00f6sz\u00f6nhet\u0151en egyszer\u0171:k\u00e9k a 13-15 mm-es (\u00bd \u201d-5\/8\u201d), piros a 19 mm-es (3\/4 \u201d) \u00e9s s\u00e1rga a 9 mm-es (3\/8) \u201d). Csavarod\u00e1si ellen\u00e1ll\u00e1s szintje 3-as = nagy csavarod\u00e1si ellen\u00e1ll\u00e1s.","og_url":"https:\/\/tajkertesz.com\/en_US\/product\/fiskars-locsolotomlo-19-mm-3-4-25-m-q3\/","og_site_name":"T\u00e1jkert\u00e9sz","article_publisher":"https:\/\/www.facebook.com\/Tajkertesz\/","article_modified_time":"2026-02-13T09:44:03+00:00","og_image":[{"width":1000,"height":984,"url":"https:\/\/tajkertesz.com\/wp-content\/uploads\/2023\/08\/1027100.jpg","type":"image\/jpeg"}],"twitter_card":"summary_large_image","twitter_misc":{"Est. reading time":"2 minutes"},"schema":{"@context":"https:\/\/schema.org","@graph":[{"@type":"WebPage","@id":"https:\/\/tajkertesz.com\/termek\/fiskars-locsolotomlo-19-mm-3-4-25-m-q3\/","url":"https:\/\/tajkertesz.com\/termek\/fiskars-locsolotomlo-19-mm-3-4-25-m-q3\/","name":"Fiskars locsol\u00f3t\u00f6ml\u0151, 19 mm (3\/4\"), 25 m Q3 1027100 - T\u00e1jkert\u00e9sz","isPartOf":{"@id":"https:\/\/tajkertesz.com\/#website"},"primaryImageOfPage":{"@id":"https:\/\/tajkertesz.com\/termek\/fiskars-locsolotomlo-19-mm-3-4-25-m-q3\/#primaryimage"},"image":{"@id":"https:\/\/tajkertesz.com\/termek\/fiskars-locsolotomlo-19-mm-3-4-25-m-q3\/#primaryimage"},"thumbnailUrl":"https:\/\/tajkertesz.com\/wp-content\/uploads\/2023\/08\/1027100.jpg","datePublished":"2023-08-30T14:49:08+00:00","dateModified":"2026-02-13T09:44:03+00:00","description":"Fiskars locsol\u00f3t\u00f6ml\u0151, 19 mm (3\/4\"), 25 m Q3. Ez a tart\u00f3s, csavarod\u00e1s\u00e1ll\u00f3bb t\u00f6ml\u0151 a legmagasabb UV-v\u00e9delemmel, magas h\u00e1ml\u00e1si \u00e9s nagy...","breadcrumb":{"@id":"https:\/\/tajkertesz.com\/termek\/fiskars-locsolotomlo-19-mm-3-4-25-m-q3\/#breadcrumb"},"inLanguage":"en-US","potentialAction":[{"@type":"ReadAction","target":["https:\/\/tajkertesz.com\/termek\/fiskars-locsolotomlo-19-mm-3-4-25-m-q3\/"]}]},{"@type":"ImageObject","inLanguage":"en-US","@id":"https:\/\/tajkertesz.com\/termek\/fiskars-locsolotomlo-19-mm-3-4-25-m-q3\/#primaryimage","url":"https:\/\/tajkertesz.com\/wp-content\/uploads\/2023\/08\/1027100.jpg","contentUrl":"https:\/\/tajkertesz.com\/wp-content\/uploads\/2023\/08\/1027100.jpg","width":1000,"height":984},{"@type":"BreadcrumbList","@id":"https:\/\/tajkertesz.com\/termek\/fiskars-locsolotomlo-19-mm-3-4-25-m-q3\/#breadcrumb","itemListElement":[{"@type":"ListItem","position":1,"name":"Home","item":"https:\/\/tajkertesz.com\/"},{"@type":"ListItem","position":2,"name":"Kezd\u0151lap","item":"https:\/\/tajkertesz.com\/"},{"@type":"ListItem","position":3,"name":"Fiskars locsol\u00f3t\u00f6ml\u0151, 19 mm (3\/4&#8243;), 25 m Q3 1027100"}]},{"@type":"WebSite","@id":"https:\/\/tajkertesz.com\/#website","url":"https:\/\/tajkertesz.com\/","name":"T\u00e1j-Kert\u00e9sz 84 Kft.","description":"Kert\u00e9szeti kis- \u00e9s nagykeresked\u00e9s, D\u00edszn\u00f6v\u00e9ny web\u00e1ruh\u00e1z orsz\u00e1gos h\u00e1zhozsz\u00e1ll\u00edt\u00e1ssal!","publisher":{"@id":"https:\/\/tajkertesz.com\/#organization"},"potentialAction":[{"@type":"SearchAction","target":{"@type":"EntryPoint","urlTemplate":"https:\/\/tajkertesz.com\/?s={search_term_string}"},"query-input":{"@type":"PropertyValueSpecification","valueRequired":true,"valueName":"search_term_string"}}],"inLanguage":"en-US"},{"@type":"Organization","@id":"https:\/\/tajkertesz.com\/#organization","name":"T\u00e1j-Kert\u00e9sz 84 Kft.","url":"https:\/\/tajkertesz.com\/","logo":{"@type":"ImageObject","inLanguage":"en-US","@id":"https:\/\/tajkertesz.com\/#\/schema\/logo\/image\/","url":"https:\/\/tajkertesz.com\/wp-content\/uploads\/2018\/02\/logo-2-e1518678052539.png","contentUrl":"https:\/\/tajkertesz.com\/wp-content\/uploads\/2018\/02\/logo-2-e1518678052539.png","width":81,"height":140,"caption":"T\u00e1j-Kert\u00e9sz 84 Kft."},"image":{"@id":"https:\/\/tajkertesz.com\/#\/schema\/logo\/image\/"},"sameAs":["https:\/\/www.facebook.com\/Tajkertesz\/"]}]}},"_links":{"self":[{"href":"https:\/\/tajkertesz.com\/en_US\/wp-json\/wp\/v2\/product\/16669","targetHints":{"allow":["GET"]}}],"collection":[{"href":"https:\/\/tajkertesz.com\/en_US\/wp-json\/wp\/v2\/product"}],"about":[{"href":"https:\/\/tajkertesz.com\/en_US\/wp-json\/wp\/v2\/types\/product"}],"wp:featuredmedia":[{"embeddable":true,"href":"https:\/\/tajkertesz.com\/en_US\/wp-json\/wp\/v2\/media\/16670"}],"wp:attachment":[{"href":"https:\/\/tajkertesz.com\/en_US\/wp-json\/wp\/v2\/media?parent=16669"}],"wp:term":[{"taxonomy":"product_brand","embeddable":true,"href":"https:\/\/tajkertesz.com\/en_US\/wp-json\/wp\/v2\/product_brand?post=16669"},{"taxonomy":"product_cat","embeddable":true,"href":"https:\/\/tajkertesz.com\/en_US\/wp-json\/wp\/v2\/product_cat?post=16669"},{"taxonomy":"product_tag","embeddable":true,"href":"https:\/\/tajkertesz.com\/en_US\/wp-json\/wp\/v2\/product_tag?post=16669"}],"curies":[{"name":"wp","href":"https:\/\/api.w.org\/{rel}","templated":true}]}}