{"id":16703,"date":"2023-09-02T12:28:34","date_gmt":"2023-09-02T12:28:34","guid":{"rendered":"https:\/\/tajkertesz.com\/?post_type=product&#038;p=16703"},"modified":"2026-02-25T15:05:56","modified_gmt":"2026-02-25T15:05:56","slug":"diszkavics-dunakek-marmor-kiesel-15-25mm","status":"publish","type":"product","link":"https:\/\/tajkertesz.com\/en_US\/product\/diszkavics-dunakek-marmor-kiesel-15-25mm\/","title":{"rendered":"D\u00edszkavics DUNAK\u00c9K Marmor kiesel 15-25mm 625202"},"content":{"rendered":"<h2>D\u00edszkavics DUNAK\u00c9K Marmor kiesel 15-25mm<\/h2>\n<p>25kg<\/p>\n<p>K\u00fcl\u00f6nb\u00f6z\u0151 szemcsem\u00e9ret\u0171 d\u00edszkavics ide\u00e1lis kerti utak, vir\u00e1g\u00e1gy\u00e1sok \u00e9s f\u00e1k szeg\u00e9lyez\u00e9s\u00e9re, talajtakar\u00e1sra de ak\u00e1r vir\u00e1gcser\u00e9pben is j\u00f3l mutat. T\u00f6bbf\u00e9le felhaszn\u00e1l\u00e1si lehet\u0151s\u00e9geket k\u00edn\u00e1l a kert\u00e9p\u00edt\u00e9sen bel\u00fcl mivel dekor\u00e1ci\u00f3k\u00e9nt \u00e9s praktikus, es\u0151vizet elvezet\u0151 kerti utak felt\u00f6lt\u00e9sek\u00e9nt egyar\u00e1nt haszn\u00e1lhat\u00f3, \u00edgy egyedi lak\u00f3k\u00f6rnyezet kialak\u00edt\u00e1s\u00e1t teszi lehet\u0151v\u00e9.<\/p>\n<p>&nbsp;<\/p>","protected":false},"excerpt":{"rendered":"<h2>D\u00edszkavics DUNAK\u00c9K Marmor kiesel 15-25mm<\/h2>\n<p>25kg.<\/p>\n<div id=\"bodyContent\" class=\"mw-body-content\">\n<div id=\"mw-content-text\" class=\"mw-content-ltr\" dir=\"ltr\" lang=\"hu\">\n<div id=\"bodyContent\" class=\"mw-body-content\">\n<div id=\"mw-content-text\" class=\"mw-content-ltr\" dir=\"ltr\" lang=\"hu\">\n<p><b>K\u00e9szlet\u00fcnk napi szinten v\u00e1ltozik, ez\u00e9rt k\u00e9rj\u00fck, \u00e9rdekl\u0151dj\u00f6n szem\u00e9lyesen, telefonon vagy email-en.<\/b><\/p>\n<p>Term\u00e9keinket szem\u00e9lyesen is \u00e1tveheti a h\u00e9t minden napj\u00e1n nyitvatart\u00e1si id\u0151ben!<\/p>\n<h3>Kisz\u00e1ll\u00edt\u00e1s: 200 cm \u00e9s 40 kg-ig a sz\u00e1ll\u00edt\u00e1s fut\u00e1rszolg\u00e1lattal t\u00f6rt\u00e9nik, 40kg felett egyedi \u00e1rral v\u00e1llaljuk a kisz\u00e1ll\u00edt\u00e1st!<\/h3>\n<\/div>\n<\/div>\n<\/div>\n<\/div>\n<h4><b>A v\u00e1ltoztat\u00e1s jog\u00e1t fenntartjuk!\u00a0<\/b><\/h4>\n<p>&nbsp;<\/p>","protected":false},"featured_media":16704,"template":"","meta":{"_et_pb_use_builder":"","_et_pb_old_content":"","_et_gb_content_width":""},"product_brand":[],"product_cat":[1402],"product_tag":[],"class_list":{"0":"post-16703","1":"product","2":"type-product","3":"status-publish","4":"has-post-thumbnail","6":"product_cat-diszkovek-kavicsok-homokozo-homok-min2c","8":"first","9":"instock","10":"shipping-taxable","11":"purchasable","12":"product-type-simple"},"yoast_head":"<!-- This site is optimized with the Yoast SEO plugin v27.5 - https:\/\/yoast.com\/product\/yoast-seo-wordpress\/ -->\n<title>D\u00edszkavics DUNAK\u00c9K Marmor kiesel 15-25mm 625202 - T\u00e1jkert\u00e9sz<\/title>\n<meta name=\"description\" content=\"D\u00edszkavics DUNAK\u00c9K Marmor kiesel 15-25mm K\u00fcl\u00f6nb\u00f6z\u0151 szemcsem\u00e9ret\u0171 d\u00edszkavics ide\u00e1lis kerti utak, vir\u00e1g\u00e1gy\u00e1sok \u00e9s f\u00e1k szeg\u00e9lyez\u00e9s\u00e9re.\" \/>\n<meta name=\"robots\" content=\"index, follow, max-snippet:-1, max-image-preview:large, max-video-preview:-1\" \/>\n<link rel=\"canonical\" href=\"https:\/\/tajkertesz.com\/en_US\/product\/diszkavics-dunakek-marmor-kiesel-15-25mm\/\" \/>\n<meta property=\"og:locale\" content=\"en_US\" \/>\n<meta property=\"og:type\" content=\"article\" \/>\n<meta property=\"og:title\" content=\"https:\/\/www.facebook.com\/tajkertesz\/\" \/>\n<meta property=\"og:description\" content=\"K\u00fcl\u00f6nb\u00f6z\u0151 szemcsem\u00e9ret\u0171 d\u00edszkavics ide\u00e1lis kerti utak, vir\u00e1g\u00e1gy\u00e1sok \u00e9s f\u00e1k szeg\u00e9lyez\u00e9s\u00e9re, talajtakar\u00e1sra de ak\u00e1r vir\u00e1gcser\u00e9pben is j\u00f3l mutat. T\u00f6bbf\u00e9le felhaszn\u00e1l\u00e1si lehet\u0151s\u00e9geket k\u00edn\u00e1l a kert\u00e9p\u00edt\u00e9sen bel\u00fcl mivel dekor\u00e1ci\u00f3k\u00e9nt \u00e9s praktikus, es\u0151vizet elvezet\u0151 kerti utak felt\u00f6lt\u00e9sek\u00e9nt egyar\u00e1nt haszn\u00e1lhat\u00f3, \u00edgy egyedi lak\u00f3k\u00f6rnyezet kialak\u00edt\u00e1s\u00e1t teszi lehet\u0151v\u00e9.\" \/>\n<meta property=\"og:url\" content=\"https:\/\/tajkertesz.com\/en_US\/product\/diszkavics-dunakek-marmor-kiesel-15-25mm\/\" \/>\n<meta property=\"og:site_name\" content=\"T\u00e1jkert\u00e9sz\" \/>\n<meta property=\"article:publisher\" content=\"https:\/\/www.facebook.com\/Tajkertesz\/\" \/>\n<meta property=\"article:modified_time\" content=\"2026-02-25T15:05:56+00:00\" \/>\n<meta property=\"og:image\" content=\"https:\/\/tajkertesz.com\/wp-content\/uploads\/2023\/09\/625202-_-vizesen-1.jpg\" \/>\n\t<meta property=\"og:image:width\" content=\"824\" \/>\n\t<meta property=\"og:image:height\" content=\"1107\" \/>\n\t<meta property=\"og:image:type\" content=\"image\/jpeg\" \/>\n<meta name=\"twitter:card\" content=\"summary_large_image\" \/>\n<meta name=\"twitter:label1\" content=\"Est. reading time\" \/>\n\t<meta name=\"twitter:data1\" content=\"1 minute\" \/>\n<script type=\"application\/ld+json\" class=\"yoast-schema-graph\">{\"@context\":\"https:\\\/\\\/schema.org\",\"@graph\":[{\"@type\":\"WebPage\",\"@id\":\"https:\\\/\\\/tajkertesz.com\\\/termek\\\/diszkavics-dunakek-marmor-kiesel-15-25mm\\\/\",\"url\":\"https:\\\/\\\/tajkertesz.com\\\/termek\\\/diszkavics-dunakek-marmor-kiesel-15-25mm\\\/\",\"name\":\"D\u00edszkavics DUNAK\u00c9K Marmor kiesel 15-25mm 625202 - T\u00e1jkert\u00e9sz\",\"isPartOf\":{\"@id\":\"https:\\\/\\\/tajkertesz.com\\\/#website\"},\"primaryImageOfPage\":{\"@id\":\"https:\\\/\\\/tajkertesz.com\\\/termek\\\/diszkavics-dunakek-marmor-kiesel-15-25mm\\\/#primaryimage\"},\"image\":{\"@id\":\"https:\\\/\\\/tajkertesz.com\\\/termek\\\/diszkavics-dunakek-marmor-kiesel-15-25mm\\\/#primaryimage\"},\"thumbnailUrl\":\"https:\\\/\\\/tajkertesz.com\\\/wp-content\\\/uploads\\\/2023\\\/09\\\/625202-_-vizesen-1.jpg\",\"datePublished\":\"2023-09-02T12:28:34+00:00\",\"dateModified\":\"2026-02-25T15:05:56+00:00\",\"description\":\"D\u00edszkavics DUNAK\u00c9K Marmor kiesel 15-25mm K\u00fcl\u00f6nb\u00f6z\u0151 szemcsem\u00e9ret\u0171 d\u00edszkavics ide\u00e1lis kerti utak, vir\u00e1g\u00e1gy\u00e1sok \u00e9s f\u00e1k szeg\u00e9lyez\u00e9s\u00e9re.\",\"breadcrumb\":{\"@id\":\"https:\\\/\\\/tajkertesz.com\\\/termek\\\/diszkavics-dunakek-marmor-kiesel-15-25mm\\\/#breadcrumb\"},\"inLanguage\":\"en-US\",\"potentialAction\":[{\"@type\":\"ReadAction\",\"target\":[\"https:\\\/\\\/tajkertesz.com\\\/termek\\\/diszkavics-dunakek-marmor-kiesel-15-25mm\\\/\"]}]},{\"@type\":\"ImageObject\",\"inLanguage\":\"en-US\",\"@id\":\"https:\\\/\\\/tajkertesz.com\\\/termek\\\/diszkavics-dunakek-marmor-kiesel-15-25mm\\\/#primaryimage\",\"url\":\"https:\\\/\\\/tajkertesz.com\\\/wp-content\\\/uploads\\\/2023\\\/09\\\/625202-_-vizesen-1.jpg\",\"contentUrl\":\"https:\\\/\\\/tajkertesz.com\\\/wp-content\\\/uploads\\\/2023\\\/09\\\/625202-_-vizesen-1.jpg\",\"width\":824,\"height\":1107},{\"@type\":\"BreadcrumbList\",\"@id\":\"https:\\\/\\\/tajkertesz.com\\\/termek\\\/diszkavics-dunakek-marmor-kiesel-15-25mm\\\/#breadcrumb\",\"itemListElement\":[{\"@type\":\"ListItem\",\"position\":1,\"name\":\"Home\",\"item\":\"https:\\\/\\\/tajkertesz.com\\\/\"},{\"@type\":\"ListItem\",\"position\":2,\"name\":\"Kezd\u0151lap\",\"item\":\"https:\\\/\\\/tajkertesz.com\\\/\"},{\"@type\":\"ListItem\",\"position\":3,\"name\":\"D\u00edszkavics DUNAK\u00c9K Marmor kiesel 15-25mm 625202\"}]},{\"@type\":\"WebSite\",\"@id\":\"https:\\\/\\\/tajkertesz.com\\\/#website\",\"url\":\"https:\\\/\\\/tajkertesz.com\\\/\",\"name\":\"T\u00e1j-Kert\u00e9sz 84 Kft.\",\"description\":\"Kert\u00e9szeti kis- \u00e9s nagykeresked\u00e9s, D\u00edszn\u00f6v\u00e9ny web\u00e1ruh\u00e1z orsz\u00e1gos h\u00e1zhozsz\u00e1ll\u00edt\u00e1ssal!\",\"publisher\":{\"@id\":\"https:\\\/\\\/tajkertesz.com\\\/#organization\"},\"potentialAction\":[{\"@type\":\"SearchAction\",\"target\":{\"@type\":\"EntryPoint\",\"urlTemplate\":\"https:\\\/\\\/tajkertesz.com\\\/?s={search_term_string}\"},\"query-input\":{\"@type\":\"PropertyValueSpecification\",\"valueRequired\":true,\"valueName\":\"search_term_string\"}}],\"inLanguage\":\"en-US\"},{\"@type\":\"Organization\",\"@id\":\"https:\\\/\\\/tajkertesz.com\\\/#organization\",\"name\":\"T\u00e1j-Kert\u00e9sz 84 Kft.\",\"url\":\"https:\\\/\\\/tajkertesz.com\\\/\",\"logo\":{\"@type\":\"ImageObject\",\"inLanguage\":\"en-US\",\"@id\":\"https:\\\/\\\/tajkertesz.com\\\/#\\\/schema\\\/logo\\\/image\\\/\",\"url\":\"https:\\\/\\\/tajkertesz.com\\\/wp-content\\\/uploads\\\/2018\\\/02\\\/logo-2-e1518678052539.png\",\"contentUrl\":\"https:\\\/\\\/tajkertesz.com\\\/wp-content\\\/uploads\\\/2018\\\/02\\\/logo-2-e1518678052539.png\",\"width\":81,\"height\":140,\"caption\":\"T\u00e1j-Kert\u00e9sz 84 Kft.\"},\"image\":{\"@id\":\"https:\\\/\\\/tajkertesz.com\\\/#\\\/schema\\\/logo\\\/image\\\/\"},\"sameAs\":[\"https:\\\/\\\/www.facebook.com\\\/Tajkertesz\\\/\"]}]}<\/script>\n<!-- \/ Yoast SEO plugin. -->","yoast_head_json":{"title":"D\u00edszkavics DUNAK\u00c9K Marmor kiesel 15-25mm 625202 - T\u00e1jkert\u00e9sz","description":"D\u00edszkavics DUNAK\u00c9K Marmor kiesel 15-25mm K\u00fcl\u00f6nb\u00f6z\u0151 szemcsem\u00e9ret\u0171 d\u00edszkavics ide\u00e1lis kerti utak, vir\u00e1g\u00e1gy\u00e1sok \u00e9s f\u00e1k szeg\u00e9lyez\u00e9s\u00e9re.","robots":{"index":"index","follow":"follow","max-snippet":"max-snippet:-1","max-image-preview":"max-image-preview:large","max-video-preview":"max-video-preview:-1"},"canonical":"https:\/\/tajkertesz.com\/en_US\/product\/diszkavics-dunakek-marmor-kiesel-15-25mm\/","og_locale":"en_US","og_type":"article","og_title":"https:\/\/www.facebook.com\/tajkertesz\/","og_description":"K\u00fcl\u00f6nb\u00f6z\u0151 szemcsem\u00e9ret\u0171 d\u00edszkavics ide\u00e1lis kerti utak, vir\u00e1g\u00e1gy\u00e1sok \u00e9s f\u00e1k szeg\u00e9lyez\u00e9s\u00e9re, talajtakar\u00e1sra de ak\u00e1r vir\u00e1gcser\u00e9pben is j\u00f3l mutat. T\u00f6bbf\u00e9le felhaszn\u00e1l\u00e1si lehet\u0151s\u00e9geket k\u00edn\u00e1l a kert\u00e9p\u00edt\u00e9sen bel\u00fcl mivel dekor\u00e1ci\u00f3k\u00e9nt \u00e9s praktikus, es\u0151vizet elvezet\u0151 kerti utak felt\u00f6lt\u00e9sek\u00e9nt egyar\u00e1nt haszn\u00e1lhat\u00f3, \u00edgy egyedi lak\u00f3k\u00f6rnyezet kialak\u00edt\u00e1s\u00e1t teszi lehet\u0151v\u00e9.","og_url":"https:\/\/tajkertesz.com\/en_US\/product\/diszkavics-dunakek-marmor-kiesel-15-25mm\/","og_site_name":"T\u00e1jkert\u00e9sz","article_publisher":"https:\/\/www.facebook.com\/Tajkertesz\/","article_modified_time":"2026-02-25T15:05:56+00:00","og_image":[{"width":824,"height":1107,"url":"https:\/\/tajkertesz.com\/wp-content\/uploads\/2023\/09\/625202-_-vizesen-1.jpg","type":"image\/jpeg"}],"twitter_card":"summary_large_image","twitter_misc":{"Est. reading time":"1 minute"},"schema":{"@context":"https:\/\/schema.org","@graph":[{"@type":"WebPage","@id":"https:\/\/tajkertesz.com\/termek\/diszkavics-dunakek-marmor-kiesel-15-25mm\/","url":"https:\/\/tajkertesz.com\/termek\/diszkavics-dunakek-marmor-kiesel-15-25mm\/","name":"D\u00edszkavics DUNAK\u00c9K Marmor kiesel 15-25mm 625202 - T\u00e1jkert\u00e9sz","isPartOf":{"@id":"https:\/\/tajkertesz.com\/#website"},"primaryImageOfPage":{"@id":"https:\/\/tajkertesz.com\/termek\/diszkavics-dunakek-marmor-kiesel-15-25mm\/#primaryimage"},"image":{"@id":"https:\/\/tajkertesz.com\/termek\/diszkavics-dunakek-marmor-kiesel-15-25mm\/#primaryimage"},"thumbnailUrl":"https:\/\/tajkertesz.com\/wp-content\/uploads\/2023\/09\/625202-_-vizesen-1.jpg","datePublished":"2023-09-02T12:28:34+00:00","dateModified":"2026-02-25T15:05:56+00:00","description":"D\u00edszkavics DUNAK\u00c9K Marmor kiesel 15-25mm K\u00fcl\u00f6nb\u00f6z\u0151 szemcsem\u00e9ret\u0171 d\u00edszkavics ide\u00e1lis kerti utak, vir\u00e1g\u00e1gy\u00e1sok \u00e9s f\u00e1k szeg\u00e9lyez\u00e9s\u00e9re.","breadcrumb":{"@id":"https:\/\/tajkertesz.com\/termek\/diszkavics-dunakek-marmor-kiesel-15-25mm\/#breadcrumb"},"inLanguage":"en-US","potentialAction":[{"@type":"ReadAction","target":["https:\/\/tajkertesz.com\/termek\/diszkavics-dunakek-marmor-kiesel-15-25mm\/"]}]},{"@type":"ImageObject","inLanguage":"en-US","@id":"https:\/\/tajkertesz.com\/termek\/diszkavics-dunakek-marmor-kiesel-15-25mm\/#primaryimage","url":"https:\/\/tajkertesz.com\/wp-content\/uploads\/2023\/09\/625202-_-vizesen-1.jpg","contentUrl":"https:\/\/tajkertesz.com\/wp-content\/uploads\/2023\/09\/625202-_-vizesen-1.jpg","width":824,"height":1107},{"@type":"BreadcrumbList","@id":"https:\/\/tajkertesz.com\/termek\/diszkavics-dunakek-marmor-kiesel-15-25mm\/#breadcrumb","itemListElement":[{"@type":"ListItem","position":1,"name":"Home","item":"https:\/\/tajkertesz.com\/"},{"@type":"ListItem","position":2,"name":"Kezd\u0151lap","item":"https:\/\/tajkertesz.com\/"},{"@type":"ListItem","position":3,"name":"D\u00edszkavics DUNAK\u00c9K Marmor kiesel 15-25mm 625202"}]},{"@type":"WebSite","@id":"https:\/\/tajkertesz.com\/#website","url":"https:\/\/tajkertesz.com\/","name":"T\u00e1j-Kert\u00e9sz 84 Kft.","description":"Kert\u00e9szeti kis- \u00e9s nagykeresked\u00e9s, D\u00edszn\u00f6v\u00e9ny web\u00e1ruh\u00e1z orsz\u00e1gos h\u00e1zhozsz\u00e1ll\u00edt\u00e1ssal!","publisher":{"@id":"https:\/\/tajkertesz.com\/#organization"},"potentialAction":[{"@type":"SearchAction","target":{"@type":"EntryPoint","urlTemplate":"https:\/\/tajkertesz.com\/?s={search_term_string}"},"query-input":{"@type":"PropertyValueSpecification","valueRequired":true,"valueName":"search_term_string"}}],"inLanguage":"en-US"},{"@type":"Organization","@id":"https:\/\/tajkertesz.com\/#organization","name":"T\u00e1j-Kert\u00e9sz 84 Kft.","url":"https:\/\/tajkertesz.com\/","logo":{"@type":"ImageObject","inLanguage":"en-US","@id":"https:\/\/tajkertesz.com\/#\/schema\/logo\/image\/","url":"https:\/\/tajkertesz.com\/wp-content\/uploads\/2018\/02\/logo-2-e1518678052539.png","contentUrl":"https:\/\/tajkertesz.com\/wp-content\/uploads\/2018\/02\/logo-2-e1518678052539.png","width":81,"height":140,"caption":"T\u00e1j-Kert\u00e9sz 84 Kft."},"image":{"@id":"https:\/\/tajkertesz.com\/#\/schema\/logo\/image\/"},"sameAs":["https:\/\/www.facebook.com\/Tajkertesz\/"]}]}},"_links":{"self":[{"href":"https:\/\/tajkertesz.com\/en_US\/wp-json\/wp\/v2\/product\/16703","targetHints":{"allow":["GET"]}}],"collection":[{"href":"https:\/\/tajkertesz.com\/en_US\/wp-json\/wp\/v2\/product"}],"about":[{"href":"https:\/\/tajkertesz.com\/en_US\/wp-json\/wp\/v2\/types\/product"}],"wp:featuredmedia":[{"embeddable":true,"href":"https:\/\/tajkertesz.com\/en_US\/wp-json\/wp\/v2\/media\/16704"}],"wp:attachment":[{"href":"https:\/\/tajkertesz.com\/en_US\/wp-json\/wp\/v2\/media?parent=16703"}],"wp:term":[{"taxonomy":"product_brand","embeddable":true,"href":"https:\/\/tajkertesz.com\/en_US\/wp-json\/wp\/v2\/product_brand?post=16703"},{"taxonomy":"product_cat","embeddable":true,"href":"https:\/\/tajkertesz.com\/en_US\/wp-json\/wp\/v2\/product_cat?post=16703"},{"taxonomy":"product_tag","embeddable":true,"href":"https:\/\/tajkertesz.com\/en_US\/wp-json\/wp\/v2\/product_tag?post=16703"}],"curies":[{"name":"wp","href":"https:\/\/api.w.org\/{rel}","templated":true}]}}