{"id":16735,"date":"2023-09-04T12:37:05","date_gmt":"2023-09-04T12:37:05","guid":{"rendered":"https:\/\/tajkertesz.com\/?post_type=product&#038;p=16735"},"modified":"2023-12-13T15:25:26","modified_gmt":"2023-12-13T15:25:26","slug":"magnolia-sieboldii","status":"publish","type":"product","link":"https:\/\/tajkertesz.com\/en_US\/product\/magnolia-sieboldii\/","title":{"rendered":"Magnolia &#8216;sieboldii"},"content":{"rendered":"<p>Magnolia sieboldii<\/p>\n<p>&nbsp;<\/p>\n<p style=\"line-height: 18.0pt; background: white; margin: 0cm 0cm 15.0pt 0cm;\"><b><span style=\"font-family: 'Ubuntu',serif; color: black;\">K\u00e9szlet\u00fcnk napi szinten v\u00e1ltozik, ez\u00e9rt k\u00e9rj\u00fck, \u00e9rdekl\u0151dj\u00f6n szem\u00e9lyesen, telefonon vagy email-en.<br \/>\nA v\u00e1ltoztat\u00e1s jog\u00e1t fenntartjuk!\u00a0<\/span><\/b><\/p>\n<p><a href=\"https:\/\/tajkertesz.com\/\">https:\/\/tajkertesz.com\/<\/a><\/p>\n<p><a href=\"https:\/\/hu.wikipedia.org\/wiki\/Magnolia_%C3%97_soulangeana\">https:\/\/hu.wikipedia.org\/wiki\/Magnolia_%C3%97_soulangeana<\/a><\/p>\n<p><span style=\"color: #ffffff;\">3\u20136 m\u00e9teresre n\u00f6v\u0151, tereb\u00e9lyes cserje, ami n\u00e9ha t\u00f6bbt\u00f6rzses f\u00e1csk\u00e1v\u00e1 n\u0151. Koron\u00e1ja laza, sz\u00e9les, t\u00f6bbnyire m\u00e1r a talaj f\u00f6l\u00f6tt s\u0171r\u0171n el\u00e1gazik.\u00a0<a style=\"color: #ffffff;\" title=\"Vir\u00e1g (botanika)\" href=\"https:\/\/hu.wikipedia.org\/wiki\/Vir%C3%A1g_(botanika)\">Vir\u00e1gait<\/a>\u00a0\u00e1prilist\u00f3l, lombfakad\u00e1s el\u0151tt hozza. Nagy, h\u00fasos szirm\u00fa, a\u00a0<a style=\"color: #ffffff;\" title=\"Tulip\u00e1n\" href=\"https:\/\/hu.wikipedia.org\/wiki\/Tulip%C3%A1n\">tulip\u00e1n\u00e9hoz<\/a>\u00a0hasonl\u00f3, \u00e1prilis-m\u00e1jusban ny\u00edl\u00f3 vir\u00e1gai miatt kedvelik. Hibrid l\u00e9t\u00e9re cs\u00edrak\u00e9pes magokat \u00e9rlel, de a magoncok csak alanynak val\u00f3k, mert bizonytalanul vir\u00e1goznak, \u00e9s k\u00e9s\u0151n fordulnak term\u0151re.<\/span><\/p>\n<p><span style=\"color: #ffffff;\">Growing as a multistemmed large shrub or small tree,\u00a0<i>Magnolia<\/i>\u00a0\u00d7\u00a0<i>soulangeana<\/i>\u00a0has alternate, simple, shiny, dark green oval-shaped\u00a0<a style=\"color: #ffffff;\" title=\"Leaf\" href=\"https:\/\/en.wikipedia.org\/wiki\/Leaf\">leaves<\/a>\u00a0on stout stems. Its flowers emerge dramatically on a bare tree in early spring, with the deciduous leaves expanding shortly thereafter, lasting through summer until autumn.<sup id=\"cite_ref-Gardiner00_2-2\" class=\"reference\"><a style=\"color: #ffffff;\" href=\"https:\/\/en.wikipedia.org\/wiki\/Magnolia_%C3%97_soulangeana#cite_note-Gardiner00-2\">[2]<\/a><\/sup><\/span><\/p>\n<p><span style=\"color: #ffffff;\"><i>Magnolia<\/i>\u00a0\u00d7\u00a0<i>soulangeana<\/i>\u00a0flowers are large, commonly 10\u201320\u00a0cm (4\u20138\u00a0in) across, and colored various shades of white, pink, and maroon. An American variety, &#8216;Grace McDade&#8217; from\u00a0<a style=\"color: #ffffff;\" title=\"Alabama\" href=\"https:\/\/en.wikipedia.org\/wiki\/Alabama\">Alabama<\/a>, is reported to bear the largest flowers, with a 35\u00a0cm (14\u00a0in) diameter, white tinged with pinkish-purple.<sup id=\"cite_ref-Gardiner00_2-3\" class=\"reference\"><a style=\"color: #ffffff;\" href=\"https:\/\/en.wikipedia.org\/wiki\/Magnolia_%C3%97_soulangeana#cite_note-Gardiner00-2\">[2]<\/a><\/sup>\u00a0Another variety,\u00a0<i>Magnolia<\/i>\u00a0\u00d7\u00a0<i>soulangeana<\/i>\u00a0&#8216;Jurmag1&#8217;, is supposed to have the darkest and tightest flowers. The exact timing and length of flowering varies between named varieties, as does the shape of the flower. Some are globular, others a cup-and-saucer shape.<\/span><\/p>\n","protected":false},"excerpt":{"rendered":"<p>Magnolia sieboldii &nbsp; K\u00e9szlet\u00fcnk napi szinten v\u00e1ltozik, ez\u00e9rt k\u00e9rj\u00fck, \u00e9rdekl\u0151dj\u00f6n szem\u00e9lyesen, telefonon vagy email-en. A v\u00e1ltoztat\u00e1s jog\u00e1t fenntartjuk!\u00a0 https:\/\/tajkertesz.com\/ https:\/\/hu.wikipedia.org\/wiki\/Magnolia_%C3%97_soulangeana 3\u20136 m\u00e9teresre n\u00f6v\u0151, tereb\u00e9lyes cserje, ami n\u00e9ha t\u00f6bbt\u00f6rzses f\u00e1csk\u00e1v\u00e1 n\u0151. Koron\u00e1ja laza, sz\u00e9les, t\u00f6bbnyire m\u00e1r a talaj f\u00f6l\u00f6tt s\u0171r\u0171n el\u00e1gazik.\u00a0Vir\u00e1gait\u00a0\u00e1prilist\u00f3l, lombfakad\u00e1s el\u0151tt hozza. Nagy, h\u00fasos szirm\u00fa, a\u00a0tulip\u00e1n\u00e9hoz\u00a0hasonl\u00f3, \u00e1prilis-m\u00e1jusban ny\u00edl\u00f3 vir\u00e1gai miatt kedvelik. Hibrid l\u00e9t\u00e9re cs\u00edrak\u00e9pes [&hellip;]<\/p>\n","protected":false},"featured_media":16736,"template":"","meta":{"_et_pb_use_builder":"","_et_pb_old_content":"","_et_gb_content_width":""},"product_brand":[],"product_cat":[27,28],"product_tag":[91,89,90],"class_list":{"0":"post-16735","1":"product","2":"type-product","3":"status-publish","4":"has-post-thumbnail","6":"product_cat-cserjek","7":"product_cat-diszfak","8":"product_tag-liliomfa","9":"product_tag-magnolia-soulangeana","10":"product_tag-nagyviragu-liliomfa","12":"first","13":"instock","14":"shipping-taxable","15":"purchasable","16":"product-type-simple"},"yoast_head":"<!-- This site is optimized with the Yoast SEO plugin v27.3 - https:\/\/yoast.com\/product\/yoast-seo-wordpress\/ -->\n<title>Magnolia &#039;sieboldii - T\u00e1jkert\u00e9sz<\/title>\n<meta name=\"description\" content=\"A Magnolia sieboldii\" \/>\n<meta name=\"robots\" content=\"index, follow, max-snippet:-1, max-image-preview:large, max-video-preview:-1\" \/>\n<link rel=\"canonical\" href=\"https:\/\/tajkertesz.com\/en_US\/product\/magnolia-sieboldii\/\" \/>\n<meta property=\"og:locale\" content=\"en_US\" \/>\n<meta property=\"og:type\" content=\"article\" \/>\n<meta property=\"og:title\" content=\"Magnolia &#039;sieboldii - T\u00e1jkert\u00e9sz\" \/>\n<meta property=\"og:description\" content=\"A Magnolia sieboldii\" \/>\n<meta property=\"og:url\" content=\"https:\/\/tajkertesz.com\/en_US\/product\/magnolia-sieboldii\/\" \/>\n<meta property=\"og:site_name\" content=\"T\u00e1jkert\u00e9sz\" \/>\n<meta property=\"article:publisher\" content=\"https:\/\/www.facebook.com\/Tajkertesz\/\" \/>\n<meta property=\"article:modified_time\" content=\"2023-12-13T15:25:26+00:00\" \/>\n<meta property=\"og:image\" content=\"https:\/\/tajkertesz.com\/wp-content\/uploads\/2023\/09\/20230904_120126.jpg\" \/>\n\t<meta property=\"og:image:width\" content=\"401\" \/>\n\t<meta property=\"og:image:height\" content=\"893\" \/>\n\t<meta property=\"og:image:type\" content=\"image\/jpeg\" \/>\n<meta name=\"twitter:card\" content=\"summary_large_image\" \/>\n<meta name=\"twitter:label1\" content=\"Est. reading time\" \/>\n\t<meta name=\"twitter:data1\" content=\"2 minutes\" \/>\n<script type=\"application\/ld+json\" class=\"yoast-schema-graph\">{\"@context\":\"https:\\\/\\\/schema.org\",\"@graph\":[{\"@type\":\"WebPage\",\"@id\":\"https:\\\/\\\/tajkertesz.com\\\/termek\\\/magnolia-sieboldii\\\/\",\"url\":\"https:\\\/\\\/tajkertesz.com\\\/termek\\\/magnolia-sieboldii\\\/\",\"name\":\"Magnolia 'sieboldii - T\u00e1jkert\u00e9sz\",\"isPartOf\":{\"@id\":\"https:\\\/\\\/tajkertesz.com\\\/#website\"},\"primaryImageOfPage\":{\"@id\":\"https:\\\/\\\/tajkertesz.com\\\/termek\\\/magnolia-sieboldii\\\/#primaryimage\"},\"image\":{\"@id\":\"https:\\\/\\\/tajkertesz.com\\\/termek\\\/magnolia-sieboldii\\\/#primaryimage\"},\"thumbnailUrl\":\"https:\\\/\\\/tajkertesz.com\\\/wp-content\\\/uploads\\\/2023\\\/09\\\/20230904_120126.jpg\",\"datePublished\":\"2023-09-04T12:37:05+00:00\",\"dateModified\":\"2023-12-13T15:25:26+00:00\",\"description\":\"A Magnolia sieboldii\",\"breadcrumb\":{\"@id\":\"https:\\\/\\\/tajkertesz.com\\\/termek\\\/magnolia-sieboldii\\\/#breadcrumb\"},\"inLanguage\":\"en-US\",\"potentialAction\":[{\"@type\":\"ReadAction\",\"target\":[\"https:\\\/\\\/tajkertesz.com\\\/termek\\\/magnolia-sieboldii\\\/\"]}]},{\"@type\":\"ImageObject\",\"inLanguage\":\"en-US\",\"@id\":\"https:\\\/\\\/tajkertesz.com\\\/termek\\\/magnolia-sieboldii\\\/#primaryimage\",\"url\":\"https:\\\/\\\/tajkertesz.com\\\/wp-content\\\/uploads\\\/2023\\\/09\\\/20230904_120126.jpg\",\"contentUrl\":\"https:\\\/\\\/tajkertesz.com\\\/wp-content\\\/uploads\\\/2023\\\/09\\\/20230904_120126.jpg\",\"width\":401,\"height\":893},{\"@type\":\"BreadcrumbList\",\"@id\":\"https:\\\/\\\/tajkertesz.com\\\/termek\\\/magnolia-sieboldii\\\/#breadcrumb\",\"itemListElement\":[{\"@type\":\"ListItem\",\"position\":1,\"name\":\"Home\",\"item\":\"https:\\\/\\\/tajkertesz.com\\\/\"},{\"@type\":\"ListItem\",\"position\":2,\"name\":\"Kezd\u0151lap\",\"item\":\"https:\\\/\\\/tajkertesz.com\\\/\"},{\"@type\":\"ListItem\",\"position\":3,\"name\":\"Magnolia &#8216;sieboldii\"}]},{\"@type\":\"WebSite\",\"@id\":\"https:\\\/\\\/tajkertesz.com\\\/#website\",\"url\":\"https:\\\/\\\/tajkertesz.com\\\/\",\"name\":\"T\u00e1j-Kert\u00e9sz 84 Kft.\",\"description\":\"Kert\u00e9szeti kis- \u00e9s nagykeresked\u00e9s, D\u00edszn\u00f6v\u00e9ny web\u00e1ruh\u00e1z orsz\u00e1gos h\u00e1zhozsz\u00e1ll\u00edt\u00e1ssal!\",\"publisher\":{\"@id\":\"https:\\\/\\\/tajkertesz.com\\\/#organization\"},\"potentialAction\":[{\"@type\":\"SearchAction\",\"target\":{\"@type\":\"EntryPoint\",\"urlTemplate\":\"https:\\\/\\\/tajkertesz.com\\\/?s={search_term_string}\"},\"query-input\":{\"@type\":\"PropertyValueSpecification\",\"valueRequired\":true,\"valueName\":\"search_term_string\"}}],\"inLanguage\":\"en-US\"},{\"@type\":\"Organization\",\"@id\":\"https:\\\/\\\/tajkertesz.com\\\/#organization\",\"name\":\"T\u00e1j-Kert\u00e9sz 84 Kft.\",\"url\":\"https:\\\/\\\/tajkertesz.com\\\/\",\"logo\":{\"@type\":\"ImageObject\",\"inLanguage\":\"en-US\",\"@id\":\"https:\\\/\\\/tajkertesz.com\\\/#\\\/schema\\\/logo\\\/image\\\/\",\"url\":\"https:\\\/\\\/tajkertesz.com\\\/wp-content\\\/uploads\\\/2018\\\/02\\\/logo-2-e1518678052539.png\",\"contentUrl\":\"https:\\\/\\\/tajkertesz.com\\\/wp-content\\\/uploads\\\/2018\\\/02\\\/logo-2-e1518678052539.png\",\"width\":81,\"height\":140,\"caption\":\"T\u00e1j-Kert\u00e9sz 84 Kft.\"},\"image\":{\"@id\":\"https:\\\/\\\/tajkertesz.com\\\/#\\\/schema\\\/logo\\\/image\\\/\"},\"sameAs\":[\"https:\\\/\\\/www.facebook.com\\\/Tajkertesz\\\/\"]}]}<\/script>\n<!-- \/ Yoast SEO plugin. -->","yoast_head_json":{"title":"Magnolia 'sieboldii - T\u00e1jkert\u00e9sz","description":"A Magnolia sieboldii","robots":{"index":"index","follow":"follow","max-snippet":"max-snippet:-1","max-image-preview":"max-image-preview:large","max-video-preview":"max-video-preview:-1"},"canonical":"https:\/\/tajkertesz.com\/en_US\/product\/magnolia-sieboldii\/","og_locale":"en_US","og_type":"article","og_title":"Magnolia 'sieboldii - T\u00e1jkert\u00e9sz","og_description":"A Magnolia sieboldii","og_url":"https:\/\/tajkertesz.com\/en_US\/product\/magnolia-sieboldii\/","og_site_name":"T\u00e1jkert\u00e9sz","article_publisher":"https:\/\/www.facebook.com\/Tajkertesz\/","article_modified_time":"2023-12-13T15:25:26+00:00","og_image":[{"width":401,"height":893,"url":"https:\/\/tajkertesz.com\/wp-content\/uploads\/2023\/09\/20230904_120126.jpg","type":"image\/jpeg"}],"twitter_card":"summary_large_image","twitter_misc":{"Est. reading time":"2 minutes"},"schema":{"@context":"https:\/\/schema.org","@graph":[{"@type":"WebPage","@id":"https:\/\/tajkertesz.com\/termek\/magnolia-sieboldii\/","url":"https:\/\/tajkertesz.com\/termek\/magnolia-sieboldii\/","name":"Magnolia 'sieboldii - T\u00e1jkert\u00e9sz","isPartOf":{"@id":"https:\/\/tajkertesz.com\/#website"},"primaryImageOfPage":{"@id":"https:\/\/tajkertesz.com\/termek\/magnolia-sieboldii\/#primaryimage"},"image":{"@id":"https:\/\/tajkertesz.com\/termek\/magnolia-sieboldii\/#primaryimage"},"thumbnailUrl":"https:\/\/tajkertesz.com\/wp-content\/uploads\/2023\/09\/20230904_120126.jpg","datePublished":"2023-09-04T12:37:05+00:00","dateModified":"2023-12-13T15:25:26+00:00","description":"A Magnolia sieboldii","breadcrumb":{"@id":"https:\/\/tajkertesz.com\/termek\/magnolia-sieboldii\/#breadcrumb"},"inLanguage":"en-US","potentialAction":[{"@type":"ReadAction","target":["https:\/\/tajkertesz.com\/termek\/magnolia-sieboldii\/"]}]},{"@type":"ImageObject","inLanguage":"en-US","@id":"https:\/\/tajkertesz.com\/termek\/magnolia-sieboldii\/#primaryimage","url":"https:\/\/tajkertesz.com\/wp-content\/uploads\/2023\/09\/20230904_120126.jpg","contentUrl":"https:\/\/tajkertesz.com\/wp-content\/uploads\/2023\/09\/20230904_120126.jpg","width":401,"height":893},{"@type":"BreadcrumbList","@id":"https:\/\/tajkertesz.com\/termek\/magnolia-sieboldii\/#breadcrumb","itemListElement":[{"@type":"ListItem","position":1,"name":"Home","item":"https:\/\/tajkertesz.com\/"},{"@type":"ListItem","position":2,"name":"Kezd\u0151lap","item":"https:\/\/tajkertesz.com\/"},{"@type":"ListItem","position":3,"name":"Magnolia &#8216;sieboldii"}]},{"@type":"WebSite","@id":"https:\/\/tajkertesz.com\/#website","url":"https:\/\/tajkertesz.com\/","name":"T\u00e1j-Kert\u00e9sz 84 Kft.","description":"Kert\u00e9szeti kis- \u00e9s nagykeresked\u00e9s, D\u00edszn\u00f6v\u00e9ny web\u00e1ruh\u00e1z orsz\u00e1gos h\u00e1zhozsz\u00e1ll\u00edt\u00e1ssal!","publisher":{"@id":"https:\/\/tajkertesz.com\/#organization"},"potentialAction":[{"@type":"SearchAction","target":{"@type":"EntryPoint","urlTemplate":"https:\/\/tajkertesz.com\/?s={search_term_string}"},"query-input":{"@type":"PropertyValueSpecification","valueRequired":true,"valueName":"search_term_string"}}],"inLanguage":"en-US"},{"@type":"Organization","@id":"https:\/\/tajkertesz.com\/#organization","name":"T\u00e1j-Kert\u00e9sz 84 Kft.","url":"https:\/\/tajkertesz.com\/","logo":{"@type":"ImageObject","inLanguage":"en-US","@id":"https:\/\/tajkertesz.com\/#\/schema\/logo\/image\/","url":"https:\/\/tajkertesz.com\/wp-content\/uploads\/2018\/02\/logo-2-e1518678052539.png","contentUrl":"https:\/\/tajkertesz.com\/wp-content\/uploads\/2018\/02\/logo-2-e1518678052539.png","width":81,"height":140,"caption":"T\u00e1j-Kert\u00e9sz 84 Kft."},"image":{"@id":"https:\/\/tajkertesz.com\/#\/schema\/logo\/image\/"},"sameAs":["https:\/\/www.facebook.com\/Tajkertesz\/"]}]}},"_links":{"self":[{"href":"https:\/\/tajkertesz.com\/en_US\/wp-json\/wp\/v2\/product\/16735","targetHints":{"allow":["GET"]}}],"collection":[{"href":"https:\/\/tajkertesz.com\/en_US\/wp-json\/wp\/v2\/product"}],"about":[{"href":"https:\/\/tajkertesz.com\/en_US\/wp-json\/wp\/v2\/types\/product"}],"wp:featuredmedia":[{"embeddable":true,"href":"https:\/\/tajkertesz.com\/en_US\/wp-json\/wp\/v2\/media\/16736"}],"wp:attachment":[{"href":"https:\/\/tajkertesz.com\/en_US\/wp-json\/wp\/v2\/media?parent=16735"}],"wp:term":[{"taxonomy":"product_brand","embeddable":true,"href":"https:\/\/tajkertesz.com\/en_US\/wp-json\/wp\/v2\/product_brand?post=16735"},{"taxonomy":"product_cat","embeddable":true,"href":"https:\/\/tajkertesz.com\/en_US\/wp-json\/wp\/v2\/product_cat?post=16735"},{"taxonomy":"product_tag","embeddable":true,"href":"https:\/\/tajkertesz.com\/en_US\/wp-json\/wp\/v2\/product_tag?post=16735"}],"curies":[{"name":"wp","href":"https:\/\/api.w.org\/{rel}","templated":true}]}}