{"id":16752,"date":"2024-12-10T16:42:20","date_gmt":"2024-12-10T16:42:20","guid":{"rendered":"https:\/\/tajkertesz.com\/?post_type=product&#038;p=16752"},"modified":"2026-02-12T14:55:18","modified_gmt":"2026-02-12T14:55:18","slug":"substral-rovarolo-taprud-celaflor-careo-40-db","status":"publish","type":"product","link":"https:\/\/tajkertesz.com\/en_US\/product\/substral-rovarolo-taprud-celaflor-careo-40-db\/","title":{"rendered":"Substral rovar\u00f6l\u0151 t\u00e1pr\u00fad Celaflor\/Careo\/ 40 db"},"content":{"rendered":"<h2 class=\"page-head-title product-page-head-title position-relative\">Substral rovar\u00f6l\u0151 t\u00e1pr\u00fad Celaflor\/Careo\/ 40 db<\/h2>\n<p>A\u00a0Substral rovar\u00f6l\u0151 t\u00e1pr\u00fad Celaflor\/Careo\/ 40 db-os\u00a0 gyors \u00e9s hossz\u00fa t\u00e1v\u00fa hat\u00e1s\u00fa term\u00e9k.<\/p>\n<p>N\u00f6v\u00e9nyi t\u00e1pr\u00fad (PR)<\/p>\n<p>Enged\u00e9lysz\u00e1m: 6300\/442-1\/2021 N\u00c9BIH<\/p>\n<p>Enged\u00e9ly tulajdonosa: Evergreen Garden Care Poland SP.ZOO.UL.<\/p>\n<p>1 h\u00e9ten bel\u00fcl hat.<\/p>\n<p>Sz\u00e9les hat\u00e1sk\u00f6r.<\/p>\n<p>Egyszer\u0171 alkalmaz\u00e1s.<\/p>\n<p>Megtiszt\u00edtja a n\u00f6v\u00e9nyeket az \u00e9l\u0151sk\u00f6d\u0151 rovarokt\u00f3l. H\u00e1rom h\u00f3napon kereszt\u00fcl ell\u00e1tja a n\u00f6v\u00e9nyt t\u00e1panyaggal.<\/p>\n<p>Haszn\u00e1lja szoban\u00f6v\u00e9nyeihez, irod\u00e1ban, t\u00e9likertben &#8211; hogy n\u00f6v\u00e9nyei eg\u00e9szs\u00e9gesen fejl\u0151djenek. Hydrokult\u00far\u00e1khoz is aj\u00e1nlott.<\/p>\n<p>Eltarthat\u00f3s\u00e1g: Eredeti z\u00e1rt csomagol\u00e1sban sz\u00e1rasz h\u0171v\u00f6s helyen szab\u00e1lyos n\u00f6v\u00e9nyv\u00e9d\u0151szer rakt\u00e1rban 3 \u00e9v.<\/p>\n<p>Hat\u00f3anyag: 40 g\/kg Acetamiprid, NPK 10 : 6 : 7 hossz\u00fa hat\u00e1s\u00fa t\u00e1prudacsk\u00e1k<\/p>\n<p><strong>Adagol\u00e1s:<\/strong><\/p>\n<p>Dugja a t\u00e1prudat a f\u00f6ldbe \u00fagy, hogy a rudacska tetej\u00e9t eltakarja a talaj szintje, \u00f6nt\u00f6zze rendszeresen.<\/p>\n<p>Csak lev\u00e9ltet\u0171 ellen: 1 t\u00e1pr\u00fad kb. 1 liter f\u00f6ldh\u00f6z kb. 14 cm \u00e1tm\u00e9r\u0151j\u0171 cser\u00e9pig.<\/p>\n<p>T\u00f6bb k\u00e1rtev\u0151 jelenl\u00e9te eset\u00e9n: 2 t\u00e1pr\u00fad kb. 1 liter f\u00f6ldh\u00f6z kb. 14 cm \u00e1tm\u00e9r\u0151j\u0171 cser\u00e9pig.<\/p>\n<p>Alkalmazhat\u00f3: eg\u00e9sz \u00e9vben<\/p>\n<p>A csomag 40 db rovar\u00f6l\u0151 t\u00e1prudat tartalmaz<\/p>\n<h3 align=\"justify\">Kiz\u00e1r\u00f3lag szem\u00e9lyes \u00e1tv\u00e9tellel lehets\u00e9ges a n\u00f6v\u00e9nyv\u00e9d\u0151szerek megv\u00e1s\u00e1rl\u00e1sa!<\/h3>\n<p style=\"line-height: 18.0pt; background: white; margin: 0cm 0cm 15.0pt 0cm;\"><b><span style=\"font-family: 'Ubuntu',sans-serif; color: black;\">K\u00e9szlet\u00fcnk napi szinten v\u00e1ltozik, ez\u00e9rt k\u00e9rj\u00fck, \u00e9rdekl\u0151dj\u00f6n szem\u00e9lyesen, telefonon vagy email-en.<br \/>\nA v\u00e1ltoztat\u00e1s jog\u00e1t fenntartjuk!\u00a0<\/span><\/b><\/p>\n<p><a href=\"https:\/\/tajkertesz.com\/\">https:\/\/tajkertesz.com\/<\/a><\/p>\n<p><a href=\"https:\/\/www.facebook.com\/tajkertesz\/\">https:\/\/www.facebook.com\/tajkertesz\/<\/a><\/p>\n<p>Kisz\u00e1ll\u00edt\u00e1s: 200cm-ig \u00e9s 40 kg-ig a sz\u00e1ll\u00edt\u00e1s fut\u00e1rszolg\u00e1lattal t\u00f6rt\u00e9nik.<\/p>\n<p>Szem\u00e9lyes \u00e1tv\u00e9tel nyitvatart\u00e1si id\u0151ben a 17. ker\u00fclet Bakancsos utca 7. sz\u00e1m alatti Kert\u00e9szeti \u00e1rud\u00e1nkban.<\/p>\n<p>Kert\u00e9p\u00edt\u0151k \u00e9s viszontelad\u00f3k regisztr\u00e1l\u00e1s ut\u00e1n egyedi kedvezm\u00e9nnyel v\u00e1s\u00e1rolhatnak kert\u00e9szeti kis-\u00e9s nagykeresked\u00e9s\u00fcnkben.<\/p>","protected":false},"excerpt":{"rendered":"<p>Megtiszt\u00edtja a n\u00f6v\u00e9nyeket az \u00e9l\u0151sk\u00f6d\u0151 rovarokt\u00f3l. H\u00e1rom h\u00f3napon kereszt\u00fcl ell\u00e1tja a n\u00f6v\u00e9nyt t\u00e1panyaggal&#8230;<\/p>\n<p><span style=\"color: #ff0000;\">Csak szem\u00e9lyes \u00e1tv\u00e9tellel rendelhet\u0151!<\/span><\/p>\n<div id=\"bodyContent\" class=\"mw-body-content\">\n<div id=\"mw-content-text\" class=\"mw-content-ltr\" dir=\"ltr\" lang=\"hu\">\n<div id=\"bodyContent\" class=\"mw-body-content\">\n<div id=\"mw-content-text\" class=\"mw-content-ltr\" dir=\"ltr\" lang=\"hu\">\n<p><b>K\u00e9szlet\u00fcnk napi szinten v\u00e1ltozik, ez\u00e9rt k\u00e9rj\u00fck, \u00e9rdekl\u0151dj\u00f6n szem\u00e9lyesen, telefonon vagy email-en.<\/b><\/p>\n<p>Term\u00e9keinket szem\u00e9lyesen is \u00e1tveheti a h\u00e9t minden napj\u00e1n nyitvatart\u00e1si id\u0151ben!<\/p>\n<p>&nbsp;<\/p>\n<\/div>\n<\/div>\n<\/div>\n<\/div>\n<p><b>A v\u00e1ltoztat\u00e1s jog\u00e1t fenntartjuk!\u00a0<\/b><\/p>","protected":false},"featured_media":15833,"template":"","meta":{"_et_pb_use_builder":"","_et_pb_old_content":"","_et_gb_content_width":""},"product_brand":[],"product_cat":[1845,3423,1455],"product_tag":[4132,4135,1476,1480],"class_list":{"0":"post-16752","1":"product","2":"type-product","3":"status-publish","4":"has-post-thumbnail","6":"product_cat-egyeb-tapoldatok-mutragyak","7":"product_cat-rovarolo-szer","8":"product_cat-substral-mutragyak-tapoldatok","9":"product_tag-careo","10":"product_tag-rovarolo","11":"product_tag-substral","12":"product_tag-taprud","14":"first","15":"outofstock","16":"shipping-taxable","17":"product-type-simple"},"yoast_head":"<!-- This site is optimized with the Yoast SEO plugin v27.3 - https:\/\/yoast.com\/product\/yoast-seo-wordpress\/ -->\n<title>Substral rovar\u00f6l\u0151 t\u00e1pr\u00fad Celaflor\/Careo\/ 40 db - T\u00e1jkert\u00e9sz<\/title>\n<meta name=\"description\" content=\"Substral rovar\u00f6l\u0151 t\u00e1pr\u00fad Celaflor\/Careo\/ 40 db. Megtiszt\u00edtja a n\u00f6v\u00e9nyeket az \u00e9l\u0151sk\u00f6d\u0151 rovarokt\u00f3l. H\u00e1rom h\u00f3napon kereszt\u00fcl ell\u00e1tja a n\u00f6v\u00e9nyt t\u00e1panyaggal.\" \/>\n<meta name=\"robots\" content=\"index, follow, max-snippet:-1, max-image-preview:large, max-video-preview:-1\" \/>\n<link rel=\"canonical\" href=\"https:\/\/tajkertesz.com\/en_US\/product\/substral-rovarolo-taprud-celaflor-careo-40-db\/\" \/>\n<meta property=\"og:locale\" content=\"en_US\" \/>\n<meta property=\"og:type\" content=\"article\" \/>\n<meta property=\"og:title\" content=\"https:\/\/www.facebook.com\/tajkertesz\" \/>\n<meta property=\"og:description\" content=\"Megtiszt\u00edtja a n\u00f6v\u00e9nyeket az \u00e9l\u0151sk\u00f6d\u0151 rovarokt\u00f3l. H\u00e1rom h\u00f3napon kereszt\u00fcl ell\u00e1tja a n\u00f6v\u00e9nyt t\u00e1panyaggal. Haszn\u00e1lja szoban\u00f6v\u00e9nyeihez, irod\u00e1ban, t\u00e9likertben - hogy n\u00f6v\u00e9nyei eg\u00e9szs\u00e9gesen fejl\u0151djenek. Hydrokult\u00far\u00e1khoz is aj\u00e1nlott. NPK 10 : 6 : 7 hossz\u00fa hat\u00e1s\u00fa t\u00e1prudacsk\u00e1kHat\u00f3anyag: 40 g\/kg Acetamiprid\" \/>\n<meta property=\"og:url\" content=\"https:\/\/tajkertesz.com\/en_US\/product\/substral-rovarolo-taprud-celaflor-careo-40-db\/\" \/>\n<meta property=\"og:site_name\" content=\"T\u00e1jkert\u00e9sz\" \/>\n<meta property=\"article:publisher\" content=\"https:\/\/www.facebook.com\/Tajkertesz\/\" \/>\n<meta property=\"article:modified_time\" content=\"2026-02-12T14:55:18+00:00\" \/>\n<meta property=\"og:image\" content=\"https:\/\/tajkertesz.com\/wp-content\/uploads\/2023\/06\/celaflor_careo20_optimized.jpeg\" \/>\n\t<meta property=\"og:image:width\" content=\"500\" \/>\n\t<meta property=\"og:image:height\" content=\"500\" \/>\n\t<meta property=\"og:image:type\" content=\"image\/jpeg\" \/>\n<meta name=\"twitter:card\" content=\"summary_large_image\" \/>\n<meta name=\"twitter:label1\" content=\"Est. reading time\" \/>\n\t<meta name=\"twitter:data1\" content=\"2 minutes\" \/>\n<script type=\"application\/ld+json\" class=\"yoast-schema-graph\">{\"@context\":\"https:\\\/\\\/schema.org\",\"@graph\":[{\"@type\":\"WebPage\",\"@id\":\"https:\\\/\\\/tajkertesz.com\\\/termek\\\/substral-rovarolo-taprud-celaflor-careo-40-db\\\/\",\"url\":\"https:\\\/\\\/tajkertesz.com\\\/termek\\\/substral-rovarolo-taprud-celaflor-careo-40-db\\\/\",\"name\":\"Substral rovar\u00f6l\u0151 t\u00e1pr\u00fad Celaflor\\\/Careo\\\/ 40 db - T\u00e1jkert\u00e9sz\",\"isPartOf\":{\"@id\":\"https:\\\/\\\/tajkertesz.com\\\/#website\"},\"primaryImageOfPage\":{\"@id\":\"https:\\\/\\\/tajkertesz.com\\\/termek\\\/substral-rovarolo-taprud-celaflor-careo-40-db\\\/#primaryimage\"},\"image\":{\"@id\":\"https:\\\/\\\/tajkertesz.com\\\/termek\\\/substral-rovarolo-taprud-celaflor-careo-40-db\\\/#primaryimage\"},\"thumbnailUrl\":\"https:\\\/\\\/tajkertesz.com\\\/wp-content\\\/uploads\\\/2023\\\/06\\\/celaflor_careo20_optimized.jpeg\",\"datePublished\":\"2024-12-10T16:42:20+00:00\",\"dateModified\":\"2026-02-12T14:55:18+00:00\",\"description\":\"Substral rovar\u00f6l\u0151 t\u00e1pr\u00fad Celaflor\\\/Careo\\\/ 40 db. Megtiszt\u00edtja a n\u00f6v\u00e9nyeket az \u00e9l\u0151sk\u00f6d\u0151 rovarokt\u00f3l. H\u00e1rom h\u00f3napon kereszt\u00fcl ell\u00e1tja a n\u00f6v\u00e9nyt t\u00e1panyaggal.\",\"breadcrumb\":{\"@id\":\"https:\\\/\\\/tajkertesz.com\\\/termek\\\/substral-rovarolo-taprud-celaflor-careo-40-db\\\/#breadcrumb\"},\"inLanguage\":\"en-US\",\"potentialAction\":[{\"@type\":\"ReadAction\",\"target\":[\"https:\\\/\\\/tajkertesz.com\\\/termek\\\/substral-rovarolo-taprud-celaflor-careo-40-db\\\/\"]}]},{\"@type\":\"ImageObject\",\"inLanguage\":\"en-US\",\"@id\":\"https:\\\/\\\/tajkertesz.com\\\/termek\\\/substral-rovarolo-taprud-celaflor-careo-40-db\\\/#primaryimage\",\"url\":\"https:\\\/\\\/tajkertesz.com\\\/wp-content\\\/uploads\\\/2023\\\/06\\\/celaflor_careo20_optimized.jpeg\",\"contentUrl\":\"https:\\\/\\\/tajkertesz.com\\\/wp-content\\\/uploads\\\/2023\\\/06\\\/celaflor_careo20_optimized.jpeg\",\"width\":500,\"height\":500,\"caption\":\"Substral rovar\u00f6l\u0151 t\u00e1pr\u00fad Celaflor\\\/Careo\\\/ 40 db\"},{\"@type\":\"BreadcrumbList\",\"@id\":\"https:\\\/\\\/tajkertesz.com\\\/termek\\\/substral-rovarolo-taprud-celaflor-careo-40-db\\\/#breadcrumb\",\"itemListElement\":[{\"@type\":\"ListItem\",\"position\":1,\"name\":\"Home\",\"item\":\"https:\\\/\\\/tajkertesz.com\\\/\"},{\"@type\":\"ListItem\",\"position\":2,\"name\":\"Kezd\u0151lap\",\"item\":\"https:\\\/\\\/tajkertesz.com\\\/\"},{\"@type\":\"ListItem\",\"position\":3,\"name\":\"Substral rovar\u00f6l\u0151 t\u00e1pr\u00fad Celaflor\\\/Careo\\\/ 40 db\"}]},{\"@type\":\"WebSite\",\"@id\":\"https:\\\/\\\/tajkertesz.com\\\/#website\",\"url\":\"https:\\\/\\\/tajkertesz.com\\\/\",\"name\":\"T\u00e1j-Kert\u00e9sz 84 Kft.\",\"description\":\"Kert\u00e9szeti kis- \u00e9s nagykeresked\u00e9s, D\u00edszn\u00f6v\u00e9ny web\u00e1ruh\u00e1z orsz\u00e1gos h\u00e1zhozsz\u00e1ll\u00edt\u00e1ssal!\",\"publisher\":{\"@id\":\"https:\\\/\\\/tajkertesz.com\\\/#organization\"},\"potentialAction\":[{\"@type\":\"SearchAction\",\"target\":{\"@type\":\"EntryPoint\",\"urlTemplate\":\"https:\\\/\\\/tajkertesz.com\\\/?s={search_term_string}\"},\"query-input\":{\"@type\":\"PropertyValueSpecification\",\"valueRequired\":true,\"valueName\":\"search_term_string\"}}],\"inLanguage\":\"en-US\"},{\"@type\":\"Organization\",\"@id\":\"https:\\\/\\\/tajkertesz.com\\\/#organization\",\"name\":\"T\u00e1j-Kert\u00e9sz 84 Kft.\",\"url\":\"https:\\\/\\\/tajkertesz.com\\\/\",\"logo\":{\"@type\":\"ImageObject\",\"inLanguage\":\"en-US\",\"@id\":\"https:\\\/\\\/tajkertesz.com\\\/#\\\/schema\\\/logo\\\/image\\\/\",\"url\":\"https:\\\/\\\/tajkertesz.com\\\/wp-content\\\/uploads\\\/2018\\\/02\\\/logo-2-e1518678052539.png\",\"contentUrl\":\"https:\\\/\\\/tajkertesz.com\\\/wp-content\\\/uploads\\\/2018\\\/02\\\/logo-2-e1518678052539.png\",\"width\":81,\"height\":140,\"caption\":\"T\u00e1j-Kert\u00e9sz 84 Kft.\"},\"image\":{\"@id\":\"https:\\\/\\\/tajkertesz.com\\\/#\\\/schema\\\/logo\\\/image\\\/\"},\"sameAs\":[\"https:\\\/\\\/www.facebook.com\\\/Tajkertesz\\\/\"]}]}<\/script>\n<!-- \/ Yoast SEO plugin. -->","yoast_head_json":{"title":"Substral rovar\u00f6l\u0151 t\u00e1pr\u00fad Celaflor\/Careo\/ 40 db - T\u00e1jkert\u00e9sz","description":"Substral rovar\u00f6l\u0151 t\u00e1pr\u00fad Celaflor\/Careo\/ 40 db. Megtiszt\u00edtja a n\u00f6v\u00e9nyeket az \u00e9l\u0151sk\u00f6d\u0151 rovarokt\u00f3l. H\u00e1rom h\u00f3napon kereszt\u00fcl ell\u00e1tja a n\u00f6v\u00e9nyt t\u00e1panyaggal.","robots":{"index":"index","follow":"follow","max-snippet":"max-snippet:-1","max-image-preview":"max-image-preview:large","max-video-preview":"max-video-preview:-1"},"canonical":"https:\/\/tajkertesz.com\/en_US\/product\/substral-rovarolo-taprud-celaflor-careo-40-db\/","og_locale":"en_US","og_type":"article","og_title":"https:\/\/www.facebook.com\/tajkertesz","og_description":"Megtiszt\u00edtja a n\u00f6v\u00e9nyeket az \u00e9l\u0151sk\u00f6d\u0151 rovarokt\u00f3l. H\u00e1rom h\u00f3napon kereszt\u00fcl ell\u00e1tja a n\u00f6v\u00e9nyt t\u00e1panyaggal. Haszn\u00e1lja szoban\u00f6v\u00e9nyeihez, irod\u00e1ban, t\u00e9likertben - hogy n\u00f6v\u00e9nyei eg\u00e9szs\u00e9gesen fejl\u0151djenek. Hydrokult\u00far\u00e1khoz is aj\u00e1nlott. NPK 10 : 6 : 7 hossz\u00fa hat\u00e1s\u00fa t\u00e1prudacsk\u00e1kHat\u00f3anyag: 40 g\/kg Acetamiprid","og_url":"https:\/\/tajkertesz.com\/en_US\/product\/substral-rovarolo-taprud-celaflor-careo-40-db\/","og_site_name":"T\u00e1jkert\u00e9sz","article_publisher":"https:\/\/www.facebook.com\/Tajkertesz\/","article_modified_time":"2026-02-12T14:55:18+00:00","og_image":[{"width":500,"height":500,"url":"https:\/\/tajkertesz.com\/wp-content\/uploads\/2023\/06\/celaflor_careo20_optimized.jpeg","type":"image\/jpeg"}],"twitter_card":"summary_large_image","twitter_misc":{"Est. reading time":"2 minutes"},"schema":{"@context":"https:\/\/schema.org","@graph":[{"@type":"WebPage","@id":"https:\/\/tajkertesz.com\/termek\/substral-rovarolo-taprud-celaflor-careo-40-db\/","url":"https:\/\/tajkertesz.com\/termek\/substral-rovarolo-taprud-celaflor-careo-40-db\/","name":"Substral rovar\u00f6l\u0151 t\u00e1pr\u00fad Celaflor\/Careo\/ 40 db - T\u00e1jkert\u00e9sz","isPartOf":{"@id":"https:\/\/tajkertesz.com\/#website"},"primaryImageOfPage":{"@id":"https:\/\/tajkertesz.com\/termek\/substral-rovarolo-taprud-celaflor-careo-40-db\/#primaryimage"},"image":{"@id":"https:\/\/tajkertesz.com\/termek\/substral-rovarolo-taprud-celaflor-careo-40-db\/#primaryimage"},"thumbnailUrl":"https:\/\/tajkertesz.com\/wp-content\/uploads\/2023\/06\/celaflor_careo20_optimized.jpeg","datePublished":"2024-12-10T16:42:20+00:00","dateModified":"2026-02-12T14:55:18+00:00","description":"Substral rovar\u00f6l\u0151 t\u00e1pr\u00fad Celaflor\/Careo\/ 40 db. Megtiszt\u00edtja a n\u00f6v\u00e9nyeket az \u00e9l\u0151sk\u00f6d\u0151 rovarokt\u00f3l. H\u00e1rom h\u00f3napon kereszt\u00fcl ell\u00e1tja a n\u00f6v\u00e9nyt t\u00e1panyaggal.","breadcrumb":{"@id":"https:\/\/tajkertesz.com\/termek\/substral-rovarolo-taprud-celaflor-careo-40-db\/#breadcrumb"},"inLanguage":"en-US","potentialAction":[{"@type":"ReadAction","target":["https:\/\/tajkertesz.com\/termek\/substral-rovarolo-taprud-celaflor-careo-40-db\/"]}]},{"@type":"ImageObject","inLanguage":"en-US","@id":"https:\/\/tajkertesz.com\/termek\/substral-rovarolo-taprud-celaflor-careo-40-db\/#primaryimage","url":"https:\/\/tajkertesz.com\/wp-content\/uploads\/2023\/06\/celaflor_careo20_optimized.jpeg","contentUrl":"https:\/\/tajkertesz.com\/wp-content\/uploads\/2023\/06\/celaflor_careo20_optimized.jpeg","width":500,"height":500,"caption":"Substral rovar\u00f6l\u0151 t\u00e1pr\u00fad Celaflor\/Careo\/ 40 db"},{"@type":"BreadcrumbList","@id":"https:\/\/tajkertesz.com\/termek\/substral-rovarolo-taprud-celaflor-careo-40-db\/#breadcrumb","itemListElement":[{"@type":"ListItem","position":1,"name":"Home","item":"https:\/\/tajkertesz.com\/"},{"@type":"ListItem","position":2,"name":"Kezd\u0151lap","item":"https:\/\/tajkertesz.com\/"},{"@type":"ListItem","position":3,"name":"Substral rovar\u00f6l\u0151 t\u00e1pr\u00fad Celaflor\/Careo\/ 40 db"}]},{"@type":"WebSite","@id":"https:\/\/tajkertesz.com\/#website","url":"https:\/\/tajkertesz.com\/","name":"T\u00e1j-Kert\u00e9sz 84 Kft.","description":"Kert\u00e9szeti kis- \u00e9s nagykeresked\u00e9s, D\u00edszn\u00f6v\u00e9ny web\u00e1ruh\u00e1z orsz\u00e1gos h\u00e1zhozsz\u00e1ll\u00edt\u00e1ssal!","publisher":{"@id":"https:\/\/tajkertesz.com\/#organization"},"potentialAction":[{"@type":"SearchAction","target":{"@type":"EntryPoint","urlTemplate":"https:\/\/tajkertesz.com\/?s={search_term_string}"},"query-input":{"@type":"PropertyValueSpecification","valueRequired":true,"valueName":"search_term_string"}}],"inLanguage":"en-US"},{"@type":"Organization","@id":"https:\/\/tajkertesz.com\/#organization","name":"T\u00e1j-Kert\u00e9sz 84 Kft.","url":"https:\/\/tajkertesz.com\/","logo":{"@type":"ImageObject","inLanguage":"en-US","@id":"https:\/\/tajkertesz.com\/#\/schema\/logo\/image\/","url":"https:\/\/tajkertesz.com\/wp-content\/uploads\/2018\/02\/logo-2-e1518678052539.png","contentUrl":"https:\/\/tajkertesz.com\/wp-content\/uploads\/2018\/02\/logo-2-e1518678052539.png","width":81,"height":140,"caption":"T\u00e1j-Kert\u00e9sz 84 Kft."},"image":{"@id":"https:\/\/tajkertesz.com\/#\/schema\/logo\/image\/"},"sameAs":["https:\/\/www.facebook.com\/Tajkertesz\/"]}]}},"_links":{"self":[{"href":"https:\/\/tajkertesz.com\/en_US\/wp-json\/wp\/v2\/product\/16752","targetHints":{"allow":["GET"]}}],"collection":[{"href":"https:\/\/tajkertesz.com\/en_US\/wp-json\/wp\/v2\/product"}],"about":[{"href":"https:\/\/tajkertesz.com\/en_US\/wp-json\/wp\/v2\/types\/product"}],"wp:featuredmedia":[{"embeddable":true,"href":"https:\/\/tajkertesz.com\/en_US\/wp-json\/wp\/v2\/media\/15833"}],"wp:attachment":[{"href":"https:\/\/tajkertesz.com\/en_US\/wp-json\/wp\/v2\/media?parent=16752"}],"wp:term":[{"taxonomy":"product_brand","embeddable":true,"href":"https:\/\/tajkertesz.com\/en_US\/wp-json\/wp\/v2\/product_brand?post=16752"},{"taxonomy":"product_cat","embeddable":true,"href":"https:\/\/tajkertesz.com\/en_US\/wp-json\/wp\/v2\/product_cat?post=16752"},{"taxonomy":"product_tag","embeddable":true,"href":"https:\/\/tajkertesz.com\/en_US\/wp-json\/wp\/v2\/product_tag?post=16752"}],"curies":[{"name":"wp","href":"https:\/\/api.w.org\/{rel}","templated":true}]}}