{"id":16783,"date":"2023-09-07T09:37:21","date_gmt":"2023-09-07T09:37:21","guid":{"rendered":"https:\/\/tajkertesz.com\/?post_type=product&#038;p=16783"},"modified":"2026-02-13T09:44:58","modified_gmt":"2026-02-13T09:44:58","slug":"mr-pitch-pazsit-pro-extra-green-lombtragya-1-l","status":"publish","type":"product","link":"https:\/\/tajkertesz.com\/en_US\/product\/mr-pitch-pazsit-pro-extra-green-lombtragya-1-l\/","title":{"rendered":"Mr. Pitch P\u00e1zsit Pro Extra Green lombtr\u00e1gya 1 L"},"content":{"rendered":"<h2>Mr. Pitch P\u00e1zsit Pro Extra Green lombtr\u00e1gya 1 L<\/h2>\n<p>Mr. Pitch P\u00e1zsit Pro Extra Green lombtr\u00e1gya 1 L<\/p>\n<p>A Mr. Pitch P\u00e1zsit Pro EXTRA GREEN lombtr\u00e1gy\u00e1t\u00a0aj\u00e1nljuk ha extra z\u00f6ld p\u00e1zsitot szeretne eg\u00e9sz \u00e9vben.\u00a0\u00a0A magas\u00a0vas \u00e9s magn\u00e9zium tartalm\u00fa lombtr\u00e1gya seg\u00edt az extra sz\u00ednhat\u00e1s \u00e9rdek\u00e9ben.<\/p>\n<p>A k\u00f6vetkez\u0151 alkalmaz\u00e1sban \u00e9s d\u00f3zisokkal aj\u00e1nljuk kijuttatni:<\/p>\n<ul>\n<li>Intenz\u00edven fenntartott sport gyepek t\u00e1panyag p\u00f3tl\u00e1s\u00e1ra:\u00a015 l\/ha d\u00f3zisban, 3%-os koncentr\u00e1ci\u00f3 mellett, veget\u00e1ci\u00f3s id\u0151 alatt.<\/li>\n<li>D\u00edszgyepek t\u00e1panyag p\u00f3tl\u00e1s\u00e1ra\u00a010 l\/ha d\u00f3zisban, 3%-os koncentr\u00e1ci\u00f3 mellett, veget\u00e1ci\u00f3s id\u0151 alatt.<\/li>\n<\/ul>\n<p>A term\u00e9k r\u00e9tegz\u0151d\u00e9se nem cs\u00f6kkenti a m\u0171tr\u00e1gya k\u00edv\u00e1nt hat\u00e1sfok\u00e1t. A term\u00e9k haszn\u00e1lhat\u00f3 egy\u00fcttesen egy\u00e9b n\u00f6v\u00e9nyv\u00e9d\u0151szerekkel.<\/p>\n<p><strong>T\u00e1panyagtartalom:<\/strong><br \/>\nNitrog\u00e9n (N) 4,7 m\/m% (60 g\/l)<br \/>\nK\u00e1lium (K) 3,9 m\/m% (50 g\/l)<br \/>\nK\u00e1lium-oxid (K2O) 4,7 m\/m% (60 g\/l)<br \/>\nVas (Fe) EDTA 3,9 m\/m% (50 g\/l)<br \/>\nMagn\u00e9zium (Mg) 1,4 m\/m% (18 g\/l)<br \/>\nMagn\u00e9zium-oxid (MgO) 2,4 m\/m% (30 g\/l)<\/p>\n<p>Kiszerel\u00e9s :1 l<\/p>\n<p>Let\u00f6lthet\u0151 biztons\u00e1gtechnikai adatlap: <span style=\"color: #0000ff;\"><a style=\"color: #0000ff;\" href=\"https:\/\/tajkertesz.hu\/pazsit-pro-extra-green.pdf\">https:\/\/tajkertesz.hu\/pazsit-pro-extra-green.pdf<\/a><\/span><\/p>\n<p>El\u00e9rhet\u0151 t\u00f6bbf\u00e9le m\u00e9retben \u00e9s \u00e1rban.<\/p>\n<p><strong>K\u00e9szlet\u00fcnk napi szinten v\u00e1ltozik, ez\u00e9rt k\u00e9rj\u00fck, \u00e9rdekl\u0151dj\u00f6n szem\u00e9lyesen, telefonon vagy email-en.<br \/>\nA v\u00e1ltoztat\u00e1s jog\u00e1t fenntartjuk!\u00a0<\/strong><\/p>\n<p>&nbsp;<\/p>\n<p><a href=\"https:\/\/tajkertesz.com\/\">https:\/\/tajkertesz.com\/<\/a><\/p>\n<p><a href=\"https:\/\/www.facebook.com\/tajkertesz\/\">https:\/\/www.facebook.com\/tajkertesz\/<\/a><\/p>\n<p>Kisz\u00e1ll\u00edt\u00e1s: 200cm-ig \u00a0\u00e9s 40 kg-ig a sz\u00e1ll\u00edt\u00e1s fut\u00e1rszolg\u00e1lattal \u00a0t\u00f6rt\u00e9nik.<\/p>\n<p>Szem\u00e9lyes \u00e1tv\u00e9tel nyitvatart\u00e1si id\u0151ben a 17. ker\u00fclet Bakancsos utca 7. sz\u00e1m alatti Kert\u00e9szeti \u00e1rud\u00e1ban.<\/p>\n<h6><span style=\"color: #ffffff;\">A Mr. Pitch P\u00e1zsit Pro EXTRA GREEN lombtr\u00e1gy\u00e1t\u00a0aj\u00e1nljuk ha extra z\u00f6ld p\u00e1zsitot szeretne eg\u00e9sz \u00e9vben.\u00a0\u00a0A magas\u00a0vas \u00e9s magn\u00e9zium tartalm\u00fa lombtr\u00e1gya seg\u00edt az extra sz\u00ednhat\u00e1s \u00e9rdek\u00e9ben.<\/span><\/h6>\n<h6><span style=\"color: #ffffff;\">A k\u00f6vetkez\u0151 alkalmaz\u00e1sban \u00e9s d\u00f3zisokkal aj\u00e1nljuk kijuttatni:<\/span><\/h6>\n<ul>\n<li>\n<h6><span style=\"color: #ffffff;\">Intenz\u00edven fenntartott sport gyepek t\u00e1panyag p\u00f3tl\u00e1s\u00e1ra:\u00a015 l\/ha d\u00f3zisban, 3%-os koncentr\u00e1ci\u00f3 mellett, veget\u00e1ci\u00f3s id\u0151 alatt.<\/span><\/h6>\n<\/li>\n<li>\n<h6><span style=\"color: #ffffff;\">D\u00edszgyepek t\u00e1panyag p\u00f3tl\u00e1s\u00e1ra\u00a010 l\/ha d\u00f3zisban, 3%-os koncentr\u00e1ci\u00f3 mellett, veget\u00e1ci\u00f3s id\u0151 alatt.<\/span><\/h6>\n<\/li>\n<\/ul>","protected":false},"excerpt":{"rendered":"<h2>Mr. Pitch P\u00e1zsit Pro Extra Green lombtr\u00e1gya 1 L<\/h2>\n<p>Magas vas \u00e9s magn\u00e9zium tartalma seg\u00edts\u00e9g az extra sz\u00ednhat\u00e1s el\u00e9r\u00e9s\u00e9ben&#8230;<\/p>\n<div id=\"bodyContent\" class=\"mw-body-content\">\n<div id=\"mw-content-text\" class=\"mw-content-ltr\" dir=\"ltr\" lang=\"hu\">\n<div id=\"bodyContent\" class=\"mw-body-content\">\n<div id=\"mw-content-text\" class=\"mw-content-ltr\" dir=\"ltr\" lang=\"hu\">\n<h5><b>K\u00e9szlet\u00fcnk napi szinten v\u00e1ltozik, ez\u00e9rt k\u00e9rj\u00fck, \u00e9rdekl\u0151dj\u00f6n szem\u00e9lyesen, telefonon vagy email-ben.<\/b><\/h5>\n<h5>Term\u00e9keinket szem\u00e9lyesen is \u00e1tveheti a h\u00e9t minden napj\u00e1n nyitvatart\u00e1si id\u0151ben!<\/h5>\n<h5>Kisz\u00e1ll\u00edt\u00e1s: 200 cm \u00e9s 40 kg-ig a sz\u00e1ll\u00edt\u00e1s fut\u00e1rszolg\u00e1lattal t\u00f6rt\u00e9nik.<\/h5>\n<\/div>\n<\/div>\n<\/div>\n<\/div>\n<h5><b>A v\u00e1ltoztat\u00e1s jog\u00e1t fenntartjuk!\u00a0<\/b><\/h5>","protected":false},"featured_media":16778,"template":"","meta":{"_et_pb_use_builder":"","_et_pb_old_content":"","_et_gb_content_width":""},"product_brand":[],"product_cat":[4343],"product_tag":[699,4344,4345],"class_list":{"0":"post-16783","1":"product","2":"type-product","3":"status-publish","4":"has-post-thumbnail","6":"product_cat-mr-pitch-pro","7":"product_tag-gyeptragya","8":"product_tag-lombtragya","9":"product_tag-mr-pitch","11":"first","12":"instock","13":"shipping-taxable","14":"purchasable","15":"product-type-simple"},"yoast_head":"<!-- This site is optimized with the Yoast SEO plugin v27.4 - https:\/\/yoast.com\/product\/yoast-seo-wordpress\/ -->\n<title>Mr. Pitch P\u00e1zsit Pro Extra Green lombtr\u00e1gya 1 L - T\u00e1jkert\u00e9sz<\/title>\n<meta name=\"description\" content=\"Mr. Pitch P\u00e1zsit Pro Extra Green lombtr\u00e1gya 1 L. A telep\u00edtett gyepek hi\u00e1nyt\u00fcneteinek kezel\u00e9s\u00e9re, t\u00e1pl\u00e1l\u00e1s\u00e1ra szolg\u00e1l\u00f3 lombtr\u00e1gya.\" \/>\n<meta name=\"robots\" content=\"index, follow, max-snippet:-1, max-image-preview:large, max-video-preview:-1\" \/>\n<link rel=\"canonical\" href=\"https:\/\/tajkertesz.com\/en_US\/product\/mr-pitch-pazsit-pro-extra-green-lombtragya-1-l\/\" \/>\n<meta property=\"og:locale\" content=\"en_US\" \/>\n<meta property=\"og:type\" content=\"article\" \/>\n<meta property=\"og:title\" content=\"https:\/\/www.facebook.com\/tajkertesz\" \/>\n<meta property=\"og:description\" content=\"A Mr. Pitch P\u00e1zsit Pro EXTRA GREEN lombtr\u00e1gy\u00e1t\u00a0aj\u00e1nljuk ha extra z\u00f6ld p\u00e1zsitot szeretne eg\u00e9sz \u00e9vben.\u00a0\u00a0A magas\u00a0vas \u00e9s magn\u00e9zium tartalm\u00fa lombtr\u00e1gya seg\u00edt az extra sz\u00ednhat\u00e1s \u00e9rdek\u00e9ben.\" \/>\n<meta property=\"og:url\" content=\"https:\/\/tajkertesz.com\/en_US\/product\/mr-pitch-pazsit-pro-extra-green-lombtragya-1-l\/\" \/>\n<meta property=\"og:site_name\" content=\"T\u00e1jkert\u00e9sz\" \/>\n<meta property=\"article:publisher\" content=\"https:\/\/www.facebook.com\/Tajkertesz\/\" \/>\n<meta property=\"article:modified_time\" content=\"2026-02-13T09:44:58+00:00\" \/>\n<meta property=\"og:image\" content=\"https:\/\/tajkertesz.com\/wp-content\/uploads\/2023\/09\/MPPP_ExtraGreen.png\" \/>\n\t<meta property=\"og:image:width\" content=\"1000\" \/>\n\t<meta property=\"og:image:height\" content=\"930\" \/>\n\t<meta property=\"og:image:type\" content=\"image\/png\" \/>\n<meta name=\"twitter:card\" content=\"summary_large_image\" \/>\n<meta name=\"twitter:label1\" content=\"Est. reading time\" \/>\n\t<meta name=\"twitter:data1\" content=\"2 minutes\" \/>\n<script type=\"application\/ld+json\" class=\"yoast-schema-graph\">{\"@context\":\"https:\\\/\\\/schema.org\",\"@graph\":[{\"@type\":\"WebPage\",\"@id\":\"https:\\\/\\\/tajkertesz.com\\\/termek\\\/mr-pitch-pazsit-pro-extra-green-lombtragya-1-l\\\/\",\"url\":\"https:\\\/\\\/tajkertesz.com\\\/termek\\\/mr-pitch-pazsit-pro-extra-green-lombtragya-1-l\\\/\",\"name\":\"Mr. Pitch P\u00e1zsit Pro Extra Green lombtr\u00e1gya 1 L - T\u00e1jkert\u00e9sz\",\"isPartOf\":{\"@id\":\"https:\\\/\\\/tajkertesz.com\\\/#website\"},\"primaryImageOfPage\":{\"@id\":\"https:\\\/\\\/tajkertesz.com\\\/termek\\\/mr-pitch-pazsit-pro-extra-green-lombtragya-1-l\\\/#primaryimage\"},\"image\":{\"@id\":\"https:\\\/\\\/tajkertesz.com\\\/termek\\\/mr-pitch-pazsit-pro-extra-green-lombtragya-1-l\\\/#primaryimage\"},\"thumbnailUrl\":\"https:\\\/\\\/tajkertesz.com\\\/wp-content\\\/uploads\\\/2023\\\/09\\\/MPPP_ExtraGreen.png\",\"datePublished\":\"2023-09-07T09:37:21+00:00\",\"dateModified\":\"2026-02-13T09:44:58+00:00\",\"description\":\"Mr. Pitch P\u00e1zsit Pro Extra Green lombtr\u00e1gya 1 L. A telep\u00edtett gyepek hi\u00e1nyt\u00fcneteinek kezel\u00e9s\u00e9re, t\u00e1pl\u00e1l\u00e1s\u00e1ra szolg\u00e1l\u00f3 lombtr\u00e1gya.\",\"breadcrumb\":{\"@id\":\"https:\\\/\\\/tajkertesz.com\\\/termek\\\/mr-pitch-pazsit-pro-extra-green-lombtragya-1-l\\\/#breadcrumb\"},\"inLanguage\":\"en-US\",\"potentialAction\":[{\"@type\":\"ReadAction\",\"target\":[\"https:\\\/\\\/tajkertesz.com\\\/termek\\\/mr-pitch-pazsit-pro-extra-green-lombtragya-1-l\\\/\"]}]},{\"@type\":\"ImageObject\",\"inLanguage\":\"en-US\",\"@id\":\"https:\\\/\\\/tajkertesz.com\\\/termek\\\/mr-pitch-pazsit-pro-extra-green-lombtragya-1-l\\\/#primaryimage\",\"url\":\"https:\\\/\\\/tajkertesz.com\\\/wp-content\\\/uploads\\\/2023\\\/09\\\/MPPP_ExtraGreen.png\",\"contentUrl\":\"https:\\\/\\\/tajkertesz.com\\\/wp-content\\\/uploads\\\/2023\\\/09\\\/MPPP_ExtraGreen.png\",\"width\":1000,\"height\":930},{\"@type\":\"BreadcrumbList\",\"@id\":\"https:\\\/\\\/tajkertesz.com\\\/termek\\\/mr-pitch-pazsit-pro-extra-green-lombtragya-1-l\\\/#breadcrumb\",\"itemListElement\":[{\"@type\":\"ListItem\",\"position\":1,\"name\":\"Home\",\"item\":\"https:\\\/\\\/tajkertesz.com\\\/\"},{\"@type\":\"ListItem\",\"position\":2,\"name\":\"Kezd\u0151lap\",\"item\":\"https:\\\/\\\/tajkertesz.com\\\/\"},{\"@type\":\"ListItem\",\"position\":3,\"name\":\"Mr. Pitch P\u00e1zsit Pro Extra Green lombtr\u00e1gya 1 L\"}]},{\"@type\":\"WebSite\",\"@id\":\"https:\\\/\\\/tajkertesz.com\\\/#website\",\"url\":\"https:\\\/\\\/tajkertesz.com\\\/\",\"name\":\"T\u00e1j-Kert\u00e9sz 84 Kft.\",\"description\":\"Kert\u00e9szeti kis- \u00e9s nagykeresked\u00e9s, D\u00edszn\u00f6v\u00e9ny web\u00e1ruh\u00e1z orsz\u00e1gos h\u00e1zhozsz\u00e1ll\u00edt\u00e1ssal!\",\"publisher\":{\"@id\":\"https:\\\/\\\/tajkertesz.com\\\/#organization\"},\"potentialAction\":[{\"@type\":\"SearchAction\",\"target\":{\"@type\":\"EntryPoint\",\"urlTemplate\":\"https:\\\/\\\/tajkertesz.com\\\/?s={search_term_string}\"},\"query-input\":{\"@type\":\"PropertyValueSpecification\",\"valueRequired\":true,\"valueName\":\"search_term_string\"}}],\"inLanguage\":\"en-US\"},{\"@type\":\"Organization\",\"@id\":\"https:\\\/\\\/tajkertesz.com\\\/#organization\",\"name\":\"T\u00e1j-Kert\u00e9sz 84 Kft.\",\"url\":\"https:\\\/\\\/tajkertesz.com\\\/\",\"logo\":{\"@type\":\"ImageObject\",\"inLanguage\":\"en-US\",\"@id\":\"https:\\\/\\\/tajkertesz.com\\\/#\\\/schema\\\/logo\\\/image\\\/\",\"url\":\"https:\\\/\\\/tajkertesz.com\\\/wp-content\\\/uploads\\\/2018\\\/02\\\/logo-2-e1518678052539.png\",\"contentUrl\":\"https:\\\/\\\/tajkertesz.com\\\/wp-content\\\/uploads\\\/2018\\\/02\\\/logo-2-e1518678052539.png\",\"width\":81,\"height\":140,\"caption\":\"T\u00e1j-Kert\u00e9sz 84 Kft.\"},\"image\":{\"@id\":\"https:\\\/\\\/tajkertesz.com\\\/#\\\/schema\\\/logo\\\/image\\\/\"},\"sameAs\":[\"https:\\\/\\\/www.facebook.com\\\/Tajkertesz\\\/\"]}]}<\/script>\n<!-- \/ Yoast SEO plugin. -->","yoast_head_json":{"title":"Mr. Pitch P\u00e1zsit Pro Extra Green lombtr\u00e1gya 1 L - T\u00e1jkert\u00e9sz","description":"Mr. Pitch P\u00e1zsit Pro Extra Green lombtr\u00e1gya 1 L. A telep\u00edtett gyepek hi\u00e1nyt\u00fcneteinek kezel\u00e9s\u00e9re, t\u00e1pl\u00e1l\u00e1s\u00e1ra szolg\u00e1l\u00f3 lombtr\u00e1gya.","robots":{"index":"index","follow":"follow","max-snippet":"max-snippet:-1","max-image-preview":"max-image-preview:large","max-video-preview":"max-video-preview:-1"},"canonical":"https:\/\/tajkertesz.com\/en_US\/product\/mr-pitch-pazsit-pro-extra-green-lombtragya-1-l\/","og_locale":"en_US","og_type":"article","og_title":"https:\/\/www.facebook.com\/tajkertesz","og_description":"A Mr. Pitch P\u00e1zsit Pro EXTRA GREEN lombtr\u00e1gy\u00e1t\u00a0aj\u00e1nljuk ha extra z\u00f6ld p\u00e1zsitot szeretne eg\u00e9sz \u00e9vben.\u00a0\u00a0A magas\u00a0vas \u00e9s magn\u00e9zium tartalm\u00fa lombtr\u00e1gya seg\u00edt az extra sz\u00ednhat\u00e1s \u00e9rdek\u00e9ben.","og_url":"https:\/\/tajkertesz.com\/en_US\/product\/mr-pitch-pazsit-pro-extra-green-lombtragya-1-l\/","og_site_name":"T\u00e1jkert\u00e9sz","article_publisher":"https:\/\/www.facebook.com\/Tajkertesz\/","article_modified_time":"2026-02-13T09:44:58+00:00","og_image":[{"width":1000,"height":930,"url":"https:\/\/tajkertesz.com\/wp-content\/uploads\/2023\/09\/MPPP_ExtraGreen.png","type":"image\/png"}],"twitter_card":"summary_large_image","twitter_misc":{"Est. reading time":"2 minutes"},"schema":{"@context":"https:\/\/schema.org","@graph":[{"@type":"WebPage","@id":"https:\/\/tajkertesz.com\/termek\/mr-pitch-pazsit-pro-extra-green-lombtragya-1-l\/","url":"https:\/\/tajkertesz.com\/termek\/mr-pitch-pazsit-pro-extra-green-lombtragya-1-l\/","name":"Mr. Pitch P\u00e1zsit Pro Extra Green lombtr\u00e1gya 1 L - T\u00e1jkert\u00e9sz","isPartOf":{"@id":"https:\/\/tajkertesz.com\/#website"},"primaryImageOfPage":{"@id":"https:\/\/tajkertesz.com\/termek\/mr-pitch-pazsit-pro-extra-green-lombtragya-1-l\/#primaryimage"},"image":{"@id":"https:\/\/tajkertesz.com\/termek\/mr-pitch-pazsit-pro-extra-green-lombtragya-1-l\/#primaryimage"},"thumbnailUrl":"https:\/\/tajkertesz.com\/wp-content\/uploads\/2023\/09\/MPPP_ExtraGreen.png","datePublished":"2023-09-07T09:37:21+00:00","dateModified":"2026-02-13T09:44:58+00:00","description":"Mr. Pitch P\u00e1zsit Pro Extra Green lombtr\u00e1gya 1 L. A telep\u00edtett gyepek hi\u00e1nyt\u00fcneteinek kezel\u00e9s\u00e9re, t\u00e1pl\u00e1l\u00e1s\u00e1ra szolg\u00e1l\u00f3 lombtr\u00e1gya.","breadcrumb":{"@id":"https:\/\/tajkertesz.com\/termek\/mr-pitch-pazsit-pro-extra-green-lombtragya-1-l\/#breadcrumb"},"inLanguage":"en-US","potentialAction":[{"@type":"ReadAction","target":["https:\/\/tajkertesz.com\/termek\/mr-pitch-pazsit-pro-extra-green-lombtragya-1-l\/"]}]},{"@type":"ImageObject","inLanguage":"en-US","@id":"https:\/\/tajkertesz.com\/termek\/mr-pitch-pazsit-pro-extra-green-lombtragya-1-l\/#primaryimage","url":"https:\/\/tajkertesz.com\/wp-content\/uploads\/2023\/09\/MPPP_ExtraGreen.png","contentUrl":"https:\/\/tajkertesz.com\/wp-content\/uploads\/2023\/09\/MPPP_ExtraGreen.png","width":1000,"height":930},{"@type":"BreadcrumbList","@id":"https:\/\/tajkertesz.com\/termek\/mr-pitch-pazsit-pro-extra-green-lombtragya-1-l\/#breadcrumb","itemListElement":[{"@type":"ListItem","position":1,"name":"Home","item":"https:\/\/tajkertesz.com\/"},{"@type":"ListItem","position":2,"name":"Kezd\u0151lap","item":"https:\/\/tajkertesz.com\/"},{"@type":"ListItem","position":3,"name":"Mr. Pitch P\u00e1zsit Pro Extra Green lombtr\u00e1gya 1 L"}]},{"@type":"WebSite","@id":"https:\/\/tajkertesz.com\/#website","url":"https:\/\/tajkertesz.com\/","name":"T\u00e1j-Kert\u00e9sz 84 Kft.","description":"Kert\u00e9szeti kis- \u00e9s nagykeresked\u00e9s, D\u00edszn\u00f6v\u00e9ny web\u00e1ruh\u00e1z orsz\u00e1gos h\u00e1zhozsz\u00e1ll\u00edt\u00e1ssal!","publisher":{"@id":"https:\/\/tajkertesz.com\/#organization"},"potentialAction":[{"@type":"SearchAction","target":{"@type":"EntryPoint","urlTemplate":"https:\/\/tajkertesz.com\/?s={search_term_string}"},"query-input":{"@type":"PropertyValueSpecification","valueRequired":true,"valueName":"search_term_string"}}],"inLanguage":"en-US"},{"@type":"Organization","@id":"https:\/\/tajkertesz.com\/#organization","name":"T\u00e1j-Kert\u00e9sz 84 Kft.","url":"https:\/\/tajkertesz.com\/","logo":{"@type":"ImageObject","inLanguage":"en-US","@id":"https:\/\/tajkertesz.com\/#\/schema\/logo\/image\/","url":"https:\/\/tajkertesz.com\/wp-content\/uploads\/2018\/02\/logo-2-e1518678052539.png","contentUrl":"https:\/\/tajkertesz.com\/wp-content\/uploads\/2018\/02\/logo-2-e1518678052539.png","width":81,"height":140,"caption":"T\u00e1j-Kert\u00e9sz 84 Kft."},"image":{"@id":"https:\/\/tajkertesz.com\/#\/schema\/logo\/image\/"},"sameAs":["https:\/\/www.facebook.com\/Tajkertesz\/"]}]}},"_links":{"self":[{"href":"https:\/\/tajkertesz.com\/en_US\/wp-json\/wp\/v2\/product\/16783","targetHints":{"allow":["GET"]}}],"collection":[{"href":"https:\/\/tajkertesz.com\/en_US\/wp-json\/wp\/v2\/product"}],"about":[{"href":"https:\/\/tajkertesz.com\/en_US\/wp-json\/wp\/v2\/types\/product"}],"wp:featuredmedia":[{"embeddable":true,"href":"https:\/\/tajkertesz.com\/en_US\/wp-json\/wp\/v2\/media\/16778"}],"wp:attachment":[{"href":"https:\/\/tajkertesz.com\/en_US\/wp-json\/wp\/v2\/media?parent=16783"}],"wp:term":[{"taxonomy":"product_brand","embeddable":true,"href":"https:\/\/tajkertesz.com\/en_US\/wp-json\/wp\/v2\/product_brand?post=16783"},{"taxonomy":"product_cat","embeddable":true,"href":"https:\/\/tajkertesz.com\/en_US\/wp-json\/wp\/v2\/product_cat?post=16783"},{"taxonomy":"product_tag","embeddable":true,"href":"https:\/\/tajkertesz.com\/en_US\/wp-json\/wp\/v2\/product_tag?post=16783"}],"curies":[{"name":"wp","href":"https:\/\/api.w.org\/{rel}","templated":true}]}}