{"id":16789,"date":"2023-09-07T11:24:51","date_gmt":"2023-09-07T11:24:51","guid":{"rendered":"https:\/\/tajkertesz.com\/?post_type=product&#038;p=16789"},"modified":"2024-05-03T10:20:35","modified_gmt":"2024-05-03T10:20:35","slug":"tiosol-lombtragya-1l","status":"publish","type":"product","link":"https:\/\/tajkertesz.com\/en_US\/product\/tiosol-lombtragya-1l\/","title":{"rendered":"Tiosol lombtr\u00e1gya 1L"},"content":{"rendered":"<h2>Tiosol lombtr\u00e1gya 1L<\/h2>\n<p>Valamennyi kert\u00e9szeti kult\u00fara kalcium, k\u00e9n \u00e9s b\u00f3r hi\u00e1ny\u00e1nak megel\u0151z\u00e9s\u00e9re, illetve a hi\u00e1nyt\u00fcnetek sz\u00fcks\u00e9g szerinti lev\u00e9lkezel\u00e9s\u00e9re, legfeljebb 3 hetenk\u00e9nt, legfeljebb 2-3 %-os (0,2-0,3 l\/10 liter v\u00edz) t\u00f6m\u00e9nys\u00e9gben<\/p>\n<p>Felhaszn\u00e1lhat\u00f3:<\/p>\n<p>&#8211; z\u00f6lds\u00e9gf\u00e9l\u00e9kben 5-15 l\/ha mennyis\u00e9gben,<br \/>\n&#8211; sz\u0151l\u0151- \u00e9s gy\u00fcm\u00f6lcs \u00fcltetv\u00e9nyekben 10-20 l\/ha (bogy\u00f3s \u00fcltetv\u00e9nyekben 5-15 l\/ha) mennyis\u00e9gben kipermetezve.<\/p>","protected":false},"excerpt":{"rendered":"<h2>Tiosol lombtr\u00e1gya 1L<\/h2>\n<p>Valamennyi kert\u00e9szeti kult\u00fara kalcium, k\u00e9n \u00e9s b\u00f3r hi\u00e1ny\u00e1nak megel\u0151z\u00e9s\u00e9re&#8230;<\/p>\n<p>&nbsp;<\/p>\n<div id=\"bodyContent\" class=\"mw-body-content\">\n<div id=\"mw-content-text\" class=\"mw-content-ltr\" dir=\"ltr\" lang=\"hu\">\n<div id=\"bodyContent\" class=\"mw-body-content\">\n<div id=\"mw-content-text\" class=\"mw-content-ltr\" dir=\"ltr\" lang=\"hu\">\n<h5><b>K\u00e9szlet\u00fcnk napi szinten v\u00e1ltozik, ez\u00e9rt k\u00e9rj\u00fck, \u00e9rdekl\u0151dj\u00f6n szem\u00e9lyesen, telefonon vagy email-ben.<\/b><\/h5>\n<h5>Term\u00e9keinket szem\u00e9lyesen is \u00e1tveheti a h\u00e9t minden napj\u00e1n nyitvatart\u00e1si id\u0151ben!<\/h5>\n<h5>Kisz\u00e1ll\u00edt\u00e1s: 200 cm \u00e9s 40 kg-ig a sz\u00e1ll\u00edt\u00e1s fut\u00e1rszolg\u00e1lattal t\u00f6rt\u00e9nik.<\/h5>\n<\/div>\n<\/div>\n<\/div>\n<\/div>\n<h5><b>A v\u00e1ltoztat\u00e1s jog\u00e1t fenntartjuk!\u00a0<\/b><\/h5>\n<p>&nbsp;<\/p>","protected":false},"featured_media":16790,"template":"","meta":{"_et_pb_use_builder":"","_et_pb_old_content":"","_et_gb_content_width":""},"product_brand":[],"product_cat":[3554],"product_tag":[4344,36],"class_list":{"0":"post-16789","1":"product","2":"type-product","3":"status-publish","4":"has-post-thumbnail","6":"product_cat-lombtragya","7":"product_tag-lombtragya","8":"product_tag-tragya","10":"first","11":"instock","12":"shipping-taxable","13":"purchasable","14":"product-type-simple"},"yoast_head":"<!-- This site is optimized with the Yoast SEO plugin v27.5 - https:\/\/yoast.com\/product\/yoast-seo-wordpress\/ -->\n<title>Tiosol lombtr\u00e1gya 1L - T\u00e1jkert\u00e9sz<\/title>\n<meta name=\"description\" content=\"Valamennyi kert\u00e9szeti kult\u00fara kalcium, k\u00e9n \u00e9s b\u00f3r hi\u00e1ny\u00e1nak megel\u0151z\u00e9s\u00e9re, illetve a hi\u00e1nyt\u00fcnetek sz\u00fcks\u00e9g szerinti lev\u00e9lkezel\u00e9s\u00e9re,\" \/>\n<meta name=\"robots\" content=\"index, follow, max-snippet:-1, max-image-preview:large, max-video-preview:-1\" \/>\n<link rel=\"canonical\" href=\"https:\/\/tajkertesz.com\/en_US\/product\/tiosol-lombtragya-1l\/\" \/>\n<meta property=\"og:locale\" content=\"en_US\" \/>\n<meta property=\"og:type\" content=\"article\" \/>\n<meta property=\"og:title\" content=\"https:\/\/www.facebook.com\/tajkertesz\" \/>\n<meta property=\"og:description\" content=\"Valamennyi kert\u00e9szeti kult\u00fara kalcium, k\u00e9n \u00e9s b\u00f3r hi\u00e1ny\u00e1nak megel\u0151z\u00e9s\u00e9re, illetve a hi\u00e1nyt\u00fcnetek sz\u00fcks\u00e9g szerinti lev\u00e9lkezel\u00e9s\u00e9re, legfeljebb 3 hetenk\u00e9nt, legfeljebb 2-3 %-os (0,2-0,3 l\/10 liter v\u00edz) t\u00f6m\u00e9nys\u00e9gben- z\u00f6lds\u00e9gf\u00e9l\u00e9kben 5-15 l\/ha mennyis\u00e9gben,- sz\u0151l\u0151- \u00e9s gy\u00fcm\u00f6lcs \u00fcltetv\u00e9nyekben 10-20 l\/ha (bogy\u00f3s \u00fcltetv\u00e9nyekben 5-15 l\/ha) mennyis\u00e9gben kipermetezve.\" \/>\n<meta property=\"og:url\" content=\"https:\/\/tajkertesz.com\/en_US\/product\/tiosol-lombtragya-1l\/\" \/>\n<meta property=\"og:site_name\" content=\"T\u00e1jkert\u00e9sz\" \/>\n<meta property=\"article:publisher\" content=\"https:\/\/www.facebook.com\/Tajkertesz\/\" \/>\n<meta property=\"article:modified_time\" content=\"2024-05-03T10:20:35+00:00\" \/>\n<meta property=\"og:image\" content=\"https:\/\/tajkertesz.com\/wp-content\/uploads\/2023\/09\/Tiosol.jpg\" \/>\n\t<meta property=\"og:image:width\" content=\"940\" \/>\n\t<meta property=\"og:image:height\" content=\"788\" \/>\n\t<meta property=\"og:image:type\" content=\"image\/jpeg\" \/>\n<meta name=\"twitter:card\" content=\"summary_large_image\" \/>\n<meta name=\"twitter:label1\" content=\"Est. reading time\" \/>\n\t<meta name=\"twitter:data1\" content=\"1 minute\" \/>\n<script type=\"application\/ld+json\" class=\"yoast-schema-graph\">{\"@context\":\"https:\\\/\\\/schema.org\",\"@graph\":[{\"@type\":\"WebPage\",\"@id\":\"https:\\\/\\\/tajkertesz.com\\\/termek\\\/tiosol-lombtragya-1l\\\/\",\"url\":\"https:\\\/\\\/tajkertesz.com\\\/termek\\\/tiosol-lombtragya-1l\\\/\",\"name\":\"Tiosol lombtr\u00e1gya 1L - T\u00e1jkert\u00e9sz\",\"isPartOf\":{\"@id\":\"https:\\\/\\\/tajkertesz.com\\\/#website\"},\"primaryImageOfPage\":{\"@id\":\"https:\\\/\\\/tajkertesz.com\\\/termek\\\/tiosol-lombtragya-1l\\\/#primaryimage\"},\"image\":{\"@id\":\"https:\\\/\\\/tajkertesz.com\\\/termek\\\/tiosol-lombtragya-1l\\\/#primaryimage\"},\"thumbnailUrl\":\"https:\\\/\\\/tajkertesz.com\\\/wp-content\\\/uploads\\\/2023\\\/09\\\/Tiosol.jpg\",\"datePublished\":\"2023-09-07T11:24:51+00:00\",\"dateModified\":\"2024-05-03T10:20:35+00:00\",\"description\":\"Valamennyi kert\u00e9szeti kult\u00fara kalcium, k\u00e9n \u00e9s b\u00f3r hi\u00e1ny\u00e1nak megel\u0151z\u00e9s\u00e9re, illetve a hi\u00e1nyt\u00fcnetek sz\u00fcks\u00e9g szerinti lev\u00e9lkezel\u00e9s\u00e9re,\",\"breadcrumb\":{\"@id\":\"https:\\\/\\\/tajkertesz.com\\\/termek\\\/tiosol-lombtragya-1l\\\/#breadcrumb\"},\"inLanguage\":\"en-US\",\"potentialAction\":[{\"@type\":\"ReadAction\",\"target\":[\"https:\\\/\\\/tajkertesz.com\\\/termek\\\/tiosol-lombtragya-1l\\\/\"]}]},{\"@type\":\"ImageObject\",\"inLanguage\":\"en-US\",\"@id\":\"https:\\\/\\\/tajkertesz.com\\\/termek\\\/tiosol-lombtragya-1l\\\/#primaryimage\",\"url\":\"https:\\\/\\\/tajkertesz.com\\\/wp-content\\\/uploads\\\/2023\\\/09\\\/Tiosol.jpg\",\"contentUrl\":\"https:\\\/\\\/tajkertesz.com\\\/wp-content\\\/uploads\\\/2023\\\/09\\\/Tiosol.jpg\",\"width\":940,\"height\":788},{\"@type\":\"BreadcrumbList\",\"@id\":\"https:\\\/\\\/tajkertesz.com\\\/termek\\\/tiosol-lombtragya-1l\\\/#breadcrumb\",\"itemListElement\":[{\"@type\":\"ListItem\",\"position\":1,\"name\":\"Home\",\"item\":\"https:\\\/\\\/tajkertesz.com\\\/\"},{\"@type\":\"ListItem\",\"position\":2,\"name\":\"Kezd\u0151lap\",\"item\":\"https:\\\/\\\/tajkertesz.com\\\/\"},{\"@type\":\"ListItem\",\"position\":3,\"name\":\"Tiosol lombtr\u00e1gya 1L\"}]},{\"@type\":\"WebSite\",\"@id\":\"https:\\\/\\\/tajkertesz.com\\\/#website\",\"url\":\"https:\\\/\\\/tajkertesz.com\\\/\",\"name\":\"T\u00e1j-Kert\u00e9sz 84 Kft.\",\"description\":\"Kert\u00e9szeti kis- \u00e9s nagykeresked\u00e9s, D\u00edszn\u00f6v\u00e9ny web\u00e1ruh\u00e1z orsz\u00e1gos h\u00e1zhozsz\u00e1ll\u00edt\u00e1ssal!\",\"publisher\":{\"@id\":\"https:\\\/\\\/tajkertesz.com\\\/#organization\"},\"potentialAction\":[{\"@type\":\"SearchAction\",\"target\":{\"@type\":\"EntryPoint\",\"urlTemplate\":\"https:\\\/\\\/tajkertesz.com\\\/?s={search_term_string}\"},\"query-input\":{\"@type\":\"PropertyValueSpecification\",\"valueRequired\":true,\"valueName\":\"search_term_string\"}}],\"inLanguage\":\"en-US\"},{\"@type\":\"Organization\",\"@id\":\"https:\\\/\\\/tajkertesz.com\\\/#organization\",\"name\":\"T\u00e1j-Kert\u00e9sz 84 Kft.\",\"url\":\"https:\\\/\\\/tajkertesz.com\\\/\",\"logo\":{\"@type\":\"ImageObject\",\"inLanguage\":\"en-US\",\"@id\":\"https:\\\/\\\/tajkertesz.com\\\/#\\\/schema\\\/logo\\\/image\\\/\",\"url\":\"https:\\\/\\\/tajkertesz.com\\\/wp-content\\\/uploads\\\/2018\\\/02\\\/logo-2-e1518678052539.png\",\"contentUrl\":\"https:\\\/\\\/tajkertesz.com\\\/wp-content\\\/uploads\\\/2018\\\/02\\\/logo-2-e1518678052539.png\",\"width\":81,\"height\":140,\"caption\":\"T\u00e1j-Kert\u00e9sz 84 Kft.\"},\"image\":{\"@id\":\"https:\\\/\\\/tajkertesz.com\\\/#\\\/schema\\\/logo\\\/image\\\/\"},\"sameAs\":[\"https:\\\/\\\/www.facebook.com\\\/Tajkertesz\\\/\"]}]}<\/script>\n<!-- \/ Yoast SEO plugin. -->","yoast_head_json":{"title":"Tiosol lombtr\u00e1gya 1L - T\u00e1jkert\u00e9sz","description":"Valamennyi kert\u00e9szeti kult\u00fara kalcium, k\u00e9n \u00e9s b\u00f3r hi\u00e1ny\u00e1nak megel\u0151z\u00e9s\u00e9re, illetve a hi\u00e1nyt\u00fcnetek sz\u00fcks\u00e9g szerinti lev\u00e9lkezel\u00e9s\u00e9re,","robots":{"index":"index","follow":"follow","max-snippet":"max-snippet:-1","max-image-preview":"max-image-preview:large","max-video-preview":"max-video-preview:-1"},"canonical":"https:\/\/tajkertesz.com\/en_US\/product\/tiosol-lombtragya-1l\/","og_locale":"en_US","og_type":"article","og_title":"https:\/\/www.facebook.com\/tajkertesz","og_description":"Valamennyi kert\u00e9szeti kult\u00fara kalcium, k\u00e9n \u00e9s b\u00f3r hi\u00e1ny\u00e1nak megel\u0151z\u00e9s\u00e9re, illetve a hi\u00e1nyt\u00fcnetek sz\u00fcks\u00e9g szerinti lev\u00e9lkezel\u00e9s\u00e9re, legfeljebb 3 hetenk\u00e9nt, legfeljebb 2-3 %-os (0,2-0,3 l\/10 liter v\u00edz) t\u00f6m\u00e9nys\u00e9gben- z\u00f6lds\u00e9gf\u00e9l\u00e9kben 5-15 l\/ha mennyis\u00e9gben,- sz\u0151l\u0151- \u00e9s gy\u00fcm\u00f6lcs \u00fcltetv\u00e9nyekben 10-20 l\/ha (bogy\u00f3s \u00fcltetv\u00e9nyekben 5-15 l\/ha) mennyis\u00e9gben kipermetezve.","og_url":"https:\/\/tajkertesz.com\/en_US\/product\/tiosol-lombtragya-1l\/","og_site_name":"T\u00e1jkert\u00e9sz","article_publisher":"https:\/\/www.facebook.com\/Tajkertesz\/","article_modified_time":"2024-05-03T10:20:35+00:00","og_image":[{"width":940,"height":788,"url":"https:\/\/tajkertesz.com\/wp-content\/uploads\/2023\/09\/Tiosol.jpg","type":"image\/jpeg"}],"twitter_card":"summary_large_image","twitter_misc":{"Est. reading time":"1 minute"},"schema":{"@context":"https:\/\/schema.org","@graph":[{"@type":"WebPage","@id":"https:\/\/tajkertesz.com\/termek\/tiosol-lombtragya-1l\/","url":"https:\/\/tajkertesz.com\/termek\/tiosol-lombtragya-1l\/","name":"Tiosol lombtr\u00e1gya 1L - T\u00e1jkert\u00e9sz","isPartOf":{"@id":"https:\/\/tajkertesz.com\/#website"},"primaryImageOfPage":{"@id":"https:\/\/tajkertesz.com\/termek\/tiosol-lombtragya-1l\/#primaryimage"},"image":{"@id":"https:\/\/tajkertesz.com\/termek\/tiosol-lombtragya-1l\/#primaryimage"},"thumbnailUrl":"https:\/\/tajkertesz.com\/wp-content\/uploads\/2023\/09\/Tiosol.jpg","datePublished":"2023-09-07T11:24:51+00:00","dateModified":"2024-05-03T10:20:35+00:00","description":"Valamennyi kert\u00e9szeti kult\u00fara kalcium, k\u00e9n \u00e9s b\u00f3r hi\u00e1ny\u00e1nak megel\u0151z\u00e9s\u00e9re, illetve a hi\u00e1nyt\u00fcnetek sz\u00fcks\u00e9g szerinti lev\u00e9lkezel\u00e9s\u00e9re,","breadcrumb":{"@id":"https:\/\/tajkertesz.com\/termek\/tiosol-lombtragya-1l\/#breadcrumb"},"inLanguage":"en-US","potentialAction":[{"@type":"ReadAction","target":["https:\/\/tajkertesz.com\/termek\/tiosol-lombtragya-1l\/"]}]},{"@type":"ImageObject","inLanguage":"en-US","@id":"https:\/\/tajkertesz.com\/termek\/tiosol-lombtragya-1l\/#primaryimage","url":"https:\/\/tajkertesz.com\/wp-content\/uploads\/2023\/09\/Tiosol.jpg","contentUrl":"https:\/\/tajkertesz.com\/wp-content\/uploads\/2023\/09\/Tiosol.jpg","width":940,"height":788},{"@type":"BreadcrumbList","@id":"https:\/\/tajkertesz.com\/termek\/tiosol-lombtragya-1l\/#breadcrumb","itemListElement":[{"@type":"ListItem","position":1,"name":"Home","item":"https:\/\/tajkertesz.com\/"},{"@type":"ListItem","position":2,"name":"Kezd\u0151lap","item":"https:\/\/tajkertesz.com\/"},{"@type":"ListItem","position":3,"name":"Tiosol lombtr\u00e1gya 1L"}]},{"@type":"WebSite","@id":"https:\/\/tajkertesz.com\/#website","url":"https:\/\/tajkertesz.com\/","name":"T\u00e1j-Kert\u00e9sz 84 Kft.","description":"Kert\u00e9szeti kis- \u00e9s nagykeresked\u00e9s, D\u00edszn\u00f6v\u00e9ny web\u00e1ruh\u00e1z orsz\u00e1gos h\u00e1zhozsz\u00e1ll\u00edt\u00e1ssal!","publisher":{"@id":"https:\/\/tajkertesz.com\/#organization"},"potentialAction":[{"@type":"SearchAction","target":{"@type":"EntryPoint","urlTemplate":"https:\/\/tajkertesz.com\/?s={search_term_string}"},"query-input":{"@type":"PropertyValueSpecification","valueRequired":true,"valueName":"search_term_string"}}],"inLanguage":"en-US"},{"@type":"Organization","@id":"https:\/\/tajkertesz.com\/#organization","name":"T\u00e1j-Kert\u00e9sz 84 Kft.","url":"https:\/\/tajkertesz.com\/","logo":{"@type":"ImageObject","inLanguage":"en-US","@id":"https:\/\/tajkertesz.com\/#\/schema\/logo\/image\/","url":"https:\/\/tajkertesz.com\/wp-content\/uploads\/2018\/02\/logo-2-e1518678052539.png","contentUrl":"https:\/\/tajkertesz.com\/wp-content\/uploads\/2018\/02\/logo-2-e1518678052539.png","width":81,"height":140,"caption":"T\u00e1j-Kert\u00e9sz 84 Kft."},"image":{"@id":"https:\/\/tajkertesz.com\/#\/schema\/logo\/image\/"},"sameAs":["https:\/\/www.facebook.com\/Tajkertesz\/"]}]}},"_links":{"self":[{"href":"https:\/\/tajkertesz.com\/en_US\/wp-json\/wp\/v2\/product\/16789","targetHints":{"allow":["GET"]}}],"collection":[{"href":"https:\/\/tajkertesz.com\/en_US\/wp-json\/wp\/v2\/product"}],"about":[{"href":"https:\/\/tajkertesz.com\/en_US\/wp-json\/wp\/v2\/types\/product"}],"wp:featuredmedia":[{"embeddable":true,"href":"https:\/\/tajkertesz.com\/en_US\/wp-json\/wp\/v2\/media\/16790"}],"wp:attachment":[{"href":"https:\/\/tajkertesz.com\/en_US\/wp-json\/wp\/v2\/media?parent=16789"}],"wp:term":[{"taxonomy":"product_brand","embeddable":true,"href":"https:\/\/tajkertesz.com\/en_US\/wp-json\/wp\/v2\/product_brand?post=16789"},{"taxonomy":"product_cat","embeddable":true,"href":"https:\/\/tajkertesz.com\/en_US\/wp-json\/wp\/v2\/product_cat?post=16789"},{"taxonomy":"product_tag","embeddable":true,"href":"https:\/\/tajkertesz.com\/en_US\/wp-json\/wp\/v2\/product_tag?post=16789"}],"curies":[{"name":"wp","href":"https:\/\/api.w.org\/{rel}","templated":true}]}}