{"id":16795,"date":"2023-09-07T11:36:16","date_gmt":"2023-09-07T11:36:16","guid":{"rendered":"https:\/\/tajkertesz.com\/?post_type=product&#038;p=16795"},"modified":"2025-01-18T09:54:09","modified_gmt":"2025-01-18T09:54:09","slug":"biostop-ragasztos-egercsapda-0135g","status":"publish","type":"product","link":"https:\/\/tajkertesz.com\/en_US\/product\/biostop-ragasztos-egercsapda-0135g\/","title":{"rendered":"BIOSTOP ragaszt\u00f3s eg\u00e9rcsapda 0,135g"},"content":{"rendered":"<h2>BIOSTOP ragaszt\u00f3s eg\u00e9rcsapda 0,135g<\/h2>\n<h2><i>R\u00f6vid ismertet\u00e9se<\/i><\/h2>\n<p style=\"font-weight: 400;\">Egerek \u00e9s m\u00e1sz\u00f3 rovarok (pl. cs\u00f3t\u00e1ny, hangya) irt\u00e1s\u00e1ra felhaszn\u00e1lhat\u00f3 irt\u00f3szermentes ragaszt\u00f3.<\/p>\n<h2>El\u0151nyei<\/h2>\n<ul style=\"font-weight: 400;\">\n<li>Nem m\u00e9rgez\u0151<\/li>\n<li>Nem gy\u00fal\u00e9kony<\/li>\n<li>Min\u0151s\u00e9ge a nedvess\u00e9g hat\u00e1s\u00e1ra sem romlik<\/li>\n<\/ul>\n<h2>Egy\u00e9b<\/h2>\n<p style=\"font-weight: 400;\">Sz\u00fcks\u00e9g eset\u00e9n benzinnel elt\u00e1vol\u00edthat\u00f3<\/p>\n<p>&nbsp;<\/p>","protected":false},"excerpt":{"rendered":"<h2>BIOSTOP ragaszt\u00f3s eg\u00e9rcsapda 0,135g<\/h2>\n<p>Egerek \u00e9s m\u00e1sz\u00f3 rovarok (pl. cs\u00f3t\u00e1ny, hangya) irt\u00e1s\u00e1ra felhaszn\u00e1lhat\u00f3 irt\u00f3szermentes ragaszt\u00f3&#8230;<\/p>\n<p>&nbsp;<\/p>\n<div id=\"bodyContent\" class=\"mw-body-content\">\n<div id=\"mw-content-text\" class=\"mw-content-ltr\" dir=\"ltr\" lang=\"hu\">\n<div id=\"bodyContent\" class=\"mw-body-content\">\n<div id=\"mw-content-text\" class=\"mw-content-ltr\" dir=\"ltr\" lang=\"hu\">\n<p><b>K\u00e9szlet\u00fcnk napi szinten v\u00e1ltozik, ez\u00e9rt k\u00e9rj\u00fck, \u00e9rdekl\u0151dj\u00f6n szem\u00e9lyesen, telefonon vagy email-en.<\/b><\/p>\n<p>Term\u00e9keinket szem\u00e9lyesen is \u00e1tveheti a h\u00e9t minden napj\u00e1n nyitvatart\u00e1si id\u0151ben!<\/p>\n<p>Kisz\u00e1ll\u00edt\u00e1s: 200 cm \u00e9s 40 kg-ig a sz\u00e1ll\u00edt\u00e1s fut\u00e1rszolg\u00e1lattal t\u00f6rt\u00e9nik.<\/p>\n<\/div>\n<\/div>\n<\/div>\n<\/div>\n<p><b>A v\u00e1ltoztat\u00e1s jog\u00e1t fenntartjuk!\u00a0<\/b><\/p>","protected":false},"featured_media":16793,"template":"","meta":{"_et_pb_use_builder":"","_et_pb_old_content":"","_et_gb_content_width":""},"product_brand":[],"product_cat":[4089],"product_tag":[],"class_list":{"0":"post-16795","1":"product","2":"type-product","3":"status-publish","4":"has-post-thumbnail","6":"product_cat-bio-stop-termekek","8":"first","9":"instock","10":"shipping-taxable","11":"purchasable","12":"product-type-simple"},"yoast_head":"<!-- This site is optimized with the Yoast SEO plugin v27.3 - https:\/\/yoast.com\/product\/yoast-seo-wordpress\/ -->\n<title>BIOSTOP ragaszt\u00f3s eg\u00e9rcsapda 0,135g - T\u00e1jkert\u00e9sz<\/title>\n<meta name=\"description\" content=\"BIOSTOP ragaszt\u00f3s eg\u00e9rcsapda 0,135g. Egerek \u00e9s m\u00e1sz\u00f3 rovarok (pl. cs\u00f3t\u00e1ny, hangya) irt\u00e1s\u00e1ra felhaszn\u00e1lhat\u00f3 irt\u00f3szermentes ragaszt\u00f3...\" \/>\n<meta name=\"robots\" content=\"index, follow, max-snippet:-1, max-image-preview:large, max-video-preview:-1\" \/>\n<link rel=\"canonical\" href=\"https:\/\/tajkertesz.com\/en_US\/product\/biostop-ragasztos-egercsapda-0135g\/\" \/>\n<meta property=\"og:locale\" content=\"en_US\" \/>\n<meta property=\"og:type\" content=\"article\" \/>\n<meta property=\"og:title\" content=\"https:\/\/www.facebook.com\/tajkertesz\" \/>\n<meta property=\"og:description\" content=\"Egerek \u00e9s m\u00e1sz\u00f3 rovarok (pl. cs\u00f3t\u00e1ny, hangya) irt\u00e1s\u00e1ra felhaszn\u00e1lhat\u00f3 irt\u00f3szermentes ragaszt\u00f3...\" \/>\n<meta property=\"og:url\" content=\"https:\/\/tajkertesz.com\/en_US\/product\/biostop-ragasztos-egercsapda-0135g\/\" \/>\n<meta property=\"og:site_name\" content=\"T\u00e1jkert\u00e9sz\" \/>\n<meta property=\"article:publisher\" content=\"https:\/\/www.facebook.com\/Tajkertesz\/\" \/>\n<meta property=\"article:modified_time\" content=\"2025-01-18T09:54:09+00:00\" \/>\n<meta property=\"og:image\" content=\"https:\/\/tajkertesz.com\/wp-content\/uploads\/2023\/09\/bios1001.jpg\" \/>\n\t<meta property=\"og:image:width\" content=\"940\" \/>\n\t<meta property=\"og:image:height\" content=\"788\" \/>\n\t<meta property=\"og:image:type\" content=\"image\/jpeg\" \/>\n<meta name=\"twitter:card\" content=\"summary_large_image\" \/>\n<meta name=\"twitter:label1\" content=\"Est. reading time\" \/>\n\t<meta name=\"twitter:data1\" content=\"1 minute\" \/>\n<script type=\"application\/ld+json\" class=\"yoast-schema-graph\">{\"@context\":\"https:\\\/\\\/schema.org\",\"@graph\":[{\"@type\":\"WebPage\",\"@id\":\"https:\\\/\\\/tajkertesz.com\\\/termek\\\/biostop-ragasztos-egercsapda-0135g\\\/\",\"url\":\"https:\\\/\\\/tajkertesz.com\\\/termek\\\/biostop-ragasztos-egercsapda-0135g\\\/\",\"name\":\"BIOSTOP ragaszt\u00f3s eg\u00e9rcsapda 0,135g - T\u00e1jkert\u00e9sz\",\"isPartOf\":{\"@id\":\"https:\\\/\\\/tajkertesz.com\\\/#website\"},\"primaryImageOfPage\":{\"@id\":\"https:\\\/\\\/tajkertesz.com\\\/termek\\\/biostop-ragasztos-egercsapda-0135g\\\/#primaryimage\"},\"image\":{\"@id\":\"https:\\\/\\\/tajkertesz.com\\\/termek\\\/biostop-ragasztos-egercsapda-0135g\\\/#primaryimage\"},\"thumbnailUrl\":\"https:\\\/\\\/tajkertesz.com\\\/wp-content\\\/uploads\\\/2023\\\/09\\\/bios1001.jpg\",\"datePublished\":\"2023-09-07T11:36:16+00:00\",\"dateModified\":\"2025-01-18T09:54:09+00:00\",\"description\":\"BIOSTOP ragaszt\u00f3s eg\u00e9rcsapda 0,135g. Egerek \u00e9s m\u00e1sz\u00f3 rovarok (pl. cs\u00f3t\u00e1ny, hangya) irt\u00e1s\u00e1ra felhaszn\u00e1lhat\u00f3 irt\u00f3szermentes ragaszt\u00f3...\",\"breadcrumb\":{\"@id\":\"https:\\\/\\\/tajkertesz.com\\\/termek\\\/biostop-ragasztos-egercsapda-0135g\\\/#breadcrumb\"},\"inLanguage\":\"en-US\",\"potentialAction\":[{\"@type\":\"ReadAction\",\"target\":[\"https:\\\/\\\/tajkertesz.com\\\/termek\\\/biostop-ragasztos-egercsapda-0135g\\\/\"]}]},{\"@type\":\"ImageObject\",\"inLanguage\":\"en-US\",\"@id\":\"https:\\\/\\\/tajkertesz.com\\\/termek\\\/biostop-ragasztos-egercsapda-0135g\\\/#primaryimage\",\"url\":\"https:\\\/\\\/tajkertesz.com\\\/wp-content\\\/uploads\\\/2023\\\/09\\\/bios1001.jpg\",\"contentUrl\":\"https:\\\/\\\/tajkertesz.com\\\/wp-content\\\/uploads\\\/2023\\\/09\\\/bios1001.jpg\",\"width\":940,\"height\":788},{\"@type\":\"BreadcrumbList\",\"@id\":\"https:\\\/\\\/tajkertesz.com\\\/termek\\\/biostop-ragasztos-egercsapda-0135g\\\/#breadcrumb\",\"itemListElement\":[{\"@type\":\"ListItem\",\"position\":1,\"name\":\"Home\",\"item\":\"https:\\\/\\\/tajkertesz.com\\\/\"},{\"@type\":\"ListItem\",\"position\":2,\"name\":\"Kezd\u0151lap\",\"item\":\"https:\\\/\\\/tajkertesz.com\\\/\"},{\"@type\":\"ListItem\",\"position\":3,\"name\":\"BIOSTOP ragaszt\u00f3s eg\u00e9rcsapda 0,135g\"}]},{\"@type\":\"WebSite\",\"@id\":\"https:\\\/\\\/tajkertesz.com\\\/#website\",\"url\":\"https:\\\/\\\/tajkertesz.com\\\/\",\"name\":\"T\u00e1j-Kert\u00e9sz 84 Kft.\",\"description\":\"Kert\u00e9szeti kis- \u00e9s nagykeresked\u00e9s, D\u00edszn\u00f6v\u00e9ny web\u00e1ruh\u00e1z orsz\u00e1gos h\u00e1zhozsz\u00e1ll\u00edt\u00e1ssal!\",\"publisher\":{\"@id\":\"https:\\\/\\\/tajkertesz.com\\\/#organization\"},\"potentialAction\":[{\"@type\":\"SearchAction\",\"target\":{\"@type\":\"EntryPoint\",\"urlTemplate\":\"https:\\\/\\\/tajkertesz.com\\\/?s={search_term_string}\"},\"query-input\":{\"@type\":\"PropertyValueSpecification\",\"valueRequired\":true,\"valueName\":\"search_term_string\"}}],\"inLanguage\":\"en-US\"},{\"@type\":\"Organization\",\"@id\":\"https:\\\/\\\/tajkertesz.com\\\/#organization\",\"name\":\"T\u00e1j-Kert\u00e9sz 84 Kft.\",\"url\":\"https:\\\/\\\/tajkertesz.com\\\/\",\"logo\":{\"@type\":\"ImageObject\",\"inLanguage\":\"en-US\",\"@id\":\"https:\\\/\\\/tajkertesz.com\\\/#\\\/schema\\\/logo\\\/image\\\/\",\"url\":\"https:\\\/\\\/tajkertesz.com\\\/wp-content\\\/uploads\\\/2018\\\/02\\\/logo-2-e1518678052539.png\",\"contentUrl\":\"https:\\\/\\\/tajkertesz.com\\\/wp-content\\\/uploads\\\/2018\\\/02\\\/logo-2-e1518678052539.png\",\"width\":81,\"height\":140,\"caption\":\"T\u00e1j-Kert\u00e9sz 84 Kft.\"},\"image\":{\"@id\":\"https:\\\/\\\/tajkertesz.com\\\/#\\\/schema\\\/logo\\\/image\\\/\"},\"sameAs\":[\"https:\\\/\\\/www.facebook.com\\\/Tajkertesz\\\/\"]}]}<\/script>\n<!-- \/ Yoast SEO plugin. -->","yoast_head_json":{"title":"BIOSTOP ragaszt\u00f3s eg\u00e9rcsapda 0,135g - T\u00e1jkert\u00e9sz","description":"BIOSTOP ragaszt\u00f3s eg\u00e9rcsapda 0,135g. Egerek \u00e9s m\u00e1sz\u00f3 rovarok (pl. cs\u00f3t\u00e1ny, hangya) irt\u00e1s\u00e1ra felhaszn\u00e1lhat\u00f3 irt\u00f3szermentes ragaszt\u00f3...","robots":{"index":"index","follow":"follow","max-snippet":"max-snippet:-1","max-image-preview":"max-image-preview:large","max-video-preview":"max-video-preview:-1"},"canonical":"https:\/\/tajkertesz.com\/en_US\/product\/biostop-ragasztos-egercsapda-0135g\/","og_locale":"en_US","og_type":"article","og_title":"https:\/\/www.facebook.com\/tajkertesz","og_description":"Egerek \u00e9s m\u00e1sz\u00f3 rovarok (pl. cs\u00f3t\u00e1ny, hangya) irt\u00e1s\u00e1ra felhaszn\u00e1lhat\u00f3 irt\u00f3szermentes ragaszt\u00f3...","og_url":"https:\/\/tajkertesz.com\/en_US\/product\/biostop-ragasztos-egercsapda-0135g\/","og_site_name":"T\u00e1jkert\u00e9sz","article_publisher":"https:\/\/www.facebook.com\/Tajkertesz\/","article_modified_time":"2025-01-18T09:54:09+00:00","og_image":[{"width":940,"height":788,"url":"https:\/\/tajkertesz.com\/wp-content\/uploads\/2023\/09\/bios1001.jpg","type":"image\/jpeg"}],"twitter_card":"summary_large_image","twitter_misc":{"Est. reading time":"1 minute"},"schema":{"@context":"https:\/\/schema.org","@graph":[{"@type":"WebPage","@id":"https:\/\/tajkertesz.com\/termek\/biostop-ragasztos-egercsapda-0135g\/","url":"https:\/\/tajkertesz.com\/termek\/biostop-ragasztos-egercsapda-0135g\/","name":"BIOSTOP ragaszt\u00f3s eg\u00e9rcsapda 0,135g - T\u00e1jkert\u00e9sz","isPartOf":{"@id":"https:\/\/tajkertesz.com\/#website"},"primaryImageOfPage":{"@id":"https:\/\/tajkertesz.com\/termek\/biostop-ragasztos-egercsapda-0135g\/#primaryimage"},"image":{"@id":"https:\/\/tajkertesz.com\/termek\/biostop-ragasztos-egercsapda-0135g\/#primaryimage"},"thumbnailUrl":"https:\/\/tajkertesz.com\/wp-content\/uploads\/2023\/09\/bios1001.jpg","datePublished":"2023-09-07T11:36:16+00:00","dateModified":"2025-01-18T09:54:09+00:00","description":"BIOSTOP ragaszt\u00f3s eg\u00e9rcsapda 0,135g. Egerek \u00e9s m\u00e1sz\u00f3 rovarok (pl. cs\u00f3t\u00e1ny, hangya) irt\u00e1s\u00e1ra felhaszn\u00e1lhat\u00f3 irt\u00f3szermentes ragaszt\u00f3...","breadcrumb":{"@id":"https:\/\/tajkertesz.com\/termek\/biostop-ragasztos-egercsapda-0135g\/#breadcrumb"},"inLanguage":"en-US","potentialAction":[{"@type":"ReadAction","target":["https:\/\/tajkertesz.com\/termek\/biostop-ragasztos-egercsapda-0135g\/"]}]},{"@type":"ImageObject","inLanguage":"en-US","@id":"https:\/\/tajkertesz.com\/termek\/biostop-ragasztos-egercsapda-0135g\/#primaryimage","url":"https:\/\/tajkertesz.com\/wp-content\/uploads\/2023\/09\/bios1001.jpg","contentUrl":"https:\/\/tajkertesz.com\/wp-content\/uploads\/2023\/09\/bios1001.jpg","width":940,"height":788},{"@type":"BreadcrumbList","@id":"https:\/\/tajkertesz.com\/termek\/biostop-ragasztos-egercsapda-0135g\/#breadcrumb","itemListElement":[{"@type":"ListItem","position":1,"name":"Home","item":"https:\/\/tajkertesz.com\/"},{"@type":"ListItem","position":2,"name":"Kezd\u0151lap","item":"https:\/\/tajkertesz.com\/"},{"@type":"ListItem","position":3,"name":"BIOSTOP ragaszt\u00f3s eg\u00e9rcsapda 0,135g"}]},{"@type":"WebSite","@id":"https:\/\/tajkertesz.com\/#website","url":"https:\/\/tajkertesz.com\/","name":"T\u00e1j-Kert\u00e9sz 84 Kft.","description":"Kert\u00e9szeti kis- \u00e9s nagykeresked\u00e9s, D\u00edszn\u00f6v\u00e9ny web\u00e1ruh\u00e1z orsz\u00e1gos h\u00e1zhozsz\u00e1ll\u00edt\u00e1ssal!","publisher":{"@id":"https:\/\/tajkertesz.com\/#organization"},"potentialAction":[{"@type":"SearchAction","target":{"@type":"EntryPoint","urlTemplate":"https:\/\/tajkertesz.com\/?s={search_term_string}"},"query-input":{"@type":"PropertyValueSpecification","valueRequired":true,"valueName":"search_term_string"}}],"inLanguage":"en-US"},{"@type":"Organization","@id":"https:\/\/tajkertesz.com\/#organization","name":"T\u00e1j-Kert\u00e9sz 84 Kft.","url":"https:\/\/tajkertesz.com\/","logo":{"@type":"ImageObject","inLanguage":"en-US","@id":"https:\/\/tajkertesz.com\/#\/schema\/logo\/image\/","url":"https:\/\/tajkertesz.com\/wp-content\/uploads\/2018\/02\/logo-2-e1518678052539.png","contentUrl":"https:\/\/tajkertesz.com\/wp-content\/uploads\/2018\/02\/logo-2-e1518678052539.png","width":81,"height":140,"caption":"T\u00e1j-Kert\u00e9sz 84 Kft."},"image":{"@id":"https:\/\/tajkertesz.com\/#\/schema\/logo\/image\/"},"sameAs":["https:\/\/www.facebook.com\/Tajkertesz\/"]}]}},"_links":{"self":[{"href":"https:\/\/tajkertesz.com\/en_US\/wp-json\/wp\/v2\/product\/16795","targetHints":{"allow":["GET"]}}],"collection":[{"href":"https:\/\/tajkertesz.com\/en_US\/wp-json\/wp\/v2\/product"}],"about":[{"href":"https:\/\/tajkertesz.com\/en_US\/wp-json\/wp\/v2\/types\/product"}],"wp:featuredmedia":[{"embeddable":true,"href":"https:\/\/tajkertesz.com\/en_US\/wp-json\/wp\/v2\/media\/16793"}],"wp:attachment":[{"href":"https:\/\/tajkertesz.com\/en_US\/wp-json\/wp\/v2\/media?parent=16795"}],"wp:term":[{"taxonomy":"product_brand","embeddable":true,"href":"https:\/\/tajkertesz.com\/en_US\/wp-json\/wp\/v2\/product_brand?post=16795"},{"taxonomy":"product_cat","embeddable":true,"href":"https:\/\/tajkertesz.com\/en_US\/wp-json\/wp\/v2\/product_cat?post=16795"},{"taxonomy":"product_tag","embeddable":true,"href":"https:\/\/tajkertesz.com\/en_US\/wp-json\/wp\/v2\/product_tag?post=16795"}],"curies":[{"name":"wp","href":"https:\/\/api.w.org\/{rel}","templated":true}]}}