{"id":16809,"date":"2023-09-08T11:36:12","date_gmt":"2023-09-08T11:36:12","guid":{"rendered":"https:\/\/tajkertesz.com\/?post_type=product&#038;p=16809"},"modified":"2026-02-18T09:24:29","modified_gmt":"2026-02-18T09:24:29","slug":"echinacea-purpurea-bibor-kasvirag","status":"publish","type":"product","link":"https:\/\/tajkertesz.com\/en_US\/product\/echinacea-purpurea-bibor-kasvirag\/","title":{"rendered":"Echinacea purpurea &#8211; B\u00edbor kasvir\u00e1g"},"content":{"rendered":"<h2>Echinacea purpurea &#8211; B\u00edbor kasvir\u00e1g<\/h2>\n<p>Echinacea purpurea &#8211; B\u00edbor kasvir\u00e1g eg\u00e9sz \u00e9vben \u00fcltethet\u0151 gazdagon vir\u00e1gz\u00f3 \u00e9vel\u0151 n\u00f6v\u00e9ny.<\/p>\n<p>Gy\u00f6kt\u00f6rzses,\u00a0l\u00e1gy sz\u00e1r\u00fa,\u00a0\u00e9vel\u0151\u00a0n\u00f6v\u00e9ny. A kifejlett p\u00e9ld\u00e1ny 1,2 m magasra, 0,5 m\u00e9ter sz\u00e9lesre is megn\u0151.\u00a0Sz\u00e1ra\u00a0hossz\u00fa, el\u00e1gaz\u00f3. Az ov\u00e1lis-l\u00e1ndzs\u00e1s\u00a0levelek\u00a0az alapn\u00e1l lekerek\u00edtettek, \u00e9rdesek, sz\u00e9l\u00fck \u00e9p, ritk\u00e1san fogazott. \u00c9ghajlatt\u00f3l f\u00fcgg\u0151en, k\u00e9s\u0151 m\u00e1jus-kora j\u00falius k\u00f6z\u00f6tt kezd vir\u00e1gozni.\u00a0Vir\u00e1gai\u00a0k\u00e9tivar\u00faak,\u00a0m\u00e9hek\u00a0\u00e9s\u00a0lepk\u00e9k\u00a0porozz\u00e1k\u00a0\u0151ket.<\/p>\n<p>A j\u00f3 v\u00edzh\u00e1ztart\u00e1s\u00fa\u00a0talajokat\u00a0kedveli, a talaj\u00a0pH-j\u00e1ra viszont kev\u00e9ss\u00e9 \u00e9rz\u00e9keny. Ha meggy\u00f6kerezett, j\u00f3l t\u0171ri a sz\u00e1razs\u00e1got.<\/p>\n<p>V\u00e1gott vir\u00e1gnak is kiv\u00e1l\u00f3 \u00e9vel\u0151 n\u00f6v\u00e9ny, melynek gy\u00f6kereib\u0151l \u00e9s leveleib\u0151l homeop\u00e1ti\u00e1s szereket k\u00e9sz\u00edtenek. A n\u00f6v\u00e9ny 80-120 cm magas. A 8-10 cm sz\u00e9les f\u00e9szekvir\u00e1gzatok a fel\u00fcl gy\u00e9ren el\u00e1gaz\u00f3 sz\u00e1rak cs\u00facs\u00e1n, egyes\u00e9vel ny\u00edlnak. J\u00faliust\u00f3l szeptemberig vir\u00e1gzik.<br \/>\nFelhaszn\u00e1l\u00e1s: Kivonat\u00e1t bels\u0151leg, f\u0151leg az immun m\u0171k\u00f6d\u00e9s jav\u00edt\u00e1s\u00e1ra haszn\u00e1lj\u00e1k. K\u00fcls\u0151leg alkalmazva gyullad\u00e1s g\u00e1tl\u00f3.<\/p>\n<h4><strong>\ud83d\udd04 K\u00e9szletinform\u00e1ci\u00f3<\/strong><\/h4>\n<p><strong>K\u00e9szlet\u00fcnk napi szinten v\u00e1ltozik, \u00edgy a webshopban szerepl<\/strong><strong>\u0151<\/strong><strong>\u00a0term\u00e9kek el\u00e9rhet<\/strong><strong>\u0151<\/strong><strong>s\u00e9ge nem garant\u00e1lt.<br \/>\n\ud83d\udcde A megrendel\u00e9s el<\/strong><strong>\u0151<\/strong><strong>tt k\u00e9rj\u00fck, \u00e9rdekl<\/strong><strong>\u0151<\/strong><strong>dj\u00f6n szem\u00e9lyesen, telefonon vagy e-mailben!<\/strong><\/p>\n<h4><strong>\u27a1\ufe0f Kapcsolat:<\/strong><\/h4>\n<ul>\n<li><strong>Weboldal:\u00a0<\/strong><a href=\"https:\/\/tajkertesz.com\/\"><strong>tajkertesz.com<\/strong><\/a><\/li>\n<li><strong>Facebook:\u00a0<\/strong><a href=\"https:\/\/www.facebook.com\/tajkertesz\/\"><strong>facebook.com\/tajkertesz<\/strong><\/a><\/li>\n<li><strong>Telefonsz\u00e1m, e-mail: +36\/20-319-3770\u00a0<\/strong><a href=\"mailto:tajkerteszaruda@gmail.com\"><strong>tajkerteszaruda@gmail.com<\/strong><\/a><\/li>\n<\/ul>\n<h4><strong>\ud83d\ude9a Sz\u00e1ll\u00edt\u00e1si inform\u00e1ci\u00f3k<\/strong><\/h4>\n<p><strong>A megrendelt n\u00f6v\u00e9nyek kisz\u00e1ll\u00edt\u00e1sa az al\u00e1bbi felt\u00e9telek mellett t\u00f6rt\u00e9nik:<\/strong><\/p>\n<h4><strong>\ud83d\udce6 Fut\u00e1rszolg\u00e1latos sz\u00e1ll\u00edt\u00e1s<\/strong><\/h4>\n<ul>\n<li><strong>Maxim\u00e1lis m\u00e9ret: 200 cm (hossz\u00fas\u00e1g)<\/strong><\/li>\n<li><strong>Maxim\u00e1lis s\u00faly: 40 kg<\/strong><\/li>\n<li><strong>Az enn\u00e9l kisebb \u00e9s k\u00f6nnyebb csomagokat fut\u00e1rszolg\u00e1lattal k\u00e9zbes\u00edtj\u00fck a lehet<\/strong><strong>\u0151<\/strong><strong>\u00a0legbiztons\u00e1gosabb csomagol\u00e1sban.<\/strong><\/li>\n<\/ul>\n<h4><strong>\ud83d\udefb Szem\u00e9lyes \u00e1tv\u00e9tel<\/strong><\/h4>\n<ul>\n<li><strong>1173 Budapest, Bakancsos utca 7. sz\u00e1m alatt nyitvatart\u00e1si id<\/strong><strong>\u0151<\/strong><strong>ben szem\u00e9lyesen \u00e1tvehet<\/strong><strong>\u0151<\/strong><strong>\u00a0kert\u00e9szeti \u00e1rud\u00e1nkban.<\/strong><\/li>\n<li><strong>K\u00f6lts\u00e9ghat\u00e9kony megold\u00e1s nagyobb, t\u00f6r\u00e9kenyebb vagy t\u00falm\u00e9retes n\u00f6v\u00e9nyek eset\u00e9n.<\/strong><\/li>\n<\/ul>\n<h4><strong>\ud83d\udcde Nagy m\u00e9ret<\/strong><strong>\u0171<\/strong><strong>\u00a0vagy s\u00faly\u00fa n\u00f6v\u00e9nyek eset\u00e9n<\/strong><\/h4>\n<p><strong>Ha a term\u00e9k:<\/strong><\/p>\n<ul>\n<li><strong>meghaladja a 200 cm hossz\u00fas\u00e1got vagy<\/strong><\/li>\n<li><strong>meghaladja a 40 kg s\u00falyt,<\/strong><\/li>\n<\/ul>\n<p><strong>akkor szem\u00e9lyes \u00e1tv\u00e9tellel vagy egyedi, el<\/strong><strong>\u0151<\/strong><strong>re egyeztetett sz\u00e1ll\u00edt\u00e1si felt\u00e9telek mellett t\u00f6rt\u00e9nik.<br \/>\nK\u00e9rj\u00fck, ilyen esetben rendel\u00e9s el<\/strong><strong>\u0151<\/strong><strong>tt vegye fel vel\u00fcnk a kapcsolatot, hogy a lehet<\/strong><strong>\u0151<\/strong><strong>\u00a0legmegfelel<\/strong><strong>\u0151<\/strong><strong>bb sz\u00e1ll\u00edt\u00e1si megold\u00e1st k\u00edn\u00e1lhassuk.<\/strong><\/p>\n<p><strong>\ud83d\udd14 Fontos: A n\u00f6v\u00e9nyeket minden esetben igyeksz\u00fcnk gondosan, egyes\u00e9vel csomagolni, azonban a sz\u00e1ll\u00edt\u00e1s sor\u00e1n kisebb eszt\u00e9tikai s\u00e9r\u00fcl\u00e9sek el<\/strong><strong>\u0151<\/strong><strong>fordulhatnak (pl. lev\u00e9lhull\u00e1s). Ez nem min<\/strong><strong>\u0151<\/strong><strong>s\u00fcl hib\u00e1s teljes\u00edt\u00e9snek.<\/strong><\/p>\n<h4><strong>\ud83d\udcf7 Fontos tudni a k\u00e9pekr<\/strong><strong>\u0151<\/strong><strong>l<\/strong><\/h4>\n<p><strong>A webshopban szerepl<\/strong><strong>\u0151<\/strong><strong>\u00a0k\u00e9pek illusztr\u00e1ci\u00f3k, a n\u00f6v\u00e9nyek term\u00e9szet\u00fckn\u00e9l fogva egyediek, \u00edgy m\u00e9retben, alakban \u00e9s sz\u00ednben minim\u00e1lis elt\u00e9r\u00e9sek el<\/strong><strong>\u0151<\/strong><strong>fordulhatnak a k\u00e9pen l\u00e1that\u00f3 \u00e9s a val\u00f3s p\u00e9ld\u00e1nyok k\u00f6z\u00f6tt.<\/strong><\/p>\n<h4><strong>\ud83e\uddfe \u00c1rak \u00e9s el\u00e1ll\u00e1si jog<\/strong><\/h4>\n<ul>\n<li><strong>Az \u00e1rak egy darab\u00a0n\u00f6v\u00e9nyre vonatkoznak.<\/strong><\/li>\n<li><strong>\u00c9l<\/strong><strong>\u0151<\/strong><strong>\u00a0n\u00f6v\u00e9nyek rendel\u00e9se eset\u00e9n a 14 napos el\u00e1ll\u00e1s joga nem \u00e9rv\u00e9nyes\u00edthet<\/strong><strong>\u0151<\/strong><strong>, mivel azok romland\u00f3, biol\u00f3giailag \u00e9l<\/strong><strong>\u0151<\/strong><strong>\u00a0term\u00e9keknek min<\/strong><strong>\u0151<\/strong><strong>s\u00fclnek.<br \/>\n\ud83d\udd12 (17\/1999. (II. 5.) Korm. rendelet 5. \u00a7 c) pontja alapj\u00e1n)<\/strong><\/li>\n<\/ul>\n<h4><strong>\ud83d\udce6 K\u00e9zbes\u00edt\u00e9s ut\u00e1ni teend<\/strong><strong>\u0151<\/strong><strong>k<\/strong><\/h4>\n<p><strong>A k\u00e9zbes\u00edt\u00e9st k\u00f6vet<\/strong><strong>\u0151<\/strong><strong>en a csomagot azonnal bontsuk ki, \u00e9s a n\u00f6v\u00e9nyt helyezz\u00fck el megfelel<\/strong><strong>\u0151<\/strong><strong>\u00a0k\u00f6rnyezetben.<br \/>\nFontos: ha a n\u00f6v\u00e9ny nem r\u00e9szes\u00fcl megfelel<\/strong><strong>\u0151<\/strong><strong>\u00a0gondoz\u00e1sban \u00e9s ennek k\u00f6vetkezt\u00e9ben k\u00e1rosodik vagy elpusztul, felel<\/strong><strong>\u0151<\/strong><strong>ss\u00e9get nem tudunk v\u00e1llalni.<\/strong><\/p>","protected":false},"excerpt":{"rendered":"<p>Az <strong data-start=\"259\" data-end=\"281\">Echinacea purpurea<\/strong>, k\u00f6zismert nev\u00e9n b\u00edbor kasvir\u00e1g, hosszan vir\u00e1gz\u00f3, l\u00e1tv\u00e1nyos \u00e9vel\u0151 d\u00edszn\u00f6v\u00e9ny. Nagy, b\u00edbor-r\u00f3zsasz\u00edn vir\u00e1gai eg\u00e9sz ny\u00e1ron \u00e1t d\u00edsz\u00edtenek, mik\u00f6zben vonzz\u00e1k a m\u00e9heket \u00e9s pillang\u00f3kat.<\/p>\n<p>M\u00e9rete: 2 literes kont\u00e9nerben.<\/p>","protected":false},"featured_media":16810,"template":"","meta":{"_et_pb_use_builder":"","_et_pb_old_content":"","_et_gb_content_width":""},"product_brand":[],"product_cat":[4274,433],"product_tag":[1796,7973,4338,5186,4357],"class_list":{"0":"post-16809","1":"product","2":"type-product","3":"status-publish","4":"has-post-thumbnail","6":"product_cat-akcios-termekek","7":"product_cat-evelo-novenyek","8":"product_tag-bibor-kasvirag-echinacea-purpurea-vegyes-szinekben","9":"product_tag-echinacea-purpurea-bibor-kasvirag","10":"product_tag-evelo","11":"product_tag-kasvirag","12":"product_tag-virag","14":"first","15":"instock","16":"shipping-taxable","17":"purchasable","18":"product-type-simple"},"yoast_head":"<!-- This site is optimized with the Yoast SEO plugin v27.3 - https:\/\/yoast.com\/product\/yoast-seo-wordpress\/ -->\n<title>Echinacea purpurea - B\u00edbor kasvir\u00e1g - T\u00e1jkert\u00e9sz<\/title>\n<meta name=\"description\" content=\"Echinacea purpurea - B\u00edbor kasvir\u00e1g eg\u00e9sz \u00e9vben \u00fcltethet\u0151 gazdagon vir\u00e1gz\u00f3 \u00e9vel\u0151 n\u00f6v\u00e9ny, k\u00e9s\u0151 m\u00e1jus-kora j\u00falius k\u00f6z\u00f6tt kezd vir\u00e1gozni.\" \/>\n<meta name=\"robots\" content=\"index, follow, max-snippet:-1, max-image-preview:large, max-video-preview:-1\" \/>\n<link rel=\"canonical\" href=\"https:\/\/tajkertesz.com\/en_US\/product\/echinacea-purpurea-bibor-kasvirag\/\" \/>\n<meta property=\"og:locale\" content=\"en_US\" \/>\n<meta property=\"og:type\" content=\"article\" \/>\n<meta property=\"og:title\" content=\"https:\/\/www.facebook.com\/tajkertesz\" \/>\n<meta property=\"og:description\" content=\"Eg\u00e9sz \u00e9vben \u00fcltethet\u0151 gazdagon vir\u00e1gz\u00f3 \u00e9vel\u0151 n\u00f6v\u00e9ny. \u00c9ghajlatt\u00f3l f\u00fcgg\u0151en, k\u00e9s\u0151 m\u00e1jus-kora j\u00falius k\u00f6z\u00f6tt kezd vir\u00e1gozni.\u00a0Vir\u00e1gai\u00a0k\u00e9tivar\u00faak,\u00a0m\u00e9hek\u00a0\u00e9s\u00a0lepk\u00e9k\u00a0porozz\u00e1k\u00a0\u0151ket.\" \/>\n<meta property=\"og:url\" content=\"https:\/\/tajkertesz.com\/en_US\/product\/echinacea-purpurea-bibor-kasvirag\/\" \/>\n<meta property=\"og:site_name\" content=\"T\u00e1jkert\u00e9sz\" \/>\n<meta property=\"article:publisher\" content=\"https:\/\/www.facebook.com\/Tajkertesz\/\" \/>\n<meta property=\"article:modified_time\" content=\"2026-02-18T09:24:29+00:00\" \/>\n<meta property=\"og:image\" content=\"https:\/\/tajkertesz.com\/wp-content\/uploads\/2023\/09\/375219684_703926938417050_5832127634543551831_n.jpg\" \/>\n\t<meta property=\"og:image:width\" content=\"1746\" \/>\n\t<meta property=\"og:image:height\" content=\"2048\" \/>\n\t<meta property=\"og:image:type\" content=\"image\/jpeg\" \/>\n<meta name=\"twitter:card\" content=\"summary_large_image\" \/>\n<meta name=\"twitter:label1\" content=\"Est. reading time\" \/>\n\t<meta name=\"twitter:data1\" content=\"3 minutes\" \/>\n<script type=\"application\/ld+json\" class=\"yoast-schema-graph\">{\"@context\":\"https:\\\/\\\/schema.org\",\"@graph\":[{\"@type\":\"WebPage\",\"@id\":\"https:\\\/\\\/tajkertesz.com\\\/termek\\\/echinacea-purpurea-bibor-kasvirag\\\/\",\"url\":\"https:\\\/\\\/tajkertesz.com\\\/termek\\\/echinacea-purpurea-bibor-kasvirag\\\/\",\"name\":\"Echinacea purpurea - B\u00edbor kasvir\u00e1g - T\u00e1jkert\u00e9sz\",\"isPartOf\":{\"@id\":\"https:\\\/\\\/tajkertesz.com\\\/#website\"},\"primaryImageOfPage\":{\"@id\":\"https:\\\/\\\/tajkertesz.com\\\/termek\\\/echinacea-purpurea-bibor-kasvirag\\\/#primaryimage\"},\"image\":{\"@id\":\"https:\\\/\\\/tajkertesz.com\\\/termek\\\/echinacea-purpurea-bibor-kasvirag\\\/#primaryimage\"},\"thumbnailUrl\":\"https:\\\/\\\/tajkertesz.com\\\/wp-content\\\/uploads\\\/2023\\\/09\\\/375219684_703926938417050_5832127634543551831_n.jpg\",\"datePublished\":\"2023-09-08T11:36:12+00:00\",\"dateModified\":\"2026-02-18T09:24:29+00:00\",\"description\":\"Echinacea purpurea - B\u00edbor kasvir\u00e1g eg\u00e9sz \u00e9vben \u00fcltethet\u0151 gazdagon vir\u00e1gz\u00f3 \u00e9vel\u0151 n\u00f6v\u00e9ny, k\u00e9s\u0151 m\u00e1jus-kora j\u00falius k\u00f6z\u00f6tt kezd vir\u00e1gozni.\",\"breadcrumb\":{\"@id\":\"https:\\\/\\\/tajkertesz.com\\\/termek\\\/echinacea-purpurea-bibor-kasvirag\\\/#breadcrumb\"},\"inLanguage\":\"en-US\",\"potentialAction\":[{\"@type\":\"ReadAction\",\"target\":[\"https:\\\/\\\/tajkertesz.com\\\/termek\\\/echinacea-purpurea-bibor-kasvirag\\\/\"]}]},{\"@type\":\"ImageObject\",\"inLanguage\":\"en-US\",\"@id\":\"https:\\\/\\\/tajkertesz.com\\\/termek\\\/echinacea-purpurea-bibor-kasvirag\\\/#primaryimage\",\"url\":\"https:\\\/\\\/tajkertesz.com\\\/wp-content\\\/uploads\\\/2023\\\/09\\\/375219684_703926938417050_5832127634543551831_n.jpg\",\"contentUrl\":\"https:\\\/\\\/tajkertesz.com\\\/wp-content\\\/uploads\\\/2023\\\/09\\\/375219684_703926938417050_5832127634543551831_n.jpg\",\"width\":1746,\"height\":2048,\"caption\":\"Echinacea purpurea - B\u00edbor kasvir\u00e1g\"},{\"@type\":\"BreadcrumbList\",\"@id\":\"https:\\\/\\\/tajkertesz.com\\\/termek\\\/echinacea-purpurea-bibor-kasvirag\\\/#breadcrumb\",\"itemListElement\":[{\"@type\":\"ListItem\",\"position\":1,\"name\":\"Home\",\"item\":\"https:\\\/\\\/tajkertesz.com\\\/\"},{\"@type\":\"ListItem\",\"position\":2,\"name\":\"Kezd\u0151lap\",\"item\":\"https:\\\/\\\/tajkertesz.com\\\/\"},{\"@type\":\"ListItem\",\"position\":3,\"name\":\"Echinacea purpurea &#8211; B\u00edbor kasvir\u00e1g\"}]},{\"@type\":\"WebSite\",\"@id\":\"https:\\\/\\\/tajkertesz.com\\\/#website\",\"url\":\"https:\\\/\\\/tajkertesz.com\\\/\",\"name\":\"T\u00e1j-Kert\u00e9sz 84 Kft.\",\"description\":\"Kert\u00e9szeti kis- \u00e9s nagykeresked\u00e9s, D\u00edszn\u00f6v\u00e9ny web\u00e1ruh\u00e1z orsz\u00e1gos h\u00e1zhozsz\u00e1ll\u00edt\u00e1ssal!\",\"publisher\":{\"@id\":\"https:\\\/\\\/tajkertesz.com\\\/#organization\"},\"potentialAction\":[{\"@type\":\"SearchAction\",\"target\":{\"@type\":\"EntryPoint\",\"urlTemplate\":\"https:\\\/\\\/tajkertesz.com\\\/?s={search_term_string}\"},\"query-input\":{\"@type\":\"PropertyValueSpecification\",\"valueRequired\":true,\"valueName\":\"search_term_string\"}}],\"inLanguage\":\"en-US\"},{\"@type\":\"Organization\",\"@id\":\"https:\\\/\\\/tajkertesz.com\\\/#organization\",\"name\":\"T\u00e1j-Kert\u00e9sz 84 Kft.\",\"url\":\"https:\\\/\\\/tajkertesz.com\\\/\",\"logo\":{\"@type\":\"ImageObject\",\"inLanguage\":\"en-US\",\"@id\":\"https:\\\/\\\/tajkertesz.com\\\/#\\\/schema\\\/logo\\\/image\\\/\",\"url\":\"https:\\\/\\\/tajkertesz.com\\\/wp-content\\\/uploads\\\/2018\\\/02\\\/logo-2-e1518678052539.png\",\"contentUrl\":\"https:\\\/\\\/tajkertesz.com\\\/wp-content\\\/uploads\\\/2018\\\/02\\\/logo-2-e1518678052539.png\",\"width\":81,\"height\":140,\"caption\":\"T\u00e1j-Kert\u00e9sz 84 Kft.\"},\"image\":{\"@id\":\"https:\\\/\\\/tajkertesz.com\\\/#\\\/schema\\\/logo\\\/image\\\/\"},\"sameAs\":[\"https:\\\/\\\/www.facebook.com\\\/Tajkertesz\\\/\"]}]}<\/script>\n<!-- \/ Yoast SEO plugin. -->","yoast_head_json":{"title":"Echinacea purpurea - B\u00edbor kasvir\u00e1g - T\u00e1jkert\u00e9sz","description":"Echinacea purpurea - B\u00edbor kasvir\u00e1g eg\u00e9sz \u00e9vben \u00fcltethet\u0151 gazdagon vir\u00e1gz\u00f3 \u00e9vel\u0151 n\u00f6v\u00e9ny, k\u00e9s\u0151 m\u00e1jus-kora j\u00falius k\u00f6z\u00f6tt kezd vir\u00e1gozni.","robots":{"index":"index","follow":"follow","max-snippet":"max-snippet:-1","max-image-preview":"max-image-preview:large","max-video-preview":"max-video-preview:-1"},"canonical":"https:\/\/tajkertesz.com\/en_US\/product\/echinacea-purpurea-bibor-kasvirag\/","og_locale":"en_US","og_type":"article","og_title":"https:\/\/www.facebook.com\/tajkertesz","og_description":"Eg\u00e9sz \u00e9vben \u00fcltethet\u0151 gazdagon vir\u00e1gz\u00f3 \u00e9vel\u0151 n\u00f6v\u00e9ny. \u00c9ghajlatt\u00f3l f\u00fcgg\u0151en, k\u00e9s\u0151 m\u00e1jus-kora j\u00falius k\u00f6z\u00f6tt kezd vir\u00e1gozni.\u00a0Vir\u00e1gai\u00a0k\u00e9tivar\u00faak,\u00a0m\u00e9hek\u00a0\u00e9s\u00a0lepk\u00e9k\u00a0porozz\u00e1k\u00a0\u0151ket.","og_url":"https:\/\/tajkertesz.com\/en_US\/product\/echinacea-purpurea-bibor-kasvirag\/","og_site_name":"T\u00e1jkert\u00e9sz","article_publisher":"https:\/\/www.facebook.com\/Tajkertesz\/","article_modified_time":"2026-02-18T09:24:29+00:00","og_image":[{"width":1746,"height":2048,"url":"https:\/\/tajkertesz.com\/wp-content\/uploads\/2023\/09\/375219684_703926938417050_5832127634543551831_n.jpg","type":"image\/jpeg"}],"twitter_card":"summary_large_image","twitter_misc":{"Est. reading time":"3 minutes"},"schema":{"@context":"https:\/\/schema.org","@graph":[{"@type":"WebPage","@id":"https:\/\/tajkertesz.com\/termek\/echinacea-purpurea-bibor-kasvirag\/","url":"https:\/\/tajkertesz.com\/termek\/echinacea-purpurea-bibor-kasvirag\/","name":"Echinacea purpurea - B\u00edbor kasvir\u00e1g - T\u00e1jkert\u00e9sz","isPartOf":{"@id":"https:\/\/tajkertesz.com\/#website"},"primaryImageOfPage":{"@id":"https:\/\/tajkertesz.com\/termek\/echinacea-purpurea-bibor-kasvirag\/#primaryimage"},"image":{"@id":"https:\/\/tajkertesz.com\/termek\/echinacea-purpurea-bibor-kasvirag\/#primaryimage"},"thumbnailUrl":"https:\/\/tajkertesz.com\/wp-content\/uploads\/2023\/09\/375219684_703926938417050_5832127634543551831_n.jpg","datePublished":"2023-09-08T11:36:12+00:00","dateModified":"2026-02-18T09:24:29+00:00","description":"Echinacea purpurea - B\u00edbor kasvir\u00e1g eg\u00e9sz \u00e9vben \u00fcltethet\u0151 gazdagon vir\u00e1gz\u00f3 \u00e9vel\u0151 n\u00f6v\u00e9ny, k\u00e9s\u0151 m\u00e1jus-kora j\u00falius k\u00f6z\u00f6tt kezd vir\u00e1gozni.","breadcrumb":{"@id":"https:\/\/tajkertesz.com\/termek\/echinacea-purpurea-bibor-kasvirag\/#breadcrumb"},"inLanguage":"en-US","potentialAction":[{"@type":"ReadAction","target":["https:\/\/tajkertesz.com\/termek\/echinacea-purpurea-bibor-kasvirag\/"]}]},{"@type":"ImageObject","inLanguage":"en-US","@id":"https:\/\/tajkertesz.com\/termek\/echinacea-purpurea-bibor-kasvirag\/#primaryimage","url":"https:\/\/tajkertesz.com\/wp-content\/uploads\/2023\/09\/375219684_703926938417050_5832127634543551831_n.jpg","contentUrl":"https:\/\/tajkertesz.com\/wp-content\/uploads\/2023\/09\/375219684_703926938417050_5832127634543551831_n.jpg","width":1746,"height":2048,"caption":"Echinacea purpurea - B\u00edbor kasvir\u00e1g"},{"@type":"BreadcrumbList","@id":"https:\/\/tajkertesz.com\/termek\/echinacea-purpurea-bibor-kasvirag\/#breadcrumb","itemListElement":[{"@type":"ListItem","position":1,"name":"Home","item":"https:\/\/tajkertesz.com\/"},{"@type":"ListItem","position":2,"name":"Kezd\u0151lap","item":"https:\/\/tajkertesz.com\/"},{"@type":"ListItem","position":3,"name":"Echinacea purpurea &#8211; B\u00edbor kasvir\u00e1g"}]},{"@type":"WebSite","@id":"https:\/\/tajkertesz.com\/#website","url":"https:\/\/tajkertesz.com\/","name":"T\u00e1j-Kert\u00e9sz 84 Kft.","description":"Kert\u00e9szeti kis- \u00e9s nagykeresked\u00e9s, D\u00edszn\u00f6v\u00e9ny web\u00e1ruh\u00e1z orsz\u00e1gos h\u00e1zhozsz\u00e1ll\u00edt\u00e1ssal!","publisher":{"@id":"https:\/\/tajkertesz.com\/#organization"},"potentialAction":[{"@type":"SearchAction","target":{"@type":"EntryPoint","urlTemplate":"https:\/\/tajkertesz.com\/?s={search_term_string}"},"query-input":{"@type":"PropertyValueSpecification","valueRequired":true,"valueName":"search_term_string"}}],"inLanguage":"en-US"},{"@type":"Organization","@id":"https:\/\/tajkertesz.com\/#organization","name":"T\u00e1j-Kert\u00e9sz 84 Kft.","url":"https:\/\/tajkertesz.com\/","logo":{"@type":"ImageObject","inLanguage":"en-US","@id":"https:\/\/tajkertesz.com\/#\/schema\/logo\/image\/","url":"https:\/\/tajkertesz.com\/wp-content\/uploads\/2018\/02\/logo-2-e1518678052539.png","contentUrl":"https:\/\/tajkertesz.com\/wp-content\/uploads\/2018\/02\/logo-2-e1518678052539.png","width":81,"height":140,"caption":"T\u00e1j-Kert\u00e9sz 84 Kft."},"image":{"@id":"https:\/\/tajkertesz.com\/#\/schema\/logo\/image\/"},"sameAs":["https:\/\/www.facebook.com\/Tajkertesz\/"]}]}},"_links":{"self":[{"href":"https:\/\/tajkertesz.com\/en_US\/wp-json\/wp\/v2\/product\/16809","targetHints":{"allow":["GET"]}}],"collection":[{"href":"https:\/\/tajkertesz.com\/en_US\/wp-json\/wp\/v2\/product"}],"about":[{"href":"https:\/\/tajkertesz.com\/en_US\/wp-json\/wp\/v2\/types\/product"}],"wp:featuredmedia":[{"embeddable":true,"href":"https:\/\/tajkertesz.com\/en_US\/wp-json\/wp\/v2\/media\/16810"}],"wp:attachment":[{"href":"https:\/\/tajkertesz.com\/en_US\/wp-json\/wp\/v2\/media?parent=16809"}],"wp:term":[{"taxonomy":"product_brand","embeddable":true,"href":"https:\/\/tajkertesz.com\/en_US\/wp-json\/wp\/v2\/product_brand?post=16809"},{"taxonomy":"product_cat","embeddable":true,"href":"https:\/\/tajkertesz.com\/en_US\/wp-json\/wp\/v2\/product_cat?post=16809"},{"taxonomy":"product_tag","embeddable":true,"href":"https:\/\/tajkertesz.com\/en_US\/wp-json\/wp\/v2\/product_tag?post=16809"}],"curies":[{"name":"wp","href":"https:\/\/api.w.org\/{rel}","templated":true}]}}