{"id":16838,"date":"2023-09-12T10:41:06","date_gmt":"2023-09-12T10:41:06","guid":{"rendered":"https:\/\/tajkertesz.com\/?post_type=product&#038;p=16838"},"modified":"2026-02-13T09:46:09","modified_gmt":"2026-02-13T09:46:09","slug":"carpinuc-betulus-spalier-gyertyan","status":"publish","type":"product","link":"https:\/\/tajkertesz.com\/en_US\/product\/carpinuc-betulus-spalier-gyertyan\/","title":{"rendered":"Carpinus betulus &#8222;spalier&#8221;\/Gyerty\u00e1n"},"content":{"rendered":"<h2>Carpinus betulus &#8222;spalier&#8221;\/Gyerty\u00e1n<\/h2>\n<p>A Carpinus betulus &#8222;spalier&#8221; \u2013\u00a0 Gyerty\u00e1n Spalier 160x200cm m\u00e9ret\u0171 fa v\u00e1zhoz r\u00f6gz\u00edtett 200cm-es t\u00f6rzs\u00f6n, ny\u00edrt t\u00e9relv\u00e1laszt\u00f3.<\/p>\n<p>T\u00f6k\u00e9letes megold\u00e1s a k\u00edv\u00e1ncsi tekintetek el\u0151l \u00e9s azonnali takar\u00e1st biztos\u00edt.<\/p>\n<p>Olyan helyekre is t\u00f6k\u00e9letes ahol kicsi a hely a klasszikus s\u00f6v\u00e9nynek.<\/p>\n<p>Teraszokon, er\u00e9lyeken is kit\u0171n\u0151 megold\u00e1s lehet.<\/p>\n<p>A term\u00e9ket sz\u00fcks\u00e9ges ny\u00edrni, igaz\u00edtani, de ehhez nem kell nagy szaktud\u00e1s sem nagy s\u00f6v\u00e9nyny\u00edr\u00f3kra beruh\u00e1znunk.<\/p>\n<p>Elegend\u0151 lesz hozz\u00e1 egy egyszer\u0171 metsz\u0151oll\u00f3 is.<\/p>\n<p>Viszont fontos megeml\u00edteni , hogy a folyamatos t\u00e1panyag ut\u00e1np\u00f3tl\u00e1sr\u00f3l nem szabad elfelejtkezn\u00fcnk!<\/p>\n<p>A spalier term\u00e9kek sz\u00e9les v\u00e1laszt\u00e9kban megv\u00e1s\u00e1rolhat\u00f3ak kert\u00e9szet\u00fcnkben.<\/p>\n<h1><span style=\"color: #ff0000;\"><strong>M\u00e9ret\u00e9n\u00e9l fogva GLS-fut\u00e1rszolg\u00e1lattal nem sz\u00e1ll\u00edthat\u00f3!<\/strong><\/span><\/h1>","protected":false},"excerpt":{"rendered":"<p>A Carpinus betulus &#8222;spalier&#8221; \u2013\u00a0 Gyerty\u00e1n Spalier 160x200cm m\u00e9ret\u0171 fa v\u00e1zhoz r\u00f6gz\u00edtett 200cm-es t\u00f6rzs\u00f6n, ny\u00edrt t\u00e9relv\u00e1laszt\u00f3&#8230;<\/p>\n<p>El\u00e9rhet\u0151 t\u00f6bbf\u00e9le m\u00e9retben \u00e9s \u00e1rban.<\/p>\n<p><strong>K\u00e9szlet\u00fcnk napi szinten v\u00e1ltozik, ez\u00e9rt k\u00e9rj\u00fck, \u00e9rdekl\u0151dj\u00f6n szem\u00e9lyesen, telefonon vagy email-en.<br \/>\nA v\u00e1ltoztat\u00e1s jog\u00e1t fenntartjuk!\u00a0<\/strong><\/p>\n<p><a href=\"https:\/\/tajkertesz.com\/\">https:\/\/tajkertesz.com\/<\/a><\/p>\n<p><a href=\"https:\/\/www.facebook.com\/tajkertesz\/\">https:\/\/www.facebook.com\/tajkertesz\/<\/a><\/p>\n<h3><span style=\"color: #ff0000;\">Kisz\u00e1ll\u00edt\u00e1s: 200cm-ig \u00a0\u00e9s 40 kg-ig a sz\u00e1ll\u00edt\u00e1s fut\u00e1rszolg\u00e1lattal \u00a0t\u00f6rt\u00e9nik, ez\u00e9rt<\/span><\/h3>\n<h3><span style=\"color: #ff0000;\"><strong>m\u00e9ret\u00e9n\u00e9l fogva GLS-fut\u00e1rszolg\u00e1lattal nem sz\u00e1ll\u00edthat\u00f3 ,szem\u00e9lyesen \u00e1tvehet\u0151 kert\u00e9szet\u00fcnkben<\/strong><\/span><\/h3>","protected":false},"featured_media":16840,"template":"","meta":{"_et_pb_use_builder":"","_et_pb_old_content":"","_et_gb_content_width":""},"product_brand":[],"product_cat":[4189],"product_tag":[4367,4248],"class_list":{"0":"post-16838","1":"product","2":"type-product","3":"status-publish","4":"has-post-thumbnail","6":"product_cat-terelvalaszto-novenyek","7":"product_tag-alakfa","8":"product_tag-spalier","10":"first","11":"instock","12":"shipping-taxable","13":"purchasable","14":"product-type-simple"},"yoast_head":"<!-- This site is optimized with the Yoast SEO plugin v27.4 - https:\/\/yoast.com\/product\/yoast-seo-wordpress\/ -->\n<title>Carpinus betulus &quot;spalier&quot;\/Gyerty\u00e1n - T\u00e1jkert\u00e9sz<\/title>\n<meta name=\"description\" content=\"A Carpinus betulus &quot;spalier&quot; \u2013\u00a0 Gyerty\u00e1n Spalier 160x200cm m\u00e9ret\u0171 fa v\u00e1zhoz r\u00f6gz\u00edtett 200cm-es t\u00f6rzs\u00f6n, ny\u00edrt t\u00e9relv\u00e1laszt\u00f3 n\u00f6v\u00e9ny. Azonnali takar\u00e1st bizt...\" \/>\n<meta name=\"robots\" content=\"index, follow, max-snippet:-1, max-image-preview:large, max-video-preview:-1\" \/>\n<link rel=\"canonical\" href=\"https:\/\/tajkertesz.com\/en_US\/product\/carpinuc-betulus-spalier-gyertyan\/\" \/>\n<meta property=\"og:locale\" content=\"en_US\" \/>\n<meta property=\"og:type\" content=\"article\" \/>\n<meta property=\"og:title\" content=\"https:\/\/www.facebook.com\/tajkertesz\/\" \/>\n<meta property=\"og:description\" content=\"Carpinuc betulus &quot;spalier&quot;\/Gyerty\u00e1nA Carpinus betulus &quot;spalier&quot; \u2013\u00a0 Gyerty\u00e1n Spalier 160x200cm m\u00e9ret\u0171 fa v\u00e1zhoz r\u00f6gz\u00edtett 200cm-es t\u00f6rzs\u00f6n, ny\u00edrt t\u00e9relv\u00e1laszt\u00f3. T\u00f6k\u00e9letes megold\u00e1s a k\u00edv\u00e1ncsi tekintetek el\u0151l \u00e9s azonnali takar\u00e1st biztos\u00edt. Olyan helyekre is t\u00f6k\u00e9letes ahol kicsi a hely a klasszikus s\u00f6v\u00e9nynek...\" \/>\n<meta property=\"og:url\" content=\"https:\/\/tajkertesz.com\/en_US\/product\/carpinuc-betulus-spalier-gyertyan\/\" \/>\n<meta property=\"og:site_name\" content=\"T\u00e1jkert\u00e9sz\" \/>\n<meta property=\"article:publisher\" content=\"https:\/\/www.facebook.com\/Tajkertesz\/\" \/>\n<meta property=\"article:modified_time\" content=\"2026-02-13T09:46:09+00:00\" \/>\n<meta property=\"og:image\" content=\"https:\/\/tajkertesz.com\/wp-content\/uploads\/2023\/09\/376744173_705776484898762_7528206013714897149_n.jpg\" \/>\n\t<meta property=\"og:image:width\" content=\"1497\" \/>\n\t<meta property=\"og:image:height\" content=\"2048\" \/>\n\t<meta property=\"og:image:type\" content=\"image\/jpeg\" \/>\n<meta name=\"twitter:card\" content=\"summary_large_image\" \/>\n<meta name=\"twitter:label1\" content=\"Est. reading time\" \/>\n\t<meta name=\"twitter:data1\" content=\"1 minute\" \/>\n<script type=\"application\/ld+json\" class=\"yoast-schema-graph\">{\"@context\":\"https:\\\/\\\/schema.org\",\"@graph\":[{\"@type\":\"WebPage\",\"@id\":\"https:\\\/\\\/tajkertesz.com\\\/termek\\\/carpinuc-betulus-spalier-gyertyan\\\/\",\"url\":\"https:\\\/\\\/tajkertesz.com\\\/termek\\\/carpinuc-betulus-spalier-gyertyan\\\/\",\"name\":\"Carpinus betulus \\\"spalier\\\"\\\/Gyerty\u00e1n - T\u00e1jkert\u00e9sz\",\"isPartOf\":{\"@id\":\"https:\\\/\\\/tajkertesz.com\\\/#website\"},\"primaryImageOfPage\":{\"@id\":\"https:\\\/\\\/tajkertesz.com\\\/termek\\\/carpinuc-betulus-spalier-gyertyan\\\/#primaryimage\"},\"image\":{\"@id\":\"https:\\\/\\\/tajkertesz.com\\\/termek\\\/carpinuc-betulus-spalier-gyertyan\\\/#primaryimage\"},\"thumbnailUrl\":\"https:\\\/\\\/tajkertesz.com\\\/wp-content\\\/uploads\\\/2023\\\/09\\\/376789360_705776438232100_661553427965696589_n.jpg\",\"datePublished\":\"2023-09-12T10:41:06+00:00\",\"dateModified\":\"2026-02-13T09:46:09+00:00\",\"description\":\"A Carpinus betulus \\\"spalier\\\" \u2013\u00a0 Gyerty\u00e1n Spalier 160x200cm m\u00e9ret\u0171 fa v\u00e1zhoz r\u00f6gz\u00edtett 200cm-es t\u00f6rzs\u00f6n, ny\u00edrt t\u00e9relv\u00e1laszt\u00f3 n\u00f6v\u00e9ny. Azonnali takar\u00e1st bizt...\",\"breadcrumb\":{\"@id\":\"https:\\\/\\\/tajkertesz.com\\\/termek\\\/carpinuc-betulus-spalier-gyertyan\\\/#breadcrumb\"},\"inLanguage\":\"en-US\",\"potentialAction\":[{\"@type\":\"ReadAction\",\"target\":[\"https:\\\/\\\/tajkertesz.com\\\/termek\\\/carpinuc-betulus-spalier-gyertyan\\\/\"]}]},{\"@type\":\"ImageObject\",\"inLanguage\":\"en-US\",\"@id\":\"https:\\\/\\\/tajkertesz.com\\\/termek\\\/carpinuc-betulus-spalier-gyertyan\\\/#primaryimage\",\"url\":\"https:\\\/\\\/tajkertesz.com\\\/wp-content\\\/uploads\\\/2023\\\/09\\\/376789360_705776438232100_661553427965696589_n.jpg\",\"contentUrl\":\"https:\\\/\\\/tajkertesz.com\\\/wp-content\\\/uploads\\\/2023\\\/09\\\/376789360_705776438232100_661553427965696589_n.jpg\",\"width\":1920,\"height\":1338},{\"@type\":\"BreadcrumbList\",\"@id\":\"https:\\\/\\\/tajkertesz.com\\\/termek\\\/carpinuc-betulus-spalier-gyertyan\\\/#breadcrumb\",\"itemListElement\":[{\"@type\":\"ListItem\",\"position\":1,\"name\":\"Home\",\"item\":\"https:\\\/\\\/tajkertesz.com\\\/\"},{\"@type\":\"ListItem\",\"position\":2,\"name\":\"Kezd\u0151lap\",\"item\":\"https:\\\/\\\/tajkertesz.com\\\/\"},{\"@type\":\"ListItem\",\"position\":3,\"name\":\"Carpinus betulus &#8222;spalier&#8221;\\\/Gyerty\u00e1n\"}]},{\"@type\":\"WebSite\",\"@id\":\"https:\\\/\\\/tajkertesz.com\\\/#website\",\"url\":\"https:\\\/\\\/tajkertesz.com\\\/\",\"name\":\"T\u00e1j-Kert\u00e9sz 84 Kft.\",\"description\":\"Kert\u00e9szeti kis- \u00e9s nagykeresked\u00e9s, D\u00edszn\u00f6v\u00e9ny web\u00e1ruh\u00e1z orsz\u00e1gos h\u00e1zhozsz\u00e1ll\u00edt\u00e1ssal!\",\"publisher\":{\"@id\":\"https:\\\/\\\/tajkertesz.com\\\/#organization\"},\"potentialAction\":[{\"@type\":\"SearchAction\",\"target\":{\"@type\":\"EntryPoint\",\"urlTemplate\":\"https:\\\/\\\/tajkertesz.com\\\/?s={search_term_string}\"},\"query-input\":{\"@type\":\"PropertyValueSpecification\",\"valueRequired\":true,\"valueName\":\"search_term_string\"}}],\"inLanguage\":\"en-US\"},{\"@type\":\"Organization\",\"@id\":\"https:\\\/\\\/tajkertesz.com\\\/#organization\",\"name\":\"T\u00e1j-Kert\u00e9sz 84 Kft.\",\"url\":\"https:\\\/\\\/tajkertesz.com\\\/\",\"logo\":{\"@type\":\"ImageObject\",\"inLanguage\":\"en-US\",\"@id\":\"https:\\\/\\\/tajkertesz.com\\\/#\\\/schema\\\/logo\\\/image\\\/\",\"url\":\"https:\\\/\\\/tajkertesz.com\\\/wp-content\\\/uploads\\\/2018\\\/02\\\/logo-2-e1518678052539.png\",\"contentUrl\":\"https:\\\/\\\/tajkertesz.com\\\/wp-content\\\/uploads\\\/2018\\\/02\\\/logo-2-e1518678052539.png\",\"width\":81,\"height\":140,\"caption\":\"T\u00e1j-Kert\u00e9sz 84 Kft.\"},\"image\":{\"@id\":\"https:\\\/\\\/tajkertesz.com\\\/#\\\/schema\\\/logo\\\/image\\\/\"},\"sameAs\":[\"https:\\\/\\\/www.facebook.com\\\/Tajkertesz\\\/\"]}]}<\/script>\n<!-- \/ Yoast SEO plugin. -->","yoast_head_json":{"title":"Carpinus betulus \"spalier\"\/Gyerty\u00e1n - T\u00e1jkert\u00e9sz","description":"A Carpinus betulus \"spalier\" \u2013\u00a0 Gyerty\u00e1n Spalier 160x200cm m\u00e9ret\u0171 fa v\u00e1zhoz r\u00f6gz\u00edtett 200cm-es t\u00f6rzs\u00f6n, ny\u00edrt t\u00e9relv\u00e1laszt\u00f3 n\u00f6v\u00e9ny. Azonnali takar\u00e1st bizt...","robots":{"index":"index","follow":"follow","max-snippet":"max-snippet:-1","max-image-preview":"max-image-preview:large","max-video-preview":"max-video-preview:-1"},"canonical":"https:\/\/tajkertesz.com\/en_US\/product\/carpinuc-betulus-spalier-gyertyan\/","og_locale":"en_US","og_type":"article","og_title":"https:\/\/www.facebook.com\/tajkertesz\/","og_description":"Carpinuc betulus \"spalier\"\/Gyerty\u00e1nA Carpinus betulus \"spalier\" \u2013\u00a0 Gyerty\u00e1n Spalier 160x200cm m\u00e9ret\u0171 fa v\u00e1zhoz r\u00f6gz\u00edtett 200cm-es t\u00f6rzs\u00f6n, ny\u00edrt t\u00e9relv\u00e1laszt\u00f3. T\u00f6k\u00e9letes megold\u00e1s a k\u00edv\u00e1ncsi tekintetek el\u0151l \u00e9s azonnali takar\u00e1st biztos\u00edt. Olyan helyekre is t\u00f6k\u00e9letes ahol kicsi a hely a klasszikus s\u00f6v\u00e9nynek...","og_url":"https:\/\/tajkertesz.com\/en_US\/product\/carpinuc-betulus-spalier-gyertyan\/","og_site_name":"T\u00e1jkert\u00e9sz","article_publisher":"https:\/\/www.facebook.com\/Tajkertesz\/","article_modified_time":"2026-02-13T09:46:09+00:00","og_image":[{"width":1497,"height":2048,"url":"https:\/\/tajkertesz.com\/wp-content\/uploads\/2023\/09\/376744173_705776484898762_7528206013714897149_n.jpg","type":"image\/jpeg"}],"twitter_card":"summary_large_image","twitter_misc":{"Est. reading time":"1 minute"},"schema":{"@context":"https:\/\/schema.org","@graph":[{"@type":"WebPage","@id":"https:\/\/tajkertesz.com\/termek\/carpinuc-betulus-spalier-gyertyan\/","url":"https:\/\/tajkertesz.com\/termek\/carpinuc-betulus-spalier-gyertyan\/","name":"Carpinus betulus \"spalier\"\/Gyerty\u00e1n - T\u00e1jkert\u00e9sz","isPartOf":{"@id":"https:\/\/tajkertesz.com\/#website"},"primaryImageOfPage":{"@id":"https:\/\/tajkertesz.com\/termek\/carpinuc-betulus-spalier-gyertyan\/#primaryimage"},"image":{"@id":"https:\/\/tajkertesz.com\/termek\/carpinuc-betulus-spalier-gyertyan\/#primaryimage"},"thumbnailUrl":"https:\/\/tajkertesz.com\/wp-content\/uploads\/2023\/09\/376789360_705776438232100_661553427965696589_n.jpg","datePublished":"2023-09-12T10:41:06+00:00","dateModified":"2026-02-13T09:46:09+00:00","description":"A Carpinus betulus \"spalier\" \u2013\u00a0 Gyerty\u00e1n Spalier 160x200cm m\u00e9ret\u0171 fa v\u00e1zhoz r\u00f6gz\u00edtett 200cm-es t\u00f6rzs\u00f6n, ny\u00edrt t\u00e9relv\u00e1laszt\u00f3 n\u00f6v\u00e9ny. Azonnali takar\u00e1st bizt...","breadcrumb":{"@id":"https:\/\/tajkertesz.com\/termek\/carpinuc-betulus-spalier-gyertyan\/#breadcrumb"},"inLanguage":"en-US","potentialAction":[{"@type":"ReadAction","target":["https:\/\/tajkertesz.com\/termek\/carpinuc-betulus-spalier-gyertyan\/"]}]},{"@type":"ImageObject","inLanguage":"en-US","@id":"https:\/\/tajkertesz.com\/termek\/carpinuc-betulus-spalier-gyertyan\/#primaryimage","url":"https:\/\/tajkertesz.com\/wp-content\/uploads\/2023\/09\/376789360_705776438232100_661553427965696589_n.jpg","contentUrl":"https:\/\/tajkertesz.com\/wp-content\/uploads\/2023\/09\/376789360_705776438232100_661553427965696589_n.jpg","width":1920,"height":1338},{"@type":"BreadcrumbList","@id":"https:\/\/tajkertesz.com\/termek\/carpinuc-betulus-spalier-gyertyan\/#breadcrumb","itemListElement":[{"@type":"ListItem","position":1,"name":"Home","item":"https:\/\/tajkertesz.com\/"},{"@type":"ListItem","position":2,"name":"Kezd\u0151lap","item":"https:\/\/tajkertesz.com\/"},{"@type":"ListItem","position":3,"name":"Carpinus betulus &#8222;spalier&#8221;\/Gyerty\u00e1n"}]},{"@type":"WebSite","@id":"https:\/\/tajkertesz.com\/#website","url":"https:\/\/tajkertesz.com\/","name":"T\u00e1j-Kert\u00e9sz 84 Kft.","description":"Kert\u00e9szeti kis- \u00e9s nagykeresked\u00e9s, D\u00edszn\u00f6v\u00e9ny web\u00e1ruh\u00e1z orsz\u00e1gos h\u00e1zhozsz\u00e1ll\u00edt\u00e1ssal!","publisher":{"@id":"https:\/\/tajkertesz.com\/#organization"},"potentialAction":[{"@type":"SearchAction","target":{"@type":"EntryPoint","urlTemplate":"https:\/\/tajkertesz.com\/?s={search_term_string}"},"query-input":{"@type":"PropertyValueSpecification","valueRequired":true,"valueName":"search_term_string"}}],"inLanguage":"en-US"},{"@type":"Organization","@id":"https:\/\/tajkertesz.com\/#organization","name":"T\u00e1j-Kert\u00e9sz 84 Kft.","url":"https:\/\/tajkertesz.com\/","logo":{"@type":"ImageObject","inLanguage":"en-US","@id":"https:\/\/tajkertesz.com\/#\/schema\/logo\/image\/","url":"https:\/\/tajkertesz.com\/wp-content\/uploads\/2018\/02\/logo-2-e1518678052539.png","contentUrl":"https:\/\/tajkertesz.com\/wp-content\/uploads\/2018\/02\/logo-2-e1518678052539.png","width":81,"height":140,"caption":"T\u00e1j-Kert\u00e9sz 84 Kft."},"image":{"@id":"https:\/\/tajkertesz.com\/#\/schema\/logo\/image\/"},"sameAs":["https:\/\/www.facebook.com\/Tajkertesz\/"]}]}},"_links":{"self":[{"href":"https:\/\/tajkertesz.com\/en_US\/wp-json\/wp\/v2\/product\/16838","targetHints":{"allow":["GET"]}}],"collection":[{"href":"https:\/\/tajkertesz.com\/en_US\/wp-json\/wp\/v2\/product"}],"about":[{"href":"https:\/\/tajkertesz.com\/en_US\/wp-json\/wp\/v2\/types\/product"}],"wp:featuredmedia":[{"embeddable":true,"href":"https:\/\/tajkertesz.com\/en_US\/wp-json\/wp\/v2\/media\/16840"}],"wp:attachment":[{"href":"https:\/\/tajkertesz.com\/en_US\/wp-json\/wp\/v2\/media?parent=16838"}],"wp:term":[{"taxonomy":"product_brand","embeddable":true,"href":"https:\/\/tajkertesz.com\/en_US\/wp-json\/wp\/v2\/product_brand?post=16838"},{"taxonomy":"product_cat","embeddable":true,"href":"https:\/\/tajkertesz.com\/en_US\/wp-json\/wp\/v2\/product_cat?post=16838"},{"taxonomy":"product_tag","embeddable":true,"href":"https:\/\/tajkertesz.com\/en_US\/wp-json\/wp\/v2\/product_tag?post=16838"}],"curies":[{"name":"wp","href":"https:\/\/api.w.org\/{rel}","templated":true}]}}